{"id":50461,"date":"2023-11-19T09:43:31","date_gmt":"2023-11-19T07:43:31","guid":{"rendered":"http:\/\/aureliusjewelry.com\/product\/boucles-doreilles-avec-diamant-poivre-et-sel-de-forme-ronde-et-diamants-marquise\/"},"modified":"2026-03-19T19:35:21","modified_gmt":"2026-03-19T17:35:21","slug":"boucles-doreilles-avec-diamant-poivre-et-sel-de-forme-ronde-et-diamants-marquise","status":"publish","type":"product","link":"https:\/\/aureliusjewelry.com\/fr\/boucles-doreilles-avec-diamant-poivre-et-sel-de-forme-ronde-et-diamants-marquise\/","title":{"rendered":"Boucles d&rsquo;oreilles avec diamant poivre et sel de forme ronde et diamants marquise"},"content":{"rendered":"<p><strong>Des pierres<\/strong><\/p>\n<ul>\n<li>diamants ronds sel et poivre<\/li>\n<li>environ. 5mm (2)<\/li>\n<li>diamants marquises<\/li>\n<li>environ. 8mm (6)<\/li>\n<li>Couleur F\/G, clart\u00e9 VS, sans conflit<\/li>\n<\/ul>\n<p><strong>Mesures et mat\u00e9riau des boucles d&rsquo;oreilles<\/strong><\/p>\n<ul>\n<li>environ. 5.5mm<\/li>\n<li>disponible en or jaune, blanc ou rose 14 carats<\/li>\n<\/ul>\n","protected":false},"excerpt":{"rendered":"<p>Nous sommes absolument s\u00e9duits par ces boucles d\u2019oreilles rondes sel et poivre et diamant marquise blanc. Il s\u2019agit d\u2019une belle collaboration de diamants taille brillant inclus et de diamants blancs clairs. Les pierres lat\u00e9rales marquise conf\u00e8rent au design une subtile sensation florale et transforment les clous en petites fleurs bourgeonnantes. Elles offrent un \u00e9clat incroyable et sont faciles \u00e0 porter jour apr\u00e8s jour.<\/p>\n","protected":false},"featured_media":42347,"comment_status":"open","ping_status":"closed","template":"","meta":[],"product_brand":[],"product_cat":[943,1081,945],"product_tag":[981,978,989],"class_list":{"0":"post-50461","1":"product","2":"type-product","3":"status-publish","4":"has-post-thumbnail","6":"product_cat-bijouterie-fine","7":"product_cat-boucles-doreilles-diamant-sel-et-poivre","8":"product_cat-boucles-doreilles","9":"product_tag-diamant-sel-et-poivre","10":"product_tag-rond","11":"product_tag-temps_de_production_3_5","13":"first","14":"onbackorder","15":"sold-individually","16":"taxable","17":"shipping-taxable","18":"purchasable","19":"product-type-variable"},"yoast_head":"<title>Boucles d&#039;oreilles avec diamant poivre et sel de forme ronde et diamants marquise - Aurelius Jewelry<\/title>\n<meta name=\"robots\" content=\"index, follow, max-snippet:-1, max-image-preview:large, max-video-preview:-1\" \/>\n<link rel=\"canonical\" href=\"https:\/\/aureliusjewelry.com\/fr\/boucles-doreilles-avec-diamant-poivre-et-sel-de-forme-ronde-et-diamants-marquise\/\" \/>\n<meta property=\"og:locale\" content=\"fr_FR\" \/>\n<meta property=\"og:type\" content=\"article\" \/>\n<meta property=\"og:title\" content=\"Boucles d&#039;oreilles avec diamant poivre et sel de forme ronde et diamants marquise - Aurelius Jewelry\" \/>\n<meta property=\"og:description\" content=\"%\" \/>\n<meta property=\"og:url\" content=\"https:\/\/aureliusjewelry.com\/fr\/boucles-doreilles-avec-diamant-poivre-et-sel-de-forme-ronde-et-diamants-marquise\/\" \/>\n<meta property=\"og:site_name\" content=\"Aurelius Jewelry\" \/>\n<meta property=\"article:publisher\" content=\"https:\/\/www.facebook.com\/AureliusJewelry\/\" \/>\n<meta property=\"article:modified_time\" content=\"2026-03-19T17:35:21+00:00\" \/>\n<meta property=\"og:image\" content=\"https:\/\/aureliusjewelry.com\/wp-content\/uploads\/salt-and-pepper-diamond-earrings-14k-rose-gold.jpg\" \/>\n\t<meta property=\"og:image:width\" content=\"1920\" \/>\n\t<meta property=\"og:image:height\" content=\"1440\" \/>\n\t<meta property=\"og:image:type\" content=\"image\/jpeg\" \/>\n<meta name=\"twitter:card\" content=\"summary_large_image\" \/>\n<meta name=\"twitter:site\" content=\"@AureliusJewelry\" \/>\n<script type=\"application\/ld+json\" class=\"yoast-schema-graph\">{\"@context\":\"https:\\\/\\\/schema.org\",\"@graph\":[{\"@type\":\"WebPage\",\"@id\":\"https:\\\/\\\/aureliusjewelry.com\\\/fr\\\/boucles-doreilles-avec-diamant-poivre-et-sel-de-forme-ronde-et-diamants-marquise\\\/\",\"url\":\"https:\\\/\\\/aureliusjewelry.com\\\/fr\\\/boucles-doreilles-avec-diamant-poivre-et-sel-de-forme-ronde-et-diamants-marquise\\\/\",\"name\":\"Boucles d'oreilles avec diamant poivre et sel de forme ronde et diamants marquise - Aurelius Jewelry\",\"isPartOf\":{\"@id\":\"https:\\\/\\\/aureliusjewelry.com\\\/fr\\\/#website\"},\"primaryImageOfPage\":{\"@id\":\"https:\\\/\\\/aureliusjewelry.com\\\/fr\\\/boucles-doreilles-avec-diamant-poivre-et-sel-de-forme-ronde-et-diamants-marquise\\\/#primaryimage\"},\"image\":{\"@id\":\"https:\\\/\\\/aureliusjewelry.com\\\/fr\\\/boucles-doreilles-avec-diamant-poivre-et-sel-de-forme-ronde-et-diamants-marquise\\\/#primaryimage\"},\"thumbnailUrl\":\"https:\\\/\\\/aureliusjewelry.com\\\/wp-content\\\/uploads\\\/salt-and-pepper-diamond-earrings-14k-rose-gold.jpg\",\"datePublished\":\"2023-11-19T07:43:31+00:00\",\"dateModified\":\"2026-03-19T17:35:21+00:00\",\"breadcrumb\":{\"@id\":\"https:\\\/\\\/aureliusjewelry.com\\\/fr\\\/boucles-doreilles-avec-diamant-poivre-et-sel-de-forme-ronde-et-diamants-marquise\\\/#breadcrumb\"},\"inLanguage\":\"fr-FR\",\"potentialAction\":[{\"@type\":\"ReadAction\",\"target\":[\"https:\\\/\\\/aureliusjewelry.com\\\/fr\\\/boucles-doreilles-avec-diamant-poivre-et-sel-de-forme-ronde-et-diamants-marquise\\\/\"]}]},{\"@type\":\"ImageObject\",\"inLanguage\":\"fr-FR\",\"@id\":\"https:\\\/\\\/aureliusjewelry.com\\\/fr\\\/boucles-doreilles-avec-diamant-poivre-et-sel-de-forme-ronde-et-diamants-marquise\\\/#primaryimage\",\"url\":\"https:\\\/\\\/aureliusjewelry.com\\\/wp-content\\\/uploads\\\/salt-and-pepper-diamond-earrings-14k-rose-gold.jpg\",\"contentUrl\":\"https:\\\/\\\/aureliusjewelry.com\\\/wp-content\\\/uploads\\\/salt-and-pepper-diamond-earrings-14k-rose-gold.jpg\",\"width\":1920,\"height\":1440},{\"@type\":\"BreadcrumbList\",\"@id\":\"https:\\\/\\\/aureliusjewelry.com\\\/fr\\\/boucles-doreilles-avec-diamant-poivre-et-sel-de-forme-ronde-et-diamants-marquise\\\/#breadcrumb\",\"itemListElement\":[{\"@type\":\"ListItem\",\"position\":1,\"name\":\"Home\",\"item\":\"https:\\\/\\\/aureliusjewelry.com\\\/fr\\\/\"},{\"@type\":\"ListItem\",\"position\":2,\"name\":\"Boutique\",\"item\":\"https:\\\/\\\/aureliusjewelry.com\\\/fr\\\/boutique\\\/\"},{\"@type\":\"ListItem\",\"position\":3,\"name\":\"Boucles d&#8217;oreilles avec diamant poivre et sel de forme ronde et diamants marquise\"}]},{\"@type\":\"WebSite\",\"@id\":\"https:\\\/\\\/aureliusjewelry.com\\\/fr\\\/#website\",\"url\":\"https:\\\/\\\/aureliusjewelry.com\\\/fr\\\/\",\"name\":\"Aurelius Jewelry\",\"description\":\"Handmade Fine Gold Jewelry\",\"publisher\":{\"@id\":\"https:\\\/\\\/aureliusjewelry.com\\\/fr\\\/#organization\"},\"potentialAction\":[{\"@type\":\"SearchAction\",\"target\":{\"@type\":\"EntryPoint\",\"urlTemplate\":\"https:\\\/\\\/aureliusjewelry.com\\\/fr\\\/?s={search_term_string}\"},\"query-input\":{\"@type\":\"PropertyValueSpecification\",\"valueRequired\":true,\"valueName\":\"search_term_string\"}}],\"inLanguage\":\"fr-FR\"},{\"@type\":\"Organization\",\"@id\":\"https:\\\/\\\/aureliusjewelry.com\\\/fr\\\/#organization\",\"name\":\"Aurelius Jewelry\",\"url\":\"https:\\\/\\\/aureliusjewelry.com\\\/fr\\\/\",\"logo\":{\"@type\":\"ImageObject\",\"inLanguage\":\"fr-FR\",\"@id\":\"https:\\\/\\\/aureliusjewelry.com\\\/fr\\\/#\\\/schema\\\/logo\\\/image\\\/\",\"url\":\"https:\\\/\\\/aureliusjewelry.com\\\/wp-content\\\/uploads\\\/logo.png\",\"contentUrl\":\"https:\\\/\\\/aureliusjewelry.com\\\/wp-content\\\/uploads\\\/logo.png\",\"width\":400,\"height\":64,\"caption\":\"Aurelius Jewelry\"},\"image\":{\"@id\":\"https:\\\/\\\/aureliusjewelry.com\\\/fr\\\/#\\\/schema\\\/logo\\\/image\\\/\"},\"sameAs\":[\"https:\\\/\\\/www.facebook.com\\\/AureliusJewelry\\\/\",\"https:\\\/\\\/x.com\\\/AureliusJewelry\",\"https:\\\/\\\/instagram.com\\\/aureliusjewelry\",\"https:\\\/\\\/www.pinterest.com\\\/AureliusJewelry\\\/\"],\"email\":\"info@aureliusjewelry.com\",\"foundingDate\":\"2018-10-01\",\"vatID\":\"SI10391070\",\"hasMerchantReturnPolicy\":{\"@type\":\"MerchantReturnPolicy\",\"merchantReturnLink\":\"https:\\\/\\\/aureliusjewelry.com\\\/our-policies\\\/terms-conditions\\\/\"}}]}<\/script>\n<meta property=\"og:availability\" content=\"backorder\" \/>\n<meta property=\"product:availability\" content=\"available for order\" \/>\n<meta property=\"product:retailer_item_id\" content=\"42343\" \/>\n<meta property=\"product:condition\" content=\"new\" \/>","yoast_head_json":{"title":"Boucles d'oreilles avec diamant poivre et sel de forme ronde et diamants marquise - Aurelius Jewelry","robots":{"index":"index","follow":"follow","max-snippet":"max-snippet:-1","max-image-preview":"max-image-preview:large","max-video-preview":"max-video-preview:-1"},"canonical":"https:\/\/aureliusjewelry.com\/fr\/boucles-doreilles-avec-diamant-poivre-et-sel-de-forme-ronde-et-diamants-marquise\/","og_locale":"fr_FR","og_type":"article","og_title":"Boucles d'oreilles avec diamant poivre et sel de forme ronde et diamants marquise - Aurelius Jewelry","og_description":"%","og_url":"https:\/\/aureliusjewelry.com\/fr\/boucles-doreilles-avec-diamant-poivre-et-sel-de-forme-ronde-et-diamants-marquise\/","og_site_name":"Aurelius Jewelry","article_publisher":"https:\/\/www.facebook.com\/AureliusJewelry\/","article_modified_time":"2026-03-19T17:35:21+00:00","og_image":[{"width":1920,"height":1440,"url":"https:\/\/aureliusjewelry.com\/wp-content\/uploads\/salt-and-pepper-diamond-earrings-14k-rose-gold.jpg","type":"image\/jpeg"}],"twitter_card":"summary_large_image","twitter_site":"@AureliusJewelry","schema":{"@context":"https:\/\/schema.org","@graph":[{"@type":"WebPage","@id":"https:\/\/aureliusjewelry.com\/fr\/boucles-doreilles-avec-diamant-poivre-et-sel-de-forme-ronde-et-diamants-marquise\/","url":"https:\/\/aureliusjewelry.com\/fr\/boucles-doreilles-avec-diamant-poivre-et-sel-de-forme-ronde-et-diamants-marquise\/","name":"Boucles d'oreilles avec diamant poivre et sel de forme ronde et diamants marquise - Aurelius Jewelry","isPartOf":{"@id":"https:\/\/aureliusjewelry.com\/fr\/#website"},"primaryImageOfPage":{"@id":"https:\/\/aureliusjewelry.com\/fr\/boucles-doreilles-avec-diamant-poivre-et-sel-de-forme-ronde-et-diamants-marquise\/#primaryimage"},"image":{"@id":"https:\/\/aureliusjewelry.com\/fr\/boucles-doreilles-avec-diamant-poivre-et-sel-de-forme-ronde-et-diamants-marquise\/#primaryimage"},"thumbnailUrl":"https:\/\/aureliusjewelry.com\/wp-content\/uploads\/salt-and-pepper-diamond-earrings-14k-rose-gold.jpg","datePublished":"2023-11-19T07:43:31+00:00","dateModified":"2026-03-19T17:35:21+00:00","breadcrumb":{"@id":"https:\/\/aureliusjewelry.com\/fr\/boucles-doreilles-avec-diamant-poivre-et-sel-de-forme-ronde-et-diamants-marquise\/#breadcrumb"},"inLanguage":"fr-FR","potentialAction":[{"@type":"ReadAction","target":["https:\/\/aureliusjewelry.com\/fr\/boucles-doreilles-avec-diamant-poivre-et-sel-de-forme-ronde-et-diamants-marquise\/"]}]},{"@type":"ImageObject","inLanguage":"fr-FR","@id":"https:\/\/aureliusjewelry.com\/fr\/boucles-doreilles-avec-diamant-poivre-et-sel-de-forme-ronde-et-diamants-marquise\/#primaryimage","url":"https:\/\/aureliusjewelry.com\/wp-content\/uploads\/salt-and-pepper-diamond-earrings-14k-rose-gold.jpg","contentUrl":"https:\/\/aureliusjewelry.com\/wp-content\/uploads\/salt-and-pepper-diamond-earrings-14k-rose-gold.jpg","width":1920,"height":1440},{"@type":"BreadcrumbList","@id":"https:\/\/aureliusjewelry.com\/fr\/boucles-doreilles-avec-diamant-poivre-et-sel-de-forme-ronde-et-diamants-marquise\/#breadcrumb","itemListElement":[{"@type":"ListItem","position":1,"name":"Home","item":"https:\/\/aureliusjewelry.com\/fr\/"},{"@type":"ListItem","position":2,"name":"Boutique","item":"https:\/\/aureliusjewelry.com\/fr\/boutique\/"},{"@type":"ListItem","position":3,"name":"Boucles d&#8217;oreilles avec diamant poivre et sel de forme ronde et diamants marquise"}]},{"@type":"WebSite","@id":"https:\/\/aureliusjewelry.com\/fr\/#website","url":"https:\/\/aureliusjewelry.com\/fr\/","name":"Aurelius Jewelry","description":"Handmade Fine Gold Jewelry","publisher":{"@id":"https:\/\/aureliusjewelry.com\/fr\/#organization"},"potentialAction":[{"@type":"SearchAction","target":{"@type":"EntryPoint","urlTemplate":"https:\/\/aureliusjewelry.com\/fr\/?s={search_term_string}"},"query-input":{"@type":"PropertyValueSpecification","valueRequired":true,"valueName":"search_term_string"}}],"inLanguage":"fr-FR"},{"@type":"Organization","@id":"https:\/\/aureliusjewelry.com\/fr\/#organization","name":"Aurelius Jewelry","url":"https:\/\/aureliusjewelry.com\/fr\/","logo":{"@type":"ImageObject","inLanguage":"fr-FR","@id":"https:\/\/aureliusjewelry.com\/fr\/#\/schema\/logo\/image\/","url":"https:\/\/aureliusjewelry.com\/wp-content\/uploads\/logo.png","contentUrl":"https:\/\/aureliusjewelry.com\/wp-content\/uploads\/logo.png","width":400,"height":64,"caption":"Aurelius Jewelry"},"image":{"@id":"https:\/\/aureliusjewelry.com\/fr\/#\/schema\/logo\/image\/"},"sameAs":["https:\/\/www.facebook.com\/AureliusJewelry\/","https:\/\/x.com\/AureliusJewelry","https:\/\/instagram.com\/aureliusjewelry","https:\/\/www.pinterest.com\/AureliusJewelry\/"],"email":"info@aureliusjewelry.com","foundingDate":"2018-10-01","vatID":"SI10391070","hasMerchantReturnPolicy":{"@type":"MerchantReturnPolicy","merchantReturnLink":"https:\/\/aureliusjewelry.com\/our-policies\/terms-conditions\/"}}]},"og_availability":"backorder","product_availability":"available for order","product_retailer_item_id":"42343","product_condition":"new"},"_links":{"self":[{"href":"https:\/\/aureliusjewelry.com\/fr\/wp-json\/wp\/v2\/product\/50461","targetHints":{"allow":["GET"]}}],"collection":[{"href":"https:\/\/aureliusjewelry.com\/fr\/wp-json\/wp\/v2\/product"}],"about":[{"href":"https:\/\/aureliusjewelry.com\/fr\/wp-json\/wp\/v2\/types\/product"}],"replies":[{"embeddable":true,"href":"https:\/\/aureliusjewelry.com\/fr\/wp-json\/wp\/v2\/comments?post=50461"}],"wp:featuredmedia":[{"embeddable":true,"href":"https:\/\/aureliusjewelry.com\/fr\/wp-json\/wp\/v2\/media\/42347"}],"wp:attachment":[{"href":"https:\/\/aureliusjewelry.com\/fr\/wp-json\/wp\/v2\/media?parent=50461"}],"wp:term":[{"taxonomy":"product_brand","embeddable":true,"href":"https:\/\/aureliusjewelry.com\/fr\/wp-json\/wp\/v2\/product_brand?post=50461"},{"taxonomy":"product_cat","embeddable":true,"href":"https:\/\/aureliusjewelry.com\/fr\/wp-json\/wp\/v2\/product_cat?post=50461"},{"taxonomy":"product_tag","embeddable":true,"href":"https:\/\/aureliusjewelry.com\/fr\/wp-json\/wp\/v2\/product_tag?post=50461"}],"curies":[{"name":"wp","href":"https:\/\/api.w.org\/{rel}","templated":true}]}}