{"id":50353,"date":"2023-11-05T12:21:51","date_gmt":"2023-11-05T10:21:51","guid":{"rendered":"http:\/\/aureliusjewelry.com\/product\/bague-de-fiancailles-hexagonale-en-agate-mousse-et-marquise-avec-petite-bande-a-chevrons-paves-dans-un-ensemble-complet-dalliances\/"},"modified":"2026-04-14T07:24:51","modified_gmt":"2026-04-14T05:24:51","slug":"bague-de-fiancailles-hexagonale-en-agate-mousse-et-marquise-avec-petite-bande-a-chevrons-paves-dans-un-ensemble-complet-dalliances","status":"publish","type":"product","link":"https:\/\/aureliusjewelry.com\/fr\/bague-de-fiancailles-hexagonale-en-agate-mousse-et-marquise-avec-petite-bande-a-chevrons-paves-dans-un-ensemble-complet-dalliances\/","title":{"rendered":"Bague de fian\u00e7ailles hexagonale en agate mousse et aigue-marine avec petite bande \u00e0 chevrons pav\u00e9s dans un ensemble complet d&rsquo;alliances"},"content":{"rendered":"<p><strong>Bague de fian\u00e7ailles<\/strong><\/p>\n<ul>\n<li style=\"list-style-type: none;\">\n<ul>\n<li>agate mousse hexagonale<\/li>\n<li>environ. 8x7mm<\/li>\n<li>aigue-marine rondes<\/li>\n<li>environ. 1.75mm (2),1.5mm (2)<\/li>\n<li>Couleur F\/G, clart\u00e9 VS, sans conflit<\/li>\n<li>diamants marquise et ronds<\/li>\n<li>environ. 3&#215;1.5mm (2), 1.25mm (4)<\/li>\n<li>Couleur F\/G, clart\u00e9 VS, sans conflit<\/li>\n<\/ul>\n<\/li>\n<\/ul>\n<p><strong>Alliance de mariage<\/strong><\/p>\n<ul>\n<li style=\"list-style-type: none;\">\n<ul>\n<li style=\"list-style-type: none;\">\n<ul>\n<li>diamants ronds<\/li>\n<li>environ. 1.25mm, 1mm (14)<\/li>\n<li>Couleur F\/G, clart\u00e9 VS, sans conflit<\/li>\n<\/ul>\n<\/li>\n<\/ul>\n<\/li>\n<\/ul>\n<p><strong>Mesures et mat\u00e9riau du bracelet<\/strong><\/p>\n<ul>\n<li style=\"list-style-type: none;\">\n<ul>\n<li>1.5mm large, 1.6mm \u00e9pais<\/li>\n<li>disponible en or jaune, blanc ou rose 14 carats\/18 carats et platine<\/li>\n<li>Taille de bague am\u00e9ricaine 3-9, tailles plus petites ou plus grandes disponibles sur demande<\/li>\n<\/ul>\n<\/li>\n<\/ul>\n","protected":false},"excerpt":{"rendered":"<p>L&rsquo;ambiance printani\u00e8re est forte avec celui-ci ! Cette belle et vivante agate mousse hexagonale repose sur une bande entre de petits diamants ronds et marquise taille brillant et des aigues-marines. Quinze petits diamants ont \u00e9t\u00e9 sertis en pav\u00e9 sur la bande \u00e0 chevrons qui a \u00e9t\u00e9 intentionnellement con\u00e7ue pour para\u00eetre d\u00e9licate et fine au doigt. Il compl\u00e8te la bague de fian\u00e7ailles mais ne vole pas la vedette.<\/p>\n","protected":false},"featured_media":41714,"comment_status":"open","ping_status":"closed","template":"","meta":[],"product_brand":[],"product_cat":[1114,1476,896,939,908,902],"product_tag":[969,991,992,958,989],"class_list":{"0":"post-50353","1":"product","2":"type-product","3":"status-publish","4":"has-post-thumbnail","6":"product_cat-bague-de-mariage-en-agate-mousse","7":"product_cat-bague-de-mariage-en-deux-parties","8":"product_cat-bagues","9":"product_cat-ensembles-dalliances","10":"product_cat-paire","11":"product_cat-singularite","12":"product_tag-agate-mousse","13":"product_tag-bague-tag","14":"product_tag-bagues-tag","15":"product_tag-hexagone","16":"product_tag-temps_de_production_3_5","18":"first","19":"onbackorder","20":"sold-individually","21":"taxable","22":"shipping-taxable","23":"purchasable","24":"product-type-variable"},"yoast_head":"<title>Bague de fian\u00e7ailles hexagonale en agate mousse et aigue-marine avec petite bande \u00e0 chevrons pav\u00e9s dans un ensemble complet d&#039;alliances - Aurelius Jewelry<\/title>\n<meta name=\"robots\" content=\"index, follow, max-snippet:-1, max-image-preview:large, max-video-preview:-1\" \/>\n<link rel=\"canonical\" href=\"https:\/\/aureliusjewelry.com\/fr\/bague-de-fiancailles-hexagonale-en-agate-mousse-et-marquise-avec-petite-bande-a-chevrons-paves-dans-un-ensemble-complet-dalliances\/\" \/>\n<meta property=\"og:locale\" content=\"fr_FR\" \/>\n<meta property=\"og:type\" content=\"article\" \/>\n<meta property=\"og:title\" content=\"Bague de fian\u00e7ailles hexagonale en agate mousse et aigue-marine avec petite bande \u00e0 chevrons pav\u00e9s dans un ensemble complet d&#039;alliances - Aurelius Jewelry\" \/>\n<meta property=\"og:description\" content=\"%\" \/>\n<meta property=\"og:url\" content=\"https:\/\/aureliusjewelry.com\/fr\/bague-de-fiancailles-hexagonale-en-agate-mousse-et-marquise-avec-petite-bande-a-chevrons-paves-dans-un-ensemble-complet-dalliances\/\" \/>\n<meta property=\"og:site_name\" content=\"Aurelius Jewelry\" \/>\n<meta property=\"article:publisher\" content=\"https:\/\/www.facebook.com\/AureliusJewelry\/\" \/>\n<meta property=\"article:modified_time\" content=\"2026-04-14T05:24:51+00:00\" \/>\n<meta property=\"og:image\" content=\"https:\/\/aureliusjewelry.com\/wp-content\/uploads\/rose-gold-hexagon-moss-agate-aquamarine-cluster-ring-set.jpg\" \/>\n\t<meta property=\"og:image:width\" content=\"1920\" \/>\n\t<meta property=\"og:image:height\" content=\"1440\" \/>\n\t<meta property=\"og:image:type\" content=\"image\/jpeg\" \/>\n<meta name=\"twitter:card\" content=\"summary_large_image\" \/>\n<meta name=\"twitter:site\" content=\"@AureliusJewelry\" \/>\n<script type=\"application\/ld+json\" class=\"yoast-schema-graph\">{\"@context\":\"https:\\\/\\\/schema.org\",\"@graph\":[{\"@type\":\"WebPage\",\"@id\":\"https:\\\/\\\/aureliusjewelry.com\\\/fr\\\/bague-de-fiancailles-hexagonale-en-agate-mousse-et-marquise-avec-petite-bande-a-chevrons-paves-dans-un-ensemble-complet-dalliances\\\/\",\"url\":\"https:\\\/\\\/aureliusjewelry.com\\\/fr\\\/bague-de-fiancailles-hexagonale-en-agate-mousse-et-marquise-avec-petite-bande-a-chevrons-paves-dans-un-ensemble-complet-dalliances\\\/\",\"name\":\"Bague de fian\u00e7ailles hexagonale en agate mousse et aigue-marine avec petite bande \u00e0 chevrons pav\u00e9s dans un ensemble complet d'alliances - Aurelius Jewelry\",\"isPartOf\":{\"@id\":\"https:\\\/\\\/aureliusjewelry.com\\\/fr\\\/#website\"},\"primaryImageOfPage\":{\"@id\":\"https:\\\/\\\/aureliusjewelry.com\\\/fr\\\/bague-de-fiancailles-hexagonale-en-agate-mousse-et-marquise-avec-petite-bande-a-chevrons-paves-dans-un-ensemble-complet-dalliances\\\/#primaryimage\"},\"image\":{\"@id\":\"https:\\\/\\\/aureliusjewelry.com\\\/fr\\\/bague-de-fiancailles-hexagonale-en-agate-mousse-et-marquise-avec-petite-bande-a-chevrons-paves-dans-un-ensemble-complet-dalliances\\\/#primaryimage\"},\"thumbnailUrl\":\"https:\\\/\\\/aureliusjewelry.com\\\/wp-content\\\/uploads\\\/rose-gold-hexagon-moss-agate-aquamarine-cluster-ring-set.jpg\",\"datePublished\":\"2023-11-05T10:21:51+00:00\",\"dateModified\":\"2026-04-14T05:24:51+00:00\",\"breadcrumb\":{\"@id\":\"https:\\\/\\\/aureliusjewelry.com\\\/fr\\\/bague-de-fiancailles-hexagonale-en-agate-mousse-et-marquise-avec-petite-bande-a-chevrons-paves-dans-un-ensemble-complet-dalliances\\\/#breadcrumb\"},\"inLanguage\":\"fr-FR\",\"potentialAction\":[{\"@type\":\"ReadAction\",\"target\":[\"https:\\\/\\\/aureliusjewelry.com\\\/fr\\\/bague-de-fiancailles-hexagonale-en-agate-mousse-et-marquise-avec-petite-bande-a-chevrons-paves-dans-un-ensemble-complet-dalliances\\\/\"]}]},{\"@type\":\"ImageObject\",\"inLanguage\":\"fr-FR\",\"@id\":\"https:\\\/\\\/aureliusjewelry.com\\\/fr\\\/bague-de-fiancailles-hexagonale-en-agate-mousse-et-marquise-avec-petite-bande-a-chevrons-paves-dans-un-ensemble-complet-dalliances\\\/#primaryimage\",\"url\":\"https:\\\/\\\/aureliusjewelry.com\\\/wp-content\\\/uploads\\\/rose-gold-hexagon-moss-agate-aquamarine-cluster-ring-set.jpg\",\"contentUrl\":\"https:\\\/\\\/aureliusjewelry.com\\\/wp-content\\\/uploads\\\/rose-gold-hexagon-moss-agate-aquamarine-cluster-ring-set.jpg\",\"width\":1920,\"height\":1440},{\"@type\":\"BreadcrumbList\",\"@id\":\"https:\\\/\\\/aureliusjewelry.com\\\/fr\\\/bague-de-fiancailles-hexagonale-en-agate-mousse-et-marquise-avec-petite-bande-a-chevrons-paves-dans-un-ensemble-complet-dalliances\\\/#breadcrumb\",\"itemListElement\":[{\"@type\":\"ListItem\",\"position\":1,\"name\":\"Home\",\"item\":\"https:\\\/\\\/aureliusjewelry.com\\\/fr\\\/\"},{\"@type\":\"ListItem\",\"position\":2,\"name\":\"Boutique\",\"item\":\"https:\\\/\\\/aureliusjewelry.com\\\/fr\\\/boutique\\\/\"},{\"@type\":\"ListItem\",\"position\":3,\"name\":\"Bague de fian\u00e7ailles hexagonale en agate mousse et aigue-marine avec petite bande \u00e0 chevrons pav\u00e9s dans un ensemble complet d&rsquo;alliances\"}]},{\"@type\":\"WebSite\",\"@id\":\"https:\\\/\\\/aureliusjewelry.com\\\/fr\\\/#website\",\"url\":\"https:\\\/\\\/aureliusjewelry.com\\\/fr\\\/\",\"name\":\"Aurelius Jewelry\",\"description\":\"Handmade Fine Gold Jewelry\",\"publisher\":{\"@id\":\"https:\\\/\\\/aureliusjewelry.com\\\/fr\\\/#organization\"},\"potentialAction\":[{\"@type\":\"SearchAction\",\"target\":{\"@type\":\"EntryPoint\",\"urlTemplate\":\"https:\\\/\\\/aureliusjewelry.com\\\/fr\\\/?s={search_term_string}\"},\"query-input\":{\"@type\":\"PropertyValueSpecification\",\"valueRequired\":true,\"valueName\":\"search_term_string\"}}],\"inLanguage\":\"fr-FR\"},{\"@type\":\"Organization\",\"@id\":\"https:\\\/\\\/aureliusjewelry.com\\\/fr\\\/#organization\",\"name\":\"Aurelius Jewelry\",\"url\":\"https:\\\/\\\/aureliusjewelry.com\\\/fr\\\/\",\"logo\":{\"@type\":\"ImageObject\",\"inLanguage\":\"fr-FR\",\"@id\":\"https:\\\/\\\/aureliusjewelry.com\\\/fr\\\/#\\\/schema\\\/logo\\\/image\\\/\",\"url\":\"https:\\\/\\\/aureliusjewelry.com\\\/wp-content\\\/uploads\\\/logo.png\",\"contentUrl\":\"https:\\\/\\\/aureliusjewelry.com\\\/wp-content\\\/uploads\\\/logo.png\",\"width\":400,\"height\":64,\"caption\":\"Aurelius Jewelry\"},\"image\":{\"@id\":\"https:\\\/\\\/aureliusjewelry.com\\\/fr\\\/#\\\/schema\\\/logo\\\/image\\\/\"},\"sameAs\":[\"https:\\\/\\\/www.facebook.com\\\/AureliusJewelry\\\/\",\"https:\\\/\\\/x.com\\\/AureliusJewelry\",\"https:\\\/\\\/instagram.com\\\/aureliusjewelry\",\"https:\\\/\\\/www.pinterest.com\\\/AureliusJewelry\\\/\"],\"email\":\"info@aureliusjewelry.com\",\"foundingDate\":\"2018-10-01\",\"vatID\":\"SI10391070\",\"hasMerchantReturnPolicy\":{\"@type\":\"MerchantReturnPolicy\",\"merchantReturnLink\":\"https:\\\/\\\/aureliusjewelry.com\\\/our-policies\\\/terms-conditions\\\/\"}}]}<\/script>\n<meta property=\"og:availability\" content=\"backorder\" \/>\n<meta property=\"product:availability\" content=\"available for order\" \/>\n<meta property=\"product:retailer_item_id\" content=\"41703\" \/>\n<meta property=\"product:condition\" content=\"new\" \/>","yoast_head_json":{"title":"Bague de fian\u00e7ailles hexagonale en agate mousse et aigue-marine avec petite bande \u00e0 chevrons pav\u00e9s dans un ensemble complet d'alliances - Aurelius Jewelry","robots":{"index":"index","follow":"follow","max-snippet":"max-snippet:-1","max-image-preview":"max-image-preview:large","max-video-preview":"max-video-preview:-1"},"canonical":"https:\/\/aureliusjewelry.com\/fr\/bague-de-fiancailles-hexagonale-en-agate-mousse-et-marquise-avec-petite-bande-a-chevrons-paves-dans-un-ensemble-complet-dalliances\/","og_locale":"fr_FR","og_type":"article","og_title":"Bague de fian\u00e7ailles hexagonale en agate mousse et aigue-marine avec petite bande \u00e0 chevrons pav\u00e9s dans un ensemble complet d'alliances - Aurelius Jewelry","og_description":"%","og_url":"https:\/\/aureliusjewelry.com\/fr\/bague-de-fiancailles-hexagonale-en-agate-mousse-et-marquise-avec-petite-bande-a-chevrons-paves-dans-un-ensemble-complet-dalliances\/","og_site_name":"Aurelius Jewelry","article_publisher":"https:\/\/www.facebook.com\/AureliusJewelry\/","article_modified_time":"2026-04-14T05:24:51+00:00","og_image":[{"width":1920,"height":1440,"url":"https:\/\/aureliusjewelry.com\/wp-content\/uploads\/rose-gold-hexagon-moss-agate-aquamarine-cluster-ring-set.jpg","type":"image\/jpeg"}],"twitter_card":"summary_large_image","twitter_site":"@AureliusJewelry","schema":{"@context":"https:\/\/schema.org","@graph":[{"@type":"WebPage","@id":"https:\/\/aureliusjewelry.com\/fr\/bague-de-fiancailles-hexagonale-en-agate-mousse-et-marquise-avec-petite-bande-a-chevrons-paves-dans-un-ensemble-complet-dalliances\/","url":"https:\/\/aureliusjewelry.com\/fr\/bague-de-fiancailles-hexagonale-en-agate-mousse-et-marquise-avec-petite-bande-a-chevrons-paves-dans-un-ensemble-complet-dalliances\/","name":"Bague de fian\u00e7ailles hexagonale en agate mousse et aigue-marine avec petite bande \u00e0 chevrons pav\u00e9s dans un ensemble complet d'alliances - Aurelius Jewelry","isPartOf":{"@id":"https:\/\/aureliusjewelry.com\/fr\/#website"},"primaryImageOfPage":{"@id":"https:\/\/aureliusjewelry.com\/fr\/bague-de-fiancailles-hexagonale-en-agate-mousse-et-marquise-avec-petite-bande-a-chevrons-paves-dans-un-ensemble-complet-dalliances\/#primaryimage"},"image":{"@id":"https:\/\/aureliusjewelry.com\/fr\/bague-de-fiancailles-hexagonale-en-agate-mousse-et-marquise-avec-petite-bande-a-chevrons-paves-dans-un-ensemble-complet-dalliances\/#primaryimage"},"thumbnailUrl":"https:\/\/aureliusjewelry.com\/wp-content\/uploads\/rose-gold-hexagon-moss-agate-aquamarine-cluster-ring-set.jpg","datePublished":"2023-11-05T10:21:51+00:00","dateModified":"2026-04-14T05:24:51+00:00","breadcrumb":{"@id":"https:\/\/aureliusjewelry.com\/fr\/bague-de-fiancailles-hexagonale-en-agate-mousse-et-marquise-avec-petite-bande-a-chevrons-paves-dans-un-ensemble-complet-dalliances\/#breadcrumb"},"inLanguage":"fr-FR","potentialAction":[{"@type":"ReadAction","target":["https:\/\/aureliusjewelry.com\/fr\/bague-de-fiancailles-hexagonale-en-agate-mousse-et-marquise-avec-petite-bande-a-chevrons-paves-dans-un-ensemble-complet-dalliances\/"]}]},{"@type":"ImageObject","inLanguage":"fr-FR","@id":"https:\/\/aureliusjewelry.com\/fr\/bague-de-fiancailles-hexagonale-en-agate-mousse-et-marquise-avec-petite-bande-a-chevrons-paves-dans-un-ensemble-complet-dalliances\/#primaryimage","url":"https:\/\/aureliusjewelry.com\/wp-content\/uploads\/rose-gold-hexagon-moss-agate-aquamarine-cluster-ring-set.jpg","contentUrl":"https:\/\/aureliusjewelry.com\/wp-content\/uploads\/rose-gold-hexagon-moss-agate-aquamarine-cluster-ring-set.jpg","width":1920,"height":1440},{"@type":"BreadcrumbList","@id":"https:\/\/aureliusjewelry.com\/fr\/bague-de-fiancailles-hexagonale-en-agate-mousse-et-marquise-avec-petite-bande-a-chevrons-paves-dans-un-ensemble-complet-dalliances\/#breadcrumb","itemListElement":[{"@type":"ListItem","position":1,"name":"Home","item":"https:\/\/aureliusjewelry.com\/fr\/"},{"@type":"ListItem","position":2,"name":"Boutique","item":"https:\/\/aureliusjewelry.com\/fr\/boutique\/"},{"@type":"ListItem","position":3,"name":"Bague de fian\u00e7ailles hexagonale en agate mousse et aigue-marine avec petite bande \u00e0 chevrons pav\u00e9s dans un ensemble complet d&rsquo;alliances"}]},{"@type":"WebSite","@id":"https:\/\/aureliusjewelry.com\/fr\/#website","url":"https:\/\/aureliusjewelry.com\/fr\/","name":"Aurelius Jewelry","description":"Handmade Fine Gold Jewelry","publisher":{"@id":"https:\/\/aureliusjewelry.com\/fr\/#organization"},"potentialAction":[{"@type":"SearchAction","target":{"@type":"EntryPoint","urlTemplate":"https:\/\/aureliusjewelry.com\/fr\/?s={search_term_string}"},"query-input":{"@type":"PropertyValueSpecification","valueRequired":true,"valueName":"search_term_string"}}],"inLanguage":"fr-FR"},{"@type":"Organization","@id":"https:\/\/aureliusjewelry.com\/fr\/#organization","name":"Aurelius Jewelry","url":"https:\/\/aureliusjewelry.com\/fr\/","logo":{"@type":"ImageObject","inLanguage":"fr-FR","@id":"https:\/\/aureliusjewelry.com\/fr\/#\/schema\/logo\/image\/","url":"https:\/\/aureliusjewelry.com\/wp-content\/uploads\/logo.png","contentUrl":"https:\/\/aureliusjewelry.com\/wp-content\/uploads\/logo.png","width":400,"height":64,"caption":"Aurelius Jewelry"},"image":{"@id":"https:\/\/aureliusjewelry.com\/fr\/#\/schema\/logo\/image\/"},"sameAs":["https:\/\/www.facebook.com\/AureliusJewelry\/","https:\/\/x.com\/AureliusJewelry","https:\/\/instagram.com\/aureliusjewelry","https:\/\/www.pinterest.com\/AureliusJewelry\/"],"email":"info@aureliusjewelry.com","foundingDate":"2018-10-01","vatID":"SI10391070","hasMerchantReturnPolicy":{"@type":"MerchantReturnPolicy","merchantReturnLink":"https:\/\/aureliusjewelry.com\/our-policies\/terms-conditions\/"}}]},"og_availability":"backorder","product_availability":"available for order","product_retailer_item_id":"41703","product_condition":"new"},"_links":{"self":[{"href":"https:\/\/aureliusjewelry.com\/fr\/wp-json\/wp\/v2\/product\/50353","targetHints":{"allow":["GET"]}}],"collection":[{"href":"https:\/\/aureliusjewelry.com\/fr\/wp-json\/wp\/v2\/product"}],"about":[{"href":"https:\/\/aureliusjewelry.com\/fr\/wp-json\/wp\/v2\/types\/product"}],"replies":[{"embeddable":true,"href":"https:\/\/aureliusjewelry.com\/fr\/wp-json\/wp\/v2\/comments?post=50353"}],"wp:featuredmedia":[{"embeddable":true,"href":"https:\/\/aureliusjewelry.com\/fr\/wp-json\/wp\/v2\/media\/41714"}],"wp:attachment":[{"href":"https:\/\/aureliusjewelry.com\/fr\/wp-json\/wp\/v2\/media?parent=50353"}],"wp:term":[{"taxonomy":"product_brand","embeddable":true,"href":"https:\/\/aureliusjewelry.com\/fr\/wp-json\/wp\/v2\/product_brand?post=50353"},{"taxonomy":"product_cat","embeddable":true,"href":"https:\/\/aureliusjewelry.com\/fr\/wp-json\/wp\/v2\/product_cat?post=50353"},{"taxonomy":"product_tag","embeddable":true,"href":"https:\/\/aureliusjewelry.com\/fr\/wp-json\/wp\/v2\/product_tag?post=50353"}],"curies":[{"name":"wp","href":"https:\/\/api.w.org\/{rel}","templated":true}]}}