{"id":49881,"date":"2023-10-20T13:55:30","date_gmt":"2023-10-20T11:55:30","guid":{"rendered":"http:\/\/aureliusjewelry.com\/product\/grande-bague-de-fiancailles-en-grappe-dagate-mousse-hexagonale-avec-un-design-asymetrique\/"},"modified":"2026-04-14T07:24:56","modified_gmt":"2026-04-14T05:24:56","slug":"grande-bague-de-fiancailles-en-grappe-dagate-mousse-hexagonale-avec-un-design-asymetrique","status":"publish","type":"product","link":"https:\/\/aureliusjewelry.com\/fr\/grande-bague-de-fiancailles-en-grappe-dagate-mousse-hexagonale-avec-un-design-asymetrique\/","title":{"rendered":"Grande bague de fian\u00e7ailles en grappe d\u2019agate mousse hexagonale avec un design asym\u00e9trique"},"content":{"rendered":"<p><strong>Des pierres<\/strong><\/p>\n<ul>\n<li>agate mousse hexagonale<\/li>\n<li>environ. 8x7mm<\/li>\n<li>diamants marquise et ronds<\/li>\n<li>environ. 4x2mm (2), 1.5mm (2),1mm (2)<\/li>\n<li>Couleur F\/G, clart\u00e9 VS, sans conflit<\/li>\n<li>\u00e9meraudes rondes<\/li>\n<li>environ. 2mm (2), 1.25mm (2)<\/li>\n<\/ul>\n<p><strong>Mesures et mat\u00e9riau du bracelet<\/strong><\/p>\n<ul>\n<li>1.5mm large, 1.6mm \u00e9pais<\/li>\n<li>disponible en or jaune, blanc ou rose 14 carats\/18 carats et platine<\/li>\n<li>Taille de bague am\u00e9ricaine 3-9, tailles plus petites ou plus grandes disponibles sur demande<\/li>\n<\/ul>\n","protected":false},"excerpt":{"rendered":"<p>La bague de fian\u00e7ailles Hexagon Cluster pr\u00e9sente une agate mousse terreuse magnifiquement centr\u00e9e entre un design asym\u00e9trique de pierres lat\u00e9rales rondes et marquises. Les \u00e9meraudes correspondent parfaitement aux motifs moussus verts de la pierre centrale. Procurez-vous cette bague de fian\u00e7ailles en grappe pour votre future mari\u00e9e et ajoutez une touche de nature \u00e0 sa collection de bijoux.<\/p>\n","protected":false},"featured_media":40972,"comment_status":"open","ping_status":"closed","template":"","meta":[],"product_brand":[],"product_cat":[904,1453,1457,896,918,921,1441,1455,1484,902],"product_tag":[969,991,992,958,989],"class_list":{"0":"post-49881","1":"product","2":"type-product","3":"status-publish","4":"has-post-thumbnail","6":"product_cat-agglutine","7":"product_cat-bague-de-fiancailles-avec-accents-de-pierres-precieuses","8":"product_cat-bague-de-fiancailles-hexagonale","9":"product_cat-bagues","10":"product_cat-bagues-de-fiancailles","11":"product_cat-bagues-de-fiancailles-en-agate-mousse","12":"product_cat-bagues-de-fiancailles-en-grappe","13":"product_cat-bagues-de-fiancailles-geometriques","14":"product_cat-bagues-de-fiancailles-uniques","15":"product_cat-singularite","16":"product_tag-agate-mousse","17":"product_tag-bague-tag","18":"product_tag-bagues-tag","19":"product_tag-hexagone","20":"product_tag-temps_de_production_3_5","22":"first","23":"onbackorder","24":"sold-individually","25":"taxable","26":"shipping-taxable","27":"purchasable","28":"product-type-variable"},"yoast_head":"<title>Grande bague de fian\u00e7ailles en grappe d\u2019agate mousse hexagonale avec un design asym\u00e9trique - Aurelius Jewelry<\/title>\n<meta name=\"robots\" content=\"index, follow, max-snippet:-1, max-image-preview:large, max-video-preview:-1\" \/>\n<link rel=\"canonical\" href=\"https:\/\/aureliusjewelry.com\/fr\/grande-bague-de-fiancailles-en-grappe-dagate-mousse-hexagonale-avec-un-design-asymetrique\/\" \/>\n<meta property=\"og:locale\" content=\"fr_FR\" \/>\n<meta property=\"og:type\" content=\"article\" \/>\n<meta property=\"og:title\" content=\"Grande bague de fian\u00e7ailles en grappe d\u2019agate mousse hexagonale avec un design asym\u00e9trique - Aurelius Jewelry\" \/>\n<meta property=\"og:description\" content=\"%\" \/>\n<meta property=\"og:url\" content=\"https:\/\/aureliusjewelry.com\/fr\/grande-bague-de-fiancailles-en-grappe-dagate-mousse-hexagonale-avec-un-design-asymetrique\/\" \/>\n<meta property=\"og:site_name\" content=\"Aurelius Jewelry\" \/>\n<meta property=\"article:publisher\" content=\"https:\/\/www.facebook.com\/AureliusJewelry\/\" \/>\n<meta property=\"article:modified_time\" content=\"2026-04-14T05:24:56+00:00\" \/>\n<meta property=\"og:image\" content=\"https:\/\/aureliusjewelry.com\/wp-content\/uploads\/hexagon-moss-agate-emerald-cluster-ring-14k-yellow.jpg\" \/>\n\t<meta property=\"og:image:width\" content=\"1920\" \/>\n\t<meta property=\"og:image:height\" content=\"1440\" \/>\n\t<meta property=\"og:image:type\" content=\"image\/jpeg\" \/>\n<meta name=\"twitter:card\" content=\"summary_large_image\" \/>\n<meta name=\"twitter:site\" content=\"@AureliusJewelry\" \/>\n<script type=\"application\/ld+json\" class=\"yoast-schema-graph\">{\"@context\":\"https:\\\/\\\/schema.org\",\"@graph\":[{\"@type\":\"WebPage\",\"@id\":\"https:\\\/\\\/aureliusjewelry.com\\\/fr\\\/grande-bague-de-fiancailles-en-grappe-dagate-mousse-hexagonale-avec-un-design-asymetrique\\\/\",\"url\":\"https:\\\/\\\/aureliusjewelry.com\\\/fr\\\/grande-bague-de-fiancailles-en-grappe-dagate-mousse-hexagonale-avec-un-design-asymetrique\\\/\",\"name\":\"Grande bague de fian\u00e7ailles en grappe d\u2019agate mousse hexagonale avec un design asym\u00e9trique - Aurelius Jewelry\",\"isPartOf\":{\"@id\":\"https:\\\/\\\/aureliusjewelry.com\\\/fr\\\/#website\"},\"primaryImageOfPage\":{\"@id\":\"https:\\\/\\\/aureliusjewelry.com\\\/fr\\\/grande-bague-de-fiancailles-en-grappe-dagate-mousse-hexagonale-avec-un-design-asymetrique\\\/#primaryimage\"},\"image\":{\"@id\":\"https:\\\/\\\/aureliusjewelry.com\\\/fr\\\/grande-bague-de-fiancailles-en-grappe-dagate-mousse-hexagonale-avec-un-design-asymetrique\\\/#primaryimage\"},\"thumbnailUrl\":\"https:\\\/\\\/aureliusjewelry.com\\\/wp-content\\\/uploads\\\/hexagon-moss-agate-emerald-cluster-ring-14k-yellow.jpg\",\"datePublished\":\"2023-10-20T11:55:30+00:00\",\"dateModified\":\"2026-04-14T05:24:56+00:00\",\"breadcrumb\":{\"@id\":\"https:\\\/\\\/aureliusjewelry.com\\\/fr\\\/grande-bague-de-fiancailles-en-grappe-dagate-mousse-hexagonale-avec-un-design-asymetrique\\\/#breadcrumb\"},\"inLanguage\":\"fr-FR\",\"potentialAction\":[{\"@type\":\"ReadAction\",\"target\":[\"https:\\\/\\\/aureliusjewelry.com\\\/fr\\\/grande-bague-de-fiancailles-en-grappe-dagate-mousse-hexagonale-avec-un-design-asymetrique\\\/\"]}]},{\"@type\":\"ImageObject\",\"inLanguage\":\"fr-FR\",\"@id\":\"https:\\\/\\\/aureliusjewelry.com\\\/fr\\\/grande-bague-de-fiancailles-en-grappe-dagate-mousse-hexagonale-avec-un-design-asymetrique\\\/#primaryimage\",\"url\":\"https:\\\/\\\/aureliusjewelry.com\\\/wp-content\\\/uploads\\\/hexagon-moss-agate-emerald-cluster-ring-14k-yellow.jpg\",\"contentUrl\":\"https:\\\/\\\/aureliusjewelry.com\\\/wp-content\\\/uploads\\\/hexagon-moss-agate-emerald-cluster-ring-14k-yellow.jpg\",\"width\":1920,\"height\":1440},{\"@type\":\"BreadcrumbList\",\"@id\":\"https:\\\/\\\/aureliusjewelry.com\\\/fr\\\/grande-bague-de-fiancailles-en-grappe-dagate-mousse-hexagonale-avec-un-design-asymetrique\\\/#breadcrumb\",\"itemListElement\":[{\"@type\":\"ListItem\",\"position\":1,\"name\":\"Home\",\"item\":\"https:\\\/\\\/aureliusjewelry.com\\\/fr\\\/\"},{\"@type\":\"ListItem\",\"position\":2,\"name\":\"Boutique\",\"item\":\"https:\\\/\\\/aureliusjewelry.com\\\/fr\\\/boutique\\\/\"},{\"@type\":\"ListItem\",\"position\":3,\"name\":\"Grande bague de fian\u00e7ailles en grappe d\u2019agate mousse hexagonale avec un design asym\u00e9trique\"}]},{\"@type\":\"WebSite\",\"@id\":\"https:\\\/\\\/aureliusjewelry.com\\\/fr\\\/#website\",\"url\":\"https:\\\/\\\/aureliusjewelry.com\\\/fr\\\/\",\"name\":\"Aurelius Jewelry\",\"description\":\"Handmade Fine Gold Jewelry\",\"publisher\":{\"@id\":\"https:\\\/\\\/aureliusjewelry.com\\\/fr\\\/#organization\"},\"potentialAction\":[{\"@type\":\"SearchAction\",\"target\":{\"@type\":\"EntryPoint\",\"urlTemplate\":\"https:\\\/\\\/aureliusjewelry.com\\\/fr\\\/?s={search_term_string}\"},\"query-input\":{\"@type\":\"PropertyValueSpecification\",\"valueRequired\":true,\"valueName\":\"search_term_string\"}}],\"inLanguage\":\"fr-FR\"},{\"@type\":\"Organization\",\"@id\":\"https:\\\/\\\/aureliusjewelry.com\\\/fr\\\/#organization\",\"name\":\"Aurelius Jewelry\",\"url\":\"https:\\\/\\\/aureliusjewelry.com\\\/fr\\\/\",\"logo\":{\"@type\":\"ImageObject\",\"inLanguage\":\"fr-FR\",\"@id\":\"https:\\\/\\\/aureliusjewelry.com\\\/fr\\\/#\\\/schema\\\/logo\\\/image\\\/\",\"url\":\"https:\\\/\\\/aureliusjewelry.com\\\/wp-content\\\/uploads\\\/logo.png\",\"contentUrl\":\"https:\\\/\\\/aureliusjewelry.com\\\/wp-content\\\/uploads\\\/logo.png\",\"width\":400,\"height\":64,\"caption\":\"Aurelius Jewelry\"},\"image\":{\"@id\":\"https:\\\/\\\/aureliusjewelry.com\\\/fr\\\/#\\\/schema\\\/logo\\\/image\\\/\"},\"sameAs\":[\"https:\\\/\\\/www.facebook.com\\\/AureliusJewelry\\\/\",\"https:\\\/\\\/x.com\\\/AureliusJewelry\",\"https:\\\/\\\/instagram.com\\\/aureliusjewelry\",\"https:\\\/\\\/www.pinterest.com\\\/AureliusJewelry\\\/\"],\"email\":\"info@aureliusjewelry.com\",\"foundingDate\":\"2018-10-01\",\"vatID\":\"SI10391070\",\"hasMerchantReturnPolicy\":{\"@type\":\"MerchantReturnPolicy\",\"merchantReturnLink\":\"https:\\\/\\\/aureliusjewelry.com\\\/our-policies\\\/terms-conditions\\\/\"}}]}<\/script>\n<meta property=\"og:availability\" content=\"backorder\" \/>\n<meta property=\"product:availability\" content=\"available for order\" \/>\n<meta property=\"product:retailer_item_id\" content=\"40968\" \/>\n<meta property=\"product:condition\" content=\"new\" \/>","yoast_head_json":{"title":"Grande bague de fian\u00e7ailles en grappe d\u2019agate mousse hexagonale avec un design asym\u00e9trique - Aurelius Jewelry","robots":{"index":"index","follow":"follow","max-snippet":"max-snippet:-1","max-image-preview":"max-image-preview:large","max-video-preview":"max-video-preview:-1"},"canonical":"https:\/\/aureliusjewelry.com\/fr\/grande-bague-de-fiancailles-en-grappe-dagate-mousse-hexagonale-avec-un-design-asymetrique\/","og_locale":"fr_FR","og_type":"article","og_title":"Grande bague de fian\u00e7ailles en grappe d\u2019agate mousse hexagonale avec un design asym\u00e9trique - Aurelius Jewelry","og_description":"%","og_url":"https:\/\/aureliusjewelry.com\/fr\/grande-bague-de-fiancailles-en-grappe-dagate-mousse-hexagonale-avec-un-design-asymetrique\/","og_site_name":"Aurelius Jewelry","article_publisher":"https:\/\/www.facebook.com\/AureliusJewelry\/","article_modified_time":"2026-04-14T05:24:56+00:00","og_image":[{"width":1920,"height":1440,"url":"https:\/\/aureliusjewelry.com\/wp-content\/uploads\/hexagon-moss-agate-emerald-cluster-ring-14k-yellow.jpg","type":"image\/jpeg"}],"twitter_card":"summary_large_image","twitter_site":"@AureliusJewelry","schema":{"@context":"https:\/\/schema.org","@graph":[{"@type":"WebPage","@id":"https:\/\/aureliusjewelry.com\/fr\/grande-bague-de-fiancailles-en-grappe-dagate-mousse-hexagonale-avec-un-design-asymetrique\/","url":"https:\/\/aureliusjewelry.com\/fr\/grande-bague-de-fiancailles-en-grappe-dagate-mousse-hexagonale-avec-un-design-asymetrique\/","name":"Grande bague de fian\u00e7ailles en grappe d\u2019agate mousse hexagonale avec un design asym\u00e9trique - Aurelius Jewelry","isPartOf":{"@id":"https:\/\/aureliusjewelry.com\/fr\/#website"},"primaryImageOfPage":{"@id":"https:\/\/aureliusjewelry.com\/fr\/grande-bague-de-fiancailles-en-grappe-dagate-mousse-hexagonale-avec-un-design-asymetrique\/#primaryimage"},"image":{"@id":"https:\/\/aureliusjewelry.com\/fr\/grande-bague-de-fiancailles-en-grappe-dagate-mousse-hexagonale-avec-un-design-asymetrique\/#primaryimage"},"thumbnailUrl":"https:\/\/aureliusjewelry.com\/wp-content\/uploads\/hexagon-moss-agate-emerald-cluster-ring-14k-yellow.jpg","datePublished":"2023-10-20T11:55:30+00:00","dateModified":"2026-04-14T05:24:56+00:00","breadcrumb":{"@id":"https:\/\/aureliusjewelry.com\/fr\/grande-bague-de-fiancailles-en-grappe-dagate-mousse-hexagonale-avec-un-design-asymetrique\/#breadcrumb"},"inLanguage":"fr-FR","potentialAction":[{"@type":"ReadAction","target":["https:\/\/aureliusjewelry.com\/fr\/grande-bague-de-fiancailles-en-grappe-dagate-mousse-hexagonale-avec-un-design-asymetrique\/"]}]},{"@type":"ImageObject","inLanguage":"fr-FR","@id":"https:\/\/aureliusjewelry.com\/fr\/grande-bague-de-fiancailles-en-grappe-dagate-mousse-hexagonale-avec-un-design-asymetrique\/#primaryimage","url":"https:\/\/aureliusjewelry.com\/wp-content\/uploads\/hexagon-moss-agate-emerald-cluster-ring-14k-yellow.jpg","contentUrl":"https:\/\/aureliusjewelry.com\/wp-content\/uploads\/hexagon-moss-agate-emerald-cluster-ring-14k-yellow.jpg","width":1920,"height":1440},{"@type":"BreadcrumbList","@id":"https:\/\/aureliusjewelry.com\/fr\/grande-bague-de-fiancailles-en-grappe-dagate-mousse-hexagonale-avec-un-design-asymetrique\/#breadcrumb","itemListElement":[{"@type":"ListItem","position":1,"name":"Home","item":"https:\/\/aureliusjewelry.com\/fr\/"},{"@type":"ListItem","position":2,"name":"Boutique","item":"https:\/\/aureliusjewelry.com\/fr\/boutique\/"},{"@type":"ListItem","position":3,"name":"Grande bague de fian\u00e7ailles en grappe d\u2019agate mousse hexagonale avec un design asym\u00e9trique"}]},{"@type":"WebSite","@id":"https:\/\/aureliusjewelry.com\/fr\/#website","url":"https:\/\/aureliusjewelry.com\/fr\/","name":"Aurelius Jewelry","description":"Handmade Fine Gold Jewelry","publisher":{"@id":"https:\/\/aureliusjewelry.com\/fr\/#organization"},"potentialAction":[{"@type":"SearchAction","target":{"@type":"EntryPoint","urlTemplate":"https:\/\/aureliusjewelry.com\/fr\/?s={search_term_string}"},"query-input":{"@type":"PropertyValueSpecification","valueRequired":true,"valueName":"search_term_string"}}],"inLanguage":"fr-FR"},{"@type":"Organization","@id":"https:\/\/aureliusjewelry.com\/fr\/#organization","name":"Aurelius Jewelry","url":"https:\/\/aureliusjewelry.com\/fr\/","logo":{"@type":"ImageObject","inLanguage":"fr-FR","@id":"https:\/\/aureliusjewelry.com\/fr\/#\/schema\/logo\/image\/","url":"https:\/\/aureliusjewelry.com\/wp-content\/uploads\/logo.png","contentUrl":"https:\/\/aureliusjewelry.com\/wp-content\/uploads\/logo.png","width":400,"height":64,"caption":"Aurelius Jewelry"},"image":{"@id":"https:\/\/aureliusjewelry.com\/fr\/#\/schema\/logo\/image\/"},"sameAs":["https:\/\/www.facebook.com\/AureliusJewelry\/","https:\/\/x.com\/AureliusJewelry","https:\/\/instagram.com\/aureliusjewelry","https:\/\/www.pinterest.com\/AureliusJewelry\/"],"email":"info@aureliusjewelry.com","foundingDate":"2018-10-01","vatID":"SI10391070","hasMerchantReturnPolicy":{"@type":"MerchantReturnPolicy","merchantReturnLink":"https:\/\/aureliusjewelry.com\/our-policies\/terms-conditions\/"}}]},"og_availability":"backorder","product_availability":"available for order","product_retailer_item_id":"40968","product_condition":"new"},"_links":{"self":[{"href":"https:\/\/aureliusjewelry.com\/fr\/wp-json\/wp\/v2\/product\/49881","targetHints":{"allow":["GET"]}}],"collection":[{"href":"https:\/\/aureliusjewelry.com\/fr\/wp-json\/wp\/v2\/product"}],"about":[{"href":"https:\/\/aureliusjewelry.com\/fr\/wp-json\/wp\/v2\/types\/product"}],"replies":[{"embeddable":true,"href":"https:\/\/aureliusjewelry.com\/fr\/wp-json\/wp\/v2\/comments?post=49881"}],"wp:featuredmedia":[{"embeddable":true,"href":"https:\/\/aureliusjewelry.com\/fr\/wp-json\/wp\/v2\/media\/40972"}],"wp:attachment":[{"href":"https:\/\/aureliusjewelry.com\/fr\/wp-json\/wp\/v2\/media?parent=49881"}],"wp:term":[{"taxonomy":"product_brand","embeddable":true,"href":"https:\/\/aureliusjewelry.com\/fr\/wp-json\/wp\/v2\/product_brand?post=49881"},{"taxonomy":"product_cat","embeddable":true,"href":"https:\/\/aureliusjewelry.com\/fr\/wp-json\/wp\/v2\/product_cat?post=49881"},{"taxonomy":"product_tag","embeddable":true,"href":"https:\/\/aureliusjewelry.com\/fr\/wp-json\/wp\/v2\/product_tag?post=49881"}],"curies":[{"name":"wp","href":"https:\/\/api.w.org\/{rel}","templated":true}]}}