{"id":49841,"date":"2023-10-19T04:03:42","date_gmt":"2023-10-19T02:03:42","guid":{"rendered":"http:\/\/aureliusjewelry.com\/product\/bague-de-fiancailles-en-agate-mousse-en-forme-de-poire-avec-emeraude-marquise\/"},"modified":"2026-05-03T03:37:40","modified_gmt":"2026-05-03T01:37:40","slug":"bague-de-fiancailles-en-agate-mousse-en-forme-de-poire-avec-emeraude-marquise","status":"publish","type":"product","link":"https:\/\/aureliusjewelry.com\/fr\/bague-de-fiancailles-en-agate-mousse-en-forme-de-poire-avec-emeraude-marquise\/","title":{"rendered":"Bague de fian\u00e7ailles en agate mousse en forme de poire avec \u00e9meraude marquise"},"content":{"rendered":"<p><strong>Des pierres<\/strong><\/p>\n<ul>\n<li>agate mousse poire<\/li>\n<li>environ. 9x6mm<\/li>\n<li>marquise \u00e9meraude<\/li>\n<li>environ. 4x2mm<\/li>\n<li>marquise p\u00e9ridot<\/li>\n<li>environ. 4x2mm<\/li>\n<li>diamant marquise<\/li>\n<li>environ. 3\u00d71.5mm<\/li>\n<li>Couleur F\/G, clart\u00e9 VS, sans conflit<\/li>\n<\/ul>\n<p><strong>Mesures et mat\u00e9riau du bracelet<\/strong><\/p>\n<ul>\n<li>1.5mm large, 1.6mm \u00e9pais<\/li>\n<li>disponible en or jaune, blanc ou rose 14 carats\/18 carats et platine<\/li>\n<li>Taille de bague am\u00e9ricaine 3-9, tailles plus petites ou plus grandes disponibles sur demande<\/li>\n<\/ul>\n","protected":false},"excerpt":{"rendered":"<p>La bague de fian\u00e7ailles en agate mousse poire et \u00e9meraude marquise s&rsquo;inspire de la bague \u00e9l\u00e9mentaire de feu. Les trois pierres lat\u00e9rales taille marquise supportant une magnifique agate mousse comme pi\u00e8ce ma\u00eetresse cr\u00e9ent un d\u00e9grad\u00e9 de couleurs. La riche \u00e9meraude vert for\u00eat, le p\u00e9ridot jaune-vert et enfin un diamant marquise brillant, en combinaison avec la poire, forment un bouton floral \u00e9mergeant apr\u00e8s un long hiver.<\/p>\n","protected":false},"featured_media":40952,"comment_status":"open","ping_status":"closed","template":"","meta":[],"product_brand":[],"product_cat":[904,1453,1438,1465,896,918,921,1441,1462,902],"product_tag":[969,991,992,974,989],"class_list":{"0":"post-49841","1":"product","2":"type-product","3":"status-publish","4":"has-post-thumbnail","6":"product_cat-agglutine","7":"product_cat-bague-de-fiancailles-avec-accents-de-pierres-precieuses","8":"product_cat-bague-de-fiancailles-avec-ensemble-de-lunette","9":"product_cat-bague-de-fiancailles-en-forme-de-poire","10":"product_cat-bagues","11":"product_cat-bagues-de-fiancailles","12":"product_cat-bagues-de-fiancailles-en-agate-mousse","13":"product_cat-bagues-de-fiancailles-en-grappe","14":"product_cat-bagues-de-fiancailles-inspirees-de-la-nature","15":"product_cat-singularite","16":"product_tag-agate-mousse","17":"product_tag-bague-tag","18":"product_tag-bagues-tag","19":"product_tag-poire","20":"product_tag-temps_de_production_3_5","22":"first","23":"onbackorder","24":"sold-individually","25":"taxable","26":"shipping-taxable","27":"purchasable","28":"product-type-variable"},"yoast_head":"<title>Bague de fian\u00e7ailles en agate mousse en forme de poire avec \u00e9meraude marquise - Aurelius Jewelry<\/title>\n<meta name=\"robots\" content=\"index, follow, max-snippet:-1, max-image-preview:large, max-video-preview:-1\" \/>\n<link rel=\"canonical\" href=\"https:\/\/aureliusjewelry.com\/fr\/bague-de-fiancailles-en-agate-mousse-en-forme-de-poire-avec-emeraude-marquise\/\" \/>\n<meta property=\"og:locale\" content=\"fr_FR\" \/>\n<meta property=\"og:type\" content=\"article\" \/>\n<meta property=\"og:title\" content=\"Bague de fian\u00e7ailles en agate mousse en forme de poire avec \u00e9meraude marquise - Aurelius Jewelry\" \/>\n<meta property=\"og:description\" content=\"%\" \/>\n<meta property=\"og:url\" content=\"https:\/\/aureliusjewelry.com\/fr\/bague-de-fiancailles-en-agate-mousse-en-forme-de-poire-avec-emeraude-marquise\/\" \/>\n<meta property=\"og:site_name\" content=\"Aurelius Jewelry\" \/>\n<meta property=\"article:publisher\" content=\"https:\/\/www.facebook.com\/AureliusJewelry\/\" \/>\n<meta property=\"article:modified_time\" content=\"2026-05-03T01:37:40+00:00\" \/>\n<meta property=\"og:image\" content=\"https:\/\/aureliusjewelry.com\/wp-content\/uploads\/pear-moss-agate-cluster-engagement-ring.jpg\" \/>\n\t<meta property=\"og:image:width\" content=\"1920\" \/>\n\t<meta property=\"og:image:height\" content=\"1440\" \/>\n\t<meta property=\"og:image:type\" content=\"image\/jpeg\" \/>\n<meta name=\"twitter:card\" content=\"summary_large_image\" \/>\n<meta name=\"twitter:site\" content=\"@AureliusJewelry\" \/>\n<script type=\"application\/ld+json\" class=\"yoast-schema-graph\">{\"@context\":\"https:\\\/\\\/schema.org\",\"@graph\":[{\"@type\":\"WebPage\",\"@id\":\"https:\\\/\\\/aureliusjewelry.com\\\/fr\\\/bague-de-fiancailles-en-agate-mousse-en-forme-de-poire-avec-emeraude-marquise\\\/\",\"url\":\"https:\\\/\\\/aureliusjewelry.com\\\/fr\\\/bague-de-fiancailles-en-agate-mousse-en-forme-de-poire-avec-emeraude-marquise\\\/\",\"name\":\"Bague de fian\u00e7ailles en agate mousse en forme de poire avec \u00e9meraude marquise - Aurelius Jewelry\",\"isPartOf\":{\"@id\":\"https:\\\/\\\/aureliusjewelry.com\\\/fr\\\/#website\"},\"primaryImageOfPage\":{\"@id\":\"https:\\\/\\\/aureliusjewelry.com\\\/fr\\\/bague-de-fiancailles-en-agate-mousse-en-forme-de-poire-avec-emeraude-marquise\\\/#primaryimage\"},\"image\":{\"@id\":\"https:\\\/\\\/aureliusjewelry.com\\\/fr\\\/bague-de-fiancailles-en-agate-mousse-en-forme-de-poire-avec-emeraude-marquise\\\/#primaryimage\"},\"thumbnailUrl\":\"https:\\\/\\\/aureliusjewelry.com\\\/wp-content\\\/uploads\\\/pear-moss-agate-cluster-engagement-ring.jpg\",\"datePublished\":\"2023-10-19T02:03:42+00:00\",\"dateModified\":\"2026-05-03T01:37:40+00:00\",\"breadcrumb\":{\"@id\":\"https:\\\/\\\/aureliusjewelry.com\\\/fr\\\/bague-de-fiancailles-en-agate-mousse-en-forme-de-poire-avec-emeraude-marquise\\\/#breadcrumb\"},\"inLanguage\":\"fr-FR\",\"potentialAction\":[{\"@type\":\"ReadAction\",\"target\":[\"https:\\\/\\\/aureliusjewelry.com\\\/fr\\\/bague-de-fiancailles-en-agate-mousse-en-forme-de-poire-avec-emeraude-marquise\\\/\"]}]},{\"@type\":\"ImageObject\",\"inLanguage\":\"fr-FR\",\"@id\":\"https:\\\/\\\/aureliusjewelry.com\\\/fr\\\/bague-de-fiancailles-en-agate-mousse-en-forme-de-poire-avec-emeraude-marquise\\\/#primaryimage\",\"url\":\"https:\\\/\\\/aureliusjewelry.com\\\/wp-content\\\/uploads\\\/pear-moss-agate-cluster-engagement-ring.jpg\",\"contentUrl\":\"https:\\\/\\\/aureliusjewelry.com\\\/wp-content\\\/uploads\\\/pear-moss-agate-cluster-engagement-ring.jpg\",\"width\":1920,\"height\":1440},{\"@type\":\"BreadcrumbList\",\"@id\":\"https:\\\/\\\/aureliusjewelry.com\\\/fr\\\/bague-de-fiancailles-en-agate-mousse-en-forme-de-poire-avec-emeraude-marquise\\\/#breadcrumb\",\"itemListElement\":[{\"@type\":\"ListItem\",\"position\":1,\"name\":\"Home\",\"item\":\"https:\\\/\\\/aureliusjewelry.com\\\/fr\\\/\"},{\"@type\":\"ListItem\",\"position\":2,\"name\":\"Boutique\",\"item\":\"https:\\\/\\\/aureliusjewelry.com\\\/fr\\\/boutique\\\/\"},{\"@type\":\"ListItem\",\"position\":3,\"name\":\"Bague de fian\u00e7ailles en agate mousse en forme de poire avec \u00e9meraude marquise\"}]},{\"@type\":\"WebSite\",\"@id\":\"https:\\\/\\\/aureliusjewelry.com\\\/fr\\\/#website\",\"url\":\"https:\\\/\\\/aureliusjewelry.com\\\/fr\\\/\",\"name\":\"Aurelius Jewelry\",\"description\":\"Handmade Fine Gold Jewelry\",\"publisher\":{\"@id\":\"https:\\\/\\\/aureliusjewelry.com\\\/fr\\\/#organization\"},\"potentialAction\":[{\"@type\":\"SearchAction\",\"target\":{\"@type\":\"EntryPoint\",\"urlTemplate\":\"https:\\\/\\\/aureliusjewelry.com\\\/fr\\\/?s={search_term_string}\"},\"query-input\":{\"@type\":\"PropertyValueSpecification\",\"valueRequired\":true,\"valueName\":\"search_term_string\"}}],\"inLanguage\":\"fr-FR\"},{\"@type\":\"Organization\",\"@id\":\"https:\\\/\\\/aureliusjewelry.com\\\/fr\\\/#organization\",\"name\":\"Aurelius Jewelry\",\"url\":\"https:\\\/\\\/aureliusjewelry.com\\\/fr\\\/\",\"logo\":{\"@type\":\"ImageObject\",\"inLanguage\":\"fr-FR\",\"@id\":\"https:\\\/\\\/aureliusjewelry.com\\\/fr\\\/#\\\/schema\\\/logo\\\/image\\\/\",\"url\":\"https:\\\/\\\/aureliusjewelry.com\\\/wp-content\\\/uploads\\\/logo.png\",\"contentUrl\":\"https:\\\/\\\/aureliusjewelry.com\\\/wp-content\\\/uploads\\\/logo.png\",\"width\":400,\"height\":64,\"caption\":\"Aurelius Jewelry\"},\"image\":{\"@id\":\"https:\\\/\\\/aureliusjewelry.com\\\/fr\\\/#\\\/schema\\\/logo\\\/image\\\/\"},\"sameAs\":[\"https:\\\/\\\/www.facebook.com\\\/AureliusJewelry\\\/\",\"https:\\\/\\\/x.com\\\/AureliusJewelry\",\"https:\\\/\\\/instagram.com\\\/aureliusjewelry\",\"https:\\\/\\\/www.pinterest.com\\\/AureliusJewelry\\\/\"],\"email\":\"info@aureliusjewelry.com\",\"foundingDate\":\"2018-10-01\",\"vatID\":\"SI10391070\",\"hasMerchantReturnPolicy\":{\"@type\":\"MerchantReturnPolicy\",\"merchantReturnLink\":\"https:\\\/\\\/aureliusjewelry.com\\\/our-policies\\\/terms-conditions\\\/\"}}]}<\/script>\n<meta property=\"og:availability\" content=\"backorder\" \/>\n<meta property=\"product:availability\" content=\"available for order\" \/>\n<meta property=\"product:retailer_item_id\" content=\"40941\" \/>\n<meta property=\"product:condition\" content=\"new\" \/>","yoast_head_json":{"title":"Bague de fian\u00e7ailles en agate mousse en forme de poire avec \u00e9meraude marquise - Aurelius Jewelry","robots":{"index":"index","follow":"follow","max-snippet":"max-snippet:-1","max-image-preview":"max-image-preview:large","max-video-preview":"max-video-preview:-1"},"canonical":"https:\/\/aureliusjewelry.com\/fr\/bague-de-fiancailles-en-agate-mousse-en-forme-de-poire-avec-emeraude-marquise\/","og_locale":"fr_FR","og_type":"article","og_title":"Bague de fian\u00e7ailles en agate mousse en forme de poire avec \u00e9meraude marquise - Aurelius Jewelry","og_description":"%","og_url":"https:\/\/aureliusjewelry.com\/fr\/bague-de-fiancailles-en-agate-mousse-en-forme-de-poire-avec-emeraude-marquise\/","og_site_name":"Aurelius Jewelry","article_publisher":"https:\/\/www.facebook.com\/AureliusJewelry\/","article_modified_time":"2026-05-03T01:37:40+00:00","og_image":[{"width":1920,"height":1440,"url":"https:\/\/aureliusjewelry.com\/wp-content\/uploads\/pear-moss-agate-cluster-engagement-ring.jpg","type":"image\/jpeg"}],"twitter_card":"summary_large_image","twitter_site":"@AureliusJewelry","schema":{"@context":"https:\/\/schema.org","@graph":[{"@type":"WebPage","@id":"https:\/\/aureliusjewelry.com\/fr\/bague-de-fiancailles-en-agate-mousse-en-forme-de-poire-avec-emeraude-marquise\/","url":"https:\/\/aureliusjewelry.com\/fr\/bague-de-fiancailles-en-agate-mousse-en-forme-de-poire-avec-emeraude-marquise\/","name":"Bague de fian\u00e7ailles en agate mousse en forme de poire avec \u00e9meraude marquise - Aurelius Jewelry","isPartOf":{"@id":"https:\/\/aureliusjewelry.com\/fr\/#website"},"primaryImageOfPage":{"@id":"https:\/\/aureliusjewelry.com\/fr\/bague-de-fiancailles-en-agate-mousse-en-forme-de-poire-avec-emeraude-marquise\/#primaryimage"},"image":{"@id":"https:\/\/aureliusjewelry.com\/fr\/bague-de-fiancailles-en-agate-mousse-en-forme-de-poire-avec-emeraude-marquise\/#primaryimage"},"thumbnailUrl":"https:\/\/aureliusjewelry.com\/wp-content\/uploads\/pear-moss-agate-cluster-engagement-ring.jpg","datePublished":"2023-10-19T02:03:42+00:00","dateModified":"2026-05-03T01:37:40+00:00","breadcrumb":{"@id":"https:\/\/aureliusjewelry.com\/fr\/bague-de-fiancailles-en-agate-mousse-en-forme-de-poire-avec-emeraude-marquise\/#breadcrumb"},"inLanguage":"fr-FR","potentialAction":[{"@type":"ReadAction","target":["https:\/\/aureliusjewelry.com\/fr\/bague-de-fiancailles-en-agate-mousse-en-forme-de-poire-avec-emeraude-marquise\/"]}]},{"@type":"ImageObject","inLanguage":"fr-FR","@id":"https:\/\/aureliusjewelry.com\/fr\/bague-de-fiancailles-en-agate-mousse-en-forme-de-poire-avec-emeraude-marquise\/#primaryimage","url":"https:\/\/aureliusjewelry.com\/wp-content\/uploads\/pear-moss-agate-cluster-engagement-ring.jpg","contentUrl":"https:\/\/aureliusjewelry.com\/wp-content\/uploads\/pear-moss-agate-cluster-engagement-ring.jpg","width":1920,"height":1440},{"@type":"BreadcrumbList","@id":"https:\/\/aureliusjewelry.com\/fr\/bague-de-fiancailles-en-agate-mousse-en-forme-de-poire-avec-emeraude-marquise\/#breadcrumb","itemListElement":[{"@type":"ListItem","position":1,"name":"Home","item":"https:\/\/aureliusjewelry.com\/fr\/"},{"@type":"ListItem","position":2,"name":"Boutique","item":"https:\/\/aureliusjewelry.com\/fr\/boutique\/"},{"@type":"ListItem","position":3,"name":"Bague de fian\u00e7ailles en agate mousse en forme de poire avec \u00e9meraude marquise"}]},{"@type":"WebSite","@id":"https:\/\/aureliusjewelry.com\/fr\/#website","url":"https:\/\/aureliusjewelry.com\/fr\/","name":"Aurelius Jewelry","description":"Handmade Fine Gold Jewelry","publisher":{"@id":"https:\/\/aureliusjewelry.com\/fr\/#organization"},"potentialAction":[{"@type":"SearchAction","target":{"@type":"EntryPoint","urlTemplate":"https:\/\/aureliusjewelry.com\/fr\/?s={search_term_string}"},"query-input":{"@type":"PropertyValueSpecification","valueRequired":true,"valueName":"search_term_string"}}],"inLanguage":"fr-FR"},{"@type":"Organization","@id":"https:\/\/aureliusjewelry.com\/fr\/#organization","name":"Aurelius Jewelry","url":"https:\/\/aureliusjewelry.com\/fr\/","logo":{"@type":"ImageObject","inLanguage":"fr-FR","@id":"https:\/\/aureliusjewelry.com\/fr\/#\/schema\/logo\/image\/","url":"https:\/\/aureliusjewelry.com\/wp-content\/uploads\/logo.png","contentUrl":"https:\/\/aureliusjewelry.com\/wp-content\/uploads\/logo.png","width":400,"height":64,"caption":"Aurelius Jewelry"},"image":{"@id":"https:\/\/aureliusjewelry.com\/fr\/#\/schema\/logo\/image\/"},"sameAs":["https:\/\/www.facebook.com\/AureliusJewelry\/","https:\/\/x.com\/AureliusJewelry","https:\/\/instagram.com\/aureliusjewelry","https:\/\/www.pinterest.com\/AureliusJewelry\/"],"email":"info@aureliusjewelry.com","foundingDate":"2018-10-01","vatID":"SI10391070","hasMerchantReturnPolicy":{"@type":"MerchantReturnPolicy","merchantReturnLink":"https:\/\/aureliusjewelry.com\/our-policies\/terms-conditions\/"}}]},"og_availability":"backorder","product_availability":"available for order","product_retailer_item_id":"40941","product_condition":"new"},"_links":{"self":[{"href":"https:\/\/aureliusjewelry.com\/fr\/wp-json\/wp\/v2\/product\/49841","targetHints":{"allow":["GET"]}}],"collection":[{"href":"https:\/\/aureliusjewelry.com\/fr\/wp-json\/wp\/v2\/product"}],"about":[{"href":"https:\/\/aureliusjewelry.com\/fr\/wp-json\/wp\/v2\/types\/product"}],"replies":[{"embeddable":true,"href":"https:\/\/aureliusjewelry.com\/fr\/wp-json\/wp\/v2\/comments?post=49841"}],"wp:featuredmedia":[{"embeddable":true,"href":"https:\/\/aureliusjewelry.com\/fr\/wp-json\/wp\/v2\/media\/40952"}],"wp:attachment":[{"href":"https:\/\/aureliusjewelry.com\/fr\/wp-json\/wp\/v2\/media?parent=49841"}],"wp:term":[{"taxonomy":"product_brand","embeddable":true,"href":"https:\/\/aureliusjewelry.com\/fr\/wp-json\/wp\/v2\/product_brand?post=49841"},{"taxonomy":"product_cat","embeddable":true,"href":"https:\/\/aureliusjewelry.com\/fr\/wp-json\/wp\/v2\/product_cat?post=49841"},{"taxonomy":"product_tag","embeddable":true,"href":"https:\/\/aureliusjewelry.com\/fr\/wp-json\/wp\/v2\/product_tag?post=49841"}],"curies":[{"name":"wp","href":"https:\/\/api.w.org\/{rel}","templated":true}]}}