{"id":49713,"date":"2023-10-09T22:44:38","date_gmt":"2023-10-09T20:44:38","guid":{"rendered":"http:\/\/aureliusjewelry.com\/product\/grande-bague-de-fiancailles-moissanite-en-forme-de-cerf-volant-avec-diamant-rond-et-marquise\/"},"modified":"2026-04-14T06:50:54","modified_gmt":"2026-04-14T04:50:54","slug":"grande-bague-de-fiancailles-moissanite-en-forme-de-cerf-volant-avec-diamant-rond-et-marquise","status":"publish","type":"product","link":"https:\/\/aureliusjewelry.com\/fr\/grande-bague-de-fiancailles-moissanite-en-forme-de-cerf-volant-avec-diamant-rond-et-marquise\/","title":{"rendered":"Grande bague de fian\u00e7ailles moissanite en forme de cerf-volant avec diamant rond et marquise"},"content":{"rendered":"<p><strong>Des pierres<\/strong><\/p>\n<ul>\n<li>cerf-volant moissanite<\/li>\n<li>environ. 11x8mm<\/li>\n<li>diamants marquise et ronds<\/li>\n<li>environ. 4x2mm (2), 1.5mm (4)<\/li>\n<li>Couleur F\/G, clart\u00e9 VS, sans conflit<\/li>\n<\/ul>\n<p><strong>Mesures et mat\u00e9riau du bracelet<\/strong><\/p>\n<ul>\n<li>1.5mm large, 1.6mm \u00e9pais<\/li>\n<li>disponible en or jaune, blanc ou rose 14 carats\/18 carats et platine<\/li>\n<li>Taille de bague am\u00e9ricaine 3-9, tailles plus petites ou plus grandes disponibles sur demande<\/li>\n<\/ul>\n","protected":false},"excerpt":{"rendered":"<p>Cette \u00e9l\u00e9gante bague de fian\u00e7ailles en moissanite et diamant en forme de grand cerf-volant est digne d&rsquo;une princesse\u00a0! La coupe g\u00e9om\u00e9trique donne une touche aux bagues de fian\u00e7ailles traditionnelles avec ses lignes \u00e9pur\u00e9es. La moissanite est \u00e9galement une alternative tr\u00e8s courante et populaire aux diamants avec la m\u00eame quantit\u00e9 d\u2019\u00e9clat pour une fraction du prix. Il trouve un \u00e9cho aupr\u00e8s des mari\u00e9es new age qui recherchent un choix distinctif qui refl\u00e8te leur individualit\u00e9.<\/p>\n","protected":false},"featured_media":40405,"comment_status":"open","ping_status":"closed","template":"","meta":[],"product_brand":[],"product_cat":[1471,1458,896,918,1455,922,900],"product_tag":[991,992,960,966,989],"class_list":{"0":"post-49713","1":"product","2":"type-product","3":"status-publish","4":"has-post-thumbnail","6":"product_cat-bague-de-fiancailles-a-sept-pierres","7":"product_cat-bague-de-fiancailles-cerf-volant","8":"product_cat-bagues","9":"product_cat-bagues-de-fiancailles","10":"product_cat-bagues-de-fiancailles-geometriques","11":"product_cat-bagues-de-fiancailles-moissanite","12":"product_cat-moderne","13":"product_tag-bague-tag","14":"product_tag-bagues-tag","15":"product_tag-cerf-volant","16":"product_tag-moissanite-fr","17":"product_tag-temps_de_production_3_5","19":"first","20":"onbackorder","21":"sold-individually","22":"taxable","23":"shipping-taxable","24":"purchasable","25":"product-type-variable"},"yoast_head":"<title>Grande bague de fian\u00e7ailles moissanite en forme de cerf-volant avec diamant rond et marquise - Aurelius Jewelry<\/title>\n<meta name=\"robots\" content=\"index, follow, max-snippet:-1, max-image-preview:large, max-video-preview:-1\" \/>\n<link rel=\"canonical\" href=\"https:\/\/aureliusjewelry.com\/fr\/grande-bague-de-fiancailles-moissanite-en-forme-de-cerf-volant-avec-diamant-rond-et-marquise\/\" \/>\n<meta property=\"og:locale\" content=\"fr_FR\" \/>\n<meta property=\"og:type\" content=\"article\" \/>\n<meta property=\"og:title\" content=\"Grande bague de fian\u00e7ailles moissanite en forme de cerf-volant avec diamant rond et marquise - Aurelius Jewelry\" \/>\n<meta property=\"og:description\" content=\"%\" \/>\n<meta property=\"og:url\" content=\"https:\/\/aureliusjewelry.com\/fr\/grande-bague-de-fiancailles-moissanite-en-forme-de-cerf-volant-avec-diamant-rond-et-marquise\/\" \/>\n<meta property=\"og:site_name\" content=\"Aurelius Jewelry\" \/>\n<meta property=\"article:publisher\" content=\"https:\/\/www.facebook.com\/AureliusJewelry\/\" \/>\n<meta property=\"article:modified_time\" content=\"2026-04-14T04:50:54+00:00\" \/>\n<meta property=\"og:image\" content=\"https:\/\/aureliusjewelry.com\/wp-content\/uploads\/large-kite-moissanite-engagement-ring.jpg\" \/>\n\t<meta property=\"og:image:width\" content=\"1920\" \/>\n\t<meta property=\"og:image:height\" content=\"1440\" \/>\n\t<meta property=\"og:image:type\" content=\"image\/jpeg\" \/>\n<meta name=\"twitter:card\" content=\"summary_large_image\" \/>\n<meta name=\"twitter:site\" content=\"@AureliusJewelry\" \/>\n<script type=\"application\/ld+json\" class=\"yoast-schema-graph\">{\"@context\":\"https:\\\/\\\/schema.org\",\"@graph\":[{\"@type\":\"WebPage\",\"@id\":\"https:\\\/\\\/aureliusjewelry.com\\\/fr\\\/grande-bague-de-fiancailles-moissanite-en-forme-de-cerf-volant-avec-diamant-rond-et-marquise\\\/\",\"url\":\"https:\\\/\\\/aureliusjewelry.com\\\/fr\\\/grande-bague-de-fiancailles-moissanite-en-forme-de-cerf-volant-avec-diamant-rond-et-marquise\\\/\",\"name\":\"Grande bague de fian\u00e7ailles moissanite en forme de cerf-volant avec diamant rond et marquise - Aurelius Jewelry\",\"isPartOf\":{\"@id\":\"https:\\\/\\\/aureliusjewelry.com\\\/fr\\\/#website\"},\"primaryImageOfPage\":{\"@id\":\"https:\\\/\\\/aureliusjewelry.com\\\/fr\\\/grande-bague-de-fiancailles-moissanite-en-forme-de-cerf-volant-avec-diamant-rond-et-marquise\\\/#primaryimage\"},\"image\":{\"@id\":\"https:\\\/\\\/aureliusjewelry.com\\\/fr\\\/grande-bague-de-fiancailles-moissanite-en-forme-de-cerf-volant-avec-diamant-rond-et-marquise\\\/#primaryimage\"},\"thumbnailUrl\":\"https:\\\/\\\/aureliusjewelry.com\\\/wp-content\\\/uploads\\\/large-kite-moissanite-engagement-ring.jpg\",\"datePublished\":\"2023-10-09T20:44:38+00:00\",\"dateModified\":\"2026-04-14T04:50:54+00:00\",\"breadcrumb\":{\"@id\":\"https:\\\/\\\/aureliusjewelry.com\\\/fr\\\/grande-bague-de-fiancailles-moissanite-en-forme-de-cerf-volant-avec-diamant-rond-et-marquise\\\/#breadcrumb\"},\"inLanguage\":\"fr-FR\",\"potentialAction\":[{\"@type\":\"ReadAction\",\"target\":[\"https:\\\/\\\/aureliusjewelry.com\\\/fr\\\/grande-bague-de-fiancailles-moissanite-en-forme-de-cerf-volant-avec-diamant-rond-et-marquise\\\/\"]}]},{\"@type\":\"ImageObject\",\"inLanguage\":\"fr-FR\",\"@id\":\"https:\\\/\\\/aureliusjewelry.com\\\/fr\\\/grande-bague-de-fiancailles-moissanite-en-forme-de-cerf-volant-avec-diamant-rond-et-marquise\\\/#primaryimage\",\"url\":\"https:\\\/\\\/aureliusjewelry.com\\\/wp-content\\\/uploads\\\/large-kite-moissanite-engagement-ring.jpg\",\"contentUrl\":\"https:\\\/\\\/aureliusjewelry.com\\\/wp-content\\\/uploads\\\/large-kite-moissanite-engagement-ring.jpg\",\"width\":1920,\"height\":1440},{\"@type\":\"BreadcrumbList\",\"@id\":\"https:\\\/\\\/aureliusjewelry.com\\\/fr\\\/grande-bague-de-fiancailles-moissanite-en-forme-de-cerf-volant-avec-diamant-rond-et-marquise\\\/#breadcrumb\",\"itemListElement\":[{\"@type\":\"ListItem\",\"position\":1,\"name\":\"Home\",\"item\":\"https:\\\/\\\/aureliusjewelry.com\\\/fr\\\/\"},{\"@type\":\"ListItem\",\"position\":2,\"name\":\"Boutique\",\"item\":\"https:\\\/\\\/aureliusjewelry.com\\\/fr\\\/boutique\\\/\"},{\"@type\":\"ListItem\",\"position\":3,\"name\":\"Grande bague de fian\u00e7ailles moissanite en forme de cerf-volant avec diamant rond et marquise\"}]},{\"@type\":\"WebSite\",\"@id\":\"https:\\\/\\\/aureliusjewelry.com\\\/fr\\\/#website\",\"url\":\"https:\\\/\\\/aureliusjewelry.com\\\/fr\\\/\",\"name\":\"Aurelius Jewelry\",\"description\":\"Handmade Fine Gold Jewelry\",\"publisher\":{\"@id\":\"https:\\\/\\\/aureliusjewelry.com\\\/fr\\\/#organization\"},\"potentialAction\":[{\"@type\":\"SearchAction\",\"target\":{\"@type\":\"EntryPoint\",\"urlTemplate\":\"https:\\\/\\\/aureliusjewelry.com\\\/fr\\\/?s={search_term_string}\"},\"query-input\":{\"@type\":\"PropertyValueSpecification\",\"valueRequired\":true,\"valueName\":\"search_term_string\"}}],\"inLanguage\":\"fr-FR\"},{\"@type\":\"Organization\",\"@id\":\"https:\\\/\\\/aureliusjewelry.com\\\/fr\\\/#organization\",\"name\":\"Aurelius Jewelry\",\"url\":\"https:\\\/\\\/aureliusjewelry.com\\\/fr\\\/\",\"logo\":{\"@type\":\"ImageObject\",\"inLanguage\":\"fr-FR\",\"@id\":\"https:\\\/\\\/aureliusjewelry.com\\\/fr\\\/#\\\/schema\\\/logo\\\/image\\\/\",\"url\":\"https:\\\/\\\/aureliusjewelry.com\\\/wp-content\\\/uploads\\\/logo.png\",\"contentUrl\":\"https:\\\/\\\/aureliusjewelry.com\\\/wp-content\\\/uploads\\\/logo.png\",\"width\":400,\"height\":64,\"caption\":\"Aurelius Jewelry\"},\"image\":{\"@id\":\"https:\\\/\\\/aureliusjewelry.com\\\/fr\\\/#\\\/schema\\\/logo\\\/image\\\/\"},\"sameAs\":[\"https:\\\/\\\/www.facebook.com\\\/AureliusJewelry\\\/\",\"https:\\\/\\\/x.com\\\/AureliusJewelry\",\"https:\\\/\\\/instagram.com\\\/aureliusjewelry\",\"https:\\\/\\\/www.pinterest.com\\\/AureliusJewelry\\\/\"],\"email\":\"info@aureliusjewelry.com\",\"foundingDate\":\"2018-10-01\",\"vatID\":\"SI10391070\",\"hasMerchantReturnPolicy\":{\"@type\":\"MerchantReturnPolicy\",\"merchantReturnLink\":\"https:\\\/\\\/aureliusjewelry.com\\\/our-policies\\\/terms-conditions\\\/\"}}]}<\/script>\n<meta property=\"og:availability\" content=\"backorder\" \/>\n<meta property=\"product:availability\" content=\"available for order\" \/>\n<meta property=\"product:retailer_item_id\" content=\"40394\" \/>\n<meta property=\"product:condition\" content=\"new\" \/>","yoast_head_json":{"title":"Grande bague de fian\u00e7ailles moissanite en forme de cerf-volant avec diamant rond et marquise - Aurelius Jewelry","robots":{"index":"index","follow":"follow","max-snippet":"max-snippet:-1","max-image-preview":"max-image-preview:large","max-video-preview":"max-video-preview:-1"},"canonical":"https:\/\/aureliusjewelry.com\/fr\/grande-bague-de-fiancailles-moissanite-en-forme-de-cerf-volant-avec-diamant-rond-et-marquise\/","og_locale":"fr_FR","og_type":"article","og_title":"Grande bague de fian\u00e7ailles moissanite en forme de cerf-volant avec diamant rond et marquise - Aurelius Jewelry","og_description":"%","og_url":"https:\/\/aureliusjewelry.com\/fr\/grande-bague-de-fiancailles-moissanite-en-forme-de-cerf-volant-avec-diamant-rond-et-marquise\/","og_site_name":"Aurelius Jewelry","article_publisher":"https:\/\/www.facebook.com\/AureliusJewelry\/","article_modified_time":"2026-04-14T04:50:54+00:00","og_image":[{"width":1920,"height":1440,"url":"https:\/\/aureliusjewelry.com\/wp-content\/uploads\/large-kite-moissanite-engagement-ring.jpg","type":"image\/jpeg"}],"twitter_card":"summary_large_image","twitter_site":"@AureliusJewelry","schema":{"@context":"https:\/\/schema.org","@graph":[{"@type":"WebPage","@id":"https:\/\/aureliusjewelry.com\/fr\/grande-bague-de-fiancailles-moissanite-en-forme-de-cerf-volant-avec-diamant-rond-et-marquise\/","url":"https:\/\/aureliusjewelry.com\/fr\/grande-bague-de-fiancailles-moissanite-en-forme-de-cerf-volant-avec-diamant-rond-et-marquise\/","name":"Grande bague de fian\u00e7ailles moissanite en forme de cerf-volant avec diamant rond et marquise - Aurelius Jewelry","isPartOf":{"@id":"https:\/\/aureliusjewelry.com\/fr\/#website"},"primaryImageOfPage":{"@id":"https:\/\/aureliusjewelry.com\/fr\/grande-bague-de-fiancailles-moissanite-en-forme-de-cerf-volant-avec-diamant-rond-et-marquise\/#primaryimage"},"image":{"@id":"https:\/\/aureliusjewelry.com\/fr\/grande-bague-de-fiancailles-moissanite-en-forme-de-cerf-volant-avec-diamant-rond-et-marquise\/#primaryimage"},"thumbnailUrl":"https:\/\/aureliusjewelry.com\/wp-content\/uploads\/large-kite-moissanite-engagement-ring.jpg","datePublished":"2023-10-09T20:44:38+00:00","dateModified":"2026-04-14T04:50:54+00:00","breadcrumb":{"@id":"https:\/\/aureliusjewelry.com\/fr\/grande-bague-de-fiancailles-moissanite-en-forme-de-cerf-volant-avec-diamant-rond-et-marquise\/#breadcrumb"},"inLanguage":"fr-FR","potentialAction":[{"@type":"ReadAction","target":["https:\/\/aureliusjewelry.com\/fr\/grande-bague-de-fiancailles-moissanite-en-forme-de-cerf-volant-avec-diamant-rond-et-marquise\/"]}]},{"@type":"ImageObject","inLanguage":"fr-FR","@id":"https:\/\/aureliusjewelry.com\/fr\/grande-bague-de-fiancailles-moissanite-en-forme-de-cerf-volant-avec-diamant-rond-et-marquise\/#primaryimage","url":"https:\/\/aureliusjewelry.com\/wp-content\/uploads\/large-kite-moissanite-engagement-ring.jpg","contentUrl":"https:\/\/aureliusjewelry.com\/wp-content\/uploads\/large-kite-moissanite-engagement-ring.jpg","width":1920,"height":1440},{"@type":"BreadcrumbList","@id":"https:\/\/aureliusjewelry.com\/fr\/grande-bague-de-fiancailles-moissanite-en-forme-de-cerf-volant-avec-diamant-rond-et-marquise\/#breadcrumb","itemListElement":[{"@type":"ListItem","position":1,"name":"Home","item":"https:\/\/aureliusjewelry.com\/fr\/"},{"@type":"ListItem","position":2,"name":"Boutique","item":"https:\/\/aureliusjewelry.com\/fr\/boutique\/"},{"@type":"ListItem","position":3,"name":"Grande bague de fian\u00e7ailles moissanite en forme de cerf-volant avec diamant rond et marquise"}]},{"@type":"WebSite","@id":"https:\/\/aureliusjewelry.com\/fr\/#website","url":"https:\/\/aureliusjewelry.com\/fr\/","name":"Aurelius Jewelry","description":"Handmade Fine Gold Jewelry","publisher":{"@id":"https:\/\/aureliusjewelry.com\/fr\/#organization"},"potentialAction":[{"@type":"SearchAction","target":{"@type":"EntryPoint","urlTemplate":"https:\/\/aureliusjewelry.com\/fr\/?s={search_term_string}"},"query-input":{"@type":"PropertyValueSpecification","valueRequired":true,"valueName":"search_term_string"}}],"inLanguage":"fr-FR"},{"@type":"Organization","@id":"https:\/\/aureliusjewelry.com\/fr\/#organization","name":"Aurelius Jewelry","url":"https:\/\/aureliusjewelry.com\/fr\/","logo":{"@type":"ImageObject","inLanguage":"fr-FR","@id":"https:\/\/aureliusjewelry.com\/fr\/#\/schema\/logo\/image\/","url":"https:\/\/aureliusjewelry.com\/wp-content\/uploads\/logo.png","contentUrl":"https:\/\/aureliusjewelry.com\/wp-content\/uploads\/logo.png","width":400,"height":64,"caption":"Aurelius Jewelry"},"image":{"@id":"https:\/\/aureliusjewelry.com\/fr\/#\/schema\/logo\/image\/"},"sameAs":["https:\/\/www.facebook.com\/AureliusJewelry\/","https:\/\/x.com\/AureliusJewelry","https:\/\/instagram.com\/aureliusjewelry","https:\/\/www.pinterest.com\/AureliusJewelry\/"],"email":"info@aureliusjewelry.com","foundingDate":"2018-10-01","vatID":"SI10391070","hasMerchantReturnPolicy":{"@type":"MerchantReturnPolicy","merchantReturnLink":"https:\/\/aureliusjewelry.com\/our-policies\/terms-conditions\/"}}]},"og_availability":"backorder","product_availability":"available for order","product_retailer_item_id":"40394","product_condition":"new"},"_links":{"self":[{"href":"https:\/\/aureliusjewelry.com\/fr\/wp-json\/wp\/v2\/product\/49713","targetHints":{"allow":["GET"]}}],"collection":[{"href":"https:\/\/aureliusjewelry.com\/fr\/wp-json\/wp\/v2\/product"}],"about":[{"href":"https:\/\/aureliusjewelry.com\/fr\/wp-json\/wp\/v2\/types\/product"}],"replies":[{"embeddable":true,"href":"https:\/\/aureliusjewelry.com\/fr\/wp-json\/wp\/v2\/comments?post=49713"}],"wp:featuredmedia":[{"embeddable":true,"href":"https:\/\/aureliusjewelry.com\/fr\/wp-json\/wp\/v2\/media\/40405"}],"wp:attachment":[{"href":"https:\/\/aureliusjewelry.com\/fr\/wp-json\/wp\/v2\/media?parent=49713"}],"wp:term":[{"taxonomy":"product_brand","embeddable":true,"href":"https:\/\/aureliusjewelry.com\/fr\/wp-json\/wp\/v2\/product_brand?post=49713"},{"taxonomy":"product_cat","embeddable":true,"href":"https:\/\/aureliusjewelry.com\/fr\/wp-json\/wp\/v2\/product_cat?post=49713"},{"taxonomy":"product_tag","embeddable":true,"href":"https:\/\/aureliusjewelry.com\/fr\/wp-json\/wp\/v2\/product_tag?post=49713"}],"curies":[{"name":"wp","href":"https:\/\/api.w.org\/{rel}","templated":true}]}}