{"id":49579,"date":"2023-12-04T14:03:53","date_gmt":"2023-12-04T12:03:53","guid":{"rendered":"http:\/\/aureliusjewelry.com\/product\/boucles-doreilles-en-quartz-rutile-en-forme-de-poire\/"},"modified":"2026-03-19T18:19:41","modified_gmt":"2026-03-19T16:19:41","slug":"boucles-doreilles-en-quartz-rutile-en-forme-de-poire","status":"publish","type":"product","link":"https:\/\/aureliusjewelry.com\/fr\/boucles-doreilles-en-quartz-rutile-en-forme-de-poire\/","title":{"rendered":"Boucles d&rsquo;oreilles en quartz rutil\u00e9 en forme de poire"},"content":{"rendered":"<p><strong>Des pierres<\/strong><\/p>\n<ul>\n<li>pear rutilated quartz<\/li>\n<li>environ. 9x6mm (2)<\/li>\n<\/ul>\n<p><strong>Mesures et mat\u00e9riau des boucles d&rsquo;oreilles<\/strong><\/p>\n<ul>\n<li>environ. 10mm<\/li>\n<li>disponible en or jaune, blanc ou rose 14 carats<\/li>\n<\/ul>\n","protected":false},"excerpt":{"rendered":"<p>Ces boucles d&rsquo;oreilles en quartz rutil\u00e9 poire sont parfaites pour \u00eatre port\u00e9es de mani\u00e8re polyvalente avec n&rsquo;importe quelle tenue et constituent un cadeau tr\u00e8s romantique pour votre meilleure moiti\u00e9. La taille poire rose est f\u00e9minine et raffin\u00e9e, et lorsque vous assemblez les deux clous d&rsquo;oreilles, elles forment un c\u0153ur. La chaleur des montures en or rose fait ressortir le contraste avec les fils de rutile noirs de ces superbes pierres pr\u00e9cieuses de quartz.<\/p>\n","protected":false},"featured_media":45759,"comment_status":"open","ping_status":"closed","template":"","meta":[],"product_brand":[],"product_cat":[943,1101,945],"product_tag":[974,980,989],"class_list":{"0":"post-49579","1":"product","2":"type-product","3":"status-publish","4":"has-post-thumbnail","6":"product_cat-bijouterie-fine","7":"product_cat-boucles-doreilles-quartz-rutile","8":"product_cat-boucles-doreilles","9":"product_tag-poire","10":"product_tag-quartz-rutile","11":"product_tag-temps_de_production_3_5","13":"first","14":"onbackorder","15":"sold-individually","16":"taxable","17":"shipping-taxable","18":"purchasable","19":"product-type-variable"},"yoast_head":"<title>Boucles d&#039;oreilles en quartz rutil\u00e9 en forme de poire - Aurelius Jewelry<\/title>\n<meta name=\"robots\" content=\"index, follow, max-snippet:-1, max-image-preview:large, max-video-preview:-1\" \/>\n<link rel=\"canonical\" href=\"https:\/\/aureliusjewelry.com\/fr\/boucles-doreilles-en-quartz-rutile-en-forme-de-poire\/\" \/>\n<meta property=\"og:locale\" content=\"fr_FR\" \/>\n<meta property=\"og:type\" content=\"article\" \/>\n<meta property=\"og:title\" content=\"Boucles d&#039;oreilles en quartz rutil\u00e9 en forme de poire - Aurelius Jewelry\" \/>\n<meta property=\"og:description\" content=\"%\" \/>\n<meta property=\"og:url\" content=\"https:\/\/aureliusjewelry.com\/fr\/boucles-doreilles-en-quartz-rutile-en-forme-de-poire\/\" \/>\n<meta property=\"og:site_name\" content=\"Aurelius Jewelry\" \/>\n<meta property=\"article:publisher\" content=\"https:\/\/www.facebook.com\/AureliusJewelry\/\" \/>\n<meta property=\"article:modified_time\" content=\"2026-03-19T16:19:41+00:00\" \/>\n<meta property=\"og:image\" content=\"https:\/\/aureliusjewelry.com\/wp-content\/uploads\/rose-gold-pear-rutilated-quartz-stud-earrings.jpg\" \/>\n\t<meta property=\"og:image:width\" content=\"1920\" \/>\n\t<meta property=\"og:image:height\" content=\"1440\" \/>\n\t<meta property=\"og:image:type\" content=\"image\/jpeg\" \/>\n<meta name=\"twitter:card\" content=\"summary_large_image\" \/>\n<meta name=\"twitter:site\" content=\"@AureliusJewelry\" \/>\n<script type=\"application\/ld+json\" class=\"yoast-schema-graph\">{\"@context\":\"https:\\\/\\\/schema.org\",\"@graph\":[{\"@type\":\"WebPage\",\"@id\":\"https:\\\/\\\/aureliusjewelry.com\\\/fr\\\/boucles-doreilles-en-quartz-rutile-en-forme-de-poire\\\/\",\"url\":\"https:\\\/\\\/aureliusjewelry.com\\\/fr\\\/boucles-doreilles-en-quartz-rutile-en-forme-de-poire\\\/\",\"name\":\"Boucles d'oreilles en quartz rutil\u00e9 en forme de poire - Aurelius Jewelry\",\"isPartOf\":{\"@id\":\"https:\\\/\\\/aureliusjewelry.com\\\/fr\\\/#website\"},\"primaryImageOfPage\":{\"@id\":\"https:\\\/\\\/aureliusjewelry.com\\\/fr\\\/boucles-doreilles-en-quartz-rutile-en-forme-de-poire\\\/#primaryimage\"},\"image\":{\"@id\":\"https:\\\/\\\/aureliusjewelry.com\\\/fr\\\/boucles-doreilles-en-quartz-rutile-en-forme-de-poire\\\/#primaryimage\"},\"thumbnailUrl\":\"https:\\\/\\\/aureliusjewelry.com\\\/wp-content\\\/uploads\\\/rose-gold-pear-rutilated-quartz-stud-earrings.jpg\",\"datePublished\":\"2023-12-04T12:03:53+00:00\",\"dateModified\":\"2026-03-19T16:19:41+00:00\",\"breadcrumb\":{\"@id\":\"https:\\\/\\\/aureliusjewelry.com\\\/fr\\\/boucles-doreilles-en-quartz-rutile-en-forme-de-poire\\\/#breadcrumb\"},\"inLanguage\":\"fr-FR\",\"potentialAction\":[{\"@type\":\"ReadAction\",\"target\":[\"https:\\\/\\\/aureliusjewelry.com\\\/fr\\\/boucles-doreilles-en-quartz-rutile-en-forme-de-poire\\\/\"]}]},{\"@type\":\"ImageObject\",\"inLanguage\":\"fr-FR\",\"@id\":\"https:\\\/\\\/aureliusjewelry.com\\\/fr\\\/boucles-doreilles-en-quartz-rutile-en-forme-de-poire\\\/#primaryimage\",\"url\":\"https:\\\/\\\/aureliusjewelry.com\\\/wp-content\\\/uploads\\\/rose-gold-pear-rutilated-quartz-stud-earrings.jpg\",\"contentUrl\":\"https:\\\/\\\/aureliusjewelry.com\\\/wp-content\\\/uploads\\\/rose-gold-pear-rutilated-quartz-stud-earrings.jpg\",\"width\":1920,\"height\":1440},{\"@type\":\"BreadcrumbList\",\"@id\":\"https:\\\/\\\/aureliusjewelry.com\\\/fr\\\/boucles-doreilles-en-quartz-rutile-en-forme-de-poire\\\/#breadcrumb\",\"itemListElement\":[{\"@type\":\"ListItem\",\"position\":1,\"name\":\"Home\",\"item\":\"https:\\\/\\\/aureliusjewelry.com\\\/fr\\\/\"},{\"@type\":\"ListItem\",\"position\":2,\"name\":\"Boutique\",\"item\":\"https:\\\/\\\/aureliusjewelry.com\\\/fr\\\/boutique\\\/\"},{\"@type\":\"ListItem\",\"position\":3,\"name\":\"Boucles d&#8217;oreilles en quartz rutil\u00e9 en forme de poire\"}]},{\"@type\":\"WebSite\",\"@id\":\"https:\\\/\\\/aureliusjewelry.com\\\/fr\\\/#website\",\"url\":\"https:\\\/\\\/aureliusjewelry.com\\\/fr\\\/\",\"name\":\"Aurelius Jewelry\",\"description\":\"Handmade Fine Gold Jewelry\",\"publisher\":{\"@id\":\"https:\\\/\\\/aureliusjewelry.com\\\/fr\\\/#organization\"},\"potentialAction\":[{\"@type\":\"SearchAction\",\"target\":{\"@type\":\"EntryPoint\",\"urlTemplate\":\"https:\\\/\\\/aureliusjewelry.com\\\/fr\\\/?s={search_term_string}\"},\"query-input\":{\"@type\":\"PropertyValueSpecification\",\"valueRequired\":true,\"valueName\":\"search_term_string\"}}],\"inLanguage\":\"fr-FR\"},{\"@type\":\"Organization\",\"@id\":\"https:\\\/\\\/aureliusjewelry.com\\\/fr\\\/#organization\",\"name\":\"Aurelius Jewelry\",\"url\":\"https:\\\/\\\/aureliusjewelry.com\\\/fr\\\/\",\"logo\":{\"@type\":\"ImageObject\",\"inLanguage\":\"fr-FR\",\"@id\":\"https:\\\/\\\/aureliusjewelry.com\\\/fr\\\/#\\\/schema\\\/logo\\\/image\\\/\",\"url\":\"https:\\\/\\\/aureliusjewelry.com\\\/wp-content\\\/uploads\\\/logo.png\",\"contentUrl\":\"https:\\\/\\\/aureliusjewelry.com\\\/wp-content\\\/uploads\\\/logo.png\",\"width\":400,\"height\":64,\"caption\":\"Aurelius Jewelry\"},\"image\":{\"@id\":\"https:\\\/\\\/aureliusjewelry.com\\\/fr\\\/#\\\/schema\\\/logo\\\/image\\\/\"},\"sameAs\":[\"https:\\\/\\\/www.facebook.com\\\/AureliusJewelry\\\/\",\"https:\\\/\\\/x.com\\\/AureliusJewelry\",\"https:\\\/\\\/instagram.com\\\/aureliusjewelry\",\"https:\\\/\\\/www.pinterest.com\\\/AureliusJewelry\\\/\"],\"email\":\"info@aureliusjewelry.com\",\"foundingDate\":\"2018-10-01\",\"vatID\":\"SI10391070\",\"hasMerchantReturnPolicy\":{\"@type\":\"MerchantReturnPolicy\",\"merchantReturnLink\":\"https:\\\/\\\/aureliusjewelry.com\\\/our-policies\\\/terms-conditions\\\/\"}}]}<\/script>\n<meta property=\"og:availability\" content=\"backorder\" \/>\n<meta property=\"product:availability\" content=\"available for order\" \/>\n<meta property=\"product:retailer_item_id\" content=\"45755\" \/>\n<meta property=\"product:condition\" content=\"new\" \/>","yoast_head_json":{"title":"Boucles d'oreilles en quartz rutil\u00e9 en forme de poire - Aurelius Jewelry","robots":{"index":"index","follow":"follow","max-snippet":"max-snippet:-1","max-image-preview":"max-image-preview:large","max-video-preview":"max-video-preview:-1"},"canonical":"https:\/\/aureliusjewelry.com\/fr\/boucles-doreilles-en-quartz-rutile-en-forme-de-poire\/","og_locale":"fr_FR","og_type":"article","og_title":"Boucles d'oreilles en quartz rutil\u00e9 en forme de poire - Aurelius Jewelry","og_description":"%","og_url":"https:\/\/aureliusjewelry.com\/fr\/boucles-doreilles-en-quartz-rutile-en-forme-de-poire\/","og_site_name":"Aurelius Jewelry","article_publisher":"https:\/\/www.facebook.com\/AureliusJewelry\/","article_modified_time":"2026-03-19T16:19:41+00:00","og_image":[{"width":1920,"height":1440,"url":"https:\/\/aureliusjewelry.com\/wp-content\/uploads\/rose-gold-pear-rutilated-quartz-stud-earrings.jpg","type":"image\/jpeg"}],"twitter_card":"summary_large_image","twitter_site":"@AureliusJewelry","schema":{"@context":"https:\/\/schema.org","@graph":[{"@type":"WebPage","@id":"https:\/\/aureliusjewelry.com\/fr\/boucles-doreilles-en-quartz-rutile-en-forme-de-poire\/","url":"https:\/\/aureliusjewelry.com\/fr\/boucles-doreilles-en-quartz-rutile-en-forme-de-poire\/","name":"Boucles d'oreilles en quartz rutil\u00e9 en forme de poire - Aurelius Jewelry","isPartOf":{"@id":"https:\/\/aureliusjewelry.com\/fr\/#website"},"primaryImageOfPage":{"@id":"https:\/\/aureliusjewelry.com\/fr\/boucles-doreilles-en-quartz-rutile-en-forme-de-poire\/#primaryimage"},"image":{"@id":"https:\/\/aureliusjewelry.com\/fr\/boucles-doreilles-en-quartz-rutile-en-forme-de-poire\/#primaryimage"},"thumbnailUrl":"https:\/\/aureliusjewelry.com\/wp-content\/uploads\/rose-gold-pear-rutilated-quartz-stud-earrings.jpg","datePublished":"2023-12-04T12:03:53+00:00","dateModified":"2026-03-19T16:19:41+00:00","breadcrumb":{"@id":"https:\/\/aureliusjewelry.com\/fr\/boucles-doreilles-en-quartz-rutile-en-forme-de-poire\/#breadcrumb"},"inLanguage":"fr-FR","potentialAction":[{"@type":"ReadAction","target":["https:\/\/aureliusjewelry.com\/fr\/boucles-doreilles-en-quartz-rutile-en-forme-de-poire\/"]}]},{"@type":"ImageObject","inLanguage":"fr-FR","@id":"https:\/\/aureliusjewelry.com\/fr\/boucles-doreilles-en-quartz-rutile-en-forme-de-poire\/#primaryimage","url":"https:\/\/aureliusjewelry.com\/wp-content\/uploads\/rose-gold-pear-rutilated-quartz-stud-earrings.jpg","contentUrl":"https:\/\/aureliusjewelry.com\/wp-content\/uploads\/rose-gold-pear-rutilated-quartz-stud-earrings.jpg","width":1920,"height":1440},{"@type":"BreadcrumbList","@id":"https:\/\/aureliusjewelry.com\/fr\/boucles-doreilles-en-quartz-rutile-en-forme-de-poire\/#breadcrumb","itemListElement":[{"@type":"ListItem","position":1,"name":"Home","item":"https:\/\/aureliusjewelry.com\/fr\/"},{"@type":"ListItem","position":2,"name":"Boutique","item":"https:\/\/aureliusjewelry.com\/fr\/boutique\/"},{"@type":"ListItem","position":3,"name":"Boucles d&#8217;oreilles en quartz rutil\u00e9 en forme de poire"}]},{"@type":"WebSite","@id":"https:\/\/aureliusjewelry.com\/fr\/#website","url":"https:\/\/aureliusjewelry.com\/fr\/","name":"Aurelius Jewelry","description":"Handmade Fine Gold Jewelry","publisher":{"@id":"https:\/\/aureliusjewelry.com\/fr\/#organization"},"potentialAction":[{"@type":"SearchAction","target":{"@type":"EntryPoint","urlTemplate":"https:\/\/aureliusjewelry.com\/fr\/?s={search_term_string}"},"query-input":{"@type":"PropertyValueSpecification","valueRequired":true,"valueName":"search_term_string"}}],"inLanguage":"fr-FR"},{"@type":"Organization","@id":"https:\/\/aureliusjewelry.com\/fr\/#organization","name":"Aurelius Jewelry","url":"https:\/\/aureliusjewelry.com\/fr\/","logo":{"@type":"ImageObject","inLanguage":"fr-FR","@id":"https:\/\/aureliusjewelry.com\/fr\/#\/schema\/logo\/image\/","url":"https:\/\/aureliusjewelry.com\/wp-content\/uploads\/logo.png","contentUrl":"https:\/\/aureliusjewelry.com\/wp-content\/uploads\/logo.png","width":400,"height":64,"caption":"Aurelius Jewelry"},"image":{"@id":"https:\/\/aureliusjewelry.com\/fr\/#\/schema\/logo\/image\/"},"sameAs":["https:\/\/www.facebook.com\/AureliusJewelry\/","https:\/\/x.com\/AureliusJewelry","https:\/\/instagram.com\/aureliusjewelry","https:\/\/www.pinterest.com\/AureliusJewelry\/"],"email":"info@aureliusjewelry.com","foundingDate":"2018-10-01","vatID":"SI10391070","hasMerchantReturnPolicy":{"@type":"MerchantReturnPolicy","merchantReturnLink":"https:\/\/aureliusjewelry.com\/our-policies\/terms-conditions\/"}}]},"og_availability":"backorder","product_availability":"available for order","product_retailer_item_id":"45755","product_condition":"new"},"_links":{"self":[{"href":"https:\/\/aureliusjewelry.com\/fr\/wp-json\/wp\/v2\/product\/49579","targetHints":{"allow":["GET"]}}],"collection":[{"href":"https:\/\/aureliusjewelry.com\/fr\/wp-json\/wp\/v2\/product"}],"about":[{"href":"https:\/\/aureliusjewelry.com\/fr\/wp-json\/wp\/v2\/types\/product"}],"replies":[{"embeddable":true,"href":"https:\/\/aureliusjewelry.com\/fr\/wp-json\/wp\/v2\/comments?post=49579"}],"wp:featuredmedia":[{"embeddable":true,"href":"https:\/\/aureliusjewelry.com\/fr\/wp-json\/wp\/v2\/media\/45759"}],"wp:attachment":[{"href":"https:\/\/aureliusjewelry.com\/fr\/wp-json\/wp\/v2\/media?parent=49579"}],"wp:term":[{"taxonomy":"product_brand","embeddable":true,"href":"https:\/\/aureliusjewelry.com\/fr\/wp-json\/wp\/v2\/product_brand?post=49579"},{"taxonomy":"product_cat","embeddable":true,"href":"https:\/\/aureliusjewelry.com\/fr\/wp-json\/wp\/v2\/product_cat?post=49579"},{"taxonomy":"product_tag","embeddable":true,"href":"https:\/\/aureliusjewelry.com\/fr\/wp-json\/wp\/v2\/product_tag?post=49579"}],"curies":[{"name":"wp","href":"https:\/\/api.w.org\/{rel}","templated":true}]}}