{"id":49323,"date":"2023-10-18T13:26:55","date_gmt":"2023-10-18T11:26:55","guid":{"rendered":"http:\/\/aureliusjewelry.com\/product\/bague-de-fiancailles-en-agate-mousse-en-forme-dhexagone-allonge-a-orientation-horizontale-avec-diamants\/"},"modified":"2026-04-14T07:13:34","modified_gmt":"2026-04-14T05:13:34","slug":"bague-de-fiancailles-en-agate-mousse-en-forme-dhexagone-allonge-a-orientation-horizontale-avec-diamants","status":"publish","type":"product","link":"https:\/\/aureliusjewelry.com\/fr\/bague-de-fiancailles-en-agate-mousse-en-forme-dhexagone-allonge-a-orientation-horizontale-avec-diamants\/","title":{"rendered":"Bague de fian\u00e7ailles en agate mousse en forme d&rsquo;hexagone allong\u00e9 \u00e0 orientation horizontale avec diamants"},"content":{"rendered":"<p><strong>Des pierres<\/strong><\/p>\n<ul>\n<li>agate mousse hexagonale allong\u00e9e<\/li>\n<li>environ. 8x6mm<\/li>\n<li>diamants ronds<\/li>\n<li>environ. 1.5mm (2), 1.25mm (2), 1mm (2)<\/li>\n<li>Couleur F\/G, clart\u00e9 VS, sans conflit<\/li>\n<\/ul>\n<p><strong>Mesures et mat\u00e9riau du bracelet<\/strong><\/p>\n<ul>\n<li>1.5mm large, 1.6mm \u00e9pais<\/li>\n<li>disponible en or jaune, blanc ou rose 14 carats\/18 carats et platine<\/li>\n<li>Taille de bague am\u00e9ricaine 3-9, tailles plus petites ou plus grandes disponibles sur demande<\/li>\n<\/ul>\n","protected":false},"excerpt":{"rendered":"<p>Si vous aimez les pierres pr\u00e9cieuses uniques en leur genre aux formes inhabituelles, vous pouvez pimenter votre collection avec notre bague de fian\u00e7ailles en agate mousse hexagonale allong\u00e9e et en diamant. Les motifs moussus captivants d\u00e9gagent une ambiance boh\u00e8me et sont le choix pr\u00e9f\u00e9r\u00e9 de toutes les mari\u00e9es alternatives. De petits diamants ronds \u00e9blouissent gracieusement la bande dor\u00e9e tranchante et contrastent avec la riche agate mousse verte. Portez-le comme symbole d&rsquo;individualit\u00e9 ou de votre histoire d&rsquo;amour unique.<\/p>\n","protected":false},"featured_media":40880,"comment_status":"open","ping_status":"closed","template":"","meta":[],"product_brand":[],"product_cat":[1471,1446,896,918,921,1455,900,902],"product_tag":[969,991,992,957,958,989],"class_list":{"0":"post-49323","1":"product","2":"type-product","3":"status-publish","4":"has-post-thumbnail","6":"product_cat-bague-de-fiancailles-a-sept-pierres","7":"product_cat-bague-de-fiancailles-est-ouest","8":"product_cat-bagues","9":"product_cat-bagues-de-fiancailles","10":"product_cat-bagues-de-fiancailles-en-agate-mousse","11":"product_cat-bagues-de-fiancailles-geometriques","12":"product_cat-moderne","13":"product_cat-singularite","14":"product_tag-agate-mousse","15":"product_tag-bague-tag","16":"product_tag-bagues-tag","17":"product_tag-geometrique","18":"product_tag-hexagone","19":"product_tag-temps_de_production_3_5","21":"first","22":"onbackorder","23":"sold-individually","24":"taxable","25":"shipping-taxable","26":"purchasable","27":"product-type-variable"},"yoast_head":"<title>Bague de fian\u00e7ailles en agate mousse en forme d&#039;hexagone allong\u00e9 \u00e0 orientation horizontale avec diamants - Aurelius Jewelry<\/title>\n<meta name=\"robots\" content=\"index, follow, max-snippet:-1, max-image-preview:large, max-video-preview:-1\" \/>\n<link rel=\"canonical\" href=\"https:\/\/aureliusjewelry.com\/fr\/bague-de-fiancailles-en-agate-mousse-en-forme-dhexagone-allonge-a-orientation-horizontale-avec-diamants\/\" \/>\n<meta property=\"og:locale\" content=\"fr_FR\" \/>\n<meta property=\"og:type\" content=\"article\" \/>\n<meta property=\"og:title\" content=\"Bague de fian\u00e7ailles en agate mousse en forme d&#039;hexagone allong\u00e9 \u00e0 orientation horizontale avec diamants - Aurelius Jewelry\" \/>\n<meta property=\"og:description\" content=\"%\" \/>\n<meta property=\"og:url\" content=\"https:\/\/aureliusjewelry.com\/fr\/bague-de-fiancailles-en-agate-mousse-en-forme-dhexagone-allonge-a-orientation-horizontale-avec-diamants\/\" \/>\n<meta property=\"og:site_name\" content=\"Aurelius Jewelry\" \/>\n<meta property=\"article:publisher\" content=\"https:\/\/www.facebook.com\/AureliusJewelry\/\" \/>\n<meta property=\"article:modified_time\" content=\"2026-04-14T05:13:34+00:00\" \/>\n<meta property=\"og:image\" content=\"https:\/\/aureliusjewelry.com\/wp-content\/uploads\/geometric-moss-agate-engagement-ring-yellow-gold.jpg\" \/>\n\t<meta property=\"og:image:width\" content=\"1920\" \/>\n\t<meta property=\"og:image:height\" content=\"1440\" \/>\n\t<meta property=\"og:image:type\" content=\"image\/jpeg\" \/>\n<meta name=\"twitter:card\" content=\"summary_large_image\" \/>\n<meta name=\"twitter:site\" content=\"@AureliusJewelry\" \/>\n<script type=\"application\/ld+json\" class=\"yoast-schema-graph\">{\"@context\":\"https:\\\/\\\/schema.org\",\"@graph\":[{\"@type\":\"WebPage\",\"@id\":\"https:\\\/\\\/aureliusjewelry.com\\\/fr\\\/bague-de-fiancailles-en-agate-mousse-en-forme-dhexagone-allonge-a-orientation-horizontale-avec-diamants\\\/\",\"url\":\"https:\\\/\\\/aureliusjewelry.com\\\/fr\\\/bague-de-fiancailles-en-agate-mousse-en-forme-dhexagone-allonge-a-orientation-horizontale-avec-diamants\\\/\",\"name\":\"Bague de fian\u00e7ailles en agate mousse en forme d'hexagone allong\u00e9 \u00e0 orientation horizontale avec diamants - Aurelius Jewelry\",\"isPartOf\":{\"@id\":\"https:\\\/\\\/aureliusjewelry.com\\\/fr\\\/#website\"},\"primaryImageOfPage\":{\"@id\":\"https:\\\/\\\/aureliusjewelry.com\\\/fr\\\/bague-de-fiancailles-en-agate-mousse-en-forme-dhexagone-allonge-a-orientation-horizontale-avec-diamants\\\/#primaryimage\"},\"image\":{\"@id\":\"https:\\\/\\\/aureliusjewelry.com\\\/fr\\\/bague-de-fiancailles-en-agate-mousse-en-forme-dhexagone-allonge-a-orientation-horizontale-avec-diamants\\\/#primaryimage\"},\"thumbnailUrl\":\"https:\\\/\\\/aureliusjewelry.com\\\/wp-content\\\/uploads\\\/geometric-moss-agate-engagement-ring-yellow-gold.jpg\",\"datePublished\":\"2023-10-18T11:26:55+00:00\",\"dateModified\":\"2026-04-14T05:13:34+00:00\",\"breadcrumb\":{\"@id\":\"https:\\\/\\\/aureliusjewelry.com\\\/fr\\\/bague-de-fiancailles-en-agate-mousse-en-forme-dhexagone-allonge-a-orientation-horizontale-avec-diamants\\\/#breadcrumb\"},\"inLanguage\":\"fr-FR\",\"potentialAction\":[{\"@type\":\"ReadAction\",\"target\":[\"https:\\\/\\\/aureliusjewelry.com\\\/fr\\\/bague-de-fiancailles-en-agate-mousse-en-forme-dhexagone-allonge-a-orientation-horizontale-avec-diamants\\\/\"]}]},{\"@type\":\"ImageObject\",\"inLanguage\":\"fr-FR\",\"@id\":\"https:\\\/\\\/aureliusjewelry.com\\\/fr\\\/bague-de-fiancailles-en-agate-mousse-en-forme-dhexagone-allonge-a-orientation-horizontale-avec-diamants\\\/#primaryimage\",\"url\":\"https:\\\/\\\/aureliusjewelry.com\\\/wp-content\\\/uploads\\\/geometric-moss-agate-engagement-ring-yellow-gold.jpg\",\"contentUrl\":\"https:\\\/\\\/aureliusjewelry.com\\\/wp-content\\\/uploads\\\/geometric-moss-agate-engagement-ring-yellow-gold.jpg\",\"width\":1920,\"height\":1440},{\"@type\":\"BreadcrumbList\",\"@id\":\"https:\\\/\\\/aureliusjewelry.com\\\/fr\\\/bague-de-fiancailles-en-agate-mousse-en-forme-dhexagone-allonge-a-orientation-horizontale-avec-diamants\\\/#breadcrumb\",\"itemListElement\":[{\"@type\":\"ListItem\",\"position\":1,\"name\":\"Home\",\"item\":\"https:\\\/\\\/aureliusjewelry.com\\\/fr\\\/\"},{\"@type\":\"ListItem\",\"position\":2,\"name\":\"Boutique\",\"item\":\"https:\\\/\\\/aureliusjewelry.com\\\/fr\\\/boutique\\\/\"},{\"@type\":\"ListItem\",\"position\":3,\"name\":\"Bague de fian\u00e7ailles en agate mousse en forme d&#8217;hexagone allong\u00e9 \u00e0 orientation horizontale avec diamants\"}]},{\"@type\":\"WebSite\",\"@id\":\"https:\\\/\\\/aureliusjewelry.com\\\/fr\\\/#website\",\"url\":\"https:\\\/\\\/aureliusjewelry.com\\\/fr\\\/\",\"name\":\"Aurelius Jewelry\",\"description\":\"Handmade Fine Gold Jewelry\",\"publisher\":{\"@id\":\"https:\\\/\\\/aureliusjewelry.com\\\/fr\\\/#organization\"},\"potentialAction\":[{\"@type\":\"SearchAction\",\"target\":{\"@type\":\"EntryPoint\",\"urlTemplate\":\"https:\\\/\\\/aureliusjewelry.com\\\/fr\\\/?s={search_term_string}\"},\"query-input\":{\"@type\":\"PropertyValueSpecification\",\"valueRequired\":true,\"valueName\":\"search_term_string\"}}],\"inLanguage\":\"fr-FR\"},{\"@type\":\"Organization\",\"@id\":\"https:\\\/\\\/aureliusjewelry.com\\\/fr\\\/#organization\",\"name\":\"Aurelius Jewelry\",\"url\":\"https:\\\/\\\/aureliusjewelry.com\\\/fr\\\/\",\"logo\":{\"@type\":\"ImageObject\",\"inLanguage\":\"fr-FR\",\"@id\":\"https:\\\/\\\/aureliusjewelry.com\\\/fr\\\/#\\\/schema\\\/logo\\\/image\\\/\",\"url\":\"https:\\\/\\\/aureliusjewelry.com\\\/wp-content\\\/uploads\\\/logo.png\",\"contentUrl\":\"https:\\\/\\\/aureliusjewelry.com\\\/wp-content\\\/uploads\\\/logo.png\",\"width\":400,\"height\":64,\"caption\":\"Aurelius Jewelry\"},\"image\":{\"@id\":\"https:\\\/\\\/aureliusjewelry.com\\\/fr\\\/#\\\/schema\\\/logo\\\/image\\\/\"},\"sameAs\":[\"https:\\\/\\\/www.facebook.com\\\/AureliusJewelry\\\/\",\"https:\\\/\\\/x.com\\\/AureliusJewelry\",\"https:\\\/\\\/instagram.com\\\/aureliusjewelry\",\"https:\\\/\\\/www.pinterest.com\\\/AureliusJewelry\\\/\"],\"email\":\"info@aureliusjewelry.com\",\"foundingDate\":\"2018-10-01\",\"vatID\":\"SI10391070\",\"hasMerchantReturnPolicy\":{\"@type\":\"MerchantReturnPolicy\",\"merchantReturnLink\":\"https:\\\/\\\/aureliusjewelry.com\\\/our-policies\\\/terms-conditions\\\/\"}}]}<\/script>\n<meta property=\"og:availability\" content=\"backorder\" \/>\n<meta property=\"product:availability\" content=\"available for order\" \/>\n<meta property=\"product:retailer_item_id\" content=\"40869\" \/>\n<meta property=\"product:condition\" content=\"new\" \/>","yoast_head_json":{"title":"Bague de fian\u00e7ailles en agate mousse en forme d'hexagone allong\u00e9 \u00e0 orientation horizontale avec diamants - Aurelius Jewelry","robots":{"index":"index","follow":"follow","max-snippet":"max-snippet:-1","max-image-preview":"max-image-preview:large","max-video-preview":"max-video-preview:-1"},"canonical":"https:\/\/aureliusjewelry.com\/fr\/bague-de-fiancailles-en-agate-mousse-en-forme-dhexagone-allonge-a-orientation-horizontale-avec-diamants\/","og_locale":"fr_FR","og_type":"article","og_title":"Bague de fian\u00e7ailles en agate mousse en forme d'hexagone allong\u00e9 \u00e0 orientation horizontale avec diamants - Aurelius Jewelry","og_description":"%","og_url":"https:\/\/aureliusjewelry.com\/fr\/bague-de-fiancailles-en-agate-mousse-en-forme-dhexagone-allonge-a-orientation-horizontale-avec-diamants\/","og_site_name":"Aurelius Jewelry","article_publisher":"https:\/\/www.facebook.com\/AureliusJewelry\/","article_modified_time":"2026-04-14T05:13:34+00:00","og_image":[{"width":1920,"height":1440,"url":"https:\/\/aureliusjewelry.com\/wp-content\/uploads\/geometric-moss-agate-engagement-ring-yellow-gold.jpg","type":"image\/jpeg"}],"twitter_card":"summary_large_image","twitter_site":"@AureliusJewelry","schema":{"@context":"https:\/\/schema.org","@graph":[{"@type":"WebPage","@id":"https:\/\/aureliusjewelry.com\/fr\/bague-de-fiancailles-en-agate-mousse-en-forme-dhexagone-allonge-a-orientation-horizontale-avec-diamants\/","url":"https:\/\/aureliusjewelry.com\/fr\/bague-de-fiancailles-en-agate-mousse-en-forme-dhexagone-allonge-a-orientation-horizontale-avec-diamants\/","name":"Bague de fian\u00e7ailles en agate mousse en forme d'hexagone allong\u00e9 \u00e0 orientation horizontale avec diamants - Aurelius Jewelry","isPartOf":{"@id":"https:\/\/aureliusjewelry.com\/fr\/#website"},"primaryImageOfPage":{"@id":"https:\/\/aureliusjewelry.com\/fr\/bague-de-fiancailles-en-agate-mousse-en-forme-dhexagone-allonge-a-orientation-horizontale-avec-diamants\/#primaryimage"},"image":{"@id":"https:\/\/aureliusjewelry.com\/fr\/bague-de-fiancailles-en-agate-mousse-en-forme-dhexagone-allonge-a-orientation-horizontale-avec-diamants\/#primaryimage"},"thumbnailUrl":"https:\/\/aureliusjewelry.com\/wp-content\/uploads\/geometric-moss-agate-engagement-ring-yellow-gold.jpg","datePublished":"2023-10-18T11:26:55+00:00","dateModified":"2026-04-14T05:13:34+00:00","breadcrumb":{"@id":"https:\/\/aureliusjewelry.com\/fr\/bague-de-fiancailles-en-agate-mousse-en-forme-dhexagone-allonge-a-orientation-horizontale-avec-diamants\/#breadcrumb"},"inLanguage":"fr-FR","potentialAction":[{"@type":"ReadAction","target":["https:\/\/aureliusjewelry.com\/fr\/bague-de-fiancailles-en-agate-mousse-en-forme-dhexagone-allonge-a-orientation-horizontale-avec-diamants\/"]}]},{"@type":"ImageObject","inLanguage":"fr-FR","@id":"https:\/\/aureliusjewelry.com\/fr\/bague-de-fiancailles-en-agate-mousse-en-forme-dhexagone-allonge-a-orientation-horizontale-avec-diamants\/#primaryimage","url":"https:\/\/aureliusjewelry.com\/wp-content\/uploads\/geometric-moss-agate-engagement-ring-yellow-gold.jpg","contentUrl":"https:\/\/aureliusjewelry.com\/wp-content\/uploads\/geometric-moss-agate-engagement-ring-yellow-gold.jpg","width":1920,"height":1440},{"@type":"BreadcrumbList","@id":"https:\/\/aureliusjewelry.com\/fr\/bague-de-fiancailles-en-agate-mousse-en-forme-dhexagone-allonge-a-orientation-horizontale-avec-diamants\/#breadcrumb","itemListElement":[{"@type":"ListItem","position":1,"name":"Home","item":"https:\/\/aureliusjewelry.com\/fr\/"},{"@type":"ListItem","position":2,"name":"Boutique","item":"https:\/\/aureliusjewelry.com\/fr\/boutique\/"},{"@type":"ListItem","position":3,"name":"Bague de fian\u00e7ailles en agate mousse en forme d&#8217;hexagone allong\u00e9 \u00e0 orientation horizontale avec diamants"}]},{"@type":"WebSite","@id":"https:\/\/aureliusjewelry.com\/fr\/#website","url":"https:\/\/aureliusjewelry.com\/fr\/","name":"Aurelius Jewelry","description":"Handmade Fine Gold Jewelry","publisher":{"@id":"https:\/\/aureliusjewelry.com\/fr\/#organization"},"potentialAction":[{"@type":"SearchAction","target":{"@type":"EntryPoint","urlTemplate":"https:\/\/aureliusjewelry.com\/fr\/?s={search_term_string}"},"query-input":{"@type":"PropertyValueSpecification","valueRequired":true,"valueName":"search_term_string"}}],"inLanguage":"fr-FR"},{"@type":"Organization","@id":"https:\/\/aureliusjewelry.com\/fr\/#organization","name":"Aurelius Jewelry","url":"https:\/\/aureliusjewelry.com\/fr\/","logo":{"@type":"ImageObject","inLanguage":"fr-FR","@id":"https:\/\/aureliusjewelry.com\/fr\/#\/schema\/logo\/image\/","url":"https:\/\/aureliusjewelry.com\/wp-content\/uploads\/logo.png","contentUrl":"https:\/\/aureliusjewelry.com\/wp-content\/uploads\/logo.png","width":400,"height":64,"caption":"Aurelius Jewelry"},"image":{"@id":"https:\/\/aureliusjewelry.com\/fr\/#\/schema\/logo\/image\/"},"sameAs":["https:\/\/www.facebook.com\/AureliusJewelry\/","https:\/\/x.com\/AureliusJewelry","https:\/\/instagram.com\/aureliusjewelry","https:\/\/www.pinterest.com\/AureliusJewelry\/"],"email":"info@aureliusjewelry.com","foundingDate":"2018-10-01","vatID":"SI10391070","hasMerchantReturnPolicy":{"@type":"MerchantReturnPolicy","merchantReturnLink":"https:\/\/aureliusjewelry.com\/our-policies\/terms-conditions\/"}}]},"og_availability":"backorder","product_availability":"available for order","product_retailer_item_id":"40869","product_condition":"new"},"_links":{"self":[{"href":"https:\/\/aureliusjewelry.com\/fr\/wp-json\/wp\/v2\/product\/49323","targetHints":{"allow":["GET"]}}],"collection":[{"href":"https:\/\/aureliusjewelry.com\/fr\/wp-json\/wp\/v2\/product"}],"about":[{"href":"https:\/\/aureliusjewelry.com\/fr\/wp-json\/wp\/v2\/types\/product"}],"replies":[{"embeddable":true,"href":"https:\/\/aureliusjewelry.com\/fr\/wp-json\/wp\/v2\/comments?post=49323"}],"wp:featuredmedia":[{"embeddable":true,"href":"https:\/\/aureliusjewelry.com\/fr\/wp-json\/wp\/v2\/media\/40880"}],"wp:attachment":[{"href":"https:\/\/aureliusjewelry.com\/fr\/wp-json\/wp\/v2\/media?parent=49323"}],"wp:term":[{"taxonomy":"product_brand","embeddable":true,"href":"https:\/\/aureliusjewelry.com\/fr\/wp-json\/wp\/v2\/product_brand?post=49323"},{"taxonomy":"product_cat","embeddable":true,"href":"https:\/\/aureliusjewelry.com\/fr\/wp-json\/wp\/v2\/product_cat?post=49323"},{"taxonomy":"product_tag","embeddable":true,"href":"https:\/\/aureliusjewelry.com\/fr\/wp-json\/wp\/v2\/product_tag?post=49323"}],"curies":[{"name":"wp","href":"https:\/\/api.w.org\/{rel}","templated":true}]}}