{"id":49171,"date":"2023-10-09T10:03:44","date_gmt":"2023-10-09T08:03:44","guid":{"rendered":"http:\/\/aureliusjewelry.com\/product\/ensemble-de-bagues-solitaire-en-agate-mousse-hexagonale-serti-horizontalement\/"},"modified":"2026-04-14T07:20:24","modified_gmt":"2026-04-14T05:20:24","slug":"ensemble-de-bagues-solitaire-en-agate-mousse-hexagonale-serti-horizontalement","status":"publish","type":"product","link":"https:\/\/aureliusjewelry.com\/fr\/ensemble-de-bagues-solitaire-en-agate-mousse-hexagonale-serti-horizontalement\/","title":{"rendered":"Ensemble de bagues solitaire en agate mousse hexagonale serti horizontalement"},"content":{"rendered":"<p><strong>Bague de fian\u00e7ailles<\/strong><\/p>\n<ul>\n<li style=\"list-style-type: none;\">\n<ul>\n<li>agate mousse hexagonale<\/li>\n<li>environ. 8x7mm<\/li>\n<\/ul>\n<\/li>\n<\/ul>\n<p><strong>Alliance de mariage<\/strong><\/p>\n<ul>\n<li style=\"list-style-type: none;\">\n<ul>\n<li style=\"list-style-type: none;\">\n<ul>\n<li>diamants marquise et ronds<\/li>\n<li>environ. 3\u00d71.5mm (2), 1.25mm (4)<\/li>\n<li>Couleur F\/G, clart\u00e9 VS, sans conflit<\/li>\n<\/ul>\n<\/li>\n<\/ul>\n<\/li>\n<\/ul>\n<p><strong>Mesures et mat\u00e9riau du bracelet<\/strong><\/p>\n<ul>\n<li style=\"list-style-type: none;\">\n<ul>\n<li>1.5mm large, 1.6mm \u00e9pais<\/li>\n<li>disponible en or jaune, blanc ou rose 14 carats\/18 carats et platine<\/li>\n<li>Taille de bague am\u00e9ricaine 3-9, tailles plus petites ou plus grandes disponibles sur demande<\/li>\n<\/ul>\n<\/li>\n<\/ul>\n","protected":false},"excerpt":{"rendered":"<p>Pour c\u00e9l\u00e9brer votre histoire d&rsquo;amour, associez le solitaire hexagonal en agate mousse serti horizontalement \u00e0 notre alliance ouverte en diamant marquise. Cette bague inspir\u00e9e de la nature, sertie de motifs moussus et de d\u00e9licats diamants marquise dans l&rsquo;alliance refl\u00e8te l&rsquo;\u00e9l\u00e9gance du feuillage printanier. Pendant que vous \u00e9changez vos v\u0153ux, laissez cet ensemble de bagues distinctif symboliser le lien \u00e9ternel entre l&rsquo;amour et la nature.<\/p>\n","protected":false},"featured_media":40359,"comment_status":"open","ping_status":"closed","template":"","meta":[],"product_brand":[],"product_cat":[1114,1476,896,939,908,902],"product_tag":[969,991,992,958,989],"class_list":{"0":"post-49171","1":"product","2":"type-product","3":"status-publish","4":"has-post-thumbnail","6":"product_cat-bague-de-mariage-en-agate-mousse","7":"product_cat-bague-de-mariage-en-deux-parties","8":"product_cat-bagues","9":"product_cat-ensembles-dalliances","10":"product_cat-paire","11":"product_cat-singularite","12":"product_tag-agate-mousse","13":"product_tag-bague-tag","14":"product_tag-bagues-tag","15":"product_tag-hexagone","16":"product_tag-temps_de_production_3_5","18":"first","19":"onbackorder","20":"sold-individually","21":"taxable","22":"shipping-taxable","23":"purchasable","24":"product-type-variable"},"yoast_head":"<title>Ensemble de bagues solitaire en agate mousse hexagonale serti horizontalement - Aurelius Jewelry<\/title>\n<meta name=\"robots\" content=\"index, follow, max-snippet:-1, max-image-preview:large, max-video-preview:-1\" \/>\n<link rel=\"canonical\" href=\"https:\/\/aureliusjewelry.com\/fr\/ensemble-de-bagues-solitaire-en-agate-mousse-hexagonale-serti-horizontalement\/\" \/>\n<meta property=\"og:locale\" content=\"fr_FR\" \/>\n<meta property=\"og:type\" content=\"article\" \/>\n<meta property=\"og:title\" content=\"Ensemble de bagues solitaire en agate mousse hexagonale serti horizontalement - Aurelius Jewelry\" \/>\n<meta property=\"og:description\" content=\"%\" \/>\n<meta property=\"og:url\" content=\"https:\/\/aureliusjewelry.com\/fr\/ensemble-de-bagues-solitaire-en-agate-mousse-hexagonale-serti-horizontalement\/\" \/>\n<meta property=\"og:site_name\" content=\"Aurelius Jewelry\" \/>\n<meta property=\"article:publisher\" content=\"https:\/\/www.facebook.com\/AureliusJewelry\/\" \/>\n<meta property=\"article:modified_time\" content=\"2026-04-14T05:20:24+00:00\" \/>\n<meta property=\"og:image\" content=\"https:\/\/aureliusjewelry.com\/wp-content\/uploads\/moss-agate-solitaire-ring-set-gold.jpg\" \/>\n\t<meta property=\"og:image:width\" content=\"1920\" \/>\n\t<meta property=\"og:image:height\" content=\"1440\" \/>\n\t<meta property=\"og:image:type\" content=\"image\/jpeg\" \/>\n<meta name=\"twitter:card\" content=\"summary_large_image\" \/>\n<meta name=\"twitter:site\" content=\"@AureliusJewelry\" \/>\n<script type=\"application\/ld+json\" class=\"yoast-schema-graph\">{\"@context\":\"https:\\\/\\\/schema.org\",\"@graph\":[{\"@type\":\"WebPage\",\"@id\":\"https:\\\/\\\/aureliusjewelry.com\\\/fr\\\/ensemble-de-bagues-solitaire-en-agate-mousse-hexagonale-serti-horizontalement\\\/\",\"url\":\"https:\\\/\\\/aureliusjewelry.com\\\/fr\\\/ensemble-de-bagues-solitaire-en-agate-mousse-hexagonale-serti-horizontalement\\\/\",\"name\":\"Ensemble de bagues solitaire en agate mousse hexagonale serti horizontalement - Aurelius Jewelry\",\"isPartOf\":{\"@id\":\"https:\\\/\\\/aureliusjewelry.com\\\/fr\\\/#website\"},\"primaryImageOfPage\":{\"@id\":\"https:\\\/\\\/aureliusjewelry.com\\\/fr\\\/ensemble-de-bagues-solitaire-en-agate-mousse-hexagonale-serti-horizontalement\\\/#primaryimage\"},\"image\":{\"@id\":\"https:\\\/\\\/aureliusjewelry.com\\\/fr\\\/ensemble-de-bagues-solitaire-en-agate-mousse-hexagonale-serti-horizontalement\\\/#primaryimage\"},\"thumbnailUrl\":\"https:\\\/\\\/aureliusjewelry.com\\\/wp-content\\\/uploads\\\/moss-agate-solitaire-ring-set-gold.jpg\",\"datePublished\":\"2023-10-09T08:03:44+00:00\",\"dateModified\":\"2026-04-14T05:20:24+00:00\",\"breadcrumb\":{\"@id\":\"https:\\\/\\\/aureliusjewelry.com\\\/fr\\\/ensemble-de-bagues-solitaire-en-agate-mousse-hexagonale-serti-horizontalement\\\/#breadcrumb\"},\"inLanguage\":\"fr-FR\",\"potentialAction\":[{\"@type\":\"ReadAction\",\"target\":[\"https:\\\/\\\/aureliusjewelry.com\\\/fr\\\/ensemble-de-bagues-solitaire-en-agate-mousse-hexagonale-serti-horizontalement\\\/\"]}]},{\"@type\":\"ImageObject\",\"inLanguage\":\"fr-FR\",\"@id\":\"https:\\\/\\\/aureliusjewelry.com\\\/fr\\\/ensemble-de-bagues-solitaire-en-agate-mousse-hexagonale-serti-horizontalement\\\/#primaryimage\",\"url\":\"https:\\\/\\\/aureliusjewelry.com\\\/wp-content\\\/uploads\\\/moss-agate-solitaire-ring-set-gold.jpg\",\"contentUrl\":\"https:\\\/\\\/aureliusjewelry.com\\\/wp-content\\\/uploads\\\/moss-agate-solitaire-ring-set-gold.jpg\",\"width\":1920,\"height\":1440},{\"@type\":\"BreadcrumbList\",\"@id\":\"https:\\\/\\\/aureliusjewelry.com\\\/fr\\\/ensemble-de-bagues-solitaire-en-agate-mousse-hexagonale-serti-horizontalement\\\/#breadcrumb\",\"itemListElement\":[{\"@type\":\"ListItem\",\"position\":1,\"name\":\"Home\",\"item\":\"https:\\\/\\\/aureliusjewelry.com\\\/fr\\\/\"},{\"@type\":\"ListItem\",\"position\":2,\"name\":\"Boutique\",\"item\":\"https:\\\/\\\/aureliusjewelry.com\\\/fr\\\/boutique\\\/\"},{\"@type\":\"ListItem\",\"position\":3,\"name\":\"Ensemble de bagues solitaire en agate mousse hexagonale serti horizontalement\"}]},{\"@type\":\"WebSite\",\"@id\":\"https:\\\/\\\/aureliusjewelry.com\\\/fr\\\/#website\",\"url\":\"https:\\\/\\\/aureliusjewelry.com\\\/fr\\\/\",\"name\":\"Aurelius Jewelry\",\"description\":\"Handmade Fine Gold Jewelry\",\"publisher\":{\"@id\":\"https:\\\/\\\/aureliusjewelry.com\\\/fr\\\/#organization\"},\"potentialAction\":[{\"@type\":\"SearchAction\",\"target\":{\"@type\":\"EntryPoint\",\"urlTemplate\":\"https:\\\/\\\/aureliusjewelry.com\\\/fr\\\/?s={search_term_string}\"},\"query-input\":{\"@type\":\"PropertyValueSpecification\",\"valueRequired\":true,\"valueName\":\"search_term_string\"}}],\"inLanguage\":\"fr-FR\"},{\"@type\":\"Organization\",\"@id\":\"https:\\\/\\\/aureliusjewelry.com\\\/fr\\\/#organization\",\"name\":\"Aurelius Jewelry\",\"url\":\"https:\\\/\\\/aureliusjewelry.com\\\/fr\\\/\",\"logo\":{\"@type\":\"ImageObject\",\"inLanguage\":\"fr-FR\",\"@id\":\"https:\\\/\\\/aureliusjewelry.com\\\/fr\\\/#\\\/schema\\\/logo\\\/image\\\/\",\"url\":\"https:\\\/\\\/aureliusjewelry.com\\\/wp-content\\\/uploads\\\/logo.png\",\"contentUrl\":\"https:\\\/\\\/aureliusjewelry.com\\\/wp-content\\\/uploads\\\/logo.png\",\"width\":400,\"height\":64,\"caption\":\"Aurelius Jewelry\"},\"image\":{\"@id\":\"https:\\\/\\\/aureliusjewelry.com\\\/fr\\\/#\\\/schema\\\/logo\\\/image\\\/\"},\"sameAs\":[\"https:\\\/\\\/www.facebook.com\\\/AureliusJewelry\\\/\",\"https:\\\/\\\/x.com\\\/AureliusJewelry\",\"https:\\\/\\\/instagram.com\\\/aureliusjewelry\",\"https:\\\/\\\/www.pinterest.com\\\/AureliusJewelry\\\/\"],\"email\":\"info@aureliusjewelry.com\",\"foundingDate\":\"2018-10-01\",\"vatID\":\"SI10391070\",\"hasMerchantReturnPolicy\":{\"@type\":\"MerchantReturnPolicy\",\"merchantReturnLink\":\"https:\\\/\\\/aureliusjewelry.com\\\/our-policies\\\/terms-conditions\\\/\"}}]}<\/script>\n<meta property=\"og:availability\" content=\"backorder\" \/>\n<meta property=\"product:availability\" content=\"available for order\" \/>\n<meta property=\"product:retailer_item_id\" content=\"40355\" \/>\n<meta property=\"product:condition\" content=\"new\" \/>","yoast_head_json":{"title":"Ensemble de bagues solitaire en agate mousse hexagonale serti horizontalement - Aurelius Jewelry","robots":{"index":"index","follow":"follow","max-snippet":"max-snippet:-1","max-image-preview":"max-image-preview:large","max-video-preview":"max-video-preview:-1"},"canonical":"https:\/\/aureliusjewelry.com\/fr\/ensemble-de-bagues-solitaire-en-agate-mousse-hexagonale-serti-horizontalement\/","og_locale":"fr_FR","og_type":"article","og_title":"Ensemble de bagues solitaire en agate mousse hexagonale serti horizontalement - Aurelius Jewelry","og_description":"%","og_url":"https:\/\/aureliusjewelry.com\/fr\/ensemble-de-bagues-solitaire-en-agate-mousse-hexagonale-serti-horizontalement\/","og_site_name":"Aurelius Jewelry","article_publisher":"https:\/\/www.facebook.com\/AureliusJewelry\/","article_modified_time":"2026-04-14T05:20:24+00:00","og_image":[{"width":1920,"height":1440,"url":"https:\/\/aureliusjewelry.com\/wp-content\/uploads\/moss-agate-solitaire-ring-set-gold.jpg","type":"image\/jpeg"}],"twitter_card":"summary_large_image","twitter_site":"@AureliusJewelry","schema":{"@context":"https:\/\/schema.org","@graph":[{"@type":"WebPage","@id":"https:\/\/aureliusjewelry.com\/fr\/ensemble-de-bagues-solitaire-en-agate-mousse-hexagonale-serti-horizontalement\/","url":"https:\/\/aureliusjewelry.com\/fr\/ensemble-de-bagues-solitaire-en-agate-mousse-hexagonale-serti-horizontalement\/","name":"Ensemble de bagues solitaire en agate mousse hexagonale serti horizontalement - Aurelius Jewelry","isPartOf":{"@id":"https:\/\/aureliusjewelry.com\/fr\/#website"},"primaryImageOfPage":{"@id":"https:\/\/aureliusjewelry.com\/fr\/ensemble-de-bagues-solitaire-en-agate-mousse-hexagonale-serti-horizontalement\/#primaryimage"},"image":{"@id":"https:\/\/aureliusjewelry.com\/fr\/ensemble-de-bagues-solitaire-en-agate-mousse-hexagonale-serti-horizontalement\/#primaryimage"},"thumbnailUrl":"https:\/\/aureliusjewelry.com\/wp-content\/uploads\/moss-agate-solitaire-ring-set-gold.jpg","datePublished":"2023-10-09T08:03:44+00:00","dateModified":"2026-04-14T05:20:24+00:00","breadcrumb":{"@id":"https:\/\/aureliusjewelry.com\/fr\/ensemble-de-bagues-solitaire-en-agate-mousse-hexagonale-serti-horizontalement\/#breadcrumb"},"inLanguage":"fr-FR","potentialAction":[{"@type":"ReadAction","target":["https:\/\/aureliusjewelry.com\/fr\/ensemble-de-bagues-solitaire-en-agate-mousse-hexagonale-serti-horizontalement\/"]}]},{"@type":"ImageObject","inLanguage":"fr-FR","@id":"https:\/\/aureliusjewelry.com\/fr\/ensemble-de-bagues-solitaire-en-agate-mousse-hexagonale-serti-horizontalement\/#primaryimage","url":"https:\/\/aureliusjewelry.com\/wp-content\/uploads\/moss-agate-solitaire-ring-set-gold.jpg","contentUrl":"https:\/\/aureliusjewelry.com\/wp-content\/uploads\/moss-agate-solitaire-ring-set-gold.jpg","width":1920,"height":1440},{"@type":"BreadcrumbList","@id":"https:\/\/aureliusjewelry.com\/fr\/ensemble-de-bagues-solitaire-en-agate-mousse-hexagonale-serti-horizontalement\/#breadcrumb","itemListElement":[{"@type":"ListItem","position":1,"name":"Home","item":"https:\/\/aureliusjewelry.com\/fr\/"},{"@type":"ListItem","position":2,"name":"Boutique","item":"https:\/\/aureliusjewelry.com\/fr\/boutique\/"},{"@type":"ListItem","position":3,"name":"Ensemble de bagues solitaire en agate mousse hexagonale serti horizontalement"}]},{"@type":"WebSite","@id":"https:\/\/aureliusjewelry.com\/fr\/#website","url":"https:\/\/aureliusjewelry.com\/fr\/","name":"Aurelius Jewelry","description":"Handmade Fine Gold Jewelry","publisher":{"@id":"https:\/\/aureliusjewelry.com\/fr\/#organization"},"potentialAction":[{"@type":"SearchAction","target":{"@type":"EntryPoint","urlTemplate":"https:\/\/aureliusjewelry.com\/fr\/?s={search_term_string}"},"query-input":{"@type":"PropertyValueSpecification","valueRequired":true,"valueName":"search_term_string"}}],"inLanguage":"fr-FR"},{"@type":"Organization","@id":"https:\/\/aureliusjewelry.com\/fr\/#organization","name":"Aurelius Jewelry","url":"https:\/\/aureliusjewelry.com\/fr\/","logo":{"@type":"ImageObject","inLanguage":"fr-FR","@id":"https:\/\/aureliusjewelry.com\/fr\/#\/schema\/logo\/image\/","url":"https:\/\/aureliusjewelry.com\/wp-content\/uploads\/logo.png","contentUrl":"https:\/\/aureliusjewelry.com\/wp-content\/uploads\/logo.png","width":400,"height":64,"caption":"Aurelius Jewelry"},"image":{"@id":"https:\/\/aureliusjewelry.com\/fr\/#\/schema\/logo\/image\/"},"sameAs":["https:\/\/www.facebook.com\/AureliusJewelry\/","https:\/\/x.com\/AureliusJewelry","https:\/\/instagram.com\/aureliusjewelry","https:\/\/www.pinterest.com\/AureliusJewelry\/"],"email":"info@aureliusjewelry.com","foundingDate":"2018-10-01","vatID":"SI10391070","hasMerchantReturnPolicy":{"@type":"MerchantReturnPolicy","merchantReturnLink":"https:\/\/aureliusjewelry.com\/our-policies\/terms-conditions\/"}}]},"og_availability":"backorder","product_availability":"available for order","product_retailer_item_id":"40355","product_condition":"new"},"_links":{"self":[{"href":"https:\/\/aureliusjewelry.com\/fr\/wp-json\/wp\/v2\/product\/49171","targetHints":{"allow":["GET"]}}],"collection":[{"href":"https:\/\/aureliusjewelry.com\/fr\/wp-json\/wp\/v2\/product"}],"about":[{"href":"https:\/\/aureliusjewelry.com\/fr\/wp-json\/wp\/v2\/types\/product"}],"replies":[{"embeddable":true,"href":"https:\/\/aureliusjewelry.com\/fr\/wp-json\/wp\/v2\/comments?post=49171"}],"wp:featuredmedia":[{"embeddable":true,"href":"https:\/\/aureliusjewelry.com\/fr\/wp-json\/wp\/v2\/media\/40359"}],"wp:attachment":[{"href":"https:\/\/aureliusjewelry.com\/fr\/wp-json\/wp\/v2\/media?parent=49171"}],"wp:term":[{"taxonomy":"product_brand","embeddable":true,"href":"https:\/\/aureliusjewelry.com\/fr\/wp-json\/wp\/v2\/product_brand?post=49171"},{"taxonomy":"product_cat","embeddable":true,"href":"https:\/\/aureliusjewelry.com\/fr\/wp-json\/wp\/v2\/product_cat?post=49171"},{"taxonomy":"product_tag","embeddable":true,"href":"https:\/\/aureliusjewelry.com\/fr\/wp-json\/wp\/v2\/product_tag?post=49171"}],"curies":[{"name":"wp","href":"https:\/\/api.w.org\/{rel}","templated":true}]}}