{"id":48664,"date":"2023-10-23T21:05:34","date_gmt":"2023-10-23T19:05:34","guid":{"rendered":"http:\/\/aureliusjewelry.com\/product\/ensemble-de-bagues-de-fiancailles-en-agate-mousse-en-forme-de-cerf-volant-et-de-bagues-pavees-demi-eternite-en-diamant\/"},"modified":"2026-05-03T08:49:59","modified_gmt":"2026-05-03T06:49:59","slug":"ensemble-de-bagues-de-fiancailles-en-agate-mousse-en-forme-de-cerf-volant-et-de-bagues-pavees-demi-eternite-en-diamant","status":"publish","type":"product","link":"https:\/\/aureliusjewelry.com\/fr\/ensemble-de-bagues-de-fiancailles-en-agate-mousse-en-forme-de-cerf-volant-et-de-bagues-pavees-demi-eternite-en-diamant\/","title":{"rendered":"Ensemble de bagues de fian\u00e7ailles en agate mousse en forme de cerf-volant et de bagues pav\u00e9es demi-\u00e9ternit\u00e9 en diamant"},"content":{"rendered":"<p><strong>Bague de fian\u00e7ailles<\/strong><\/p>\n<ul>\n<li style=\"list-style-type: none;\">\n<ul>\n<li>agate mousse cerf-volant<\/li>\n<li>environ. 11x7mm<\/li>\n<li>diamants ronds<\/li>\n<li>environ. 1.5mm (16)<\/li>\n<li>Couleur F\/G, clart\u00e9 VS, sans conflit<\/li>\n<\/ul>\n<\/li>\n<\/ul>\n<p><strong>Alliance de mariage<\/strong><\/p>\n<ul>\n<li style=\"list-style-type: none;\">\n<ul>\n<li style=\"list-style-type: none;\">\n<ul>\n<li>diamants marquise et ronds<\/li>\n<li>environ. 3\u00d71.5mm (2), 1.25mm (4)<\/li>\n<li>Couleur F\/G, clart\u00e9 VS, sans conflit<\/li>\n<\/ul>\n<\/li>\n<\/ul>\n<\/li>\n<\/ul>\n<p><strong>Mesures et mat\u00e9riau du bracelet<\/strong><\/p>\n<ul>\n<li style=\"list-style-type: none;\">\n<ul>\n<li>1.7mm large, 1.6mm \u00e9pais (engagement ring)<\/li>\n<li>1.5mm large, 1.6mm \u00e9pais (wedding band)<\/li>\n<li>disponible en or jaune, blanc ou rose 14 carats\/18 carats et platine<\/li>\n<li>Taille de bague am\u00e9ricaine 3-9, tailles plus petites ou plus grandes disponibles sur demande<\/li>\n<\/ul>\n<\/li>\n<\/ul>\n","protected":false},"excerpt":{"rendered":"<p>Inspir\u00e9 par la nature, nous vous pr\u00e9sentons l&rsquo;ensemble de bagues pav\u00e9es demi-\u00e9ternit\u00e9 en diamant Kite Moss Agate qui comprend une pierre pr\u00e9cieuse unique, une bande incurv\u00e9e moderne et un pav\u00e9 scintillant classique. Il est magnifiquement encadr\u00e9 d\u2019une alliance ouverte en diamant marquise pour compl\u00e9ter l\u2019\u00e9l\u00e9gant duo nuptial. Pendant que vous \u00e9changez vos v\u0153ux, laissez cet ensemble de bagues distinctif symboliser le lien rempli d&rsquo;amour entre vous et votre conjoint.<\/p>\n","protected":false},"featured_media":41113,"comment_status":"open","ping_status":"closed","template":"","meta":[],"product_brand":[],"product_cat":[1114,1476,896,939,900,908,902],"product_tag":[969,991,992,960,989],"class_list":{"0":"post-48664","1":"product","2":"type-product","3":"status-publish","4":"has-post-thumbnail","6":"product_cat-bague-de-mariage-en-agate-mousse","7":"product_cat-bague-de-mariage-en-deux-parties","8":"product_cat-bagues","9":"product_cat-ensembles-dalliances","10":"product_cat-moderne","11":"product_cat-paire","12":"product_cat-singularite","13":"product_tag-agate-mousse","14":"product_tag-bague-tag","15":"product_tag-bagues-tag","16":"product_tag-cerf-volant","17":"product_tag-temps_de_production_3_5","19":"first","20":"onbackorder","21":"sold-individually","22":"taxable","23":"shipping-taxable","24":"purchasable","25":"product-type-variable"},"yoast_head":"<title>Ensemble de bagues de fian\u00e7ailles en agate mousse en forme de cerf-volant et de bagues pav\u00e9es demi-\u00e9ternit\u00e9 en diamant - Aurelius Jewelry<\/title>\n<meta name=\"robots\" content=\"index, follow, max-snippet:-1, max-image-preview:large, max-video-preview:-1\" \/>\n<link rel=\"canonical\" href=\"https:\/\/aureliusjewelry.com\/fr\/ensemble-de-bagues-de-fiancailles-en-agate-mousse-en-forme-de-cerf-volant-et-de-bagues-pavees-demi-eternite-en-diamant\/\" \/>\n<meta property=\"og:locale\" content=\"fr_FR\" \/>\n<meta property=\"og:type\" content=\"article\" \/>\n<meta property=\"og:title\" content=\"Ensemble de bagues de fian\u00e7ailles en agate mousse en forme de cerf-volant et de bagues pav\u00e9es demi-\u00e9ternit\u00e9 en diamant - Aurelius Jewelry\" \/>\n<meta property=\"og:description\" content=\"%\" \/>\n<meta property=\"og:url\" content=\"https:\/\/aureliusjewelry.com\/fr\/ensemble-de-bagues-de-fiancailles-en-agate-mousse-en-forme-de-cerf-volant-et-de-bagues-pavees-demi-eternite-en-diamant\/\" \/>\n<meta property=\"og:site_name\" content=\"Aurelius Jewelry\" \/>\n<meta property=\"article:publisher\" content=\"https:\/\/www.facebook.com\/AureliusJewelry\/\" \/>\n<meta property=\"article:modified_time\" content=\"2026-05-03T06:49:59+00:00\" \/>\n<meta property=\"og:image\" content=\"https:\/\/aureliusjewelry.com\/wp-content\/uploads\/kite-moss-agate-half-eternity-engagement-ring-set-18k-gold.jpg\" \/>\n\t<meta property=\"og:image:width\" content=\"1920\" \/>\n\t<meta property=\"og:image:height\" content=\"1440\" \/>\n\t<meta property=\"og:image:type\" content=\"image\/jpeg\" \/>\n<meta name=\"twitter:card\" content=\"summary_large_image\" \/>\n<meta name=\"twitter:site\" content=\"@AureliusJewelry\" \/>\n<script type=\"application\/ld+json\" class=\"yoast-schema-graph\">{\"@context\":\"https:\\\/\\\/schema.org\",\"@graph\":[{\"@type\":\"WebPage\",\"@id\":\"https:\\\/\\\/aureliusjewelry.com\\\/fr\\\/ensemble-de-bagues-de-fiancailles-en-agate-mousse-en-forme-de-cerf-volant-et-de-bagues-pavees-demi-eternite-en-diamant\\\/\",\"url\":\"https:\\\/\\\/aureliusjewelry.com\\\/fr\\\/ensemble-de-bagues-de-fiancailles-en-agate-mousse-en-forme-de-cerf-volant-et-de-bagues-pavees-demi-eternite-en-diamant\\\/\",\"name\":\"Ensemble de bagues de fian\u00e7ailles en agate mousse en forme de cerf-volant et de bagues pav\u00e9es demi-\u00e9ternit\u00e9 en diamant - Aurelius Jewelry\",\"isPartOf\":{\"@id\":\"https:\\\/\\\/aureliusjewelry.com\\\/fr\\\/#website\"},\"primaryImageOfPage\":{\"@id\":\"https:\\\/\\\/aureliusjewelry.com\\\/fr\\\/ensemble-de-bagues-de-fiancailles-en-agate-mousse-en-forme-de-cerf-volant-et-de-bagues-pavees-demi-eternite-en-diamant\\\/#primaryimage\"},\"image\":{\"@id\":\"https:\\\/\\\/aureliusjewelry.com\\\/fr\\\/ensemble-de-bagues-de-fiancailles-en-agate-mousse-en-forme-de-cerf-volant-et-de-bagues-pavees-demi-eternite-en-diamant\\\/#primaryimage\"},\"thumbnailUrl\":\"https:\\\/\\\/aureliusjewelry.com\\\/wp-content\\\/uploads\\\/kite-moss-agate-half-eternity-engagement-ring-set-18k-gold.jpg\",\"datePublished\":\"2023-10-23T19:05:34+00:00\",\"dateModified\":\"2026-05-03T06:49:59+00:00\",\"breadcrumb\":{\"@id\":\"https:\\\/\\\/aureliusjewelry.com\\\/fr\\\/ensemble-de-bagues-de-fiancailles-en-agate-mousse-en-forme-de-cerf-volant-et-de-bagues-pavees-demi-eternite-en-diamant\\\/#breadcrumb\"},\"inLanguage\":\"fr-FR\",\"potentialAction\":[{\"@type\":\"ReadAction\",\"target\":[\"https:\\\/\\\/aureliusjewelry.com\\\/fr\\\/ensemble-de-bagues-de-fiancailles-en-agate-mousse-en-forme-de-cerf-volant-et-de-bagues-pavees-demi-eternite-en-diamant\\\/\"]}]},{\"@type\":\"ImageObject\",\"inLanguage\":\"fr-FR\",\"@id\":\"https:\\\/\\\/aureliusjewelry.com\\\/fr\\\/ensemble-de-bagues-de-fiancailles-en-agate-mousse-en-forme-de-cerf-volant-et-de-bagues-pavees-demi-eternite-en-diamant\\\/#primaryimage\",\"url\":\"https:\\\/\\\/aureliusjewelry.com\\\/wp-content\\\/uploads\\\/kite-moss-agate-half-eternity-engagement-ring-set-18k-gold.jpg\",\"contentUrl\":\"https:\\\/\\\/aureliusjewelry.com\\\/wp-content\\\/uploads\\\/kite-moss-agate-half-eternity-engagement-ring-set-18k-gold.jpg\",\"width\":1920,\"height\":1440},{\"@type\":\"BreadcrumbList\",\"@id\":\"https:\\\/\\\/aureliusjewelry.com\\\/fr\\\/ensemble-de-bagues-de-fiancailles-en-agate-mousse-en-forme-de-cerf-volant-et-de-bagues-pavees-demi-eternite-en-diamant\\\/#breadcrumb\",\"itemListElement\":[{\"@type\":\"ListItem\",\"position\":1,\"name\":\"Home\",\"item\":\"https:\\\/\\\/aureliusjewelry.com\\\/fr\\\/\"},{\"@type\":\"ListItem\",\"position\":2,\"name\":\"Boutique\",\"item\":\"https:\\\/\\\/aureliusjewelry.com\\\/fr\\\/boutique\\\/\"},{\"@type\":\"ListItem\",\"position\":3,\"name\":\"Ensemble de bagues de fian\u00e7ailles en agate mousse en forme de cerf-volant et de bagues pav\u00e9es demi-\u00e9ternit\u00e9 en diamant\"}]},{\"@type\":\"WebSite\",\"@id\":\"https:\\\/\\\/aureliusjewelry.com\\\/fr\\\/#website\",\"url\":\"https:\\\/\\\/aureliusjewelry.com\\\/fr\\\/\",\"name\":\"Aurelius Jewelry\",\"description\":\"Handmade Fine Gold Jewelry\",\"publisher\":{\"@id\":\"https:\\\/\\\/aureliusjewelry.com\\\/fr\\\/#organization\"},\"potentialAction\":[{\"@type\":\"SearchAction\",\"target\":{\"@type\":\"EntryPoint\",\"urlTemplate\":\"https:\\\/\\\/aureliusjewelry.com\\\/fr\\\/?s={search_term_string}\"},\"query-input\":{\"@type\":\"PropertyValueSpecification\",\"valueRequired\":true,\"valueName\":\"search_term_string\"}}],\"inLanguage\":\"fr-FR\"},{\"@type\":\"Organization\",\"@id\":\"https:\\\/\\\/aureliusjewelry.com\\\/fr\\\/#organization\",\"name\":\"Aurelius Jewelry\",\"url\":\"https:\\\/\\\/aureliusjewelry.com\\\/fr\\\/\",\"logo\":{\"@type\":\"ImageObject\",\"inLanguage\":\"fr-FR\",\"@id\":\"https:\\\/\\\/aureliusjewelry.com\\\/fr\\\/#\\\/schema\\\/logo\\\/image\\\/\",\"url\":\"https:\\\/\\\/aureliusjewelry.com\\\/wp-content\\\/uploads\\\/logo.png\",\"contentUrl\":\"https:\\\/\\\/aureliusjewelry.com\\\/wp-content\\\/uploads\\\/logo.png\",\"width\":400,\"height\":64,\"caption\":\"Aurelius Jewelry\"},\"image\":{\"@id\":\"https:\\\/\\\/aureliusjewelry.com\\\/fr\\\/#\\\/schema\\\/logo\\\/image\\\/\"},\"sameAs\":[\"https:\\\/\\\/www.facebook.com\\\/AureliusJewelry\\\/\",\"https:\\\/\\\/x.com\\\/AureliusJewelry\",\"https:\\\/\\\/instagram.com\\\/aureliusjewelry\",\"https:\\\/\\\/www.pinterest.com\\\/AureliusJewelry\\\/\"],\"email\":\"info@aureliusjewelry.com\",\"foundingDate\":\"2018-10-01\",\"vatID\":\"SI10391070\",\"hasMerchantReturnPolicy\":{\"@type\":\"MerchantReturnPolicy\",\"merchantReturnLink\":\"https:\\\/\\\/aureliusjewelry.com\\\/our-policies\\\/terms-conditions\\\/\"}}]}<\/script>\n<meta property=\"og:availability\" content=\"backorder\" \/>\n<meta property=\"product:availability\" content=\"available for order\" \/>\n<meta property=\"product:retailer_item_id\" content=\"41109\" \/>\n<meta property=\"product:condition\" content=\"new\" \/>","yoast_head_json":{"title":"Ensemble de bagues de fian\u00e7ailles en agate mousse en forme de cerf-volant et de bagues pav\u00e9es demi-\u00e9ternit\u00e9 en diamant - Aurelius Jewelry","robots":{"index":"index","follow":"follow","max-snippet":"max-snippet:-1","max-image-preview":"max-image-preview:large","max-video-preview":"max-video-preview:-1"},"canonical":"https:\/\/aureliusjewelry.com\/fr\/ensemble-de-bagues-de-fiancailles-en-agate-mousse-en-forme-de-cerf-volant-et-de-bagues-pavees-demi-eternite-en-diamant\/","og_locale":"fr_FR","og_type":"article","og_title":"Ensemble de bagues de fian\u00e7ailles en agate mousse en forme de cerf-volant et de bagues pav\u00e9es demi-\u00e9ternit\u00e9 en diamant - Aurelius Jewelry","og_description":"%","og_url":"https:\/\/aureliusjewelry.com\/fr\/ensemble-de-bagues-de-fiancailles-en-agate-mousse-en-forme-de-cerf-volant-et-de-bagues-pavees-demi-eternite-en-diamant\/","og_site_name":"Aurelius Jewelry","article_publisher":"https:\/\/www.facebook.com\/AureliusJewelry\/","article_modified_time":"2026-05-03T06:49:59+00:00","og_image":[{"width":1920,"height":1440,"url":"https:\/\/aureliusjewelry.com\/wp-content\/uploads\/kite-moss-agate-half-eternity-engagement-ring-set-18k-gold.jpg","type":"image\/jpeg"}],"twitter_card":"summary_large_image","twitter_site":"@AureliusJewelry","schema":{"@context":"https:\/\/schema.org","@graph":[{"@type":"WebPage","@id":"https:\/\/aureliusjewelry.com\/fr\/ensemble-de-bagues-de-fiancailles-en-agate-mousse-en-forme-de-cerf-volant-et-de-bagues-pavees-demi-eternite-en-diamant\/","url":"https:\/\/aureliusjewelry.com\/fr\/ensemble-de-bagues-de-fiancailles-en-agate-mousse-en-forme-de-cerf-volant-et-de-bagues-pavees-demi-eternite-en-diamant\/","name":"Ensemble de bagues de fian\u00e7ailles en agate mousse en forme de cerf-volant et de bagues pav\u00e9es demi-\u00e9ternit\u00e9 en diamant - Aurelius Jewelry","isPartOf":{"@id":"https:\/\/aureliusjewelry.com\/fr\/#website"},"primaryImageOfPage":{"@id":"https:\/\/aureliusjewelry.com\/fr\/ensemble-de-bagues-de-fiancailles-en-agate-mousse-en-forme-de-cerf-volant-et-de-bagues-pavees-demi-eternite-en-diamant\/#primaryimage"},"image":{"@id":"https:\/\/aureliusjewelry.com\/fr\/ensemble-de-bagues-de-fiancailles-en-agate-mousse-en-forme-de-cerf-volant-et-de-bagues-pavees-demi-eternite-en-diamant\/#primaryimage"},"thumbnailUrl":"https:\/\/aureliusjewelry.com\/wp-content\/uploads\/kite-moss-agate-half-eternity-engagement-ring-set-18k-gold.jpg","datePublished":"2023-10-23T19:05:34+00:00","dateModified":"2026-05-03T06:49:59+00:00","breadcrumb":{"@id":"https:\/\/aureliusjewelry.com\/fr\/ensemble-de-bagues-de-fiancailles-en-agate-mousse-en-forme-de-cerf-volant-et-de-bagues-pavees-demi-eternite-en-diamant\/#breadcrumb"},"inLanguage":"fr-FR","potentialAction":[{"@type":"ReadAction","target":["https:\/\/aureliusjewelry.com\/fr\/ensemble-de-bagues-de-fiancailles-en-agate-mousse-en-forme-de-cerf-volant-et-de-bagues-pavees-demi-eternite-en-diamant\/"]}]},{"@type":"ImageObject","inLanguage":"fr-FR","@id":"https:\/\/aureliusjewelry.com\/fr\/ensemble-de-bagues-de-fiancailles-en-agate-mousse-en-forme-de-cerf-volant-et-de-bagues-pavees-demi-eternite-en-diamant\/#primaryimage","url":"https:\/\/aureliusjewelry.com\/wp-content\/uploads\/kite-moss-agate-half-eternity-engagement-ring-set-18k-gold.jpg","contentUrl":"https:\/\/aureliusjewelry.com\/wp-content\/uploads\/kite-moss-agate-half-eternity-engagement-ring-set-18k-gold.jpg","width":1920,"height":1440},{"@type":"BreadcrumbList","@id":"https:\/\/aureliusjewelry.com\/fr\/ensemble-de-bagues-de-fiancailles-en-agate-mousse-en-forme-de-cerf-volant-et-de-bagues-pavees-demi-eternite-en-diamant\/#breadcrumb","itemListElement":[{"@type":"ListItem","position":1,"name":"Home","item":"https:\/\/aureliusjewelry.com\/fr\/"},{"@type":"ListItem","position":2,"name":"Boutique","item":"https:\/\/aureliusjewelry.com\/fr\/boutique\/"},{"@type":"ListItem","position":3,"name":"Ensemble de bagues de fian\u00e7ailles en agate mousse en forme de cerf-volant et de bagues pav\u00e9es demi-\u00e9ternit\u00e9 en diamant"}]},{"@type":"WebSite","@id":"https:\/\/aureliusjewelry.com\/fr\/#website","url":"https:\/\/aureliusjewelry.com\/fr\/","name":"Aurelius Jewelry","description":"Handmade Fine Gold Jewelry","publisher":{"@id":"https:\/\/aureliusjewelry.com\/fr\/#organization"},"potentialAction":[{"@type":"SearchAction","target":{"@type":"EntryPoint","urlTemplate":"https:\/\/aureliusjewelry.com\/fr\/?s={search_term_string}"},"query-input":{"@type":"PropertyValueSpecification","valueRequired":true,"valueName":"search_term_string"}}],"inLanguage":"fr-FR"},{"@type":"Organization","@id":"https:\/\/aureliusjewelry.com\/fr\/#organization","name":"Aurelius Jewelry","url":"https:\/\/aureliusjewelry.com\/fr\/","logo":{"@type":"ImageObject","inLanguage":"fr-FR","@id":"https:\/\/aureliusjewelry.com\/fr\/#\/schema\/logo\/image\/","url":"https:\/\/aureliusjewelry.com\/wp-content\/uploads\/logo.png","contentUrl":"https:\/\/aureliusjewelry.com\/wp-content\/uploads\/logo.png","width":400,"height":64,"caption":"Aurelius Jewelry"},"image":{"@id":"https:\/\/aureliusjewelry.com\/fr\/#\/schema\/logo\/image\/"},"sameAs":["https:\/\/www.facebook.com\/AureliusJewelry\/","https:\/\/x.com\/AureliusJewelry","https:\/\/instagram.com\/aureliusjewelry","https:\/\/www.pinterest.com\/AureliusJewelry\/"],"email":"info@aureliusjewelry.com","foundingDate":"2018-10-01","vatID":"SI10391070","hasMerchantReturnPolicy":{"@type":"MerchantReturnPolicy","merchantReturnLink":"https:\/\/aureliusjewelry.com\/our-policies\/terms-conditions\/"}}]},"og_availability":"backorder","product_availability":"available for order","product_retailer_item_id":"41109","product_condition":"new"},"_links":{"self":[{"href":"https:\/\/aureliusjewelry.com\/fr\/wp-json\/wp\/v2\/product\/48664","targetHints":{"allow":["GET"]}}],"collection":[{"href":"https:\/\/aureliusjewelry.com\/fr\/wp-json\/wp\/v2\/product"}],"about":[{"href":"https:\/\/aureliusjewelry.com\/fr\/wp-json\/wp\/v2\/types\/product"}],"replies":[{"embeddable":true,"href":"https:\/\/aureliusjewelry.com\/fr\/wp-json\/wp\/v2\/comments?post=48664"}],"wp:featuredmedia":[{"embeddable":true,"href":"https:\/\/aureliusjewelry.com\/fr\/wp-json\/wp\/v2\/media\/41113"}],"wp:attachment":[{"href":"https:\/\/aureliusjewelry.com\/fr\/wp-json\/wp\/v2\/media?parent=48664"}],"wp:term":[{"taxonomy":"product_brand","embeddable":true,"href":"https:\/\/aureliusjewelry.com\/fr\/wp-json\/wp\/v2\/product_brand?post=48664"},{"taxonomy":"product_cat","embeddable":true,"href":"https:\/\/aureliusjewelry.com\/fr\/wp-json\/wp\/v2\/product_cat?post=48664"},{"taxonomy":"product_tag","embeddable":true,"href":"https:\/\/aureliusjewelry.com\/fr\/wp-json\/wp\/v2\/product_tag?post=48664"}],"curies":[{"name":"wp","href":"https:\/\/api.w.org\/{rel}","templated":true}]}}