{"id":48404,"date":"2023-10-16T09:01:38","date_gmt":"2023-10-16T07:01:38","guid":{"rendered":"http:\/\/aureliusjewelry.com\/product\/pierre-precieuse-dagate-mousse-de-forme-ronde-sur-bracelet-de-cheville\/"},"modified":"2026-03-19T23:31:34","modified_gmt":"2026-03-19T21:31:34","slug":"pierre-precieuse-dagate-mousse-de-forme-ronde-sur-bracelet-de-cheville","status":"publish","type":"product","link":"https:\/\/aureliusjewelry.com\/fr\/pierre-precieuse-dagate-mousse-de-forme-ronde-sur-bracelet-de-cheville\/","title":{"rendered":"Pierre pr\u00e9cieuse d&rsquo;agate mousse de forme ronde sur bracelet de cheville"},"content":{"rendered":"<p><strong>Pierre<\/strong><\/p>\n<ul>\n<li>agate mousse ronde<\/li>\n<li>environ. 6mm<\/li>\n<\/ul>\n<p><strong>Type et mat\u00e9riau de cha\u00eene<\/strong><\/p>\n<ul>\n<li>cha\u00eene rolo plate taille diamant<\/li>\n<li>disponible en or jaune, blanc ou rose 14 carats<\/li>\n<li>7-11 pouces, cha\u00eene plus courte ou plus longue disponible sur demande<\/li>\n<\/ul>\n","protected":false},"excerpt":{"rendered":"<p>Ajoutez une touche de nature \u00e0 votre collection de bijoux avec notre bracelet de cheville rond en agate mousse. Les motifs uniques de chaque pierre pr\u00e9cieuse ressemblent \u00e0 de la mousse ou du lichen et aucune pierre ne se ressemble. Les tons terreux et le design subtil sont une combinaison gagnante que nous recherchons lorsque nous choisissons un accessoire \u00e0 porter au quotidien.<\/p>\n","protected":false},"featured_media":40807,"comment_status":"open","ping_status":"closed","template":"","meta":[],"product_brand":[],"product_cat":[943,1130,1287],"product_tag":[969,978,989],"class_list":{"0":"post-48404","1":"product","2":"type-product","3":"status-publish","4":"has-post-thumbnail","6":"product_cat-bijouterie-fine","7":"product_cat-bracelet-de-cheville-en-agate-mousse","8":"product_cat-bracelets-de-cheville","9":"product_tag-agate-mousse","10":"product_tag-rond","11":"product_tag-temps_de_production_3_5","13":"first","14":"onbackorder","15":"sold-individually","16":"taxable","17":"shipping-taxable","18":"purchasable","19":"product-type-variable"},"yoast_head":"<title>Pierre pr\u00e9cieuse d&#039;agate mousse de forme ronde sur bracelet de cheville - Aurelius Jewelry<\/title>\n<meta name=\"robots\" content=\"index, follow, max-snippet:-1, max-image-preview:large, max-video-preview:-1\" \/>\n<link rel=\"canonical\" href=\"https:\/\/aureliusjewelry.com\/fr\/pierre-precieuse-dagate-mousse-de-forme-ronde-sur-bracelet-de-cheville\/\" \/>\n<meta property=\"og:locale\" content=\"fr_FR\" \/>\n<meta property=\"og:type\" content=\"article\" \/>\n<meta property=\"og:title\" content=\"Pierre pr\u00e9cieuse d&#039;agate mousse de forme ronde sur bracelet de cheville - Aurelius Jewelry\" \/>\n<meta property=\"og:description\" content=\"%\" \/>\n<meta property=\"og:url\" content=\"https:\/\/aureliusjewelry.com\/fr\/pierre-precieuse-dagate-mousse-de-forme-ronde-sur-bracelet-de-cheville\/\" \/>\n<meta property=\"og:site_name\" content=\"Aurelius Jewelry\" \/>\n<meta property=\"article:publisher\" content=\"https:\/\/www.facebook.com\/AureliusJewelry\/\" \/>\n<meta property=\"article:modified_time\" content=\"2026-03-19T21:31:34+00:00\" \/>\n<meta property=\"og:image\" content=\"https:\/\/aureliusjewelry.com\/wp-content\/uploads\/round-moss-agate-anklet-14k-gold.jpg\" \/>\n\t<meta property=\"og:image:width\" content=\"1920\" \/>\n\t<meta property=\"og:image:height\" content=\"1440\" \/>\n\t<meta property=\"og:image:type\" content=\"image\/jpeg\" \/>\n<meta name=\"twitter:card\" content=\"summary_large_image\" \/>\n<meta name=\"twitter:site\" content=\"@AureliusJewelry\" \/>\n<script type=\"application\/ld+json\" class=\"yoast-schema-graph\">{\"@context\":\"https:\\\/\\\/schema.org\",\"@graph\":[{\"@type\":\"WebPage\",\"@id\":\"https:\\\/\\\/aureliusjewelry.com\\\/fr\\\/pierre-precieuse-dagate-mousse-de-forme-ronde-sur-bracelet-de-cheville\\\/\",\"url\":\"https:\\\/\\\/aureliusjewelry.com\\\/fr\\\/pierre-precieuse-dagate-mousse-de-forme-ronde-sur-bracelet-de-cheville\\\/\",\"name\":\"Pierre pr\u00e9cieuse d'agate mousse de forme ronde sur bracelet de cheville - Aurelius Jewelry\",\"isPartOf\":{\"@id\":\"https:\\\/\\\/aureliusjewelry.com\\\/fr\\\/#website\"},\"primaryImageOfPage\":{\"@id\":\"https:\\\/\\\/aureliusjewelry.com\\\/fr\\\/pierre-precieuse-dagate-mousse-de-forme-ronde-sur-bracelet-de-cheville\\\/#primaryimage\"},\"image\":{\"@id\":\"https:\\\/\\\/aureliusjewelry.com\\\/fr\\\/pierre-precieuse-dagate-mousse-de-forme-ronde-sur-bracelet-de-cheville\\\/#primaryimage\"},\"thumbnailUrl\":\"https:\\\/\\\/aureliusjewelry.com\\\/wp-content\\\/uploads\\\/round-moss-agate-anklet-14k-gold.jpg\",\"datePublished\":\"2023-10-16T07:01:38+00:00\",\"dateModified\":\"2026-03-19T21:31:34+00:00\",\"breadcrumb\":{\"@id\":\"https:\\\/\\\/aureliusjewelry.com\\\/fr\\\/pierre-precieuse-dagate-mousse-de-forme-ronde-sur-bracelet-de-cheville\\\/#breadcrumb\"},\"inLanguage\":\"fr-FR\",\"potentialAction\":[{\"@type\":\"ReadAction\",\"target\":[\"https:\\\/\\\/aureliusjewelry.com\\\/fr\\\/pierre-precieuse-dagate-mousse-de-forme-ronde-sur-bracelet-de-cheville\\\/\"]}]},{\"@type\":\"ImageObject\",\"inLanguage\":\"fr-FR\",\"@id\":\"https:\\\/\\\/aureliusjewelry.com\\\/fr\\\/pierre-precieuse-dagate-mousse-de-forme-ronde-sur-bracelet-de-cheville\\\/#primaryimage\",\"url\":\"https:\\\/\\\/aureliusjewelry.com\\\/wp-content\\\/uploads\\\/round-moss-agate-anklet-14k-gold.jpg\",\"contentUrl\":\"https:\\\/\\\/aureliusjewelry.com\\\/wp-content\\\/uploads\\\/round-moss-agate-anklet-14k-gold.jpg\",\"width\":1920,\"height\":1440},{\"@type\":\"BreadcrumbList\",\"@id\":\"https:\\\/\\\/aureliusjewelry.com\\\/fr\\\/pierre-precieuse-dagate-mousse-de-forme-ronde-sur-bracelet-de-cheville\\\/#breadcrumb\",\"itemListElement\":[{\"@type\":\"ListItem\",\"position\":1,\"name\":\"Home\",\"item\":\"https:\\\/\\\/aureliusjewelry.com\\\/fr\\\/\"},{\"@type\":\"ListItem\",\"position\":2,\"name\":\"Boutique\",\"item\":\"https:\\\/\\\/aureliusjewelry.com\\\/fr\\\/boutique\\\/\"},{\"@type\":\"ListItem\",\"position\":3,\"name\":\"Pierre pr\u00e9cieuse d&#8217;agate mousse de forme ronde sur bracelet de cheville\"}]},{\"@type\":\"WebSite\",\"@id\":\"https:\\\/\\\/aureliusjewelry.com\\\/fr\\\/#website\",\"url\":\"https:\\\/\\\/aureliusjewelry.com\\\/fr\\\/\",\"name\":\"Aurelius Jewelry\",\"description\":\"Handmade Fine Gold Jewelry\",\"publisher\":{\"@id\":\"https:\\\/\\\/aureliusjewelry.com\\\/fr\\\/#organization\"},\"potentialAction\":[{\"@type\":\"SearchAction\",\"target\":{\"@type\":\"EntryPoint\",\"urlTemplate\":\"https:\\\/\\\/aureliusjewelry.com\\\/fr\\\/?s={search_term_string}\"},\"query-input\":{\"@type\":\"PropertyValueSpecification\",\"valueRequired\":true,\"valueName\":\"search_term_string\"}}],\"inLanguage\":\"fr-FR\"},{\"@type\":\"Organization\",\"@id\":\"https:\\\/\\\/aureliusjewelry.com\\\/fr\\\/#organization\",\"name\":\"Aurelius Jewelry\",\"url\":\"https:\\\/\\\/aureliusjewelry.com\\\/fr\\\/\",\"logo\":{\"@type\":\"ImageObject\",\"inLanguage\":\"fr-FR\",\"@id\":\"https:\\\/\\\/aureliusjewelry.com\\\/fr\\\/#\\\/schema\\\/logo\\\/image\\\/\",\"url\":\"https:\\\/\\\/aureliusjewelry.com\\\/wp-content\\\/uploads\\\/logo.png\",\"contentUrl\":\"https:\\\/\\\/aureliusjewelry.com\\\/wp-content\\\/uploads\\\/logo.png\",\"width\":400,\"height\":64,\"caption\":\"Aurelius Jewelry\"},\"image\":{\"@id\":\"https:\\\/\\\/aureliusjewelry.com\\\/fr\\\/#\\\/schema\\\/logo\\\/image\\\/\"},\"sameAs\":[\"https:\\\/\\\/www.facebook.com\\\/AureliusJewelry\\\/\",\"https:\\\/\\\/x.com\\\/AureliusJewelry\",\"https:\\\/\\\/instagram.com\\\/aureliusjewelry\",\"https:\\\/\\\/www.pinterest.com\\\/AureliusJewelry\\\/\"],\"email\":\"info@aureliusjewelry.com\",\"foundingDate\":\"2018-10-01\",\"vatID\":\"SI10391070\",\"hasMerchantReturnPolicy\":{\"@type\":\"MerchantReturnPolicy\",\"merchantReturnLink\":\"https:\\\/\\\/aureliusjewelry.com\\\/our-policies\\\/terms-conditions\\\/\"}}]}<\/script>\n<meta property=\"og:availability\" content=\"backorder\" \/>\n<meta property=\"product:availability\" content=\"available for order\" \/>\n<meta property=\"product:retailer_item_id\" content=\"40800\" \/>\n<meta property=\"product:condition\" content=\"new\" \/>","yoast_head_json":{"title":"Pierre pr\u00e9cieuse d'agate mousse de forme ronde sur bracelet de cheville - Aurelius Jewelry","robots":{"index":"index","follow":"follow","max-snippet":"max-snippet:-1","max-image-preview":"max-image-preview:large","max-video-preview":"max-video-preview:-1"},"canonical":"https:\/\/aureliusjewelry.com\/fr\/pierre-precieuse-dagate-mousse-de-forme-ronde-sur-bracelet-de-cheville\/","og_locale":"fr_FR","og_type":"article","og_title":"Pierre pr\u00e9cieuse d'agate mousse de forme ronde sur bracelet de cheville - Aurelius Jewelry","og_description":"%","og_url":"https:\/\/aureliusjewelry.com\/fr\/pierre-precieuse-dagate-mousse-de-forme-ronde-sur-bracelet-de-cheville\/","og_site_name":"Aurelius Jewelry","article_publisher":"https:\/\/www.facebook.com\/AureliusJewelry\/","article_modified_time":"2026-03-19T21:31:34+00:00","og_image":[{"width":1920,"height":1440,"url":"https:\/\/aureliusjewelry.com\/wp-content\/uploads\/round-moss-agate-anklet-14k-gold.jpg","type":"image\/jpeg"}],"twitter_card":"summary_large_image","twitter_site":"@AureliusJewelry","schema":{"@context":"https:\/\/schema.org","@graph":[{"@type":"WebPage","@id":"https:\/\/aureliusjewelry.com\/fr\/pierre-precieuse-dagate-mousse-de-forme-ronde-sur-bracelet-de-cheville\/","url":"https:\/\/aureliusjewelry.com\/fr\/pierre-precieuse-dagate-mousse-de-forme-ronde-sur-bracelet-de-cheville\/","name":"Pierre pr\u00e9cieuse d'agate mousse de forme ronde sur bracelet de cheville - Aurelius Jewelry","isPartOf":{"@id":"https:\/\/aureliusjewelry.com\/fr\/#website"},"primaryImageOfPage":{"@id":"https:\/\/aureliusjewelry.com\/fr\/pierre-precieuse-dagate-mousse-de-forme-ronde-sur-bracelet-de-cheville\/#primaryimage"},"image":{"@id":"https:\/\/aureliusjewelry.com\/fr\/pierre-precieuse-dagate-mousse-de-forme-ronde-sur-bracelet-de-cheville\/#primaryimage"},"thumbnailUrl":"https:\/\/aureliusjewelry.com\/wp-content\/uploads\/round-moss-agate-anklet-14k-gold.jpg","datePublished":"2023-10-16T07:01:38+00:00","dateModified":"2026-03-19T21:31:34+00:00","breadcrumb":{"@id":"https:\/\/aureliusjewelry.com\/fr\/pierre-precieuse-dagate-mousse-de-forme-ronde-sur-bracelet-de-cheville\/#breadcrumb"},"inLanguage":"fr-FR","potentialAction":[{"@type":"ReadAction","target":["https:\/\/aureliusjewelry.com\/fr\/pierre-precieuse-dagate-mousse-de-forme-ronde-sur-bracelet-de-cheville\/"]}]},{"@type":"ImageObject","inLanguage":"fr-FR","@id":"https:\/\/aureliusjewelry.com\/fr\/pierre-precieuse-dagate-mousse-de-forme-ronde-sur-bracelet-de-cheville\/#primaryimage","url":"https:\/\/aureliusjewelry.com\/wp-content\/uploads\/round-moss-agate-anklet-14k-gold.jpg","contentUrl":"https:\/\/aureliusjewelry.com\/wp-content\/uploads\/round-moss-agate-anklet-14k-gold.jpg","width":1920,"height":1440},{"@type":"BreadcrumbList","@id":"https:\/\/aureliusjewelry.com\/fr\/pierre-precieuse-dagate-mousse-de-forme-ronde-sur-bracelet-de-cheville\/#breadcrumb","itemListElement":[{"@type":"ListItem","position":1,"name":"Home","item":"https:\/\/aureliusjewelry.com\/fr\/"},{"@type":"ListItem","position":2,"name":"Boutique","item":"https:\/\/aureliusjewelry.com\/fr\/boutique\/"},{"@type":"ListItem","position":3,"name":"Pierre pr\u00e9cieuse d&#8217;agate mousse de forme ronde sur bracelet de cheville"}]},{"@type":"WebSite","@id":"https:\/\/aureliusjewelry.com\/fr\/#website","url":"https:\/\/aureliusjewelry.com\/fr\/","name":"Aurelius Jewelry","description":"Handmade Fine Gold Jewelry","publisher":{"@id":"https:\/\/aureliusjewelry.com\/fr\/#organization"},"potentialAction":[{"@type":"SearchAction","target":{"@type":"EntryPoint","urlTemplate":"https:\/\/aureliusjewelry.com\/fr\/?s={search_term_string}"},"query-input":{"@type":"PropertyValueSpecification","valueRequired":true,"valueName":"search_term_string"}}],"inLanguage":"fr-FR"},{"@type":"Organization","@id":"https:\/\/aureliusjewelry.com\/fr\/#organization","name":"Aurelius Jewelry","url":"https:\/\/aureliusjewelry.com\/fr\/","logo":{"@type":"ImageObject","inLanguage":"fr-FR","@id":"https:\/\/aureliusjewelry.com\/fr\/#\/schema\/logo\/image\/","url":"https:\/\/aureliusjewelry.com\/wp-content\/uploads\/logo.png","contentUrl":"https:\/\/aureliusjewelry.com\/wp-content\/uploads\/logo.png","width":400,"height":64,"caption":"Aurelius Jewelry"},"image":{"@id":"https:\/\/aureliusjewelry.com\/fr\/#\/schema\/logo\/image\/"},"sameAs":["https:\/\/www.facebook.com\/AureliusJewelry\/","https:\/\/x.com\/AureliusJewelry","https:\/\/instagram.com\/aureliusjewelry","https:\/\/www.pinterest.com\/AureliusJewelry\/"],"email":"info@aureliusjewelry.com","foundingDate":"2018-10-01","vatID":"SI10391070","hasMerchantReturnPolicy":{"@type":"MerchantReturnPolicy","merchantReturnLink":"https:\/\/aureliusjewelry.com\/our-policies\/terms-conditions\/"}}]},"og_availability":"backorder","product_availability":"available for order","product_retailer_item_id":"40800","product_condition":"new"},"_links":{"self":[{"href":"https:\/\/aureliusjewelry.com\/fr\/wp-json\/wp\/v2\/product\/48404","targetHints":{"allow":["GET"]}}],"collection":[{"href":"https:\/\/aureliusjewelry.com\/fr\/wp-json\/wp\/v2\/product"}],"about":[{"href":"https:\/\/aureliusjewelry.com\/fr\/wp-json\/wp\/v2\/types\/product"}],"replies":[{"embeddable":true,"href":"https:\/\/aureliusjewelry.com\/fr\/wp-json\/wp\/v2\/comments?post=48404"}],"wp:featuredmedia":[{"embeddable":true,"href":"https:\/\/aureliusjewelry.com\/fr\/wp-json\/wp\/v2\/media\/40807"}],"wp:attachment":[{"href":"https:\/\/aureliusjewelry.com\/fr\/wp-json\/wp\/v2\/media?parent=48404"}],"wp:term":[{"taxonomy":"product_brand","embeddable":true,"href":"https:\/\/aureliusjewelry.com\/fr\/wp-json\/wp\/v2\/product_brand?post=48404"},{"taxonomy":"product_cat","embeddable":true,"href":"https:\/\/aureliusjewelry.com\/fr\/wp-json\/wp\/v2\/product_cat?post=48404"},{"taxonomy":"product_tag","embeddable":true,"href":"https:\/\/aureliusjewelry.com\/fr\/wp-json\/wp\/v2\/product_tag?post=48404"}],"curies":[{"name":"wp","href":"https:\/\/api.w.org\/{rel}","templated":true}]}}