{"id":45232,"date":"2023-08-25T16:30:40","date_gmt":"2023-08-25T14:30:40","guid":{"rendered":"http:\/\/aureliusjewelry.com\/product\/element-deau-bague-de-fiancailles-saphir-bleu-taille-poire-et-aigue-marine\/"},"modified":"2026-03-22T15:02:34","modified_gmt":"2026-03-22T13:02:34","slug":"element-deau-bague-de-fiancailles-saphir-bleu-taille-poire-et-aigue-marine","status":"publish","type":"product","link":"https:\/\/aureliusjewelry.com\/fr\/element-deau-bague-de-fiancailles-saphir-bleu-taille-poire-et-aigue-marine\/","title":{"rendered":"\u00c9l\u00e9ment d\u2019eau \u2013 Bague de fian\u00e7ailles Saphir bleu taille poire et Aigue-marine"},"content":{"rendered":"<p><strong>Des pierres<\/strong><\/p>\n<ul>\n<li>saphir bleu poire<\/li>\n<li>environ. 7&#215;5-8&#215;5.5mm<\/li>\n<li>Aigue-marine marquise et topaze bleue suisse poire<\/li>\n<li>environ. 4x2mm, 4\u00d72.5mm<\/li>\n<li>diamants marquise et ronds<\/li>\n<li>environ. 3\u00d71.5mm, 1.5mm<\/li>\n<li>Couleur F\/G, clart\u00e9 VS, sans conflit<\/li>\n<\/ul>\n<p><strong>Mesures et mat\u00e9riau du bracelet<\/strong><\/p>\n<ul>\n<li>1.5mm large, 1.6mm \u00e9pais<\/li>\n<li>disponible en or jaune, blanc ou rose 14 carats\/18 carats et platine<\/li>\n<li>Taille de bague am\u00e9ricaine 3-9, tailles plus petites ou plus grandes disponibles sur demande<\/li>\n<\/ul>\n","protected":false},"excerpt":{"rendered":"<p>Recevez une goutte d&rsquo;eau de l&rsquo;oc\u00e9an avec notre bague de fian\u00e7ailles \u00c9l\u00e9ment d\u2019eau, r\u00e9imagin\u00e9e avec un saphir bleu envo\u00fbtant taille poire. Elle est compl\u00e9t\u00e9e par des pierres lat\u00e9rales en topaze bleu suisse, une aigue-marine et deux diamants qui imitent les couleurs des vagues de l&rsquo;oc\u00e9an s&rsquo;\u00e9crasant sur le rivage. Notre design original est con\u00e7u pour la mari\u00e9e moderne qui partage un lien ind\u00e9fectible avec la mer. Les signes du zodiaque li\u00e9s \u00e0 l&rsquo;\u00e9l\u00e9ment eau sont le cancer, le scorpion et les poissons.<\/p>\n","protected":false},"featured_media":36840,"comment_status":"open","ping_status":"closed","template":"","meta":[],"product_brand":[],"product_cat":[904,1451,1453,1438,1465,896,918,1441,926,1462,1484,898],"product_tag":[992,974,982,989],"class_list":{"0":"post-45232","1":"product","2":"type-product","3":"status-publish","4":"has-post-thumbnail","6":"product_cat-agglutine","7":"product_cat-bague-de-fiancailles-a-cinq-pierres","8":"product_cat-bague-de-fiancailles-avec-accents-de-pierres-precieuses","9":"product_cat-bague-de-fiancailles-avec-ensemble-de-lunette","10":"product_cat-bague-de-fiancailles-en-forme-de-poire","11":"product_cat-bagues","12":"product_cat-bagues-de-fiancailles","13":"product_cat-bagues-de-fiancailles-en-grappe","14":"product_cat-bagues-de-fiancailles-en-saphir","15":"product_cat-bagues-de-fiancailles-inspirees-de-la-nature","16":"product_cat-bagues-de-fiancailles-uniques","17":"product_cat-elementaire","18":"product_tag-bagues-tag","19":"product_tag-poire","20":"product_tag-saphir","21":"product_tag-temps_de_production_3_5","23":"first","24":"onbackorder","25":"sold-individually","26":"taxable","27":"shipping-taxable","28":"purchasable","29":"product-type-variable"},"yoast_head":"<title>\u00c9l\u00e9ment d\u2019eau \u2013 Bague de fian\u00e7ailles Saphir bleu taille poire et Aigue-marine - Aurelius Jewelry<\/title>\n<meta name=\"robots\" content=\"index, follow, max-snippet:-1, max-image-preview:large, max-video-preview:-1\" \/>\n<link rel=\"canonical\" href=\"https:\/\/aureliusjewelry.com\/fr\/element-deau-bague-de-fiancailles-saphir-bleu-taille-poire-et-aigue-marine\/\" \/>\n<meta property=\"og:locale\" content=\"fr_FR\" \/>\n<meta property=\"og:type\" content=\"article\" \/>\n<meta property=\"og:title\" content=\"\u00c9l\u00e9ment d\u2019eau \u2013 Bague de fian\u00e7ailles Saphir bleu taille poire et Aigue-marine - Aurelius Jewelry\" \/>\n<meta property=\"og:description\" content=\"%\" \/>\n<meta property=\"og:url\" content=\"https:\/\/aureliusjewelry.com\/fr\/element-deau-bague-de-fiancailles-saphir-bleu-taille-poire-et-aigue-marine\/\" \/>\n<meta property=\"og:site_name\" content=\"Aurelius Jewelry\" \/>\n<meta property=\"article:publisher\" content=\"https:\/\/www.facebook.com\/AureliusJewelry\/\" \/>\n<meta property=\"article:modified_time\" content=\"2026-03-22T13:02:34+00:00\" \/>\n<meta property=\"og:image\" content=\"https:\/\/aureliusjewelry.com\/wp-content\/uploads\/pear-blue-sapphire-engagement-ring-white-gold.jpg\" \/>\n\t<meta property=\"og:image:width\" content=\"1920\" \/>\n\t<meta property=\"og:image:height\" content=\"1440\" \/>\n\t<meta property=\"og:image:type\" content=\"image\/jpeg\" \/>\n<meta name=\"twitter:card\" content=\"summary_large_image\" \/>\n<meta name=\"twitter:site\" content=\"@AureliusJewelry\" \/>\n<script type=\"application\/ld+json\" class=\"yoast-schema-graph\">{\"@context\":\"https:\\\/\\\/schema.org\",\"@graph\":[{\"@type\":\"WebPage\",\"@id\":\"https:\\\/\\\/aureliusjewelry.com\\\/fr\\\/element-deau-bague-de-fiancailles-saphir-bleu-taille-poire-et-aigue-marine\\\/\",\"url\":\"https:\\\/\\\/aureliusjewelry.com\\\/fr\\\/element-deau-bague-de-fiancailles-saphir-bleu-taille-poire-et-aigue-marine\\\/\",\"name\":\"\u00c9l\u00e9ment d\u2019eau \u2013 Bague de fian\u00e7ailles Saphir bleu taille poire et Aigue-marine - Aurelius Jewelry\",\"isPartOf\":{\"@id\":\"https:\\\/\\\/aureliusjewelry.com\\\/fr\\\/#website\"},\"primaryImageOfPage\":{\"@id\":\"https:\\\/\\\/aureliusjewelry.com\\\/fr\\\/element-deau-bague-de-fiancailles-saphir-bleu-taille-poire-et-aigue-marine\\\/#primaryimage\"},\"image\":{\"@id\":\"https:\\\/\\\/aureliusjewelry.com\\\/fr\\\/element-deau-bague-de-fiancailles-saphir-bleu-taille-poire-et-aigue-marine\\\/#primaryimage\"},\"thumbnailUrl\":\"https:\\\/\\\/aureliusjewelry.com\\\/wp-content\\\/uploads\\\/pear-blue-sapphire-engagement-ring-white-gold.jpg\",\"datePublished\":\"2023-08-25T14:30:40+00:00\",\"dateModified\":\"2026-03-22T13:02:34+00:00\",\"breadcrumb\":{\"@id\":\"https:\\\/\\\/aureliusjewelry.com\\\/fr\\\/element-deau-bague-de-fiancailles-saphir-bleu-taille-poire-et-aigue-marine\\\/#breadcrumb\"},\"inLanguage\":\"fr-FR\",\"potentialAction\":[{\"@type\":\"ReadAction\",\"target\":[\"https:\\\/\\\/aureliusjewelry.com\\\/fr\\\/element-deau-bague-de-fiancailles-saphir-bleu-taille-poire-et-aigue-marine\\\/\"]}]},{\"@type\":\"ImageObject\",\"inLanguage\":\"fr-FR\",\"@id\":\"https:\\\/\\\/aureliusjewelry.com\\\/fr\\\/element-deau-bague-de-fiancailles-saphir-bleu-taille-poire-et-aigue-marine\\\/#primaryimage\",\"url\":\"https:\\\/\\\/aureliusjewelry.com\\\/wp-content\\\/uploads\\\/pear-blue-sapphire-engagement-ring-white-gold.jpg\",\"contentUrl\":\"https:\\\/\\\/aureliusjewelry.com\\\/wp-content\\\/uploads\\\/pear-blue-sapphire-engagement-ring-white-gold.jpg\",\"width\":1920,\"height\":1440},{\"@type\":\"BreadcrumbList\",\"@id\":\"https:\\\/\\\/aureliusjewelry.com\\\/fr\\\/element-deau-bague-de-fiancailles-saphir-bleu-taille-poire-et-aigue-marine\\\/#breadcrumb\",\"itemListElement\":[{\"@type\":\"ListItem\",\"position\":1,\"name\":\"Home\",\"item\":\"https:\\\/\\\/aureliusjewelry.com\\\/fr\\\/\"},{\"@type\":\"ListItem\",\"position\":2,\"name\":\"Boutique\",\"item\":\"https:\\\/\\\/aureliusjewelry.com\\\/fr\\\/boutique\\\/\"},{\"@type\":\"ListItem\",\"position\":3,\"name\":\"\u00c9l\u00e9ment d\u2019eau \u2013 Bague de fian\u00e7ailles Saphir bleu taille poire et Aigue-marine\"}]},{\"@type\":\"WebSite\",\"@id\":\"https:\\\/\\\/aureliusjewelry.com\\\/fr\\\/#website\",\"url\":\"https:\\\/\\\/aureliusjewelry.com\\\/fr\\\/\",\"name\":\"Aurelius Jewelry\",\"description\":\"Handmade Fine Gold Jewelry\",\"publisher\":{\"@id\":\"https:\\\/\\\/aureliusjewelry.com\\\/fr\\\/#organization\"},\"potentialAction\":[{\"@type\":\"SearchAction\",\"target\":{\"@type\":\"EntryPoint\",\"urlTemplate\":\"https:\\\/\\\/aureliusjewelry.com\\\/fr\\\/?s={search_term_string}\"},\"query-input\":{\"@type\":\"PropertyValueSpecification\",\"valueRequired\":true,\"valueName\":\"search_term_string\"}}],\"inLanguage\":\"fr-FR\"},{\"@type\":\"Organization\",\"@id\":\"https:\\\/\\\/aureliusjewelry.com\\\/fr\\\/#organization\",\"name\":\"Aurelius Jewelry\",\"url\":\"https:\\\/\\\/aureliusjewelry.com\\\/fr\\\/\",\"logo\":{\"@type\":\"ImageObject\",\"inLanguage\":\"fr-FR\",\"@id\":\"https:\\\/\\\/aureliusjewelry.com\\\/fr\\\/#\\\/schema\\\/logo\\\/image\\\/\",\"url\":\"https:\\\/\\\/aureliusjewelry.com\\\/wp-content\\\/uploads\\\/logo.png\",\"contentUrl\":\"https:\\\/\\\/aureliusjewelry.com\\\/wp-content\\\/uploads\\\/logo.png\",\"width\":400,\"height\":64,\"caption\":\"Aurelius Jewelry\"},\"image\":{\"@id\":\"https:\\\/\\\/aureliusjewelry.com\\\/fr\\\/#\\\/schema\\\/logo\\\/image\\\/\"},\"sameAs\":[\"https:\\\/\\\/www.facebook.com\\\/AureliusJewelry\\\/\",\"https:\\\/\\\/x.com\\\/AureliusJewelry\",\"https:\\\/\\\/instagram.com\\\/aureliusjewelry\",\"https:\\\/\\\/www.pinterest.com\\\/AureliusJewelry\\\/\"],\"email\":\"info@aureliusjewelry.com\",\"foundingDate\":\"2018-10-01\",\"vatID\":\"SI10391070\",\"hasMerchantReturnPolicy\":{\"@type\":\"MerchantReturnPolicy\",\"merchantReturnLink\":\"https:\\\/\\\/aureliusjewelry.com\\\/our-policies\\\/terms-conditions\\\/\"}}]}<\/script>\n<meta property=\"og:availability\" content=\"backorder\" \/>\n<meta property=\"product:availability\" content=\"available for order\" \/>\n<meta property=\"product:retailer_item_id\" content=\"36828\" \/>\n<meta property=\"product:condition\" content=\"new\" \/>","yoast_head_json":{"title":"\u00c9l\u00e9ment d\u2019eau \u2013 Bague de fian\u00e7ailles Saphir bleu taille poire et Aigue-marine - Aurelius Jewelry","robots":{"index":"index","follow":"follow","max-snippet":"max-snippet:-1","max-image-preview":"max-image-preview:large","max-video-preview":"max-video-preview:-1"},"canonical":"https:\/\/aureliusjewelry.com\/fr\/element-deau-bague-de-fiancailles-saphir-bleu-taille-poire-et-aigue-marine\/","og_locale":"fr_FR","og_type":"article","og_title":"\u00c9l\u00e9ment d\u2019eau \u2013 Bague de fian\u00e7ailles Saphir bleu taille poire et Aigue-marine - Aurelius Jewelry","og_description":"%","og_url":"https:\/\/aureliusjewelry.com\/fr\/element-deau-bague-de-fiancailles-saphir-bleu-taille-poire-et-aigue-marine\/","og_site_name":"Aurelius Jewelry","article_publisher":"https:\/\/www.facebook.com\/AureliusJewelry\/","article_modified_time":"2026-03-22T13:02:34+00:00","og_image":[{"width":1920,"height":1440,"url":"https:\/\/aureliusjewelry.com\/wp-content\/uploads\/pear-blue-sapphire-engagement-ring-white-gold.jpg","type":"image\/jpeg"}],"twitter_card":"summary_large_image","twitter_site":"@AureliusJewelry","schema":{"@context":"https:\/\/schema.org","@graph":[{"@type":"WebPage","@id":"https:\/\/aureliusjewelry.com\/fr\/element-deau-bague-de-fiancailles-saphir-bleu-taille-poire-et-aigue-marine\/","url":"https:\/\/aureliusjewelry.com\/fr\/element-deau-bague-de-fiancailles-saphir-bleu-taille-poire-et-aigue-marine\/","name":"\u00c9l\u00e9ment d\u2019eau \u2013 Bague de fian\u00e7ailles Saphir bleu taille poire et Aigue-marine - Aurelius Jewelry","isPartOf":{"@id":"https:\/\/aureliusjewelry.com\/fr\/#website"},"primaryImageOfPage":{"@id":"https:\/\/aureliusjewelry.com\/fr\/element-deau-bague-de-fiancailles-saphir-bleu-taille-poire-et-aigue-marine\/#primaryimage"},"image":{"@id":"https:\/\/aureliusjewelry.com\/fr\/element-deau-bague-de-fiancailles-saphir-bleu-taille-poire-et-aigue-marine\/#primaryimage"},"thumbnailUrl":"https:\/\/aureliusjewelry.com\/wp-content\/uploads\/pear-blue-sapphire-engagement-ring-white-gold.jpg","datePublished":"2023-08-25T14:30:40+00:00","dateModified":"2026-03-22T13:02:34+00:00","breadcrumb":{"@id":"https:\/\/aureliusjewelry.com\/fr\/element-deau-bague-de-fiancailles-saphir-bleu-taille-poire-et-aigue-marine\/#breadcrumb"},"inLanguage":"fr-FR","potentialAction":[{"@type":"ReadAction","target":["https:\/\/aureliusjewelry.com\/fr\/element-deau-bague-de-fiancailles-saphir-bleu-taille-poire-et-aigue-marine\/"]}]},{"@type":"ImageObject","inLanguage":"fr-FR","@id":"https:\/\/aureliusjewelry.com\/fr\/element-deau-bague-de-fiancailles-saphir-bleu-taille-poire-et-aigue-marine\/#primaryimage","url":"https:\/\/aureliusjewelry.com\/wp-content\/uploads\/pear-blue-sapphire-engagement-ring-white-gold.jpg","contentUrl":"https:\/\/aureliusjewelry.com\/wp-content\/uploads\/pear-blue-sapphire-engagement-ring-white-gold.jpg","width":1920,"height":1440},{"@type":"BreadcrumbList","@id":"https:\/\/aureliusjewelry.com\/fr\/element-deau-bague-de-fiancailles-saphir-bleu-taille-poire-et-aigue-marine\/#breadcrumb","itemListElement":[{"@type":"ListItem","position":1,"name":"Home","item":"https:\/\/aureliusjewelry.com\/fr\/"},{"@type":"ListItem","position":2,"name":"Boutique","item":"https:\/\/aureliusjewelry.com\/fr\/boutique\/"},{"@type":"ListItem","position":3,"name":"\u00c9l\u00e9ment d\u2019eau \u2013 Bague de fian\u00e7ailles Saphir bleu taille poire et Aigue-marine"}]},{"@type":"WebSite","@id":"https:\/\/aureliusjewelry.com\/fr\/#website","url":"https:\/\/aureliusjewelry.com\/fr\/","name":"Aurelius Jewelry","description":"Handmade Fine Gold Jewelry","publisher":{"@id":"https:\/\/aureliusjewelry.com\/fr\/#organization"},"potentialAction":[{"@type":"SearchAction","target":{"@type":"EntryPoint","urlTemplate":"https:\/\/aureliusjewelry.com\/fr\/?s={search_term_string}"},"query-input":{"@type":"PropertyValueSpecification","valueRequired":true,"valueName":"search_term_string"}}],"inLanguage":"fr-FR"},{"@type":"Organization","@id":"https:\/\/aureliusjewelry.com\/fr\/#organization","name":"Aurelius Jewelry","url":"https:\/\/aureliusjewelry.com\/fr\/","logo":{"@type":"ImageObject","inLanguage":"fr-FR","@id":"https:\/\/aureliusjewelry.com\/fr\/#\/schema\/logo\/image\/","url":"https:\/\/aureliusjewelry.com\/wp-content\/uploads\/logo.png","contentUrl":"https:\/\/aureliusjewelry.com\/wp-content\/uploads\/logo.png","width":400,"height":64,"caption":"Aurelius Jewelry"},"image":{"@id":"https:\/\/aureliusjewelry.com\/fr\/#\/schema\/logo\/image\/"},"sameAs":["https:\/\/www.facebook.com\/AureliusJewelry\/","https:\/\/x.com\/AureliusJewelry","https:\/\/instagram.com\/aureliusjewelry","https:\/\/www.pinterest.com\/AureliusJewelry\/"],"email":"info@aureliusjewelry.com","foundingDate":"2018-10-01","vatID":"SI10391070","hasMerchantReturnPolicy":{"@type":"MerchantReturnPolicy","merchantReturnLink":"https:\/\/aureliusjewelry.com\/our-policies\/terms-conditions\/"}}]},"og_availability":"backorder","product_availability":"available for order","product_retailer_item_id":"36828","product_condition":"new"},"_links":{"self":[{"href":"https:\/\/aureliusjewelry.com\/fr\/wp-json\/wp\/v2\/product\/45232","targetHints":{"allow":["GET"]}}],"collection":[{"href":"https:\/\/aureliusjewelry.com\/fr\/wp-json\/wp\/v2\/product"}],"about":[{"href":"https:\/\/aureliusjewelry.com\/fr\/wp-json\/wp\/v2\/types\/product"}],"replies":[{"embeddable":true,"href":"https:\/\/aureliusjewelry.com\/fr\/wp-json\/wp\/v2\/comments?post=45232"}],"wp:featuredmedia":[{"embeddable":true,"href":"https:\/\/aureliusjewelry.com\/fr\/wp-json\/wp\/v2\/media\/36840"}],"wp:attachment":[{"href":"https:\/\/aureliusjewelry.com\/fr\/wp-json\/wp\/v2\/media?parent=45232"}],"wp:term":[{"taxonomy":"product_brand","embeddable":true,"href":"https:\/\/aureliusjewelry.com\/fr\/wp-json\/wp\/v2\/product_brand?post=45232"},{"taxonomy":"product_cat","embeddable":true,"href":"https:\/\/aureliusjewelry.com\/fr\/wp-json\/wp\/v2\/product_cat?post=45232"},{"taxonomy":"product_tag","embeddable":true,"href":"https:\/\/aureliusjewelry.com\/fr\/wp-json\/wp\/v2\/product_tag?post=45232"}],"curies":[{"name":"wp","href":"https:\/\/api.w.org\/{rel}","templated":true}]}}