{"id":44862,"date":"2023-09-13T03:19:00","date_gmt":"2023-09-13T01:19:00","guid":{"rendered":"http:\/\/aureliusjewelry.com\/product\/ensemble-dalliances-ouvertes-topaze-cerf-volant-bleu-suisse-et-bande-de-feuilles\/"},"modified":"2026-03-22T14:48:43","modified_gmt":"2026-03-22T12:48:43","slug":"ensemble-dalliances-ouvertes-topaze-cerf-volant-bleu-suisse-et-bande-de-feuilles","status":"publish","type":"product","link":"https:\/\/aureliusjewelry.com\/fr\/ensemble-dalliances-ouvertes-topaze-cerf-volant-bleu-suisse-et-bande-de-feuilles\/","title":{"rendered":"Ensemble d\u2019alliances ouvertes Topaze cerf-volant bleu Suisse et bande de feuilles"},"content":{"rendered":"<p><strong>Des pierres<\/strong><\/p>\n<ul>\n<li>cerf-volant topaze bleue suisse<\/li>\n<li>environ. 9x6mm<\/li>\n<li>diamants ronds<\/li>\n<li>environ. 1.25, 1mm (6)<\/li>\n<li>Couleur F\/G, clart\u00e9 VS, sans conflit<\/li>\n<\/ul>\n<p><strong>Mesures et mat\u00e9riau du bracelet<\/strong><\/p>\n<ul>\n<li>1.5mm large, 1.6mm \u00e9pais<\/li>\n<li>disponible en or jaune, blanc ou rose 14 carats\/18 carats et platine<\/li>\n<li>Taille de bague am\u00e9ricaine 3-9, tailles plus petites ou plus grandes disponibles sur demande<\/li>\n<\/ul>\n","protected":false},"excerpt":{"rendered":"<p>D\u00e9clarez votre amour avec notre bague de mariage Kite Swiss Blue Topaz avec cet anneau ouvert en forme de feuille. Cette pierre de naissance du mois de d\u00e9cembre est associ\u00e9e \u00e0 la clart\u00e9, \u00e0 la communication et \u00e0 la s\u00e9r\u00e9nit\u00e9. Le motif de la feuille ouverte peut \u00eatre consid\u00e9r\u00e9 comme un symbole d&rsquo;individualit\u00e9 et de connexion \u00e0 la nature. Choisissez parmi diff\u00e9rents types d&rsquo;or ou de platine pour cr\u00e9er une monture qui refl\u00e8te votre style personnel.<\/p>\n","protected":false},"featured_media":38259,"comment_status":"open","ping_status":"closed","template":"","meta":[],"product_brand":[],"product_cat":[1476,896,939,1610,900,908],"product_tag":[991,992,960,993,989,985],"class_list":{"0":"post-44862","1":"product","2":"type-product","3":"status-publish","4":"has-post-thumbnail","6":"product_cat-bague-de-mariage-en-deux-parties","7":"product_cat-bagues","8":"product_cat-ensembles-dalliances","9":"product_cat-meilleures-ventes","10":"product_cat-moderne","11":"product_cat-paire","12":"product_tag-bague-tag","13":"product_tag-bagues-tag","14":"product_tag-cerf-volant","15":"product_tag-ensemble-de-bagues","16":"product_tag-temps_de_production_3_5","17":"product_tag-topaze","19":"first","20":"onbackorder","21":"sold-individually","22":"taxable","23":"shipping-taxable","24":"purchasable","25":"product-type-variable"},"yoast_head":"<title>Ensemble d\u2019alliances ouvertes Topaze cerf-volant bleu Suisse et bande de feuilles - Aurelius Jewelry<\/title>\n<meta name=\"robots\" content=\"index, follow, max-snippet:-1, max-image-preview:large, max-video-preview:-1\" \/>\n<link rel=\"canonical\" href=\"https:\/\/aureliusjewelry.com\/fr\/ensemble-dalliances-ouvertes-topaze-cerf-volant-bleu-suisse-et-bande-de-feuilles\/\" \/>\n<meta property=\"og:locale\" content=\"fr_FR\" \/>\n<meta property=\"og:type\" content=\"article\" \/>\n<meta property=\"og:title\" content=\"Ensemble d\u2019alliances ouvertes Topaze cerf-volant bleu Suisse et bande de feuilles - Aurelius Jewelry\" \/>\n<meta property=\"og:description\" content=\"%\" \/>\n<meta property=\"og:url\" content=\"https:\/\/aureliusjewelry.com\/fr\/ensemble-dalliances-ouvertes-topaze-cerf-volant-bleu-suisse-et-bande-de-feuilles\/\" \/>\n<meta property=\"og:site_name\" content=\"Aurelius Jewelry\" \/>\n<meta property=\"article:publisher\" content=\"https:\/\/www.facebook.com\/AureliusJewelry\/\" \/>\n<meta property=\"article:modified_time\" content=\"2026-03-22T12:48:43+00:00\" \/>\n<meta property=\"og:image\" content=\"https:\/\/aureliusjewelry.com\/wp-content\/uploads\/kite-swiss-topaz-ring-set-white-gold.jpg\" \/>\n\t<meta property=\"og:image:width\" content=\"1920\" \/>\n\t<meta property=\"og:image:height\" content=\"1440\" \/>\n\t<meta property=\"og:image:type\" content=\"image\/jpeg\" \/>\n<meta name=\"twitter:card\" content=\"summary_large_image\" \/>\n<meta name=\"twitter:site\" content=\"@AureliusJewelry\" \/>\n<script type=\"application\/ld+json\" class=\"yoast-schema-graph\">{\"@context\":\"https:\\\/\\\/schema.org\",\"@graph\":[{\"@type\":\"WebPage\",\"@id\":\"https:\\\/\\\/aureliusjewelry.com\\\/fr\\\/ensemble-dalliances-ouvertes-topaze-cerf-volant-bleu-suisse-et-bande-de-feuilles\\\/\",\"url\":\"https:\\\/\\\/aureliusjewelry.com\\\/fr\\\/ensemble-dalliances-ouvertes-topaze-cerf-volant-bleu-suisse-et-bande-de-feuilles\\\/\",\"name\":\"Ensemble d\u2019alliances ouvertes Topaze cerf-volant bleu Suisse et bande de feuilles - Aurelius Jewelry\",\"isPartOf\":{\"@id\":\"https:\\\/\\\/aureliusjewelry.com\\\/fr\\\/#website\"},\"primaryImageOfPage\":{\"@id\":\"https:\\\/\\\/aureliusjewelry.com\\\/fr\\\/ensemble-dalliances-ouvertes-topaze-cerf-volant-bleu-suisse-et-bande-de-feuilles\\\/#primaryimage\"},\"image\":{\"@id\":\"https:\\\/\\\/aureliusjewelry.com\\\/fr\\\/ensemble-dalliances-ouvertes-topaze-cerf-volant-bleu-suisse-et-bande-de-feuilles\\\/#primaryimage\"},\"thumbnailUrl\":\"https:\\\/\\\/aureliusjewelry.com\\\/wp-content\\\/uploads\\\/kite-swiss-topaz-ring-set-white-gold.jpg\",\"datePublished\":\"2023-09-13T01:19:00+00:00\",\"dateModified\":\"2026-03-22T12:48:43+00:00\",\"breadcrumb\":{\"@id\":\"https:\\\/\\\/aureliusjewelry.com\\\/fr\\\/ensemble-dalliances-ouvertes-topaze-cerf-volant-bleu-suisse-et-bande-de-feuilles\\\/#breadcrumb\"},\"inLanguage\":\"fr-FR\",\"potentialAction\":[{\"@type\":\"ReadAction\",\"target\":[\"https:\\\/\\\/aureliusjewelry.com\\\/fr\\\/ensemble-dalliances-ouvertes-topaze-cerf-volant-bleu-suisse-et-bande-de-feuilles\\\/\"]}]},{\"@type\":\"ImageObject\",\"inLanguage\":\"fr-FR\",\"@id\":\"https:\\\/\\\/aureliusjewelry.com\\\/fr\\\/ensemble-dalliances-ouvertes-topaze-cerf-volant-bleu-suisse-et-bande-de-feuilles\\\/#primaryimage\",\"url\":\"https:\\\/\\\/aureliusjewelry.com\\\/wp-content\\\/uploads\\\/kite-swiss-topaz-ring-set-white-gold.jpg\",\"contentUrl\":\"https:\\\/\\\/aureliusjewelry.com\\\/wp-content\\\/uploads\\\/kite-swiss-topaz-ring-set-white-gold.jpg\",\"width\":1920,\"height\":1440},{\"@type\":\"BreadcrumbList\",\"@id\":\"https:\\\/\\\/aureliusjewelry.com\\\/fr\\\/ensemble-dalliances-ouvertes-topaze-cerf-volant-bleu-suisse-et-bande-de-feuilles\\\/#breadcrumb\",\"itemListElement\":[{\"@type\":\"ListItem\",\"position\":1,\"name\":\"Home\",\"item\":\"https:\\\/\\\/aureliusjewelry.com\\\/fr\\\/\"},{\"@type\":\"ListItem\",\"position\":2,\"name\":\"Boutique\",\"item\":\"https:\\\/\\\/aureliusjewelry.com\\\/fr\\\/boutique\\\/\"},{\"@type\":\"ListItem\",\"position\":3,\"name\":\"Ensemble d\u2019alliances ouvertes Topaze cerf-volant bleu Suisse et bande de feuilles\"}]},{\"@type\":\"WebSite\",\"@id\":\"https:\\\/\\\/aureliusjewelry.com\\\/fr\\\/#website\",\"url\":\"https:\\\/\\\/aureliusjewelry.com\\\/fr\\\/\",\"name\":\"Aurelius Jewelry\",\"description\":\"Handmade Fine Gold Jewelry\",\"publisher\":{\"@id\":\"https:\\\/\\\/aureliusjewelry.com\\\/fr\\\/#organization\"},\"potentialAction\":[{\"@type\":\"SearchAction\",\"target\":{\"@type\":\"EntryPoint\",\"urlTemplate\":\"https:\\\/\\\/aureliusjewelry.com\\\/fr\\\/?s={search_term_string}\"},\"query-input\":{\"@type\":\"PropertyValueSpecification\",\"valueRequired\":true,\"valueName\":\"search_term_string\"}}],\"inLanguage\":\"fr-FR\"},{\"@type\":\"Organization\",\"@id\":\"https:\\\/\\\/aureliusjewelry.com\\\/fr\\\/#organization\",\"name\":\"Aurelius Jewelry\",\"url\":\"https:\\\/\\\/aureliusjewelry.com\\\/fr\\\/\",\"logo\":{\"@type\":\"ImageObject\",\"inLanguage\":\"fr-FR\",\"@id\":\"https:\\\/\\\/aureliusjewelry.com\\\/fr\\\/#\\\/schema\\\/logo\\\/image\\\/\",\"url\":\"https:\\\/\\\/aureliusjewelry.com\\\/wp-content\\\/uploads\\\/logo.png\",\"contentUrl\":\"https:\\\/\\\/aureliusjewelry.com\\\/wp-content\\\/uploads\\\/logo.png\",\"width\":400,\"height\":64,\"caption\":\"Aurelius Jewelry\"},\"image\":{\"@id\":\"https:\\\/\\\/aureliusjewelry.com\\\/fr\\\/#\\\/schema\\\/logo\\\/image\\\/\"},\"sameAs\":[\"https:\\\/\\\/www.facebook.com\\\/AureliusJewelry\\\/\",\"https:\\\/\\\/x.com\\\/AureliusJewelry\",\"https:\\\/\\\/instagram.com\\\/aureliusjewelry\",\"https:\\\/\\\/www.pinterest.com\\\/AureliusJewelry\\\/\"],\"email\":\"info@aureliusjewelry.com\",\"foundingDate\":\"2018-10-01\",\"vatID\":\"SI10391070\",\"hasMerchantReturnPolicy\":{\"@type\":\"MerchantReturnPolicy\",\"merchantReturnLink\":\"https:\\\/\\\/aureliusjewelry.com\\\/our-policies\\\/terms-conditions\\\/\"}}]}<\/script>\n<meta property=\"og:availability\" content=\"backorder\" \/>\n<meta property=\"product:availability\" content=\"available for order\" \/>\n<meta property=\"product:retailer_item_id\" content=\"38248\" \/>\n<meta property=\"product:condition\" content=\"new\" \/>","yoast_head_json":{"title":"Ensemble d\u2019alliances ouvertes Topaze cerf-volant bleu Suisse et bande de feuilles - Aurelius Jewelry","robots":{"index":"index","follow":"follow","max-snippet":"max-snippet:-1","max-image-preview":"max-image-preview:large","max-video-preview":"max-video-preview:-1"},"canonical":"https:\/\/aureliusjewelry.com\/fr\/ensemble-dalliances-ouvertes-topaze-cerf-volant-bleu-suisse-et-bande-de-feuilles\/","og_locale":"fr_FR","og_type":"article","og_title":"Ensemble d\u2019alliances ouvertes Topaze cerf-volant bleu Suisse et bande de feuilles - Aurelius Jewelry","og_description":"%","og_url":"https:\/\/aureliusjewelry.com\/fr\/ensemble-dalliances-ouvertes-topaze-cerf-volant-bleu-suisse-et-bande-de-feuilles\/","og_site_name":"Aurelius Jewelry","article_publisher":"https:\/\/www.facebook.com\/AureliusJewelry\/","article_modified_time":"2026-03-22T12:48:43+00:00","og_image":[{"width":1920,"height":1440,"url":"https:\/\/aureliusjewelry.com\/wp-content\/uploads\/kite-swiss-topaz-ring-set-white-gold.jpg","type":"image\/jpeg"}],"twitter_card":"summary_large_image","twitter_site":"@AureliusJewelry","schema":{"@context":"https:\/\/schema.org","@graph":[{"@type":"WebPage","@id":"https:\/\/aureliusjewelry.com\/fr\/ensemble-dalliances-ouvertes-topaze-cerf-volant-bleu-suisse-et-bande-de-feuilles\/","url":"https:\/\/aureliusjewelry.com\/fr\/ensemble-dalliances-ouvertes-topaze-cerf-volant-bleu-suisse-et-bande-de-feuilles\/","name":"Ensemble d\u2019alliances ouvertes Topaze cerf-volant bleu Suisse et bande de feuilles - Aurelius Jewelry","isPartOf":{"@id":"https:\/\/aureliusjewelry.com\/fr\/#website"},"primaryImageOfPage":{"@id":"https:\/\/aureliusjewelry.com\/fr\/ensemble-dalliances-ouvertes-topaze-cerf-volant-bleu-suisse-et-bande-de-feuilles\/#primaryimage"},"image":{"@id":"https:\/\/aureliusjewelry.com\/fr\/ensemble-dalliances-ouvertes-topaze-cerf-volant-bleu-suisse-et-bande-de-feuilles\/#primaryimage"},"thumbnailUrl":"https:\/\/aureliusjewelry.com\/wp-content\/uploads\/kite-swiss-topaz-ring-set-white-gold.jpg","datePublished":"2023-09-13T01:19:00+00:00","dateModified":"2026-03-22T12:48:43+00:00","breadcrumb":{"@id":"https:\/\/aureliusjewelry.com\/fr\/ensemble-dalliances-ouvertes-topaze-cerf-volant-bleu-suisse-et-bande-de-feuilles\/#breadcrumb"},"inLanguage":"fr-FR","potentialAction":[{"@type":"ReadAction","target":["https:\/\/aureliusjewelry.com\/fr\/ensemble-dalliances-ouvertes-topaze-cerf-volant-bleu-suisse-et-bande-de-feuilles\/"]}]},{"@type":"ImageObject","inLanguage":"fr-FR","@id":"https:\/\/aureliusjewelry.com\/fr\/ensemble-dalliances-ouvertes-topaze-cerf-volant-bleu-suisse-et-bande-de-feuilles\/#primaryimage","url":"https:\/\/aureliusjewelry.com\/wp-content\/uploads\/kite-swiss-topaz-ring-set-white-gold.jpg","contentUrl":"https:\/\/aureliusjewelry.com\/wp-content\/uploads\/kite-swiss-topaz-ring-set-white-gold.jpg","width":1920,"height":1440},{"@type":"BreadcrumbList","@id":"https:\/\/aureliusjewelry.com\/fr\/ensemble-dalliances-ouvertes-topaze-cerf-volant-bleu-suisse-et-bande-de-feuilles\/#breadcrumb","itemListElement":[{"@type":"ListItem","position":1,"name":"Home","item":"https:\/\/aureliusjewelry.com\/fr\/"},{"@type":"ListItem","position":2,"name":"Boutique","item":"https:\/\/aureliusjewelry.com\/fr\/boutique\/"},{"@type":"ListItem","position":3,"name":"Ensemble d\u2019alliances ouvertes Topaze cerf-volant bleu Suisse et bande de feuilles"}]},{"@type":"WebSite","@id":"https:\/\/aureliusjewelry.com\/fr\/#website","url":"https:\/\/aureliusjewelry.com\/fr\/","name":"Aurelius Jewelry","description":"Handmade Fine Gold Jewelry","publisher":{"@id":"https:\/\/aureliusjewelry.com\/fr\/#organization"},"potentialAction":[{"@type":"SearchAction","target":{"@type":"EntryPoint","urlTemplate":"https:\/\/aureliusjewelry.com\/fr\/?s={search_term_string}"},"query-input":{"@type":"PropertyValueSpecification","valueRequired":true,"valueName":"search_term_string"}}],"inLanguage":"fr-FR"},{"@type":"Organization","@id":"https:\/\/aureliusjewelry.com\/fr\/#organization","name":"Aurelius Jewelry","url":"https:\/\/aureliusjewelry.com\/fr\/","logo":{"@type":"ImageObject","inLanguage":"fr-FR","@id":"https:\/\/aureliusjewelry.com\/fr\/#\/schema\/logo\/image\/","url":"https:\/\/aureliusjewelry.com\/wp-content\/uploads\/logo.png","contentUrl":"https:\/\/aureliusjewelry.com\/wp-content\/uploads\/logo.png","width":400,"height":64,"caption":"Aurelius Jewelry"},"image":{"@id":"https:\/\/aureliusjewelry.com\/fr\/#\/schema\/logo\/image\/"},"sameAs":["https:\/\/www.facebook.com\/AureliusJewelry\/","https:\/\/x.com\/AureliusJewelry","https:\/\/instagram.com\/aureliusjewelry","https:\/\/www.pinterest.com\/AureliusJewelry\/"],"email":"info@aureliusjewelry.com","foundingDate":"2018-10-01","vatID":"SI10391070","hasMerchantReturnPolicy":{"@type":"MerchantReturnPolicy","merchantReturnLink":"https:\/\/aureliusjewelry.com\/our-policies\/terms-conditions\/"}}]},"og_availability":"backorder","product_availability":"available for order","product_retailer_item_id":"38248","product_condition":"new"},"_links":{"self":[{"href":"https:\/\/aureliusjewelry.com\/fr\/wp-json\/wp\/v2\/product\/44862","targetHints":{"allow":["GET"]}}],"collection":[{"href":"https:\/\/aureliusjewelry.com\/fr\/wp-json\/wp\/v2\/product"}],"about":[{"href":"https:\/\/aureliusjewelry.com\/fr\/wp-json\/wp\/v2\/types\/product"}],"replies":[{"embeddable":true,"href":"https:\/\/aureliusjewelry.com\/fr\/wp-json\/wp\/v2\/comments?post=44862"}],"wp:featuredmedia":[{"embeddable":true,"href":"https:\/\/aureliusjewelry.com\/fr\/wp-json\/wp\/v2\/media\/38259"}],"wp:attachment":[{"href":"https:\/\/aureliusjewelry.com\/fr\/wp-json\/wp\/v2\/media?parent=44862"}],"wp:term":[{"taxonomy":"product_brand","embeddable":true,"href":"https:\/\/aureliusjewelry.com\/fr\/wp-json\/wp\/v2\/product_brand?post=44862"},{"taxonomy":"product_cat","embeddable":true,"href":"https:\/\/aureliusjewelry.com\/fr\/wp-json\/wp\/v2\/product_cat?post=44862"},{"taxonomy":"product_tag","embeddable":true,"href":"https:\/\/aureliusjewelry.com\/fr\/wp-json\/wp\/v2\/product_tag?post=44862"}],"curies":[{"name":"wp","href":"https:\/\/api.w.org\/{rel}","templated":true}]}}