{"id":44604,"date":"2022-10-24T01:02:51","date_gmt":"2022-10-23T23:02:51","guid":{"rendered":"http:\/\/aureliusjewelry.com\/product\/ensemble-danneau-en-diamant-poivre-et-sel-taille-brillant\/"},"modified":"2026-03-20T21:53:37","modified_gmt":"2026-03-20T19:53:37","slug":"ensemble-danneau-en-diamant-poivre-et-sel-taille-brillant","status":"publish","type":"product","link":"https:\/\/aureliusjewelry.com\/fr\/ensemble-danneau-en-diamant-poivre-et-sel-taille-brillant\/","title":{"rendered":"Ensemble d&rsquo;anneau en Diamant Poivre et Sel taille brillant"},"content":{"rendered":"<p><strong>Bague de fian\u00e7ailles<\/strong><\/p>\n<ul>\n<li>Diamant sel et poivre rond taille brillant<\/li>\n<li>environ. 6mm, 1ct<\/li>\n<\/ul>\n<p><strong>Pierres lat\u00e9rales<\/strong><\/p>\n<ul>\n<li>diamants ronds<\/li>\n<li>environ. 2.5mm (2)<\/li>\n<li>Couleur F\/G, clart\u00e9 VS, sans conflit<\/li>\n<\/ul>\n<p><strong>Alliance de mariage<\/strong><\/p>\n<ul>\n<li>poire et diamants ronds<\/li>\n<li>environ. 3x2mm, 1.5mm (2), 1.25mm (2)<\/li>\n<li>Couleur F\/G, clart\u00e9 VS, sans conflit<\/li>\n<\/ul>\n<p><strong>Mesures et mat\u00e9riau du bracelet<\/strong><\/p>\n<ul>\n<li>environ. 1.5mm large, 1.6mm \u00e9pais<\/li>\n<li>disponible en or jaune, blanc ou rose 14 carats\/18 carats et platine<\/li>\n<li>Taille de bague am\u00e9ricaine 3-9, tailles plus petites ou plus grandes disponibles sur demande<\/li>\n<\/ul>\n","protected":false},"excerpt":{"rendered":"<p>Une minuscule galaxie captur\u00e9e dans un diamant au design classique compl\u00e9t\u00e9 par un sertissage \u00e0 6 griffes. Le diamant sel et poivre rond de 1 ct, unique en son genre, est associ\u00e9 \u00e0 une alliance en diamant poire. Le caract\u00e8re unique de cette bague de fian\u00e7ailles en diamant poivre et sel sera ch\u00e9ri toute votre vie et constitue le moyen id\u00e9al de faire savoir \u00e0 votre bien-aim\u00e9e qu&rsquo;elle est la bonne!<\/p>\n","protected":false},"featured_media":34980,"comment_status":"open","ping_status":"closed","template":"","meta":[],"product_brand":[],"product_cat":[1073,1476,896,939,906,908,902],"product_tag":[992,981,993,978,989],"class_list":{"0":"post-44604","1":"product","2":"type-product","3":"status-publish","4":"has-post-thumbnail","6":"product_cat-bague-de-mariage-diamant-sel-et-poivre","7":"product_cat-bague-de-mariage-en-deux-parties","8":"product_cat-bagues","9":"product_cat-ensembles-dalliances","10":"product_cat-les-classiques","11":"product_cat-paire","12":"product_cat-singularite","13":"product_tag-bagues-tag","14":"product_tag-diamant-sel-et-poivre","15":"product_tag-ensemble-de-bagues","16":"product_tag-rond","17":"product_tag-temps_de_production_3_5","19":"first","20":"onbackorder","21":"sold-individually","22":"taxable","23":"shipping-taxable","24":"purchasable","25":"product-type-variable"},"yoast_head":"<title>Ensemble d&#039;anneau en Diamant Poivre et Sel taille brillant - Aurelius Jewelry<\/title>\n<meta name=\"robots\" content=\"index, follow, max-snippet:-1, max-image-preview:large, max-video-preview:-1\" \/>\n<link rel=\"canonical\" href=\"https:\/\/aureliusjewelry.com\/fr\/ensemble-danneau-en-diamant-poivre-et-sel-taille-brillant\/\" \/>\n<meta property=\"og:locale\" content=\"fr_FR\" \/>\n<meta property=\"og:type\" content=\"article\" \/>\n<meta property=\"og:title\" content=\"Ensemble d&#039;anneau en Diamant Poivre et Sel taille brillant - Aurelius Jewelry\" \/>\n<meta property=\"og:description\" content=\"%\" \/>\n<meta property=\"og:url\" content=\"https:\/\/aureliusjewelry.com\/fr\/ensemble-danneau-en-diamant-poivre-et-sel-taille-brillant\/\" \/>\n<meta property=\"og:site_name\" content=\"Aurelius Jewelry\" \/>\n<meta property=\"article:publisher\" content=\"https:\/\/www.facebook.com\/AureliusJewelry\/\" \/>\n<meta property=\"article:modified_time\" content=\"2026-03-20T19:53:37+00:00\" \/>\n<meta property=\"og:image\" content=\"https:\/\/aureliusjewelry.com\/wp-content\/uploads\/round-salt-and-pepper-diamond-bridal-ring-set-platinum.jpg\" \/>\n\t<meta property=\"og:image:width\" content=\"1920\" \/>\n\t<meta property=\"og:image:height\" content=\"1440\" \/>\n\t<meta property=\"og:image:type\" content=\"image\/jpeg\" \/>\n<meta name=\"twitter:card\" content=\"summary_large_image\" \/>\n<meta name=\"twitter:site\" content=\"@AureliusJewelry\" \/>\n<script type=\"application\/ld+json\" class=\"yoast-schema-graph\">{\"@context\":\"https:\\\/\\\/schema.org\",\"@graph\":[{\"@type\":\"WebPage\",\"@id\":\"https:\\\/\\\/aureliusjewelry.com\\\/fr\\\/ensemble-danneau-en-diamant-poivre-et-sel-taille-brillant\\\/\",\"url\":\"https:\\\/\\\/aureliusjewelry.com\\\/fr\\\/ensemble-danneau-en-diamant-poivre-et-sel-taille-brillant\\\/\",\"name\":\"Ensemble d'anneau en Diamant Poivre et Sel taille brillant - Aurelius Jewelry\",\"isPartOf\":{\"@id\":\"https:\\\/\\\/aureliusjewelry.com\\\/fr\\\/#website\"},\"primaryImageOfPage\":{\"@id\":\"https:\\\/\\\/aureliusjewelry.com\\\/fr\\\/ensemble-danneau-en-diamant-poivre-et-sel-taille-brillant\\\/#primaryimage\"},\"image\":{\"@id\":\"https:\\\/\\\/aureliusjewelry.com\\\/fr\\\/ensemble-danneau-en-diamant-poivre-et-sel-taille-brillant\\\/#primaryimage\"},\"thumbnailUrl\":\"https:\\\/\\\/aureliusjewelry.com\\\/wp-content\\\/uploads\\\/round-salt-and-pepper-diamond-bridal-ring-set-platinum.jpg\",\"datePublished\":\"2022-10-23T23:02:51+00:00\",\"dateModified\":\"2026-03-20T19:53:37+00:00\",\"breadcrumb\":{\"@id\":\"https:\\\/\\\/aureliusjewelry.com\\\/fr\\\/ensemble-danneau-en-diamant-poivre-et-sel-taille-brillant\\\/#breadcrumb\"},\"inLanguage\":\"fr-FR\",\"potentialAction\":[{\"@type\":\"ReadAction\",\"target\":[\"https:\\\/\\\/aureliusjewelry.com\\\/fr\\\/ensemble-danneau-en-diamant-poivre-et-sel-taille-brillant\\\/\"]}]},{\"@type\":\"ImageObject\",\"inLanguage\":\"fr-FR\",\"@id\":\"https:\\\/\\\/aureliusjewelry.com\\\/fr\\\/ensemble-danneau-en-diamant-poivre-et-sel-taille-brillant\\\/#primaryimage\",\"url\":\"https:\\\/\\\/aureliusjewelry.com\\\/wp-content\\\/uploads\\\/round-salt-and-pepper-diamond-bridal-ring-set-platinum.jpg\",\"contentUrl\":\"https:\\\/\\\/aureliusjewelry.com\\\/wp-content\\\/uploads\\\/round-salt-and-pepper-diamond-bridal-ring-set-platinum.jpg\",\"width\":1920,\"height\":1440},{\"@type\":\"BreadcrumbList\",\"@id\":\"https:\\\/\\\/aureliusjewelry.com\\\/fr\\\/ensemble-danneau-en-diamant-poivre-et-sel-taille-brillant\\\/#breadcrumb\",\"itemListElement\":[{\"@type\":\"ListItem\",\"position\":1,\"name\":\"Home\",\"item\":\"https:\\\/\\\/aureliusjewelry.com\\\/fr\\\/\"},{\"@type\":\"ListItem\",\"position\":2,\"name\":\"Boutique\",\"item\":\"https:\\\/\\\/aureliusjewelry.com\\\/fr\\\/boutique\\\/\"},{\"@type\":\"ListItem\",\"position\":3,\"name\":\"Ensemble d&#8217;anneau en Diamant Poivre et Sel taille brillant\"}]},{\"@type\":\"WebSite\",\"@id\":\"https:\\\/\\\/aureliusjewelry.com\\\/fr\\\/#website\",\"url\":\"https:\\\/\\\/aureliusjewelry.com\\\/fr\\\/\",\"name\":\"Aurelius Jewelry\",\"description\":\"Handmade Fine Gold Jewelry\",\"publisher\":{\"@id\":\"https:\\\/\\\/aureliusjewelry.com\\\/fr\\\/#organization\"},\"potentialAction\":[{\"@type\":\"SearchAction\",\"target\":{\"@type\":\"EntryPoint\",\"urlTemplate\":\"https:\\\/\\\/aureliusjewelry.com\\\/fr\\\/?s={search_term_string}\"},\"query-input\":{\"@type\":\"PropertyValueSpecification\",\"valueRequired\":true,\"valueName\":\"search_term_string\"}}],\"inLanguage\":\"fr-FR\"},{\"@type\":\"Organization\",\"@id\":\"https:\\\/\\\/aureliusjewelry.com\\\/fr\\\/#organization\",\"name\":\"Aurelius Jewelry\",\"url\":\"https:\\\/\\\/aureliusjewelry.com\\\/fr\\\/\",\"logo\":{\"@type\":\"ImageObject\",\"inLanguage\":\"fr-FR\",\"@id\":\"https:\\\/\\\/aureliusjewelry.com\\\/fr\\\/#\\\/schema\\\/logo\\\/image\\\/\",\"url\":\"https:\\\/\\\/aureliusjewelry.com\\\/wp-content\\\/uploads\\\/logo.png\",\"contentUrl\":\"https:\\\/\\\/aureliusjewelry.com\\\/wp-content\\\/uploads\\\/logo.png\",\"width\":400,\"height\":64,\"caption\":\"Aurelius Jewelry\"},\"image\":{\"@id\":\"https:\\\/\\\/aureliusjewelry.com\\\/fr\\\/#\\\/schema\\\/logo\\\/image\\\/\"},\"sameAs\":[\"https:\\\/\\\/www.facebook.com\\\/AureliusJewelry\\\/\",\"https:\\\/\\\/x.com\\\/AureliusJewelry\",\"https:\\\/\\\/instagram.com\\\/aureliusjewelry\",\"https:\\\/\\\/www.pinterest.com\\\/AureliusJewelry\\\/\"],\"email\":\"info@aureliusjewelry.com\",\"foundingDate\":\"2018-10-01\",\"vatID\":\"SI10391070\",\"hasMerchantReturnPolicy\":{\"@type\":\"MerchantReturnPolicy\",\"merchantReturnLink\":\"https:\\\/\\\/aureliusjewelry.com\\\/our-policies\\\/terms-conditions\\\/\"}}]}<\/script>\n<meta property=\"og:availability\" content=\"backorder\" \/>\n<meta property=\"product:availability\" content=\"available for order\" \/>\n<meta property=\"product:retailer_item_id\" content=\"31416\" \/>\n<meta property=\"product:condition\" content=\"new\" \/>","yoast_head_json":{"title":"Ensemble d'anneau en Diamant Poivre et Sel taille brillant - Aurelius Jewelry","robots":{"index":"index","follow":"follow","max-snippet":"max-snippet:-1","max-image-preview":"max-image-preview:large","max-video-preview":"max-video-preview:-1"},"canonical":"https:\/\/aureliusjewelry.com\/fr\/ensemble-danneau-en-diamant-poivre-et-sel-taille-brillant\/","og_locale":"fr_FR","og_type":"article","og_title":"Ensemble d'anneau en Diamant Poivre et Sel taille brillant - Aurelius Jewelry","og_description":"%","og_url":"https:\/\/aureliusjewelry.com\/fr\/ensemble-danneau-en-diamant-poivre-et-sel-taille-brillant\/","og_site_name":"Aurelius Jewelry","article_publisher":"https:\/\/www.facebook.com\/AureliusJewelry\/","article_modified_time":"2026-03-20T19:53:37+00:00","og_image":[{"width":1920,"height":1440,"url":"https:\/\/aureliusjewelry.com\/wp-content\/uploads\/round-salt-and-pepper-diamond-bridal-ring-set-platinum.jpg","type":"image\/jpeg"}],"twitter_card":"summary_large_image","twitter_site":"@AureliusJewelry","schema":{"@context":"https:\/\/schema.org","@graph":[{"@type":"WebPage","@id":"https:\/\/aureliusjewelry.com\/fr\/ensemble-danneau-en-diamant-poivre-et-sel-taille-brillant\/","url":"https:\/\/aureliusjewelry.com\/fr\/ensemble-danneau-en-diamant-poivre-et-sel-taille-brillant\/","name":"Ensemble d'anneau en Diamant Poivre et Sel taille brillant - Aurelius Jewelry","isPartOf":{"@id":"https:\/\/aureliusjewelry.com\/fr\/#website"},"primaryImageOfPage":{"@id":"https:\/\/aureliusjewelry.com\/fr\/ensemble-danneau-en-diamant-poivre-et-sel-taille-brillant\/#primaryimage"},"image":{"@id":"https:\/\/aureliusjewelry.com\/fr\/ensemble-danneau-en-diamant-poivre-et-sel-taille-brillant\/#primaryimage"},"thumbnailUrl":"https:\/\/aureliusjewelry.com\/wp-content\/uploads\/round-salt-and-pepper-diamond-bridal-ring-set-platinum.jpg","datePublished":"2022-10-23T23:02:51+00:00","dateModified":"2026-03-20T19:53:37+00:00","breadcrumb":{"@id":"https:\/\/aureliusjewelry.com\/fr\/ensemble-danneau-en-diamant-poivre-et-sel-taille-brillant\/#breadcrumb"},"inLanguage":"fr-FR","potentialAction":[{"@type":"ReadAction","target":["https:\/\/aureliusjewelry.com\/fr\/ensemble-danneau-en-diamant-poivre-et-sel-taille-brillant\/"]}]},{"@type":"ImageObject","inLanguage":"fr-FR","@id":"https:\/\/aureliusjewelry.com\/fr\/ensemble-danneau-en-diamant-poivre-et-sel-taille-brillant\/#primaryimage","url":"https:\/\/aureliusjewelry.com\/wp-content\/uploads\/round-salt-and-pepper-diamond-bridal-ring-set-platinum.jpg","contentUrl":"https:\/\/aureliusjewelry.com\/wp-content\/uploads\/round-salt-and-pepper-diamond-bridal-ring-set-platinum.jpg","width":1920,"height":1440},{"@type":"BreadcrumbList","@id":"https:\/\/aureliusjewelry.com\/fr\/ensemble-danneau-en-diamant-poivre-et-sel-taille-brillant\/#breadcrumb","itemListElement":[{"@type":"ListItem","position":1,"name":"Home","item":"https:\/\/aureliusjewelry.com\/fr\/"},{"@type":"ListItem","position":2,"name":"Boutique","item":"https:\/\/aureliusjewelry.com\/fr\/boutique\/"},{"@type":"ListItem","position":3,"name":"Ensemble d&#8217;anneau en Diamant Poivre et Sel taille brillant"}]},{"@type":"WebSite","@id":"https:\/\/aureliusjewelry.com\/fr\/#website","url":"https:\/\/aureliusjewelry.com\/fr\/","name":"Aurelius Jewelry","description":"Handmade Fine Gold Jewelry","publisher":{"@id":"https:\/\/aureliusjewelry.com\/fr\/#organization"},"potentialAction":[{"@type":"SearchAction","target":{"@type":"EntryPoint","urlTemplate":"https:\/\/aureliusjewelry.com\/fr\/?s={search_term_string}"},"query-input":{"@type":"PropertyValueSpecification","valueRequired":true,"valueName":"search_term_string"}}],"inLanguage":"fr-FR"},{"@type":"Organization","@id":"https:\/\/aureliusjewelry.com\/fr\/#organization","name":"Aurelius Jewelry","url":"https:\/\/aureliusjewelry.com\/fr\/","logo":{"@type":"ImageObject","inLanguage":"fr-FR","@id":"https:\/\/aureliusjewelry.com\/fr\/#\/schema\/logo\/image\/","url":"https:\/\/aureliusjewelry.com\/wp-content\/uploads\/logo.png","contentUrl":"https:\/\/aureliusjewelry.com\/wp-content\/uploads\/logo.png","width":400,"height":64,"caption":"Aurelius Jewelry"},"image":{"@id":"https:\/\/aureliusjewelry.com\/fr\/#\/schema\/logo\/image\/"},"sameAs":["https:\/\/www.facebook.com\/AureliusJewelry\/","https:\/\/x.com\/AureliusJewelry","https:\/\/instagram.com\/aureliusjewelry","https:\/\/www.pinterest.com\/AureliusJewelry\/"],"email":"info@aureliusjewelry.com","foundingDate":"2018-10-01","vatID":"SI10391070","hasMerchantReturnPolicy":{"@type":"MerchantReturnPolicy","merchantReturnLink":"https:\/\/aureliusjewelry.com\/our-policies\/terms-conditions\/"}}]},"og_availability":"backorder","product_availability":"available for order","product_retailer_item_id":"31416","product_condition":"new"},"_links":{"self":[{"href":"https:\/\/aureliusjewelry.com\/fr\/wp-json\/wp\/v2\/product\/44604","targetHints":{"allow":["GET"]}}],"collection":[{"href":"https:\/\/aureliusjewelry.com\/fr\/wp-json\/wp\/v2\/product"}],"about":[{"href":"https:\/\/aureliusjewelry.com\/fr\/wp-json\/wp\/v2\/types\/product"}],"replies":[{"embeddable":true,"href":"https:\/\/aureliusjewelry.com\/fr\/wp-json\/wp\/v2\/comments?post=44604"}],"wp:featuredmedia":[{"embeddable":true,"href":"https:\/\/aureliusjewelry.com\/fr\/wp-json\/wp\/v2\/media\/34980"}],"wp:attachment":[{"href":"https:\/\/aureliusjewelry.com\/fr\/wp-json\/wp\/v2\/media?parent=44604"}],"wp:term":[{"taxonomy":"product_brand","embeddable":true,"href":"https:\/\/aureliusjewelry.com\/fr\/wp-json\/wp\/v2\/product_brand?post=44604"},{"taxonomy":"product_cat","embeddable":true,"href":"https:\/\/aureliusjewelry.com\/fr\/wp-json\/wp\/v2\/product_cat?post=44604"},{"taxonomy":"product_tag","embeddable":true,"href":"https:\/\/aureliusjewelry.com\/fr\/wp-json\/wp\/v2\/product_tag?post=44604"}],"curies":[{"name":"wp","href":"https:\/\/api.w.org\/{rel}","templated":true}]}}