{"id":44468,"date":"2021-03-12T22:50:39","date_gmt":"2021-03-12T20:50:39","guid":{"rendered":"http:\/\/aureliusjewelry.com\/product\/collier-diamant-geometrique-dreamcatcher\/"},"modified":"2026-03-23T19:35:48","modified_gmt":"2026-03-23T17:35:48","slug":"collier-diamant-geometrique-dreamcatcher","status":"publish","type":"product","link":"https:\/\/aureliusjewelry.com\/fr\/collier-diamant-geometrique-dreamcatcher\/","title":{"rendered":"Collier diamant g\u00e9om\u00e9trique dreamcatcher"},"content":{"rendered":"<p><strong>Pierre<\/strong><\/p>\n<ul>\n<li>diamant rond<\/li>\n<li>environ. 0.5ct, 5mm<\/li>\n<li>GIA certificate<\/li>\n<li>Couleur F\/G, clart\u00e9 VS, sans conflit<\/li>\n<\/ul>\n<p><strong>Mesures du pendentif<\/strong><\/p>\n<ul>\n<li>environ. 20mm<\/li>\n<\/ul>\n<p><strong>Type et mat\u00e9riau de cha\u00eene<\/strong><\/p>\n<ul>\n<li>cha\u00eene rolo plate taille diamant<\/li>\n<li>disponible en or jaune, blanc ou rose 14 carats<\/li>\n<li>14-18 pouces, cha\u00eene plus courte ou plus longue disponible sur demande<\/li>\n<\/ul>\n","protected":false},"excerpt":{"rendered":"<p>Ce collier luxueux est con\u00e7u avec une version moderne du traditionnel pendentif attrape-r\u00eaves. Des d\u00e9tails g\u00e9om\u00e9triques cr\u00e9ent un motif complexe qui encadre le diamant brillant serti en lunette. Ce design contemporain magnifiquement con\u00e7u ne manquera pas de susciter des \u00e9loges et des compliments. Le diamant p\u00e8se 0,5 ct et est accompagn\u00e9 d&rsquo;un certificat GIA.<\/p>\n","protected":false},"featured_media":33681,"comment_status":"open","ping_status":"closed","template":"","meta":[],"product_brand":[],"product_cat":[943,946],"product_tag":[953,978,989],"class_list":{"0":"post-44468","1":"product","2":"type-product","3":"status-publish","4":"has-post-thumbnail","6":"product_cat-bijouterie-fine","7":"product_cat-colliers","8":"product_tag-diamant-fr","9":"product_tag-rond","10":"product_tag-temps_de_production_3_5","12":"first","13":"onbackorder","14":"sold-individually","15":"taxable","16":"shipping-taxable","17":"purchasable","18":"product-type-variable"},"yoast_head":"<title>Collier diamant g\u00e9om\u00e9trique dreamcatcher - Aurelius Jewelry<\/title>\n<meta name=\"robots\" content=\"index, follow, max-snippet:-1, max-image-preview:large, max-video-preview:-1\" \/>\n<link rel=\"canonical\" href=\"https:\/\/aureliusjewelry.com\/fr\/collier-diamant-geometrique-dreamcatcher\/\" \/>\n<meta property=\"og:locale\" content=\"fr_FR\" \/>\n<meta property=\"og:type\" content=\"article\" \/>\n<meta property=\"og:title\" content=\"Collier diamant g\u00e9om\u00e9trique dreamcatcher - Aurelius Jewelry\" \/>\n<meta property=\"og:description\" content=\"%\" \/>\n<meta property=\"og:url\" content=\"https:\/\/aureliusjewelry.com\/fr\/collier-diamant-geometrique-dreamcatcher\/\" \/>\n<meta property=\"og:site_name\" content=\"Aurelius Jewelry\" \/>\n<meta property=\"article:publisher\" content=\"https:\/\/www.facebook.com\/AureliusJewelry\/\" \/>\n<meta property=\"article:modified_time\" content=\"2026-03-23T17:35:48+00:00\" \/>\n<meta property=\"og:image\" content=\"https:\/\/aureliusjewelry.com\/wp-content\/uploads\/dreamcatcher-necklace-white-gold.jpg\" \/>\n\t<meta property=\"og:image:width\" content=\"1920\" \/>\n\t<meta property=\"og:image:height\" content=\"1440\" \/>\n\t<meta property=\"og:image:type\" content=\"image\/jpeg\" \/>\n<meta name=\"twitter:card\" content=\"summary_large_image\" \/>\n<meta name=\"twitter:site\" content=\"@AureliusJewelry\" \/>\n<script type=\"application\/ld+json\" class=\"yoast-schema-graph\">{\"@context\":\"https:\\\/\\\/schema.org\",\"@graph\":[{\"@type\":\"WebPage\",\"@id\":\"https:\\\/\\\/aureliusjewelry.com\\\/fr\\\/collier-diamant-geometrique-dreamcatcher\\\/\",\"url\":\"https:\\\/\\\/aureliusjewelry.com\\\/fr\\\/collier-diamant-geometrique-dreamcatcher\\\/\",\"name\":\"Collier diamant g\u00e9om\u00e9trique dreamcatcher - Aurelius Jewelry\",\"isPartOf\":{\"@id\":\"https:\\\/\\\/aureliusjewelry.com\\\/fr\\\/#website\"},\"primaryImageOfPage\":{\"@id\":\"https:\\\/\\\/aureliusjewelry.com\\\/fr\\\/collier-diamant-geometrique-dreamcatcher\\\/#primaryimage\"},\"image\":{\"@id\":\"https:\\\/\\\/aureliusjewelry.com\\\/fr\\\/collier-diamant-geometrique-dreamcatcher\\\/#primaryimage\"},\"thumbnailUrl\":\"https:\\\/\\\/aureliusjewelry.com\\\/wp-content\\\/uploads\\\/dreamcatcher-necklace-white-gold.jpg\",\"datePublished\":\"2021-03-12T20:50:39+00:00\",\"dateModified\":\"2026-03-23T17:35:48+00:00\",\"breadcrumb\":{\"@id\":\"https:\\\/\\\/aureliusjewelry.com\\\/fr\\\/collier-diamant-geometrique-dreamcatcher\\\/#breadcrumb\"},\"inLanguage\":\"fr-FR\",\"potentialAction\":[{\"@type\":\"ReadAction\",\"target\":[\"https:\\\/\\\/aureliusjewelry.com\\\/fr\\\/collier-diamant-geometrique-dreamcatcher\\\/\"]}]},{\"@type\":\"ImageObject\",\"inLanguage\":\"fr-FR\",\"@id\":\"https:\\\/\\\/aureliusjewelry.com\\\/fr\\\/collier-diamant-geometrique-dreamcatcher\\\/#primaryimage\",\"url\":\"https:\\\/\\\/aureliusjewelry.com\\\/wp-content\\\/uploads\\\/dreamcatcher-necklace-white-gold.jpg\",\"contentUrl\":\"https:\\\/\\\/aureliusjewelry.com\\\/wp-content\\\/uploads\\\/dreamcatcher-necklace-white-gold.jpg\",\"width\":1920,\"height\":1440},{\"@type\":\"BreadcrumbList\",\"@id\":\"https:\\\/\\\/aureliusjewelry.com\\\/fr\\\/collier-diamant-geometrique-dreamcatcher\\\/#breadcrumb\",\"itemListElement\":[{\"@type\":\"ListItem\",\"position\":1,\"name\":\"Home\",\"item\":\"https:\\\/\\\/aureliusjewelry.com\\\/fr\\\/\"},{\"@type\":\"ListItem\",\"position\":2,\"name\":\"Boutique\",\"item\":\"https:\\\/\\\/aureliusjewelry.com\\\/fr\\\/boutique\\\/\"},{\"@type\":\"ListItem\",\"position\":3,\"name\":\"Collier diamant g\u00e9om\u00e9trique dreamcatcher\"}]},{\"@type\":\"WebSite\",\"@id\":\"https:\\\/\\\/aureliusjewelry.com\\\/fr\\\/#website\",\"url\":\"https:\\\/\\\/aureliusjewelry.com\\\/fr\\\/\",\"name\":\"Aurelius Jewelry\",\"description\":\"Handmade Fine Gold Jewelry\",\"publisher\":{\"@id\":\"https:\\\/\\\/aureliusjewelry.com\\\/fr\\\/#organization\"},\"potentialAction\":[{\"@type\":\"SearchAction\",\"target\":{\"@type\":\"EntryPoint\",\"urlTemplate\":\"https:\\\/\\\/aureliusjewelry.com\\\/fr\\\/?s={search_term_string}\"},\"query-input\":{\"@type\":\"PropertyValueSpecification\",\"valueRequired\":true,\"valueName\":\"search_term_string\"}}],\"inLanguage\":\"fr-FR\"},{\"@type\":\"Organization\",\"@id\":\"https:\\\/\\\/aureliusjewelry.com\\\/fr\\\/#organization\",\"name\":\"Aurelius Jewelry\",\"url\":\"https:\\\/\\\/aureliusjewelry.com\\\/fr\\\/\",\"logo\":{\"@type\":\"ImageObject\",\"inLanguage\":\"fr-FR\",\"@id\":\"https:\\\/\\\/aureliusjewelry.com\\\/fr\\\/#\\\/schema\\\/logo\\\/image\\\/\",\"url\":\"https:\\\/\\\/aureliusjewelry.com\\\/wp-content\\\/uploads\\\/logo.png\",\"contentUrl\":\"https:\\\/\\\/aureliusjewelry.com\\\/wp-content\\\/uploads\\\/logo.png\",\"width\":400,\"height\":64,\"caption\":\"Aurelius Jewelry\"},\"image\":{\"@id\":\"https:\\\/\\\/aureliusjewelry.com\\\/fr\\\/#\\\/schema\\\/logo\\\/image\\\/\"},\"sameAs\":[\"https:\\\/\\\/www.facebook.com\\\/AureliusJewelry\\\/\",\"https:\\\/\\\/x.com\\\/AureliusJewelry\",\"https:\\\/\\\/instagram.com\\\/aureliusjewelry\",\"https:\\\/\\\/www.pinterest.com\\\/AureliusJewelry\\\/\"],\"email\":\"info@aureliusjewelry.com\",\"foundingDate\":\"2018-10-01\",\"vatID\":\"SI10391070\",\"hasMerchantReturnPolicy\":{\"@type\":\"MerchantReturnPolicy\",\"merchantReturnLink\":\"https:\\\/\\\/aureliusjewelry.com\\\/our-policies\\\/terms-conditions\\\/\"}}]}<\/script>\n<meta property=\"og:availability\" content=\"backorder\" \/>\n<meta property=\"product:availability\" content=\"available for order\" \/>\n<meta property=\"product:retailer_item_id\" content=\"23437\" \/>\n<meta property=\"product:condition\" content=\"new\" \/>","yoast_head_json":{"title":"Collier diamant g\u00e9om\u00e9trique dreamcatcher - Aurelius Jewelry","robots":{"index":"index","follow":"follow","max-snippet":"max-snippet:-1","max-image-preview":"max-image-preview:large","max-video-preview":"max-video-preview:-1"},"canonical":"https:\/\/aureliusjewelry.com\/fr\/collier-diamant-geometrique-dreamcatcher\/","og_locale":"fr_FR","og_type":"article","og_title":"Collier diamant g\u00e9om\u00e9trique dreamcatcher - Aurelius Jewelry","og_description":"%","og_url":"https:\/\/aureliusjewelry.com\/fr\/collier-diamant-geometrique-dreamcatcher\/","og_site_name":"Aurelius Jewelry","article_publisher":"https:\/\/www.facebook.com\/AureliusJewelry\/","article_modified_time":"2026-03-23T17:35:48+00:00","og_image":[{"width":1920,"height":1440,"url":"https:\/\/aureliusjewelry.com\/wp-content\/uploads\/dreamcatcher-necklace-white-gold.jpg","type":"image\/jpeg"}],"twitter_card":"summary_large_image","twitter_site":"@AureliusJewelry","schema":{"@context":"https:\/\/schema.org","@graph":[{"@type":"WebPage","@id":"https:\/\/aureliusjewelry.com\/fr\/collier-diamant-geometrique-dreamcatcher\/","url":"https:\/\/aureliusjewelry.com\/fr\/collier-diamant-geometrique-dreamcatcher\/","name":"Collier diamant g\u00e9om\u00e9trique dreamcatcher - Aurelius Jewelry","isPartOf":{"@id":"https:\/\/aureliusjewelry.com\/fr\/#website"},"primaryImageOfPage":{"@id":"https:\/\/aureliusjewelry.com\/fr\/collier-diamant-geometrique-dreamcatcher\/#primaryimage"},"image":{"@id":"https:\/\/aureliusjewelry.com\/fr\/collier-diamant-geometrique-dreamcatcher\/#primaryimage"},"thumbnailUrl":"https:\/\/aureliusjewelry.com\/wp-content\/uploads\/dreamcatcher-necklace-white-gold.jpg","datePublished":"2021-03-12T20:50:39+00:00","dateModified":"2026-03-23T17:35:48+00:00","breadcrumb":{"@id":"https:\/\/aureliusjewelry.com\/fr\/collier-diamant-geometrique-dreamcatcher\/#breadcrumb"},"inLanguage":"fr-FR","potentialAction":[{"@type":"ReadAction","target":["https:\/\/aureliusjewelry.com\/fr\/collier-diamant-geometrique-dreamcatcher\/"]}]},{"@type":"ImageObject","inLanguage":"fr-FR","@id":"https:\/\/aureliusjewelry.com\/fr\/collier-diamant-geometrique-dreamcatcher\/#primaryimage","url":"https:\/\/aureliusjewelry.com\/wp-content\/uploads\/dreamcatcher-necklace-white-gold.jpg","contentUrl":"https:\/\/aureliusjewelry.com\/wp-content\/uploads\/dreamcatcher-necklace-white-gold.jpg","width":1920,"height":1440},{"@type":"BreadcrumbList","@id":"https:\/\/aureliusjewelry.com\/fr\/collier-diamant-geometrique-dreamcatcher\/#breadcrumb","itemListElement":[{"@type":"ListItem","position":1,"name":"Home","item":"https:\/\/aureliusjewelry.com\/fr\/"},{"@type":"ListItem","position":2,"name":"Boutique","item":"https:\/\/aureliusjewelry.com\/fr\/boutique\/"},{"@type":"ListItem","position":3,"name":"Collier diamant g\u00e9om\u00e9trique dreamcatcher"}]},{"@type":"WebSite","@id":"https:\/\/aureliusjewelry.com\/fr\/#website","url":"https:\/\/aureliusjewelry.com\/fr\/","name":"Aurelius Jewelry","description":"Handmade Fine Gold Jewelry","publisher":{"@id":"https:\/\/aureliusjewelry.com\/fr\/#organization"},"potentialAction":[{"@type":"SearchAction","target":{"@type":"EntryPoint","urlTemplate":"https:\/\/aureliusjewelry.com\/fr\/?s={search_term_string}"},"query-input":{"@type":"PropertyValueSpecification","valueRequired":true,"valueName":"search_term_string"}}],"inLanguage":"fr-FR"},{"@type":"Organization","@id":"https:\/\/aureliusjewelry.com\/fr\/#organization","name":"Aurelius Jewelry","url":"https:\/\/aureliusjewelry.com\/fr\/","logo":{"@type":"ImageObject","inLanguage":"fr-FR","@id":"https:\/\/aureliusjewelry.com\/fr\/#\/schema\/logo\/image\/","url":"https:\/\/aureliusjewelry.com\/wp-content\/uploads\/logo.png","contentUrl":"https:\/\/aureliusjewelry.com\/wp-content\/uploads\/logo.png","width":400,"height":64,"caption":"Aurelius Jewelry"},"image":{"@id":"https:\/\/aureliusjewelry.com\/fr\/#\/schema\/logo\/image\/"},"sameAs":["https:\/\/www.facebook.com\/AureliusJewelry\/","https:\/\/x.com\/AureliusJewelry","https:\/\/instagram.com\/aureliusjewelry","https:\/\/www.pinterest.com\/AureliusJewelry\/"],"email":"info@aureliusjewelry.com","foundingDate":"2018-10-01","vatID":"SI10391070","hasMerchantReturnPolicy":{"@type":"MerchantReturnPolicy","merchantReturnLink":"https:\/\/aureliusjewelry.com\/our-policies\/terms-conditions\/"}}]},"og_availability":"backorder","product_availability":"available for order","product_retailer_item_id":"23437","product_condition":"new"},"_links":{"self":[{"href":"https:\/\/aureliusjewelry.com\/fr\/wp-json\/wp\/v2\/product\/44468","targetHints":{"allow":["GET"]}}],"collection":[{"href":"https:\/\/aureliusjewelry.com\/fr\/wp-json\/wp\/v2\/product"}],"about":[{"href":"https:\/\/aureliusjewelry.com\/fr\/wp-json\/wp\/v2\/types\/product"}],"replies":[{"embeddable":true,"href":"https:\/\/aureliusjewelry.com\/fr\/wp-json\/wp\/v2\/comments?post=44468"}],"wp:featuredmedia":[{"embeddable":true,"href":"https:\/\/aureliusjewelry.com\/fr\/wp-json\/wp\/v2\/media\/33681"}],"wp:attachment":[{"href":"https:\/\/aureliusjewelry.com\/fr\/wp-json\/wp\/v2\/media?parent=44468"}],"wp:term":[{"taxonomy":"product_brand","embeddable":true,"href":"https:\/\/aureliusjewelry.com\/fr\/wp-json\/wp\/v2\/product_brand?post=44468"},{"taxonomy":"product_cat","embeddable":true,"href":"https:\/\/aureliusjewelry.com\/fr\/wp-json\/wp\/v2\/product_cat?post=44468"},{"taxonomy":"product_tag","embeddable":true,"href":"https:\/\/aureliusjewelry.com\/fr\/wp-json\/wp\/v2\/product_tag?post=44468"}],"curies":[{"name":"wp","href":"https:\/\/api.w.org\/{rel}","templated":true}]}}