{"id":43732,"date":"2021-02-03T23:43:01","date_gmt":"2021-02-03T21:43:01","guid":{"rendered":"http:\/\/aureliusjewelry.com\/product\/element-feu-bague-de-mariage-avec-pierre-de-soleil-cabochon-orange-en-forme-de-poire-et-saphir-orange\/"},"modified":"2026-03-23T21:33:30","modified_gmt":"2026-03-23T19:33:30","slug":"element-feu-bague-de-mariage-avec-pierre-de-soleil-cabochon-orange-en-forme-de-poire-et-saphir-orange","status":"publish","type":"product","link":"https:\/\/aureliusjewelry.com\/fr\/element-feu-bague-de-mariage-avec-pierre-de-soleil-cabochon-orange-en-forme-de-poire-et-saphir-orange\/","title":{"rendered":"\u00c9l\u00e9ment Feu &#8211; Bague de mariage avec Pierre de Soleil Cabochon orange en forme de poire et Saphir orange"},"content":{"rendered":"<p><strong>Bague de fian\u00e7ailles<\/strong><\/p>\n<ul>\n<li>pierre de soleil cabochon poire<\/li>\n<li>environ. 7x5mm<\/li>\n<li>saphir orange marquise<\/li>\n<li>environ. 4x2mm<\/li>\n<li>saphir jaune marquise<\/li>\n<li>environ. 4x2mm<\/li>\n<li>diamant marquise<\/li>\n<li>environ. 3\u00d71.5mm<\/li>\n<li>Couleur F\/G, clart\u00e9 VS, sans conflit<\/li>\n<\/ul>\n<p><strong>Alliance de mariage<\/strong><\/p>\n<ul>\n<li>saphir orange ronds<\/li>\n<li>environ. 2mm, 1.75mm (2), 1.5mm (2), 1.25mm (4)<\/li>\n<\/ul>\n<p><strong>Mesures et mat\u00e9riau du bracelet<\/strong><\/p>\n<ul>\n<li>environ. 1.5mm large, 1.6mm \u00e9pais<\/li>\n<li>disponible en or jaune, blanc ou rose 14 carats\/18 carats et platine<\/li>\n<li>Taille de bague am\u00e9ricaine 3-9, tailles plus petites ou plus grandes disponibles sur demande<\/li>\n<\/ul>\n","protected":false},"excerpt":{"rendered":"<p>L&rsquo;alliance \u00c9l\u00e9ment Feu, sertie d&rsquo;une pierre de soleil cabochon en forme de poire au centre et de pierres lat\u00e9rales saphir et diamant en forme de flammes, est destin\u00e9e \u00e0 une future mari\u00e9e moderne, farouche et passionn\u00e9e. La bague de fian\u00e7ailles en grappe alternative, symbolisant la flamme, est associ\u00e9e \u00e0 une alliance en saphir orange incurv\u00e9.<br \/>\nCet ensemble est une cr\u00e9ation originale d&rsquo;Aurelius et fait partie de notre collection \u00c9l\u00e9mentaire, qui comprend quatre ensembles de bagues uniques inspir\u00e9s par les quatre \u00e9l\u00e9ments &#8211; le feu, l&rsquo;eau, la terre et l&rsquo;air. Les signes du zodiaque li\u00e9s \u00e0 l&rsquo;\u00e9l\u00e9ment feu sont le B\u00e9lier, le Lion et le Sagittaire.<\/p>\n","protected":false},"featured_media":33178,"comment_status":"open","ping_status":"closed","template":"","meta":[],"product_brand":[],"product_cat":[1476,896,898,939],"product_tag":[992,993,965,974,990],"class_list":{"0":"post-43732","1":"product","2":"type-product","3":"status-publish","4":"has-post-thumbnail","6":"product_cat-bague-de-mariage-en-deux-parties","7":"product_cat-bagues","8":"product_cat-elementaire","9":"product_cat-ensembles-dalliances","10":"product_tag-bagues-tag","11":"product_tag-ensemble-de-bagues","12":"product_tag-pierres-melangees","13":"product_tag-poire","14":"product_tag-pret-pour-lexpedition","16":"first","17":"instock","18":"sold-individually","19":"taxable","20":"shipping-taxable","21":"purchasable","22":"product-type-variable"},"yoast_head":"<title>\u00c9l\u00e9ment Feu - Bague de mariage avec Pierre de Soleil Cabochon orange en forme de poire et Saphir orange - Aurelius Jewelry<\/title>\n<meta name=\"robots\" content=\"index, follow, max-snippet:-1, max-image-preview:large, max-video-preview:-1\" \/>\n<link rel=\"canonical\" href=\"https:\/\/aureliusjewelry.com\/fr\/element-feu-bague-de-mariage-avec-pierre-de-soleil-cabochon-orange-en-forme-de-poire-et-saphir-orange\/\" \/>\n<meta property=\"og:locale\" content=\"fr_FR\" \/>\n<meta property=\"og:type\" content=\"article\" \/>\n<meta property=\"og:title\" content=\"\u00c9l\u00e9ment Feu - Bague de mariage avec Pierre de Soleil Cabochon orange en forme de poire et Saphir orange - Aurelius Jewelry\" \/>\n<meta property=\"og:description\" content=\"%\" \/>\n<meta property=\"og:url\" content=\"https:\/\/aureliusjewelry.com\/fr\/element-feu-bague-de-mariage-avec-pierre-de-soleil-cabochon-orange-en-forme-de-poire-et-saphir-orange\/\" \/>\n<meta property=\"og:site_name\" content=\"Aurelius Jewelry\" \/>\n<meta property=\"article:publisher\" content=\"https:\/\/www.facebook.com\/AureliusJewelry\/\" \/>\n<meta property=\"article:modified_time\" content=\"2026-03-23T19:33:30+00:00\" \/>\n<meta property=\"og:image\" content=\"https:\/\/aureliusjewelry.com\/wp-content\/uploads\/sunstone-engagement-ring-set.jpg\" \/>\n\t<meta property=\"og:image:width\" content=\"1920\" \/>\n\t<meta property=\"og:image:height\" content=\"1440\" \/>\n\t<meta property=\"og:image:type\" content=\"image\/jpeg\" \/>\n<meta name=\"twitter:card\" content=\"summary_large_image\" \/>\n<meta name=\"twitter:site\" content=\"@AureliusJewelry\" \/>\n<script type=\"application\/ld+json\" class=\"yoast-schema-graph\">{\"@context\":\"https:\\\/\\\/schema.org\",\"@graph\":[{\"@type\":\"WebPage\",\"@id\":\"https:\\\/\\\/aureliusjewelry.com\\\/fr\\\/element-feu-bague-de-mariage-avec-pierre-de-soleil-cabochon-orange-en-forme-de-poire-et-saphir-orange\\\/\",\"url\":\"https:\\\/\\\/aureliusjewelry.com\\\/fr\\\/element-feu-bague-de-mariage-avec-pierre-de-soleil-cabochon-orange-en-forme-de-poire-et-saphir-orange\\\/\",\"name\":\"\u00c9l\u00e9ment Feu - Bague de mariage avec Pierre de Soleil Cabochon orange en forme de poire et Saphir orange - Aurelius Jewelry\",\"isPartOf\":{\"@id\":\"https:\\\/\\\/aureliusjewelry.com\\\/fr\\\/#website\"},\"primaryImageOfPage\":{\"@id\":\"https:\\\/\\\/aureliusjewelry.com\\\/fr\\\/element-feu-bague-de-mariage-avec-pierre-de-soleil-cabochon-orange-en-forme-de-poire-et-saphir-orange\\\/#primaryimage\"},\"image\":{\"@id\":\"https:\\\/\\\/aureliusjewelry.com\\\/fr\\\/element-feu-bague-de-mariage-avec-pierre-de-soleil-cabochon-orange-en-forme-de-poire-et-saphir-orange\\\/#primaryimage\"},\"thumbnailUrl\":\"https:\\\/\\\/aureliusjewelry.com\\\/wp-content\\\/uploads\\\/sunstone-engagement-ring-set.jpg\",\"datePublished\":\"2021-02-03T21:43:01+00:00\",\"dateModified\":\"2026-03-23T19:33:30+00:00\",\"breadcrumb\":{\"@id\":\"https:\\\/\\\/aureliusjewelry.com\\\/fr\\\/element-feu-bague-de-mariage-avec-pierre-de-soleil-cabochon-orange-en-forme-de-poire-et-saphir-orange\\\/#breadcrumb\"},\"inLanguage\":\"fr-FR\",\"potentialAction\":[{\"@type\":\"ReadAction\",\"target\":[\"https:\\\/\\\/aureliusjewelry.com\\\/fr\\\/element-feu-bague-de-mariage-avec-pierre-de-soleil-cabochon-orange-en-forme-de-poire-et-saphir-orange\\\/\"]}]},{\"@type\":\"ImageObject\",\"inLanguage\":\"fr-FR\",\"@id\":\"https:\\\/\\\/aureliusjewelry.com\\\/fr\\\/element-feu-bague-de-mariage-avec-pierre-de-soleil-cabochon-orange-en-forme-de-poire-et-saphir-orange\\\/#primaryimage\",\"url\":\"https:\\\/\\\/aureliusjewelry.com\\\/wp-content\\\/uploads\\\/sunstone-engagement-ring-set.jpg\",\"contentUrl\":\"https:\\\/\\\/aureliusjewelry.com\\\/wp-content\\\/uploads\\\/sunstone-engagement-ring-set.jpg\",\"width\":1920,\"height\":1440},{\"@type\":\"BreadcrumbList\",\"@id\":\"https:\\\/\\\/aureliusjewelry.com\\\/fr\\\/element-feu-bague-de-mariage-avec-pierre-de-soleil-cabochon-orange-en-forme-de-poire-et-saphir-orange\\\/#breadcrumb\",\"itemListElement\":[{\"@type\":\"ListItem\",\"position\":1,\"name\":\"Home\",\"item\":\"https:\\\/\\\/aureliusjewelry.com\\\/fr\\\/\"},{\"@type\":\"ListItem\",\"position\":2,\"name\":\"Boutique\",\"item\":\"https:\\\/\\\/aureliusjewelry.com\\\/fr\\\/boutique\\\/\"},{\"@type\":\"ListItem\",\"position\":3,\"name\":\"\u00c9l\u00e9ment Feu &#8211; Bague de mariage avec Pierre de Soleil Cabochon orange en forme de poire et Saphir orange\"}]},{\"@type\":\"WebSite\",\"@id\":\"https:\\\/\\\/aureliusjewelry.com\\\/fr\\\/#website\",\"url\":\"https:\\\/\\\/aureliusjewelry.com\\\/fr\\\/\",\"name\":\"Aurelius Jewelry\",\"description\":\"Handmade Fine Gold Jewelry\",\"publisher\":{\"@id\":\"https:\\\/\\\/aureliusjewelry.com\\\/fr\\\/#organization\"},\"potentialAction\":[{\"@type\":\"SearchAction\",\"target\":{\"@type\":\"EntryPoint\",\"urlTemplate\":\"https:\\\/\\\/aureliusjewelry.com\\\/fr\\\/?s={search_term_string}\"},\"query-input\":{\"@type\":\"PropertyValueSpecification\",\"valueRequired\":true,\"valueName\":\"search_term_string\"}}],\"inLanguage\":\"fr-FR\"},{\"@type\":\"Organization\",\"@id\":\"https:\\\/\\\/aureliusjewelry.com\\\/fr\\\/#organization\",\"name\":\"Aurelius Jewelry\",\"url\":\"https:\\\/\\\/aureliusjewelry.com\\\/fr\\\/\",\"logo\":{\"@type\":\"ImageObject\",\"inLanguage\":\"fr-FR\",\"@id\":\"https:\\\/\\\/aureliusjewelry.com\\\/fr\\\/#\\\/schema\\\/logo\\\/image\\\/\",\"url\":\"https:\\\/\\\/aureliusjewelry.com\\\/wp-content\\\/uploads\\\/logo.png\",\"contentUrl\":\"https:\\\/\\\/aureliusjewelry.com\\\/wp-content\\\/uploads\\\/logo.png\",\"width\":400,\"height\":64,\"caption\":\"Aurelius Jewelry\"},\"image\":{\"@id\":\"https:\\\/\\\/aureliusjewelry.com\\\/fr\\\/#\\\/schema\\\/logo\\\/image\\\/\"},\"sameAs\":[\"https:\\\/\\\/www.facebook.com\\\/AureliusJewelry\\\/\",\"https:\\\/\\\/x.com\\\/AureliusJewelry\",\"https:\\\/\\\/instagram.com\\\/aureliusjewelry\",\"https:\\\/\\\/www.pinterest.com\\\/AureliusJewelry\\\/\"],\"email\":\"info@aureliusjewelry.com\",\"foundingDate\":\"2018-10-01\",\"vatID\":\"SI10391070\",\"hasMerchantReturnPolicy\":{\"@type\":\"MerchantReturnPolicy\",\"merchantReturnLink\":\"https:\\\/\\\/aureliusjewelry.com\\\/our-policies\\\/terms-conditions\\\/\"}}]}<\/script>\n<meta property=\"og:availability\" content=\"instock\" \/>\n<meta property=\"product:availability\" content=\"instock\" \/>\n<meta property=\"product:retailer_item_id\" content=\"18433\" \/>\n<meta property=\"product:condition\" content=\"new\" \/>","yoast_head_json":{"title":"\u00c9l\u00e9ment Feu - Bague de mariage avec Pierre de Soleil Cabochon orange en forme de poire et Saphir orange - Aurelius Jewelry","robots":{"index":"index","follow":"follow","max-snippet":"max-snippet:-1","max-image-preview":"max-image-preview:large","max-video-preview":"max-video-preview:-1"},"canonical":"https:\/\/aureliusjewelry.com\/fr\/element-feu-bague-de-mariage-avec-pierre-de-soleil-cabochon-orange-en-forme-de-poire-et-saphir-orange\/","og_locale":"fr_FR","og_type":"article","og_title":"\u00c9l\u00e9ment Feu - Bague de mariage avec Pierre de Soleil Cabochon orange en forme de poire et Saphir orange - Aurelius Jewelry","og_description":"%","og_url":"https:\/\/aureliusjewelry.com\/fr\/element-feu-bague-de-mariage-avec-pierre-de-soleil-cabochon-orange-en-forme-de-poire-et-saphir-orange\/","og_site_name":"Aurelius Jewelry","article_publisher":"https:\/\/www.facebook.com\/AureliusJewelry\/","article_modified_time":"2026-03-23T19:33:30+00:00","og_image":[{"width":1920,"height":1440,"url":"https:\/\/aureliusjewelry.com\/wp-content\/uploads\/sunstone-engagement-ring-set.jpg","type":"image\/jpeg"}],"twitter_card":"summary_large_image","twitter_site":"@AureliusJewelry","schema":{"@context":"https:\/\/schema.org","@graph":[{"@type":"WebPage","@id":"https:\/\/aureliusjewelry.com\/fr\/element-feu-bague-de-mariage-avec-pierre-de-soleil-cabochon-orange-en-forme-de-poire-et-saphir-orange\/","url":"https:\/\/aureliusjewelry.com\/fr\/element-feu-bague-de-mariage-avec-pierre-de-soleil-cabochon-orange-en-forme-de-poire-et-saphir-orange\/","name":"\u00c9l\u00e9ment Feu - Bague de mariage avec Pierre de Soleil Cabochon orange en forme de poire et Saphir orange - Aurelius Jewelry","isPartOf":{"@id":"https:\/\/aureliusjewelry.com\/fr\/#website"},"primaryImageOfPage":{"@id":"https:\/\/aureliusjewelry.com\/fr\/element-feu-bague-de-mariage-avec-pierre-de-soleil-cabochon-orange-en-forme-de-poire-et-saphir-orange\/#primaryimage"},"image":{"@id":"https:\/\/aureliusjewelry.com\/fr\/element-feu-bague-de-mariage-avec-pierre-de-soleil-cabochon-orange-en-forme-de-poire-et-saphir-orange\/#primaryimage"},"thumbnailUrl":"https:\/\/aureliusjewelry.com\/wp-content\/uploads\/sunstone-engagement-ring-set.jpg","datePublished":"2021-02-03T21:43:01+00:00","dateModified":"2026-03-23T19:33:30+00:00","breadcrumb":{"@id":"https:\/\/aureliusjewelry.com\/fr\/element-feu-bague-de-mariage-avec-pierre-de-soleil-cabochon-orange-en-forme-de-poire-et-saphir-orange\/#breadcrumb"},"inLanguage":"fr-FR","potentialAction":[{"@type":"ReadAction","target":["https:\/\/aureliusjewelry.com\/fr\/element-feu-bague-de-mariage-avec-pierre-de-soleil-cabochon-orange-en-forme-de-poire-et-saphir-orange\/"]}]},{"@type":"ImageObject","inLanguage":"fr-FR","@id":"https:\/\/aureliusjewelry.com\/fr\/element-feu-bague-de-mariage-avec-pierre-de-soleil-cabochon-orange-en-forme-de-poire-et-saphir-orange\/#primaryimage","url":"https:\/\/aureliusjewelry.com\/wp-content\/uploads\/sunstone-engagement-ring-set.jpg","contentUrl":"https:\/\/aureliusjewelry.com\/wp-content\/uploads\/sunstone-engagement-ring-set.jpg","width":1920,"height":1440},{"@type":"BreadcrumbList","@id":"https:\/\/aureliusjewelry.com\/fr\/element-feu-bague-de-mariage-avec-pierre-de-soleil-cabochon-orange-en-forme-de-poire-et-saphir-orange\/#breadcrumb","itemListElement":[{"@type":"ListItem","position":1,"name":"Home","item":"https:\/\/aureliusjewelry.com\/fr\/"},{"@type":"ListItem","position":2,"name":"Boutique","item":"https:\/\/aureliusjewelry.com\/fr\/boutique\/"},{"@type":"ListItem","position":3,"name":"\u00c9l\u00e9ment Feu &#8211; Bague de mariage avec Pierre de Soleil Cabochon orange en forme de poire et Saphir orange"}]},{"@type":"WebSite","@id":"https:\/\/aureliusjewelry.com\/fr\/#website","url":"https:\/\/aureliusjewelry.com\/fr\/","name":"Aurelius Jewelry","description":"Handmade Fine Gold Jewelry","publisher":{"@id":"https:\/\/aureliusjewelry.com\/fr\/#organization"},"potentialAction":[{"@type":"SearchAction","target":{"@type":"EntryPoint","urlTemplate":"https:\/\/aureliusjewelry.com\/fr\/?s={search_term_string}"},"query-input":{"@type":"PropertyValueSpecification","valueRequired":true,"valueName":"search_term_string"}}],"inLanguage":"fr-FR"},{"@type":"Organization","@id":"https:\/\/aureliusjewelry.com\/fr\/#organization","name":"Aurelius Jewelry","url":"https:\/\/aureliusjewelry.com\/fr\/","logo":{"@type":"ImageObject","inLanguage":"fr-FR","@id":"https:\/\/aureliusjewelry.com\/fr\/#\/schema\/logo\/image\/","url":"https:\/\/aureliusjewelry.com\/wp-content\/uploads\/logo.png","contentUrl":"https:\/\/aureliusjewelry.com\/wp-content\/uploads\/logo.png","width":400,"height":64,"caption":"Aurelius Jewelry"},"image":{"@id":"https:\/\/aureliusjewelry.com\/fr\/#\/schema\/logo\/image\/"},"sameAs":["https:\/\/www.facebook.com\/AureliusJewelry\/","https:\/\/x.com\/AureliusJewelry","https:\/\/instagram.com\/aureliusjewelry","https:\/\/www.pinterest.com\/AureliusJewelry\/"],"email":"info@aureliusjewelry.com","foundingDate":"2018-10-01","vatID":"SI10391070","hasMerchantReturnPolicy":{"@type":"MerchantReturnPolicy","merchantReturnLink":"https:\/\/aureliusjewelry.com\/our-policies\/terms-conditions\/"}}]},"og_availability":"instock","product_availability":"instock","product_retailer_item_id":"18433","product_condition":"new"},"_links":{"self":[{"href":"https:\/\/aureliusjewelry.com\/fr\/wp-json\/wp\/v2\/product\/43732","targetHints":{"allow":["GET"]}}],"collection":[{"href":"https:\/\/aureliusjewelry.com\/fr\/wp-json\/wp\/v2\/product"}],"about":[{"href":"https:\/\/aureliusjewelry.com\/fr\/wp-json\/wp\/v2\/types\/product"}],"replies":[{"embeddable":true,"href":"https:\/\/aureliusjewelry.com\/fr\/wp-json\/wp\/v2\/comments?post=43732"}],"wp:featuredmedia":[{"embeddable":true,"href":"https:\/\/aureliusjewelry.com\/fr\/wp-json\/wp\/v2\/media\/33178"}],"wp:attachment":[{"href":"https:\/\/aureliusjewelry.com\/fr\/wp-json\/wp\/v2\/media?parent=43732"}],"wp:term":[{"taxonomy":"product_brand","embeddable":true,"href":"https:\/\/aureliusjewelry.com\/fr\/wp-json\/wp\/v2\/product_brand?post=43732"},{"taxonomy":"product_cat","embeddable":true,"href":"https:\/\/aureliusjewelry.com\/fr\/wp-json\/wp\/v2\/product_cat?post=43732"},{"taxonomy":"product_tag","embeddable":true,"href":"https:\/\/aureliusjewelry.com\/fr\/wp-json\/wp\/v2\/product_tag?post=43732"}],"curies":[{"name":"wp","href":"https:\/\/api.w.org\/{rel}","templated":true}]}}