{"id":43720,"date":"2021-02-03T23:15:35","date_gmt":"2021-02-03T21:15:35","guid":{"rendered":"http:\/\/aureliusjewelry.com\/product\/element-air-alliance-en-pierres-de-lune-et-diamants\/"},"modified":"2026-03-23T21:50:08","modified_gmt":"2026-03-23T19:50:08","slug":"element-air-alliance-en-pierres-de-lune-et-diamants","status":"publish","type":"product","link":"https:\/\/aureliusjewelry.com\/fr\/element-air-alliance-en-pierres-de-lune-et-diamants\/","title":{"rendered":"\u00c9l\u00e9ment Air &#8211; Alliance en Pierres de Lune et Diamants"},"content":{"rendered":"<p><strong>Bague de fian\u00e7ailles<\/strong><\/p>\n<ul>\n<li>pierre de lune ronde<\/li>\n<li>environ. 5mm<\/li>\n<li>diamants ronds<\/li>\n<li>environ. 1.5mm, 1.35mm (5), 1.25mm (7), 1mm (4)<\/li>\n<li>Couleur F\/G, clart\u00e9 VS, sans conflit<\/li>\n<\/ul>\n<p><strong>Alliance de mariage<\/strong><\/p>\n<ul>\n<li>diamants ronds<\/li>\n<li>environ. 1.75mm, 1.5mm (2), 1.35mm (4), 1.25mm (5), 1mm<\/li>\n<li>Couleur F\/G, clart\u00e9 VS, sans conflit<\/li>\n<\/ul>\n<p><strong>Mesures et mat\u00e9riau du bracelet<\/strong><\/p>\n<ul>\n<li>environ. 1.5mm large, 1.6mm \u00e9pais<\/li>\n<li>disponible en or jaune, blanc ou rose 14 carats\/18 carats et platine<\/li>\n<li>Taille de bague am\u00e9ricaine 3-9, tailles plus petites ou plus grandes disponibles sur demande<\/li>\n<\/ul>\n","protected":false},"excerpt":{"rendered":"<p>L&rsquo;alliance \u00c9l\u00e9ment Air sertie d&rsquo;une pierre de lune naturelle au centre et de diamants sertis en pav\u00e9 comme pierres lat\u00e9rales, symbolisant les tourbillons du vent, convient parfaitement \u00e0 la future mari\u00e9e moderne, \u00e0 la fois enjou\u00e9e et \u00e9l\u00e9gante. La bague de fian\u00e7ailles en grappe alternative est assortie d&rsquo;une alliance \u00e0 empiler en diamants incurv\u00e9s.<br \/>\nCette parure est une cr\u00e9ation originale d&rsquo;Aurelius et fait partie de notre collection \u00c9l\u00e9mentaire, qui comprend quatre parures de bague uniques inspir\u00e9es des quatre \u00e9l\u00e9ments &#8211; le feu, l&rsquo;eau, la terre et l&rsquo;air. Les signes du zodiaque li\u00e9s \u00e0 l&rsquo;\u00e9l\u00e9ment air sont les G\u00e9meaux, la Balance et le Verseau.<\/p>\n","protected":false},"featured_media":33163,"comment_status":"open","ping_status":"closed","template":"","meta":[],"product_brand":[],"product_cat":[1476,896,898,939,908],"product_tag":[992,993,967,990,978],"class_list":{"0":"post-43720","1":"product","2":"type-product","3":"status-publish","4":"has-post-thumbnail","6":"product_cat-bague-de-mariage-en-deux-parties","7":"product_cat-bagues","8":"product_cat-elementaire","9":"product_cat-ensembles-dalliances","10":"product_cat-paire","11":"product_tag-bagues-tag","12":"product_tag-ensemble-de-bagues","13":"product_tag-pierre-de-lune","14":"product_tag-pret-pour-lexpedition","15":"product_tag-rond","17":"first","18":"instock","19":"sold-individually","20":"taxable","21":"shipping-taxable","22":"purchasable","23":"product-type-variable"},"yoast_head":"<title>\u00c9l\u00e9ment Air - Alliance en Pierres de Lune et Diamants - Aurelius Jewelry<\/title>\n<meta name=\"robots\" content=\"index, follow, max-snippet:-1, max-image-preview:large, max-video-preview:-1\" \/>\n<link rel=\"canonical\" href=\"https:\/\/aureliusjewelry.com\/fr\/element-air-alliance-en-pierres-de-lune-et-diamants\/\" \/>\n<meta property=\"og:locale\" content=\"fr_FR\" \/>\n<meta property=\"og:type\" content=\"article\" \/>\n<meta property=\"og:title\" content=\"\u00c9l\u00e9ment Air - Alliance en Pierres de Lune et Diamants - Aurelius Jewelry\" \/>\n<meta property=\"og:description\" content=\"%\" \/>\n<meta property=\"og:url\" content=\"https:\/\/aureliusjewelry.com\/fr\/element-air-alliance-en-pierres-de-lune-et-diamants\/\" \/>\n<meta property=\"og:site_name\" content=\"Aurelius Jewelry\" \/>\n<meta property=\"article:publisher\" content=\"https:\/\/www.facebook.com\/AureliusJewelry\/\" \/>\n<meta property=\"article:modified_time\" content=\"2026-03-23T19:50:08+00:00\" \/>\n<meta property=\"og:image\" content=\"https:\/\/aureliusjewelry.com\/wp-content\/uploads\/air-element-moonstone-ring-set.jpg\" \/>\n\t<meta property=\"og:image:width\" content=\"1920\" \/>\n\t<meta property=\"og:image:height\" content=\"1440\" \/>\n\t<meta property=\"og:image:type\" content=\"image\/jpeg\" \/>\n<meta name=\"twitter:card\" content=\"summary_large_image\" \/>\n<meta name=\"twitter:site\" content=\"@AureliusJewelry\" \/>\n<script type=\"application\/ld+json\" class=\"yoast-schema-graph\">{\"@context\":\"https:\\\/\\\/schema.org\",\"@graph\":[{\"@type\":\"WebPage\",\"@id\":\"https:\\\/\\\/aureliusjewelry.com\\\/fr\\\/element-air-alliance-en-pierres-de-lune-et-diamants\\\/\",\"url\":\"https:\\\/\\\/aureliusjewelry.com\\\/fr\\\/element-air-alliance-en-pierres-de-lune-et-diamants\\\/\",\"name\":\"\u00c9l\u00e9ment Air - Alliance en Pierres de Lune et Diamants - Aurelius Jewelry\",\"isPartOf\":{\"@id\":\"https:\\\/\\\/aureliusjewelry.com\\\/fr\\\/#website\"},\"primaryImageOfPage\":{\"@id\":\"https:\\\/\\\/aureliusjewelry.com\\\/fr\\\/element-air-alliance-en-pierres-de-lune-et-diamants\\\/#primaryimage\"},\"image\":{\"@id\":\"https:\\\/\\\/aureliusjewelry.com\\\/fr\\\/element-air-alliance-en-pierres-de-lune-et-diamants\\\/#primaryimage\"},\"thumbnailUrl\":\"https:\\\/\\\/aureliusjewelry.com\\\/wp-content\\\/uploads\\\/air-element-moonstone-ring-set.jpg\",\"datePublished\":\"2021-02-03T21:15:35+00:00\",\"dateModified\":\"2026-03-23T19:50:08+00:00\",\"breadcrumb\":{\"@id\":\"https:\\\/\\\/aureliusjewelry.com\\\/fr\\\/element-air-alliance-en-pierres-de-lune-et-diamants\\\/#breadcrumb\"},\"inLanguage\":\"fr-FR\",\"potentialAction\":[{\"@type\":\"ReadAction\",\"target\":[\"https:\\\/\\\/aureliusjewelry.com\\\/fr\\\/element-air-alliance-en-pierres-de-lune-et-diamants\\\/\"]}]},{\"@type\":\"ImageObject\",\"inLanguage\":\"fr-FR\",\"@id\":\"https:\\\/\\\/aureliusjewelry.com\\\/fr\\\/element-air-alliance-en-pierres-de-lune-et-diamants\\\/#primaryimage\",\"url\":\"https:\\\/\\\/aureliusjewelry.com\\\/wp-content\\\/uploads\\\/air-element-moonstone-ring-set.jpg\",\"contentUrl\":\"https:\\\/\\\/aureliusjewelry.com\\\/wp-content\\\/uploads\\\/air-element-moonstone-ring-set.jpg\",\"width\":1920,\"height\":1440},{\"@type\":\"BreadcrumbList\",\"@id\":\"https:\\\/\\\/aureliusjewelry.com\\\/fr\\\/element-air-alliance-en-pierres-de-lune-et-diamants\\\/#breadcrumb\",\"itemListElement\":[{\"@type\":\"ListItem\",\"position\":1,\"name\":\"Home\",\"item\":\"https:\\\/\\\/aureliusjewelry.com\\\/fr\\\/\"},{\"@type\":\"ListItem\",\"position\":2,\"name\":\"Boutique\",\"item\":\"https:\\\/\\\/aureliusjewelry.com\\\/fr\\\/boutique\\\/\"},{\"@type\":\"ListItem\",\"position\":3,\"name\":\"\u00c9l\u00e9ment Air &#8211; Alliance en Pierres de Lune et Diamants\"}]},{\"@type\":\"WebSite\",\"@id\":\"https:\\\/\\\/aureliusjewelry.com\\\/fr\\\/#website\",\"url\":\"https:\\\/\\\/aureliusjewelry.com\\\/fr\\\/\",\"name\":\"Aurelius Jewelry\",\"description\":\"Handmade Fine Gold Jewelry\",\"publisher\":{\"@id\":\"https:\\\/\\\/aureliusjewelry.com\\\/fr\\\/#organization\"},\"potentialAction\":[{\"@type\":\"SearchAction\",\"target\":{\"@type\":\"EntryPoint\",\"urlTemplate\":\"https:\\\/\\\/aureliusjewelry.com\\\/fr\\\/?s={search_term_string}\"},\"query-input\":{\"@type\":\"PropertyValueSpecification\",\"valueRequired\":true,\"valueName\":\"search_term_string\"}}],\"inLanguage\":\"fr-FR\"},{\"@type\":\"Organization\",\"@id\":\"https:\\\/\\\/aureliusjewelry.com\\\/fr\\\/#organization\",\"name\":\"Aurelius Jewelry\",\"url\":\"https:\\\/\\\/aureliusjewelry.com\\\/fr\\\/\",\"logo\":{\"@type\":\"ImageObject\",\"inLanguage\":\"fr-FR\",\"@id\":\"https:\\\/\\\/aureliusjewelry.com\\\/fr\\\/#\\\/schema\\\/logo\\\/image\\\/\",\"url\":\"https:\\\/\\\/aureliusjewelry.com\\\/wp-content\\\/uploads\\\/logo.png\",\"contentUrl\":\"https:\\\/\\\/aureliusjewelry.com\\\/wp-content\\\/uploads\\\/logo.png\",\"width\":400,\"height\":64,\"caption\":\"Aurelius Jewelry\"},\"image\":{\"@id\":\"https:\\\/\\\/aureliusjewelry.com\\\/fr\\\/#\\\/schema\\\/logo\\\/image\\\/\"},\"sameAs\":[\"https:\\\/\\\/www.facebook.com\\\/AureliusJewelry\\\/\",\"https:\\\/\\\/x.com\\\/AureliusJewelry\",\"https:\\\/\\\/instagram.com\\\/aureliusjewelry\",\"https:\\\/\\\/www.pinterest.com\\\/AureliusJewelry\\\/\"],\"email\":\"info@aureliusjewelry.com\",\"foundingDate\":\"2018-10-01\",\"vatID\":\"SI10391070\",\"hasMerchantReturnPolicy\":{\"@type\":\"MerchantReturnPolicy\",\"merchantReturnLink\":\"https:\\\/\\\/aureliusjewelry.com\\\/our-policies\\\/terms-conditions\\\/\"}}]}<\/script>\n<meta property=\"og:availability\" content=\"instock\" \/>\n<meta property=\"product:availability\" content=\"instock\" \/>\n<meta property=\"product:retailer_item_id\" content=\"18337\" \/>\n<meta property=\"product:condition\" content=\"new\" \/>","yoast_head_json":{"title":"\u00c9l\u00e9ment Air - Alliance en Pierres de Lune et Diamants - Aurelius Jewelry","robots":{"index":"index","follow":"follow","max-snippet":"max-snippet:-1","max-image-preview":"max-image-preview:large","max-video-preview":"max-video-preview:-1"},"canonical":"https:\/\/aureliusjewelry.com\/fr\/element-air-alliance-en-pierres-de-lune-et-diamants\/","og_locale":"fr_FR","og_type":"article","og_title":"\u00c9l\u00e9ment Air - Alliance en Pierres de Lune et Diamants - Aurelius Jewelry","og_description":"%","og_url":"https:\/\/aureliusjewelry.com\/fr\/element-air-alliance-en-pierres-de-lune-et-diamants\/","og_site_name":"Aurelius Jewelry","article_publisher":"https:\/\/www.facebook.com\/AureliusJewelry\/","article_modified_time":"2026-03-23T19:50:08+00:00","og_image":[{"width":1920,"height":1440,"url":"https:\/\/aureliusjewelry.com\/wp-content\/uploads\/air-element-moonstone-ring-set.jpg","type":"image\/jpeg"}],"twitter_card":"summary_large_image","twitter_site":"@AureliusJewelry","schema":{"@context":"https:\/\/schema.org","@graph":[{"@type":"WebPage","@id":"https:\/\/aureliusjewelry.com\/fr\/element-air-alliance-en-pierres-de-lune-et-diamants\/","url":"https:\/\/aureliusjewelry.com\/fr\/element-air-alliance-en-pierres-de-lune-et-diamants\/","name":"\u00c9l\u00e9ment Air - Alliance en Pierres de Lune et Diamants - Aurelius Jewelry","isPartOf":{"@id":"https:\/\/aureliusjewelry.com\/fr\/#website"},"primaryImageOfPage":{"@id":"https:\/\/aureliusjewelry.com\/fr\/element-air-alliance-en-pierres-de-lune-et-diamants\/#primaryimage"},"image":{"@id":"https:\/\/aureliusjewelry.com\/fr\/element-air-alliance-en-pierres-de-lune-et-diamants\/#primaryimage"},"thumbnailUrl":"https:\/\/aureliusjewelry.com\/wp-content\/uploads\/air-element-moonstone-ring-set.jpg","datePublished":"2021-02-03T21:15:35+00:00","dateModified":"2026-03-23T19:50:08+00:00","breadcrumb":{"@id":"https:\/\/aureliusjewelry.com\/fr\/element-air-alliance-en-pierres-de-lune-et-diamants\/#breadcrumb"},"inLanguage":"fr-FR","potentialAction":[{"@type":"ReadAction","target":["https:\/\/aureliusjewelry.com\/fr\/element-air-alliance-en-pierres-de-lune-et-diamants\/"]}]},{"@type":"ImageObject","inLanguage":"fr-FR","@id":"https:\/\/aureliusjewelry.com\/fr\/element-air-alliance-en-pierres-de-lune-et-diamants\/#primaryimage","url":"https:\/\/aureliusjewelry.com\/wp-content\/uploads\/air-element-moonstone-ring-set.jpg","contentUrl":"https:\/\/aureliusjewelry.com\/wp-content\/uploads\/air-element-moonstone-ring-set.jpg","width":1920,"height":1440},{"@type":"BreadcrumbList","@id":"https:\/\/aureliusjewelry.com\/fr\/element-air-alliance-en-pierres-de-lune-et-diamants\/#breadcrumb","itemListElement":[{"@type":"ListItem","position":1,"name":"Home","item":"https:\/\/aureliusjewelry.com\/fr\/"},{"@type":"ListItem","position":2,"name":"Boutique","item":"https:\/\/aureliusjewelry.com\/fr\/boutique\/"},{"@type":"ListItem","position":3,"name":"\u00c9l\u00e9ment Air &#8211; Alliance en Pierres de Lune et Diamants"}]},{"@type":"WebSite","@id":"https:\/\/aureliusjewelry.com\/fr\/#website","url":"https:\/\/aureliusjewelry.com\/fr\/","name":"Aurelius Jewelry","description":"Handmade Fine Gold Jewelry","publisher":{"@id":"https:\/\/aureliusjewelry.com\/fr\/#organization"},"potentialAction":[{"@type":"SearchAction","target":{"@type":"EntryPoint","urlTemplate":"https:\/\/aureliusjewelry.com\/fr\/?s={search_term_string}"},"query-input":{"@type":"PropertyValueSpecification","valueRequired":true,"valueName":"search_term_string"}}],"inLanguage":"fr-FR"},{"@type":"Organization","@id":"https:\/\/aureliusjewelry.com\/fr\/#organization","name":"Aurelius Jewelry","url":"https:\/\/aureliusjewelry.com\/fr\/","logo":{"@type":"ImageObject","inLanguage":"fr-FR","@id":"https:\/\/aureliusjewelry.com\/fr\/#\/schema\/logo\/image\/","url":"https:\/\/aureliusjewelry.com\/wp-content\/uploads\/logo.png","contentUrl":"https:\/\/aureliusjewelry.com\/wp-content\/uploads\/logo.png","width":400,"height":64,"caption":"Aurelius Jewelry"},"image":{"@id":"https:\/\/aureliusjewelry.com\/fr\/#\/schema\/logo\/image\/"},"sameAs":["https:\/\/www.facebook.com\/AureliusJewelry\/","https:\/\/x.com\/AureliusJewelry","https:\/\/instagram.com\/aureliusjewelry","https:\/\/www.pinterest.com\/AureliusJewelry\/"],"email":"info@aureliusjewelry.com","foundingDate":"2018-10-01","vatID":"SI10391070","hasMerchantReturnPolicy":{"@type":"MerchantReturnPolicy","merchantReturnLink":"https:\/\/aureliusjewelry.com\/our-policies\/terms-conditions\/"}}]},"og_availability":"instock","product_availability":"instock","product_retailer_item_id":"18337","product_condition":"new"},"_links":{"self":[{"href":"https:\/\/aureliusjewelry.com\/fr\/wp-json\/wp\/v2\/product\/43720","targetHints":{"allow":["GET"]}}],"collection":[{"href":"https:\/\/aureliusjewelry.com\/fr\/wp-json\/wp\/v2\/product"}],"about":[{"href":"https:\/\/aureliusjewelry.com\/fr\/wp-json\/wp\/v2\/types\/product"}],"replies":[{"embeddable":true,"href":"https:\/\/aureliusjewelry.com\/fr\/wp-json\/wp\/v2\/comments?post=43720"}],"wp:featuredmedia":[{"embeddable":true,"href":"https:\/\/aureliusjewelry.com\/fr\/wp-json\/wp\/v2\/media\/33163"}],"wp:attachment":[{"href":"https:\/\/aureliusjewelry.com\/fr\/wp-json\/wp\/v2\/media?parent=43720"}],"wp:term":[{"taxonomy":"product_brand","embeddable":true,"href":"https:\/\/aureliusjewelry.com\/fr\/wp-json\/wp\/v2\/product_brand?post=43720"},{"taxonomy":"product_cat","embeddable":true,"href":"https:\/\/aureliusjewelry.com\/fr\/wp-json\/wp\/v2\/product_cat?post=43720"},{"taxonomy":"product_tag","embeddable":true,"href":"https:\/\/aureliusjewelry.com\/fr\/wp-json\/wp\/v2\/product_tag?post=43720"}],"curies":[{"name":"wp","href":"https:\/\/api.w.org\/{rel}","templated":true}]}}