{"id":43712,"date":"2021-02-03T22:59:56","date_gmt":"2021-02-03T20:59:56","guid":{"rendered":"http:\/\/aureliusjewelry.com\/product\/element-feu-bague-de-fiancailles-saphir-orange-poire\/"},"modified":"2026-03-23T21:49:50","modified_gmt":"2026-03-23T19:49:50","slug":"element-feu-bague-de-fiancailles-saphir-orange-poire","status":"publish","type":"product","link":"https:\/\/aureliusjewelry.com\/fr\/element-feu-bague-de-fiancailles-saphir-orange-poire\/","title":{"rendered":"\u00c9l\u00e9ment Feu &#8211; Bague de fian\u00e7ailles Saphir orange poire"},"content":{"rendered":"<p><strong>Pierre principale<\/strong><\/p>\n<ul>\n<li>saphir orange poire<\/li>\n<li>environ. 8x5mm<\/li>\n<\/ul>\n<p><strong>Pierres lat\u00e9rales<\/strong><\/p>\n<ul>\n<li>saphir orange marquise<\/li>\n<li>environ. 4x2mm<\/li>\n<li>marquise yellow sapphire<\/li>\n<li>environ. 4x2mm<\/li>\n<li>diamant marquise<\/li>\n<li>environ. 3&#215;1.5mm<\/li>\n<li>Couleur F\/G, clart\u00e9 VS, sans conflit<\/li>\n<\/ul>\n<p><strong>Mesures et mat\u00e9riau du bracelet<\/strong><\/p>\n<ul>\n<li>1.5mm large, 1.6mm \u00e9pais<\/li>\n<li>disponible en or jaune, blanc ou rose 14 carats\/18 carats et platine<\/li>\n<li>Taille de bague am\u00e9ricaine 3-9, tailles plus petites ou plus grandes disponibles sur demande<\/li>\n<\/ul>\n","protected":false},"excerpt":{"rendered":"<p>Bague de fian\u00e7ailles \u00c9l\u00e9ment Feu avec un saphir orange poire et des pierres lat\u00e9rales marquises en forme de flammes, pour une future mari\u00e9e moderne f\u00e9roce et passionn\u00e9e. La bague de fian\u00e7ailles en grappe alternative, symbolisant la flamme, est \u00e9galement disponible en tant que bague de mariage sertie d&rsquo;une alliance en grenat incurv\u00e9e.<br \/>\nCette bague est une cr\u00e9ation originale d&rsquo;Aurelius et fait partie de notre collection \u00c9l\u00e9mentaire qui comprend quatre ensembles de bagues uniques inspir\u00e9s par les quatre \u00e9l\u00e9ments &#8211; le feu, l&rsquo;eau, la terre et l&rsquo;air. Les signes du zodiaque li\u00e9s \u00e0 l&rsquo;\u00e9l\u00e9ment feu sont le B\u00e9lier, le Lion et le Sagittaire.<\/p>\n","protected":false},"featured_media":33160,"comment_status":"open","ping_status":"closed","template":"","meta":[],"product_brand":[],"product_cat":[1453,1438,1465,896,918,1441,926,1462,1484,898],"product_tag":[991,992,974,982,989],"class_list":{"0":"post-43712","1":"product","2":"type-product","3":"status-publish","4":"has-post-thumbnail","6":"product_cat-bague-de-fiancailles-avec-accents-de-pierres-precieuses","7":"product_cat-bague-de-fiancailles-avec-ensemble-de-lunette","8":"product_cat-bague-de-fiancailles-en-forme-de-poire","9":"product_cat-bagues","10":"product_cat-bagues-de-fiancailles","11":"product_cat-bagues-de-fiancailles-en-grappe","12":"product_cat-bagues-de-fiancailles-en-saphir","13":"product_cat-bagues-de-fiancailles-inspirees-de-la-nature","14":"product_cat-bagues-de-fiancailles-uniques","15":"product_cat-elementaire","16":"product_tag-bague-tag","17":"product_tag-bagues-tag","18":"product_tag-poire","19":"product_tag-saphir","20":"product_tag-temps_de_production_3_5","22":"first","23":"onbackorder","24":"sold-individually","25":"taxable","26":"shipping-taxable","27":"purchasable","28":"product-type-variable"},"yoast_head":"<title>\u00c9l\u00e9ment Feu - Bague de fian\u00e7ailles Saphir orange poire - Aurelius Jewelry<\/title>\n<meta name=\"robots\" content=\"index, follow, max-snippet:-1, max-image-preview:large, max-video-preview:-1\" \/>\n<link rel=\"canonical\" href=\"https:\/\/aureliusjewelry.com\/fr\/element-feu-bague-de-fiancailles-saphir-orange-poire\/\" \/>\n<meta property=\"og:locale\" content=\"fr_FR\" \/>\n<meta property=\"og:type\" content=\"article\" \/>\n<meta property=\"og:title\" content=\"\u00c9l\u00e9ment Feu - Bague de fian\u00e7ailles Saphir orange poire - Aurelius Jewelry\" \/>\n<meta property=\"og:description\" content=\"%\" \/>\n<meta property=\"og:url\" content=\"https:\/\/aureliusjewelry.com\/fr\/element-feu-bague-de-fiancailles-saphir-orange-poire\/\" \/>\n<meta property=\"og:site_name\" content=\"Aurelius Jewelry\" \/>\n<meta property=\"article:publisher\" content=\"https:\/\/www.facebook.com\/AureliusJewelry\/\" \/>\n<meta property=\"article:modified_time\" content=\"2026-03-23T19:49:50+00:00\" \/>\n<meta property=\"og:image\" content=\"https:\/\/aureliusjewelry.com\/wp-content\/uploads\/fire-element-ring-pear-sapphire.jpg\" \/>\n\t<meta property=\"og:image:width\" content=\"1920\" \/>\n\t<meta property=\"og:image:height\" content=\"1440\" \/>\n\t<meta property=\"og:image:type\" content=\"image\/jpeg\" \/>\n<meta name=\"twitter:card\" content=\"summary_large_image\" \/>\n<meta name=\"twitter:site\" content=\"@AureliusJewelry\" \/>\n<script type=\"application\/ld+json\" class=\"yoast-schema-graph\">{\"@context\":\"https:\\\/\\\/schema.org\",\"@graph\":[{\"@type\":\"WebPage\",\"@id\":\"https:\\\/\\\/aureliusjewelry.com\\\/fr\\\/element-feu-bague-de-fiancailles-saphir-orange-poire\\\/\",\"url\":\"https:\\\/\\\/aureliusjewelry.com\\\/fr\\\/element-feu-bague-de-fiancailles-saphir-orange-poire\\\/\",\"name\":\"\u00c9l\u00e9ment Feu - Bague de fian\u00e7ailles Saphir orange poire - Aurelius Jewelry\",\"isPartOf\":{\"@id\":\"https:\\\/\\\/aureliusjewelry.com\\\/fr\\\/#website\"},\"primaryImageOfPage\":{\"@id\":\"https:\\\/\\\/aureliusjewelry.com\\\/fr\\\/element-feu-bague-de-fiancailles-saphir-orange-poire\\\/#primaryimage\"},\"image\":{\"@id\":\"https:\\\/\\\/aureliusjewelry.com\\\/fr\\\/element-feu-bague-de-fiancailles-saphir-orange-poire\\\/#primaryimage\"},\"thumbnailUrl\":\"https:\\\/\\\/aureliusjewelry.com\\\/wp-content\\\/uploads\\\/fire-element-ring-pear-sapphire.jpg\",\"datePublished\":\"2021-02-03T20:59:56+00:00\",\"dateModified\":\"2026-03-23T19:49:50+00:00\",\"breadcrumb\":{\"@id\":\"https:\\\/\\\/aureliusjewelry.com\\\/fr\\\/element-feu-bague-de-fiancailles-saphir-orange-poire\\\/#breadcrumb\"},\"inLanguage\":\"fr-FR\",\"potentialAction\":[{\"@type\":\"ReadAction\",\"target\":[\"https:\\\/\\\/aureliusjewelry.com\\\/fr\\\/element-feu-bague-de-fiancailles-saphir-orange-poire\\\/\"]}]},{\"@type\":\"ImageObject\",\"inLanguage\":\"fr-FR\",\"@id\":\"https:\\\/\\\/aureliusjewelry.com\\\/fr\\\/element-feu-bague-de-fiancailles-saphir-orange-poire\\\/#primaryimage\",\"url\":\"https:\\\/\\\/aureliusjewelry.com\\\/wp-content\\\/uploads\\\/fire-element-ring-pear-sapphire.jpg\",\"contentUrl\":\"https:\\\/\\\/aureliusjewelry.com\\\/wp-content\\\/uploads\\\/fire-element-ring-pear-sapphire.jpg\",\"width\":1920,\"height\":1440},{\"@type\":\"BreadcrumbList\",\"@id\":\"https:\\\/\\\/aureliusjewelry.com\\\/fr\\\/element-feu-bague-de-fiancailles-saphir-orange-poire\\\/#breadcrumb\",\"itemListElement\":[{\"@type\":\"ListItem\",\"position\":1,\"name\":\"Home\",\"item\":\"https:\\\/\\\/aureliusjewelry.com\\\/fr\\\/\"},{\"@type\":\"ListItem\",\"position\":2,\"name\":\"Boutique\",\"item\":\"https:\\\/\\\/aureliusjewelry.com\\\/fr\\\/boutique\\\/\"},{\"@type\":\"ListItem\",\"position\":3,\"name\":\"\u00c9l\u00e9ment Feu &#8211; Bague de fian\u00e7ailles Saphir orange poire\"}]},{\"@type\":\"WebSite\",\"@id\":\"https:\\\/\\\/aureliusjewelry.com\\\/fr\\\/#website\",\"url\":\"https:\\\/\\\/aureliusjewelry.com\\\/fr\\\/\",\"name\":\"Aurelius Jewelry\",\"description\":\"Handmade Fine Gold Jewelry\",\"publisher\":{\"@id\":\"https:\\\/\\\/aureliusjewelry.com\\\/fr\\\/#organization\"},\"potentialAction\":[{\"@type\":\"SearchAction\",\"target\":{\"@type\":\"EntryPoint\",\"urlTemplate\":\"https:\\\/\\\/aureliusjewelry.com\\\/fr\\\/?s={search_term_string}\"},\"query-input\":{\"@type\":\"PropertyValueSpecification\",\"valueRequired\":true,\"valueName\":\"search_term_string\"}}],\"inLanguage\":\"fr-FR\"},{\"@type\":\"Organization\",\"@id\":\"https:\\\/\\\/aureliusjewelry.com\\\/fr\\\/#organization\",\"name\":\"Aurelius Jewelry\",\"url\":\"https:\\\/\\\/aureliusjewelry.com\\\/fr\\\/\",\"logo\":{\"@type\":\"ImageObject\",\"inLanguage\":\"fr-FR\",\"@id\":\"https:\\\/\\\/aureliusjewelry.com\\\/fr\\\/#\\\/schema\\\/logo\\\/image\\\/\",\"url\":\"https:\\\/\\\/aureliusjewelry.com\\\/wp-content\\\/uploads\\\/logo.png\",\"contentUrl\":\"https:\\\/\\\/aureliusjewelry.com\\\/wp-content\\\/uploads\\\/logo.png\",\"width\":400,\"height\":64,\"caption\":\"Aurelius Jewelry\"},\"image\":{\"@id\":\"https:\\\/\\\/aureliusjewelry.com\\\/fr\\\/#\\\/schema\\\/logo\\\/image\\\/\"},\"sameAs\":[\"https:\\\/\\\/www.facebook.com\\\/AureliusJewelry\\\/\",\"https:\\\/\\\/x.com\\\/AureliusJewelry\",\"https:\\\/\\\/instagram.com\\\/aureliusjewelry\",\"https:\\\/\\\/www.pinterest.com\\\/AureliusJewelry\\\/\"],\"email\":\"info@aureliusjewelry.com\",\"foundingDate\":\"2018-10-01\",\"vatID\":\"SI10391070\",\"hasMerchantReturnPolicy\":{\"@type\":\"MerchantReturnPolicy\",\"merchantReturnLink\":\"https:\\\/\\\/aureliusjewelry.com\\\/our-policies\\\/terms-conditions\\\/\"}}]}<\/script>\n<meta property=\"og:availability\" content=\"backorder\" \/>\n<meta property=\"product:availability\" content=\"available for order\" \/>\n<meta property=\"product:retailer_item_id\" content=\"18304\" \/>\n<meta property=\"product:condition\" content=\"new\" \/>","yoast_head_json":{"title":"\u00c9l\u00e9ment Feu - Bague de fian\u00e7ailles Saphir orange poire - Aurelius Jewelry","robots":{"index":"index","follow":"follow","max-snippet":"max-snippet:-1","max-image-preview":"max-image-preview:large","max-video-preview":"max-video-preview:-1"},"canonical":"https:\/\/aureliusjewelry.com\/fr\/element-feu-bague-de-fiancailles-saphir-orange-poire\/","og_locale":"fr_FR","og_type":"article","og_title":"\u00c9l\u00e9ment Feu - Bague de fian\u00e7ailles Saphir orange poire - Aurelius Jewelry","og_description":"%","og_url":"https:\/\/aureliusjewelry.com\/fr\/element-feu-bague-de-fiancailles-saphir-orange-poire\/","og_site_name":"Aurelius Jewelry","article_publisher":"https:\/\/www.facebook.com\/AureliusJewelry\/","article_modified_time":"2026-03-23T19:49:50+00:00","og_image":[{"width":1920,"height":1440,"url":"https:\/\/aureliusjewelry.com\/wp-content\/uploads\/fire-element-ring-pear-sapphire.jpg","type":"image\/jpeg"}],"twitter_card":"summary_large_image","twitter_site":"@AureliusJewelry","schema":{"@context":"https:\/\/schema.org","@graph":[{"@type":"WebPage","@id":"https:\/\/aureliusjewelry.com\/fr\/element-feu-bague-de-fiancailles-saphir-orange-poire\/","url":"https:\/\/aureliusjewelry.com\/fr\/element-feu-bague-de-fiancailles-saphir-orange-poire\/","name":"\u00c9l\u00e9ment Feu - Bague de fian\u00e7ailles Saphir orange poire - Aurelius Jewelry","isPartOf":{"@id":"https:\/\/aureliusjewelry.com\/fr\/#website"},"primaryImageOfPage":{"@id":"https:\/\/aureliusjewelry.com\/fr\/element-feu-bague-de-fiancailles-saphir-orange-poire\/#primaryimage"},"image":{"@id":"https:\/\/aureliusjewelry.com\/fr\/element-feu-bague-de-fiancailles-saphir-orange-poire\/#primaryimage"},"thumbnailUrl":"https:\/\/aureliusjewelry.com\/wp-content\/uploads\/fire-element-ring-pear-sapphire.jpg","datePublished":"2021-02-03T20:59:56+00:00","dateModified":"2026-03-23T19:49:50+00:00","breadcrumb":{"@id":"https:\/\/aureliusjewelry.com\/fr\/element-feu-bague-de-fiancailles-saphir-orange-poire\/#breadcrumb"},"inLanguage":"fr-FR","potentialAction":[{"@type":"ReadAction","target":["https:\/\/aureliusjewelry.com\/fr\/element-feu-bague-de-fiancailles-saphir-orange-poire\/"]}]},{"@type":"ImageObject","inLanguage":"fr-FR","@id":"https:\/\/aureliusjewelry.com\/fr\/element-feu-bague-de-fiancailles-saphir-orange-poire\/#primaryimage","url":"https:\/\/aureliusjewelry.com\/wp-content\/uploads\/fire-element-ring-pear-sapphire.jpg","contentUrl":"https:\/\/aureliusjewelry.com\/wp-content\/uploads\/fire-element-ring-pear-sapphire.jpg","width":1920,"height":1440},{"@type":"BreadcrumbList","@id":"https:\/\/aureliusjewelry.com\/fr\/element-feu-bague-de-fiancailles-saphir-orange-poire\/#breadcrumb","itemListElement":[{"@type":"ListItem","position":1,"name":"Home","item":"https:\/\/aureliusjewelry.com\/fr\/"},{"@type":"ListItem","position":2,"name":"Boutique","item":"https:\/\/aureliusjewelry.com\/fr\/boutique\/"},{"@type":"ListItem","position":3,"name":"\u00c9l\u00e9ment Feu &#8211; Bague de fian\u00e7ailles Saphir orange poire"}]},{"@type":"WebSite","@id":"https:\/\/aureliusjewelry.com\/fr\/#website","url":"https:\/\/aureliusjewelry.com\/fr\/","name":"Aurelius Jewelry","description":"Handmade Fine Gold Jewelry","publisher":{"@id":"https:\/\/aureliusjewelry.com\/fr\/#organization"},"potentialAction":[{"@type":"SearchAction","target":{"@type":"EntryPoint","urlTemplate":"https:\/\/aureliusjewelry.com\/fr\/?s={search_term_string}"},"query-input":{"@type":"PropertyValueSpecification","valueRequired":true,"valueName":"search_term_string"}}],"inLanguage":"fr-FR"},{"@type":"Organization","@id":"https:\/\/aureliusjewelry.com\/fr\/#organization","name":"Aurelius Jewelry","url":"https:\/\/aureliusjewelry.com\/fr\/","logo":{"@type":"ImageObject","inLanguage":"fr-FR","@id":"https:\/\/aureliusjewelry.com\/fr\/#\/schema\/logo\/image\/","url":"https:\/\/aureliusjewelry.com\/wp-content\/uploads\/logo.png","contentUrl":"https:\/\/aureliusjewelry.com\/wp-content\/uploads\/logo.png","width":400,"height":64,"caption":"Aurelius Jewelry"},"image":{"@id":"https:\/\/aureliusjewelry.com\/fr\/#\/schema\/logo\/image\/"},"sameAs":["https:\/\/www.facebook.com\/AureliusJewelry\/","https:\/\/x.com\/AureliusJewelry","https:\/\/instagram.com\/aureliusjewelry","https:\/\/www.pinterest.com\/AureliusJewelry\/"],"email":"info@aureliusjewelry.com","foundingDate":"2018-10-01","vatID":"SI10391070","hasMerchantReturnPolicy":{"@type":"MerchantReturnPolicy","merchantReturnLink":"https:\/\/aureliusjewelry.com\/our-policies\/terms-conditions\/"}}]},"og_availability":"backorder","product_availability":"available for order","product_retailer_item_id":"18304","product_condition":"new"},"_links":{"self":[{"href":"https:\/\/aureliusjewelry.com\/fr\/wp-json\/wp\/v2\/product\/43712","targetHints":{"allow":["GET"]}}],"collection":[{"href":"https:\/\/aureliusjewelry.com\/fr\/wp-json\/wp\/v2\/product"}],"about":[{"href":"https:\/\/aureliusjewelry.com\/fr\/wp-json\/wp\/v2\/types\/product"}],"replies":[{"embeddable":true,"href":"https:\/\/aureliusjewelry.com\/fr\/wp-json\/wp\/v2\/comments?post=43712"}],"wp:featuredmedia":[{"embeddable":true,"href":"https:\/\/aureliusjewelry.com\/fr\/wp-json\/wp\/v2\/media\/33160"}],"wp:attachment":[{"href":"https:\/\/aureliusjewelry.com\/fr\/wp-json\/wp\/v2\/media?parent=43712"}],"wp:term":[{"taxonomy":"product_brand","embeddable":true,"href":"https:\/\/aureliusjewelry.com\/fr\/wp-json\/wp\/v2\/product_brand?post=43712"},{"taxonomy":"product_cat","embeddable":true,"href":"https:\/\/aureliusjewelry.com\/fr\/wp-json\/wp\/v2\/product_cat?post=43712"},{"taxonomy":"product_tag","embeddable":true,"href":"https:\/\/aureliusjewelry.com\/fr\/wp-json\/wp\/v2\/product_tag?post=43712"}],"curies":[{"name":"wp","href":"https:\/\/api.w.org\/{rel}","templated":true}]}}