{"id":43598,"date":"2021-02-03T12:02:57","date_gmt":"2021-02-03T10:02:57","guid":{"rendered":"http:\/\/aureliusjewelry.com\/product\/element-terre-bague-de-fiancailles-en-sel-et-poivre-diamant-de-couleur-brune-et-taille-rose-et-peridot\/"},"modified":"2026-03-23T21:55:30","modified_gmt":"2026-03-23T19:55:30","slug":"element-terre-bague-de-fiancailles-en-sel-et-poivre-diamant-de-couleur-brune-et-taille-rose-et-peridot","status":"publish","type":"product","link":"https:\/\/aureliusjewelry.com\/fr\/element-terre-bague-de-fiancailles-en-sel-et-poivre-diamant-de-couleur-brune-et-taille-rose-et-peridot\/","title":{"rendered":"\u00c9l\u00e9ment Terre &#8211; Bague de fian\u00e7ailles en Sel et Poivre Diamant de couleur brune et taille rose et P\u00e9ridot"},"content":{"rendered":"<p><strong>Pierre principale<\/strong><\/p>\n<ul>\n<li>Diamant rond sel et poivre brun taille rose<\/li>\n<li>environ. 6-7mm<\/li>\n<\/ul>\n<p><strong>Pierres lat\u00e9rales<\/strong><\/p>\n<ul>\n<li>marquise and round peridot<\/li>\n<li>environ. 4x2mm, 1.5mm<\/li>\n<li>diamant marquise<\/li>\n<li>environ. 3&#215;1.5mm<\/li>\n<li>Couleur F\/G, clart\u00e9 VS, sans conflit<\/li>\n<li>round emerald<\/li>\n<li>environ. 1.3mm<\/li>\n<\/ul>\n<p><strong>Mesures et mat\u00e9riau du bracelet<\/strong><\/p>\n<ul>\n<li>environ. 1.5mm large, 1.6mm \u00e9pais<\/li>\n<li>disponible en or jaune, blanc ou rose 14 carats\/18 carats et platine<\/li>\n<li>Taille de bague am\u00e9ricaine 3-9, tailles plus petites ou plus grandes disponibles sur demande<\/li>\n<\/ul>\n","protected":false},"excerpt":{"rendered":"<p>La bague de fian\u00e7ailles \u00c9l\u00e9ment Terre, avec un diamant brun sel et poivre rond de taille rose unique au centre et des pierres lat\u00e9rales \u00e9meraude, p\u00e9ridot et diamant en guise de feuilles, convient parfaitement \u00e0 une future mari\u00e9e moderne qui aime la nature. Cette bague de fian\u00e7ailles asym\u00e9trique symbolisant la terre est \u00e9galement disponible en tant que bague de mariage associ\u00e9e \u00e0 une alliance ouverte assortie.<br \/>\nCette bague est une cr\u00e9ation originale d&rsquo;Aurelius et fait partie de notre collection \u00c9l\u00e9mentaire qui comprend quatre ensembles de bagues uniques inspir\u00e9s par les quatre \u00e9l\u00e9ments &#8211; le feu, l&rsquo;eau, la terre et l&rsquo;air. Les signes du zodiaque li\u00e9s \u00e0 l&rsquo;\u00e9l\u00e9ment Terre sont le Capricorne, le Taureau et la Vierge.<\/p>\n","protected":false},"featured_media":33142,"comment_status":"open","ping_status":"closed","template":"","meta":[],"product_brand":[],"product_cat":[1451,1453,1438,920,1470,896,918,1441,1462,1484,898],"product_tag":[991,992,981,990],"class_list":{"0":"post-43598","1":"product","2":"type-product","3":"status-publish","4":"has-post-thumbnail","6":"product_cat-bague-de-fiancailles-a-cinq-pierres","7":"product_cat-bague-de-fiancailles-avec-accents-de-pierres-precieuses","8":"product_cat-bague-de-fiancailles-avec-ensemble-de-lunette","9":"product_cat-bague-de-fiancailles-diamant-sel-et-poivre","10":"product_cat-bague-de-fiancailles-ronde","11":"product_cat-bagues","12":"product_cat-bagues-de-fiancailles","13":"product_cat-bagues-de-fiancailles-en-grappe","14":"product_cat-bagues-de-fiancailles-inspirees-de-la-nature","15":"product_cat-bagues-de-fiancailles-uniques","16":"product_cat-elementaire","17":"product_tag-bague-tag","18":"product_tag-bagues-tag","19":"product_tag-diamant-sel-et-poivre","20":"product_tag-pret-pour-lexpedition","22":"first","23":"instock","24":"sold-individually","25":"taxable","26":"shipping-taxable","27":"purchasable","28":"product-type-variable"},"yoast_head":"<title>\u00c9l\u00e9ment Terre - Bague de fian\u00e7ailles en Sel et Poivre Diamant de couleur brune et taille rose et P\u00e9ridot - Aurelius Jewelry<\/title>\n<meta name=\"robots\" content=\"index, follow, max-snippet:-1, max-image-preview:large, max-video-preview:-1\" \/>\n<link rel=\"canonical\" href=\"https:\/\/aureliusjewelry.com\/fr\/element-terre-bague-de-fiancailles-en-sel-et-poivre-diamant-de-couleur-brune-et-taille-rose-et-peridot\/\" \/>\n<meta property=\"og:locale\" content=\"fr_FR\" \/>\n<meta property=\"og:type\" content=\"article\" \/>\n<meta property=\"og:title\" content=\"\u00c9l\u00e9ment Terre - Bague de fian\u00e7ailles en Sel et Poivre Diamant de couleur brune et taille rose et P\u00e9ridot - Aurelius Jewelry\" \/>\n<meta property=\"og:description\" content=\"%\" \/>\n<meta property=\"og:url\" content=\"https:\/\/aureliusjewelry.com\/fr\/element-terre-bague-de-fiancailles-en-sel-et-poivre-diamant-de-couleur-brune-et-taille-rose-et-peridot\/\" \/>\n<meta property=\"og:site_name\" content=\"Aurelius Jewelry\" \/>\n<meta property=\"article:publisher\" content=\"https:\/\/www.facebook.com\/AureliusJewelry\/\" \/>\n<meta property=\"article:modified_time\" content=\"2026-03-23T19:55:30+00:00\" \/>\n<meta property=\"og:image\" content=\"https:\/\/aureliusjewelry.com\/wp-content\/uploads\/unique-cluster-diamond-ring-rose-gold.jpg\" \/>\n\t<meta property=\"og:image:width\" content=\"1920\" \/>\n\t<meta property=\"og:image:height\" content=\"1440\" \/>\n\t<meta property=\"og:image:type\" content=\"image\/jpeg\" \/>\n<meta name=\"twitter:card\" content=\"summary_large_image\" \/>\n<meta name=\"twitter:site\" content=\"@AureliusJewelry\" \/>\n<script type=\"application\/ld+json\" class=\"yoast-schema-graph\">{\"@context\":\"https:\\\/\\\/schema.org\",\"@graph\":[{\"@type\":\"WebPage\",\"@id\":\"https:\\\/\\\/aureliusjewelry.com\\\/fr\\\/element-terre-bague-de-fiancailles-en-sel-et-poivre-diamant-de-couleur-brune-et-taille-rose-et-peridot\\\/\",\"url\":\"https:\\\/\\\/aureliusjewelry.com\\\/fr\\\/element-terre-bague-de-fiancailles-en-sel-et-poivre-diamant-de-couleur-brune-et-taille-rose-et-peridot\\\/\",\"name\":\"\u00c9l\u00e9ment Terre - Bague de fian\u00e7ailles en Sel et Poivre Diamant de couleur brune et taille rose et P\u00e9ridot - Aurelius Jewelry\",\"isPartOf\":{\"@id\":\"https:\\\/\\\/aureliusjewelry.com\\\/fr\\\/#website\"},\"primaryImageOfPage\":{\"@id\":\"https:\\\/\\\/aureliusjewelry.com\\\/fr\\\/element-terre-bague-de-fiancailles-en-sel-et-poivre-diamant-de-couleur-brune-et-taille-rose-et-peridot\\\/#primaryimage\"},\"image\":{\"@id\":\"https:\\\/\\\/aureliusjewelry.com\\\/fr\\\/element-terre-bague-de-fiancailles-en-sel-et-poivre-diamant-de-couleur-brune-et-taille-rose-et-peridot\\\/#primaryimage\"},\"thumbnailUrl\":\"https:\\\/\\\/aureliusjewelry.com\\\/wp-content\\\/uploads\\\/unique-cluster-diamond-ring-rose-gold.jpg\",\"datePublished\":\"2021-02-03T10:02:57+00:00\",\"dateModified\":\"2026-03-23T19:55:30+00:00\",\"breadcrumb\":{\"@id\":\"https:\\\/\\\/aureliusjewelry.com\\\/fr\\\/element-terre-bague-de-fiancailles-en-sel-et-poivre-diamant-de-couleur-brune-et-taille-rose-et-peridot\\\/#breadcrumb\"},\"inLanguage\":\"fr-FR\",\"potentialAction\":[{\"@type\":\"ReadAction\",\"target\":[\"https:\\\/\\\/aureliusjewelry.com\\\/fr\\\/element-terre-bague-de-fiancailles-en-sel-et-poivre-diamant-de-couleur-brune-et-taille-rose-et-peridot\\\/\"]}]},{\"@type\":\"ImageObject\",\"inLanguage\":\"fr-FR\",\"@id\":\"https:\\\/\\\/aureliusjewelry.com\\\/fr\\\/element-terre-bague-de-fiancailles-en-sel-et-poivre-diamant-de-couleur-brune-et-taille-rose-et-peridot\\\/#primaryimage\",\"url\":\"https:\\\/\\\/aureliusjewelry.com\\\/wp-content\\\/uploads\\\/unique-cluster-diamond-ring-rose-gold.jpg\",\"contentUrl\":\"https:\\\/\\\/aureliusjewelry.com\\\/wp-content\\\/uploads\\\/unique-cluster-diamond-ring-rose-gold.jpg\",\"width\":1920,\"height\":1440},{\"@type\":\"BreadcrumbList\",\"@id\":\"https:\\\/\\\/aureliusjewelry.com\\\/fr\\\/element-terre-bague-de-fiancailles-en-sel-et-poivre-diamant-de-couleur-brune-et-taille-rose-et-peridot\\\/#breadcrumb\",\"itemListElement\":[{\"@type\":\"ListItem\",\"position\":1,\"name\":\"Home\",\"item\":\"https:\\\/\\\/aureliusjewelry.com\\\/fr\\\/\"},{\"@type\":\"ListItem\",\"position\":2,\"name\":\"Boutique\",\"item\":\"https:\\\/\\\/aureliusjewelry.com\\\/fr\\\/boutique\\\/\"},{\"@type\":\"ListItem\",\"position\":3,\"name\":\"\u00c9l\u00e9ment Terre &#8211; Bague de fian\u00e7ailles en Sel et Poivre Diamant de couleur brune et taille rose et P\u00e9ridot\"}]},{\"@type\":\"WebSite\",\"@id\":\"https:\\\/\\\/aureliusjewelry.com\\\/fr\\\/#website\",\"url\":\"https:\\\/\\\/aureliusjewelry.com\\\/fr\\\/\",\"name\":\"Aurelius Jewelry\",\"description\":\"Handmade Fine Gold Jewelry\",\"publisher\":{\"@id\":\"https:\\\/\\\/aureliusjewelry.com\\\/fr\\\/#organization\"},\"potentialAction\":[{\"@type\":\"SearchAction\",\"target\":{\"@type\":\"EntryPoint\",\"urlTemplate\":\"https:\\\/\\\/aureliusjewelry.com\\\/fr\\\/?s={search_term_string}\"},\"query-input\":{\"@type\":\"PropertyValueSpecification\",\"valueRequired\":true,\"valueName\":\"search_term_string\"}}],\"inLanguage\":\"fr-FR\"},{\"@type\":\"Organization\",\"@id\":\"https:\\\/\\\/aureliusjewelry.com\\\/fr\\\/#organization\",\"name\":\"Aurelius Jewelry\",\"url\":\"https:\\\/\\\/aureliusjewelry.com\\\/fr\\\/\",\"logo\":{\"@type\":\"ImageObject\",\"inLanguage\":\"fr-FR\",\"@id\":\"https:\\\/\\\/aureliusjewelry.com\\\/fr\\\/#\\\/schema\\\/logo\\\/image\\\/\",\"url\":\"https:\\\/\\\/aureliusjewelry.com\\\/wp-content\\\/uploads\\\/logo.png\",\"contentUrl\":\"https:\\\/\\\/aureliusjewelry.com\\\/wp-content\\\/uploads\\\/logo.png\",\"width\":400,\"height\":64,\"caption\":\"Aurelius Jewelry\"},\"image\":{\"@id\":\"https:\\\/\\\/aureliusjewelry.com\\\/fr\\\/#\\\/schema\\\/logo\\\/image\\\/\"},\"sameAs\":[\"https:\\\/\\\/www.facebook.com\\\/AureliusJewelry\\\/\",\"https:\\\/\\\/x.com\\\/AureliusJewelry\",\"https:\\\/\\\/instagram.com\\\/aureliusjewelry\",\"https:\\\/\\\/www.pinterest.com\\\/AureliusJewelry\\\/\"],\"email\":\"info@aureliusjewelry.com\",\"foundingDate\":\"2018-10-01\",\"vatID\":\"SI10391070\",\"hasMerchantReturnPolicy\":{\"@type\":\"MerchantReturnPolicy\",\"merchantReturnLink\":\"https:\\\/\\\/aureliusjewelry.com\\\/our-policies\\\/terms-conditions\\\/\"}}]}<\/script>\n<meta property=\"og:availability\" content=\"instock\" \/>\n<meta property=\"product:availability\" content=\"instock\" \/>\n<meta property=\"product:retailer_item_id\" content=\"18221\" \/>\n<meta property=\"product:condition\" content=\"new\" \/>","yoast_head_json":{"title":"\u00c9l\u00e9ment Terre - Bague de fian\u00e7ailles en Sel et Poivre Diamant de couleur brune et taille rose et P\u00e9ridot - Aurelius Jewelry","robots":{"index":"index","follow":"follow","max-snippet":"max-snippet:-1","max-image-preview":"max-image-preview:large","max-video-preview":"max-video-preview:-1"},"canonical":"https:\/\/aureliusjewelry.com\/fr\/element-terre-bague-de-fiancailles-en-sel-et-poivre-diamant-de-couleur-brune-et-taille-rose-et-peridot\/","og_locale":"fr_FR","og_type":"article","og_title":"\u00c9l\u00e9ment Terre - Bague de fian\u00e7ailles en Sel et Poivre Diamant de couleur brune et taille rose et P\u00e9ridot - Aurelius Jewelry","og_description":"%","og_url":"https:\/\/aureliusjewelry.com\/fr\/element-terre-bague-de-fiancailles-en-sel-et-poivre-diamant-de-couleur-brune-et-taille-rose-et-peridot\/","og_site_name":"Aurelius Jewelry","article_publisher":"https:\/\/www.facebook.com\/AureliusJewelry\/","article_modified_time":"2026-03-23T19:55:30+00:00","og_image":[{"width":1920,"height":1440,"url":"https:\/\/aureliusjewelry.com\/wp-content\/uploads\/unique-cluster-diamond-ring-rose-gold.jpg","type":"image\/jpeg"}],"twitter_card":"summary_large_image","twitter_site":"@AureliusJewelry","schema":{"@context":"https:\/\/schema.org","@graph":[{"@type":"WebPage","@id":"https:\/\/aureliusjewelry.com\/fr\/element-terre-bague-de-fiancailles-en-sel-et-poivre-diamant-de-couleur-brune-et-taille-rose-et-peridot\/","url":"https:\/\/aureliusjewelry.com\/fr\/element-terre-bague-de-fiancailles-en-sel-et-poivre-diamant-de-couleur-brune-et-taille-rose-et-peridot\/","name":"\u00c9l\u00e9ment Terre - Bague de fian\u00e7ailles en Sel et Poivre Diamant de couleur brune et taille rose et P\u00e9ridot - Aurelius Jewelry","isPartOf":{"@id":"https:\/\/aureliusjewelry.com\/fr\/#website"},"primaryImageOfPage":{"@id":"https:\/\/aureliusjewelry.com\/fr\/element-terre-bague-de-fiancailles-en-sel-et-poivre-diamant-de-couleur-brune-et-taille-rose-et-peridot\/#primaryimage"},"image":{"@id":"https:\/\/aureliusjewelry.com\/fr\/element-terre-bague-de-fiancailles-en-sel-et-poivre-diamant-de-couleur-brune-et-taille-rose-et-peridot\/#primaryimage"},"thumbnailUrl":"https:\/\/aureliusjewelry.com\/wp-content\/uploads\/unique-cluster-diamond-ring-rose-gold.jpg","datePublished":"2021-02-03T10:02:57+00:00","dateModified":"2026-03-23T19:55:30+00:00","breadcrumb":{"@id":"https:\/\/aureliusjewelry.com\/fr\/element-terre-bague-de-fiancailles-en-sel-et-poivre-diamant-de-couleur-brune-et-taille-rose-et-peridot\/#breadcrumb"},"inLanguage":"fr-FR","potentialAction":[{"@type":"ReadAction","target":["https:\/\/aureliusjewelry.com\/fr\/element-terre-bague-de-fiancailles-en-sel-et-poivre-diamant-de-couleur-brune-et-taille-rose-et-peridot\/"]}]},{"@type":"ImageObject","inLanguage":"fr-FR","@id":"https:\/\/aureliusjewelry.com\/fr\/element-terre-bague-de-fiancailles-en-sel-et-poivre-diamant-de-couleur-brune-et-taille-rose-et-peridot\/#primaryimage","url":"https:\/\/aureliusjewelry.com\/wp-content\/uploads\/unique-cluster-diamond-ring-rose-gold.jpg","contentUrl":"https:\/\/aureliusjewelry.com\/wp-content\/uploads\/unique-cluster-diamond-ring-rose-gold.jpg","width":1920,"height":1440},{"@type":"BreadcrumbList","@id":"https:\/\/aureliusjewelry.com\/fr\/element-terre-bague-de-fiancailles-en-sel-et-poivre-diamant-de-couleur-brune-et-taille-rose-et-peridot\/#breadcrumb","itemListElement":[{"@type":"ListItem","position":1,"name":"Home","item":"https:\/\/aureliusjewelry.com\/fr\/"},{"@type":"ListItem","position":2,"name":"Boutique","item":"https:\/\/aureliusjewelry.com\/fr\/boutique\/"},{"@type":"ListItem","position":3,"name":"\u00c9l\u00e9ment Terre &#8211; Bague de fian\u00e7ailles en Sel et Poivre Diamant de couleur brune et taille rose et P\u00e9ridot"}]},{"@type":"WebSite","@id":"https:\/\/aureliusjewelry.com\/fr\/#website","url":"https:\/\/aureliusjewelry.com\/fr\/","name":"Aurelius Jewelry","description":"Handmade Fine Gold Jewelry","publisher":{"@id":"https:\/\/aureliusjewelry.com\/fr\/#organization"},"potentialAction":[{"@type":"SearchAction","target":{"@type":"EntryPoint","urlTemplate":"https:\/\/aureliusjewelry.com\/fr\/?s={search_term_string}"},"query-input":{"@type":"PropertyValueSpecification","valueRequired":true,"valueName":"search_term_string"}}],"inLanguage":"fr-FR"},{"@type":"Organization","@id":"https:\/\/aureliusjewelry.com\/fr\/#organization","name":"Aurelius Jewelry","url":"https:\/\/aureliusjewelry.com\/fr\/","logo":{"@type":"ImageObject","inLanguage":"fr-FR","@id":"https:\/\/aureliusjewelry.com\/fr\/#\/schema\/logo\/image\/","url":"https:\/\/aureliusjewelry.com\/wp-content\/uploads\/logo.png","contentUrl":"https:\/\/aureliusjewelry.com\/wp-content\/uploads\/logo.png","width":400,"height":64,"caption":"Aurelius Jewelry"},"image":{"@id":"https:\/\/aureliusjewelry.com\/fr\/#\/schema\/logo\/image\/"},"sameAs":["https:\/\/www.facebook.com\/AureliusJewelry\/","https:\/\/x.com\/AureliusJewelry","https:\/\/instagram.com\/aureliusjewelry","https:\/\/www.pinterest.com\/AureliusJewelry\/"],"email":"info@aureliusjewelry.com","foundingDate":"2018-10-01","vatID":"SI10391070","hasMerchantReturnPolicy":{"@type":"MerchantReturnPolicy","merchantReturnLink":"https:\/\/aureliusjewelry.com\/our-policies\/terms-conditions\/"}}]},"og_availability":"instock","product_availability":"instock","product_retailer_item_id":"18221","product_condition":"new"},"_links":{"self":[{"href":"https:\/\/aureliusjewelry.com\/fr\/wp-json\/wp\/v2\/product\/43598","targetHints":{"allow":["GET"]}}],"collection":[{"href":"https:\/\/aureliusjewelry.com\/fr\/wp-json\/wp\/v2\/product"}],"about":[{"href":"https:\/\/aureliusjewelry.com\/fr\/wp-json\/wp\/v2\/types\/product"}],"replies":[{"embeddable":true,"href":"https:\/\/aureliusjewelry.com\/fr\/wp-json\/wp\/v2\/comments?post=43598"}],"wp:featuredmedia":[{"embeddable":true,"href":"https:\/\/aureliusjewelry.com\/fr\/wp-json\/wp\/v2\/media\/33142"}],"wp:attachment":[{"href":"https:\/\/aureliusjewelry.com\/fr\/wp-json\/wp\/v2\/media?parent=43598"}],"wp:term":[{"taxonomy":"product_brand","embeddable":true,"href":"https:\/\/aureliusjewelry.com\/fr\/wp-json\/wp\/v2\/product_brand?post=43598"},{"taxonomy":"product_cat","embeddable":true,"href":"https:\/\/aureliusjewelry.com\/fr\/wp-json\/wp\/v2\/product_cat?post=43598"},{"taxonomy":"product_tag","embeddable":true,"href":"https:\/\/aureliusjewelry.com\/fr\/wp-json\/wp\/v2\/product_tag?post=43598"}],"curies":[{"name":"wp","href":"https:\/\/api.w.org\/{rel}","templated":true}]}}