{"id":39000,"date":"2020-12-21T22:50:55","date_gmt":"2020-12-21T20:50:55","guid":{"rendered":"http:\/\/aureliusjewelry.com\/product\/bague-de-fiancailles-a-diamants-poivre-et-sel-en-forme-dhexagone-a-anneau-fendu\/"},"modified":"2026-04-14T06:52:15","modified_gmt":"2026-04-14T04:52:15","slug":"bague-de-fiancailles-a-diamants-poivre-et-sel-en-forme-dhexagone-a-anneau-fendu","status":"publish","type":"product","link":"https:\/\/aureliusjewelry.com\/fr\/bague-de-fiancailles-a-diamants-poivre-et-sel-en-forme-dhexagone-a-anneau-fendu\/","title":{"rendered":"Bague de fian\u00e7ailles \u00e0 Diamants Poivre et Sel en forme d&rsquo;hexagone \u00e0 anneau fendu"},"content":{"rendered":"<div class=\"wpb-content-wrapper\"><p>[vc_row][vc_column][vc_column_text css=\u00a0\u00bb\u00a0\u00bb]<strong>Pierre<\/strong><\/p>\n<ul>\n<li>Diamant sel et poivre taille rose hexagonale<\/li>\n<li>environ. 7x6mm, 1ct-1.3ct<\/li>\n<\/ul>\n<p><strong>Mesures et mat\u00e9riau du bracelet<\/strong><\/p>\n<ul>\n<li>environ. 1.5mm large, 1.6mm \u00e9pais<\/li>\n<li>disponible en or jaune, blanc ou rose 14 carats\/18 carats et platine<\/li>\n<li>Taille de bague am\u00e9ricaine 3-9, tailles plus petites ou plus grandes disponibles sur demande<\/li>\n<\/ul>\n<p>[\/vc_column_text][\/vc_column][\/vc_row]<\/p>\n<\/div>","protected":false},"excerpt":{"rendered":"<p>Une bague de fian\u00e7ailles avec une touche d&rsquo;originalit\u00e9! Au lieu de la simple bague \u00e0 diamant solitaire, optez pour un diamant hexagonal sel et poivre unique avec un anneau fendu et quatre griffes. Chaque diamant est unique et pour en choisir un pour votre bague, veuillez nous contacter! Elle peut \u00e9galement \u00eatre r\u00e9alis\u00e9e avec une autre pierre pr\u00e9cieuse de votre choix.<\/p>\n","protected":false},"featured_media":33958,"comment_status":"open","ping_status":"closed","template":"","meta":[],"product_brand":[],"product_cat":[920,1457,1474,896,918,1455,1610,902],"product_tag":[991,992,981,958,989],"class_list":{"0":"post-39000","1":"product","2":"type-product","3":"status-publish","4":"has-post-thumbnail","6":"product_cat-bague-de-fiancailles-diamant-sel-et-poivre","7":"product_cat-bague-de-fiancailles-hexagonale","8":"product_cat-bague-de-fiancailles-solitaire","9":"product_cat-bagues","10":"product_cat-bagues-de-fiancailles","11":"product_cat-bagues-de-fiancailles-geometriques","12":"product_cat-meilleures-ventes","13":"product_cat-singularite","14":"product_tag-bague-tag","15":"product_tag-bagues-tag","16":"product_tag-diamant-sel-et-poivre","17":"product_tag-hexagone","18":"product_tag-temps_de_production_3_5","20":"first","21":"onbackorder","22":"sold-individually","23":"taxable","24":"shipping-taxable","25":"purchasable","26":"product-type-variable"},"yoast_head":"<title>Bague de fian\u00e7ailles \u00e0 Diamants Poivre et Sel en forme d&#039;hexagone \u00e0 anneau fendu - Aurelius Jewelry<\/title>\n<meta name=\"robots\" content=\"index, follow, max-snippet:-1, max-image-preview:large, max-video-preview:-1\" \/>\n<link rel=\"canonical\" href=\"https:\/\/aureliusjewelry.com\/fr\/bague-de-fiancailles-a-diamants-poivre-et-sel-en-forme-dhexagone-a-anneau-fendu\/\" \/>\n<meta property=\"og:locale\" content=\"fr_FR\" \/>\n<meta property=\"og:type\" content=\"article\" \/>\n<meta property=\"og:title\" content=\"Bague de fian\u00e7ailles \u00e0 Diamants Poivre et Sel en forme d&#039;hexagone \u00e0 anneau fendu - Aurelius Jewelry\" \/>\n<meta property=\"og:description\" content=\"%\" \/>\n<meta property=\"og:url\" content=\"https:\/\/aureliusjewelry.com\/fr\/bague-de-fiancailles-a-diamants-poivre-et-sel-en-forme-dhexagone-a-anneau-fendu\/\" \/>\n<meta property=\"og:site_name\" content=\"Aurelius Jewelry\" \/>\n<meta property=\"article:publisher\" content=\"https:\/\/www.facebook.com\/AureliusJewelry\/\" \/>\n<meta property=\"article:modified_time\" content=\"2026-04-14T04:52:15+00:00\" \/>\n<meta property=\"og:image\" content=\"https:\/\/aureliusjewelry.com\/wp-content\/uploads\/rose-gold-split-band-hexagon-ring.jpg\" \/>\n\t<meta property=\"og:image:width\" content=\"1920\" \/>\n\t<meta property=\"og:image:height\" content=\"1440\" \/>\n\t<meta property=\"og:image:type\" content=\"image\/jpeg\" \/>\n<meta name=\"twitter:card\" content=\"summary_large_image\" \/>\n<meta name=\"twitter:site\" content=\"@AureliusJewelry\" \/>\n<script type=\"application\/ld+json\" class=\"yoast-schema-graph\">{\"@context\":\"https:\\\/\\\/schema.org\",\"@graph\":[{\"@type\":\"WebPage\",\"@id\":\"https:\\\/\\\/aureliusjewelry.com\\\/fr\\\/bague-de-fiancailles-a-diamants-poivre-et-sel-en-forme-dhexagone-a-anneau-fendu\\\/\",\"url\":\"https:\\\/\\\/aureliusjewelry.com\\\/fr\\\/bague-de-fiancailles-a-diamants-poivre-et-sel-en-forme-dhexagone-a-anneau-fendu\\\/\",\"name\":\"Bague de fian\u00e7ailles \u00e0 Diamants Poivre et Sel en forme d'hexagone \u00e0 anneau fendu - Aurelius Jewelry\",\"isPartOf\":{\"@id\":\"https:\\\/\\\/aureliusjewelry.com\\\/fr\\\/#website\"},\"primaryImageOfPage\":{\"@id\":\"https:\\\/\\\/aureliusjewelry.com\\\/fr\\\/bague-de-fiancailles-a-diamants-poivre-et-sel-en-forme-dhexagone-a-anneau-fendu\\\/#primaryimage\"},\"image\":{\"@id\":\"https:\\\/\\\/aureliusjewelry.com\\\/fr\\\/bague-de-fiancailles-a-diamants-poivre-et-sel-en-forme-dhexagone-a-anneau-fendu\\\/#primaryimage\"},\"thumbnailUrl\":\"https:\\\/\\\/aureliusjewelry.com\\\/wp-content\\\/uploads\\\/rose-gold-split-band-hexagon-ring.jpg\",\"datePublished\":\"2020-12-21T20:50:55+00:00\",\"dateModified\":\"2026-04-14T04:52:15+00:00\",\"breadcrumb\":{\"@id\":\"https:\\\/\\\/aureliusjewelry.com\\\/fr\\\/bague-de-fiancailles-a-diamants-poivre-et-sel-en-forme-dhexagone-a-anneau-fendu\\\/#breadcrumb\"},\"inLanguage\":\"fr-FR\",\"potentialAction\":[{\"@type\":\"ReadAction\",\"target\":[\"https:\\\/\\\/aureliusjewelry.com\\\/fr\\\/bague-de-fiancailles-a-diamants-poivre-et-sel-en-forme-dhexagone-a-anneau-fendu\\\/\"]}]},{\"@type\":\"ImageObject\",\"inLanguage\":\"fr-FR\",\"@id\":\"https:\\\/\\\/aureliusjewelry.com\\\/fr\\\/bague-de-fiancailles-a-diamants-poivre-et-sel-en-forme-dhexagone-a-anneau-fendu\\\/#primaryimage\",\"url\":\"https:\\\/\\\/aureliusjewelry.com\\\/wp-content\\\/uploads\\\/rose-gold-split-band-hexagon-ring.jpg\",\"contentUrl\":\"https:\\\/\\\/aureliusjewelry.com\\\/wp-content\\\/uploads\\\/rose-gold-split-band-hexagon-ring.jpg\",\"width\":1920,\"height\":1440},{\"@type\":\"BreadcrumbList\",\"@id\":\"https:\\\/\\\/aureliusjewelry.com\\\/fr\\\/bague-de-fiancailles-a-diamants-poivre-et-sel-en-forme-dhexagone-a-anneau-fendu\\\/#breadcrumb\",\"itemListElement\":[{\"@type\":\"ListItem\",\"position\":1,\"name\":\"Home\",\"item\":\"https:\\\/\\\/aureliusjewelry.com\\\/fr\\\/\"},{\"@type\":\"ListItem\",\"position\":2,\"name\":\"Boutique\",\"item\":\"https:\\\/\\\/aureliusjewelry.com\\\/fr\\\/boutique\\\/\"},{\"@type\":\"ListItem\",\"position\":3,\"name\":\"Bague de fian\u00e7ailles \u00e0 Diamants Poivre et Sel en forme d&#8217;hexagone \u00e0 anneau fendu\"}]},{\"@type\":\"WebSite\",\"@id\":\"https:\\\/\\\/aureliusjewelry.com\\\/fr\\\/#website\",\"url\":\"https:\\\/\\\/aureliusjewelry.com\\\/fr\\\/\",\"name\":\"Aurelius Jewelry\",\"description\":\"Handmade Fine Gold Jewelry\",\"publisher\":{\"@id\":\"https:\\\/\\\/aureliusjewelry.com\\\/fr\\\/#organization\"},\"potentialAction\":[{\"@type\":\"SearchAction\",\"target\":{\"@type\":\"EntryPoint\",\"urlTemplate\":\"https:\\\/\\\/aureliusjewelry.com\\\/fr\\\/?s={search_term_string}\"},\"query-input\":{\"@type\":\"PropertyValueSpecification\",\"valueRequired\":true,\"valueName\":\"search_term_string\"}}],\"inLanguage\":\"fr-FR\"},{\"@type\":\"Organization\",\"@id\":\"https:\\\/\\\/aureliusjewelry.com\\\/fr\\\/#organization\",\"name\":\"Aurelius Jewelry\",\"url\":\"https:\\\/\\\/aureliusjewelry.com\\\/fr\\\/\",\"logo\":{\"@type\":\"ImageObject\",\"inLanguage\":\"fr-FR\",\"@id\":\"https:\\\/\\\/aureliusjewelry.com\\\/fr\\\/#\\\/schema\\\/logo\\\/image\\\/\",\"url\":\"https:\\\/\\\/aureliusjewelry.com\\\/wp-content\\\/uploads\\\/logo.png\",\"contentUrl\":\"https:\\\/\\\/aureliusjewelry.com\\\/wp-content\\\/uploads\\\/logo.png\",\"width\":400,\"height\":64,\"caption\":\"Aurelius Jewelry\"},\"image\":{\"@id\":\"https:\\\/\\\/aureliusjewelry.com\\\/fr\\\/#\\\/schema\\\/logo\\\/image\\\/\"},\"sameAs\":[\"https:\\\/\\\/www.facebook.com\\\/AureliusJewelry\\\/\",\"https:\\\/\\\/x.com\\\/AureliusJewelry\",\"https:\\\/\\\/instagram.com\\\/aureliusjewelry\",\"https:\\\/\\\/www.pinterest.com\\\/AureliusJewelry\\\/\"],\"email\":\"info@aureliusjewelry.com\",\"foundingDate\":\"2018-10-01\",\"vatID\":\"SI10391070\",\"hasMerchantReturnPolicy\":{\"@type\":\"MerchantReturnPolicy\",\"merchantReturnLink\":\"https:\\\/\\\/aureliusjewelry.com\\\/our-policies\\\/terms-conditions\\\/\"}}]}<\/script>\n<meta property=\"og:availability\" content=\"backorder\" \/>\n<meta property=\"product:availability\" content=\"available for order\" \/>\n<meta property=\"product:retailer_item_id\" content=\"12288\" \/>\n<meta property=\"product:condition\" content=\"new\" \/>","yoast_head_json":{"title":"Bague de fian\u00e7ailles \u00e0 Diamants Poivre et Sel en forme d'hexagone \u00e0 anneau fendu - Aurelius Jewelry","robots":{"index":"index","follow":"follow","max-snippet":"max-snippet:-1","max-image-preview":"max-image-preview:large","max-video-preview":"max-video-preview:-1"},"canonical":"https:\/\/aureliusjewelry.com\/fr\/bague-de-fiancailles-a-diamants-poivre-et-sel-en-forme-dhexagone-a-anneau-fendu\/","og_locale":"fr_FR","og_type":"article","og_title":"Bague de fian\u00e7ailles \u00e0 Diamants Poivre et Sel en forme d'hexagone \u00e0 anneau fendu - Aurelius Jewelry","og_description":"%","og_url":"https:\/\/aureliusjewelry.com\/fr\/bague-de-fiancailles-a-diamants-poivre-et-sel-en-forme-dhexagone-a-anneau-fendu\/","og_site_name":"Aurelius Jewelry","article_publisher":"https:\/\/www.facebook.com\/AureliusJewelry\/","article_modified_time":"2026-04-14T04:52:15+00:00","og_image":[{"width":1920,"height":1440,"url":"https:\/\/aureliusjewelry.com\/wp-content\/uploads\/rose-gold-split-band-hexagon-ring.jpg","type":"image\/jpeg"}],"twitter_card":"summary_large_image","twitter_site":"@AureliusJewelry","schema":{"@context":"https:\/\/schema.org","@graph":[{"@type":"WebPage","@id":"https:\/\/aureliusjewelry.com\/fr\/bague-de-fiancailles-a-diamants-poivre-et-sel-en-forme-dhexagone-a-anneau-fendu\/","url":"https:\/\/aureliusjewelry.com\/fr\/bague-de-fiancailles-a-diamants-poivre-et-sel-en-forme-dhexagone-a-anneau-fendu\/","name":"Bague de fian\u00e7ailles \u00e0 Diamants Poivre et Sel en forme d'hexagone \u00e0 anneau fendu - Aurelius Jewelry","isPartOf":{"@id":"https:\/\/aureliusjewelry.com\/fr\/#website"},"primaryImageOfPage":{"@id":"https:\/\/aureliusjewelry.com\/fr\/bague-de-fiancailles-a-diamants-poivre-et-sel-en-forme-dhexagone-a-anneau-fendu\/#primaryimage"},"image":{"@id":"https:\/\/aureliusjewelry.com\/fr\/bague-de-fiancailles-a-diamants-poivre-et-sel-en-forme-dhexagone-a-anneau-fendu\/#primaryimage"},"thumbnailUrl":"https:\/\/aureliusjewelry.com\/wp-content\/uploads\/rose-gold-split-band-hexagon-ring.jpg","datePublished":"2020-12-21T20:50:55+00:00","dateModified":"2026-04-14T04:52:15+00:00","breadcrumb":{"@id":"https:\/\/aureliusjewelry.com\/fr\/bague-de-fiancailles-a-diamants-poivre-et-sel-en-forme-dhexagone-a-anneau-fendu\/#breadcrumb"},"inLanguage":"fr-FR","potentialAction":[{"@type":"ReadAction","target":["https:\/\/aureliusjewelry.com\/fr\/bague-de-fiancailles-a-diamants-poivre-et-sel-en-forme-dhexagone-a-anneau-fendu\/"]}]},{"@type":"ImageObject","inLanguage":"fr-FR","@id":"https:\/\/aureliusjewelry.com\/fr\/bague-de-fiancailles-a-diamants-poivre-et-sel-en-forme-dhexagone-a-anneau-fendu\/#primaryimage","url":"https:\/\/aureliusjewelry.com\/wp-content\/uploads\/rose-gold-split-band-hexagon-ring.jpg","contentUrl":"https:\/\/aureliusjewelry.com\/wp-content\/uploads\/rose-gold-split-band-hexagon-ring.jpg","width":1920,"height":1440},{"@type":"BreadcrumbList","@id":"https:\/\/aureliusjewelry.com\/fr\/bague-de-fiancailles-a-diamants-poivre-et-sel-en-forme-dhexagone-a-anneau-fendu\/#breadcrumb","itemListElement":[{"@type":"ListItem","position":1,"name":"Home","item":"https:\/\/aureliusjewelry.com\/fr\/"},{"@type":"ListItem","position":2,"name":"Boutique","item":"https:\/\/aureliusjewelry.com\/fr\/boutique\/"},{"@type":"ListItem","position":3,"name":"Bague de fian\u00e7ailles \u00e0 Diamants Poivre et Sel en forme d&#8217;hexagone \u00e0 anneau fendu"}]},{"@type":"WebSite","@id":"https:\/\/aureliusjewelry.com\/fr\/#website","url":"https:\/\/aureliusjewelry.com\/fr\/","name":"Aurelius Jewelry","description":"Handmade Fine Gold Jewelry","publisher":{"@id":"https:\/\/aureliusjewelry.com\/fr\/#organization"},"potentialAction":[{"@type":"SearchAction","target":{"@type":"EntryPoint","urlTemplate":"https:\/\/aureliusjewelry.com\/fr\/?s={search_term_string}"},"query-input":{"@type":"PropertyValueSpecification","valueRequired":true,"valueName":"search_term_string"}}],"inLanguage":"fr-FR"},{"@type":"Organization","@id":"https:\/\/aureliusjewelry.com\/fr\/#organization","name":"Aurelius Jewelry","url":"https:\/\/aureliusjewelry.com\/fr\/","logo":{"@type":"ImageObject","inLanguage":"fr-FR","@id":"https:\/\/aureliusjewelry.com\/fr\/#\/schema\/logo\/image\/","url":"https:\/\/aureliusjewelry.com\/wp-content\/uploads\/logo.png","contentUrl":"https:\/\/aureliusjewelry.com\/wp-content\/uploads\/logo.png","width":400,"height":64,"caption":"Aurelius Jewelry"},"image":{"@id":"https:\/\/aureliusjewelry.com\/fr\/#\/schema\/logo\/image\/"},"sameAs":["https:\/\/www.facebook.com\/AureliusJewelry\/","https:\/\/x.com\/AureliusJewelry","https:\/\/instagram.com\/aureliusjewelry","https:\/\/www.pinterest.com\/AureliusJewelry\/"],"email":"info@aureliusjewelry.com","foundingDate":"2018-10-01","vatID":"SI10391070","hasMerchantReturnPolicy":{"@type":"MerchantReturnPolicy","merchantReturnLink":"https:\/\/aureliusjewelry.com\/our-policies\/terms-conditions\/"}}]},"og_availability":"backorder","product_availability":"available for order","product_retailer_item_id":"12288","product_condition":"new"},"_links":{"self":[{"href":"https:\/\/aureliusjewelry.com\/fr\/wp-json\/wp\/v2\/product\/39000","targetHints":{"allow":["GET"]}}],"collection":[{"href":"https:\/\/aureliusjewelry.com\/fr\/wp-json\/wp\/v2\/product"}],"about":[{"href":"https:\/\/aureliusjewelry.com\/fr\/wp-json\/wp\/v2\/types\/product"}],"replies":[{"embeddable":true,"href":"https:\/\/aureliusjewelry.com\/fr\/wp-json\/wp\/v2\/comments?post=39000"}],"wp:featuredmedia":[{"embeddable":true,"href":"https:\/\/aureliusjewelry.com\/fr\/wp-json\/wp\/v2\/media\/33958"}],"wp:attachment":[{"href":"https:\/\/aureliusjewelry.com\/fr\/wp-json\/wp\/v2\/media?parent=39000"}],"wp:term":[{"taxonomy":"product_brand","embeddable":true,"href":"https:\/\/aureliusjewelry.com\/fr\/wp-json\/wp\/v2\/product_brand?post=39000"},{"taxonomy":"product_cat","embeddable":true,"href":"https:\/\/aureliusjewelry.com\/fr\/wp-json\/wp\/v2\/product_cat?post=39000"},{"taxonomy":"product_tag","embeddable":true,"href":"https:\/\/aureliusjewelry.com\/fr\/wp-json\/wp\/v2\/product_tag?post=39000"}],"curies":[{"name":"wp","href":"https:\/\/api.w.org\/{rel}","templated":true}]}}