{"id":38926,"date":"2020-10-16T11:12:45","date_gmt":"2020-10-16T09:12:45","guid":{"rendered":"http:\/\/aureliusjewelry.com\/product\/alliance-en-or-et-platine-avec-incrustation-de-spinelle-noir-ecrase-pour-homme\/"},"modified":"2026-03-24T13:16:12","modified_gmt":"2026-03-24T11:16:12","slug":"alliance-en-or-et-platine-avec-incrustation-de-spinelle-noir-ecrase-pour-homme","status":"publish","type":"product","link":"https:\/\/aureliusjewelry.com\/fr\/alliance-en-or-et-platine-avec-incrustation-de-spinelle-noir-ecrase-pour-homme\/","title":{"rendered":"Alliance en or et platine avec incrustation de Spinelle noir \u00e9cras\u00e9 pour homme"},"content":{"rendered":"<p><strong>Stone<\/strong><br \/>\n&#8211; crushed black spinel<\/p>\n<p><strong>Band Measurements and Material<\/strong><br \/>\n&#8211; 5mm wide, 1.5mm thick<br \/>\n&#8211; Available in 585\/1000 (14k) or 750\/1000 (18k) Yellow or Rose Gold soldered with a 950\/1000 Platinum band<br \/>\n&#8211; US ring size 3-9, smaller or larger sizes available per request<\/p>\n","protected":false},"excerpt":{"rendered":"<p>Notre large bague de mariage pour homme ou unisexe avec une incrustation de spinelle noir \u00e9cras\u00e9 et soud\u00e9e avec un fin anneau en platine. Les lignes droites font de cette bague une alliance \u00e9l\u00e9gante et moderne. Ce mod\u00e8le peut \u00eatre r\u00e9alis\u00e9 avec un anneau plus large, selon vos pr\u00e9f\u00e9rences, et la largeur de l&rsquo;incrustation peut \u00e9galement \u00eatre ajust\u00e9e ou r\u00e9alis\u00e9e avec diff\u00e9rentes pierres pr\u00e9cieuses concass\u00e9es.<\/p>\n","protected":false},"featured_media":32345,"comment_status":"open","ping_status":"closed","template":"","meta":[],"product_brand":[],"product_cat":[938,941,912],"product_tag":[991,992,970,989],"class_list":{"0":"post-38926","1":"product","2":"type-product","3":"status-publish","4":"has-post-thumbnail","6":"product_cat-bagues-de-mariage","7":"product_cat-bagues-de-mariage-pour-hommes","8":"product_cat-messieurs","9":"product_tag-bague-tag","10":"product_tag-bagues-tag","11":"product_tag-pas-de-pierre","12":"product_tag-temps_de_production_3_5","14":"first","15":"onbackorder","16":"sold-individually","17":"taxable","18":"shipping-taxable","19":"purchasable","20":"product-type-variable"},"yoast_head":"<title>Alliance en or et platine avec incrustation de Spinelle noir \u00e9cras\u00e9 pour homme - Aurelius Jewelry<\/title>\n<meta name=\"robots\" content=\"index, follow, max-snippet:-1, max-image-preview:large, max-video-preview:-1\" \/>\n<link rel=\"canonical\" href=\"https:\/\/aureliusjewelry.com\/fr\/alliance-en-or-et-platine-avec-incrustation-de-spinelle-noir-ecrase-pour-homme\/\" \/>\n<meta property=\"og:locale\" content=\"fr_FR\" \/>\n<meta property=\"og:type\" content=\"article\" \/>\n<meta property=\"og:title\" content=\"Alliance en or et platine avec incrustation de Spinelle noir \u00e9cras\u00e9 pour homme - Aurelius Jewelry\" \/>\n<meta property=\"og:description\" content=\"%\" \/>\n<meta property=\"og:url\" content=\"https:\/\/aureliusjewelry.com\/fr\/alliance-en-or-et-platine-avec-incrustation-de-spinelle-noir-ecrase-pour-homme\/\" \/>\n<meta property=\"og:site_name\" content=\"Aurelius Jewelry\" \/>\n<meta property=\"article:publisher\" content=\"https:\/\/www.facebook.com\/AureliusJewelry\/\" \/>\n<meta property=\"article:modified_time\" content=\"2026-03-24T11:16:12+00:00\" \/>\n<meta property=\"og:image\" content=\"https:\/\/aureliusjewelry.com\/wp-content\/uploads\/wedding-ring-man-black-spinel.jpg\" \/>\n\t<meta property=\"og:image:width\" content=\"1920\" \/>\n\t<meta property=\"og:image:height\" content=\"1440\" \/>\n\t<meta property=\"og:image:type\" content=\"image\/jpeg\" \/>\n<meta name=\"twitter:card\" content=\"summary_large_image\" \/>\n<meta name=\"twitter:site\" content=\"@AureliusJewelry\" \/>\n<script type=\"application\/ld+json\" class=\"yoast-schema-graph\">{\"@context\":\"https:\\\/\\\/schema.org\",\"@graph\":[{\"@type\":\"WebPage\",\"@id\":\"https:\\\/\\\/aureliusjewelry.com\\\/fr\\\/alliance-en-or-et-platine-avec-incrustation-de-spinelle-noir-ecrase-pour-homme\\\/\",\"url\":\"https:\\\/\\\/aureliusjewelry.com\\\/fr\\\/alliance-en-or-et-platine-avec-incrustation-de-spinelle-noir-ecrase-pour-homme\\\/\",\"name\":\"Alliance en or et platine avec incrustation de Spinelle noir \u00e9cras\u00e9 pour homme - Aurelius Jewelry\",\"isPartOf\":{\"@id\":\"https:\\\/\\\/aureliusjewelry.com\\\/fr\\\/#website\"},\"primaryImageOfPage\":{\"@id\":\"https:\\\/\\\/aureliusjewelry.com\\\/fr\\\/alliance-en-or-et-platine-avec-incrustation-de-spinelle-noir-ecrase-pour-homme\\\/#primaryimage\"},\"image\":{\"@id\":\"https:\\\/\\\/aureliusjewelry.com\\\/fr\\\/alliance-en-or-et-platine-avec-incrustation-de-spinelle-noir-ecrase-pour-homme\\\/#primaryimage\"},\"thumbnailUrl\":\"https:\\\/\\\/aureliusjewelry.com\\\/wp-content\\\/uploads\\\/wedding-ring-man-black-spinel.jpg\",\"datePublished\":\"2020-10-16T09:12:45+00:00\",\"dateModified\":\"2026-03-24T11:16:12+00:00\",\"breadcrumb\":{\"@id\":\"https:\\\/\\\/aureliusjewelry.com\\\/fr\\\/alliance-en-or-et-platine-avec-incrustation-de-spinelle-noir-ecrase-pour-homme\\\/#breadcrumb\"},\"inLanguage\":\"fr-FR\",\"potentialAction\":[{\"@type\":\"ReadAction\",\"target\":[\"https:\\\/\\\/aureliusjewelry.com\\\/fr\\\/alliance-en-or-et-platine-avec-incrustation-de-spinelle-noir-ecrase-pour-homme\\\/\"]}]},{\"@type\":\"ImageObject\",\"inLanguage\":\"fr-FR\",\"@id\":\"https:\\\/\\\/aureliusjewelry.com\\\/fr\\\/alliance-en-or-et-platine-avec-incrustation-de-spinelle-noir-ecrase-pour-homme\\\/#primaryimage\",\"url\":\"https:\\\/\\\/aureliusjewelry.com\\\/wp-content\\\/uploads\\\/wedding-ring-man-black-spinel.jpg\",\"contentUrl\":\"https:\\\/\\\/aureliusjewelry.com\\\/wp-content\\\/uploads\\\/wedding-ring-man-black-spinel.jpg\",\"width\":1920,\"height\":1440},{\"@type\":\"BreadcrumbList\",\"@id\":\"https:\\\/\\\/aureliusjewelry.com\\\/fr\\\/alliance-en-or-et-platine-avec-incrustation-de-spinelle-noir-ecrase-pour-homme\\\/#breadcrumb\",\"itemListElement\":[{\"@type\":\"ListItem\",\"position\":1,\"name\":\"Home\",\"item\":\"https:\\\/\\\/aureliusjewelry.com\\\/fr\\\/\"},{\"@type\":\"ListItem\",\"position\":2,\"name\":\"Boutique\",\"item\":\"https:\\\/\\\/aureliusjewelry.com\\\/fr\\\/boutique\\\/\"},{\"@type\":\"ListItem\",\"position\":3,\"name\":\"Alliance en or et platine avec incrustation de Spinelle noir \u00e9cras\u00e9 pour homme\"}]},{\"@type\":\"WebSite\",\"@id\":\"https:\\\/\\\/aureliusjewelry.com\\\/fr\\\/#website\",\"url\":\"https:\\\/\\\/aureliusjewelry.com\\\/fr\\\/\",\"name\":\"Aurelius Jewelry\",\"description\":\"Handmade Fine Gold Jewelry\",\"publisher\":{\"@id\":\"https:\\\/\\\/aureliusjewelry.com\\\/fr\\\/#organization\"},\"potentialAction\":[{\"@type\":\"SearchAction\",\"target\":{\"@type\":\"EntryPoint\",\"urlTemplate\":\"https:\\\/\\\/aureliusjewelry.com\\\/fr\\\/?s={search_term_string}\"},\"query-input\":{\"@type\":\"PropertyValueSpecification\",\"valueRequired\":true,\"valueName\":\"search_term_string\"}}],\"inLanguage\":\"fr-FR\"},{\"@type\":\"Organization\",\"@id\":\"https:\\\/\\\/aureliusjewelry.com\\\/fr\\\/#organization\",\"name\":\"Aurelius Jewelry\",\"url\":\"https:\\\/\\\/aureliusjewelry.com\\\/fr\\\/\",\"logo\":{\"@type\":\"ImageObject\",\"inLanguage\":\"fr-FR\",\"@id\":\"https:\\\/\\\/aureliusjewelry.com\\\/fr\\\/#\\\/schema\\\/logo\\\/image\\\/\",\"url\":\"https:\\\/\\\/aureliusjewelry.com\\\/wp-content\\\/uploads\\\/logo.png\",\"contentUrl\":\"https:\\\/\\\/aureliusjewelry.com\\\/wp-content\\\/uploads\\\/logo.png\",\"width\":400,\"height\":64,\"caption\":\"Aurelius Jewelry\"},\"image\":{\"@id\":\"https:\\\/\\\/aureliusjewelry.com\\\/fr\\\/#\\\/schema\\\/logo\\\/image\\\/\"},\"sameAs\":[\"https:\\\/\\\/www.facebook.com\\\/AureliusJewelry\\\/\",\"https:\\\/\\\/x.com\\\/AureliusJewelry\",\"https:\\\/\\\/instagram.com\\\/aureliusjewelry\",\"https:\\\/\\\/www.pinterest.com\\\/AureliusJewelry\\\/\"],\"email\":\"info@aureliusjewelry.com\",\"foundingDate\":\"2018-10-01\",\"vatID\":\"SI10391070\",\"hasMerchantReturnPolicy\":{\"@type\":\"MerchantReturnPolicy\",\"merchantReturnLink\":\"https:\\\/\\\/aureliusjewelry.com\\\/our-policies\\\/terms-conditions\\\/\"}}]}<\/script>\n<meta property=\"og:availability\" content=\"backorder\" \/>\n<meta property=\"product:availability\" content=\"available for order\" \/>\n<meta property=\"product:retailer_item_id\" content=\"11797\" \/>\n<meta property=\"product:condition\" content=\"new\" \/>","yoast_head_json":{"title":"Alliance en or et platine avec incrustation de Spinelle noir \u00e9cras\u00e9 pour homme - Aurelius Jewelry","robots":{"index":"index","follow":"follow","max-snippet":"max-snippet:-1","max-image-preview":"max-image-preview:large","max-video-preview":"max-video-preview:-1"},"canonical":"https:\/\/aureliusjewelry.com\/fr\/alliance-en-or-et-platine-avec-incrustation-de-spinelle-noir-ecrase-pour-homme\/","og_locale":"fr_FR","og_type":"article","og_title":"Alliance en or et platine avec incrustation de Spinelle noir \u00e9cras\u00e9 pour homme - Aurelius Jewelry","og_description":"%","og_url":"https:\/\/aureliusjewelry.com\/fr\/alliance-en-or-et-platine-avec-incrustation-de-spinelle-noir-ecrase-pour-homme\/","og_site_name":"Aurelius Jewelry","article_publisher":"https:\/\/www.facebook.com\/AureliusJewelry\/","article_modified_time":"2026-03-24T11:16:12+00:00","og_image":[{"width":1920,"height":1440,"url":"https:\/\/aureliusjewelry.com\/wp-content\/uploads\/wedding-ring-man-black-spinel.jpg","type":"image\/jpeg"}],"twitter_card":"summary_large_image","twitter_site":"@AureliusJewelry","schema":{"@context":"https:\/\/schema.org","@graph":[{"@type":"WebPage","@id":"https:\/\/aureliusjewelry.com\/fr\/alliance-en-or-et-platine-avec-incrustation-de-spinelle-noir-ecrase-pour-homme\/","url":"https:\/\/aureliusjewelry.com\/fr\/alliance-en-or-et-platine-avec-incrustation-de-spinelle-noir-ecrase-pour-homme\/","name":"Alliance en or et platine avec incrustation de Spinelle noir \u00e9cras\u00e9 pour homme - Aurelius Jewelry","isPartOf":{"@id":"https:\/\/aureliusjewelry.com\/fr\/#website"},"primaryImageOfPage":{"@id":"https:\/\/aureliusjewelry.com\/fr\/alliance-en-or-et-platine-avec-incrustation-de-spinelle-noir-ecrase-pour-homme\/#primaryimage"},"image":{"@id":"https:\/\/aureliusjewelry.com\/fr\/alliance-en-or-et-platine-avec-incrustation-de-spinelle-noir-ecrase-pour-homme\/#primaryimage"},"thumbnailUrl":"https:\/\/aureliusjewelry.com\/wp-content\/uploads\/wedding-ring-man-black-spinel.jpg","datePublished":"2020-10-16T09:12:45+00:00","dateModified":"2026-03-24T11:16:12+00:00","breadcrumb":{"@id":"https:\/\/aureliusjewelry.com\/fr\/alliance-en-or-et-platine-avec-incrustation-de-spinelle-noir-ecrase-pour-homme\/#breadcrumb"},"inLanguage":"fr-FR","potentialAction":[{"@type":"ReadAction","target":["https:\/\/aureliusjewelry.com\/fr\/alliance-en-or-et-platine-avec-incrustation-de-spinelle-noir-ecrase-pour-homme\/"]}]},{"@type":"ImageObject","inLanguage":"fr-FR","@id":"https:\/\/aureliusjewelry.com\/fr\/alliance-en-or-et-platine-avec-incrustation-de-spinelle-noir-ecrase-pour-homme\/#primaryimage","url":"https:\/\/aureliusjewelry.com\/wp-content\/uploads\/wedding-ring-man-black-spinel.jpg","contentUrl":"https:\/\/aureliusjewelry.com\/wp-content\/uploads\/wedding-ring-man-black-spinel.jpg","width":1920,"height":1440},{"@type":"BreadcrumbList","@id":"https:\/\/aureliusjewelry.com\/fr\/alliance-en-or-et-platine-avec-incrustation-de-spinelle-noir-ecrase-pour-homme\/#breadcrumb","itemListElement":[{"@type":"ListItem","position":1,"name":"Home","item":"https:\/\/aureliusjewelry.com\/fr\/"},{"@type":"ListItem","position":2,"name":"Boutique","item":"https:\/\/aureliusjewelry.com\/fr\/boutique\/"},{"@type":"ListItem","position":3,"name":"Alliance en or et platine avec incrustation de Spinelle noir \u00e9cras\u00e9 pour homme"}]},{"@type":"WebSite","@id":"https:\/\/aureliusjewelry.com\/fr\/#website","url":"https:\/\/aureliusjewelry.com\/fr\/","name":"Aurelius Jewelry","description":"Handmade Fine Gold Jewelry","publisher":{"@id":"https:\/\/aureliusjewelry.com\/fr\/#organization"},"potentialAction":[{"@type":"SearchAction","target":{"@type":"EntryPoint","urlTemplate":"https:\/\/aureliusjewelry.com\/fr\/?s={search_term_string}"},"query-input":{"@type":"PropertyValueSpecification","valueRequired":true,"valueName":"search_term_string"}}],"inLanguage":"fr-FR"},{"@type":"Organization","@id":"https:\/\/aureliusjewelry.com\/fr\/#organization","name":"Aurelius Jewelry","url":"https:\/\/aureliusjewelry.com\/fr\/","logo":{"@type":"ImageObject","inLanguage":"fr-FR","@id":"https:\/\/aureliusjewelry.com\/fr\/#\/schema\/logo\/image\/","url":"https:\/\/aureliusjewelry.com\/wp-content\/uploads\/logo.png","contentUrl":"https:\/\/aureliusjewelry.com\/wp-content\/uploads\/logo.png","width":400,"height":64,"caption":"Aurelius Jewelry"},"image":{"@id":"https:\/\/aureliusjewelry.com\/fr\/#\/schema\/logo\/image\/"},"sameAs":["https:\/\/www.facebook.com\/AureliusJewelry\/","https:\/\/x.com\/AureliusJewelry","https:\/\/instagram.com\/aureliusjewelry","https:\/\/www.pinterest.com\/AureliusJewelry\/"],"email":"info@aureliusjewelry.com","foundingDate":"2018-10-01","vatID":"SI10391070","hasMerchantReturnPolicy":{"@type":"MerchantReturnPolicy","merchantReturnLink":"https:\/\/aureliusjewelry.com\/our-policies\/terms-conditions\/"}}]},"og_availability":"backorder","product_availability":"available for order","product_retailer_item_id":"11797","product_condition":"new"},"_links":{"self":[{"href":"https:\/\/aureliusjewelry.com\/fr\/wp-json\/wp\/v2\/product\/38926","targetHints":{"allow":["GET"]}}],"collection":[{"href":"https:\/\/aureliusjewelry.com\/fr\/wp-json\/wp\/v2\/product"}],"about":[{"href":"https:\/\/aureliusjewelry.com\/fr\/wp-json\/wp\/v2\/types\/product"}],"replies":[{"embeddable":true,"href":"https:\/\/aureliusjewelry.com\/fr\/wp-json\/wp\/v2\/comments?post=38926"}],"wp:featuredmedia":[{"embeddable":true,"href":"https:\/\/aureliusjewelry.com\/fr\/wp-json\/wp\/v2\/media\/32345"}],"wp:attachment":[{"href":"https:\/\/aureliusjewelry.com\/fr\/wp-json\/wp\/v2\/media?parent=38926"}],"wp:term":[{"taxonomy":"product_brand","embeddable":true,"href":"https:\/\/aureliusjewelry.com\/fr\/wp-json\/wp\/v2\/product_brand?post=38926"},{"taxonomy":"product_cat","embeddable":true,"href":"https:\/\/aureliusjewelry.com\/fr\/wp-json\/wp\/v2\/product_cat?post=38926"},{"taxonomy":"product_tag","embeddable":true,"href":"https:\/\/aureliusjewelry.com\/fr\/wp-json\/wp\/v2\/product_tag?post=38926"}],"curies":[{"name":"wp","href":"https:\/\/api.w.org\/{rel}","templated":true}]}}