{"id":37917,"date":"2020-04-22T21:34:23","date_gmt":"2020-04-22T21:34:23","guid":{"rendered":"http:\/\/aureliusjewelry.com\/product\/set-dalliances-geometriques-cerf-volant-marron-sel-et-poivre-avec-diamants\/"},"modified":"2026-04-14T07:22:22","modified_gmt":"2026-04-14T05:22:22","slug":"set-dalliances-geometriques-cerf-volant-marron-sel-et-poivre-avec-diamants","status":"publish","type":"product","link":"https:\/\/aureliusjewelry.com\/fr\/set-dalliances-geometriques-cerf-volant-marron-sel-et-poivre-avec-diamants\/","title":{"rendered":"Set d&rsquo;alliances g\u00e9om\u00e9triques cerf-volant marron Poivre et Sel Diamants"},"content":{"rendered":"<div class=\"wpb-content-wrapper\"><p>[vc_row][vc_column][vc_column_text css=\u00a0\u00bb\u00a0\u00bb]<strong>Pierre principale<\/strong><br \/>\n&#8211; cerf-volant taille rose sel et poivre champagne\/marron diamant<br \/>\n&#8211; environ 9x7mm<\/p>\n<p><strong>Des pierres de c\u00f4t\u00e9<\/strong><br \/>\n&#8211; diamants ronds<br \/>\n&#8211; environ. 1.25mm, 1mm (6)<br \/>\n&#8211; Couleur F\/G, clart\u00e9 VS, sans conflit<\/p>\n<p><strong>Mesures et mat\u00e9riel de la bande<\/strong><br \/>\n&#8211; environ 1.5mm de large, 1.6mm d&rsquo;\u00e9paisseur<br \/>\n&#8211; disponible en or jaune, blanc ou rose 585\/1000 (14k) ou 750\/1000 (18k) et en platine 950\/1000<br \/>\n&#8211; taille de bague US 3-9, tailles plus petites ou plus grandes disponibles sur demande[\/vc_column_text][\/vc_column][\/vc_row]<\/p>\n<\/div>","protected":false},"excerpt":{"rendered":"<p>Une bague en diamant poivre et sel cerf-volant avec un diamant naturel dont les tons varient du champagne au brun, mais aussi dans diff\u00e9rentes nuances de gris et de noir. Il est serti dans un monture \u00e0 griffes et \u00e0 prongs en forme de fl\u00e8che, offrant un confort exceptionnel, et accompagn\u00e9 d\u2019une alliance assortie en forme de V. Chaque diamant est unique et pour en choisir un pour votre bague, veuillez nous contacter!<\/p>\n","protected":false},"featured_media":32145,"comment_status":"open","ping_status":"closed","template":"","meta":[],"product_brand":[],"product_cat":[1073,1476,896,939],"product_tag":[992,960,981,993,989],"class_list":{"0":"post-37917","1":"product","2":"type-product","3":"status-publish","4":"has-post-thumbnail","6":"product_cat-bague-de-mariage-diamant-sel-et-poivre","7":"product_cat-bague-de-mariage-en-deux-parties","8":"product_cat-bagues","9":"product_cat-ensembles-dalliances","10":"product_tag-bagues-tag","11":"product_tag-cerf-volant","12":"product_tag-diamant-sel-et-poivre","13":"product_tag-ensemble-de-bagues","14":"product_tag-temps_de_production_3_5","16":"first","17":"onbackorder","18":"sold-individually","19":"taxable","20":"shipping-taxable","21":"purchasable","22":"product-type-variable"},"yoast_head":"<title>Set d&#039;alliances g\u00e9om\u00e9triques cerf-volant marron Poivre et Sel Diamants - Aurelius Jewelry<\/title>\n<meta name=\"robots\" content=\"index, follow, max-snippet:-1, max-image-preview:large, max-video-preview:-1\" \/>\n<link rel=\"canonical\" href=\"https:\/\/aureliusjewelry.com\/fr\/set-dalliances-geometriques-cerf-volant-marron-sel-et-poivre-avec-diamants\/\" \/>\n<meta property=\"og:locale\" content=\"fr_FR\" \/>\n<meta property=\"og:type\" content=\"article\" \/>\n<meta property=\"og:title\" content=\"Set d&#039;alliances g\u00e9om\u00e9triques cerf-volant marron Poivre et Sel Diamants - Aurelius Jewelry\" \/>\n<meta property=\"og:description\" content=\"%\" \/>\n<meta property=\"og:url\" content=\"https:\/\/aureliusjewelry.com\/fr\/set-dalliances-geometriques-cerf-volant-marron-sel-et-poivre-avec-diamants\/\" \/>\n<meta property=\"og:site_name\" content=\"Aurelius Jewelry\" \/>\n<meta property=\"article:publisher\" content=\"https:\/\/www.facebook.com\/AureliusJewelry\/\" \/>\n<meta property=\"article:modified_time\" content=\"2026-04-14T05:22:22+00:00\" \/>\n<meta property=\"og:image\" content=\"https:\/\/aureliusjewelry.com\/wp-content\/uploads\/kite-champagne-engagement-wedding-ring-set.jpg\" \/>\n\t<meta property=\"og:image:width\" content=\"1920\" \/>\n\t<meta property=\"og:image:height\" content=\"1440\" \/>\n\t<meta property=\"og:image:type\" content=\"image\/jpeg\" \/>\n<meta name=\"twitter:card\" content=\"summary_large_image\" \/>\n<meta name=\"twitter:site\" content=\"@AureliusJewelry\" \/>\n<script type=\"application\/ld+json\" class=\"yoast-schema-graph\">{\"@context\":\"https:\\\/\\\/schema.org\",\"@graph\":[{\"@type\":\"WebPage\",\"@id\":\"https:\\\/\\\/aureliusjewelry.com\\\/fr\\\/set-dalliances-geometriques-cerf-volant-marron-sel-et-poivre-avec-diamants\\\/\",\"url\":\"https:\\\/\\\/aureliusjewelry.com\\\/fr\\\/set-dalliances-geometriques-cerf-volant-marron-sel-et-poivre-avec-diamants\\\/\",\"name\":\"Set d'alliances g\u00e9om\u00e9triques cerf-volant marron Poivre et Sel Diamants - Aurelius Jewelry\",\"isPartOf\":{\"@id\":\"https:\\\/\\\/aureliusjewelry.com\\\/fr\\\/#website\"},\"primaryImageOfPage\":{\"@id\":\"https:\\\/\\\/aureliusjewelry.com\\\/fr\\\/set-dalliances-geometriques-cerf-volant-marron-sel-et-poivre-avec-diamants\\\/#primaryimage\"},\"image\":{\"@id\":\"https:\\\/\\\/aureliusjewelry.com\\\/fr\\\/set-dalliances-geometriques-cerf-volant-marron-sel-et-poivre-avec-diamants\\\/#primaryimage\"},\"thumbnailUrl\":\"https:\\\/\\\/aureliusjewelry.com\\\/wp-content\\\/uploads\\\/kite-champagne-engagement-wedding-ring-set.jpg\",\"datePublished\":\"2020-04-22T21:34:23+00:00\",\"dateModified\":\"2026-04-14T05:22:22+00:00\",\"breadcrumb\":{\"@id\":\"https:\\\/\\\/aureliusjewelry.com\\\/fr\\\/set-dalliances-geometriques-cerf-volant-marron-sel-et-poivre-avec-diamants\\\/#breadcrumb\"},\"inLanguage\":\"fr-FR\",\"potentialAction\":[{\"@type\":\"ReadAction\",\"target\":[\"https:\\\/\\\/aureliusjewelry.com\\\/fr\\\/set-dalliances-geometriques-cerf-volant-marron-sel-et-poivre-avec-diamants\\\/\"]}]},{\"@type\":\"ImageObject\",\"inLanguage\":\"fr-FR\",\"@id\":\"https:\\\/\\\/aureliusjewelry.com\\\/fr\\\/set-dalliances-geometriques-cerf-volant-marron-sel-et-poivre-avec-diamants\\\/#primaryimage\",\"url\":\"https:\\\/\\\/aureliusjewelry.com\\\/wp-content\\\/uploads\\\/kite-champagne-engagement-wedding-ring-set.jpg\",\"contentUrl\":\"https:\\\/\\\/aureliusjewelry.com\\\/wp-content\\\/uploads\\\/kite-champagne-engagement-wedding-ring-set.jpg\",\"width\":1920,\"height\":1440},{\"@type\":\"BreadcrumbList\",\"@id\":\"https:\\\/\\\/aureliusjewelry.com\\\/fr\\\/set-dalliances-geometriques-cerf-volant-marron-sel-et-poivre-avec-diamants\\\/#breadcrumb\",\"itemListElement\":[{\"@type\":\"ListItem\",\"position\":1,\"name\":\"Home\",\"item\":\"https:\\\/\\\/aureliusjewelry.com\\\/fr\\\/\"},{\"@type\":\"ListItem\",\"position\":2,\"name\":\"Boutique\",\"item\":\"https:\\\/\\\/aureliusjewelry.com\\\/fr\\\/boutique\\\/\"},{\"@type\":\"ListItem\",\"position\":3,\"name\":\"Set d&#8217;alliances g\u00e9om\u00e9triques cerf-volant marron Poivre et Sel Diamants\"}]},{\"@type\":\"WebSite\",\"@id\":\"https:\\\/\\\/aureliusjewelry.com\\\/fr\\\/#website\",\"url\":\"https:\\\/\\\/aureliusjewelry.com\\\/fr\\\/\",\"name\":\"Aurelius Jewelry\",\"description\":\"Handmade Fine Gold Jewelry\",\"publisher\":{\"@id\":\"https:\\\/\\\/aureliusjewelry.com\\\/fr\\\/#organization\"},\"potentialAction\":[{\"@type\":\"SearchAction\",\"target\":{\"@type\":\"EntryPoint\",\"urlTemplate\":\"https:\\\/\\\/aureliusjewelry.com\\\/fr\\\/?s={search_term_string}\"},\"query-input\":{\"@type\":\"PropertyValueSpecification\",\"valueRequired\":true,\"valueName\":\"search_term_string\"}}],\"inLanguage\":\"fr-FR\"},{\"@type\":\"Organization\",\"@id\":\"https:\\\/\\\/aureliusjewelry.com\\\/fr\\\/#organization\",\"name\":\"Aurelius Jewelry\",\"url\":\"https:\\\/\\\/aureliusjewelry.com\\\/fr\\\/\",\"logo\":{\"@type\":\"ImageObject\",\"inLanguage\":\"fr-FR\",\"@id\":\"https:\\\/\\\/aureliusjewelry.com\\\/fr\\\/#\\\/schema\\\/logo\\\/image\\\/\",\"url\":\"https:\\\/\\\/aureliusjewelry.com\\\/wp-content\\\/uploads\\\/logo.png\",\"contentUrl\":\"https:\\\/\\\/aureliusjewelry.com\\\/wp-content\\\/uploads\\\/logo.png\",\"width\":400,\"height\":64,\"caption\":\"Aurelius Jewelry\"},\"image\":{\"@id\":\"https:\\\/\\\/aureliusjewelry.com\\\/fr\\\/#\\\/schema\\\/logo\\\/image\\\/\"},\"sameAs\":[\"https:\\\/\\\/www.facebook.com\\\/AureliusJewelry\\\/\",\"https:\\\/\\\/x.com\\\/AureliusJewelry\",\"https:\\\/\\\/instagram.com\\\/aureliusjewelry\",\"https:\\\/\\\/www.pinterest.com\\\/AureliusJewelry\\\/\"],\"email\":\"info@aureliusjewelry.com\",\"foundingDate\":\"2018-10-01\",\"vatID\":\"SI10391070\",\"hasMerchantReturnPolicy\":{\"@type\":\"MerchantReturnPolicy\",\"merchantReturnLink\":\"https:\\\/\\\/aureliusjewelry.com\\\/our-policies\\\/terms-conditions\\\/\"}}]}<\/script>\n<meta property=\"og:availability\" content=\"backorder\" \/>\n<meta property=\"product:availability\" content=\"available for order\" \/>\n<meta property=\"product:retailer_item_id\" content=\"9987\" \/>\n<meta property=\"product:condition\" content=\"new\" \/>","yoast_head_json":{"title":"Set d'alliances g\u00e9om\u00e9triques cerf-volant marron Poivre et Sel Diamants - Aurelius Jewelry","robots":{"index":"index","follow":"follow","max-snippet":"max-snippet:-1","max-image-preview":"max-image-preview:large","max-video-preview":"max-video-preview:-1"},"canonical":"https:\/\/aureliusjewelry.com\/fr\/set-dalliances-geometriques-cerf-volant-marron-sel-et-poivre-avec-diamants\/","og_locale":"fr_FR","og_type":"article","og_title":"Set d'alliances g\u00e9om\u00e9triques cerf-volant marron Poivre et Sel Diamants - Aurelius Jewelry","og_description":"%","og_url":"https:\/\/aureliusjewelry.com\/fr\/set-dalliances-geometriques-cerf-volant-marron-sel-et-poivre-avec-diamants\/","og_site_name":"Aurelius Jewelry","article_publisher":"https:\/\/www.facebook.com\/AureliusJewelry\/","article_modified_time":"2026-04-14T05:22:22+00:00","og_image":[{"width":1920,"height":1440,"url":"https:\/\/aureliusjewelry.com\/wp-content\/uploads\/kite-champagne-engagement-wedding-ring-set.jpg","type":"image\/jpeg"}],"twitter_card":"summary_large_image","twitter_site":"@AureliusJewelry","schema":{"@context":"https:\/\/schema.org","@graph":[{"@type":"WebPage","@id":"https:\/\/aureliusjewelry.com\/fr\/set-dalliances-geometriques-cerf-volant-marron-sel-et-poivre-avec-diamants\/","url":"https:\/\/aureliusjewelry.com\/fr\/set-dalliances-geometriques-cerf-volant-marron-sel-et-poivre-avec-diamants\/","name":"Set d'alliances g\u00e9om\u00e9triques cerf-volant marron Poivre et Sel Diamants - Aurelius Jewelry","isPartOf":{"@id":"https:\/\/aureliusjewelry.com\/fr\/#website"},"primaryImageOfPage":{"@id":"https:\/\/aureliusjewelry.com\/fr\/set-dalliances-geometriques-cerf-volant-marron-sel-et-poivre-avec-diamants\/#primaryimage"},"image":{"@id":"https:\/\/aureliusjewelry.com\/fr\/set-dalliances-geometriques-cerf-volant-marron-sel-et-poivre-avec-diamants\/#primaryimage"},"thumbnailUrl":"https:\/\/aureliusjewelry.com\/wp-content\/uploads\/kite-champagne-engagement-wedding-ring-set.jpg","datePublished":"2020-04-22T21:34:23+00:00","dateModified":"2026-04-14T05:22:22+00:00","breadcrumb":{"@id":"https:\/\/aureliusjewelry.com\/fr\/set-dalliances-geometriques-cerf-volant-marron-sel-et-poivre-avec-diamants\/#breadcrumb"},"inLanguage":"fr-FR","potentialAction":[{"@type":"ReadAction","target":["https:\/\/aureliusjewelry.com\/fr\/set-dalliances-geometriques-cerf-volant-marron-sel-et-poivre-avec-diamants\/"]}]},{"@type":"ImageObject","inLanguage":"fr-FR","@id":"https:\/\/aureliusjewelry.com\/fr\/set-dalliances-geometriques-cerf-volant-marron-sel-et-poivre-avec-diamants\/#primaryimage","url":"https:\/\/aureliusjewelry.com\/wp-content\/uploads\/kite-champagne-engagement-wedding-ring-set.jpg","contentUrl":"https:\/\/aureliusjewelry.com\/wp-content\/uploads\/kite-champagne-engagement-wedding-ring-set.jpg","width":1920,"height":1440},{"@type":"BreadcrumbList","@id":"https:\/\/aureliusjewelry.com\/fr\/set-dalliances-geometriques-cerf-volant-marron-sel-et-poivre-avec-diamants\/#breadcrumb","itemListElement":[{"@type":"ListItem","position":1,"name":"Home","item":"https:\/\/aureliusjewelry.com\/fr\/"},{"@type":"ListItem","position":2,"name":"Boutique","item":"https:\/\/aureliusjewelry.com\/fr\/boutique\/"},{"@type":"ListItem","position":3,"name":"Set d&#8217;alliances g\u00e9om\u00e9triques cerf-volant marron Poivre et Sel Diamants"}]},{"@type":"WebSite","@id":"https:\/\/aureliusjewelry.com\/fr\/#website","url":"https:\/\/aureliusjewelry.com\/fr\/","name":"Aurelius Jewelry","description":"Handmade Fine Gold Jewelry","publisher":{"@id":"https:\/\/aureliusjewelry.com\/fr\/#organization"},"potentialAction":[{"@type":"SearchAction","target":{"@type":"EntryPoint","urlTemplate":"https:\/\/aureliusjewelry.com\/fr\/?s={search_term_string}"},"query-input":{"@type":"PropertyValueSpecification","valueRequired":true,"valueName":"search_term_string"}}],"inLanguage":"fr-FR"},{"@type":"Organization","@id":"https:\/\/aureliusjewelry.com\/fr\/#organization","name":"Aurelius Jewelry","url":"https:\/\/aureliusjewelry.com\/fr\/","logo":{"@type":"ImageObject","inLanguage":"fr-FR","@id":"https:\/\/aureliusjewelry.com\/fr\/#\/schema\/logo\/image\/","url":"https:\/\/aureliusjewelry.com\/wp-content\/uploads\/logo.png","contentUrl":"https:\/\/aureliusjewelry.com\/wp-content\/uploads\/logo.png","width":400,"height":64,"caption":"Aurelius Jewelry"},"image":{"@id":"https:\/\/aureliusjewelry.com\/fr\/#\/schema\/logo\/image\/"},"sameAs":["https:\/\/www.facebook.com\/AureliusJewelry\/","https:\/\/x.com\/AureliusJewelry","https:\/\/instagram.com\/aureliusjewelry","https:\/\/www.pinterest.com\/AureliusJewelry\/"],"email":"info@aureliusjewelry.com","foundingDate":"2018-10-01","vatID":"SI10391070","hasMerchantReturnPolicy":{"@type":"MerchantReturnPolicy","merchantReturnLink":"https:\/\/aureliusjewelry.com\/our-policies\/terms-conditions\/"}}]},"og_availability":"backorder","product_availability":"available for order","product_retailer_item_id":"9987","product_condition":"new"},"_links":{"self":[{"href":"https:\/\/aureliusjewelry.com\/fr\/wp-json\/wp\/v2\/product\/37917","targetHints":{"allow":["GET"]}}],"collection":[{"href":"https:\/\/aureliusjewelry.com\/fr\/wp-json\/wp\/v2\/product"}],"about":[{"href":"https:\/\/aureliusjewelry.com\/fr\/wp-json\/wp\/v2\/types\/product"}],"replies":[{"embeddable":true,"href":"https:\/\/aureliusjewelry.com\/fr\/wp-json\/wp\/v2\/comments?post=37917"}],"wp:featuredmedia":[{"embeddable":true,"href":"https:\/\/aureliusjewelry.com\/fr\/wp-json\/wp\/v2\/media\/32145"}],"wp:attachment":[{"href":"https:\/\/aureliusjewelry.com\/fr\/wp-json\/wp\/v2\/media?parent=37917"}],"wp:term":[{"taxonomy":"product_brand","embeddable":true,"href":"https:\/\/aureliusjewelry.com\/fr\/wp-json\/wp\/v2\/product_brand?post=37917"},{"taxonomy":"product_cat","embeddable":true,"href":"https:\/\/aureliusjewelry.com\/fr\/wp-json\/wp\/v2\/product_cat?post=37917"},{"taxonomy":"product_tag","embeddable":true,"href":"https:\/\/aureliusjewelry.com\/fr\/wp-json\/wp\/v2\/product_tag?post=37917"}],"curies":[{"name":"wp","href":"https:\/\/api.w.org\/{rel}","templated":true}]}}