{"id":50549,"date":"2023-12-03T02:35:25","date_gmt":"2023-12-03T00:35:25","guid":{"rendered":"http:\/\/aureliusjewelry.com\/product\/pendientes-con-forma-de-rombo-de-cuarzo-rutilado\/"},"modified":"2026-03-19T18:19:56","modified_gmt":"2026-03-19T16:19:56","slug":"pendientes-con-forma-de-rombo-de-cuarzo-rutilado","status":"publish","type":"product","link":"https:\/\/aureliusjewelry.com\/es\/pendientes-con-forma-de-rombo-de-cuarzo-rutilado\/","title":{"rendered":"Pendientes con forma de rombo de Cuarzo Rutilado"},"content":{"rendered":"<p><strong>Piedras<\/strong><\/p>\n<ul>\n<li>lozenge kite rutilated quartz<\/li>\n<li>aprox. 10x7mm (2)<\/li>\n<\/ul>\n<p><strong>Medidas y material de los pendientes<\/strong><\/p>\n<ul>\n<li>aprox. 10mm<\/li>\n<li>disponible en oro amarillo, blanco o rosa de 14k<\/li>\n<\/ul>\n","protected":false},"excerpt":{"rendered":"<p>Este exquisito par de aretes de cuarzo rutilado en forma de rombo presenta dos piedras preciosas de cuarzo de talla \u00fanica con hermosos hilos de rutilo negro natural que las atraviesan. Las puntas asim\u00e9tricas a\u00f1aden un toque de juguetona imprevisibilidad y los c\u00e1lidos tonos dorados crean un contraste con el cuarzo rutilado negro y semitransparente. Un dise\u00f1o elegante y contempor\u00e1neo para quienes tienen mejor sentido del estilo.<\/p>\n","protected":false},"featured_media":45739,"comment_status":"open","ping_status":"closed","template":"","meta":[],"product_brand":[],"product_cat":[528,531,1103],"product_tag":[1261,1201,736],"class_list":{"0":"post-50549","1":"product","2":"type-product","3":"status-publish","4":"has-post-thumbnail","6":"product_cat-joyeria-fina","7":"product_cat-pendientes","8":"product_cat-pendientes-de-cuarzo-rutilado","9":"product_tag-cuarzo-rutilado","10":"product_tag-pastilla","11":"product_tag-production_time_3_5-es","13":"first","14":"onbackorder","15":"sold-individually","16":"taxable","17":"shipping-taxable","18":"purchasable","19":"product-type-variable"},"yoast_head":"<title>Pendientes con forma de rombo de Cuarzo Rutilado - Aurelius Jewelry<\/title>\n<meta name=\"robots\" content=\"index, follow, max-snippet:-1, max-image-preview:large, max-video-preview:-1\" \/>\n<link rel=\"canonical\" href=\"https:\/\/aureliusjewelry.com\/es\/pendientes-con-forma-de-rombo-de-cuarzo-rutilado\/\" \/>\n<meta property=\"og:locale\" content=\"es_ES\" \/>\n<meta property=\"og:type\" content=\"article\" \/>\n<meta property=\"og:title\" content=\"Pendientes con forma de rombo de Cuarzo Rutilado - Aurelius Jewelry\" \/>\n<meta property=\"og:description\" content=\"%\" \/>\n<meta property=\"og:url\" content=\"https:\/\/aureliusjewelry.com\/es\/pendientes-con-forma-de-rombo-de-cuarzo-rutilado\/\" \/>\n<meta property=\"og:site_name\" content=\"Aurelius Jewelry\" \/>\n<meta property=\"article:publisher\" content=\"https:\/\/www.facebook.com\/AureliusJewelry\/\" \/>\n<meta property=\"article:modified_time\" content=\"2026-03-19T16:19:56+00:00\" \/>\n<meta property=\"og:image\" content=\"https:\/\/aureliusjewelry.com\/wp-content\/uploads\/lozenge-rutilated-quartz-stud-earrings.jpg\" \/>\n\t<meta property=\"og:image:width\" content=\"1920\" \/>\n\t<meta property=\"og:image:height\" content=\"1440\" \/>\n\t<meta property=\"og:image:type\" content=\"image\/jpeg\" \/>\n<meta name=\"twitter:card\" content=\"summary_large_image\" \/>\n<meta name=\"twitter:site\" content=\"@AureliusJewelry\" \/>\n<script type=\"application\/ld+json\" class=\"yoast-schema-graph\">{\"@context\":\"https:\\\/\\\/schema.org\",\"@graph\":[{\"@type\":\"WebPage\",\"@id\":\"https:\\\/\\\/aureliusjewelry.com\\\/es\\\/pendientes-con-forma-de-rombo-de-cuarzo-rutilado\\\/\",\"url\":\"https:\\\/\\\/aureliusjewelry.com\\\/es\\\/pendientes-con-forma-de-rombo-de-cuarzo-rutilado\\\/\",\"name\":\"Pendientes con forma de rombo de Cuarzo Rutilado - Aurelius Jewelry\",\"isPartOf\":{\"@id\":\"https:\\\/\\\/aureliusjewelry.com\\\/es\\\/#website\"},\"primaryImageOfPage\":{\"@id\":\"https:\\\/\\\/aureliusjewelry.com\\\/es\\\/pendientes-con-forma-de-rombo-de-cuarzo-rutilado\\\/#primaryimage\"},\"image\":{\"@id\":\"https:\\\/\\\/aureliusjewelry.com\\\/es\\\/pendientes-con-forma-de-rombo-de-cuarzo-rutilado\\\/#primaryimage\"},\"thumbnailUrl\":\"https:\\\/\\\/aureliusjewelry.com\\\/wp-content\\\/uploads\\\/lozenge-rutilated-quartz-stud-earrings.jpg\",\"datePublished\":\"2023-12-03T00:35:25+00:00\",\"dateModified\":\"2026-03-19T16:19:56+00:00\",\"breadcrumb\":{\"@id\":\"https:\\\/\\\/aureliusjewelry.com\\\/es\\\/pendientes-con-forma-de-rombo-de-cuarzo-rutilado\\\/#breadcrumb\"},\"inLanguage\":\"es\",\"potentialAction\":[{\"@type\":\"ReadAction\",\"target\":[\"https:\\\/\\\/aureliusjewelry.com\\\/es\\\/pendientes-con-forma-de-rombo-de-cuarzo-rutilado\\\/\"]}]},{\"@type\":\"ImageObject\",\"inLanguage\":\"es\",\"@id\":\"https:\\\/\\\/aureliusjewelry.com\\\/es\\\/pendientes-con-forma-de-rombo-de-cuarzo-rutilado\\\/#primaryimage\",\"url\":\"https:\\\/\\\/aureliusjewelry.com\\\/wp-content\\\/uploads\\\/lozenge-rutilated-quartz-stud-earrings.jpg\",\"contentUrl\":\"https:\\\/\\\/aureliusjewelry.com\\\/wp-content\\\/uploads\\\/lozenge-rutilated-quartz-stud-earrings.jpg\",\"width\":1920,\"height\":1440},{\"@type\":\"BreadcrumbList\",\"@id\":\"https:\\\/\\\/aureliusjewelry.com\\\/es\\\/pendientes-con-forma-de-rombo-de-cuarzo-rutilado\\\/#breadcrumb\",\"itemListElement\":[{\"@type\":\"ListItem\",\"position\":1,\"name\":\"Home\",\"item\":\"https:\\\/\\\/aureliusjewelry.com\\\/es\\\/\"},{\"@type\":\"ListItem\",\"position\":2,\"name\":\"Shop\",\"item\":\"https:\\\/\\\/aureliusjewelry.com\\\/shop\\\/\"},{\"@type\":\"ListItem\",\"position\":3,\"name\":\"Pendientes con forma de rombo de Cuarzo Rutilado\"}]},{\"@type\":\"WebSite\",\"@id\":\"https:\\\/\\\/aureliusjewelry.com\\\/es\\\/#website\",\"url\":\"https:\\\/\\\/aureliusjewelry.com\\\/es\\\/\",\"name\":\"Aurelius Jewelry\",\"description\":\"Handmade Fine Gold Jewelry\",\"publisher\":{\"@id\":\"https:\\\/\\\/aureliusjewelry.com\\\/es\\\/#organization\"},\"potentialAction\":[{\"@type\":\"SearchAction\",\"target\":{\"@type\":\"EntryPoint\",\"urlTemplate\":\"https:\\\/\\\/aureliusjewelry.com\\\/es\\\/?s={search_term_string}\"},\"query-input\":{\"@type\":\"PropertyValueSpecification\",\"valueRequired\":true,\"valueName\":\"search_term_string\"}}],\"inLanguage\":\"es\"},{\"@type\":\"Organization\",\"@id\":\"https:\\\/\\\/aureliusjewelry.com\\\/es\\\/#organization\",\"name\":\"Aurelius Jewelry\",\"url\":\"https:\\\/\\\/aureliusjewelry.com\\\/es\\\/\",\"logo\":{\"@type\":\"ImageObject\",\"inLanguage\":\"es\",\"@id\":\"https:\\\/\\\/aureliusjewelry.com\\\/es\\\/#\\\/schema\\\/logo\\\/image\\\/\",\"url\":\"https:\\\/\\\/aureliusjewelry.com\\\/wp-content\\\/uploads\\\/logo.png\",\"contentUrl\":\"https:\\\/\\\/aureliusjewelry.com\\\/wp-content\\\/uploads\\\/logo.png\",\"width\":400,\"height\":64,\"caption\":\"Aurelius Jewelry\"},\"image\":{\"@id\":\"https:\\\/\\\/aureliusjewelry.com\\\/es\\\/#\\\/schema\\\/logo\\\/image\\\/\"},\"sameAs\":[\"https:\\\/\\\/www.facebook.com\\\/AureliusJewelry\\\/\",\"https:\\\/\\\/x.com\\\/AureliusJewelry\",\"https:\\\/\\\/instagram.com\\\/aureliusjewelry\",\"https:\\\/\\\/www.pinterest.com\\\/AureliusJewelry\\\/\"],\"email\":\"info@aureliusjewelry.com\",\"foundingDate\":\"2018-10-01\",\"vatID\":\"SI10391070\",\"hasMerchantReturnPolicy\":{\"@type\":\"MerchantReturnPolicy\",\"merchantReturnLink\":\"https:\\\/\\\/aureliusjewelry.com\\\/our-policies\\\/terms-conditions\\\/\"}}]}<\/script>\n<meta property=\"og:availability\" content=\"backorder\" \/>\n<meta property=\"product:availability\" content=\"available for order\" \/>\n<meta property=\"product:retailer_item_id\" content=\"45732\" \/>\n<meta property=\"product:condition\" content=\"new\" \/>","yoast_head_json":{"title":"Pendientes con forma de rombo de Cuarzo Rutilado - Aurelius Jewelry","robots":{"index":"index","follow":"follow","max-snippet":"max-snippet:-1","max-image-preview":"max-image-preview:large","max-video-preview":"max-video-preview:-1"},"canonical":"https:\/\/aureliusjewelry.com\/es\/pendientes-con-forma-de-rombo-de-cuarzo-rutilado\/","og_locale":"es_ES","og_type":"article","og_title":"Pendientes con forma de rombo de Cuarzo Rutilado - Aurelius Jewelry","og_description":"%","og_url":"https:\/\/aureliusjewelry.com\/es\/pendientes-con-forma-de-rombo-de-cuarzo-rutilado\/","og_site_name":"Aurelius Jewelry","article_publisher":"https:\/\/www.facebook.com\/AureliusJewelry\/","article_modified_time":"2026-03-19T16:19:56+00:00","og_image":[{"width":1920,"height":1440,"url":"https:\/\/aureliusjewelry.com\/wp-content\/uploads\/lozenge-rutilated-quartz-stud-earrings.jpg","type":"image\/jpeg"}],"twitter_card":"summary_large_image","twitter_site":"@AureliusJewelry","schema":{"@context":"https:\/\/schema.org","@graph":[{"@type":"WebPage","@id":"https:\/\/aureliusjewelry.com\/es\/pendientes-con-forma-de-rombo-de-cuarzo-rutilado\/","url":"https:\/\/aureliusjewelry.com\/es\/pendientes-con-forma-de-rombo-de-cuarzo-rutilado\/","name":"Pendientes con forma de rombo de Cuarzo Rutilado - Aurelius Jewelry","isPartOf":{"@id":"https:\/\/aureliusjewelry.com\/es\/#website"},"primaryImageOfPage":{"@id":"https:\/\/aureliusjewelry.com\/es\/pendientes-con-forma-de-rombo-de-cuarzo-rutilado\/#primaryimage"},"image":{"@id":"https:\/\/aureliusjewelry.com\/es\/pendientes-con-forma-de-rombo-de-cuarzo-rutilado\/#primaryimage"},"thumbnailUrl":"https:\/\/aureliusjewelry.com\/wp-content\/uploads\/lozenge-rutilated-quartz-stud-earrings.jpg","datePublished":"2023-12-03T00:35:25+00:00","dateModified":"2026-03-19T16:19:56+00:00","breadcrumb":{"@id":"https:\/\/aureliusjewelry.com\/es\/pendientes-con-forma-de-rombo-de-cuarzo-rutilado\/#breadcrumb"},"inLanguage":"es","potentialAction":[{"@type":"ReadAction","target":["https:\/\/aureliusjewelry.com\/es\/pendientes-con-forma-de-rombo-de-cuarzo-rutilado\/"]}]},{"@type":"ImageObject","inLanguage":"es","@id":"https:\/\/aureliusjewelry.com\/es\/pendientes-con-forma-de-rombo-de-cuarzo-rutilado\/#primaryimage","url":"https:\/\/aureliusjewelry.com\/wp-content\/uploads\/lozenge-rutilated-quartz-stud-earrings.jpg","contentUrl":"https:\/\/aureliusjewelry.com\/wp-content\/uploads\/lozenge-rutilated-quartz-stud-earrings.jpg","width":1920,"height":1440},{"@type":"BreadcrumbList","@id":"https:\/\/aureliusjewelry.com\/es\/pendientes-con-forma-de-rombo-de-cuarzo-rutilado\/#breadcrumb","itemListElement":[{"@type":"ListItem","position":1,"name":"Home","item":"https:\/\/aureliusjewelry.com\/es\/"},{"@type":"ListItem","position":2,"name":"Shop","item":"https:\/\/aureliusjewelry.com\/shop\/"},{"@type":"ListItem","position":3,"name":"Pendientes con forma de rombo de Cuarzo Rutilado"}]},{"@type":"WebSite","@id":"https:\/\/aureliusjewelry.com\/es\/#website","url":"https:\/\/aureliusjewelry.com\/es\/","name":"Aurelius Jewelry","description":"Handmade Fine Gold Jewelry","publisher":{"@id":"https:\/\/aureliusjewelry.com\/es\/#organization"},"potentialAction":[{"@type":"SearchAction","target":{"@type":"EntryPoint","urlTemplate":"https:\/\/aureliusjewelry.com\/es\/?s={search_term_string}"},"query-input":{"@type":"PropertyValueSpecification","valueRequired":true,"valueName":"search_term_string"}}],"inLanguage":"es"},{"@type":"Organization","@id":"https:\/\/aureliusjewelry.com\/es\/#organization","name":"Aurelius Jewelry","url":"https:\/\/aureliusjewelry.com\/es\/","logo":{"@type":"ImageObject","inLanguage":"es","@id":"https:\/\/aureliusjewelry.com\/es\/#\/schema\/logo\/image\/","url":"https:\/\/aureliusjewelry.com\/wp-content\/uploads\/logo.png","contentUrl":"https:\/\/aureliusjewelry.com\/wp-content\/uploads\/logo.png","width":400,"height":64,"caption":"Aurelius Jewelry"},"image":{"@id":"https:\/\/aureliusjewelry.com\/es\/#\/schema\/logo\/image\/"},"sameAs":["https:\/\/www.facebook.com\/AureliusJewelry\/","https:\/\/x.com\/AureliusJewelry","https:\/\/instagram.com\/aureliusjewelry","https:\/\/www.pinterest.com\/AureliusJewelry\/"],"email":"info@aureliusjewelry.com","foundingDate":"2018-10-01","vatID":"SI10391070","hasMerchantReturnPolicy":{"@type":"MerchantReturnPolicy","merchantReturnLink":"https:\/\/aureliusjewelry.com\/our-policies\/terms-conditions\/"}}]},"og_availability":"backorder","product_availability":"available for order","product_retailer_item_id":"45732","product_condition":"new"},"_links":{"self":[{"href":"https:\/\/aureliusjewelry.com\/es\/wp-json\/wp\/v2\/product\/50549","targetHints":{"allow":["GET"]}}],"collection":[{"href":"https:\/\/aureliusjewelry.com\/es\/wp-json\/wp\/v2\/product"}],"about":[{"href":"https:\/\/aureliusjewelry.com\/es\/wp-json\/wp\/v2\/types\/product"}],"replies":[{"embeddable":true,"href":"https:\/\/aureliusjewelry.com\/es\/wp-json\/wp\/v2\/comments?post=50549"}],"wp:featuredmedia":[{"embeddable":true,"href":"https:\/\/aureliusjewelry.com\/es\/wp-json\/wp\/v2\/media\/45739"}],"wp:attachment":[{"href":"https:\/\/aureliusjewelry.com\/es\/wp-json\/wp\/v2\/media?parent=50549"}],"wp:term":[{"taxonomy":"product_brand","embeddable":true,"href":"https:\/\/aureliusjewelry.com\/es\/wp-json\/wp\/v2\/product_brand?post=50549"},{"taxonomy":"product_cat","embeddable":true,"href":"https:\/\/aureliusjewelry.com\/es\/wp-json\/wp\/v2\/product_cat?post=50549"},{"taxonomy":"product_tag","embeddable":true,"href":"https:\/\/aureliusjewelry.com\/es\/wp-json\/wp\/v2\/product_tag?post=50549"}],"curies":[{"name":"wp","href":"https:\/\/api.w.org\/{rel}","templated":true}]}}