{"id":49825,"date":"2023-10-17T08:21:18","date_gmt":"2023-10-17T06:21:18","guid":{"rendered":"http:\/\/aureliusjewelry.com\/product\/anillo-de-compromiso-con-agata-musgosa-de-talla-esmeralda-y-diamantes-princesa\/"},"modified":"2026-04-14T07:20:20","modified_gmt":"2026-04-14T05:20:20","slug":"anillo-de-compromiso-con-agata-musgosa-de-talla-esmeralda-y-diamantes-princesa","status":"publish","type":"product","link":"https:\/\/aureliusjewelry.com\/es\/anillo-de-compromiso-con-agata-musgosa-de-talla-esmeralda-y-diamantes-princesa\/","title":{"rendered":"Anillo de compromiso con \u00e1gata musgosa de talla esmeralda y diamantes princesa"},"content":{"rendered":"<p><strong>Piedras<\/strong><\/p>\n<ul>\n<li>\u00e1gata musgosa talla esmeralda<\/li>\n<li>aprox. 8x6mm<\/li>\n<li>diamantes talla princesa<\/li>\n<li>aprox. 2x2mm (2),1.5&#215;1.5mm (4)<\/li>\n<li>Color F\/G, claridad VS, libre de conflictos<\/li>\n<\/ul>\n<p><strong>Medidas y material de la banda<\/strong><\/p>\n<ul>\n<li>1.5mm ancho, 1.6mm grueso<\/li>\n<li>disponible en oro amarillo, blanco o rosa de 585\/1000 (14k) o 750\/1000 (18k) y platino 950\/1000<\/li>\n<li>Tama\u00f1o de anillo de EE. UU. 3-9, tama\u00f1os m\u00e1s peque\u00f1os o m\u00e1s grandes disponibles seg\u00fan solicitud<\/li>\n<\/ul>\n","protected":false},"excerpt":{"rendered":"<p>Para este dise\u00f1o, combinamos las formas Art D\u00e9co con nuestra piedra preciosa verde terrosa favorita. El anillo de compromiso de diamantes princesa y \u00e1gata musgo de talla esmeralda es la elecci\u00f3n perfecta para una novia alternativa que quiere algo m\u00e1s que un simple solitario. Elige la piedra principal para hacer a\u00fan m\u00e1s especial el s\u00edmbolo de tu amor.<\/p>\n","protected":false},"featured_media":40850,"comment_status":"open","ping_status":"closed","template":"","meta":[],"product_brand":[],"product_cat":[1552,535,489,504,1588,472,474],"product_tag":[1221,1248,736,735,1179],"class_list":{"0":"post-49825","1":"product","2":"type-product","3":"status-publish","4":"has-post-thumbnail","6":"product_cat-anillo-de-compromiso-de-talla-esmeralda","7":"product_cat-anillos","8":"product_cat-anillos-de-compromiso","9":"product_cat-anillos-de-compromiso-de-agata-musgosa","10":"product_cat-anillos-de-compromiso-unicos","11":"product_cat-contemporaneo","12":"product_cat-singularidad","13":"product_tag-agata-de-musgo","14":"product_tag-anillo","15":"product_tag-production_time_3_5-es","16":"product_tag-rings-es-tag","17":"product_tag-talla-esmeralda","19":"first","20":"onbackorder","21":"sold-individually","22":"taxable","23":"shipping-taxable","24":"purchasable","25":"product-type-variable"},"yoast_head":"<title>Anillo de compromiso con \u00e1gata musgosa de talla esmeralda y diamantes princesa - Aurelius Jewelry<\/title>\n<meta name=\"robots\" content=\"index, follow, max-snippet:-1, max-image-preview:large, max-video-preview:-1\" \/>\n<link rel=\"canonical\" href=\"https:\/\/aureliusjewelry.com\/es\/anillo-de-compromiso-con-agata-musgosa-de-talla-esmeralda-y-diamantes-princesa\/\" \/>\n<meta property=\"og:locale\" content=\"es_ES\" \/>\n<meta property=\"og:type\" content=\"article\" \/>\n<meta property=\"og:title\" content=\"Anillo de compromiso con \u00e1gata musgosa de talla esmeralda y diamantes princesa - Aurelius Jewelry\" \/>\n<meta property=\"og:description\" content=\"%\" \/>\n<meta property=\"og:url\" content=\"https:\/\/aureliusjewelry.com\/es\/anillo-de-compromiso-con-agata-musgosa-de-talla-esmeralda-y-diamantes-princesa\/\" \/>\n<meta property=\"og:site_name\" content=\"Aurelius Jewelry\" \/>\n<meta property=\"article:publisher\" content=\"https:\/\/www.facebook.com\/AureliusJewelry\/\" \/>\n<meta property=\"article:modified_time\" content=\"2026-04-14T05:20:20+00:00\" \/>\n<meta property=\"og:image\" content=\"https:\/\/aureliusjewelry.com\/wp-content\/uploads\/emerald-cut-moss-agate-princess-diamond-ring.jpg\" \/>\n\t<meta property=\"og:image:width\" content=\"1920\" \/>\n\t<meta property=\"og:image:height\" content=\"1440\" \/>\n\t<meta property=\"og:image:type\" content=\"image\/jpeg\" \/>\n<meta name=\"twitter:card\" content=\"summary_large_image\" \/>\n<meta name=\"twitter:site\" content=\"@AureliusJewelry\" \/>\n<script type=\"application\/ld+json\" class=\"yoast-schema-graph\">{\"@context\":\"https:\\\/\\\/schema.org\",\"@graph\":[{\"@type\":\"WebPage\",\"@id\":\"https:\\\/\\\/aureliusjewelry.com\\\/es\\\/anillo-de-compromiso-con-agata-musgosa-de-talla-esmeralda-y-diamantes-princesa\\\/\",\"url\":\"https:\\\/\\\/aureliusjewelry.com\\\/es\\\/anillo-de-compromiso-con-agata-musgosa-de-talla-esmeralda-y-diamantes-princesa\\\/\",\"name\":\"Anillo de compromiso con \u00e1gata musgosa de talla esmeralda y diamantes princesa - Aurelius Jewelry\",\"isPartOf\":{\"@id\":\"https:\\\/\\\/aureliusjewelry.com\\\/es\\\/#website\"},\"primaryImageOfPage\":{\"@id\":\"https:\\\/\\\/aureliusjewelry.com\\\/es\\\/anillo-de-compromiso-con-agata-musgosa-de-talla-esmeralda-y-diamantes-princesa\\\/#primaryimage\"},\"image\":{\"@id\":\"https:\\\/\\\/aureliusjewelry.com\\\/es\\\/anillo-de-compromiso-con-agata-musgosa-de-talla-esmeralda-y-diamantes-princesa\\\/#primaryimage\"},\"thumbnailUrl\":\"https:\\\/\\\/aureliusjewelry.com\\\/wp-content\\\/uploads\\\/emerald-cut-moss-agate-princess-diamond-ring.jpg\",\"datePublished\":\"2023-10-17T06:21:18+00:00\",\"dateModified\":\"2026-04-14T05:20:20+00:00\",\"breadcrumb\":{\"@id\":\"https:\\\/\\\/aureliusjewelry.com\\\/es\\\/anillo-de-compromiso-con-agata-musgosa-de-talla-esmeralda-y-diamantes-princesa\\\/#breadcrumb\"},\"inLanguage\":\"es\",\"potentialAction\":[{\"@type\":\"ReadAction\",\"target\":[\"https:\\\/\\\/aureliusjewelry.com\\\/es\\\/anillo-de-compromiso-con-agata-musgosa-de-talla-esmeralda-y-diamantes-princesa\\\/\"]}]},{\"@type\":\"ImageObject\",\"inLanguage\":\"es\",\"@id\":\"https:\\\/\\\/aureliusjewelry.com\\\/es\\\/anillo-de-compromiso-con-agata-musgosa-de-talla-esmeralda-y-diamantes-princesa\\\/#primaryimage\",\"url\":\"https:\\\/\\\/aureliusjewelry.com\\\/wp-content\\\/uploads\\\/emerald-cut-moss-agate-princess-diamond-ring.jpg\",\"contentUrl\":\"https:\\\/\\\/aureliusjewelry.com\\\/wp-content\\\/uploads\\\/emerald-cut-moss-agate-princess-diamond-ring.jpg\",\"width\":1920,\"height\":1440},{\"@type\":\"BreadcrumbList\",\"@id\":\"https:\\\/\\\/aureliusjewelry.com\\\/es\\\/anillo-de-compromiso-con-agata-musgosa-de-talla-esmeralda-y-diamantes-princesa\\\/#breadcrumb\",\"itemListElement\":[{\"@type\":\"ListItem\",\"position\":1,\"name\":\"Home\",\"item\":\"https:\\\/\\\/aureliusjewelry.com\\\/es\\\/\"},{\"@type\":\"ListItem\",\"position\":2,\"name\":\"Shop\",\"item\":\"https:\\\/\\\/aureliusjewelry.com\\\/shop\\\/\"},{\"@type\":\"ListItem\",\"position\":3,\"name\":\"Anillo de compromiso con \u00e1gata musgosa de talla esmeralda y diamantes princesa\"}]},{\"@type\":\"WebSite\",\"@id\":\"https:\\\/\\\/aureliusjewelry.com\\\/es\\\/#website\",\"url\":\"https:\\\/\\\/aureliusjewelry.com\\\/es\\\/\",\"name\":\"Aurelius Jewelry\",\"description\":\"Handmade Fine Gold Jewelry\",\"publisher\":{\"@id\":\"https:\\\/\\\/aureliusjewelry.com\\\/es\\\/#organization\"},\"potentialAction\":[{\"@type\":\"SearchAction\",\"target\":{\"@type\":\"EntryPoint\",\"urlTemplate\":\"https:\\\/\\\/aureliusjewelry.com\\\/es\\\/?s={search_term_string}\"},\"query-input\":{\"@type\":\"PropertyValueSpecification\",\"valueRequired\":true,\"valueName\":\"search_term_string\"}}],\"inLanguage\":\"es\"},{\"@type\":\"Organization\",\"@id\":\"https:\\\/\\\/aureliusjewelry.com\\\/es\\\/#organization\",\"name\":\"Aurelius Jewelry\",\"url\":\"https:\\\/\\\/aureliusjewelry.com\\\/es\\\/\",\"logo\":{\"@type\":\"ImageObject\",\"inLanguage\":\"es\",\"@id\":\"https:\\\/\\\/aureliusjewelry.com\\\/es\\\/#\\\/schema\\\/logo\\\/image\\\/\",\"url\":\"https:\\\/\\\/aureliusjewelry.com\\\/wp-content\\\/uploads\\\/logo.png\",\"contentUrl\":\"https:\\\/\\\/aureliusjewelry.com\\\/wp-content\\\/uploads\\\/logo.png\",\"width\":400,\"height\":64,\"caption\":\"Aurelius Jewelry\"},\"image\":{\"@id\":\"https:\\\/\\\/aureliusjewelry.com\\\/es\\\/#\\\/schema\\\/logo\\\/image\\\/\"},\"sameAs\":[\"https:\\\/\\\/www.facebook.com\\\/AureliusJewelry\\\/\",\"https:\\\/\\\/x.com\\\/AureliusJewelry\",\"https:\\\/\\\/instagram.com\\\/aureliusjewelry\",\"https:\\\/\\\/www.pinterest.com\\\/AureliusJewelry\\\/\"],\"email\":\"info@aureliusjewelry.com\",\"foundingDate\":\"2018-10-01\",\"vatID\":\"SI10391070\",\"hasMerchantReturnPolicy\":{\"@type\":\"MerchantReturnPolicy\",\"merchantReturnLink\":\"https:\\\/\\\/aureliusjewelry.com\\\/our-policies\\\/terms-conditions\\\/\"}}]}<\/script>\n<meta property=\"og:availability\" content=\"backorder\" \/>\n<meta property=\"product:availability\" content=\"available for order\" \/>\n<meta property=\"product:retailer_item_id\" content=\"40836\" \/>\n<meta property=\"product:condition\" content=\"new\" \/>","yoast_head_json":{"title":"Anillo de compromiso con \u00e1gata musgosa de talla esmeralda y diamantes princesa - Aurelius Jewelry","robots":{"index":"index","follow":"follow","max-snippet":"max-snippet:-1","max-image-preview":"max-image-preview:large","max-video-preview":"max-video-preview:-1"},"canonical":"https:\/\/aureliusjewelry.com\/es\/anillo-de-compromiso-con-agata-musgosa-de-talla-esmeralda-y-diamantes-princesa\/","og_locale":"es_ES","og_type":"article","og_title":"Anillo de compromiso con \u00e1gata musgosa de talla esmeralda y diamantes princesa - Aurelius Jewelry","og_description":"%","og_url":"https:\/\/aureliusjewelry.com\/es\/anillo-de-compromiso-con-agata-musgosa-de-talla-esmeralda-y-diamantes-princesa\/","og_site_name":"Aurelius Jewelry","article_publisher":"https:\/\/www.facebook.com\/AureliusJewelry\/","article_modified_time":"2026-04-14T05:20:20+00:00","og_image":[{"width":1920,"height":1440,"url":"https:\/\/aureliusjewelry.com\/wp-content\/uploads\/emerald-cut-moss-agate-princess-diamond-ring.jpg","type":"image\/jpeg"}],"twitter_card":"summary_large_image","twitter_site":"@AureliusJewelry","schema":{"@context":"https:\/\/schema.org","@graph":[{"@type":"WebPage","@id":"https:\/\/aureliusjewelry.com\/es\/anillo-de-compromiso-con-agata-musgosa-de-talla-esmeralda-y-diamantes-princesa\/","url":"https:\/\/aureliusjewelry.com\/es\/anillo-de-compromiso-con-agata-musgosa-de-talla-esmeralda-y-diamantes-princesa\/","name":"Anillo de compromiso con \u00e1gata musgosa de talla esmeralda y diamantes princesa - Aurelius Jewelry","isPartOf":{"@id":"https:\/\/aureliusjewelry.com\/es\/#website"},"primaryImageOfPage":{"@id":"https:\/\/aureliusjewelry.com\/es\/anillo-de-compromiso-con-agata-musgosa-de-talla-esmeralda-y-diamantes-princesa\/#primaryimage"},"image":{"@id":"https:\/\/aureliusjewelry.com\/es\/anillo-de-compromiso-con-agata-musgosa-de-talla-esmeralda-y-diamantes-princesa\/#primaryimage"},"thumbnailUrl":"https:\/\/aureliusjewelry.com\/wp-content\/uploads\/emerald-cut-moss-agate-princess-diamond-ring.jpg","datePublished":"2023-10-17T06:21:18+00:00","dateModified":"2026-04-14T05:20:20+00:00","breadcrumb":{"@id":"https:\/\/aureliusjewelry.com\/es\/anillo-de-compromiso-con-agata-musgosa-de-talla-esmeralda-y-diamantes-princesa\/#breadcrumb"},"inLanguage":"es","potentialAction":[{"@type":"ReadAction","target":["https:\/\/aureliusjewelry.com\/es\/anillo-de-compromiso-con-agata-musgosa-de-talla-esmeralda-y-diamantes-princesa\/"]}]},{"@type":"ImageObject","inLanguage":"es","@id":"https:\/\/aureliusjewelry.com\/es\/anillo-de-compromiso-con-agata-musgosa-de-talla-esmeralda-y-diamantes-princesa\/#primaryimage","url":"https:\/\/aureliusjewelry.com\/wp-content\/uploads\/emerald-cut-moss-agate-princess-diamond-ring.jpg","contentUrl":"https:\/\/aureliusjewelry.com\/wp-content\/uploads\/emerald-cut-moss-agate-princess-diamond-ring.jpg","width":1920,"height":1440},{"@type":"BreadcrumbList","@id":"https:\/\/aureliusjewelry.com\/es\/anillo-de-compromiso-con-agata-musgosa-de-talla-esmeralda-y-diamantes-princesa\/#breadcrumb","itemListElement":[{"@type":"ListItem","position":1,"name":"Home","item":"https:\/\/aureliusjewelry.com\/es\/"},{"@type":"ListItem","position":2,"name":"Shop","item":"https:\/\/aureliusjewelry.com\/shop\/"},{"@type":"ListItem","position":3,"name":"Anillo de compromiso con \u00e1gata musgosa de talla esmeralda y diamantes princesa"}]},{"@type":"WebSite","@id":"https:\/\/aureliusjewelry.com\/es\/#website","url":"https:\/\/aureliusjewelry.com\/es\/","name":"Aurelius Jewelry","description":"Handmade Fine Gold Jewelry","publisher":{"@id":"https:\/\/aureliusjewelry.com\/es\/#organization"},"potentialAction":[{"@type":"SearchAction","target":{"@type":"EntryPoint","urlTemplate":"https:\/\/aureliusjewelry.com\/es\/?s={search_term_string}"},"query-input":{"@type":"PropertyValueSpecification","valueRequired":true,"valueName":"search_term_string"}}],"inLanguage":"es"},{"@type":"Organization","@id":"https:\/\/aureliusjewelry.com\/es\/#organization","name":"Aurelius Jewelry","url":"https:\/\/aureliusjewelry.com\/es\/","logo":{"@type":"ImageObject","inLanguage":"es","@id":"https:\/\/aureliusjewelry.com\/es\/#\/schema\/logo\/image\/","url":"https:\/\/aureliusjewelry.com\/wp-content\/uploads\/logo.png","contentUrl":"https:\/\/aureliusjewelry.com\/wp-content\/uploads\/logo.png","width":400,"height":64,"caption":"Aurelius Jewelry"},"image":{"@id":"https:\/\/aureliusjewelry.com\/es\/#\/schema\/logo\/image\/"},"sameAs":["https:\/\/www.facebook.com\/AureliusJewelry\/","https:\/\/x.com\/AureliusJewelry","https:\/\/instagram.com\/aureliusjewelry","https:\/\/www.pinterest.com\/AureliusJewelry\/"],"email":"info@aureliusjewelry.com","foundingDate":"2018-10-01","vatID":"SI10391070","hasMerchantReturnPolicy":{"@type":"MerchantReturnPolicy","merchantReturnLink":"https:\/\/aureliusjewelry.com\/our-policies\/terms-conditions\/"}}]},"og_availability":"backorder","product_availability":"available for order","product_retailer_item_id":"40836","product_condition":"new"},"_links":{"self":[{"href":"https:\/\/aureliusjewelry.com\/es\/wp-json\/wp\/v2\/product\/49825","targetHints":{"allow":["GET"]}}],"collection":[{"href":"https:\/\/aureliusjewelry.com\/es\/wp-json\/wp\/v2\/product"}],"about":[{"href":"https:\/\/aureliusjewelry.com\/es\/wp-json\/wp\/v2\/types\/product"}],"replies":[{"embeddable":true,"href":"https:\/\/aureliusjewelry.com\/es\/wp-json\/wp\/v2\/comments?post=49825"}],"wp:featuredmedia":[{"embeddable":true,"href":"https:\/\/aureliusjewelry.com\/es\/wp-json\/wp\/v2\/media\/40850"}],"wp:attachment":[{"href":"https:\/\/aureliusjewelry.com\/es\/wp-json\/wp\/v2\/media?parent=49825"}],"wp:term":[{"taxonomy":"product_brand","embeddable":true,"href":"https:\/\/aureliusjewelry.com\/es\/wp-json\/wp\/v2\/product_brand?post=49825"},{"taxonomy":"product_cat","embeddable":true,"href":"https:\/\/aureliusjewelry.com\/es\/wp-json\/wp\/v2\/product_cat?post=49825"},{"taxonomy":"product_tag","embeddable":true,"href":"https:\/\/aureliusjewelry.com\/es\/wp-json\/wp\/v2\/product_tag?post=49825"}],"curies":[{"name":"wp","href":"https:\/\/api.w.org\/{rel}","templated":true}]}}