{"id":49395,"date":"2023-10-24T21:39:13","date_gmt":"2023-10-24T19:39:13","guid":{"rendered":"http:\/\/aureliusjewelry.com\/product\/vera-anillo-de-compromiso-de-agata-musgo-en-forma-hexagonal-con-piedras-laterales-de-esmeralda\/"},"modified":"2026-04-14T07:26:31","modified_gmt":"2026-04-14T05:26:31","slug":"vera-anillo-de-compromiso-de-agata-musgo-en-forma-hexagonal-con-piedras-laterales-de-esmeralda","status":"publish","type":"product","link":"https:\/\/aureliusjewelry.com\/es\/vera-anillo-de-compromiso-de-agata-musgo-en-forma-hexagonal-con-piedras-laterales-de-esmeralda\/","title":{"rendered":"Vera &#8211; Anillo de compromiso de \u00e1gata musgo en forma hexagonal con piedras laterales de esmeralda"},"content":{"rendered":"<p><strong>Piedras<\/strong><\/p>\n<ul>\n<li>\u00e1gata musgosa hexagonal<\/li>\n<li>aprox. 8x7mm<\/li>\n<li>esmeraldas redondas<\/li>\n<li>aprox. 2mm (2), 1,5mm (2), 1.25mm (2)<\/li>\n<\/ul>\n<p><strong>Medidas y material de la banda<\/strong><\/p>\n<ul>\n<li>1.5mm ancho, 1.6mm grueso<\/li>\n<li>disponible en oro amarillo, blanco o rosa de 585\/1000 (14k) o 750\/1000 (18k) y platino 950\/1000<\/li>\n<li>Tama\u00f1o de anillo de EE. UU. 3-9, tama\u00f1os m\u00e1s peque\u00f1os o m\u00e1s grandes disponibles seg\u00fan solicitud<\/li>\n<\/ul>\n","protected":false},"excerpt":{"rendered":"<p>El anillo de compromiso Vera Hexagon Moss Agate y Esmeralda representa uno de los muchos anillos de compromiso con forma hexagonal que hemos dise\u00f1ado. Con la adici\u00f3n de esmeraldas en lugar de diamantes, creamos una pieza alternativa para la novia no tan convencional. Comb\u00ednalo con un anillo de bodas apilable de tu elecci\u00f3n y crea un conjunto de anillos nupciales.<\/p>\n","protected":false},"featured_media":41182,"comment_status":"open","ping_status":"closed","template":"","meta":[],"product_brand":[],"product_cat":[1557,1575,1561,535,489,504,1559,472,474],"product_tag":[1221,1248,1187,736,735],"class_list":{"0":"post-49395","1":"product","2":"type-product","3":"status-publish","4":"has-post-thumbnail","6":"product_cat-anillo-de-compromiso-con-detalles-de-piedras-preciosas","7":"product_cat-anillo-de-compromiso-de-siete-piedras","8":"product_cat-anillo-de-compromiso-hexagonal","9":"product_cat-anillos","10":"product_cat-anillos-de-compromiso","11":"product_cat-anillos-de-compromiso-de-agata-musgosa","12":"product_cat-anillos-de-compromiso-geometricos","13":"product_cat-contemporaneo","14":"product_cat-singularidad","15":"product_tag-agata-de-musgo","16":"product_tag-anillo","17":"product_tag-hexagono","18":"product_tag-production_time_3_5-es","19":"product_tag-rings-es-tag","21":"first","22":"onbackorder","23":"sold-individually","24":"taxable","25":"shipping-taxable","26":"purchasable","27":"product-type-variable"},"yoast_head":"<title>Vera - Anillo de compromiso de \u00e1gata musgo en forma hexagonal con piedras laterales de esmeralda - Aurelius Jewelry<\/title>\n<meta name=\"robots\" content=\"index, follow, max-snippet:-1, max-image-preview:large, max-video-preview:-1\" \/>\n<link rel=\"canonical\" href=\"https:\/\/aureliusjewelry.com\/es\/vera-anillo-de-compromiso-de-agata-musgo-en-forma-hexagonal-con-piedras-laterales-de-esmeralda\/\" \/>\n<meta property=\"og:locale\" content=\"es_ES\" \/>\n<meta property=\"og:type\" content=\"article\" \/>\n<meta property=\"og:title\" content=\"Vera - Anillo de compromiso de \u00e1gata musgo en forma hexagonal con piedras laterales de esmeralda - Aurelius Jewelry\" \/>\n<meta property=\"og:description\" content=\"%\" \/>\n<meta property=\"og:url\" content=\"https:\/\/aureliusjewelry.com\/es\/vera-anillo-de-compromiso-de-agata-musgo-en-forma-hexagonal-con-piedras-laterales-de-esmeralda\/\" \/>\n<meta property=\"og:site_name\" content=\"Aurelius Jewelry\" \/>\n<meta property=\"article:publisher\" content=\"https:\/\/www.facebook.com\/AureliusJewelry\/\" \/>\n<meta property=\"article:modified_time\" content=\"2026-04-14T05:26:31+00:00\" \/>\n<meta property=\"og:image\" content=\"https:\/\/aureliusjewelry.com\/wp-content\/uploads\/hexagon-moss-agate-emerald-ring-14k-white-gold.jpg\" \/>\n\t<meta property=\"og:image:width\" content=\"1920\" \/>\n\t<meta property=\"og:image:height\" content=\"1440\" \/>\n\t<meta property=\"og:image:type\" content=\"image\/jpeg\" \/>\n<meta name=\"twitter:card\" content=\"summary_large_image\" \/>\n<meta name=\"twitter:site\" content=\"@AureliusJewelry\" \/>\n<script type=\"application\/ld+json\" class=\"yoast-schema-graph\">{\"@context\":\"https:\\\/\\\/schema.org\",\"@graph\":[{\"@type\":\"WebPage\",\"@id\":\"https:\\\/\\\/aureliusjewelry.com\\\/es\\\/vera-anillo-de-compromiso-de-agata-musgo-en-forma-hexagonal-con-piedras-laterales-de-esmeralda\\\/\",\"url\":\"https:\\\/\\\/aureliusjewelry.com\\\/es\\\/vera-anillo-de-compromiso-de-agata-musgo-en-forma-hexagonal-con-piedras-laterales-de-esmeralda\\\/\",\"name\":\"Vera - Anillo de compromiso de \u00e1gata musgo en forma hexagonal con piedras laterales de esmeralda - Aurelius Jewelry\",\"isPartOf\":{\"@id\":\"https:\\\/\\\/aureliusjewelry.com\\\/es\\\/#website\"},\"primaryImageOfPage\":{\"@id\":\"https:\\\/\\\/aureliusjewelry.com\\\/es\\\/vera-anillo-de-compromiso-de-agata-musgo-en-forma-hexagonal-con-piedras-laterales-de-esmeralda\\\/#primaryimage\"},\"image\":{\"@id\":\"https:\\\/\\\/aureliusjewelry.com\\\/es\\\/vera-anillo-de-compromiso-de-agata-musgo-en-forma-hexagonal-con-piedras-laterales-de-esmeralda\\\/#primaryimage\"},\"thumbnailUrl\":\"https:\\\/\\\/aureliusjewelry.com\\\/wp-content\\\/uploads\\\/hexagon-moss-agate-emerald-ring-14k-white-gold.jpg\",\"datePublished\":\"2023-10-24T19:39:13+00:00\",\"dateModified\":\"2026-04-14T05:26:31+00:00\",\"breadcrumb\":{\"@id\":\"https:\\\/\\\/aureliusjewelry.com\\\/es\\\/vera-anillo-de-compromiso-de-agata-musgo-en-forma-hexagonal-con-piedras-laterales-de-esmeralda\\\/#breadcrumb\"},\"inLanguage\":\"es\",\"potentialAction\":[{\"@type\":\"ReadAction\",\"target\":[\"https:\\\/\\\/aureliusjewelry.com\\\/es\\\/vera-anillo-de-compromiso-de-agata-musgo-en-forma-hexagonal-con-piedras-laterales-de-esmeralda\\\/\"]}]},{\"@type\":\"ImageObject\",\"inLanguage\":\"es\",\"@id\":\"https:\\\/\\\/aureliusjewelry.com\\\/es\\\/vera-anillo-de-compromiso-de-agata-musgo-en-forma-hexagonal-con-piedras-laterales-de-esmeralda\\\/#primaryimage\",\"url\":\"https:\\\/\\\/aureliusjewelry.com\\\/wp-content\\\/uploads\\\/hexagon-moss-agate-emerald-ring-14k-white-gold.jpg\",\"contentUrl\":\"https:\\\/\\\/aureliusjewelry.com\\\/wp-content\\\/uploads\\\/hexagon-moss-agate-emerald-ring-14k-white-gold.jpg\",\"width\":1920,\"height\":1440},{\"@type\":\"BreadcrumbList\",\"@id\":\"https:\\\/\\\/aureliusjewelry.com\\\/es\\\/vera-anillo-de-compromiso-de-agata-musgo-en-forma-hexagonal-con-piedras-laterales-de-esmeralda\\\/#breadcrumb\",\"itemListElement\":[{\"@type\":\"ListItem\",\"position\":1,\"name\":\"Home\",\"item\":\"https:\\\/\\\/aureliusjewelry.com\\\/es\\\/\"},{\"@type\":\"ListItem\",\"position\":2,\"name\":\"Shop\",\"item\":\"https:\\\/\\\/aureliusjewelry.com\\\/shop\\\/\"},{\"@type\":\"ListItem\",\"position\":3,\"name\":\"Vera &#8211; Anillo de compromiso de \u00e1gata musgo en forma hexagonal con piedras laterales de esmeralda\"}]},{\"@type\":\"WebSite\",\"@id\":\"https:\\\/\\\/aureliusjewelry.com\\\/es\\\/#website\",\"url\":\"https:\\\/\\\/aureliusjewelry.com\\\/es\\\/\",\"name\":\"Aurelius Jewelry\",\"description\":\"Handmade Fine Gold Jewelry\",\"publisher\":{\"@id\":\"https:\\\/\\\/aureliusjewelry.com\\\/es\\\/#organization\"},\"potentialAction\":[{\"@type\":\"SearchAction\",\"target\":{\"@type\":\"EntryPoint\",\"urlTemplate\":\"https:\\\/\\\/aureliusjewelry.com\\\/es\\\/?s={search_term_string}\"},\"query-input\":{\"@type\":\"PropertyValueSpecification\",\"valueRequired\":true,\"valueName\":\"search_term_string\"}}],\"inLanguage\":\"es\"},{\"@type\":\"Organization\",\"@id\":\"https:\\\/\\\/aureliusjewelry.com\\\/es\\\/#organization\",\"name\":\"Aurelius Jewelry\",\"url\":\"https:\\\/\\\/aureliusjewelry.com\\\/es\\\/\",\"logo\":{\"@type\":\"ImageObject\",\"inLanguage\":\"es\",\"@id\":\"https:\\\/\\\/aureliusjewelry.com\\\/es\\\/#\\\/schema\\\/logo\\\/image\\\/\",\"url\":\"https:\\\/\\\/aureliusjewelry.com\\\/wp-content\\\/uploads\\\/logo.png\",\"contentUrl\":\"https:\\\/\\\/aureliusjewelry.com\\\/wp-content\\\/uploads\\\/logo.png\",\"width\":400,\"height\":64,\"caption\":\"Aurelius Jewelry\"},\"image\":{\"@id\":\"https:\\\/\\\/aureliusjewelry.com\\\/es\\\/#\\\/schema\\\/logo\\\/image\\\/\"},\"sameAs\":[\"https:\\\/\\\/www.facebook.com\\\/AureliusJewelry\\\/\",\"https:\\\/\\\/x.com\\\/AureliusJewelry\",\"https:\\\/\\\/instagram.com\\\/aureliusjewelry\",\"https:\\\/\\\/www.pinterest.com\\\/AureliusJewelry\\\/\"],\"email\":\"info@aureliusjewelry.com\",\"foundingDate\":\"2018-10-01\",\"vatID\":\"SI10391070\",\"hasMerchantReturnPolicy\":{\"@type\":\"MerchantReturnPolicy\",\"merchantReturnLink\":\"https:\\\/\\\/aureliusjewelry.com\\\/our-policies\\\/terms-conditions\\\/\"}}]}<\/script>\n<meta property=\"og:availability\" content=\"backorder\" \/>\n<meta property=\"product:availability\" content=\"available for order\" \/>\n<meta property=\"product:retailer_item_id\" content=\"41175\" \/>\n<meta property=\"product:condition\" content=\"new\" \/>","yoast_head_json":{"title":"Vera - Anillo de compromiso de \u00e1gata musgo en forma hexagonal con piedras laterales de esmeralda - Aurelius Jewelry","robots":{"index":"index","follow":"follow","max-snippet":"max-snippet:-1","max-image-preview":"max-image-preview:large","max-video-preview":"max-video-preview:-1"},"canonical":"https:\/\/aureliusjewelry.com\/es\/vera-anillo-de-compromiso-de-agata-musgo-en-forma-hexagonal-con-piedras-laterales-de-esmeralda\/","og_locale":"es_ES","og_type":"article","og_title":"Vera - Anillo de compromiso de \u00e1gata musgo en forma hexagonal con piedras laterales de esmeralda - Aurelius Jewelry","og_description":"%","og_url":"https:\/\/aureliusjewelry.com\/es\/vera-anillo-de-compromiso-de-agata-musgo-en-forma-hexagonal-con-piedras-laterales-de-esmeralda\/","og_site_name":"Aurelius Jewelry","article_publisher":"https:\/\/www.facebook.com\/AureliusJewelry\/","article_modified_time":"2026-04-14T05:26:31+00:00","og_image":[{"width":1920,"height":1440,"url":"https:\/\/aureliusjewelry.com\/wp-content\/uploads\/hexagon-moss-agate-emerald-ring-14k-white-gold.jpg","type":"image\/jpeg"}],"twitter_card":"summary_large_image","twitter_site":"@AureliusJewelry","schema":{"@context":"https:\/\/schema.org","@graph":[{"@type":"WebPage","@id":"https:\/\/aureliusjewelry.com\/es\/vera-anillo-de-compromiso-de-agata-musgo-en-forma-hexagonal-con-piedras-laterales-de-esmeralda\/","url":"https:\/\/aureliusjewelry.com\/es\/vera-anillo-de-compromiso-de-agata-musgo-en-forma-hexagonal-con-piedras-laterales-de-esmeralda\/","name":"Vera - Anillo de compromiso de \u00e1gata musgo en forma hexagonal con piedras laterales de esmeralda - Aurelius Jewelry","isPartOf":{"@id":"https:\/\/aureliusjewelry.com\/es\/#website"},"primaryImageOfPage":{"@id":"https:\/\/aureliusjewelry.com\/es\/vera-anillo-de-compromiso-de-agata-musgo-en-forma-hexagonal-con-piedras-laterales-de-esmeralda\/#primaryimage"},"image":{"@id":"https:\/\/aureliusjewelry.com\/es\/vera-anillo-de-compromiso-de-agata-musgo-en-forma-hexagonal-con-piedras-laterales-de-esmeralda\/#primaryimage"},"thumbnailUrl":"https:\/\/aureliusjewelry.com\/wp-content\/uploads\/hexagon-moss-agate-emerald-ring-14k-white-gold.jpg","datePublished":"2023-10-24T19:39:13+00:00","dateModified":"2026-04-14T05:26:31+00:00","breadcrumb":{"@id":"https:\/\/aureliusjewelry.com\/es\/vera-anillo-de-compromiso-de-agata-musgo-en-forma-hexagonal-con-piedras-laterales-de-esmeralda\/#breadcrumb"},"inLanguage":"es","potentialAction":[{"@type":"ReadAction","target":["https:\/\/aureliusjewelry.com\/es\/vera-anillo-de-compromiso-de-agata-musgo-en-forma-hexagonal-con-piedras-laterales-de-esmeralda\/"]}]},{"@type":"ImageObject","inLanguage":"es","@id":"https:\/\/aureliusjewelry.com\/es\/vera-anillo-de-compromiso-de-agata-musgo-en-forma-hexagonal-con-piedras-laterales-de-esmeralda\/#primaryimage","url":"https:\/\/aureliusjewelry.com\/wp-content\/uploads\/hexagon-moss-agate-emerald-ring-14k-white-gold.jpg","contentUrl":"https:\/\/aureliusjewelry.com\/wp-content\/uploads\/hexagon-moss-agate-emerald-ring-14k-white-gold.jpg","width":1920,"height":1440},{"@type":"BreadcrumbList","@id":"https:\/\/aureliusjewelry.com\/es\/vera-anillo-de-compromiso-de-agata-musgo-en-forma-hexagonal-con-piedras-laterales-de-esmeralda\/#breadcrumb","itemListElement":[{"@type":"ListItem","position":1,"name":"Home","item":"https:\/\/aureliusjewelry.com\/es\/"},{"@type":"ListItem","position":2,"name":"Shop","item":"https:\/\/aureliusjewelry.com\/shop\/"},{"@type":"ListItem","position":3,"name":"Vera &#8211; Anillo de compromiso de \u00e1gata musgo en forma hexagonal con piedras laterales de esmeralda"}]},{"@type":"WebSite","@id":"https:\/\/aureliusjewelry.com\/es\/#website","url":"https:\/\/aureliusjewelry.com\/es\/","name":"Aurelius Jewelry","description":"Handmade Fine Gold Jewelry","publisher":{"@id":"https:\/\/aureliusjewelry.com\/es\/#organization"},"potentialAction":[{"@type":"SearchAction","target":{"@type":"EntryPoint","urlTemplate":"https:\/\/aureliusjewelry.com\/es\/?s={search_term_string}"},"query-input":{"@type":"PropertyValueSpecification","valueRequired":true,"valueName":"search_term_string"}}],"inLanguage":"es"},{"@type":"Organization","@id":"https:\/\/aureliusjewelry.com\/es\/#organization","name":"Aurelius Jewelry","url":"https:\/\/aureliusjewelry.com\/es\/","logo":{"@type":"ImageObject","inLanguage":"es","@id":"https:\/\/aureliusjewelry.com\/es\/#\/schema\/logo\/image\/","url":"https:\/\/aureliusjewelry.com\/wp-content\/uploads\/logo.png","contentUrl":"https:\/\/aureliusjewelry.com\/wp-content\/uploads\/logo.png","width":400,"height":64,"caption":"Aurelius Jewelry"},"image":{"@id":"https:\/\/aureliusjewelry.com\/es\/#\/schema\/logo\/image\/"},"sameAs":["https:\/\/www.facebook.com\/AureliusJewelry\/","https:\/\/x.com\/AureliusJewelry","https:\/\/instagram.com\/aureliusjewelry","https:\/\/www.pinterest.com\/AureliusJewelry\/"],"email":"info@aureliusjewelry.com","foundingDate":"2018-10-01","vatID":"SI10391070","hasMerchantReturnPolicy":{"@type":"MerchantReturnPolicy","merchantReturnLink":"https:\/\/aureliusjewelry.com\/our-policies\/terms-conditions\/"}}]},"og_availability":"backorder","product_availability":"available for order","product_retailer_item_id":"41175","product_condition":"new"},"_links":{"self":[{"href":"https:\/\/aureliusjewelry.com\/es\/wp-json\/wp\/v2\/product\/49395","targetHints":{"allow":["GET"]}}],"collection":[{"href":"https:\/\/aureliusjewelry.com\/es\/wp-json\/wp\/v2\/product"}],"about":[{"href":"https:\/\/aureliusjewelry.com\/es\/wp-json\/wp\/v2\/types\/product"}],"replies":[{"embeddable":true,"href":"https:\/\/aureliusjewelry.com\/es\/wp-json\/wp\/v2\/comments?post=49395"}],"wp:featuredmedia":[{"embeddable":true,"href":"https:\/\/aureliusjewelry.com\/es\/wp-json\/wp\/v2\/media\/41182"}],"wp:attachment":[{"href":"https:\/\/aureliusjewelry.com\/es\/wp-json\/wp\/v2\/media?parent=49395"}],"wp:term":[{"taxonomy":"product_brand","embeddable":true,"href":"https:\/\/aureliusjewelry.com\/es\/wp-json\/wp\/v2\/product_brand?post=49395"},{"taxonomy":"product_cat","embeddable":true,"href":"https:\/\/aureliusjewelry.com\/es\/wp-json\/wp\/v2\/product_cat?post=49395"},{"taxonomy":"product_tag","embeddable":true,"href":"https:\/\/aureliusjewelry.com\/es\/wp-json\/wp\/v2\/product_tag?post=49395"}],"curies":[{"name":"wp","href":"https:\/\/api.w.org\/{rel}","templated":true}]}}