{"id":48448,"date":"2023-11-01T00:15:17","date_gmt":"2023-10-31T22:15:17","guid":{"rendered":"http:\/\/aureliusjewelry.com\/product\/anillo-de-apilamiento-abierto-con-moissanita-en-forma-de-cometa\/"},"modified":"2026-04-14T06:51:05","modified_gmt":"2026-04-14T04:51:05","slug":"anillo-de-apilamiento-abierto-con-moissanita-en-forma-de-cometa","status":"publish","type":"product","link":"https:\/\/aureliusjewelry.com\/es\/anillo-de-apilamiento-abierto-con-moissanita-en-forma-de-cometa\/","title":{"rendered":"Anillo de apilamiento abierto con moissanita en forma de cometa"},"content":{"rendered":"<p><strong>Piedras<\/strong><\/p>\n<ul>\n<li>pastilla de moissanita<\/li>\n<li>aprox. 4&#215;2.5mm (2)<\/li>\n<li>diamantes redondos<\/li>\n<li>aprox. 1.5mm (2), 1.25mm (4)<\/li>\n<li>Color F\/G, claridad VS, libre de conflictos<\/li>\n<\/ul>\n<p><strong>Medidas y material de la banda<\/strong><\/p>\n<ul>\n<li>1.5mm ancho, 1.6mm grueso<\/li>\n<li>disponible en oro amarillo, blanco o rosa de 585\/1000 (14k) o 750\/1000 (18k) y platino 950\/1000<\/li>\n<li>Tama\u00f1o de anillo de EE. UU. 3-9, tama\u00f1os m\u00e1s peque\u00f1os o m\u00e1s grandes disponibles seg\u00fan solicitud<\/li>\n<\/ul>\n","protected":false},"excerpt":{"rendered":"<p>Ya sea que se use como alianza de boda, solo o como anillo apilable, \u00a1nuestro anillo Open Kite Moissanite da en el blanco! Este dise\u00f1o permite apilarlos f\u00e1cilmente con anillos de compromiso de muchas formas, lo que crea infinitas oportunidades de estilo. Con su elegante dise\u00f1o geom\u00e9trico y su brillo infinito, seguramente se convertir\u00e1 en una valiosa adici\u00f3n a cualquier colecci\u00f3n de joyas.<\/p>\n","protected":false},"featured_media":41507,"comment_status":"open","ping_status":"closed","template":"","meta":[],"product_brand":[],"product_cat":[521,1567,1581,535,517,482],"product_tag":[1248,1193,1212,736,735],"class_list":{"0":"post-48448","1":"product","2":"type-product","3":"status-publish","4":"has-post-thumbnail","6":"product_cat-alianzas-de-boda-para-mujeres","7":"product_cat-anillo-de-bodas-abierto","8":"product_cat-anillo-de-bodas-apilable","9":"product_cat-anillos","10":"product_cat-anillos-de-boda","11":"product_cat-apilable","12":"product_tag-anillo","13":"product_tag-cometa","14":"product_tag-moissanita","15":"product_tag-production_time_3_5-es","16":"product_tag-rings-es-tag","18":"first","19":"onbackorder","20":"sold-individually","21":"taxable","22":"shipping-taxable","23":"purchasable","24":"product-type-variable"},"yoast_head":"<title>Anillo de apilamiento abierto con moissanita en forma de cometa - Aurelius Jewelry<\/title>\n<meta name=\"robots\" content=\"index, follow, max-snippet:-1, max-image-preview:large, max-video-preview:-1\" \/>\n<link rel=\"canonical\" href=\"https:\/\/aureliusjewelry.com\/es\/anillo-de-apilamiento-abierto-con-moissanita-en-forma-de-cometa\/\" \/>\n<meta property=\"og:locale\" content=\"es_ES\" \/>\n<meta property=\"og:type\" content=\"article\" \/>\n<meta property=\"og:title\" content=\"Anillo de apilamiento abierto con moissanita en forma de cometa - Aurelius Jewelry\" \/>\n<meta property=\"og:description\" content=\"%\" \/>\n<meta property=\"og:url\" content=\"https:\/\/aureliusjewelry.com\/es\/anillo-de-apilamiento-abierto-con-moissanita-en-forma-de-cometa\/\" \/>\n<meta property=\"og:site_name\" content=\"Aurelius Jewelry\" \/>\n<meta property=\"article:publisher\" content=\"https:\/\/www.facebook.com\/AureliusJewelry\/\" \/>\n<meta property=\"article:modified_time\" content=\"2026-04-14T04:51:05+00:00\" \/>\n<meta property=\"og:image\" content=\"https:\/\/aureliusjewelry.com\/wp-content\/uploads\/open-kite-diamond-wedding-band.jpg\" \/>\n\t<meta property=\"og:image:width\" content=\"1920\" \/>\n\t<meta property=\"og:image:height\" content=\"1440\" \/>\n\t<meta property=\"og:image:type\" content=\"image\/jpeg\" \/>\n<meta name=\"twitter:card\" content=\"summary_large_image\" \/>\n<meta name=\"twitter:site\" content=\"@AureliusJewelry\" \/>\n<script type=\"application\/ld+json\" class=\"yoast-schema-graph\">{\"@context\":\"https:\\\/\\\/schema.org\",\"@graph\":[{\"@type\":\"WebPage\",\"@id\":\"https:\\\/\\\/aureliusjewelry.com\\\/es\\\/anillo-de-apilamiento-abierto-con-moissanita-en-forma-de-cometa\\\/\",\"url\":\"https:\\\/\\\/aureliusjewelry.com\\\/es\\\/anillo-de-apilamiento-abierto-con-moissanita-en-forma-de-cometa\\\/\",\"name\":\"Anillo de apilamiento abierto con moissanita en forma de cometa - Aurelius Jewelry\",\"isPartOf\":{\"@id\":\"https:\\\/\\\/aureliusjewelry.com\\\/es\\\/#website\"},\"primaryImageOfPage\":{\"@id\":\"https:\\\/\\\/aureliusjewelry.com\\\/es\\\/anillo-de-apilamiento-abierto-con-moissanita-en-forma-de-cometa\\\/#primaryimage\"},\"image\":{\"@id\":\"https:\\\/\\\/aureliusjewelry.com\\\/es\\\/anillo-de-apilamiento-abierto-con-moissanita-en-forma-de-cometa\\\/#primaryimage\"},\"thumbnailUrl\":\"https:\\\/\\\/aureliusjewelry.com\\\/wp-content\\\/uploads\\\/open-kite-diamond-wedding-band.jpg\",\"datePublished\":\"2023-10-31T22:15:17+00:00\",\"dateModified\":\"2026-04-14T04:51:05+00:00\",\"breadcrumb\":{\"@id\":\"https:\\\/\\\/aureliusjewelry.com\\\/es\\\/anillo-de-apilamiento-abierto-con-moissanita-en-forma-de-cometa\\\/#breadcrumb\"},\"inLanguage\":\"es\",\"potentialAction\":[{\"@type\":\"ReadAction\",\"target\":[\"https:\\\/\\\/aureliusjewelry.com\\\/es\\\/anillo-de-apilamiento-abierto-con-moissanita-en-forma-de-cometa\\\/\"]}]},{\"@type\":\"ImageObject\",\"inLanguage\":\"es\",\"@id\":\"https:\\\/\\\/aureliusjewelry.com\\\/es\\\/anillo-de-apilamiento-abierto-con-moissanita-en-forma-de-cometa\\\/#primaryimage\",\"url\":\"https:\\\/\\\/aureliusjewelry.com\\\/wp-content\\\/uploads\\\/open-kite-diamond-wedding-band.jpg\",\"contentUrl\":\"https:\\\/\\\/aureliusjewelry.com\\\/wp-content\\\/uploads\\\/open-kite-diamond-wedding-band.jpg\",\"width\":1920,\"height\":1440},{\"@type\":\"BreadcrumbList\",\"@id\":\"https:\\\/\\\/aureliusjewelry.com\\\/es\\\/anillo-de-apilamiento-abierto-con-moissanita-en-forma-de-cometa\\\/#breadcrumb\",\"itemListElement\":[{\"@type\":\"ListItem\",\"position\":1,\"name\":\"Home\",\"item\":\"https:\\\/\\\/aureliusjewelry.com\\\/es\\\/\"},{\"@type\":\"ListItem\",\"position\":2,\"name\":\"Shop\",\"item\":\"https:\\\/\\\/aureliusjewelry.com\\\/shop\\\/\"},{\"@type\":\"ListItem\",\"position\":3,\"name\":\"Anillo de apilamiento abierto con moissanita en forma de cometa\"}]},{\"@type\":\"WebSite\",\"@id\":\"https:\\\/\\\/aureliusjewelry.com\\\/es\\\/#website\",\"url\":\"https:\\\/\\\/aureliusjewelry.com\\\/es\\\/\",\"name\":\"Aurelius Jewelry\",\"description\":\"Handmade Fine Gold Jewelry\",\"publisher\":{\"@id\":\"https:\\\/\\\/aureliusjewelry.com\\\/es\\\/#organization\"},\"potentialAction\":[{\"@type\":\"SearchAction\",\"target\":{\"@type\":\"EntryPoint\",\"urlTemplate\":\"https:\\\/\\\/aureliusjewelry.com\\\/es\\\/?s={search_term_string}\"},\"query-input\":{\"@type\":\"PropertyValueSpecification\",\"valueRequired\":true,\"valueName\":\"search_term_string\"}}],\"inLanguage\":\"es\"},{\"@type\":\"Organization\",\"@id\":\"https:\\\/\\\/aureliusjewelry.com\\\/es\\\/#organization\",\"name\":\"Aurelius Jewelry\",\"url\":\"https:\\\/\\\/aureliusjewelry.com\\\/es\\\/\",\"logo\":{\"@type\":\"ImageObject\",\"inLanguage\":\"es\",\"@id\":\"https:\\\/\\\/aureliusjewelry.com\\\/es\\\/#\\\/schema\\\/logo\\\/image\\\/\",\"url\":\"https:\\\/\\\/aureliusjewelry.com\\\/wp-content\\\/uploads\\\/logo.png\",\"contentUrl\":\"https:\\\/\\\/aureliusjewelry.com\\\/wp-content\\\/uploads\\\/logo.png\",\"width\":400,\"height\":64,\"caption\":\"Aurelius Jewelry\"},\"image\":{\"@id\":\"https:\\\/\\\/aureliusjewelry.com\\\/es\\\/#\\\/schema\\\/logo\\\/image\\\/\"},\"sameAs\":[\"https:\\\/\\\/www.facebook.com\\\/AureliusJewelry\\\/\",\"https:\\\/\\\/x.com\\\/AureliusJewelry\",\"https:\\\/\\\/instagram.com\\\/aureliusjewelry\",\"https:\\\/\\\/www.pinterest.com\\\/AureliusJewelry\\\/\"],\"email\":\"info@aureliusjewelry.com\",\"foundingDate\":\"2018-10-01\",\"vatID\":\"SI10391070\",\"hasMerchantReturnPolicy\":{\"@type\":\"MerchantReturnPolicy\",\"merchantReturnLink\":\"https:\\\/\\\/aureliusjewelry.com\\\/our-policies\\\/terms-conditions\\\/\"}}]}<\/script>\n<meta property=\"og:availability\" content=\"backorder\" \/>\n<meta property=\"product:availability\" content=\"available for order\" \/>\n<meta property=\"product:retailer_item_id\" content=\"41493\" \/>\n<meta property=\"product:condition\" content=\"new\" \/>","yoast_head_json":{"title":"Anillo de apilamiento abierto con moissanita en forma de cometa - Aurelius Jewelry","robots":{"index":"index","follow":"follow","max-snippet":"max-snippet:-1","max-image-preview":"max-image-preview:large","max-video-preview":"max-video-preview:-1"},"canonical":"https:\/\/aureliusjewelry.com\/es\/anillo-de-apilamiento-abierto-con-moissanita-en-forma-de-cometa\/","og_locale":"es_ES","og_type":"article","og_title":"Anillo de apilamiento abierto con moissanita en forma de cometa - Aurelius Jewelry","og_description":"%","og_url":"https:\/\/aureliusjewelry.com\/es\/anillo-de-apilamiento-abierto-con-moissanita-en-forma-de-cometa\/","og_site_name":"Aurelius Jewelry","article_publisher":"https:\/\/www.facebook.com\/AureliusJewelry\/","article_modified_time":"2026-04-14T04:51:05+00:00","og_image":[{"width":1920,"height":1440,"url":"https:\/\/aureliusjewelry.com\/wp-content\/uploads\/open-kite-diamond-wedding-band.jpg","type":"image\/jpeg"}],"twitter_card":"summary_large_image","twitter_site":"@AureliusJewelry","schema":{"@context":"https:\/\/schema.org","@graph":[{"@type":"WebPage","@id":"https:\/\/aureliusjewelry.com\/es\/anillo-de-apilamiento-abierto-con-moissanita-en-forma-de-cometa\/","url":"https:\/\/aureliusjewelry.com\/es\/anillo-de-apilamiento-abierto-con-moissanita-en-forma-de-cometa\/","name":"Anillo de apilamiento abierto con moissanita en forma de cometa - Aurelius Jewelry","isPartOf":{"@id":"https:\/\/aureliusjewelry.com\/es\/#website"},"primaryImageOfPage":{"@id":"https:\/\/aureliusjewelry.com\/es\/anillo-de-apilamiento-abierto-con-moissanita-en-forma-de-cometa\/#primaryimage"},"image":{"@id":"https:\/\/aureliusjewelry.com\/es\/anillo-de-apilamiento-abierto-con-moissanita-en-forma-de-cometa\/#primaryimage"},"thumbnailUrl":"https:\/\/aureliusjewelry.com\/wp-content\/uploads\/open-kite-diamond-wedding-band.jpg","datePublished":"2023-10-31T22:15:17+00:00","dateModified":"2026-04-14T04:51:05+00:00","breadcrumb":{"@id":"https:\/\/aureliusjewelry.com\/es\/anillo-de-apilamiento-abierto-con-moissanita-en-forma-de-cometa\/#breadcrumb"},"inLanguage":"es","potentialAction":[{"@type":"ReadAction","target":["https:\/\/aureliusjewelry.com\/es\/anillo-de-apilamiento-abierto-con-moissanita-en-forma-de-cometa\/"]}]},{"@type":"ImageObject","inLanguage":"es","@id":"https:\/\/aureliusjewelry.com\/es\/anillo-de-apilamiento-abierto-con-moissanita-en-forma-de-cometa\/#primaryimage","url":"https:\/\/aureliusjewelry.com\/wp-content\/uploads\/open-kite-diamond-wedding-band.jpg","contentUrl":"https:\/\/aureliusjewelry.com\/wp-content\/uploads\/open-kite-diamond-wedding-band.jpg","width":1920,"height":1440},{"@type":"BreadcrumbList","@id":"https:\/\/aureliusjewelry.com\/es\/anillo-de-apilamiento-abierto-con-moissanita-en-forma-de-cometa\/#breadcrumb","itemListElement":[{"@type":"ListItem","position":1,"name":"Home","item":"https:\/\/aureliusjewelry.com\/es\/"},{"@type":"ListItem","position":2,"name":"Shop","item":"https:\/\/aureliusjewelry.com\/shop\/"},{"@type":"ListItem","position":3,"name":"Anillo de apilamiento abierto con moissanita en forma de cometa"}]},{"@type":"WebSite","@id":"https:\/\/aureliusjewelry.com\/es\/#website","url":"https:\/\/aureliusjewelry.com\/es\/","name":"Aurelius Jewelry","description":"Handmade Fine Gold Jewelry","publisher":{"@id":"https:\/\/aureliusjewelry.com\/es\/#organization"},"potentialAction":[{"@type":"SearchAction","target":{"@type":"EntryPoint","urlTemplate":"https:\/\/aureliusjewelry.com\/es\/?s={search_term_string}"},"query-input":{"@type":"PropertyValueSpecification","valueRequired":true,"valueName":"search_term_string"}}],"inLanguage":"es"},{"@type":"Organization","@id":"https:\/\/aureliusjewelry.com\/es\/#organization","name":"Aurelius Jewelry","url":"https:\/\/aureliusjewelry.com\/es\/","logo":{"@type":"ImageObject","inLanguage":"es","@id":"https:\/\/aureliusjewelry.com\/es\/#\/schema\/logo\/image\/","url":"https:\/\/aureliusjewelry.com\/wp-content\/uploads\/logo.png","contentUrl":"https:\/\/aureliusjewelry.com\/wp-content\/uploads\/logo.png","width":400,"height":64,"caption":"Aurelius Jewelry"},"image":{"@id":"https:\/\/aureliusjewelry.com\/es\/#\/schema\/logo\/image\/"},"sameAs":["https:\/\/www.facebook.com\/AureliusJewelry\/","https:\/\/x.com\/AureliusJewelry","https:\/\/instagram.com\/aureliusjewelry","https:\/\/www.pinterest.com\/AureliusJewelry\/"],"email":"info@aureliusjewelry.com","foundingDate":"2018-10-01","vatID":"SI10391070","hasMerchantReturnPolicy":{"@type":"MerchantReturnPolicy","merchantReturnLink":"https:\/\/aureliusjewelry.com\/our-policies\/terms-conditions\/"}}]},"og_availability":"backorder","product_availability":"available for order","product_retailer_item_id":"41493","product_condition":"new"},"_links":{"self":[{"href":"https:\/\/aureliusjewelry.com\/es\/wp-json\/wp\/v2\/product\/48448","targetHints":{"allow":["GET"]}}],"collection":[{"href":"https:\/\/aureliusjewelry.com\/es\/wp-json\/wp\/v2\/product"}],"about":[{"href":"https:\/\/aureliusjewelry.com\/es\/wp-json\/wp\/v2\/types\/product"}],"replies":[{"embeddable":true,"href":"https:\/\/aureliusjewelry.com\/es\/wp-json\/wp\/v2\/comments?post=48448"}],"wp:featuredmedia":[{"embeddable":true,"href":"https:\/\/aureliusjewelry.com\/es\/wp-json\/wp\/v2\/media\/41507"}],"wp:attachment":[{"href":"https:\/\/aureliusjewelry.com\/es\/wp-json\/wp\/v2\/media?parent=48448"}],"wp:term":[{"taxonomy":"product_brand","embeddable":true,"href":"https:\/\/aureliusjewelry.com\/es\/wp-json\/wp\/v2\/product_brand?post=48448"},{"taxonomy":"product_cat","embeddable":true,"href":"https:\/\/aureliusjewelry.com\/es\/wp-json\/wp\/v2\/product_cat?post=48448"},{"taxonomy":"product_tag","embeddable":true,"href":"https:\/\/aureliusjewelry.com\/es\/wp-json\/wp\/v2\/product_tag?post=48448"}],"curies":[{"name":"wp","href":"https:\/\/api.w.org\/{rel}","templated":true}]}}