{"id":48444,"date":"2023-10-15T03:47:11","date_gmt":"2023-10-15T01:47:11","guid":{"rendered":"http:\/\/aureliusjewelry.com\/product\/piedra-preciosa-de-agata-musgosa-en-forma-de-hexagono-en-tobillera\/"},"modified":"2026-03-19T23:32:01","modified_gmt":"2026-03-19T21:32:01","slug":"piedra-preciosa-de-agata-musgosa-en-forma-de-hexagono-en-tobillera","status":"publish","type":"product","link":"https:\/\/aureliusjewelry.com\/es\/piedra-preciosa-de-agata-musgosa-en-forma-de-hexagono-en-tobillera\/","title":{"rendered":"Piedra preciosa de \u00e1gata musgosa en forma de hex\u00e1gono en tobillera"},"content":{"rendered":"<p><strong>Piedra<\/strong><\/p>\n<ul>\n<li>\u00e1gata musgosa hexagonal<\/li>\n<li>aprox. 8x7mm<\/li>\n<\/ul>\n<p><strong>Tipo de cadena y material<\/strong><\/p>\n<ul>\n<li>cadena rolo plana con corte de diamante<\/li>\n<li>disponible en oro amarillo, blanco o rosa de 14k<\/li>\n<li>7-11 pulgadas, cadena m\u00e1s corta o m\u00e1s larga disponible por solicitud<\/li>\n<\/ul>\n","protected":false},"excerpt":{"rendered":"<p>Adorna tu tobillo y combina la belleza de la naturaleza con la elegancia contempor\u00e1nea de nuestra tobillera Hexagon Moss Agate. Elija su \u00e1gata favorita con tonos que van desde verdes intensos hasta sutiles mechones cubiertos de musgo e incorpore tonos terrosos a su guardarropa diario. Comb\u00ednelo perfectamente con su anillo de compromiso, collar o aretes de \u00e1gata musgosa, o cons\u00edgalo como regalo para alguien que aprecie las piedras preciosas naturales.<\/p>\n","protected":false},"featured_media":40764,"comment_status":"open","ping_status":"closed","template":"","meta":[],"product_brand":[],"product_cat":[528,1132,1289],"product_tag":[1221,1187,736],"class_list":{"0":"post-48444","1":"product","2":"type-product","3":"status-publish","4":"has-post-thumbnail","6":"product_cat-joyeria-fina","7":"product_cat-tobillera-de-agata-musgosa","8":"product_cat-tobilleras","9":"product_tag-agata-de-musgo","10":"product_tag-hexagono","11":"product_tag-production_time_3_5-es","13":"first","14":"onbackorder","15":"sold-individually","16":"taxable","17":"shipping-taxable","18":"purchasable","19":"product-type-variable"},"yoast_head":"<title>Piedra preciosa de \u00e1gata musgosa en forma de hex\u00e1gono en tobillera - Aurelius Jewelry<\/title>\n<meta name=\"robots\" content=\"index, follow, max-snippet:-1, max-image-preview:large, max-video-preview:-1\" \/>\n<link rel=\"canonical\" href=\"https:\/\/aureliusjewelry.com\/es\/piedra-preciosa-de-agata-musgosa-en-forma-de-hexagono-en-tobillera\/\" \/>\n<meta property=\"og:locale\" content=\"es_ES\" \/>\n<meta property=\"og:type\" content=\"article\" \/>\n<meta property=\"og:title\" content=\"Piedra preciosa de \u00e1gata musgosa en forma de hex\u00e1gono en tobillera - Aurelius Jewelry\" \/>\n<meta property=\"og:description\" content=\"%\" \/>\n<meta property=\"og:url\" content=\"https:\/\/aureliusjewelry.com\/es\/piedra-preciosa-de-agata-musgosa-en-forma-de-hexagono-en-tobillera\/\" \/>\n<meta property=\"og:site_name\" content=\"Aurelius Jewelry\" \/>\n<meta property=\"article:publisher\" content=\"https:\/\/www.facebook.com\/AureliusJewelry\/\" \/>\n<meta property=\"article:modified_time\" content=\"2026-03-19T21:32:01+00:00\" \/>\n<meta property=\"og:image\" content=\"https:\/\/aureliusjewelry.com\/wp-content\/uploads\/hexagon-moss-agate-anklet-14k-rose-gold.jpg\" \/>\n\t<meta property=\"og:image:width\" content=\"1920\" \/>\n\t<meta property=\"og:image:height\" content=\"1440\" \/>\n\t<meta property=\"og:image:type\" content=\"image\/jpeg\" \/>\n<meta name=\"twitter:card\" content=\"summary_large_image\" \/>\n<meta name=\"twitter:site\" content=\"@AureliusJewelry\" \/>\n<script type=\"application\/ld+json\" class=\"yoast-schema-graph\">{\"@context\":\"https:\\\/\\\/schema.org\",\"@graph\":[{\"@type\":\"WebPage\",\"@id\":\"https:\\\/\\\/aureliusjewelry.com\\\/es\\\/piedra-preciosa-de-agata-musgosa-en-forma-de-hexagono-en-tobillera\\\/\",\"url\":\"https:\\\/\\\/aureliusjewelry.com\\\/es\\\/piedra-preciosa-de-agata-musgosa-en-forma-de-hexagono-en-tobillera\\\/\",\"name\":\"Piedra preciosa de \u00e1gata musgosa en forma de hex\u00e1gono en tobillera - Aurelius Jewelry\",\"isPartOf\":{\"@id\":\"https:\\\/\\\/aureliusjewelry.com\\\/es\\\/#website\"},\"primaryImageOfPage\":{\"@id\":\"https:\\\/\\\/aureliusjewelry.com\\\/es\\\/piedra-preciosa-de-agata-musgosa-en-forma-de-hexagono-en-tobillera\\\/#primaryimage\"},\"image\":{\"@id\":\"https:\\\/\\\/aureliusjewelry.com\\\/es\\\/piedra-preciosa-de-agata-musgosa-en-forma-de-hexagono-en-tobillera\\\/#primaryimage\"},\"thumbnailUrl\":\"https:\\\/\\\/aureliusjewelry.com\\\/wp-content\\\/uploads\\\/hexagon-moss-agate-anklet-14k-rose-gold.jpg\",\"datePublished\":\"2023-10-15T01:47:11+00:00\",\"dateModified\":\"2026-03-19T21:32:01+00:00\",\"breadcrumb\":{\"@id\":\"https:\\\/\\\/aureliusjewelry.com\\\/es\\\/piedra-preciosa-de-agata-musgosa-en-forma-de-hexagono-en-tobillera\\\/#breadcrumb\"},\"inLanguage\":\"es\",\"potentialAction\":[{\"@type\":\"ReadAction\",\"target\":[\"https:\\\/\\\/aureliusjewelry.com\\\/es\\\/piedra-preciosa-de-agata-musgosa-en-forma-de-hexagono-en-tobillera\\\/\"]}]},{\"@type\":\"ImageObject\",\"inLanguage\":\"es\",\"@id\":\"https:\\\/\\\/aureliusjewelry.com\\\/es\\\/piedra-preciosa-de-agata-musgosa-en-forma-de-hexagono-en-tobillera\\\/#primaryimage\",\"url\":\"https:\\\/\\\/aureliusjewelry.com\\\/wp-content\\\/uploads\\\/hexagon-moss-agate-anklet-14k-rose-gold.jpg\",\"contentUrl\":\"https:\\\/\\\/aureliusjewelry.com\\\/wp-content\\\/uploads\\\/hexagon-moss-agate-anklet-14k-rose-gold.jpg\",\"width\":1920,\"height\":1440},{\"@type\":\"BreadcrumbList\",\"@id\":\"https:\\\/\\\/aureliusjewelry.com\\\/es\\\/piedra-preciosa-de-agata-musgosa-en-forma-de-hexagono-en-tobillera\\\/#breadcrumb\",\"itemListElement\":[{\"@type\":\"ListItem\",\"position\":1,\"name\":\"Home\",\"item\":\"https:\\\/\\\/aureliusjewelry.com\\\/es\\\/\"},{\"@type\":\"ListItem\",\"position\":2,\"name\":\"Shop\",\"item\":\"https:\\\/\\\/aureliusjewelry.com\\\/shop\\\/\"},{\"@type\":\"ListItem\",\"position\":3,\"name\":\"Piedra preciosa de \u00e1gata musgosa en forma de hex\u00e1gono en tobillera\"}]},{\"@type\":\"WebSite\",\"@id\":\"https:\\\/\\\/aureliusjewelry.com\\\/es\\\/#website\",\"url\":\"https:\\\/\\\/aureliusjewelry.com\\\/es\\\/\",\"name\":\"Aurelius Jewelry\",\"description\":\"Handmade Fine Gold Jewelry\",\"publisher\":{\"@id\":\"https:\\\/\\\/aureliusjewelry.com\\\/es\\\/#organization\"},\"potentialAction\":[{\"@type\":\"SearchAction\",\"target\":{\"@type\":\"EntryPoint\",\"urlTemplate\":\"https:\\\/\\\/aureliusjewelry.com\\\/es\\\/?s={search_term_string}\"},\"query-input\":{\"@type\":\"PropertyValueSpecification\",\"valueRequired\":true,\"valueName\":\"search_term_string\"}}],\"inLanguage\":\"es\"},{\"@type\":\"Organization\",\"@id\":\"https:\\\/\\\/aureliusjewelry.com\\\/es\\\/#organization\",\"name\":\"Aurelius Jewelry\",\"url\":\"https:\\\/\\\/aureliusjewelry.com\\\/es\\\/\",\"logo\":{\"@type\":\"ImageObject\",\"inLanguage\":\"es\",\"@id\":\"https:\\\/\\\/aureliusjewelry.com\\\/es\\\/#\\\/schema\\\/logo\\\/image\\\/\",\"url\":\"https:\\\/\\\/aureliusjewelry.com\\\/wp-content\\\/uploads\\\/logo.png\",\"contentUrl\":\"https:\\\/\\\/aureliusjewelry.com\\\/wp-content\\\/uploads\\\/logo.png\",\"width\":400,\"height\":64,\"caption\":\"Aurelius Jewelry\"},\"image\":{\"@id\":\"https:\\\/\\\/aureliusjewelry.com\\\/es\\\/#\\\/schema\\\/logo\\\/image\\\/\"},\"sameAs\":[\"https:\\\/\\\/www.facebook.com\\\/AureliusJewelry\\\/\",\"https:\\\/\\\/x.com\\\/AureliusJewelry\",\"https:\\\/\\\/instagram.com\\\/aureliusjewelry\",\"https:\\\/\\\/www.pinterest.com\\\/AureliusJewelry\\\/\"],\"email\":\"info@aureliusjewelry.com\",\"foundingDate\":\"2018-10-01\",\"vatID\":\"SI10391070\",\"hasMerchantReturnPolicy\":{\"@type\":\"MerchantReturnPolicy\",\"merchantReturnLink\":\"https:\\\/\\\/aureliusjewelry.com\\\/our-policies\\\/terms-conditions\\\/\"}}]}<\/script>\n<meta property=\"og:availability\" content=\"backorder\" \/>\n<meta property=\"product:availability\" content=\"available for order\" \/>\n<meta property=\"product:retailer_item_id\" content=\"40754\" \/>\n<meta property=\"product:condition\" content=\"new\" \/>","yoast_head_json":{"title":"Piedra preciosa de \u00e1gata musgosa en forma de hex\u00e1gono en tobillera - Aurelius Jewelry","robots":{"index":"index","follow":"follow","max-snippet":"max-snippet:-1","max-image-preview":"max-image-preview:large","max-video-preview":"max-video-preview:-1"},"canonical":"https:\/\/aureliusjewelry.com\/es\/piedra-preciosa-de-agata-musgosa-en-forma-de-hexagono-en-tobillera\/","og_locale":"es_ES","og_type":"article","og_title":"Piedra preciosa de \u00e1gata musgosa en forma de hex\u00e1gono en tobillera - Aurelius Jewelry","og_description":"%","og_url":"https:\/\/aureliusjewelry.com\/es\/piedra-preciosa-de-agata-musgosa-en-forma-de-hexagono-en-tobillera\/","og_site_name":"Aurelius Jewelry","article_publisher":"https:\/\/www.facebook.com\/AureliusJewelry\/","article_modified_time":"2026-03-19T21:32:01+00:00","og_image":[{"width":1920,"height":1440,"url":"https:\/\/aureliusjewelry.com\/wp-content\/uploads\/hexagon-moss-agate-anklet-14k-rose-gold.jpg","type":"image\/jpeg"}],"twitter_card":"summary_large_image","twitter_site":"@AureliusJewelry","schema":{"@context":"https:\/\/schema.org","@graph":[{"@type":"WebPage","@id":"https:\/\/aureliusjewelry.com\/es\/piedra-preciosa-de-agata-musgosa-en-forma-de-hexagono-en-tobillera\/","url":"https:\/\/aureliusjewelry.com\/es\/piedra-preciosa-de-agata-musgosa-en-forma-de-hexagono-en-tobillera\/","name":"Piedra preciosa de \u00e1gata musgosa en forma de hex\u00e1gono en tobillera - Aurelius Jewelry","isPartOf":{"@id":"https:\/\/aureliusjewelry.com\/es\/#website"},"primaryImageOfPage":{"@id":"https:\/\/aureliusjewelry.com\/es\/piedra-preciosa-de-agata-musgosa-en-forma-de-hexagono-en-tobillera\/#primaryimage"},"image":{"@id":"https:\/\/aureliusjewelry.com\/es\/piedra-preciosa-de-agata-musgosa-en-forma-de-hexagono-en-tobillera\/#primaryimage"},"thumbnailUrl":"https:\/\/aureliusjewelry.com\/wp-content\/uploads\/hexagon-moss-agate-anklet-14k-rose-gold.jpg","datePublished":"2023-10-15T01:47:11+00:00","dateModified":"2026-03-19T21:32:01+00:00","breadcrumb":{"@id":"https:\/\/aureliusjewelry.com\/es\/piedra-preciosa-de-agata-musgosa-en-forma-de-hexagono-en-tobillera\/#breadcrumb"},"inLanguage":"es","potentialAction":[{"@type":"ReadAction","target":["https:\/\/aureliusjewelry.com\/es\/piedra-preciosa-de-agata-musgosa-en-forma-de-hexagono-en-tobillera\/"]}]},{"@type":"ImageObject","inLanguage":"es","@id":"https:\/\/aureliusjewelry.com\/es\/piedra-preciosa-de-agata-musgosa-en-forma-de-hexagono-en-tobillera\/#primaryimage","url":"https:\/\/aureliusjewelry.com\/wp-content\/uploads\/hexagon-moss-agate-anklet-14k-rose-gold.jpg","contentUrl":"https:\/\/aureliusjewelry.com\/wp-content\/uploads\/hexagon-moss-agate-anklet-14k-rose-gold.jpg","width":1920,"height":1440},{"@type":"BreadcrumbList","@id":"https:\/\/aureliusjewelry.com\/es\/piedra-preciosa-de-agata-musgosa-en-forma-de-hexagono-en-tobillera\/#breadcrumb","itemListElement":[{"@type":"ListItem","position":1,"name":"Home","item":"https:\/\/aureliusjewelry.com\/es\/"},{"@type":"ListItem","position":2,"name":"Shop","item":"https:\/\/aureliusjewelry.com\/shop\/"},{"@type":"ListItem","position":3,"name":"Piedra preciosa de \u00e1gata musgosa en forma de hex\u00e1gono en tobillera"}]},{"@type":"WebSite","@id":"https:\/\/aureliusjewelry.com\/es\/#website","url":"https:\/\/aureliusjewelry.com\/es\/","name":"Aurelius Jewelry","description":"Handmade Fine Gold Jewelry","publisher":{"@id":"https:\/\/aureliusjewelry.com\/es\/#organization"},"potentialAction":[{"@type":"SearchAction","target":{"@type":"EntryPoint","urlTemplate":"https:\/\/aureliusjewelry.com\/es\/?s={search_term_string}"},"query-input":{"@type":"PropertyValueSpecification","valueRequired":true,"valueName":"search_term_string"}}],"inLanguage":"es"},{"@type":"Organization","@id":"https:\/\/aureliusjewelry.com\/es\/#organization","name":"Aurelius Jewelry","url":"https:\/\/aureliusjewelry.com\/es\/","logo":{"@type":"ImageObject","inLanguage":"es","@id":"https:\/\/aureliusjewelry.com\/es\/#\/schema\/logo\/image\/","url":"https:\/\/aureliusjewelry.com\/wp-content\/uploads\/logo.png","contentUrl":"https:\/\/aureliusjewelry.com\/wp-content\/uploads\/logo.png","width":400,"height":64,"caption":"Aurelius Jewelry"},"image":{"@id":"https:\/\/aureliusjewelry.com\/es\/#\/schema\/logo\/image\/"},"sameAs":["https:\/\/www.facebook.com\/AureliusJewelry\/","https:\/\/x.com\/AureliusJewelry","https:\/\/instagram.com\/aureliusjewelry","https:\/\/www.pinterest.com\/AureliusJewelry\/"],"email":"info@aureliusjewelry.com","foundingDate":"2018-10-01","vatID":"SI10391070","hasMerchantReturnPolicy":{"@type":"MerchantReturnPolicy","merchantReturnLink":"https:\/\/aureliusjewelry.com\/our-policies\/terms-conditions\/"}}]},"og_availability":"backorder","product_availability":"available for order","product_retailer_item_id":"40754","product_condition":"new"},"_links":{"self":[{"href":"https:\/\/aureliusjewelry.com\/es\/wp-json\/wp\/v2\/product\/48444","targetHints":{"allow":["GET"]}}],"collection":[{"href":"https:\/\/aureliusjewelry.com\/es\/wp-json\/wp\/v2\/product"}],"about":[{"href":"https:\/\/aureliusjewelry.com\/es\/wp-json\/wp\/v2\/types\/product"}],"replies":[{"embeddable":true,"href":"https:\/\/aureliusjewelry.com\/es\/wp-json\/wp\/v2\/comments?post=48444"}],"wp:featuredmedia":[{"embeddable":true,"href":"https:\/\/aureliusjewelry.com\/es\/wp-json\/wp\/v2\/media\/40764"}],"wp:attachment":[{"href":"https:\/\/aureliusjewelry.com\/es\/wp-json\/wp\/v2\/media?parent=48444"}],"wp:term":[{"taxonomy":"product_brand","embeddable":true,"href":"https:\/\/aureliusjewelry.com\/es\/wp-json\/wp\/v2\/product_brand?post=48444"},{"taxonomy":"product_cat","embeddable":true,"href":"https:\/\/aureliusjewelry.com\/es\/wp-json\/wp\/v2\/product_cat?post=48444"},{"taxonomy":"product_tag","embeddable":true,"href":"https:\/\/aureliusjewelry.com\/es\/wp-json\/wp\/v2\/product_tag?post=48444"}],"curies":[{"name":"wp","href":"https:\/\/api.w.org\/{rel}","templated":true}]}}