{"id":46854,"date":"2023-09-14T04:00:30","date_gmt":"2023-09-14T02:00:30","guid":{"rendered":"http:\/\/aureliusjewelry.com\/product\/conjunto-nupcial-de-agata-en-forma-de-cometa-azul-suizo-con-anillo-abierto-de-diamantes-marquesa\/"},"modified":"2026-03-22T14:48:40","modified_gmt":"2026-03-22T12:48:40","slug":"conjunto-nupcial-de-agata-en-forma-de-cometa-azul-suizo-con-anillo-abierto-de-diamantes-marquesa","status":"publish","type":"product","link":"https:\/\/aureliusjewelry.com\/es\/conjunto-nupcial-de-agata-en-forma-de-cometa-azul-suizo-con-anillo-abierto-de-diamantes-marquesa\/","title":{"rendered":"Conjunto Nupcial de \u00c1gata en Forma de Cometa Azul Suizo con Anillo Abierto de Diamantes Marquesa"},"content":{"rendered":"<p><strong>Anillo de compromiso<\/strong><\/p>\n<ul>\n<li>cometa topacio azul suizo<\/li>\n<li>aprox. 9x6mm<\/li>\n<li>diamantes redondos<\/li>\n<li>aprox. 1.25, 1mm (6)<\/li>\n<li>Color F\/G, claridad VS, libre de conflictos<\/li>\n<\/ul>\n<p><strong>Alianza de boda<\/strong><\/p>\n<ul>\n<li>diamantes marquesa y redondos<\/li>\n<li>aprox. 3&#215;1.5mm (2), 1.25mm (4)<\/li>\n<li>Color F\/G, claridad VS, libre de conflictos<\/li>\n<\/ul>\n<p><strong>Medidas y material de la banda<\/strong><\/p>\n<ul>\n<li>1.5mm ancho, 1.6mm grueso<\/li>\n<li>disponible en oro amarillo, blanco o rosa de 585\/1000 (14k) o 750\/1000 (18k) y platino 950\/1000<\/li>\n<li>Tama\u00f1o de anillo de EE. UU. 3-9, tama\u00f1os m\u00e1s peque\u00f1os o m\u00e1s grandes disponibles seg\u00fan solicitud<\/li>\n<\/ul>\n","protected":false},"excerpt":{"rendered":"<p>Celebra tu amor con nuestro Conjunto Nupcial de \u00c1gata en Forma de Cometa Azul Suizo con Anillo Abierto de Diamantes Marquesa. En su centro hay una vibrante piedra de nacimiento de diciembre, asegurada en un engaste de 5 puntas y adornada con siete diamantes. En tu d\u00eda especial, comb\u00ednalo con la banda de boda abierta de diamantes a juego y crea un impresionante conjunto nupcial.<\/p>\n","protected":false},"featured_media":38295,"comment_status":"open","ping_status":"closed","template":"","meta":[],"product_brand":[],"product_cat":[1580,535,518,472,480],"product_tag":[1248,1193,1251,736,735,1276],"class_list":{"0":"post-46854","1":"product","2":"type-product","3":"status-publish","4":"has-post-thumbnail","6":"product_cat-anillo-de-bodas-de-dos-piezas","7":"product_cat-anillos","8":"product_cat-conjuntos-de-anillos-de-boda","9":"product_cat-contemporaneo","10":"product_cat-emparejado","11":"product_tag-anillo","12":"product_tag-cometa","13":"product_tag-juego-de-anillos","14":"product_tag-production_time_3_5-es","15":"product_tag-rings-es-tag","16":"product_tag-topacio","18":"first","19":"onbackorder","20":"sold-individually","21":"taxable","22":"shipping-taxable","23":"purchasable","24":"product-type-variable"},"yoast_head":"<title>Conjunto Nupcial de \u00c1gata en Forma de Cometa Azul Suizo con Anillo Abierto de Diamantes Marquesa - Aurelius Jewelry<\/title>\n<meta name=\"robots\" content=\"index, follow, max-snippet:-1, max-image-preview:large, max-video-preview:-1\" \/>\n<link rel=\"canonical\" href=\"https:\/\/aureliusjewelry.com\/es\/conjunto-nupcial-de-agata-en-forma-de-cometa-azul-suizo-con-anillo-abierto-de-diamantes-marquesa\/\" \/>\n<meta property=\"og:locale\" content=\"es_ES\" \/>\n<meta property=\"og:type\" content=\"article\" \/>\n<meta property=\"og:title\" content=\"Conjunto Nupcial de \u00c1gata en Forma de Cometa Azul Suizo con Anillo Abierto de Diamantes Marquesa - Aurelius Jewelry\" \/>\n<meta property=\"og:description\" content=\"%\" \/>\n<meta property=\"og:url\" content=\"https:\/\/aureliusjewelry.com\/es\/conjunto-nupcial-de-agata-en-forma-de-cometa-azul-suizo-con-anillo-abierto-de-diamantes-marquesa\/\" \/>\n<meta property=\"og:site_name\" content=\"Aurelius Jewelry\" \/>\n<meta property=\"article:publisher\" content=\"https:\/\/www.facebook.com\/AureliusJewelry\/\" \/>\n<meta property=\"article:modified_time\" content=\"2026-03-22T12:48:40+00:00\" \/>\n<meta property=\"og:image\" content=\"https:\/\/aureliusjewelry.com\/wp-content\/uploads\/yellow-gold-kite-topaz-diamond-ring-set.jpg\" \/>\n\t<meta property=\"og:image:width\" content=\"1920\" \/>\n\t<meta property=\"og:image:height\" content=\"1440\" \/>\n\t<meta property=\"og:image:type\" content=\"image\/jpeg\" \/>\n<meta name=\"twitter:card\" content=\"summary_large_image\" \/>\n<meta name=\"twitter:site\" content=\"@AureliusJewelry\" \/>\n<script type=\"application\/ld+json\" class=\"yoast-schema-graph\">{\"@context\":\"https:\\\/\\\/schema.org\",\"@graph\":[{\"@type\":\"WebPage\",\"@id\":\"https:\\\/\\\/aureliusjewelry.com\\\/es\\\/conjunto-nupcial-de-agata-en-forma-de-cometa-azul-suizo-con-anillo-abierto-de-diamantes-marquesa\\\/\",\"url\":\"https:\\\/\\\/aureliusjewelry.com\\\/es\\\/conjunto-nupcial-de-agata-en-forma-de-cometa-azul-suizo-con-anillo-abierto-de-diamantes-marquesa\\\/\",\"name\":\"Conjunto Nupcial de \u00c1gata en Forma de Cometa Azul Suizo con Anillo Abierto de Diamantes Marquesa - Aurelius Jewelry\",\"isPartOf\":{\"@id\":\"https:\\\/\\\/aureliusjewelry.com\\\/es\\\/#website\"},\"primaryImageOfPage\":{\"@id\":\"https:\\\/\\\/aureliusjewelry.com\\\/es\\\/conjunto-nupcial-de-agata-en-forma-de-cometa-azul-suizo-con-anillo-abierto-de-diamantes-marquesa\\\/#primaryimage\"},\"image\":{\"@id\":\"https:\\\/\\\/aureliusjewelry.com\\\/es\\\/conjunto-nupcial-de-agata-en-forma-de-cometa-azul-suizo-con-anillo-abierto-de-diamantes-marquesa\\\/#primaryimage\"},\"thumbnailUrl\":\"https:\\\/\\\/aureliusjewelry.com\\\/wp-content\\\/uploads\\\/yellow-gold-kite-topaz-diamond-ring-set.jpg\",\"datePublished\":\"2023-09-14T02:00:30+00:00\",\"dateModified\":\"2026-03-22T12:48:40+00:00\",\"breadcrumb\":{\"@id\":\"https:\\\/\\\/aureliusjewelry.com\\\/es\\\/conjunto-nupcial-de-agata-en-forma-de-cometa-azul-suizo-con-anillo-abierto-de-diamantes-marquesa\\\/#breadcrumb\"},\"inLanguage\":\"es\",\"potentialAction\":[{\"@type\":\"ReadAction\",\"target\":[\"https:\\\/\\\/aureliusjewelry.com\\\/es\\\/conjunto-nupcial-de-agata-en-forma-de-cometa-azul-suizo-con-anillo-abierto-de-diamantes-marquesa\\\/\"]}]},{\"@type\":\"ImageObject\",\"inLanguage\":\"es\",\"@id\":\"https:\\\/\\\/aureliusjewelry.com\\\/es\\\/conjunto-nupcial-de-agata-en-forma-de-cometa-azul-suizo-con-anillo-abierto-de-diamantes-marquesa\\\/#primaryimage\",\"url\":\"https:\\\/\\\/aureliusjewelry.com\\\/wp-content\\\/uploads\\\/yellow-gold-kite-topaz-diamond-ring-set.jpg\",\"contentUrl\":\"https:\\\/\\\/aureliusjewelry.com\\\/wp-content\\\/uploads\\\/yellow-gold-kite-topaz-diamond-ring-set.jpg\",\"width\":1920,\"height\":1440},{\"@type\":\"BreadcrumbList\",\"@id\":\"https:\\\/\\\/aureliusjewelry.com\\\/es\\\/conjunto-nupcial-de-agata-en-forma-de-cometa-azul-suizo-con-anillo-abierto-de-diamantes-marquesa\\\/#breadcrumb\",\"itemListElement\":[{\"@type\":\"ListItem\",\"position\":1,\"name\":\"Home\",\"item\":\"https:\\\/\\\/aureliusjewelry.com\\\/es\\\/\"},{\"@type\":\"ListItem\",\"position\":2,\"name\":\"Shop\",\"item\":\"https:\\\/\\\/aureliusjewelry.com\\\/shop\\\/\"},{\"@type\":\"ListItem\",\"position\":3,\"name\":\"Conjunto Nupcial de \u00c1gata en Forma de Cometa Azul Suizo con Anillo Abierto de Diamantes Marquesa\"}]},{\"@type\":\"WebSite\",\"@id\":\"https:\\\/\\\/aureliusjewelry.com\\\/es\\\/#website\",\"url\":\"https:\\\/\\\/aureliusjewelry.com\\\/es\\\/\",\"name\":\"Aurelius Jewelry\",\"description\":\"Handmade Fine Gold Jewelry\",\"publisher\":{\"@id\":\"https:\\\/\\\/aureliusjewelry.com\\\/es\\\/#organization\"},\"potentialAction\":[{\"@type\":\"SearchAction\",\"target\":{\"@type\":\"EntryPoint\",\"urlTemplate\":\"https:\\\/\\\/aureliusjewelry.com\\\/es\\\/?s={search_term_string}\"},\"query-input\":{\"@type\":\"PropertyValueSpecification\",\"valueRequired\":true,\"valueName\":\"search_term_string\"}}],\"inLanguage\":\"es\"},{\"@type\":\"Organization\",\"@id\":\"https:\\\/\\\/aureliusjewelry.com\\\/es\\\/#organization\",\"name\":\"Aurelius Jewelry\",\"url\":\"https:\\\/\\\/aureliusjewelry.com\\\/es\\\/\",\"logo\":{\"@type\":\"ImageObject\",\"inLanguage\":\"es\",\"@id\":\"https:\\\/\\\/aureliusjewelry.com\\\/es\\\/#\\\/schema\\\/logo\\\/image\\\/\",\"url\":\"https:\\\/\\\/aureliusjewelry.com\\\/wp-content\\\/uploads\\\/logo.png\",\"contentUrl\":\"https:\\\/\\\/aureliusjewelry.com\\\/wp-content\\\/uploads\\\/logo.png\",\"width\":400,\"height\":64,\"caption\":\"Aurelius Jewelry\"},\"image\":{\"@id\":\"https:\\\/\\\/aureliusjewelry.com\\\/es\\\/#\\\/schema\\\/logo\\\/image\\\/\"},\"sameAs\":[\"https:\\\/\\\/www.facebook.com\\\/AureliusJewelry\\\/\",\"https:\\\/\\\/x.com\\\/AureliusJewelry\",\"https:\\\/\\\/instagram.com\\\/aureliusjewelry\",\"https:\\\/\\\/www.pinterest.com\\\/AureliusJewelry\\\/\"],\"email\":\"info@aureliusjewelry.com\",\"foundingDate\":\"2018-10-01\",\"vatID\":\"SI10391070\",\"hasMerchantReturnPolicy\":{\"@type\":\"MerchantReturnPolicy\",\"merchantReturnLink\":\"https:\\\/\\\/aureliusjewelry.com\\\/our-policies\\\/terms-conditions\\\/\"}}]}<\/script>\n<meta property=\"og:availability\" content=\"backorder\" \/>\n<meta property=\"product:availability\" content=\"available for order\" \/>\n<meta property=\"product:retailer_item_id\" content=\"38281\" \/>\n<meta property=\"product:condition\" content=\"new\" \/>","yoast_head_json":{"title":"Conjunto Nupcial de \u00c1gata en Forma de Cometa Azul Suizo con Anillo Abierto de Diamantes Marquesa - Aurelius Jewelry","robots":{"index":"index","follow":"follow","max-snippet":"max-snippet:-1","max-image-preview":"max-image-preview:large","max-video-preview":"max-video-preview:-1"},"canonical":"https:\/\/aureliusjewelry.com\/es\/conjunto-nupcial-de-agata-en-forma-de-cometa-azul-suizo-con-anillo-abierto-de-diamantes-marquesa\/","og_locale":"es_ES","og_type":"article","og_title":"Conjunto Nupcial de \u00c1gata en Forma de Cometa Azul Suizo con Anillo Abierto de Diamantes Marquesa - Aurelius Jewelry","og_description":"%","og_url":"https:\/\/aureliusjewelry.com\/es\/conjunto-nupcial-de-agata-en-forma-de-cometa-azul-suizo-con-anillo-abierto-de-diamantes-marquesa\/","og_site_name":"Aurelius Jewelry","article_publisher":"https:\/\/www.facebook.com\/AureliusJewelry\/","article_modified_time":"2026-03-22T12:48:40+00:00","og_image":[{"width":1920,"height":1440,"url":"https:\/\/aureliusjewelry.com\/wp-content\/uploads\/yellow-gold-kite-topaz-diamond-ring-set.jpg","type":"image\/jpeg"}],"twitter_card":"summary_large_image","twitter_site":"@AureliusJewelry","schema":{"@context":"https:\/\/schema.org","@graph":[{"@type":"WebPage","@id":"https:\/\/aureliusjewelry.com\/es\/conjunto-nupcial-de-agata-en-forma-de-cometa-azul-suizo-con-anillo-abierto-de-diamantes-marquesa\/","url":"https:\/\/aureliusjewelry.com\/es\/conjunto-nupcial-de-agata-en-forma-de-cometa-azul-suizo-con-anillo-abierto-de-diamantes-marquesa\/","name":"Conjunto Nupcial de \u00c1gata en Forma de Cometa Azul Suizo con Anillo Abierto de Diamantes Marquesa - Aurelius Jewelry","isPartOf":{"@id":"https:\/\/aureliusjewelry.com\/es\/#website"},"primaryImageOfPage":{"@id":"https:\/\/aureliusjewelry.com\/es\/conjunto-nupcial-de-agata-en-forma-de-cometa-azul-suizo-con-anillo-abierto-de-diamantes-marquesa\/#primaryimage"},"image":{"@id":"https:\/\/aureliusjewelry.com\/es\/conjunto-nupcial-de-agata-en-forma-de-cometa-azul-suizo-con-anillo-abierto-de-diamantes-marquesa\/#primaryimage"},"thumbnailUrl":"https:\/\/aureliusjewelry.com\/wp-content\/uploads\/yellow-gold-kite-topaz-diamond-ring-set.jpg","datePublished":"2023-09-14T02:00:30+00:00","dateModified":"2026-03-22T12:48:40+00:00","breadcrumb":{"@id":"https:\/\/aureliusjewelry.com\/es\/conjunto-nupcial-de-agata-en-forma-de-cometa-azul-suizo-con-anillo-abierto-de-diamantes-marquesa\/#breadcrumb"},"inLanguage":"es","potentialAction":[{"@type":"ReadAction","target":["https:\/\/aureliusjewelry.com\/es\/conjunto-nupcial-de-agata-en-forma-de-cometa-azul-suizo-con-anillo-abierto-de-diamantes-marquesa\/"]}]},{"@type":"ImageObject","inLanguage":"es","@id":"https:\/\/aureliusjewelry.com\/es\/conjunto-nupcial-de-agata-en-forma-de-cometa-azul-suizo-con-anillo-abierto-de-diamantes-marquesa\/#primaryimage","url":"https:\/\/aureliusjewelry.com\/wp-content\/uploads\/yellow-gold-kite-topaz-diamond-ring-set.jpg","contentUrl":"https:\/\/aureliusjewelry.com\/wp-content\/uploads\/yellow-gold-kite-topaz-diamond-ring-set.jpg","width":1920,"height":1440},{"@type":"BreadcrumbList","@id":"https:\/\/aureliusjewelry.com\/es\/conjunto-nupcial-de-agata-en-forma-de-cometa-azul-suizo-con-anillo-abierto-de-diamantes-marquesa\/#breadcrumb","itemListElement":[{"@type":"ListItem","position":1,"name":"Home","item":"https:\/\/aureliusjewelry.com\/es\/"},{"@type":"ListItem","position":2,"name":"Shop","item":"https:\/\/aureliusjewelry.com\/shop\/"},{"@type":"ListItem","position":3,"name":"Conjunto Nupcial de \u00c1gata en Forma de Cometa Azul Suizo con Anillo Abierto de Diamantes Marquesa"}]},{"@type":"WebSite","@id":"https:\/\/aureliusjewelry.com\/es\/#website","url":"https:\/\/aureliusjewelry.com\/es\/","name":"Aurelius Jewelry","description":"Handmade Fine Gold Jewelry","publisher":{"@id":"https:\/\/aureliusjewelry.com\/es\/#organization"},"potentialAction":[{"@type":"SearchAction","target":{"@type":"EntryPoint","urlTemplate":"https:\/\/aureliusjewelry.com\/es\/?s={search_term_string}"},"query-input":{"@type":"PropertyValueSpecification","valueRequired":true,"valueName":"search_term_string"}}],"inLanguage":"es"},{"@type":"Organization","@id":"https:\/\/aureliusjewelry.com\/es\/#organization","name":"Aurelius Jewelry","url":"https:\/\/aureliusjewelry.com\/es\/","logo":{"@type":"ImageObject","inLanguage":"es","@id":"https:\/\/aureliusjewelry.com\/es\/#\/schema\/logo\/image\/","url":"https:\/\/aureliusjewelry.com\/wp-content\/uploads\/logo.png","contentUrl":"https:\/\/aureliusjewelry.com\/wp-content\/uploads\/logo.png","width":400,"height":64,"caption":"Aurelius Jewelry"},"image":{"@id":"https:\/\/aureliusjewelry.com\/es\/#\/schema\/logo\/image\/"},"sameAs":["https:\/\/www.facebook.com\/AureliusJewelry\/","https:\/\/x.com\/AureliusJewelry","https:\/\/instagram.com\/aureliusjewelry","https:\/\/www.pinterest.com\/AureliusJewelry\/"],"email":"info@aureliusjewelry.com","foundingDate":"2018-10-01","vatID":"SI10391070","hasMerchantReturnPolicy":{"@type":"MerchantReturnPolicy","merchantReturnLink":"https:\/\/aureliusjewelry.com\/our-policies\/terms-conditions\/"}}]},"og_availability":"backorder","product_availability":"available for order","product_retailer_item_id":"38281","product_condition":"new"},"_links":{"self":[{"href":"https:\/\/aureliusjewelry.com\/es\/wp-json\/wp\/v2\/product\/46854","targetHints":{"allow":["GET"]}}],"collection":[{"href":"https:\/\/aureliusjewelry.com\/es\/wp-json\/wp\/v2\/product"}],"about":[{"href":"https:\/\/aureliusjewelry.com\/es\/wp-json\/wp\/v2\/types\/product"}],"replies":[{"embeddable":true,"href":"https:\/\/aureliusjewelry.com\/es\/wp-json\/wp\/v2\/comments?post=46854"}],"wp:featuredmedia":[{"embeddable":true,"href":"https:\/\/aureliusjewelry.com\/es\/wp-json\/wp\/v2\/media\/38295"}],"wp:attachment":[{"href":"https:\/\/aureliusjewelry.com\/es\/wp-json\/wp\/v2\/media?parent=46854"}],"wp:term":[{"taxonomy":"product_brand","embeddable":true,"href":"https:\/\/aureliusjewelry.com\/es\/wp-json\/wp\/v2\/product_brand?post=46854"},{"taxonomy":"product_cat","embeddable":true,"href":"https:\/\/aureliusjewelry.com\/es\/wp-json\/wp\/v2\/product_cat?post=46854"},{"taxonomy":"product_tag","embeddable":true,"href":"https:\/\/aureliusjewelry.com\/es\/wp-json\/wp\/v2\/product_tag?post=46854"}],"curies":[{"name":"wp","href":"https:\/\/api.w.org\/{rel}","templated":true}]}}