{"id":46696,"date":"2023-08-29T12:19:47","date_gmt":"2023-08-29T10:19:47","guid":{"rendered":"http:\/\/aureliusjewelry.com\/?post_type=product&#038;p=46696"},"modified":"2026-03-20T18:01:31","modified_gmt":"2026-03-20T16:01:31","slug":"conjunto-de-anillo-solitario-de-agata-en-forma-de-cometa-con-anillo-de-diamantes-de-marquesa-abierta","status":"publish","type":"product","link":"https:\/\/aureliusjewelry.com\/es\/conjunto-de-anillo-solitario-de-agata-en-forma-de-cometa-con-anillo-de-diamantes-de-marquesa-abierta\/","title":{"rendered":"Conjunto de Anillo Solitario de \u00c1gata en Forma de Cometa con Anillo de Diamantes de Marquesa Abierta"},"content":{"rendered":"<p><strong>Anillo de compromiso<\/strong><\/p>\n<ul>\n<li>cometa amatista<\/li>\n<li>aprox. 10x7mm<\/li>\n<\/ul>\n<p><strong>Alianza de boda<\/strong><\/p>\n<ul>\n<li>diamantes marquesa y redondos<\/li>\n<li>aprox. 3\u00d71.5mm (2), 1.25mm (4)<\/li>\n<li>Color F\/G, claridad VS, libre de conflictos<\/li>\n<\/ul>\n<p><strong>Medidas y material de la banda<\/strong><\/p>\n<ul>\n<li>1.5mm ancho, 1.6mm grueso<\/li>\n<li>disponible en oro amarillo, blanco o rosa de 585\/1000 (14k) o 750\/1000 (18k) y platino 950\/1000<\/li>\n<li>Tama\u00f1o de anillo de EE. UU. 3-9, tama\u00f1os m\u00e1s peque\u00f1os o m\u00e1s grandes disponibles seg\u00fan solicitud<\/li>\n<\/ul>\n","protected":false},"excerpt":{"rendered":"<p>Este d\u00fao radiante consta de nuestro Anillo Solitario de Amatista en Forma de Cometa y Anillo de Diamantes de Marquesa Abierta. En su coraz\u00f3n se encuentra una amatista p\u00farpura real abrazada por un engaste biselado. Sus tonos van desde un violeta intenso hasta el lavanda, simbolizando la tranquilidad y la fuerza interior. Nuestra distintiva banda de boda abierta con diamantes realza el anillo de compromiso pero permite que permanezca en el centro de atenci\u00f3n.<\/p>\n","protected":false},"featured_media":37069,"comment_status":"open","ping_status":"closed","template":"","meta":[],"product_brand":[],"product_cat":[1580,535,518,472,480],"product_tag":[1158,1248,1193,736,735],"class_list":{"0":"post-46696","1":"product","2":"type-product","3":"status-publish","4":"has-post-thumbnail","6":"product_cat-anillo-de-bodas-de-dos-piezas","7":"product_cat-anillos","8":"product_cat-conjuntos-de-anillos-de-boda","9":"product_cat-contemporaneo","10":"product_cat-emparejado","11":"product_tag-amatista","12":"product_tag-anillo","13":"product_tag-cometa","14":"product_tag-production_time_3_5-es","15":"product_tag-rings-es-tag","17":"first","18":"onbackorder","19":"sold-individually","20":"taxable","21":"shipping-taxable","22":"purchasable","23":"product-type-variable"},"yoast_head":"<title>Conjunto de Anillo Solitario de \u00c1gata en Forma de Cometa con Anillo de Diamantes de Marquesa Abierta - Aurelius Jewelry<\/title>\n<meta name=\"robots\" content=\"index, follow, max-snippet:-1, max-image-preview:large, max-video-preview:-1\" \/>\n<link rel=\"canonical\" href=\"https:\/\/aureliusjewelry.com\/es\/conjunto-de-anillo-solitario-de-agata-en-forma-de-cometa-con-anillo-de-diamantes-de-marquesa-abierta\/\" \/>\n<meta property=\"og:locale\" content=\"es_ES\" \/>\n<meta property=\"og:type\" content=\"article\" \/>\n<meta property=\"og:title\" content=\"Conjunto de Anillo Solitario de \u00c1gata en Forma de Cometa con Anillo de Diamantes de Marquesa Abierta - Aurelius Jewelry\" \/>\n<meta property=\"og:description\" content=\"%\" \/>\n<meta property=\"og:url\" content=\"https:\/\/aureliusjewelry.com\/es\/conjunto-de-anillo-solitario-de-agata-en-forma-de-cometa-con-anillo-de-diamantes-de-marquesa-abierta\/\" \/>\n<meta property=\"og:site_name\" content=\"Aurelius Jewelry\" \/>\n<meta property=\"article:publisher\" content=\"https:\/\/www.facebook.com\/AureliusJewelry\/\" \/>\n<meta property=\"article:modified_time\" content=\"2026-03-20T16:01:31+00:00\" \/>\n<meta property=\"og:image\" content=\"https:\/\/aureliusjewelry.com\/wp-content\/uploads\/marquise-diamond-amethyst-engagement-ring-set.jpg\" \/>\n\t<meta property=\"og:image:width\" content=\"1920\" \/>\n\t<meta property=\"og:image:height\" content=\"1440\" \/>\n\t<meta property=\"og:image:type\" content=\"image\/jpeg\" \/>\n<meta name=\"twitter:card\" content=\"summary_large_image\" \/>\n<meta name=\"twitter:site\" content=\"@AureliusJewelry\" \/>\n<script type=\"application\/ld+json\" class=\"yoast-schema-graph\">{\"@context\":\"https:\\\/\\\/schema.org\",\"@graph\":[{\"@type\":\"WebPage\",\"@id\":\"https:\\\/\\\/aureliusjewelry.com\\\/es\\\/conjunto-de-anillo-solitario-de-agata-en-forma-de-cometa-con-anillo-de-diamantes-de-marquesa-abierta\\\/\",\"url\":\"https:\\\/\\\/aureliusjewelry.com\\\/es\\\/conjunto-de-anillo-solitario-de-agata-en-forma-de-cometa-con-anillo-de-diamantes-de-marquesa-abierta\\\/\",\"name\":\"Conjunto de Anillo Solitario de \u00c1gata en Forma de Cometa con Anillo de Diamantes de Marquesa Abierta - Aurelius Jewelry\",\"isPartOf\":{\"@id\":\"https:\\\/\\\/aureliusjewelry.com\\\/es\\\/#website\"},\"primaryImageOfPage\":{\"@id\":\"https:\\\/\\\/aureliusjewelry.com\\\/es\\\/conjunto-de-anillo-solitario-de-agata-en-forma-de-cometa-con-anillo-de-diamantes-de-marquesa-abierta\\\/#primaryimage\"},\"image\":{\"@id\":\"https:\\\/\\\/aureliusjewelry.com\\\/es\\\/conjunto-de-anillo-solitario-de-agata-en-forma-de-cometa-con-anillo-de-diamantes-de-marquesa-abierta\\\/#primaryimage\"},\"thumbnailUrl\":\"https:\\\/\\\/aureliusjewelry.com\\\/wp-content\\\/uploads\\\/marquise-diamond-amethyst-engagement-ring-set.jpg\",\"datePublished\":\"2023-08-29T10:19:47+00:00\",\"dateModified\":\"2026-03-20T16:01:31+00:00\",\"breadcrumb\":{\"@id\":\"https:\\\/\\\/aureliusjewelry.com\\\/es\\\/conjunto-de-anillo-solitario-de-agata-en-forma-de-cometa-con-anillo-de-diamantes-de-marquesa-abierta\\\/#breadcrumb\"},\"inLanguage\":\"es\",\"potentialAction\":[{\"@type\":\"ReadAction\",\"target\":[\"https:\\\/\\\/aureliusjewelry.com\\\/es\\\/conjunto-de-anillo-solitario-de-agata-en-forma-de-cometa-con-anillo-de-diamantes-de-marquesa-abierta\\\/\"]}]},{\"@type\":\"ImageObject\",\"inLanguage\":\"es\",\"@id\":\"https:\\\/\\\/aureliusjewelry.com\\\/es\\\/conjunto-de-anillo-solitario-de-agata-en-forma-de-cometa-con-anillo-de-diamantes-de-marquesa-abierta\\\/#primaryimage\",\"url\":\"https:\\\/\\\/aureliusjewelry.com\\\/wp-content\\\/uploads\\\/marquise-diamond-amethyst-engagement-ring-set.jpg\",\"contentUrl\":\"https:\\\/\\\/aureliusjewelry.com\\\/wp-content\\\/uploads\\\/marquise-diamond-amethyst-engagement-ring-set.jpg\",\"width\":1920,\"height\":1440},{\"@type\":\"BreadcrumbList\",\"@id\":\"https:\\\/\\\/aureliusjewelry.com\\\/es\\\/conjunto-de-anillo-solitario-de-agata-en-forma-de-cometa-con-anillo-de-diamantes-de-marquesa-abierta\\\/#breadcrumb\",\"itemListElement\":[{\"@type\":\"ListItem\",\"position\":1,\"name\":\"Home\",\"item\":\"https:\\\/\\\/aureliusjewelry.com\\\/es\\\/\"},{\"@type\":\"ListItem\",\"position\":2,\"name\":\"Shop\",\"item\":\"https:\\\/\\\/aureliusjewelry.com\\\/shop\\\/\"},{\"@type\":\"ListItem\",\"position\":3,\"name\":\"Conjunto de Anillo Solitario de \u00c1gata en Forma de Cometa con Anillo de Diamantes de Marquesa Abierta\"}]},{\"@type\":\"WebSite\",\"@id\":\"https:\\\/\\\/aureliusjewelry.com\\\/es\\\/#website\",\"url\":\"https:\\\/\\\/aureliusjewelry.com\\\/es\\\/\",\"name\":\"Aurelius Jewelry\",\"description\":\"Handmade Fine Gold Jewelry\",\"publisher\":{\"@id\":\"https:\\\/\\\/aureliusjewelry.com\\\/es\\\/#organization\"},\"potentialAction\":[{\"@type\":\"SearchAction\",\"target\":{\"@type\":\"EntryPoint\",\"urlTemplate\":\"https:\\\/\\\/aureliusjewelry.com\\\/es\\\/?s={search_term_string}\"},\"query-input\":{\"@type\":\"PropertyValueSpecification\",\"valueRequired\":true,\"valueName\":\"search_term_string\"}}],\"inLanguage\":\"es\"},{\"@type\":\"Organization\",\"@id\":\"https:\\\/\\\/aureliusjewelry.com\\\/es\\\/#organization\",\"name\":\"Aurelius Jewelry\",\"url\":\"https:\\\/\\\/aureliusjewelry.com\\\/es\\\/\",\"logo\":{\"@type\":\"ImageObject\",\"inLanguage\":\"es\",\"@id\":\"https:\\\/\\\/aureliusjewelry.com\\\/es\\\/#\\\/schema\\\/logo\\\/image\\\/\",\"url\":\"https:\\\/\\\/aureliusjewelry.com\\\/wp-content\\\/uploads\\\/logo.png\",\"contentUrl\":\"https:\\\/\\\/aureliusjewelry.com\\\/wp-content\\\/uploads\\\/logo.png\",\"width\":400,\"height\":64,\"caption\":\"Aurelius Jewelry\"},\"image\":{\"@id\":\"https:\\\/\\\/aureliusjewelry.com\\\/es\\\/#\\\/schema\\\/logo\\\/image\\\/\"},\"sameAs\":[\"https:\\\/\\\/www.facebook.com\\\/AureliusJewelry\\\/\",\"https:\\\/\\\/x.com\\\/AureliusJewelry\",\"https:\\\/\\\/instagram.com\\\/aureliusjewelry\",\"https:\\\/\\\/www.pinterest.com\\\/AureliusJewelry\\\/\"],\"email\":\"info@aureliusjewelry.com\",\"foundingDate\":\"2018-10-01\",\"vatID\":\"SI10391070\",\"hasMerchantReturnPolicy\":{\"@type\":\"MerchantReturnPolicy\",\"merchantReturnLink\":\"https:\\\/\\\/aureliusjewelry.com\\\/our-policies\\\/terms-conditions\\\/\"}}]}<\/script>\n<meta property=\"og:availability\" content=\"backorder\" \/>\n<meta property=\"product:availability\" content=\"available for order\" \/>\n<meta property=\"product:retailer_item_id\" content=\"37054\" \/>\n<meta property=\"product:condition\" content=\"new\" \/>","yoast_head_json":{"title":"Conjunto de Anillo Solitario de \u00c1gata en Forma de Cometa con Anillo de Diamantes de Marquesa Abierta - Aurelius Jewelry","robots":{"index":"index","follow":"follow","max-snippet":"max-snippet:-1","max-image-preview":"max-image-preview:large","max-video-preview":"max-video-preview:-1"},"canonical":"https:\/\/aureliusjewelry.com\/es\/conjunto-de-anillo-solitario-de-agata-en-forma-de-cometa-con-anillo-de-diamantes-de-marquesa-abierta\/","og_locale":"es_ES","og_type":"article","og_title":"Conjunto de Anillo Solitario de \u00c1gata en Forma de Cometa con Anillo de Diamantes de Marquesa Abierta - Aurelius Jewelry","og_description":"%","og_url":"https:\/\/aureliusjewelry.com\/es\/conjunto-de-anillo-solitario-de-agata-en-forma-de-cometa-con-anillo-de-diamantes-de-marquesa-abierta\/","og_site_name":"Aurelius Jewelry","article_publisher":"https:\/\/www.facebook.com\/AureliusJewelry\/","article_modified_time":"2026-03-20T16:01:31+00:00","og_image":[{"width":1920,"height":1440,"url":"https:\/\/aureliusjewelry.com\/wp-content\/uploads\/marquise-diamond-amethyst-engagement-ring-set.jpg","type":"image\/jpeg"}],"twitter_card":"summary_large_image","twitter_site":"@AureliusJewelry","schema":{"@context":"https:\/\/schema.org","@graph":[{"@type":"WebPage","@id":"https:\/\/aureliusjewelry.com\/es\/conjunto-de-anillo-solitario-de-agata-en-forma-de-cometa-con-anillo-de-diamantes-de-marquesa-abierta\/","url":"https:\/\/aureliusjewelry.com\/es\/conjunto-de-anillo-solitario-de-agata-en-forma-de-cometa-con-anillo-de-diamantes-de-marquesa-abierta\/","name":"Conjunto de Anillo Solitario de \u00c1gata en Forma de Cometa con Anillo de Diamantes de Marquesa Abierta - Aurelius Jewelry","isPartOf":{"@id":"https:\/\/aureliusjewelry.com\/es\/#website"},"primaryImageOfPage":{"@id":"https:\/\/aureliusjewelry.com\/es\/conjunto-de-anillo-solitario-de-agata-en-forma-de-cometa-con-anillo-de-diamantes-de-marquesa-abierta\/#primaryimage"},"image":{"@id":"https:\/\/aureliusjewelry.com\/es\/conjunto-de-anillo-solitario-de-agata-en-forma-de-cometa-con-anillo-de-diamantes-de-marquesa-abierta\/#primaryimage"},"thumbnailUrl":"https:\/\/aureliusjewelry.com\/wp-content\/uploads\/marquise-diamond-amethyst-engagement-ring-set.jpg","datePublished":"2023-08-29T10:19:47+00:00","dateModified":"2026-03-20T16:01:31+00:00","breadcrumb":{"@id":"https:\/\/aureliusjewelry.com\/es\/conjunto-de-anillo-solitario-de-agata-en-forma-de-cometa-con-anillo-de-diamantes-de-marquesa-abierta\/#breadcrumb"},"inLanguage":"es","potentialAction":[{"@type":"ReadAction","target":["https:\/\/aureliusjewelry.com\/es\/conjunto-de-anillo-solitario-de-agata-en-forma-de-cometa-con-anillo-de-diamantes-de-marquesa-abierta\/"]}]},{"@type":"ImageObject","inLanguage":"es","@id":"https:\/\/aureliusjewelry.com\/es\/conjunto-de-anillo-solitario-de-agata-en-forma-de-cometa-con-anillo-de-diamantes-de-marquesa-abierta\/#primaryimage","url":"https:\/\/aureliusjewelry.com\/wp-content\/uploads\/marquise-diamond-amethyst-engagement-ring-set.jpg","contentUrl":"https:\/\/aureliusjewelry.com\/wp-content\/uploads\/marquise-diamond-amethyst-engagement-ring-set.jpg","width":1920,"height":1440},{"@type":"BreadcrumbList","@id":"https:\/\/aureliusjewelry.com\/es\/conjunto-de-anillo-solitario-de-agata-en-forma-de-cometa-con-anillo-de-diamantes-de-marquesa-abierta\/#breadcrumb","itemListElement":[{"@type":"ListItem","position":1,"name":"Home","item":"https:\/\/aureliusjewelry.com\/es\/"},{"@type":"ListItem","position":2,"name":"Shop","item":"https:\/\/aureliusjewelry.com\/shop\/"},{"@type":"ListItem","position":3,"name":"Conjunto de Anillo Solitario de \u00c1gata en Forma de Cometa con Anillo de Diamantes de Marquesa Abierta"}]},{"@type":"WebSite","@id":"https:\/\/aureliusjewelry.com\/es\/#website","url":"https:\/\/aureliusjewelry.com\/es\/","name":"Aurelius Jewelry","description":"Handmade Fine Gold Jewelry","publisher":{"@id":"https:\/\/aureliusjewelry.com\/es\/#organization"},"potentialAction":[{"@type":"SearchAction","target":{"@type":"EntryPoint","urlTemplate":"https:\/\/aureliusjewelry.com\/es\/?s={search_term_string}"},"query-input":{"@type":"PropertyValueSpecification","valueRequired":true,"valueName":"search_term_string"}}],"inLanguage":"es"},{"@type":"Organization","@id":"https:\/\/aureliusjewelry.com\/es\/#organization","name":"Aurelius Jewelry","url":"https:\/\/aureliusjewelry.com\/es\/","logo":{"@type":"ImageObject","inLanguage":"es","@id":"https:\/\/aureliusjewelry.com\/es\/#\/schema\/logo\/image\/","url":"https:\/\/aureliusjewelry.com\/wp-content\/uploads\/logo.png","contentUrl":"https:\/\/aureliusjewelry.com\/wp-content\/uploads\/logo.png","width":400,"height":64,"caption":"Aurelius Jewelry"},"image":{"@id":"https:\/\/aureliusjewelry.com\/es\/#\/schema\/logo\/image\/"},"sameAs":["https:\/\/www.facebook.com\/AureliusJewelry\/","https:\/\/x.com\/AureliusJewelry","https:\/\/instagram.com\/aureliusjewelry","https:\/\/www.pinterest.com\/AureliusJewelry\/"],"email":"info@aureliusjewelry.com","foundingDate":"2018-10-01","vatID":"SI10391070","hasMerchantReturnPolicy":{"@type":"MerchantReturnPolicy","merchantReturnLink":"https:\/\/aureliusjewelry.com\/our-policies\/terms-conditions\/"}}]},"og_availability":"backorder","product_availability":"available for order","product_retailer_item_id":"37054","product_condition":"new"},"_links":{"self":[{"href":"https:\/\/aureliusjewelry.com\/es\/wp-json\/wp\/v2\/product\/46696","targetHints":{"allow":["GET"]}}],"collection":[{"href":"https:\/\/aureliusjewelry.com\/es\/wp-json\/wp\/v2\/product"}],"about":[{"href":"https:\/\/aureliusjewelry.com\/es\/wp-json\/wp\/v2\/types\/product"}],"replies":[{"embeddable":true,"href":"https:\/\/aureliusjewelry.com\/es\/wp-json\/wp\/v2\/comments?post=46696"}],"wp:featuredmedia":[{"embeddable":true,"href":"https:\/\/aureliusjewelry.com\/es\/wp-json\/wp\/v2\/media\/37069"}],"wp:attachment":[{"href":"https:\/\/aureliusjewelry.com\/es\/wp-json\/wp\/v2\/media?parent=46696"}],"wp:term":[{"taxonomy":"product_brand","embeddable":true,"href":"https:\/\/aureliusjewelry.com\/es\/wp-json\/wp\/v2\/product_brand?post=46696"},{"taxonomy":"product_cat","embeddable":true,"href":"https:\/\/aureliusjewelry.com\/es\/wp-json\/wp\/v2\/product_cat?post=46696"},{"taxonomy":"product_tag","embeddable":true,"href":"https:\/\/aureliusjewelry.com\/es\/wp-json\/wp\/v2\/product_tag?post=46696"}],"curies":[{"name":"wp","href":"https:\/\/api.w.org\/{rel}","templated":true}]}}