{"id":46660,"date":"2023-08-25T16:30:40","date_gmt":"2023-08-25T14:30:40","guid":{"rendered":"http:\/\/aureliusjewelry.com\/?post_type=product&#038;p=46660"},"modified":"2026-05-03T05:45:41","modified_gmt":"2026-05-03T03:45:41","slug":"elemento-agua-anillo-de-compromiso-con-zafiro-azul-en-forma-de-pera-y-aguamarina","status":"publish","type":"product","link":"https:\/\/aureliusjewelry.com\/es\/elemento-agua-anillo-de-compromiso-con-zafiro-azul-en-forma-de-pera-y-aguamarina\/","title":{"rendered":"Elemento Agua &#8211; Anillo de Compromiso con Zafiro Azul en Forma de Pera y Aguamarina"},"content":{"rendered":"<p><strong>Piedras<\/strong><\/p>\n<ul>\n<li>zafiro azul pera<\/li>\n<li>aprox. 7\u00d75-8\u00d75.5mm<\/li>\n<li>aguamarina marquesa y topacio azul suizo pera<\/li>\n<li>aprox. 4x2mm, 4\u00d72.5mm<\/li>\n<li>diamantes marquesa y redondos<\/li>\n<li>aprox. 3\u00d71.5mm, 1.5mm<\/li>\n<li>Color F\/G, claridad VS, libre de conflictos<\/li>\n<\/ul>\n<p><strong>Medidas y material de la banda<\/strong><\/p>\n<ul>\n<li>1.5mm ancho, 1.6mm grueso<\/li>\n<li>disponible en oro amarillo, blanco o rosa de 585\/1000 (14k) o 750\/1000 (18k) y platino 950\/1000<\/li>\n<li>Tama\u00f1o de anillo de EE. UU. 3-9, tama\u00f1os m\u00e1s peque\u00f1os o m\u00e1s grandes disponibles seg\u00fan solicitud<\/li>\n<\/ul>\n","protected":false},"excerpt":{"rendered":"<p>Sum\u00e9rgete en una gota del oc\u00e9ano con nuestro anillo de compromiso Water Element, reinventado con un cautivador zafiro azul en forma de pera. Complementado por topacio azul suizo, aguamarina y piedras laterales de diamantes que imitan los colores de las olas del oc\u00e9ano rompiendo en la orilla. Nuestro dise\u00f1o original est\u00e1 creado para la novia moderna que comparte un v\u00ednculo inquebrantable con el mar. Los signos del zod\u00edaco conectados con el Elemento Agua son C\u00e1ncer, Escorpio y Piscis.<\/p>\n","protected":false},"featured_media":36843,"comment_status":"open","ping_status":"closed","template":"","meta":[],"product_brand":[],"product_cat":[476,1541,1557,1555,1569,535,489,500,1545,1566,1588,470],"product_tag":[1236,736,735,1267],"class_list":{"0":"post-46660","1":"product","2":"type-product","3":"status-publish","4":"has-post-thumbnail","6":"product_cat-agrupado","7":"product_cat-anillo-de-compromiso-con-bisel","8":"product_cat-anillo-de-compromiso-con-detalles-de-piedras-preciosas","9":"product_cat-anillo-de-compromiso-de-cinco-piedras","10":"product_cat-anillo-de-compromiso-en-forma-de-pera","11":"product_cat-anillos","12":"product_cat-anillos-de-compromiso","13":"product_cat-anillos-de-compromiso-de-zafiro","14":"product_cat-anillos-de-compromiso-en-racimo","15":"product_cat-anillos-de-compromiso-inspirados-en-la-naturaleza","16":"product_cat-anillos-de-compromiso-unicos","17":"product_cat-la-coleccion-elemental","18":"product_tag-pera","19":"product_tag-production_time_3_5-es","20":"product_tag-rings-es-tag","21":"product_tag-zafiro","23":"first","24":"onbackorder","25":"sold-individually","26":"taxable","27":"shipping-taxable","28":"purchasable","29":"product-type-variable"},"yoast_head":"<title>Elemento Agua - Anillo de Compromiso con Zafiro Azul en Forma de Pera y Aguamarina - Aurelius Jewelry<\/title>\n<meta name=\"robots\" content=\"index, follow, max-snippet:-1, max-image-preview:large, max-video-preview:-1\" \/>\n<link rel=\"canonical\" href=\"https:\/\/aureliusjewelry.com\/es\/elemento-agua-anillo-de-compromiso-con-zafiro-azul-en-forma-de-pera-y-aguamarina\/\" \/>\n<meta property=\"og:locale\" content=\"es_ES\" \/>\n<meta property=\"og:type\" content=\"article\" \/>\n<meta property=\"og:title\" content=\"Elemento Agua - Anillo de Compromiso con Zafiro Azul en Forma de Pera y Aguamarina - Aurelius Jewelry\" \/>\n<meta property=\"og:description\" content=\"%\" \/>\n<meta property=\"og:url\" content=\"https:\/\/aureliusjewelry.com\/es\/elemento-agua-anillo-de-compromiso-con-zafiro-azul-en-forma-de-pera-y-aguamarina\/\" \/>\n<meta property=\"og:site_name\" content=\"Aurelius Jewelry\" \/>\n<meta property=\"article:publisher\" content=\"https:\/\/www.facebook.com\/AureliusJewelry\/\" \/>\n<meta property=\"article:modified_time\" content=\"2026-05-03T03:45:41+00:00\" \/>\n<meta property=\"og:image\" content=\"https:\/\/aureliusjewelry.com\/wp-content\/uploads\/pear-blue-sapphire-engagement-ring-white-gold.jpg\" \/>\n\t<meta property=\"og:image:width\" content=\"1920\" \/>\n\t<meta property=\"og:image:height\" content=\"1440\" \/>\n\t<meta property=\"og:image:type\" content=\"image\/jpeg\" \/>\n<meta name=\"twitter:card\" content=\"summary_large_image\" \/>\n<meta name=\"twitter:site\" content=\"@AureliusJewelry\" \/>\n<script type=\"application\/ld+json\" class=\"yoast-schema-graph\">{\"@context\":\"https:\\\/\\\/schema.org\",\"@graph\":[{\"@type\":\"WebPage\",\"@id\":\"https:\\\/\\\/aureliusjewelry.com\\\/es\\\/elemento-agua-anillo-de-compromiso-con-zafiro-azul-en-forma-de-pera-y-aguamarina\\\/\",\"url\":\"https:\\\/\\\/aureliusjewelry.com\\\/es\\\/elemento-agua-anillo-de-compromiso-con-zafiro-azul-en-forma-de-pera-y-aguamarina\\\/\",\"name\":\"Elemento Agua - Anillo de Compromiso con Zafiro Azul en Forma de Pera y Aguamarina - Aurelius Jewelry\",\"isPartOf\":{\"@id\":\"https:\\\/\\\/aureliusjewelry.com\\\/es\\\/#website\"},\"primaryImageOfPage\":{\"@id\":\"https:\\\/\\\/aureliusjewelry.com\\\/es\\\/elemento-agua-anillo-de-compromiso-con-zafiro-azul-en-forma-de-pera-y-aguamarina\\\/#primaryimage\"},\"image\":{\"@id\":\"https:\\\/\\\/aureliusjewelry.com\\\/es\\\/elemento-agua-anillo-de-compromiso-con-zafiro-azul-en-forma-de-pera-y-aguamarina\\\/#primaryimage\"},\"thumbnailUrl\":\"https:\\\/\\\/aureliusjewelry.com\\\/wp-content\\\/uploads\\\/pear-blue-sapphire-engagement-ring-white-gold.jpg\",\"datePublished\":\"2023-08-25T14:30:40+00:00\",\"dateModified\":\"2026-05-03T03:45:41+00:00\",\"breadcrumb\":{\"@id\":\"https:\\\/\\\/aureliusjewelry.com\\\/es\\\/elemento-agua-anillo-de-compromiso-con-zafiro-azul-en-forma-de-pera-y-aguamarina\\\/#breadcrumb\"},\"inLanguage\":\"es\",\"potentialAction\":[{\"@type\":\"ReadAction\",\"target\":[\"https:\\\/\\\/aureliusjewelry.com\\\/es\\\/elemento-agua-anillo-de-compromiso-con-zafiro-azul-en-forma-de-pera-y-aguamarina\\\/\"]}]},{\"@type\":\"ImageObject\",\"inLanguage\":\"es\",\"@id\":\"https:\\\/\\\/aureliusjewelry.com\\\/es\\\/elemento-agua-anillo-de-compromiso-con-zafiro-azul-en-forma-de-pera-y-aguamarina\\\/#primaryimage\",\"url\":\"https:\\\/\\\/aureliusjewelry.com\\\/wp-content\\\/uploads\\\/pear-blue-sapphire-engagement-ring-white-gold.jpg\",\"contentUrl\":\"https:\\\/\\\/aureliusjewelry.com\\\/wp-content\\\/uploads\\\/pear-blue-sapphire-engagement-ring-white-gold.jpg\",\"width\":1920,\"height\":1440},{\"@type\":\"BreadcrumbList\",\"@id\":\"https:\\\/\\\/aureliusjewelry.com\\\/es\\\/elemento-agua-anillo-de-compromiso-con-zafiro-azul-en-forma-de-pera-y-aguamarina\\\/#breadcrumb\",\"itemListElement\":[{\"@type\":\"ListItem\",\"position\":1,\"name\":\"Home\",\"item\":\"https:\\\/\\\/aureliusjewelry.com\\\/es\\\/\"},{\"@type\":\"ListItem\",\"position\":2,\"name\":\"Shop\",\"item\":\"https:\\\/\\\/aureliusjewelry.com\\\/shop\\\/\"},{\"@type\":\"ListItem\",\"position\":3,\"name\":\"Elemento Agua &#8211; Anillo de Compromiso con Zafiro Azul en Forma de Pera y Aguamarina\"}]},{\"@type\":\"WebSite\",\"@id\":\"https:\\\/\\\/aureliusjewelry.com\\\/es\\\/#website\",\"url\":\"https:\\\/\\\/aureliusjewelry.com\\\/es\\\/\",\"name\":\"Aurelius Jewelry\",\"description\":\"Handmade Fine Gold Jewelry\",\"publisher\":{\"@id\":\"https:\\\/\\\/aureliusjewelry.com\\\/es\\\/#organization\"},\"potentialAction\":[{\"@type\":\"SearchAction\",\"target\":{\"@type\":\"EntryPoint\",\"urlTemplate\":\"https:\\\/\\\/aureliusjewelry.com\\\/es\\\/?s={search_term_string}\"},\"query-input\":{\"@type\":\"PropertyValueSpecification\",\"valueRequired\":true,\"valueName\":\"search_term_string\"}}],\"inLanguage\":\"es\"},{\"@type\":\"Organization\",\"@id\":\"https:\\\/\\\/aureliusjewelry.com\\\/es\\\/#organization\",\"name\":\"Aurelius Jewelry\",\"url\":\"https:\\\/\\\/aureliusjewelry.com\\\/es\\\/\",\"logo\":{\"@type\":\"ImageObject\",\"inLanguage\":\"es\",\"@id\":\"https:\\\/\\\/aureliusjewelry.com\\\/es\\\/#\\\/schema\\\/logo\\\/image\\\/\",\"url\":\"https:\\\/\\\/aureliusjewelry.com\\\/wp-content\\\/uploads\\\/logo.png\",\"contentUrl\":\"https:\\\/\\\/aureliusjewelry.com\\\/wp-content\\\/uploads\\\/logo.png\",\"width\":400,\"height\":64,\"caption\":\"Aurelius Jewelry\"},\"image\":{\"@id\":\"https:\\\/\\\/aureliusjewelry.com\\\/es\\\/#\\\/schema\\\/logo\\\/image\\\/\"},\"sameAs\":[\"https:\\\/\\\/www.facebook.com\\\/AureliusJewelry\\\/\",\"https:\\\/\\\/x.com\\\/AureliusJewelry\",\"https:\\\/\\\/instagram.com\\\/aureliusjewelry\",\"https:\\\/\\\/www.pinterest.com\\\/AureliusJewelry\\\/\"],\"email\":\"info@aureliusjewelry.com\",\"foundingDate\":\"2018-10-01\",\"vatID\":\"SI10391070\",\"hasMerchantReturnPolicy\":{\"@type\":\"MerchantReturnPolicy\",\"merchantReturnLink\":\"https:\\\/\\\/aureliusjewelry.com\\\/our-policies\\\/terms-conditions\\\/\"}}]}<\/script>\n<meta property=\"og:availability\" content=\"backorder\" \/>\n<meta property=\"product:availability\" content=\"available for order\" \/>\n<meta property=\"product:retailer_item_id\" content=\"36828\" \/>\n<meta property=\"product:condition\" content=\"new\" \/>","yoast_head_json":{"title":"Elemento Agua - Anillo de Compromiso con Zafiro Azul en Forma de Pera y Aguamarina - Aurelius Jewelry","robots":{"index":"index","follow":"follow","max-snippet":"max-snippet:-1","max-image-preview":"max-image-preview:large","max-video-preview":"max-video-preview:-1"},"canonical":"https:\/\/aureliusjewelry.com\/es\/elemento-agua-anillo-de-compromiso-con-zafiro-azul-en-forma-de-pera-y-aguamarina\/","og_locale":"es_ES","og_type":"article","og_title":"Elemento Agua - Anillo de Compromiso con Zafiro Azul en Forma de Pera y Aguamarina - Aurelius Jewelry","og_description":"%","og_url":"https:\/\/aureliusjewelry.com\/es\/elemento-agua-anillo-de-compromiso-con-zafiro-azul-en-forma-de-pera-y-aguamarina\/","og_site_name":"Aurelius Jewelry","article_publisher":"https:\/\/www.facebook.com\/AureliusJewelry\/","article_modified_time":"2026-05-03T03:45:41+00:00","og_image":[{"width":1920,"height":1440,"url":"https:\/\/aureliusjewelry.com\/wp-content\/uploads\/pear-blue-sapphire-engagement-ring-white-gold.jpg","type":"image\/jpeg"}],"twitter_card":"summary_large_image","twitter_site":"@AureliusJewelry","schema":{"@context":"https:\/\/schema.org","@graph":[{"@type":"WebPage","@id":"https:\/\/aureliusjewelry.com\/es\/elemento-agua-anillo-de-compromiso-con-zafiro-azul-en-forma-de-pera-y-aguamarina\/","url":"https:\/\/aureliusjewelry.com\/es\/elemento-agua-anillo-de-compromiso-con-zafiro-azul-en-forma-de-pera-y-aguamarina\/","name":"Elemento Agua - Anillo de Compromiso con Zafiro Azul en Forma de Pera y Aguamarina - Aurelius Jewelry","isPartOf":{"@id":"https:\/\/aureliusjewelry.com\/es\/#website"},"primaryImageOfPage":{"@id":"https:\/\/aureliusjewelry.com\/es\/elemento-agua-anillo-de-compromiso-con-zafiro-azul-en-forma-de-pera-y-aguamarina\/#primaryimage"},"image":{"@id":"https:\/\/aureliusjewelry.com\/es\/elemento-agua-anillo-de-compromiso-con-zafiro-azul-en-forma-de-pera-y-aguamarina\/#primaryimage"},"thumbnailUrl":"https:\/\/aureliusjewelry.com\/wp-content\/uploads\/pear-blue-sapphire-engagement-ring-white-gold.jpg","datePublished":"2023-08-25T14:30:40+00:00","dateModified":"2026-05-03T03:45:41+00:00","breadcrumb":{"@id":"https:\/\/aureliusjewelry.com\/es\/elemento-agua-anillo-de-compromiso-con-zafiro-azul-en-forma-de-pera-y-aguamarina\/#breadcrumb"},"inLanguage":"es","potentialAction":[{"@type":"ReadAction","target":["https:\/\/aureliusjewelry.com\/es\/elemento-agua-anillo-de-compromiso-con-zafiro-azul-en-forma-de-pera-y-aguamarina\/"]}]},{"@type":"ImageObject","inLanguage":"es","@id":"https:\/\/aureliusjewelry.com\/es\/elemento-agua-anillo-de-compromiso-con-zafiro-azul-en-forma-de-pera-y-aguamarina\/#primaryimage","url":"https:\/\/aureliusjewelry.com\/wp-content\/uploads\/pear-blue-sapphire-engagement-ring-white-gold.jpg","contentUrl":"https:\/\/aureliusjewelry.com\/wp-content\/uploads\/pear-blue-sapphire-engagement-ring-white-gold.jpg","width":1920,"height":1440},{"@type":"BreadcrumbList","@id":"https:\/\/aureliusjewelry.com\/es\/elemento-agua-anillo-de-compromiso-con-zafiro-azul-en-forma-de-pera-y-aguamarina\/#breadcrumb","itemListElement":[{"@type":"ListItem","position":1,"name":"Home","item":"https:\/\/aureliusjewelry.com\/es\/"},{"@type":"ListItem","position":2,"name":"Shop","item":"https:\/\/aureliusjewelry.com\/shop\/"},{"@type":"ListItem","position":3,"name":"Elemento Agua &#8211; Anillo de Compromiso con Zafiro Azul en Forma de Pera y Aguamarina"}]},{"@type":"WebSite","@id":"https:\/\/aureliusjewelry.com\/es\/#website","url":"https:\/\/aureliusjewelry.com\/es\/","name":"Aurelius Jewelry","description":"Handmade Fine Gold Jewelry","publisher":{"@id":"https:\/\/aureliusjewelry.com\/es\/#organization"},"potentialAction":[{"@type":"SearchAction","target":{"@type":"EntryPoint","urlTemplate":"https:\/\/aureliusjewelry.com\/es\/?s={search_term_string}"},"query-input":{"@type":"PropertyValueSpecification","valueRequired":true,"valueName":"search_term_string"}}],"inLanguage":"es"},{"@type":"Organization","@id":"https:\/\/aureliusjewelry.com\/es\/#organization","name":"Aurelius Jewelry","url":"https:\/\/aureliusjewelry.com\/es\/","logo":{"@type":"ImageObject","inLanguage":"es","@id":"https:\/\/aureliusjewelry.com\/es\/#\/schema\/logo\/image\/","url":"https:\/\/aureliusjewelry.com\/wp-content\/uploads\/logo.png","contentUrl":"https:\/\/aureliusjewelry.com\/wp-content\/uploads\/logo.png","width":400,"height":64,"caption":"Aurelius Jewelry"},"image":{"@id":"https:\/\/aureliusjewelry.com\/es\/#\/schema\/logo\/image\/"},"sameAs":["https:\/\/www.facebook.com\/AureliusJewelry\/","https:\/\/x.com\/AureliusJewelry","https:\/\/instagram.com\/aureliusjewelry","https:\/\/www.pinterest.com\/AureliusJewelry\/"],"email":"info@aureliusjewelry.com","foundingDate":"2018-10-01","vatID":"SI10391070","hasMerchantReturnPolicy":{"@type":"MerchantReturnPolicy","merchantReturnLink":"https:\/\/aureliusjewelry.com\/our-policies\/terms-conditions\/"}}]},"og_availability":"backorder","product_availability":"available for order","product_retailer_item_id":"36828","product_condition":"new"},"_links":{"self":[{"href":"https:\/\/aureliusjewelry.com\/es\/wp-json\/wp\/v2\/product\/46660","targetHints":{"allow":["GET"]}}],"collection":[{"href":"https:\/\/aureliusjewelry.com\/es\/wp-json\/wp\/v2\/product"}],"about":[{"href":"https:\/\/aureliusjewelry.com\/es\/wp-json\/wp\/v2\/types\/product"}],"replies":[{"embeddable":true,"href":"https:\/\/aureliusjewelry.com\/es\/wp-json\/wp\/v2\/comments?post=46660"}],"wp:featuredmedia":[{"embeddable":true,"href":"https:\/\/aureliusjewelry.com\/es\/wp-json\/wp\/v2\/media\/36843"}],"wp:attachment":[{"href":"https:\/\/aureliusjewelry.com\/es\/wp-json\/wp\/v2\/media?parent=46660"}],"wp:term":[{"taxonomy":"product_brand","embeddable":true,"href":"https:\/\/aureliusjewelry.com\/es\/wp-json\/wp\/v2\/product_brand?post=46660"},{"taxonomy":"product_cat","embeddable":true,"href":"https:\/\/aureliusjewelry.com\/es\/wp-json\/wp\/v2\/product_cat?post=46660"},{"taxonomy":"product_tag","embeddable":true,"href":"https:\/\/aureliusjewelry.com\/es\/wp-json\/wp\/v2\/product_tag?post=46660"}],"curies":[{"name":"wp","href":"https:\/\/api.w.org\/{rel}","templated":true}]}}