{"id":46542,"date":"2023-04-14T21:11:35","date_gmt":"2023-04-14T19:11:35","guid":{"rendered":"http:\/\/aureliusjewelry.com\/product\/anillo-de-compromiso-de-onix-negro-en-forma-de-hexagono\/"},"modified":"2026-04-14T07:20:10","modified_gmt":"2026-04-14T05:20:10","slug":"anillo-de-compromiso-de-onix-negro-en-forma-de-hexagono","status":"publish","type":"product","link":"https:\/\/aureliusjewelry.com\/es\/anillo-de-compromiso-de-onix-negro-en-forma-de-hexagono\/","title":{"rendered":"Anillo de compromiso de \u00f3nix negro en forma de hex\u00e1gono"},"content":{"rendered":"<p><strong>Piedras<\/strong><\/p>\n<ul>\n<li>\u00f3nix hexagonal<\/li>\n<li>aprox. 8x7mm<\/li>\n<li>espinela negra marquesa<\/li>\n<li>aprox. 4x2mm<\/li>\n<li>diamante redondo de sal y pimienta<\/li>\n<li>aprox. 1.6mm<\/li>\n<li>diamantes redondos<\/li>\n<li>aprox. 1.5mm (2),1.25mm (4)<\/li>\n<li>Color F\/G, claridad VS, libre de conflictos<\/li>\n<\/ul>\n<p><strong>Medidas y material de la banda<\/strong><\/p>\n<ul>\n<li>1.5mm ancho, 1.6mm grueso<\/li>\n<li>disponible en oro amarillo, blanco o rosa de 585\/1000 (14k) o 750\/1000 (18k) y platino 950\/1000<\/li>\n<li>Tama\u00f1o de anillo de EE. UU. 3-9, tama\u00f1os m\u00e1s peque\u00f1os o m\u00e1s grandes disponibles seg\u00fan solicitud<\/li>\n<\/ul>\n","protected":false},"excerpt":{"rendered":"<p>Sum\u00e9rgete en la oscuridad rom\u00e1ntica con nuestro Anillo de Compromiso Hexagonal de \u00d3nix Negro. Las piedras laterales generan un sutil efecto de degradado, transitando desde la espinela negra profunda hasta los deslumbrantes diamantes blancos, pasando por los misteriosos diamantes de sal y pimienta gris galaxia, todo culminando en el aro de borde afilado dorado. Con su encanto g\u00f3tico y elegancia hechizante, este anillo evoca la esencia de Wednesday Addams.<\/p>\n","protected":false},"featured_media":36190,"comment_status":"open","ping_status":"closed","template":"","meta":[],"product_brand":[],"product_cat":[1557,1561,535,489,1298,1545,1559,1588,472,1612],"product_tag":[1248,1187,1227,736,735],"class_list":{"0":"post-46542","1":"product","2":"type-product","3":"status-publish","4":"has-post-thumbnail","6":"product_cat-anillo-de-compromiso-con-detalles-de-piedras-preciosas","7":"product_cat-anillo-de-compromiso-hexagonal","8":"product_cat-anillos","9":"product_cat-anillos-de-compromiso","10":"product_cat-anillos-de-compromiso-de-onix","11":"product_cat-anillos-de-compromiso-en-racimo","12":"product_cat-anillos-de-compromiso-geometricos","13":"product_cat-anillos-de-compromiso-unicos","14":"product_cat-contemporaneo","15":"product_cat-los-mas-vendidos","16":"product_tag-anillo","17":"product_tag-hexagono","18":"product_tag-onix","19":"product_tag-production_time_3_5-es","20":"product_tag-rings-es-tag","22":"first","23":"onbackorder","24":"sold-individually","25":"taxable","26":"shipping-taxable","27":"purchasable","28":"product-type-variable"},"yoast_head":"<title>Anillo de compromiso de \u00f3nix negro en forma de hex\u00e1gono - Aurelius Jewelry<\/title>\n<meta name=\"robots\" content=\"index, follow, max-snippet:-1, max-image-preview:large, max-video-preview:-1\" \/>\n<link rel=\"canonical\" href=\"https:\/\/aureliusjewelry.com\/es\/anillo-de-compromiso-de-onix-negro-en-forma-de-hexagono\/\" \/>\n<meta property=\"og:locale\" content=\"es_ES\" \/>\n<meta property=\"og:type\" content=\"article\" \/>\n<meta property=\"og:title\" content=\"Anillo de compromiso de \u00f3nix negro en forma de hex\u00e1gono - Aurelius Jewelry\" \/>\n<meta property=\"og:description\" content=\"%\" \/>\n<meta property=\"og:url\" content=\"https:\/\/aureliusjewelry.com\/es\/anillo-de-compromiso-de-onix-negro-en-forma-de-hexagono\/\" \/>\n<meta property=\"og:site_name\" content=\"Aurelius Jewelry\" \/>\n<meta property=\"article:publisher\" content=\"https:\/\/www.facebook.com\/AureliusJewelry\/\" \/>\n<meta property=\"article:modified_time\" content=\"2026-04-14T05:20:10+00:00\" \/>\n<meta property=\"og:image\" content=\"https:\/\/aureliusjewelry.com\/wp-content\/uploads\/hexagon-onyx-engagement-ring-rose-gold.jpg\" \/>\n\t<meta property=\"og:image:width\" content=\"1920\" \/>\n\t<meta property=\"og:image:height\" content=\"1440\" \/>\n\t<meta property=\"og:image:type\" content=\"image\/jpeg\" \/>\n<meta name=\"twitter:card\" content=\"summary_large_image\" \/>\n<meta name=\"twitter:site\" content=\"@AureliusJewelry\" \/>\n<script type=\"application\/ld+json\" class=\"yoast-schema-graph\">{\"@context\":\"https:\\\/\\\/schema.org\",\"@graph\":[{\"@type\":\"WebPage\",\"@id\":\"https:\\\/\\\/aureliusjewelry.com\\\/es\\\/anillo-de-compromiso-de-onix-negro-en-forma-de-hexagono\\\/\",\"url\":\"https:\\\/\\\/aureliusjewelry.com\\\/es\\\/anillo-de-compromiso-de-onix-negro-en-forma-de-hexagono\\\/\",\"name\":\"Anillo de compromiso de \u00f3nix negro en forma de hex\u00e1gono - Aurelius Jewelry\",\"isPartOf\":{\"@id\":\"https:\\\/\\\/aureliusjewelry.com\\\/es\\\/#website\"},\"primaryImageOfPage\":{\"@id\":\"https:\\\/\\\/aureliusjewelry.com\\\/es\\\/anillo-de-compromiso-de-onix-negro-en-forma-de-hexagono\\\/#primaryimage\"},\"image\":{\"@id\":\"https:\\\/\\\/aureliusjewelry.com\\\/es\\\/anillo-de-compromiso-de-onix-negro-en-forma-de-hexagono\\\/#primaryimage\"},\"thumbnailUrl\":\"https:\\\/\\\/aureliusjewelry.com\\\/wp-content\\\/uploads\\\/hexagon-onyx-engagement-ring-rose-gold.jpg\",\"datePublished\":\"2023-04-14T19:11:35+00:00\",\"dateModified\":\"2026-04-14T05:20:10+00:00\",\"breadcrumb\":{\"@id\":\"https:\\\/\\\/aureliusjewelry.com\\\/es\\\/anillo-de-compromiso-de-onix-negro-en-forma-de-hexagono\\\/#breadcrumb\"},\"inLanguage\":\"es\",\"potentialAction\":[{\"@type\":\"ReadAction\",\"target\":[\"https:\\\/\\\/aureliusjewelry.com\\\/es\\\/anillo-de-compromiso-de-onix-negro-en-forma-de-hexagono\\\/\"]}]},{\"@type\":\"ImageObject\",\"inLanguage\":\"es\",\"@id\":\"https:\\\/\\\/aureliusjewelry.com\\\/es\\\/anillo-de-compromiso-de-onix-negro-en-forma-de-hexagono\\\/#primaryimage\",\"url\":\"https:\\\/\\\/aureliusjewelry.com\\\/wp-content\\\/uploads\\\/hexagon-onyx-engagement-ring-rose-gold.jpg\",\"contentUrl\":\"https:\\\/\\\/aureliusjewelry.com\\\/wp-content\\\/uploads\\\/hexagon-onyx-engagement-ring-rose-gold.jpg\",\"width\":1920,\"height\":1440},{\"@type\":\"BreadcrumbList\",\"@id\":\"https:\\\/\\\/aureliusjewelry.com\\\/es\\\/anillo-de-compromiso-de-onix-negro-en-forma-de-hexagono\\\/#breadcrumb\",\"itemListElement\":[{\"@type\":\"ListItem\",\"position\":1,\"name\":\"Home\",\"item\":\"https:\\\/\\\/aureliusjewelry.com\\\/es\\\/\"},{\"@type\":\"ListItem\",\"position\":2,\"name\":\"Shop\",\"item\":\"https:\\\/\\\/aureliusjewelry.com\\\/shop\\\/\"},{\"@type\":\"ListItem\",\"position\":3,\"name\":\"Anillo de compromiso de \u00f3nix negro en forma de hex\u00e1gono\"}]},{\"@type\":\"WebSite\",\"@id\":\"https:\\\/\\\/aureliusjewelry.com\\\/es\\\/#website\",\"url\":\"https:\\\/\\\/aureliusjewelry.com\\\/es\\\/\",\"name\":\"Aurelius Jewelry\",\"description\":\"Handmade Fine Gold Jewelry\",\"publisher\":{\"@id\":\"https:\\\/\\\/aureliusjewelry.com\\\/es\\\/#organization\"},\"potentialAction\":[{\"@type\":\"SearchAction\",\"target\":{\"@type\":\"EntryPoint\",\"urlTemplate\":\"https:\\\/\\\/aureliusjewelry.com\\\/es\\\/?s={search_term_string}\"},\"query-input\":{\"@type\":\"PropertyValueSpecification\",\"valueRequired\":true,\"valueName\":\"search_term_string\"}}],\"inLanguage\":\"es\"},{\"@type\":\"Organization\",\"@id\":\"https:\\\/\\\/aureliusjewelry.com\\\/es\\\/#organization\",\"name\":\"Aurelius Jewelry\",\"url\":\"https:\\\/\\\/aureliusjewelry.com\\\/es\\\/\",\"logo\":{\"@type\":\"ImageObject\",\"inLanguage\":\"es\",\"@id\":\"https:\\\/\\\/aureliusjewelry.com\\\/es\\\/#\\\/schema\\\/logo\\\/image\\\/\",\"url\":\"https:\\\/\\\/aureliusjewelry.com\\\/wp-content\\\/uploads\\\/logo.png\",\"contentUrl\":\"https:\\\/\\\/aureliusjewelry.com\\\/wp-content\\\/uploads\\\/logo.png\",\"width\":400,\"height\":64,\"caption\":\"Aurelius Jewelry\"},\"image\":{\"@id\":\"https:\\\/\\\/aureliusjewelry.com\\\/es\\\/#\\\/schema\\\/logo\\\/image\\\/\"},\"sameAs\":[\"https:\\\/\\\/www.facebook.com\\\/AureliusJewelry\\\/\",\"https:\\\/\\\/x.com\\\/AureliusJewelry\",\"https:\\\/\\\/instagram.com\\\/aureliusjewelry\",\"https:\\\/\\\/www.pinterest.com\\\/AureliusJewelry\\\/\"],\"email\":\"info@aureliusjewelry.com\",\"foundingDate\":\"2018-10-01\",\"vatID\":\"SI10391070\",\"hasMerchantReturnPolicy\":{\"@type\":\"MerchantReturnPolicy\",\"merchantReturnLink\":\"https:\\\/\\\/aureliusjewelry.com\\\/our-policies\\\/terms-conditions\\\/\"}}]}<\/script>\n<meta property=\"og:availability\" content=\"backorder\" \/>\n<meta property=\"product:availability\" content=\"available for order\" \/>\n<meta property=\"product:retailer_item_id\" content=\"36182\" \/>\n<meta property=\"product:condition\" content=\"new\" \/>","yoast_head_json":{"title":"Anillo de compromiso de \u00f3nix negro en forma de hex\u00e1gono - Aurelius Jewelry","robots":{"index":"index","follow":"follow","max-snippet":"max-snippet:-1","max-image-preview":"max-image-preview:large","max-video-preview":"max-video-preview:-1"},"canonical":"https:\/\/aureliusjewelry.com\/es\/anillo-de-compromiso-de-onix-negro-en-forma-de-hexagono\/","og_locale":"es_ES","og_type":"article","og_title":"Anillo de compromiso de \u00f3nix negro en forma de hex\u00e1gono - Aurelius Jewelry","og_description":"%","og_url":"https:\/\/aureliusjewelry.com\/es\/anillo-de-compromiso-de-onix-negro-en-forma-de-hexagono\/","og_site_name":"Aurelius Jewelry","article_publisher":"https:\/\/www.facebook.com\/AureliusJewelry\/","article_modified_time":"2026-04-14T05:20:10+00:00","og_image":[{"width":1920,"height":1440,"url":"https:\/\/aureliusjewelry.com\/wp-content\/uploads\/hexagon-onyx-engagement-ring-rose-gold.jpg","type":"image\/jpeg"}],"twitter_card":"summary_large_image","twitter_site":"@AureliusJewelry","schema":{"@context":"https:\/\/schema.org","@graph":[{"@type":"WebPage","@id":"https:\/\/aureliusjewelry.com\/es\/anillo-de-compromiso-de-onix-negro-en-forma-de-hexagono\/","url":"https:\/\/aureliusjewelry.com\/es\/anillo-de-compromiso-de-onix-negro-en-forma-de-hexagono\/","name":"Anillo de compromiso de \u00f3nix negro en forma de hex\u00e1gono - Aurelius Jewelry","isPartOf":{"@id":"https:\/\/aureliusjewelry.com\/es\/#website"},"primaryImageOfPage":{"@id":"https:\/\/aureliusjewelry.com\/es\/anillo-de-compromiso-de-onix-negro-en-forma-de-hexagono\/#primaryimage"},"image":{"@id":"https:\/\/aureliusjewelry.com\/es\/anillo-de-compromiso-de-onix-negro-en-forma-de-hexagono\/#primaryimage"},"thumbnailUrl":"https:\/\/aureliusjewelry.com\/wp-content\/uploads\/hexagon-onyx-engagement-ring-rose-gold.jpg","datePublished":"2023-04-14T19:11:35+00:00","dateModified":"2026-04-14T05:20:10+00:00","breadcrumb":{"@id":"https:\/\/aureliusjewelry.com\/es\/anillo-de-compromiso-de-onix-negro-en-forma-de-hexagono\/#breadcrumb"},"inLanguage":"es","potentialAction":[{"@type":"ReadAction","target":["https:\/\/aureliusjewelry.com\/es\/anillo-de-compromiso-de-onix-negro-en-forma-de-hexagono\/"]}]},{"@type":"ImageObject","inLanguage":"es","@id":"https:\/\/aureliusjewelry.com\/es\/anillo-de-compromiso-de-onix-negro-en-forma-de-hexagono\/#primaryimage","url":"https:\/\/aureliusjewelry.com\/wp-content\/uploads\/hexagon-onyx-engagement-ring-rose-gold.jpg","contentUrl":"https:\/\/aureliusjewelry.com\/wp-content\/uploads\/hexagon-onyx-engagement-ring-rose-gold.jpg","width":1920,"height":1440},{"@type":"BreadcrumbList","@id":"https:\/\/aureliusjewelry.com\/es\/anillo-de-compromiso-de-onix-negro-en-forma-de-hexagono\/#breadcrumb","itemListElement":[{"@type":"ListItem","position":1,"name":"Home","item":"https:\/\/aureliusjewelry.com\/es\/"},{"@type":"ListItem","position":2,"name":"Shop","item":"https:\/\/aureliusjewelry.com\/shop\/"},{"@type":"ListItem","position":3,"name":"Anillo de compromiso de \u00f3nix negro en forma de hex\u00e1gono"}]},{"@type":"WebSite","@id":"https:\/\/aureliusjewelry.com\/es\/#website","url":"https:\/\/aureliusjewelry.com\/es\/","name":"Aurelius Jewelry","description":"Handmade Fine Gold Jewelry","publisher":{"@id":"https:\/\/aureliusjewelry.com\/es\/#organization"},"potentialAction":[{"@type":"SearchAction","target":{"@type":"EntryPoint","urlTemplate":"https:\/\/aureliusjewelry.com\/es\/?s={search_term_string}"},"query-input":{"@type":"PropertyValueSpecification","valueRequired":true,"valueName":"search_term_string"}}],"inLanguage":"es"},{"@type":"Organization","@id":"https:\/\/aureliusjewelry.com\/es\/#organization","name":"Aurelius Jewelry","url":"https:\/\/aureliusjewelry.com\/es\/","logo":{"@type":"ImageObject","inLanguage":"es","@id":"https:\/\/aureliusjewelry.com\/es\/#\/schema\/logo\/image\/","url":"https:\/\/aureliusjewelry.com\/wp-content\/uploads\/logo.png","contentUrl":"https:\/\/aureliusjewelry.com\/wp-content\/uploads\/logo.png","width":400,"height":64,"caption":"Aurelius Jewelry"},"image":{"@id":"https:\/\/aureliusjewelry.com\/es\/#\/schema\/logo\/image\/"},"sameAs":["https:\/\/www.facebook.com\/AureliusJewelry\/","https:\/\/x.com\/AureliusJewelry","https:\/\/instagram.com\/aureliusjewelry","https:\/\/www.pinterest.com\/AureliusJewelry\/"],"email":"info@aureliusjewelry.com","foundingDate":"2018-10-01","vatID":"SI10391070","hasMerchantReturnPolicy":{"@type":"MerchantReturnPolicy","merchantReturnLink":"https:\/\/aureliusjewelry.com\/our-policies\/terms-conditions\/"}}]},"og_availability":"backorder","product_availability":"available for order","product_retailer_item_id":"36182","product_condition":"new"},"_links":{"self":[{"href":"https:\/\/aureliusjewelry.com\/es\/wp-json\/wp\/v2\/product\/46542","targetHints":{"allow":["GET"]}}],"collection":[{"href":"https:\/\/aureliusjewelry.com\/es\/wp-json\/wp\/v2\/product"}],"about":[{"href":"https:\/\/aureliusjewelry.com\/es\/wp-json\/wp\/v2\/types\/product"}],"replies":[{"embeddable":true,"href":"https:\/\/aureliusjewelry.com\/es\/wp-json\/wp\/v2\/comments?post=46542"}],"wp:featuredmedia":[{"embeddable":true,"href":"https:\/\/aureliusjewelry.com\/es\/wp-json\/wp\/v2\/media\/36190"}],"wp:attachment":[{"href":"https:\/\/aureliusjewelry.com\/es\/wp-json\/wp\/v2\/media?parent=46542"}],"wp:term":[{"taxonomy":"product_brand","embeddable":true,"href":"https:\/\/aureliusjewelry.com\/es\/wp-json\/wp\/v2\/product_brand?post=46542"},{"taxonomy":"product_cat","embeddable":true,"href":"https:\/\/aureliusjewelry.com\/es\/wp-json\/wp\/v2\/product_cat?post=46542"},{"taxonomy":"product_tag","embeddable":true,"href":"https:\/\/aureliusjewelry.com\/es\/wp-json\/wp\/v2\/product_tag?post=46542"}],"curies":[{"name":"wp","href":"https:\/\/api.w.org\/{rel}","templated":true}]}}