{"id":46517,"date":"2023-07-12T03:00:36","date_gmt":"2023-07-12T01:00:36","guid":{"rendered":"http:\/\/aureliusjewelry.com\/product\/conjunto-de-anillo-de-eternidad-media-con-diamantes-en-forma-de-cometa\/"},"modified":"2026-04-14T06:50:38","modified_gmt":"2026-04-14T04:50:38","slug":"conjunto-de-anillo-de-eternidad-media-con-diamantes-en-forma-de-cometa","status":"publish","type":"product","link":"https:\/\/aureliusjewelry.com\/es\/conjunto-de-anillo-de-eternidad-media-con-diamantes-en-forma-de-cometa\/","title":{"rendered":"Conjunto de Anillo de Eternidad Media con Diamantes en Forma de Cometa"},"content":{"rendered":"<p><strong>Anillo de compromiso<\/strong><\/p>\n<ul>\n<li>cometa diamante sal y pimienta<\/li>\n<li>aprox. 10&#215;7-11x8mm<\/li>\n<li>diamantes redondos<\/li>\n<li>aprox. 1.25mm (16)<\/li>\n<li>Color F\/G, claridad VS, libre de conflictos<\/li>\n<\/ul>\n<p><strong>Alianza de boda<\/strong><\/p>\n<ul>\n<li>diamantes marquesa y redondos<\/li>\n<li>aprox. 4x2mm (2), 1.25mm (4)<\/li>\n<li>Color F\/G, claridad VS, libre de conflictos<\/li>\n<\/ul>\n<p><strong>Medidas y material de la banda<\/strong><\/p>\n<ul>\n<li>1.5mm ancho, 1.6mm grueso<\/li>\n<li>disponible en oro amarillo, blanco o rosa de 585\/1000 (14k) o 750\/1000 (18k) y platino 950\/1000<\/li>\n<li>Tama\u00f1o de anillo de EE. UU. 3-9, tama\u00f1os m\u00e1s peque\u00f1os o m\u00e1s grandes disponibles seg\u00fan solicitud<\/li>\n<\/ul>\n","protected":false},"excerpt":{"rendered":"<p>Combina el Anillo de Eternidad Media con Diamantes en Forma de Cometa con nuestra distintiva banda de bodas de diamantes marquesa abierta. Contornea bellamente la base del diamante en forma de cometa y crea un conjunto de anillos nupciales elegante y art\u00edstico. La piedra principal destaca con sus inclusiones \u00fanicas y encantadoras, y su belleza natural hace que cada anillo sea \u00fanico.<\/p>\n","protected":false},"featured_media":35883,"comment_status":"open","ping_status":"closed","template":"","meta":[],"product_brand":[],"product_cat":[1075,1580,535,518,472,480,1612,474],"product_tag":[1193,1264,1251,736,735],"class_list":{"0":"post-46517","1":"product","2":"type-product","3":"status-publish","4":"has-post-thumbnail","6":"product_cat-anillo-de-bodas-de-diamantes-con-sal-y-pimienta","7":"product_cat-anillo-de-bodas-de-dos-piezas","8":"product_cat-anillos","9":"product_cat-conjuntos-de-anillos-de-boda","10":"product_cat-contemporaneo","11":"product_cat-emparejado","12":"product_cat-los-mas-vendidos","13":"product_cat-singularidad","14":"product_tag-cometa","15":"product_tag-diamante-de-sal-y-pimienta","16":"product_tag-juego-de-anillos","17":"product_tag-production_time_3_5-es","18":"product_tag-rings-es-tag","20":"first","21":"onbackorder","22":"sold-individually","23":"taxable","24":"shipping-taxable","25":"purchasable","26":"product-type-variable"},"yoast_head":"<title>Conjunto de Anillo de Eternidad Media con Diamantes en Forma de Cometa - Aurelius Jewelry<\/title>\n<meta name=\"robots\" content=\"index, follow, max-snippet:-1, max-image-preview:large, max-video-preview:-1\" \/>\n<link rel=\"canonical\" href=\"https:\/\/aureliusjewelry.com\/es\/conjunto-de-anillo-de-eternidad-media-con-diamantes-en-forma-de-cometa\/\" \/>\n<meta property=\"og:locale\" content=\"es_ES\" \/>\n<meta property=\"og:type\" content=\"article\" \/>\n<meta property=\"og:title\" content=\"Conjunto de Anillo de Eternidad Media con Diamantes en Forma de Cometa - Aurelius Jewelry\" \/>\n<meta property=\"og:description\" content=\"%\" \/>\n<meta property=\"og:url\" content=\"https:\/\/aureliusjewelry.com\/es\/conjunto-de-anillo-de-eternidad-media-con-diamantes-en-forma-de-cometa\/\" \/>\n<meta property=\"og:site_name\" content=\"Aurelius Jewelry\" \/>\n<meta property=\"article:publisher\" content=\"https:\/\/www.facebook.com\/AureliusJewelry\/\" \/>\n<meta property=\"article:modified_time\" content=\"2026-04-14T04:50:38+00:00\" \/>\n<meta property=\"og:image\" content=\"https:\/\/aureliusjewelry.com\/wp-content\/uploads\/kite-salt-and-pepper-diamond-pave-ring-set.jpg\" \/>\n\t<meta property=\"og:image:width\" content=\"1920\" \/>\n\t<meta property=\"og:image:height\" content=\"1440\" \/>\n\t<meta property=\"og:image:type\" content=\"image\/jpeg\" \/>\n<meta name=\"twitter:card\" content=\"summary_large_image\" \/>\n<meta name=\"twitter:site\" content=\"@AureliusJewelry\" \/>\n<script type=\"application\/ld+json\" class=\"yoast-schema-graph\">{\"@context\":\"https:\\\/\\\/schema.org\",\"@graph\":[{\"@type\":\"WebPage\",\"@id\":\"https:\\\/\\\/aureliusjewelry.com\\\/es\\\/conjunto-de-anillo-de-eternidad-media-con-diamantes-en-forma-de-cometa\\\/\",\"url\":\"https:\\\/\\\/aureliusjewelry.com\\\/es\\\/conjunto-de-anillo-de-eternidad-media-con-diamantes-en-forma-de-cometa\\\/\",\"name\":\"Conjunto de Anillo de Eternidad Media con Diamantes en Forma de Cometa - Aurelius Jewelry\",\"isPartOf\":{\"@id\":\"https:\\\/\\\/aureliusjewelry.com\\\/es\\\/#website\"},\"primaryImageOfPage\":{\"@id\":\"https:\\\/\\\/aureliusjewelry.com\\\/es\\\/conjunto-de-anillo-de-eternidad-media-con-diamantes-en-forma-de-cometa\\\/#primaryimage\"},\"image\":{\"@id\":\"https:\\\/\\\/aureliusjewelry.com\\\/es\\\/conjunto-de-anillo-de-eternidad-media-con-diamantes-en-forma-de-cometa\\\/#primaryimage\"},\"thumbnailUrl\":\"https:\\\/\\\/aureliusjewelry.com\\\/wp-content\\\/uploads\\\/kite-salt-and-pepper-diamond-pave-ring-set.jpg\",\"datePublished\":\"2023-07-12T01:00:36+00:00\",\"dateModified\":\"2026-04-14T04:50:38+00:00\",\"breadcrumb\":{\"@id\":\"https:\\\/\\\/aureliusjewelry.com\\\/es\\\/conjunto-de-anillo-de-eternidad-media-con-diamantes-en-forma-de-cometa\\\/#breadcrumb\"},\"inLanguage\":\"es\",\"potentialAction\":[{\"@type\":\"ReadAction\",\"target\":[\"https:\\\/\\\/aureliusjewelry.com\\\/es\\\/conjunto-de-anillo-de-eternidad-media-con-diamantes-en-forma-de-cometa\\\/\"]}]},{\"@type\":\"ImageObject\",\"inLanguage\":\"es\",\"@id\":\"https:\\\/\\\/aureliusjewelry.com\\\/es\\\/conjunto-de-anillo-de-eternidad-media-con-diamantes-en-forma-de-cometa\\\/#primaryimage\",\"url\":\"https:\\\/\\\/aureliusjewelry.com\\\/wp-content\\\/uploads\\\/kite-salt-and-pepper-diamond-pave-ring-set.jpg\",\"contentUrl\":\"https:\\\/\\\/aureliusjewelry.com\\\/wp-content\\\/uploads\\\/kite-salt-and-pepper-diamond-pave-ring-set.jpg\",\"width\":1920,\"height\":1440},{\"@type\":\"BreadcrumbList\",\"@id\":\"https:\\\/\\\/aureliusjewelry.com\\\/es\\\/conjunto-de-anillo-de-eternidad-media-con-diamantes-en-forma-de-cometa\\\/#breadcrumb\",\"itemListElement\":[{\"@type\":\"ListItem\",\"position\":1,\"name\":\"Home\",\"item\":\"https:\\\/\\\/aureliusjewelry.com\\\/es\\\/\"},{\"@type\":\"ListItem\",\"position\":2,\"name\":\"Shop\",\"item\":\"https:\\\/\\\/aureliusjewelry.com\\\/shop\\\/\"},{\"@type\":\"ListItem\",\"position\":3,\"name\":\"Conjunto de Anillo de Eternidad Media con Diamantes en Forma de Cometa\"}]},{\"@type\":\"WebSite\",\"@id\":\"https:\\\/\\\/aureliusjewelry.com\\\/es\\\/#website\",\"url\":\"https:\\\/\\\/aureliusjewelry.com\\\/es\\\/\",\"name\":\"Aurelius Jewelry\",\"description\":\"Handmade Fine Gold Jewelry\",\"publisher\":{\"@id\":\"https:\\\/\\\/aureliusjewelry.com\\\/es\\\/#organization\"},\"potentialAction\":[{\"@type\":\"SearchAction\",\"target\":{\"@type\":\"EntryPoint\",\"urlTemplate\":\"https:\\\/\\\/aureliusjewelry.com\\\/es\\\/?s={search_term_string}\"},\"query-input\":{\"@type\":\"PropertyValueSpecification\",\"valueRequired\":true,\"valueName\":\"search_term_string\"}}],\"inLanguage\":\"es\"},{\"@type\":\"Organization\",\"@id\":\"https:\\\/\\\/aureliusjewelry.com\\\/es\\\/#organization\",\"name\":\"Aurelius Jewelry\",\"url\":\"https:\\\/\\\/aureliusjewelry.com\\\/es\\\/\",\"logo\":{\"@type\":\"ImageObject\",\"inLanguage\":\"es\",\"@id\":\"https:\\\/\\\/aureliusjewelry.com\\\/es\\\/#\\\/schema\\\/logo\\\/image\\\/\",\"url\":\"https:\\\/\\\/aureliusjewelry.com\\\/wp-content\\\/uploads\\\/logo.png\",\"contentUrl\":\"https:\\\/\\\/aureliusjewelry.com\\\/wp-content\\\/uploads\\\/logo.png\",\"width\":400,\"height\":64,\"caption\":\"Aurelius Jewelry\"},\"image\":{\"@id\":\"https:\\\/\\\/aureliusjewelry.com\\\/es\\\/#\\\/schema\\\/logo\\\/image\\\/\"},\"sameAs\":[\"https:\\\/\\\/www.facebook.com\\\/AureliusJewelry\\\/\",\"https:\\\/\\\/x.com\\\/AureliusJewelry\",\"https:\\\/\\\/instagram.com\\\/aureliusjewelry\",\"https:\\\/\\\/www.pinterest.com\\\/AureliusJewelry\\\/\"],\"email\":\"info@aureliusjewelry.com\",\"foundingDate\":\"2018-10-01\",\"vatID\":\"SI10391070\",\"hasMerchantReturnPolicy\":{\"@type\":\"MerchantReturnPolicy\",\"merchantReturnLink\":\"https:\\\/\\\/aureliusjewelry.com\\\/our-policies\\\/terms-conditions\\\/\"}}]}<\/script>\n<meta property=\"og:availability\" content=\"backorder\" \/>\n<meta property=\"product:availability\" content=\"available for order\" \/>\n<meta property=\"product:retailer_item_id\" content=\"35868\" \/>\n<meta property=\"product:condition\" content=\"new\" \/>","yoast_head_json":{"title":"Conjunto de Anillo de Eternidad Media con Diamantes en Forma de Cometa - Aurelius Jewelry","robots":{"index":"index","follow":"follow","max-snippet":"max-snippet:-1","max-image-preview":"max-image-preview:large","max-video-preview":"max-video-preview:-1"},"canonical":"https:\/\/aureliusjewelry.com\/es\/conjunto-de-anillo-de-eternidad-media-con-diamantes-en-forma-de-cometa\/","og_locale":"es_ES","og_type":"article","og_title":"Conjunto de Anillo de Eternidad Media con Diamantes en Forma de Cometa - Aurelius Jewelry","og_description":"%","og_url":"https:\/\/aureliusjewelry.com\/es\/conjunto-de-anillo-de-eternidad-media-con-diamantes-en-forma-de-cometa\/","og_site_name":"Aurelius Jewelry","article_publisher":"https:\/\/www.facebook.com\/AureliusJewelry\/","article_modified_time":"2026-04-14T04:50:38+00:00","og_image":[{"width":1920,"height":1440,"url":"https:\/\/aureliusjewelry.com\/wp-content\/uploads\/kite-salt-and-pepper-diamond-pave-ring-set.jpg","type":"image\/jpeg"}],"twitter_card":"summary_large_image","twitter_site":"@AureliusJewelry","schema":{"@context":"https:\/\/schema.org","@graph":[{"@type":"WebPage","@id":"https:\/\/aureliusjewelry.com\/es\/conjunto-de-anillo-de-eternidad-media-con-diamantes-en-forma-de-cometa\/","url":"https:\/\/aureliusjewelry.com\/es\/conjunto-de-anillo-de-eternidad-media-con-diamantes-en-forma-de-cometa\/","name":"Conjunto de Anillo de Eternidad Media con Diamantes en Forma de Cometa - Aurelius Jewelry","isPartOf":{"@id":"https:\/\/aureliusjewelry.com\/es\/#website"},"primaryImageOfPage":{"@id":"https:\/\/aureliusjewelry.com\/es\/conjunto-de-anillo-de-eternidad-media-con-diamantes-en-forma-de-cometa\/#primaryimage"},"image":{"@id":"https:\/\/aureliusjewelry.com\/es\/conjunto-de-anillo-de-eternidad-media-con-diamantes-en-forma-de-cometa\/#primaryimage"},"thumbnailUrl":"https:\/\/aureliusjewelry.com\/wp-content\/uploads\/kite-salt-and-pepper-diamond-pave-ring-set.jpg","datePublished":"2023-07-12T01:00:36+00:00","dateModified":"2026-04-14T04:50:38+00:00","breadcrumb":{"@id":"https:\/\/aureliusjewelry.com\/es\/conjunto-de-anillo-de-eternidad-media-con-diamantes-en-forma-de-cometa\/#breadcrumb"},"inLanguage":"es","potentialAction":[{"@type":"ReadAction","target":["https:\/\/aureliusjewelry.com\/es\/conjunto-de-anillo-de-eternidad-media-con-diamantes-en-forma-de-cometa\/"]}]},{"@type":"ImageObject","inLanguage":"es","@id":"https:\/\/aureliusjewelry.com\/es\/conjunto-de-anillo-de-eternidad-media-con-diamantes-en-forma-de-cometa\/#primaryimage","url":"https:\/\/aureliusjewelry.com\/wp-content\/uploads\/kite-salt-and-pepper-diamond-pave-ring-set.jpg","contentUrl":"https:\/\/aureliusjewelry.com\/wp-content\/uploads\/kite-salt-and-pepper-diamond-pave-ring-set.jpg","width":1920,"height":1440},{"@type":"BreadcrumbList","@id":"https:\/\/aureliusjewelry.com\/es\/conjunto-de-anillo-de-eternidad-media-con-diamantes-en-forma-de-cometa\/#breadcrumb","itemListElement":[{"@type":"ListItem","position":1,"name":"Home","item":"https:\/\/aureliusjewelry.com\/es\/"},{"@type":"ListItem","position":2,"name":"Shop","item":"https:\/\/aureliusjewelry.com\/shop\/"},{"@type":"ListItem","position":3,"name":"Conjunto de Anillo de Eternidad Media con Diamantes en Forma de Cometa"}]},{"@type":"WebSite","@id":"https:\/\/aureliusjewelry.com\/es\/#website","url":"https:\/\/aureliusjewelry.com\/es\/","name":"Aurelius Jewelry","description":"Handmade Fine Gold Jewelry","publisher":{"@id":"https:\/\/aureliusjewelry.com\/es\/#organization"},"potentialAction":[{"@type":"SearchAction","target":{"@type":"EntryPoint","urlTemplate":"https:\/\/aureliusjewelry.com\/es\/?s={search_term_string}"},"query-input":{"@type":"PropertyValueSpecification","valueRequired":true,"valueName":"search_term_string"}}],"inLanguage":"es"},{"@type":"Organization","@id":"https:\/\/aureliusjewelry.com\/es\/#organization","name":"Aurelius Jewelry","url":"https:\/\/aureliusjewelry.com\/es\/","logo":{"@type":"ImageObject","inLanguage":"es","@id":"https:\/\/aureliusjewelry.com\/es\/#\/schema\/logo\/image\/","url":"https:\/\/aureliusjewelry.com\/wp-content\/uploads\/logo.png","contentUrl":"https:\/\/aureliusjewelry.com\/wp-content\/uploads\/logo.png","width":400,"height":64,"caption":"Aurelius Jewelry"},"image":{"@id":"https:\/\/aureliusjewelry.com\/es\/#\/schema\/logo\/image\/"},"sameAs":["https:\/\/www.facebook.com\/AureliusJewelry\/","https:\/\/x.com\/AureliusJewelry","https:\/\/instagram.com\/aureliusjewelry","https:\/\/www.pinterest.com\/AureliusJewelry\/"],"email":"info@aureliusjewelry.com","foundingDate":"2018-10-01","vatID":"SI10391070","hasMerchantReturnPolicy":{"@type":"MerchantReturnPolicy","merchantReturnLink":"https:\/\/aureliusjewelry.com\/our-policies\/terms-conditions\/"}}]},"og_availability":"backorder","product_availability":"available for order","product_retailer_item_id":"35868","product_condition":"new"},"_links":{"self":[{"href":"https:\/\/aureliusjewelry.com\/es\/wp-json\/wp\/v2\/product\/46517","targetHints":{"allow":["GET"]}}],"collection":[{"href":"https:\/\/aureliusjewelry.com\/es\/wp-json\/wp\/v2\/product"}],"about":[{"href":"https:\/\/aureliusjewelry.com\/es\/wp-json\/wp\/v2\/types\/product"}],"replies":[{"embeddable":true,"href":"https:\/\/aureliusjewelry.com\/es\/wp-json\/wp\/v2\/comments?post=46517"}],"wp:featuredmedia":[{"embeddable":true,"href":"https:\/\/aureliusjewelry.com\/es\/wp-json\/wp\/v2\/media\/35883"}],"wp:attachment":[{"href":"https:\/\/aureliusjewelry.com\/es\/wp-json\/wp\/v2\/media?parent=46517"}],"wp:term":[{"taxonomy":"product_brand","embeddable":true,"href":"https:\/\/aureliusjewelry.com\/es\/wp-json\/wp\/v2\/product_brand?post=46517"},{"taxonomy":"product_cat","embeddable":true,"href":"https:\/\/aureliusjewelry.com\/es\/wp-json\/wp\/v2\/product_cat?post=46517"},{"taxonomy":"product_tag","embeddable":true,"href":"https:\/\/aureliusjewelry.com\/es\/wp-json\/wp\/v2\/product_tag?post=46517"}],"curies":[{"name":"wp","href":"https:\/\/api.w.org\/{rel}","templated":true}]}}