{"id":46375,"date":"2022-10-30T23:31:58","date_gmt":"2022-10-30T21:31:58","guid":{"rendered":"http:\/\/aureliusjewelry.com\/product\/anillo-solitario-de-moissanita-en-forma-de-escudo-para-compromiso\/"},"modified":"2026-05-02T22:36:25","modified_gmt":"2026-05-02T20:36:25","slug":"anillo-solitario-de-moissanita-en-forma-de-escudo-para-compromiso","status":"publish","type":"product","link":"https:\/\/aureliusjewelry.com\/es\/anillo-solitario-de-moissanita-en-forma-de-escudo-para-compromiso\/","title":{"rendered":"Anillo Solitario de Moissanita en Forma de Escudo para Compromiso"},"content":{"rendered":"<p><strong>Piedra<\/strong><\/p>\n<ul>\n<li>escudo de moissanita<\/li>\n<li>aprox. 10x9mm<\/li>\n<li>color DEF<\/li>\n<\/ul>\n<p><strong>Medidas y material de la banda<\/strong><\/p>\n<ul>\n<li>1.5mm ancho, 1.6mm grueso<\/li>\n<li>disponible en oro amarillo, blanco o rosa de 585\/1000 (14k) o 750\/1000 (18k) y platino 950\/1000<\/li>\n<li>Tama\u00f1o de anillo de EE. UU. 3-9, tama\u00f1os m\u00e1s peque\u00f1os o m\u00e1s grandes disponibles seg\u00fan solicitud<\/li>\n<\/ul>\n","protected":false},"excerpt":{"rendered":"<p>Para una novia no convencional con un gusto que a menudo desaf\u00eda la tradici\u00f3n, los anillos de compromiso con piedras redondas y brillantes simplemente no son suficientes. Este anillo de compromiso de moissanita en forma de escudo presenta una piedra central en forma de diamante en un elegante engaste de seis garras. La moissanita iguala el brillo y la durabilidad del diamante, \u00a1lo que la convierte en una excelente alternativa a los diamantes! Como todas las gemas transparentes, combina bien con cualquier atuendo u otras joyas, independientemente del tipo de oro elegido.<\/p>\n","protected":false},"featured_media":31638,"comment_status":"open","ping_status":"closed","template":"","meta":[],"product_brand":[],"product_cat":[1576,1578,535,489,497,1559,472],"product_tag":[1248,1270,1212,736,735],"class_list":{"0":"post-46375","1":"product","2":"type-product","3":"status-publish","4":"has-post-thumbnail","6":"product_cat-anillo-de-compromiso-escudo","7":"product_cat-anillo-de-compromiso-solitario","8":"product_cat-anillos","9":"product_cat-anillos-de-compromiso","10":"product_cat-anillos-de-compromiso-de-moissanita","11":"product_cat-anillos-de-compromiso-geometricos","12":"product_cat-contemporaneo","13":"product_tag-anillo","14":"product_tag-blindaje","15":"product_tag-moissanita","16":"product_tag-production_time_3_5-es","17":"product_tag-rings-es-tag","19":"first","20":"onbackorder","21":"sold-individually","22":"taxable","23":"shipping-taxable","24":"purchasable","25":"product-type-variable"},"yoast_head":"<title>Anillo Solitario de Moissanita en Forma de Escudo para Compromiso - Aurelius Jewelry<\/title>\n<meta name=\"robots\" content=\"index, follow, max-snippet:-1, max-image-preview:large, max-video-preview:-1\" \/>\n<link rel=\"canonical\" href=\"https:\/\/aureliusjewelry.com\/es\/anillo-solitario-de-moissanita-en-forma-de-escudo-para-compromiso\/\" \/>\n<meta property=\"og:locale\" content=\"es_ES\" \/>\n<meta property=\"og:type\" content=\"article\" \/>\n<meta property=\"og:title\" content=\"Anillo Solitario de Moissanita en Forma de Escudo para Compromiso - Aurelius Jewelry\" \/>\n<meta property=\"og:description\" content=\"%\" \/>\n<meta property=\"og:url\" content=\"https:\/\/aureliusjewelry.com\/es\/anillo-solitario-de-moissanita-en-forma-de-escudo-para-compromiso\/\" \/>\n<meta property=\"og:site_name\" content=\"Aurelius Jewelry\" \/>\n<meta property=\"article:publisher\" content=\"https:\/\/www.facebook.com\/AureliusJewelry\/\" \/>\n<meta property=\"article:modified_time\" content=\"2026-05-02T20:36:25+00:00\" \/>\n<meta property=\"og:image\" content=\"https:\/\/aureliusjewelry.com\/wp-content\/uploads\/shield-brilliant-cut-moissanite-ring-rose-gold.jpg\" \/>\n\t<meta property=\"og:image:width\" content=\"1920\" \/>\n\t<meta property=\"og:image:height\" content=\"1440\" \/>\n\t<meta property=\"og:image:type\" content=\"image\/jpeg\" \/>\n<meta name=\"twitter:card\" content=\"summary_large_image\" \/>\n<meta name=\"twitter:site\" content=\"@AureliusJewelry\" \/>\n<script type=\"application\/ld+json\" class=\"yoast-schema-graph\">{\"@context\":\"https:\\\/\\\/schema.org\",\"@graph\":[{\"@type\":\"WebPage\",\"@id\":\"https:\\\/\\\/aureliusjewelry.com\\\/es\\\/anillo-solitario-de-moissanita-en-forma-de-escudo-para-compromiso\\\/\",\"url\":\"https:\\\/\\\/aureliusjewelry.com\\\/es\\\/anillo-solitario-de-moissanita-en-forma-de-escudo-para-compromiso\\\/\",\"name\":\"Anillo Solitario de Moissanita en Forma de Escudo para Compromiso - Aurelius Jewelry\",\"isPartOf\":{\"@id\":\"https:\\\/\\\/aureliusjewelry.com\\\/es\\\/#website\"},\"primaryImageOfPage\":{\"@id\":\"https:\\\/\\\/aureliusjewelry.com\\\/es\\\/anillo-solitario-de-moissanita-en-forma-de-escudo-para-compromiso\\\/#primaryimage\"},\"image\":{\"@id\":\"https:\\\/\\\/aureliusjewelry.com\\\/es\\\/anillo-solitario-de-moissanita-en-forma-de-escudo-para-compromiso\\\/#primaryimage\"},\"thumbnailUrl\":\"https:\\\/\\\/aureliusjewelry.com\\\/wp-content\\\/uploads\\\/shield-brilliant-cut-moissanite-ring-rose-gold.jpg\",\"datePublished\":\"2022-10-30T21:31:58+00:00\",\"dateModified\":\"2026-05-02T20:36:25+00:00\",\"breadcrumb\":{\"@id\":\"https:\\\/\\\/aureliusjewelry.com\\\/es\\\/anillo-solitario-de-moissanita-en-forma-de-escudo-para-compromiso\\\/#breadcrumb\"},\"inLanguage\":\"es\",\"potentialAction\":[{\"@type\":\"ReadAction\",\"target\":[\"https:\\\/\\\/aureliusjewelry.com\\\/es\\\/anillo-solitario-de-moissanita-en-forma-de-escudo-para-compromiso\\\/\"]}]},{\"@type\":\"ImageObject\",\"inLanguage\":\"es\",\"@id\":\"https:\\\/\\\/aureliusjewelry.com\\\/es\\\/anillo-solitario-de-moissanita-en-forma-de-escudo-para-compromiso\\\/#primaryimage\",\"url\":\"https:\\\/\\\/aureliusjewelry.com\\\/wp-content\\\/uploads\\\/shield-brilliant-cut-moissanite-ring-rose-gold.jpg\",\"contentUrl\":\"https:\\\/\\\/aureliusjewelry.com\\\/wp-content\\\/uploads\\\/shield-brilliant-cut-moissanite-ring-rose-gold.jpg\",\"width\":1920,\"height\":1440},{\"@type\":\"BreadcrumbList\",\"@id\":\"https:\\\/\\\/aureliusjewelry.com\\\/es\\\/anillo-solitario-de-moissanita-en-forma-de-escudo-para-compromiso\\\/#breadcrumb\",\"itemListElement\":[{\"@type\":\"ListItem\",\"position\":1,\"name\":\"Home\",\"item\":\"https:\\\/\\\/aureliusjewelry.com\\\/es\\\/\"},{\"@type\":\"ListItem\",\"position\":2,\"name\":\"Shop\",\"item\":\"https:\\\/\\\/aureliusjewelry.com\\\/shop\\\/\"},{\"@type\":\"ListItem\",\"position\":3,\"name\":\"Anillo Solitario de Moissanita en Forma de Escudo para Compromiso\"}]},{\"@type\":\"WebSite\",\"@id\":\"https:\\\/\\\/aureliusjewelry.com\\\/es\\\/#website\",\"url\":\"https:\\\/\\\/aureliusjewelry.com\\\/es\\\/\",\"name\":\"Aurelius Jewelry\",\"description\":\"Handmade Fine Gold Jewelry\",\"publisher\":{\"@id\":\"https:\\\/\\\/aureliusjewelry.com\\\/es\\\/#organization\"},\"potentialAction\":[{\"@type\":\"SearchAction\",\"target\":{\"@type\":\"EntryPoint\",\"urlTemplate\":\"https:\\\/\\\/aureliusjewelry.com\\\/es\\\/?s={search_term_string}\"},\"query-input\":{\"@type\":\"PropertyValueSpecification\",\"valueRequired\":true,\"valueName\":\"search_term_string\"}}],\"inLanguage\":\"es\"},{\"@type\":\"Organization\",\"@id\":\"https:\\\/\\\/aureliusjewelry.com\\\/es\\\/#organization\",\"name\":\"Aurelius Jewelry\",\"url\":\"https:\\\/\\\/aureliusjewelry.com\\\/es\\\/\",\"logo\":{\"@type\":\"ImageObject\",\"inLanguage\":\"es\",\"@id\":\"https:\\\/\\\/aureliusjewelry.com\\\/es\\\/#\\\/schema\\\/logo\\\/image\\\/\",\"url\":\"https:\\\/\\\/aureliusjewelry.com\\\/wp-content\\\/uploads\\\/logo.png\",\"contentUrl\":\"https:\\\/\\\/aureliusjewelry.com\\\/wp-content\\\/uploads\\\/logo.png\",\"width\":400,\"height\":64,\"caption\":\"Aurelius Jewelry\"},\"image\":{\"@id\":\"https:\\\/\\\/aureliusjewelry.com\\\/es\\\/#\\\/schema\\\/logo\\\/image\\\/\"},\"sameAs\":[\"https:\\\/\\\/www.facebook.com\\\/AureliusJewelry\\\/\",\"https:\\\/\\\/x.com\\\/AureliusJewelry\",\"https:\\\/\\\/instagram.com\\\/aureliusjewelry\",\"https:\\\/\\\/www.pinterest.com\\\/AureliusJewelry\\\/\"],\"email\":\"info@aureliusjewelry.com\",\"foundingDate\":\"2018-10-01\",\"vatID\":\"SI10391070\",\"hasMerchantReturnPolicy\":{\"@type\":\"MerchantReturnPolicy\",\"merchantReturnLink\":\"https:\\\/\\\/aureliusjewelry.com\\\/our-policies\\\/terms-conditions\\\/\"}}]}<\/script>\n<meta property=\"og:availability\" content=\"backorder\" \/>\n<meta property=\"product:availability\" content=\"available for order\" \/>\n<meta property=\"product:retailer_item_id\" content=\"31625\" \/>\n<meta property=\"product:condition\" content=\"new\" \/>","yoast_head_json":{"title":"Anillo Solitario de Moissanita en Forma de Escudo para Compromiso - Aurelius Jewelry","robots":{"index":"index","follow":"follow","max-snippet":"max-snippet:-1","max-image-preview":"max-image-preview:large","max-video-preview":"max-video-preview:-1"},"canonical":"https:\/\/aureliusjewelry.com\/es\/anillo-solitario-de-moissanita-en-forma-de-escudo-para-compromiso\/","og_locale":"es_ES","og_type":"article","og_title":"Anillo Solitario de Moissanita en Forma de Escudo para Compromiso - Aurelius Jewelry","og_description":"%","og_url":"https:\/\/aureliusjewelry.com\/es\/anillo-solitario-de-moissanita-en-forma-de-escudo-para-compromiso\/","og_site_name":"Aurelius Jewelry","article_publisher":"https:\/\/www.facebook.com\/AureliusJewelry\/","article_modified_time":"2026-05-02T20:36:25+00:00","og_image":[{"width":1920,"height":1440,"url":"https:\/\/aureliusjewelry.com\/wp-content\/uploads\/shield-brilliant-cut-moissanite-ring-rose-gold.jpg","type":"image\/jpeg"}],"twitter_card":"summary_large_image","twitter_site":"@AureliusJewelry","schema":{"@context":"https:\/\/schema.org","@graph":[{"@type":"WebPage","@id":"https:\/\/aureliusjewelry.com\/es\/anillo-solitario-de-moissanita-en-forma-de-escudo-para-compromiso\/","url":"https:\/\/aureliusjewelry.com\/es\/anillo-solitario-de-moissanita-en-forma-de-escudo-para-compromiso\/","name":"Anillo Solitario de Moissanita en Forma de Escudo para Compromiso - Aurelius Jewelry","isPartOf":{"@id":"https:\/\/aureliusjewelry.com\/es\/#website"},"primaryImageOfPage":{"@id":"https:\/\/aureliusjewelry.com\/es\/anillo-solitario-de-moissanita-en-forma-de-escudo-para-compromiso\/#primaryimage"},"image":{"@id":"https:\/\/aureliusjewelry.com\/es\/anillo-solitario-de-moissanita-en-forma-de-escudo-para-compromiso\/#primaryimage"},"thumbnailUrl":"https:\/\/aureliusjewelry.com\/wp-content\/uploads\/shield-brilliant-cut-moissanite-ring-rose-gold.jpg","datePublished":"2022-10-30T21:31:58+00:00","dateModified":"2026-05-02T20:36:25+00:00","breadcrumb":{"@id":"https:\/\/aureliusjewelry.com\/es\/anillo-solitario-de-moissanita-en-forma-de-escudo-para-compromiso\/#breadcrumb"},"inLanguage":"es","potentialAction":[{"@type":"ReadAction","target":["https:\/\/aureliusjewelry.com\/es\/anillo-solitario-de-moissanita-en-forma-de-escudo-para-compromiso\/"]}]},{"@type":"ImageObject","inLanguage":"es","@id":"https:\/\/aureliusjewelry.com\/es\/anillo-solitario-de-moissanita-en-forma-de-escudo-para-compromiso\/#primaryimage","url":"https:\/\/aureliusjewelry.com\/wp-content\/uploads\/shield-brilliant-cut-moissanite-ring-rose-gold.jpg","contentUrl":"https:\/\/aureliusjewelry.com\/wp-content\/uploads\/shield-brilliant-cut-moissanite-ring-rose-gold.jpg","width":1920,"height":1440},{"@type":"BreadcrumbList","@id":"https:\/\/aureliusjewelry.com\/es\/anillo-solitario-de-moissanita-en-forma-de-escudo-para-compromiso\/#breadcrumb","itemListElement":[{"@type":"ListItem","position":1,"name":"Home","item":"https:\/\/aureliusjewelry.com\/es\/"},{"@type":"ListItem","position":2,"name":"Shop","item":"https:\/\/aureliusjewelry.com\/shop\/"},{"@type":"ListItem","position":3,"name":"Anillo Solitario de Moissanita en Forma de Escudo para Compromiso"}]},{"@type":"WebSite","@id":"https:\/\/aureliusjewelry.com\/es\/#website","url":"https:\/\/aureliusjewelry.com\/es\/","name":"Aurelius Jewelry","description":"Handmade Fine Gold Jewelry","publisher":{"@id":"https:\/\/aureliusjewelry.com\/es\/#organization"},"potentialAction":[{"@type":"SearchAction","target":{"@type":"EntryPoint","urlTemplate":"https:\/\/aureliusjewelry.com\/es\/?s={search_term_string}"},"query-input":{"@type":"PropertyValueSpecification","valueRequired":true,"valueName":"search_term_string"}}],"inLanguage":"es"},{"@type":"Organization","@id":"https:\/\/aureliusjewelry.com\/es\/#organization","name":"Aurelius Jewelry","url":"https:\/\/aureliusjewelry.com\/es\/","logo":{"@type":"ImageObject","inLanguage":"es","@id":"https:\/\/aureliusjewelry.com\/es\/#\/schema\/logo\/image\/","url":"https:\/\/aureliusjewelry.com\/wp-content\/uploads\/logo.png","contentUrl":"https:\/\/aureliusjewelry.com\/wp-content\/uploads\/logo.png","width":400,"height":64,"caption":"Aurelius Jewelry"},"image":{"@id":"https:\/\/aureliusjewelry.com\/es\/#\/schema\/logo\/image\/"},"sameAs":["https:\/\/www.facebook.com\/AureliusJewelry\/","https:\/\/x.com\/AureliusJewelry","https:\/\/instagram.com\/aureliusjewelry","https:\/\/www.pinterest.com\/AureliusJewelry\/"],"email":"info@aureliusjewelry.com","foundingDate":"2018-10-01","vatID":"SI10391070","hasMerchantReturnPolicy":{"@type":"MerchantReturnPolicy","merchantReturnLink":"https:\/\/aureliusjewelry.com\/our-policies\/terms-conditions\/"}}]},"og_availability":"backorder","product_availability":"available for order","product_retailer_item_id":"31625","product_condition":"new"},"_links":{"self":[{"href":"https:\/\/aureliusjewelry.com\/es\/wp-json\/wp\/v2\/product\/46375","targetHints":{"allow":["GET"]}}],"collection":[{"href":"https:\/\/aureliusjewelry.com\/es\/wp-json\/wp\/v2\/product"}],"about":[{"href":"https:\/\/aureliusjewelry.com\/es\/wp-json\/wp\/v2\/types\/product"}],"replies":[{"embeddable":true,"href":"https:\/\/aureliusjewelry.com\/es\/wp-json\/wp\/v2\/comments?post=46375"}],"wp:featuredmedia":[{"embeddable":true,"href":"https:\/\/aureliusjewelry.com\/es\/wp-json\/wp\/v2\/media\/31638"}],"wp:attachment":[{"href":"https:\/\/aureliusjewelry.com\/es\/wp-json\/wp\/v2\/media?parent=46375"}],"wp:term":[{"taxonomy":"product_brand","embeddable":true,"href":"https:\/\/aureliusjewelry.com\/es\/wp-json\/wp\/v2\/product_brand?post=46375"},{"taxonomy":"product_cat","embeddable":true,"href":"https:\/\/aureliusjewelry.com\/es\/wp-json\/wp\/v2\/product_cat?post=46375"},{"taxonomy":"product_tag","embeddable":true,"href":"https:\/\/aureliusjewelry.com\/es\/wp-json\/wp\/v2\/product_tag?post=46375"}],"curies":[{"name":"wp","href":"https:\/\/api.w.org\/{rel}","templated":true}]}}