{"id":25148,"date":"2021-03-13T12:16:03","date_gmt":"2021-03-13T10:16:03","guid":{"rendered":"http:\/\/127.0.0.1\/product\/collar-de-diamante-hexagonal-de-sal-y-pimienta\/"},"modified":"2026-04-02T22:30:05","modified_gmt":"2026-04-02T20:30:05","slug":"collar-de-diamante-hexagonal-de-sal-y-pimienta","status":"publish","type":"product","link":"https:\/\/aureliusjewelry.com\/es\/collar-de-diamante-hexagonal-de-sal-y-pimienta\/","title":{"rendered":"Collar de Diamante Hexagonal de Sal y Pimienta"},"content":{"rendered":"<p><strong>Piedra Principal<\/strong><br \/>\n&#8211; elongated hexagon salt and pepper diamond<br \/>\n&#8211; approx. 8x4mm<\/p>\n<p><strong>Piedras Laterales<\/strong><br \/>\n&#8211; labradorita cometa<br \/>\n&#8211; approx. 4&#215;2.5mm<br \/>\n&#8211; Diamantes redondos<br \/>\n&#8211; approx. 1.5mm (2)<br \/>\n&#8211; color F\/G, claridad VS, sin conflictos<\/p>\n<p><strong>Medidas del colgante<\/strong><br \/>\n&#8211; approx. 15mm<\/p>\n<p><strong>Tipo y Material de la cadena<\/strong><br \/>\n&#8211; cadena rolo plana con corte de diamante<br \/>\n&#8211; disponible en oro amarillo, blanco o rosa de 14k<br \/>\n&#8211; 14-18 pulgadas, cadena m\u00e1s corta o m\u00e1s larga disponible a petici\u00f3n<\/p>\n","protected":false},"excerpt":{"rendered":"<p>Nuestro collar geom\u00e9trico, moderno y completamente \u00fanico, cuenta con un diamante hexagonal alargado de sal y pimienta y una labradorita cometa. Esta extraordinaria pieza de joyer\u00eda es perfecta para una boda sofisticada y para la novia que ama la individualidad. Tambi\u00e9n es un gran regalo de aniversario \u2013 uno que apunta al coraz\u00f3n. \u00a1Qu\u00e9 sencillo y hermoso recordatorio para atesorar los d\u00edas que pasamos enamorados el uno del otro! Cada diamante gris natural tiene su propia coloraci\u00f3n, caracter\u00edsticas y encanto, \u00a1y podr\u00e1s elegir el que m\u00e1s te guste para tu colgante!<\/p>\n","protected":false},"featured_media":23619,"comment_status":"open","ping_status":"closed","template":"","meta":[],"product_brand":[],"product_cat":[1079,530,528],"product_tag":[1264,1190,736],"class_list":{"0":"post-25148","1":"product","2":"type-product","3":"status-publish","4":"has-post-thumbnail","6":"product_cat-collar-de-diamantes-de-sal-y-pimienta","7":"product_cat-collares","8":"product_cat-joyeria-fina","9":"product_tag-diamante-de-sal-y-pimienta","10":"product_tag-hexagono-alargado","11":"product_tag-production_time_3_5-es","13":"first","14":"onbackorder","15":"sold-individually","16":"taxable","17":"shipping-taxable","18":"purchasable","19":"product-type-variable"},"yoast_head":"<title>Collar de Diamante Hexagonal de Sal y Pimienta - Aurelius Jewelry<\/title>\n<meta name=\"robots\" content=\"index, follow, max-snippet:-1, max-image-preview:large, max-video-preview:-1\" \/>\n<link rel=\"canonical\" href=\"https:\/\/aureliusjewelry.com\/es\/collar-de-diamante-hexagonal-de-sal-y-pimienta\/\" \/>\n<meta property=\"og:locale\" content=\"es_ES\" \/>\n<meta property=\"og:type\" content=\"article\" \/>\n<meta property=\"og:title\" content=\"Collar de Diamante Hexagonal de Sal y Pimienta - Aurelius Jewelry\" \/>\n<meta property=\"og:description\" content=\"%\" \/>\n<meta property=\"og:url\" content=\"https:\/\/aureliusjewelry.com\/es\/collar-de-diamante-hexagonal-de-sal-y-pimienta\/\" \/>\n<meta property=\"og:site_name\" content=\"Aurelius Jewelry\" \/>\n<meta property=\"article:publisher\" content=\"https:\/\/www.facebook.com\/AureliusJewelry\/\" \/>\n<meta property=\"article:modified_time\" content=\"2026-04-02T20:30:05+00:00\" \/>\n<meta property=\"og:image\" content=\"https:\/\/aureliusjewelry.com\/wp-content\/uploads\/hexagono-sal-y-pimienta-diamante-collar.jpg\" \/>\n\t<meta property=\"og:image:width\" content=\"1920\" \/>\n\t<meta property=\"og:image:height\" content=\"1440\" \/>\n\t<meta property=\"og:image:type\" content=\"image\/jpeg\" \/>\n<meta name=\"twitter:card\" content=\"summary_large_image\" \/>\n<meta name=\"twitter:site\" content=\"@AureliusJewelry\" \/>\n<script type=\"application\/ld+json\" class=\"yoast-schema-graph\">{\"@context\":\"https:\\\/\\\/schema.org\",\"@graph\":[{\"@type\":\"WebPage\",\"@id\":\"https:\\\/\\\/aureliusjewelry.com\\\/es\\\/collar-de-diamante-hexagonal-de-sal-y-pimienta\\\/\",\"url\":\"https:\\\/\\\/aureliusjewelry.com\\\/es\\\/collar-de-diamante-hexagonal-de-sal-y-pimienta\\\/\",\"name\":\"Collar de Diamante Hexagonal de Sal y Pimienta - Aurelius Jewelry\",\"isPartOf\":{\"@id\":\"https:\\\/\\\/aureliusjewelry.com\\\/es\\\/#website\"},\"primaryImageOfPage\":{\"@id\":\"https:\\\/\\\/aureliusjewelry.com\\\/es\\\/collar-de-diamante-hexagonal-de-sal-y-pimienta\\\/#primaryimage\"},\"image\":{\"@id\":\"https:\\\/\\\/aureliusjewelry.com\\\/es\\\/collar-de-diamante-hexagonal-de-sal-y-pimienta\\\/#primaryimage\"},\"thumbnailUrl\":\"https:\\\/\\\/aureliusjewelry.com\\\/wp-content\\\/uploads\\\/hexagono-sal-y-pimienta-diamante-collar.jpg\",\"datePublished\":\"2021-03-13T10:16:03+00:00\",\"dateModified\":\"2026-04-02T20:30:05+00:00\",\"breadcrumb\":{\"@id\":\"https:\\\/\\\/aureliusjewelry.com\\\/es\\\/collar-de-diamante-hexagonal-de-sal-y-pimienta\\\/#breadcrumb\"},\"inLanguage\":\"es\",\"potentialAction\":[{\"@type\":\"ReadAction\",\"target\":[\"https:\\\/\\\/aureliusjewelry.com\\\/es\\\/collar-de-diamante-hexagonal-de-sal-y-pimienta\\\/\"]}]},{\"@type\":\"ImageObject\",\"inLanguage\":\"es\",\"@id\":\"https:\\\/\\\/aureliusjewelry.com\\\/es\\\/collar-de-diamante-hexagonal-de-sal-y-pimienta\\\/#primaryimage\",\"url\":\"https:\\\/\\\/aureliusjewelry.com\\\/wp-content\\\/uploads\\\/hexagono-sal-y-pimienta-diamante-collar.jpg\",\"contentUrl\":\"https:\\\/\\\/aureliusjewelry.com\\\/wp-content\\\/uploads\\\/hexagono-sal-y-pimienta-diamante-collar.jpg\",\"width\":1920,\"height\":1440,\"caption\":\"hex\u00e1gono sal y pimienta diamante collar\"},{\"@type\":\"BreadcrumbList\",\"@id\":\"https:\\\/\\\/aureliusjewelry.com\\\/es\\\/collar-de-diamante-hexagonal-de-sal-y-pimienta\\\/#breadcrumb\",\"itemListElement\":[{\"@type\":\"ListItem\",\"position\":1,\"name\":\"Home\",\"item\":\"https:\\\/\\\/aureliusjewelry.com\\\/es\\\/\"},{\"@type\":\"ListItem\",\"position\":2,\"name\":\"Shop\",\"item\":\"https:\\\/\\\/aureliusjewelry.com\\\/shop\\\/\"},{\"@type\":\"ListItem\",\"position\":3,\"name\":\"Collar de Diamante Hexagonal de Sal y Pimienta\"}]},{\"@type\":\"WebSite\",\"@id\":\"https:\\\/\\\/aureliusjewelry.com\\\/es\\\/#website\",\"url\":\"https:\\\/\\\/aureliusjewelry.com\\\/es\\\/\",\"name\":\"Aurelius Jewelry\",\"description\":\"Handmade Fine Gold Jewelry\",\"publisher\":{\"@id\":\"https:\\\/\\\/aureliusjewelry.com\\\/es\\\/#organization\"},\"potentialAction\":[{\"@type\":\"SearchAction\",\"target\":{\"@type\":\"EntryPoint\",\"urlTemplate\":\"https:\\\/\\\/aureliusjewelry.com\\\/es\\\/?s={search_term_string}\"},\"query-input\":{\"@type\":\"PropertyValueSpecification\",\"valueRequired\":true,\"valueName\":\"search_term_string\"}}],\"inLanguage\":\"es\"},{\"@type\":\"Organization\",\"@id\":\"https:\\\/\\\/aureliusjewelry.com\\\/es\\\/#organization\",\"name\":\"Aurelius Jewelry\",\"url\":\"https:\\\/\\\/aureliusjewelry.com\\\/es\\\/\",\"logo\":{\"@type\":\"ImageObject\",\"inLanguage\":\"es\",\"@id\":\"https:\\\/\\\/aureliusjewelry.com\\\/es\\\/#\\\/schema\\\/logo\\\/image\\\/\",\"url\":\"https:\\\/\\\/aureliusjewelry.com\\\/wp-content\\\/uploads\\\/logo.png\",\"contentUrl\":\"https:\\\/\\\/aureliusjewelry.com\\\/wp-content\\\/uploads\\\/logo.png\",\"width\":400,\"height\":64,\"caption\":\"Aurelius Jewelry\"},\"image\":{\"@id\":\"https:\\\/\\\/aureliusjewelry.com\\\/es\\\/#\\\/schema\\\/logo\\\/image\\\/\"},\"sameAs\":[\"https:\\\/\\\/www.facebook.com\\\/AureliusJewelry\\\/\",\"https:\\\/\\\/x.com\\\/AureliusJewelry\",\"https:\\\/\\\/instagram.com\\\/aureliusjewelry\",\"https:\\\/\\\/www.pinterest.com\\\/AureliusJewelry\\\/\"],\"email\":\"info@aureliusjewelry.com\",\"foundingDate\":\"2018-10-01\",\"vatID\":\"SI10391070\",\"hasMerchantReturnPolicy\":{\"@type\":\"MerchantReturnPolicy\",\"merchantReturnLink\":\"https:\\\/\\\/aureliusjewelry.com\\\/our-policies\\\/terms-conditions\\\/\"}}]}<\/script>\n<meta property=\"og:availability\" content=\"backorder\" \/>\n<meta property=\"product:availability\" content=\"available for order\" \/>\n<meta property=\"product:retailer_item_id\" content=\"23611\" \/>\n<meta property=\"product:condition\" content=\"new\" \/>","yoast_head_json":{"title":"Collar de Diamante Hexagonal de Sal y Pimienta - Aurelius Jewelry","robots":{"index":"index","follow":"follow","max-snippet":"max-snippet:-1","max-image-preview":"max-image-preview:large","max-video-preview":"max-video-preview:-1"},"canonical":"https:\/\/aureliusjewelry.com\/es\/collar-de-diamante-hexagonal-de-sal-y-pimienta\/","og_locale":"es_ES","og_type":"article","og_title":"Collar de Diamante Hexagonal de Sal y Pimienta - Aurelius Jewelry","og_description":"%","og_url":"https:\/\/aureliusjewelry.com\/es\/collar-de-diamante-hexagonal-de-sal-y-pimienta\/","og_site_name":"Aurelius Jewelry","article_publisher":"https:\/\/www.facebook.com\/AureliusJewelry\/","article_modified_time":"2026-04-02T20:30:05+00:00","og_image":[{"width":1920,"height":1440,"url":"https:\/\/aureliusjewelry.com\/wp-content\/uploads\/hexagono-sal-y-pimienta-diamante-collar.jpg","type":"image\/jpeg"}],"twitter_card":"summary_large_image","twitter_site":"@AureliusJewelry","schema":{"@context":"https:\/\/schema.org","@graph":[{"@type":"WebPage","@id":"https:\/\/aureliusjewelry.com\/es\/collar-de-diamante-hexagonal-de-sal-y-pimienta\/","url":"https:\/\/aureliusjewelry.com\/es\/collar-de-diamante-hexagonal-de-sal-y-pimienta\/","name":"Collar de Diamante Hexagonal de Sal y Pimienta - Aurelius Jewelry","isPartOf":{"@id":"https:\/\/aureliusjewelry.com\/es\/#website"},"primaryImageOfPage":{"@id":"https:\/\/aureliusjewelry.com\/es\/collar-de-diamante-hexagonal-de-sal-y-pimienta\/#primaryimage"},"image":{"@id":"https:\/\/aureliusjewelry.com\/es\/collar-de-diamante-hexagonal-de-sal-y-pimienta\/#primaryimage"},"thumbnailUrl":"https:\/\/aureliusjewelry.com\/wp-content\/uploads\/hexagono-sal-y-pimienta-diamante-collar.jpg","datePublished":"2021-03-13T10:16:03+00:00","dateModified":"2026-04-02T20:30:05+00:00","breadcrumb":{"@id":"https:\/\/aureliusjewelry.com\/es\/collar-de-diamante-hexagonal-de-sal-y-pimienta\/#breadcrumb"},"inLanguage":"es","potentialAction":[{"@type":"ReadAction","target":["https:\/\/aureliusjewelry.com\/es\/collar-de-diamante-hexagonal-de-sal-y-pimienta\/"]}]},{"@type":"ImageObject","inLanguage":"es","@id":"https:\/\/aureliusjewelry.com\/es\/collar-de-diamante-hexagonal-de-sal-y-pimienta\/#primaryimage","url":"https:\/\/aureliusjewelry.com\/wp-content\/uploads\/hexagono-sal-y-pimienta-diamante-collar.jpg","contentUrl":"https:\/\/aureliusjewelry.com\/wp-content\/uploads\/hexagono-sal-y-pimienta-diamante-collar.jpg","width":1920,"height":1440,"caption":"hex\u00e1gono sal y pimienta diamante collar"},{"@type":"BreadcrumbList","@id":"https:\/\/aureliusjewelry.com\/es\/collar-de-diamante-hexagonal-de-sal-y-pimienta\/#breadcrumb","itemListElement":[{"@type":"ListItem","position":1,"name":"Home","item":"https:\/\/aureliusjewelry.com\/es\/"},{"@type":"ListItem","position":2,"name":"Shop","item":"https:\/\/aureliusjewelry.com\/shop\/"},{"@type":"ListItem","position":3,"name":"Collar de Diamante Hexagonal de Sal y Pimienta"}]},{"@type":"WebSite","@id":"https:\/\/aureliusjewelry.com\/es\/#website","url":"https:\/\/aureliusjewelry.com\/es\/","name":"Aurelius Jewelry","description":"Handmade Fine Gold Jewelry","publisher":{"@id":"https:\/\/aureliusjewelry.com\/es\/#organization"},"potentialAction":[{"@type":"SearchAction","target":{"@type":"EntryPoint","urlTemplate":"https:\/\/aureliusjewelry.com\/es\/?s={search_term_string}"},"query-input":{"@type":"PropertyValueSpecification","valueRequired":true,"valueName":"search_term_string"}}],"inLanguage":"es"},{"@type":"Organization","@id":"https:\/\/aureliusjewelry.com\/es\/#organization","name":"Aurelius Jewelry","url":"https:\/\/aureliusjewelry.com\/es\/","logo":{"@type":"ImageObject","inLanguage":"es","@id":"https:\/\/aureliusjewelry.com\/es\/#\/schema\/logo\/image\/","url":"https:\/\/aureliusjewelry.com\/wp-content\/uploads\/logo.png","contentUrl":"https:\/\/aureliusjewelry.com\/wp-content\/uploads\/logo.png","width":400,"height":64,"caption":"Aurelius Jewelry"},"image":{"@id":"https:\/\/aureliusjewelry.com\/es\/#\/schema\/logo\/image\/"},"sameAs":["https:\/\/www.facebook.com\/AureliusJewelry\/","https:\/\/x.com\/AureliusJewelry","https:\/\/instagram.com\/aureliusjewelry","https:\/\/www.pinterest.com\/AureliusJewelry\/"],"email":"info@aureliusjewelry.com","foundingDate":"2018-10-01","vatID":"SI10391070","hasMerchantReturnPolicy":{"@type":"MerchantReturnPolicy","merchantReturnLink":"https:\/\/aureliusjewelry.com\/our-policies\/terms-conditions\/"}}]},"og_availability":"backorder","product_availability":"available for order","product_retailer_item_id":"23611","product_condition":"new"},"_links":{"self":[{"href":"https:\/\/aureliusjewelry.com\/es\/wp-json\/wp\/v2\/product\/25148","targetHints":{"allow":["GET"]}}],"collection":[{"href":"https:\/\/aureliusjewelry.com\/es\/wp-json\/wp\/v2\/product"}],"about":[{"href":"https:\/\/aureliusjewelry.com\/es\/wp-json\/wp\/v2\/types\/product"}],"replies":[{"embeddable":true,"href":"https:\/\/aureliusjewelry.com\/es\/wp-json\/wp\/v2\/comments?post=25148"}],"wp:featuredmedia":[{"embeddable":true,"href":"https:\/\/aureliusjewelry.com\/es\/wp-json\/wp\/v2\/media\/23619"}],"wp:attachment":[{"href":"https:\/\/aureliusjewelry.com\/es\/wp-json\/wp\/v2\/media?parent=25148"}],"wp:term":[{"taxonomy":"product_brand","embeddable":true,"href":"https:\/\/aureliusjewelry.com\/es\/wp-json\/wp\/v2\/product_brand?post=25148"},{"taxonomy":"product_cat","embeddable":true,"href":"https:\/\/aureliusjewelry.com\/es\/wp-json\/wp\/v2\/product_cat?post=25148"},{"taxonomy":"product_tag","embeddable":true,"href":"https:\/\/aureliusjewelry.com\/es\/wp-json\/wp\/v2\/product_tag?post=25148"}],"curies":[{"name":"wp","href":"https:\/\/api.w.org\/{rel}","templated":true}]}}