{"id":25132,"date":"2021-03-12T23:01:58","date_gmt":"2021-03-12T21:01:58","guid":{"rendered":"http:\/\/127.0.0.1\/product\/collar-horizontal-de-piedra-de-nacimiento-en-barra\/"},"modified":"2026-03-20T23:16:39","modified_gmt":"2026-03-20T21:16:39","slug":"collar-horizontal-de-piedra-de-nacimiento-en-barra","status":"publish","type":"product","link":"https:\/\/aureliusjewelry.com\/es\/collar-horizontal-de-piedra-de-nacimiento-en-barra\/","title":{"rendered":"Collar Horizontal de Piedra de Nacimiento en Barra"},"content":{"rendered":"<p><strong>Piedra<\/strong><br \/>\n&#8211; esmeralda redonda<br \/>\n&#8211; approx. 1.5mm<\/p>\n<p><strong>Medidas del colgante<\/strong><br \/>\n&#8211; approx. 20x5mm<\/p>\n<p><strong>Tipo y Material de la cadena<\/strong><br \/>\n&#8211; cadena rolo plana con corte de diamante<br \/>\n&#8211; disponible en oro amarillo, blanco o rosa de 14k<br \/>\n&#8211; 14-18 pulgadas, cadena m\u00e1s corta o m\u00e1s larga disponible a petici\u00f3n<\/p>\n","protected":false},"excerpt":{"rendered":"<p>Mira a nuestro elegante collar de barra con una piedra de nacimiento. A\u00f1ade m\u00e1s significado con un grabado personalizado de un nombre o un mensaje especial. Lleva una esmeralda, la piedra de nacimiento de mayo, pero puedes elegir las piedras de nacimiento de tus seres queridos y crear un collar de barra personalizado. Este estilo tambi\u00e9n es perfecto para combinarlo con otros collares.<\/p>\n","protected":false},"featured_media":23503,"comment_status":"open","ping_status":"closed","template":"","meta":[],"product_brand":[],"product_cat":[530,528],"product_tag":[1176,736,1255],"class_list":{"0":"post-25132","1":"product","2":"type-product","3":"status-publish","4":"has-post-thumbnail","6":"product_cat-collares","7":"product_cat-joyeria-fina","8":"product_tag-esmeralda","9":"product_tag-production_time_3_5-es","10":"product_tag-redonda","12":"first","13":"onbackorder","14":"sold-individually","15":"taxable","16":"shipping-taxable","17":"purchasable","18":"product-type-variable"},"yoast_head":"<title>Collar Horizontal de Piedra de Nacimiento en Barra - Aurelius Jewelry<\/title>\n<meta name=\"robots\" content=\"index, follow, max-snippet:-1, max-image-preview:large, max-video-preview:-1\" \/>\n<link rel=\"canonical\" href=\"https:\/\/aureliusjewelry.com\/es\/collar-horizontal-de-piedra-de-nacimiento-en-barra\/\" \/>\n<meta property=\"og:locale\" content=\"es_ES\" \/>\n<meta property=\"og:type\" content=\"article\" \/>\n<meta property=\"og:title\" content=\"Collar Horizontal de Piedra de Nacimiento en Barra - Aurelius Jewelry\" \/>\n<meta property=\"og:description\" content=\"%\" \/>\n<meta property=\"og:url\" content=\"https:\/\/aureliusjewelry.com\/es\/collar-horizontal-de-piedra-de-nacimiento-en-barra\/\" \/>\n<meta property=\"og:site_name\" content=\"Aurelius Jewelry\" \/>\n<meta property=\"article:publisher\" content=\"https:\/\/www.facebook.com\/AureliusJewelry\/\" \/>\n<meta property=\"article:modified_time\" content=\"2026-03-20T21:16:39+00:00\" \/>\n<meta property=\"og:image\" content=\"https:\/\/aureliusjewelry.com\/wp-content\/uploads\/piedra-del-zodiaco-barra-collar-con-nomber.jpg\" \/>\n\t<meta property=\"og:image:width\" content=\"1920\" \/>\n\t<meta property=\"og:image:height\" content=\"1440\" \/>\n\t<meta property=\"og:image:type\" content=\"image\/jpeg\" \/>\n<meta name=\"twitter:card\" content=\"summary_large_image\" \/>\n<meta name=\"twitter:site\" content=\"@AureliusJewelry\" \/>\n<script type=\"application\/ld+json\" class=\"yoast-schema-graph\">{\"@context\":\"https:\\\/\\\/schema.org\",\"@graph\":[{\"@type\":\"WebPage\",\"@id\":\"https:\\\/\\\/aureliusjewelry.com\\\/es\\\/collar-horizontal-de-piedra-de-nacimiento-en-barra\\\/\",\"url\":\"https:\\\/\\\/aureliusjewelry.com\\\/es\\\/collar-horizontal-de-piedra-de-nacimiento-en-barra\\\/\",\"name\":\"Collar Horizontal de Piedra de Nacimiento en Barra - Aurelius Jewelry\",\"isPartOf\":{\"@id\":\"https:\\\/\\\/aureliusjewelry.com\\\/es\\\/#website\"},\"primaryImageOfPage\":{\"@id\":\"https:\\\/\\\/aureliusjewelry.com\\\/es\\\/collar-horizontal-de-piedra-de-nacimiento-en-barra\\\/#primaryimage\"},\"image\":{\"@id\":\"https:\\\/\\\/aureliusjewelry.com\\\/es\\\/collar-horizontal-de-piedra-de-nacimiento-en-barra\\\/#primaryimage\"},\"thumbnailUrl\":\"https:\\\/\\\/aureliusjewelry.com\\\/wp-content\\\/uploads\\\/piedra-del-zodiaco-barra-collar-con-nomber.jpg\",\"datePublished\":\"2021-03-12T21:01:58+00:00\",\"dateModified\":\"2026-03-20T21:16:39+00:00\",\"breadcrumb\":{\"@id\":\"https:\\\/\\\/aureliusjewelry.com\\\/es\\\/collar-horizontal-de-piedra-de-nacimiento-en-barra\\\/#breadcrumb\"},\"inLanguage\":\"es\",\"potentialAction\":[{\"@type\":\"ReadAction\",\"target\":[\"https:\\\/\\\/aureliusjewelry.com\\\/es\\\/collar-horizontal-de-piedra-de-nacimiento-en-barra\\\/\"]}]},{\"@type\":\"ImageObject\",\"inLanguage\":\"es\",\"@id\":\"https:\\\/\\\/aureliusjewelry.com\\\/es\\\/collar-horizontal-de-piedra-de-nacimiento-en-barra\\\/#primaryimage\",\"url\":\"https:\\\/\\\/aureliusjewelry.com\\\/wp-content\\\/uploads\\\/piedra-del-zodiaco-barra-collar-con-nomber.jpg\",\"contentUrl\":\"https:\\\/\\\/aureliusjewelry.com\\\/wp-content\\\/uploads\\\/piedra-del-zodiaco-barra-collar-con-nomber.jpg\",\"width\":1920,\"height\":1440,\"caption\":\"piedra del zod\u00edaco barra collar con nomber\"},{\"@type\":\"BreadcrumbList\",\"@id\":\"https:\\\/\\\/aureliusjewelry.com\\\/es\\\/collar-horizontal-de-piedra-de-nacimiento-en-barra\\\/#breadcrumb\",\"itemListElement\":[{\"@type\":\"ListItem\",\"position\":1,\"name\":\"Home\",\"item\":\"https:\\\/\\\/aureliusjewelry.com\\\/es\\\/\"},{\"@type\":\"ListItem\",\"position\":2,\"name\":\"Shop\",\"item\":\"https:\\\/\\\/aureliusjewelry.com\\\/shop\\\/\"},{\"@type\":\"ListItem\",\"position\":3,\"name\":\"Collar Horizontal de Piedra de Nacimiento en Barra\"}]},{\"@type\":\"WebSite\",\"@id\":\"https:\\\/\\\/aureliusjewelry.com\\\/es\\\/#website\",\"url\":\"https:\\\/\\\/aureliusjewelry.com\\\/es\\\/\",\"name\":\"Aurelius Jewelry\",\"description\":\"Handmade Fine Gold Jewelry\",\"publisher\":{\"@id\":\"https:\\\/\\\/aureliusjewelry.com\\\/es\\\/#organization\"},\"potentialAction\":[{\"@type\":\"SearchAction\",\"target\":{\"@type\":\"EntryPoint\",\"urlTemplate\":\"https:\\\/\\\/aureliusjewelry.com\\\/es\\\/?s={search_term_string}\"},\"query-input\":{\"@type\":\"PropertyValueSpecification\",\"valueRequired\":true,\"valueName\":\"search_term_string\"}}],\"inLanguage\":\"es\"},{\"@type\":\"Organization\",\"@id\":\"https:\\\/\\\/aureliusjewelry.com\\\/es\\\/#organization\",\"name\":\"Aurelius Jewelry\",\"url\":\"https:\\\/\\\/aureliusjewelry.com\\\/es\\\/\",\"logo\":{\"@type\":\"ImageObject\",\"inLanguage\":\"es\",\"@id\":\"https:\\\/\\\/aureliusjewelry.com\\\/es\\\/#\\\/schema\\\/logo\\\/image\\\/\",\"url\":\"https:\\\/\\\/aureliusjewelry.com\\\/wp-content\\\/uploads\\\/logo.png\",\"contentUrl\":\"https:\\\/\\\/aureliusjewelry.com\\\/wp-content\\\/uploads\\\/logo.png\",\"width\":400,\"height\":64,\"caption\":\"Aurelius Jewelry\"},\"image\":{\"@id\":\"https:\\\/\\\/aureliusjewelry.com\\\/es\\\/#\\\/schema\\\/logo\\\/image\\\/\"},\"sameAs\":[\"https:\\\/\\\/www.facebook.com\\\/AureliusJewelry\\\/\",\"https:\\\/\\\/x.com\\\/AureliusJewelry\",\"https:\\\/\\\/instagram.com\\\/aureliusjewelry\",\"https:\\\/\\\/www.pinterest.com\\\/AureliusJewelry\\\/\"],\"email\":\"info@aureliusjewelry.com\",\"foundingDate\":\"2018-10-01\",\"vatID\":\"SI10391070\",\"hasMerchantReturnPolicy\":{\"@type\":\"MerchantReturnPolicy\",\"merchantReturnLink\":\"https:\\\/\\\/aureliusjewelry.com\\\/our-policies\\\/terms-conditions\\\/\"}}]}<\/script>\n<meta property=\"og:availability\" content=\"backorder\" \/>\n<meta property=\"product:availability\" content=\"available for order\" \/>\n<meta property=\"product:retailer_item_id\" content=\"23495\" \/>\n<meta property=\"product:condition\" content=\"new\" \/>","yoast_head_json":{"title":"Collar Horizontal de Piedra de Nacimiento en Barra - Aurelius Jewelry","robots":{"index":"index","follow":"follow","max-snippet":"max-snippet:-1","max-image-preview":"max-image-preview:large","max-video-preview":"max-video-preview:-1"},"canonical":"https:\/\/aureliusjewelry.com\/es\/collar-horizontal-de-piedra-de-nacimiento-en-barra\/","og_locale":"es_ES","og_type":"article","og_title":"Collar Horizontal de Piedra de Nacimiento en Barra - Aurelius Jewelry","og_description":"%","og_url":"https:\/\/aureliusjewelry.com\/es\/collar-horizontal-de-piedra-de-nacimiento-en-barra\/","og_site_name":"Aurelius Jewelry","article_publisher":"https:\/\/www.facebook.com\/AureliusJewelry\/","article_modified_time":"2026-03-20T21:16:39+00:00","og_image":[{"width":1920,"height":1440,"url":"https:\/\/aureliusjewelry.com\/wp-content\/uploads\/piedra-del-zodiaco-barra-collar-con-nomber.jpg","type":"image\/jpeg"}],"twitter_card":"summary_large_image","twitter_site":"@AureliusJewelry","schema":{"@context":"https:\/\/schema.org","@graph":[{"@type":"WebPage","@id":"https:\/\/aureliusjewelry.com\/es\/collar-horizontal-de-piedra-de-nacimiento-en-barra\/","url":"https:\/\/aureliusjewelry.com\/es\/collar-horizontal-de-piedra-de-nacimiento-en-barra\/","name":"Collar Horizontal de Piedra de Nacimiento en Barra - Aurelius Jewelry","isPartOf":{"@id":"https:\/\/aureliusjewelry.com\/es\/#website"},"primaryImageOfPage":{"@id":"https:\/\/aureliusjewelry.com\/es\/collar-horizontal-de-piedra-de-nacimiento-en-barra\/#primaryimage"},"image":{"@id":"https:\/\/aureliusjewelry.com\/es\/collar-horizontal-de-piedra-de-nacimiento-en-barra\/#primaryimage"},"thumbnailUrl":"https:\/\/aureliusjewelry.com\/wp-content\/uploads\/piedra-del-zodiaco-barra-collar-con-nomber.jpg","datePublished":"2021-03-12T21:01:58+00:00","dateModified":"2026-03-20T21:16:39+00:00","breadcrumb":{"@id":"https:\/\/aureliusjewelry.com\/es\/collar-horizontal-de-piedra-de-nacimiento-en-barra\/#breadcrumb"},"inLanguage":"es","potentialAction":[{"@type":"ReadAction","target":["https:\/\/aureliusjewelry.com\/es\/collar-horizontal-de-piedra-de-nacimiento-en-barra\/"]}]},{"@type":"ImageObject","inLanguage":"es","@id":"https:\/\/aureliusjewelry.com\/es\/collar-horizontal-de-piedra-de-nacimiento-en-barra\/#primaryimage","url":"https:\/\/aureliusjewelry.com\/wp-content\/uploads\/piedra-del-zodiaco-barra-collar-con-nomber.jpg","contentUrl":"https:\/\/aureliusjewelry.com\/wp-content\/uploads\/piedra-del-zodiaco-barra-collar-con-nomber.jpg","width":1920,"height":1440,"caption":"piedra del zod\u00edaco barra collar con nomber"},{"@type":"BreadcrumbList","@id":"https:\/\/aureliusjewelry.com\/es\/collar-horizontal-de-piedra-de-nacimiento-en-barra\/#breadcrumb","itemListElement":[{"@type":"ListItem","position":1,"name":"Home","item":"https:\/\/aureliusjewelry.com\/es\/"},{"@type":"ListItem","position":2,"name":"Shop","item":"https:\/\/aureliusjewelry.com\/shop\/"},{"@type":"ListItem","position":3,"name":"Collar Horizontal de Piedra de Nacimiento en Barra"}]},{"@type":"WebSite","@id":"https:\/\/aureliusjewelry.com\/es\/#website","url":"https:\/\/aureliusjewelry.com\/es\/","name":"Aurelius Jewelry","description":"Handmade Fine Gold Jewelry","publisher":{"@id":"https:\/\/aureliusjewelry.com\/es\/#organization"},"potentialAction":[{"@type":"SearchAction","target":{"@type":"EntryPoint","urlTemplate":"https:\/\/aureliusjewelry.com\/es\/?s={search_term_string}"},"query-input":{"@type":"PropertyValueSpecification","valueRequired":true,"valueName":"search_term_string"}}],"inLanguage":"es"},{"@type":"Organization","@id":"https:\/\/aureliusjewelry.com\/es\/#organization","name":"Aurelius Jewelry","url":"https:\/\/aureliusjewelry.com\/es\/","logo":{"@type":"ImageObject","inLanguage":"es","@id":"https:\/\/aureliusjewelry.com\/es\/#\/schema\/logo\/image\/","url":"https:\/\/aureliusjewelry.com\/wp-content\/uploads\/logo.png","contentUrl":"https:\/\/aureliusjewelry.com\/wp-content\/uploads\/logo.png","width":400,"height":64,"caption":"Aurelius Jewelry"},"image":{"@id":"https:\/\/aureliusjewelry.com\/es\/#\/schema\/logo\/image\/"},"sameAs":["https:\/\/www.facebook.com\/AureliusJewelry\/","https:\/\/x.com\/AureliusJewelry","https:\/\/instagram.com\/aureliusjewelry","https:\/\/www.pinterest.com\/AureliusJewelry\/"],"email":"info@aureliusjewelry.com","foundingDate":"2018-10-01","vatID":"SI10391070","hasMerchantReturnPolicy":{"@type":"MerchantReturnPolicy","merchantReturnLink":"https:\/\/aureliusjewelry.com\/our-policies\/terms-conditions\/"}}]},"og_availability":"backorder","product_availability":"available for order","product_retailer_item_id":"23495","product_condition":"new"},"_links":{"self":[{"href":"https:\/\/aureliusjewelry.com\/es\/wp-json\/wp\/v2\/product\/25132","targetHints":{"allow":["GET"]}}],"collection":[{"href":"https:\/\/aureliusjewelry.com\/es\/wp-json\/wp\/v2\/product"}],"about":[{"href":"https:\/\/aureliusjewelry.com\/es\/wp-json\/wp\/v2\/types\/product"}],"replies":[{"embeddable":true,"href":"https:\/\/aureliusjewelry.com\/es\/wp-json\/wp\/v2\/comments?post=25132"}],"wp:featuredmedia":[{"embeddable":true,"href":"https:\/\/aureliusjewelry.com\/es\/wp-json\/wp\/v2\/media\/23503"}],"wp:attachment":[{"href":"https:\/\/aureliusjewelry.com\/es\/wp-json\/wp\/v2\/media?parent=25132"}],"wp:term":[{"taxonomy":"product_brand","embeddable":true,"href":"https:\/\/aureliusjewelry.com\/es\/wp-json\/wp\/v2\/product_brand?post=25132"},{"taxonomy":"product_cat","embeddable":true,"href":"https:\/\/aureliusjewelry.com\/es\/wp-json\/wp\/v2\/product_cat?post=25132"},{"taxonomy":"product_tag","embeddable":true,"href":"https:\/\/aureliusjewelry.com\/es\/wp-json\/wp\/v2\/product_tag?post=25132"}],"curies":[{"name":"wp","href":"https:\/\/api.w.org\/{rel}","templated":true}]}}