{"id":25116,"date":"2021-03-12T16:39:54","date_gmt":"2021-03-12T14:39:54","guid":{"rendered":"http:\/\/127.0.0.1\/product\/pendientes-de-diamante-negro\/"},"modified":"2026-03-23T19:31:48","modified_gmt":"2026-03-23T17:31:48","slug":"pendientes-de-diamante-negro","status":"publish","type":"product","link":"https:\/\/aureliusjewelry.com\/es\/pendientes-de-diamante-negro\/","title":{"rendered":"Pendientes de Diamante Negro"},"content":{"rendered":"<p><strong>Piedra Principal<\/strong><br \/>\n&#8211; diamante negro<br \/>\n&#8211; approx. 3mm (2)<\/p>\n<p><strong>Piedras Laterales<\/strong><br \/>\n&#8211; diamantes redondos de sal y pimienta<br \/>\n&#8211; approx. 2mm (2)<\/p>\n<p>&#8211; diamantes blancos redondos<br \/>\n&#8211; approx. 1.5mm (2)<br \/>\n&#8211; color F\/G, claridad VS, sin conflictos<\/p>\n<p><strong>Medidas y Material de los pendientes<\/strong><br \/>\n&#8211; approx. 6x5mm<br \/>\n&#8211; disponible en oro amarillo, blanco o rosa de 14k<\/p>\n","protected":false},"excerpt":{"rendered":"<p>Mira nuestros adorables pendientes de racimo de diamantes con una mezcla de diamantes negros, de sal y pimienta y blancos. Las piedras est\u00e1n dispuestas en un elegante patr\u00f3n ombr\u00e9. Tambi\u00e9n puedes elegir otras piedras preciosas para crear un par personalizado de pendientes de tres piedras. Delicados y discretos, combinar\u00e1n con cualquier conjunto.<\/p>\n","protected":false},"featured_media":23374,"comment_status":"open","ping_status":"closed","template":"","meta":[],"product_brand":[],"product_cat":[528,531],"product_tag":[1167,736,1255],"class_list":{"0":"post-25116","1":"product","2":"type-product","3":"status-publish","4":"has-post-thumbnail","6":"product_cat-joyeria-fina","7":"product_cat-pendientes","8":"product_tag-diamante-negro","9":"product_tag-production_time_3_5-es","10":"product_tag-redonda","12":"first","13":"onbackorder","14":"sold-individually","15":"taxable","16":"shipping-taxable","17":"purchasable","18":"product-type-variable"},"yoast_head":"<title>Pendientes de Diamante Negro - Aurelius Jewelry<\/title>\n<meta name=\"robots\" content=\"index, follow, max-snippet:-1, max-image-preview:large, max-video-preview:-1\" \/>\n<link rel=\"canonical\" href=\"https:\/\/aureliusjewelry.com\/es\/pendientes-de-diamante-negro\/\" \/>\n<meta property=\"og:locale\" content=\"es_ES\" \/>\n<meta property=\"og:type\" content=\"article\" \/>\n<meta property=\"og:title\" content=\"Pendientes de Diamante Negro - Aurelius Jewelry\" \/>\n<meta property=\"og:description\" content=\"%\" \/>\n<meta property=\"og:url\" content=\"https:\/\/aureliusjewelry.com\/es\/pendientes-de-diamante-negro\/\" \/>\n<meta property=\"og:site_name\" content=\"Aurelius Jewelry\" \/>\n<meta property=\"article:publisher\" content=\"https:\/\/www.facebook.com\/AureliusJewelry\/\" \/>\n<meta property=\"article:modified_time\" content=\"2026-03-23T17:31:48+00:00\" \/>\n<meta property=\"og:image\" content=\"https:\/\/aureliusjewelry.com\/wp-content\/uploads\/diamante-negro-aretes-aretes.jpg\" \/>\n\t<meta property=\"og:image:width\" content=\"1920\" \/>\n\t<meta property=\"og:image:height\" content=\"1440\" \/>\n\t<meta property=\"og:image:type\" content=\"image\/jpeg\" \/>\n<meta name=\"twitter:card\" content=\"summary_large_image\" \/>\n<meta name=\"twitter:site\" content=\"@AureliusJewelry\" \/>\n<script type=\"application\/ld+json\" class=\"yoast-schema-graph\">{\"@context\":\"https:\\\/\\\/schema.org\",\"@graph\":[{\"@type\":\"WebPage\",\"@id\":\"https:\\\/\\\/aureliusjewelry.com\\\/es\\\/pendientes-de-diamante-negro\\\/\",\"url\":\"https:\\\/\\\/aureliusjewelry.com\\\/es\\\/pendientes-de-diamante-negro\\\/\",\"name\":\"Pendientes de Diamante Negro - Aurelius Jewelry\",\"isPartOf\":{\"@id\":\"https:\\\/\\\/aureliusjewelry.com\\\/es\\\/#website\"},\"primaryImageOfPage\":{\"@id\":\"https:\\\/\\\/aureliusjewelry.com\\\/es\\\/pendientes-de-diamante-negro\\\/#primaryimage\"},\"image\":{\"@id\":\"https:\\\/\\\/aureliusjewelry.com\\\/es\\\/pendientes-de-diamante-negro\\\/#primaryimage\"},\"thumbnailUrl\":\"https:\\\/\\\/aureliusjewelry.com\\\/wp-content\\\/uploads\\\/diamante-negro-aretes-aretes.jpg\",\"datePublished\":\"2021-03-12T14:39:54+00:00\",\"dateModified\":\"2026-03-23T17:31:48+00:00\",\"breadcrumb\":{\"@id\":\"https:\\\/\\\/aureliusjewelry.com\\\/es\\\/pendientes-de-diamante-negro\\\/#breadcrumb\"},\"inLanguage\":\"es\",\"potentialAction\":[{\"@type\":\"ReadAction\",\"target\":[\"https:\\\/\\\/aureliusjewelry.com\\\/es\\\/pendientes-de-diamante-negro\\\/\"]}]},{\"@type\":\"ImageObject\",\"inLanguage\":\"es\",\"@id\":\"https:\\\/\\\/aureliusjewelry.com\\\/es\\\/pendientes-de-diamante-negro\\\/#primaryimage\",\"url\":\"https:\\\/\\\/aureliusjewelry.com\\\/wp-content\\\/uploads\\\/diamante-negro-aretes-aretes.jpg\",\"contentUrl\":\"https:\\\/\\\/aureliusjewelry.com\\\/wp-content\\\/uploads\\\/diamante-negro-aretes-aretes.jpg\",\"width\":1920,\"height\":1440,\"caption\":\"diamante negro aretes aretes\"},{\"@type\":\"BreadcrumbList\",\"@id\":\"https:\\\/\\\/aureliusjewelry.com\\\/es\\\/pendientes-de-diamante-negro\\\/#breadcrumb\",\"itemListElement\":[{\"@type\":\"ListItem\",\"position\":1,\"name\":\"Home\",\"item\":\"https:\\\/\\\/aureliusjewelry.com\\\/es\\\/\"},{\"@type\":\"ListItem\",\"position\":2,\"name\":\"Shop\",\"item\":\"https:\\\/\\\/aureliusjewelry.com\\\/shop\\\/\"},{\"@type\":\"ListItem\",\"position\":3,\"name\":\"Pendientes de Diamante Negro\"}]},{\"@type\":\"WebSite\",\"@id\":\"https:\\\/\\\/aureliusjewelry.com\\\/es\\\/#website\",\"url\":\"https:\\\/\\\/aureliusjewelry.com\\\/es\\\/\",\"name\":\"Aurelius Jewelry\",\"description\":\"Handmade Fine Gold Jewelry\",\"publisher\":{\"@id\":\"https:\\\/\\\/aureliusjewelry.com\\\/es\\\/#organization\"},\"potentialAction\":[{\"@type\":\"SearchAction\",\"target\":{\"@type\":\"EntryPoint\",\"urlTemplate\":\"https:\\\/\\\/aureliusjewelry.com\\\/es\\\/?s={search_term_string}\"},\"query-input\":{\"@type\":\"PropertyValueSpecification\",\"valueRequired\":true,\"valueName\":\"search_term_string\"}}],\"inLanguage\":\"es\"},{\"@type\":\"Organization\",\"@id\":\"https:\\\/\\\/aureliusjewelry.com\\\/es\\\/#organization\",\"name\":\"Aurelius Jewelry\",\"url\":\"https:\\\/\\\/aureliusjewelry.com\\\/es\\\/\",\"logo\":{\"@type\":\"ImageObject\",\"inLanguage\":\"es\",\"@id\":\"https:\\\/\\\/aureliusjewelry.com\\\/es\\\/#\\\/schema\\\/logo\\\/image\\\/\",\"url\":\"https:\\\/\\\/aureliusjewelry.com\\\/wp-content\\\/uploads\\\/logo.png\",\"contentUrl\":\"https:\\\/\\\/aureliusjewelry.com\\\/wp-content\\\/uploads\\\/logo.png\",\"width\":400,\"height\":64,\"caption\":\"Aurelius Jewelry\"},\"image\":{\"@id\":\"https:\\\/\\\/aureliusjewelry.com\\\/es\\\/#\\\/schema\\\/logo\\\/image\\\/\"},\"sameAs\":[\"https:\\\/\\\/www.facebook.com\\\/AureliusJewelry\\\/\",\"https:\\\/\\\/x.com\\\/AureliusJewelry\",\"https:\\\/\\\/instagram.com\\\/aureliusjewelry\",\"https:\\\/\\\/www.pinterest.com\\\/AureliusJewelry\\\/\"],\"email\":\"info@aureliusjewelry.com\",\"foundingDate\":\"2018-10-01\",\"vatID\":\"SI10391070\",\"hasMerchantReturnPolicy\":{\"@type\":\"MerchantReturnPolicy\",\"merchantReturnLink\":\"https:\\\/\\\/aureliusjewelry.com\\\/our-policies\\\/terms-conditions\\\/\"}}]}<\/script>\n<meta property=\"og:availability\" content=\"backorder\" \/>\n<meta property=\"product:availability\" content=\"available for order\" \/>\n<meta property=\"product:retailer_item_id\" content=\"23366\" \/>\n<meta property=\"product:condition\" content=\"new\" \/>","yoast_head_json":{"title":"Pendientes de Diamante Negro - Aurelius Jewelry","robots":{"index":"index","follow":"follow","max-snippet":"max-snippet:-1","max-image-preview":"max-image-preview:large","max-video-preview":"max-video-preview:-1"},"canonical":"https:\/\/aureliusjewelry.com\/es\/pendientes-de-diamante-negro\/","og_locale":"es_ES","og_type":"article","og_title":"Pendientes de Diamante Negro - Aurelius Jewelry","og_description":"%","og_url":"https:\/\/aureliusjewelry.com\/es\/pendientes-de-diamante-negro\/","og_site_name":"Aurelius Jewelry","article_publisher":"https:\/\/www.facebook.com\/AureliusJewelry\/","article_modified_time":"2026-03-23T17:31:48+00:00","og_image":[{"width":1920,"height":1440,"url":"https:\/\/aureliusjewelry.com\/wp-content\/uploads\/diamante-negro-aretes-aretes.jpg","type":"image\/jpeg"}],"twitter_card":"summary_large_image","twitter_site":"@AureliusJewelry","schema":{"@context":"https:\/\/schema.org","@graph":[{"@type":"WebPage","@id":"https:\/\/aureliusjewelry.com\/es\/pendientes-de-diamante-negro\/","url":"https:\/\/aureliusjewelry.com\/es\/pendientes-de-diamante-negro\/","name":"Pendientes de Diamante Negro - Aurelius Jewelry","isPartOf":{"@id":"https:\/\/aureliusjewelry.com\/es\/#website"},"primaryImageOfPage":{"@id":"https:\/\/aureliusjewelry.com\/es\/pendientes-de-diamante-negro\/#primaryimage"},"image":{"@id":"https:\/\/aureliusjewelry.com\/es\/pendientes-de-diamante-negro\/#primaryimage"},"thumbnailUrl":"https:\/\/aureliusjewelry.com\/wp-content\/uploads\/diamante-negro-aretes-aretes.jpg","datePublished":"2021-03-12T14:39:54+00:00","dateModified":"2026-03-23T17:31:48+00:00","breadcrumb":{"@id":"https:\/\/aureliusjewelry.com\/es\/pendientes-de-diamante-negro\/#breadcrumb"},"inLanguage":"es","potentialAction":[{"@type":"ReadAction","target":["https:\/\/aureliusjewelry.com\/es\/pendientes-de-diamante-negro\/"]}]},{"@type":"ImageObject","inLanguage":"es","@id":"https:\/\/aureliusjewelry.com\/es\/pendientes-de-diamante-negro\/#primaryimage","url":"https:\/\/aureliusjewelry.com\/wp-content\/uploads\/diamante-negro-aretes-aretes.jpg","contentUrl":"https:\/\/aureliusjewelry.com\/wp-content\/uploads\/diamante-negro-aretes-aretes.jpg","width":1920,"height":1440,"caption":"diamante negro aretes aretes"},{"@type":"BreadcrumbList","@id":"https:\/\/aureliusjewelry.com\/es\/pendientes-de-diamante-negro\/#breadcrumb","itemListElement":[{"@type":"ListItem","position":1,"name":"Home","item":"https:\/\/aureliusjewelry.com\/es\/"},{"@type":"ListItem","position":2,"name":"Shop","item":"https:\/\/aureliusjewelry.com\/shop\/"},{"@type":"ListItem","position":3,"name":"Pendientes de Diamante Negro"}]},{"@type":"WebSite","@id":"https:\/\/aureliusjewelry.com\/es\/#website","url":"https:\/\/aureliusjewelry.com\/es\/","name":"Aurelius Jewelry","description":"Handmade Fine Gold Jewelry","publisher":{"@id":"https:\/\/aureliusjewelry.com\/es\/#organization"},"potentialAction":[{"@type":"SearchAction","target":{"@type":"EntryPoint","urlTemplate":"https:\/\/aureliusjewelry.com\/es\/?s={search_term_string}"},"query-input":{"@type":"PropertyValueSpecification","valueRequired":true,"valueName":"search_term_string"}}],"inLanguage":"es"},{"@type":"Organization","@id":"https:\/\/aureliusjewelry.com\/es\/#organization","name":"Aurelius Jewelry","url":"https:\/\/aureliusjewelry.com\/es\/","logo":{"@type":"ImageObject","inLanguage":"es","@id":"https:\/\/aureliusjewelry.com\/es\/#\/schema\/logo\/image\/","url":"https:\/\/aureliusjewelry.com\/wp-content\/uploads\/logo.png","contentUrl":"https:\/\/aureliusjewelry.com\/wp-content\/uploads\/logo.png","width":400,"height":64,"caption":"Aurelius Jewelry"},"image":{"@id":"https:\/\/aureliusjewelry.com\/es\/#\/schema\/logo\/image\/"},"sameAs":["https:\/\/www.facebook.com\/AureliusJewelry\/","https:\/\/x.com\/AureliusJewelry","https:\/\/instagram.com\/aureliusjewelry","https:\/\/www.pinterest.com\/AureliusJewelry\/"],"email":"info@aureliusjewelry.com","foundingDate":"2018-10-01","vatID":"SI10391070","hasMerchantReturnPolicy":{"@type":"MerchantReturnPolicy","merchantReturnLink":"https:\/\/aureliusjewelry.com\/our-policies\/terms-conditions\/"}}]},"og_availability":"backorder","product_availability":"available for order","product_retailer_item_id":"23366","product_condition":"new"},"_links":{"self":[{"href":"https:\/\/aureliusjewelry.com\/es\/wp-json\/wp\/v2\/product\/25116","targetHints":{"allow":["GET"]}}],"collection":[{"href":"https:\/\/aureliusjewelry.com\/es\/wp-json\/wp\/v2\/product"}],"about":[{"href":"https:\/\/aureliusjewelry.com\/es\/wp-json\/wp\/v2\/types\/product"}],"replies":[{"embeddable":true,"href":"https:\/\/aureliusjewelry.com\/es\/wp-json\/wp\/v2\/comments?post=25116"}],"wp:featuredmedia":[{"embeddable":true,"href":"https:\/\/aureliusjewelry.com\/es\/wp-json\/wp\/v2\/media\/23374"}],"wp:attachment":[{"href":"https:\/\/aureliusjewelry.com\/es\/wp-json\/wp\/v2\/media?parent=25116"}],"wp:term":[{"taxonomy":"product_brand","embeddable":true,"href":"https:\/\/aureliusjewelry.com\/es\/wp-json\/wp\/v2\/product_brand?post=25116"},{"taxonomy":"product_cat","embeddable":true,"href":"https:\/\/aureliusjewelry.com\/es\/wp-json\/wp\/v2\/product_cat?post=25116"},{"taxonomy":"product_tag","embeddable":true,"href":"https:\/\/aureliusjewelry.com\/es\/wp-json\/wp\/v2\/product_tag?post=25116"}],"curies":[{"name":"wp","href":"https:\/\/api.w.org\/{rel}","templated":true}]}}