{"id":24781,"date":"2021-02-18T23:57:39","date_gmt":"2021-02-18T21:57:39","guid":{"rendered":"http:\/\/127.0.0.1\/product\/conjunto-de-anillos-de-compromiso-de-moissanita-hexagonal-y-diamante-abierto\/"},"modified":"2026-03-23T20:35:37","modified_gmt":"2026-03-23T18:35:37","slug":"conjunto-de-anillos-de-compromiso-de-moissanita-hexagonal-y-diamante-abierto","status":"publish","type":"product","link":"https:\/\/aureliusjewelry.com\/es\/conjunto-de-anillos-de-compromiso-de-moissanita-hexagonal-y-diamante-abierto\/","title":{"rendered":"Conjunto de Anillos de Compromiso de Moissanita Hexagonal y Diamante Abierto"},"content":{"rendered":"<p><strong>Anillo de Compromiso<\/strong><br \/>\n\u2013 moissanita hexagonal<br \/>\n\u2013 approx. 7mm<br \/>\n\u2013 color DEF<\/p>\n<p><strong>Piedras Laterales<\/strong><br \/>\n\u2013 moissanites cometa<br \/>\n\u2013 approx. 4\u00d72.5mm<\/p>\n<p><strong>Alianza de boda<\/strong><br \/>\n\u2013 diamantes redondos y marquesa<br \/>\n\u2013 approx. 3\u00d71.5mm (2), 1.25mm (4)<br \/>\n\u2013 color F\/G, claridad VS, sin conflictos<\/p>\n<p><strong>Mediciones y Material de la Alianza<\/strong><br \/>\n\u2013 1.5 mm de ancho, 1.6 mm de espesor<br \/>\n\u2013 disponible en oro amarillo, blanco o rosa de 585\/1000 (14k) o 750\/1000 (18k) y platino 950\/1000<br \/>\n\u2013 tama\u00f1o de anillo de EE. UU. 3-9, tama\u00f1os m\u00e1s peque\u00f1os o m\u00e1s grandes disponibles por solicitud<\/p>\n","protected":false},"excerpt":{"rendered":"<p>Este anillo de compromiso de moissanita geom\u00e9trica presenta una piedra central hexagonal con dos peque\u00f1as acentuaciones de cometa. Elegir un anillo de compromiso de tres piedras poco convencional con gemas de forma \u00fanica te ayudar\u00e1 a destacar entre la multitud. Lo emparejamos con nuestra emblem\u00e1tica alianza de boda abierta de diamantes para conseguir un brillo extra.<\/p>\n","protected":false},"featured_media":21466,"comment_status":"open","ping_status":"closed","template":"","meta":[],"product_brand":[],"product_cat":[1580,535,518,472,480],"product_tag":[1187,1251,1212,736,735],"class_list":{"0":"post-24781","1":"product","2":"type-product","3":"status-publish","4":"has-post-thumbnail","6":"product_cat-anillo-de-bodas-de-dos-piezas","7":"product_cat-anillos","8":"product_cat-conjuntos-de-anillos-de-boda","9":"product_cat-contemporaneo","10":"product_cat-emparejado","11":"product_tag-hexagono","12":"product_tag-juego-de-anillos","13":"product_tag-moissanita","14":"product_tag-production_time_3_5-es","15":"product_tag-rings-es-tag","17":"first","18":"onbackorder","19":"sold-individually","20":"taxable","21":"shipping-taxable","22":"purchasable","23":"product-type-variable"},"yoast_head":"<title>Conjunto de Anillos de Compromiso de Moissanita Hexagonal y Diamante Abierto - Aurelius Jewelry<\/title>\n<meta name=\"robots\" content=\"index, follow, max-snippet:-1, max-image-preview:large, max-video-preview:-1\" \/>\n<link rel=\"canonical\" href=\"https:\/\/aureliusjewelry.com\/es\/conjunto-de-anillos-de-compromiso-de-moissanita-hexagonal-y-diamante-abierto\/\" \/>\n<meta property=\"og:locale\" content=\"es_ES\" \/>\n<meta property=\"og:type\" content=\"article\" \/>\n<meta property=\"og:title\" content=\"Conjunto de Anillos de Compromiso de Moissanita Hexagonal y Diamante Abierto - Aurelius Jewelry\" \/>\n<meta property=\"og:description\" content=\"%\" \/>\n<meta property=\"og:url\" content=\"https:\/\/aureliusjewelry.com\/es\/conjunto-de-anillos-de-compromiso-de-moissanita-hexagonal-y-diamante-abierto\/\" \/>\n<meta property=\"og:site_name\" content=\"Aurelius Jewelry\" \/>\n<meta property=\"article:publisher\" content=\"https:\/\/www.facebook.com\/AureliusJewelry\/\" \/>\n<meta property=\"article:modified_time\" content=\"2026-03-23T18:35:37+00:00\" \/>\n<meta property=\"og:image\" content=\"https:\/\/aureliusjewelry.com\/wp-content\/uploads\/hexagono-moissanita-diamante-conjunto-de-anillos-de-compromiso.jpg\" \/>\n\t<meta property=\"og:image:width\" content=\"1920\" \/>\n\t<meta property=\"og:image:height\" content=\"1440\" \/>\n\t<meta property=\"og:image:type\" content=\"image\/jpeg\" \/>\n<meta name=\"twitter:card\" content=\"summary_large_image\" \/>\n<meta name=\"twitter:site\" content=\"@AureliusJewelry\" \/>\n<script type=\"application\/ld+json\" class=\"yoast-schema-graph\">{\"@context\":\"https:\\\/\\\/schema.org\",\"@graph\":[{\"@type\":\"WebPage\",\"@id\":\"https:\\\/\\\/aureliusjewelry.com\\\/es\\\/conjunto-de-anillos-de-compromiso-de-moissanita-hexagonal-y-diamante-abierto\\\/\",\"url\":\"https:\\\/\\\/aureliusjewelry.com\\\/es\\\/conjunto-de-anillos-de-compromiso-de-moissanita-hexagonal-y-diamante-abierto\\\/\",\"name\":\"Conjunto de Anillos de Compromiso de Moissanita Hexagonal y Diamante Abierto - Aurelius Jewelry\",\"isPartOf\":{\"@id\":\"https:\\\/\\\/aureliusjewelry.com\\\/es\\\/#website\"},\"primaryImageOfPage\":{\"@id\":\"https:\\\/\\\/aureliusjewelry.com\\\/es\\\/conjunto-de-anillos-de-compromiso-de-moissanita-hexagonal-y-diamante-abierto\\\/#primaryimage\"},\"image\":{\"@id\":\"https:\\\/\\\/aureliusjewelry.com\\\/es\\\/conjunto-de-anillos-de-compromiso-de-moissanita-hexagonal-y-diamante-abierto\\\/#primaryimage\"},\"thumbnailUrl\":\"https:\\\/\\\/aureliusjewelry.com\\\/wp-content\\\/uploads\\\/hexagono-moissanita-diamante-conjunto-de-anillos-de-compromiso.jpg\",\"datePublished\":\"2021-02-18T21:57:39+00:00\",\"dateModified\":\"2026-03-23T18:35:37+00:00\",\"breadcrumb\":{\"@id\":\"https:\\\/\\\/aureliusjewelry.com\\\/es\\\/conjunto-de-anillos-de-compromiso-de-moissanita-hexagonal-y-diamante-abierto\\\/#breadcrumb\"},\"inLanguage\":\"es\",\"potentialAction\":[{\"@type\":\"ReadAction\",\"target\":[\"https:\\\/\\\/aureliusjewelry.com\\\/es\\\/conjunto-de-anillos-de-compromiso-de-moissanita-hexagonal-y-diamante-abierto\\\/\"]}]},{\"@type\":\"ImageObject\",\"inLanguage\":\"es\",\"@id\":\"https:\\\/\\\/aureliusjewelry.com\\\/es\\\/conjunto-de-anillos-de-compromiso-de-moissanita-hexagonal-y-diamante-abierto\\\/#primaryimage\",\"url\":\"https:\\\/\\\/aureliusjewelry.com\\\/wp-content\\\/uploads\\\/hexagono-moissanita-diamante-conjunto-de-anillos-de-compromiso.jpg\",\"contentUrl\":\"https:\\\/\\\/aureliusjewelry.com\\\/wp-content\\\/uploads\\\/hexagono-moissanita-diamante-conjunto-de-anillos-de-compromiso.jpg\",\"width\":1920,\"height\":1440,\"caption\":\"hex\u00e1gono moissanita diamante conjunto de anillos de compromiso\"},{\"@type\":\"BreadcrumbList\",\"@id\":\"https:\\\/\\\/aureliusjewelry.com\\\/es\\\/conjunto-de-anillos-de-compromiso-de-moissanita-hexagonal-y-diamante-abierto\\\/#breadcrumb\",\"itemListElement\":[{\"@type\":\"ListItem\",\"position\":1,\"name\":\"Home\",\"item\":\"https:\\\/\\\/aureliusjewelry.com\\\/es\\\/\"},{\"@type\":\"ListItem\",\"position\":2,\"name\":\"Shop\",\"item\":\"https:\\\/\\\/aureliusjewelry.com\\\/shop\\\/\"},{\"@type\":\"ListItem\",\"position\":3,\"name\":\"Conjunto de Anillos de Compromiso de Moissanita Hexagonal y Diamante Abierto\"}]},{\"@type\":\"WebSite\",\"@id\":\"https:\\\/\\\/aureliusjewelry.com\\\/es\\\/#website\",\"url\":\"https:\\\/\\\/aureliusjewelry.com\\\/es\\\/\",\"name\":\"Aurelius Jewelry\",\"description\":\"Handmade Fine Gold Jewelry\",\"publisher\":{\"@id\":\"https:\\\/\\\/aureliusjewelry.com\\\/es\\\/#organization\"},\"potentialAction\":[{\"@type\":\"SearchAction\",\"target\":{\"@type\":\"EntryPoint\",\"urlTemplate\":\"https:\\\/\\\/aureliusjewelry.com\\\/es\\\/?s={search_term_string}\"},\"query-input\":{\"@type\":\"PropertyValueSpecification\",\"valueRequired\":true,\"valueName\":\"search_term_string\"}}],\"inLanguage\":\"es\"},{\"@type\":\"Organization\",\"@id\":\"https:\\\/\\\/aureliusjewelry.com\\\/es\\\/#organization\",\"name\":\"Aurelius Jewelry\",\"url\":\"https:\\\/\\\/aureliusjewelry.com\\\/es\\\/\",\"logo\":{\"@type\":\"ImageObject\",\"inLanguage\":\"es\",\"@id\":\"https:\\\/\\\/aureliusjewelry.com\\\/es\\\/#\\\/schema\\\/logo\\\/image\\\/\",\"url\":\"https:\\\/\\\/aureliusjewelry.com\\\/wp-content\\\/uploads\\\/logo.png\",\"contentUrl\":\"https:\\\/\\\/aureliusjewelry.com\\\/wp-content\\\/uploads\\\/logo.png\",\"width\":400,\"height\":64,\"caption\":\"Aurelius Jewelry\"},\"image\":{\"@id\":\"https:\\\/\\\/aureliusjewelry.com\\\/es\\\/#\\\/schema\\\/logo\\\/image\\\/\"},\"sameAs\":[\"https:\\\/\\\/www.facebook.com\\\/AureliusJewelry\\\/\",\"https:\\\/\\\/x.com\\\/AureliusJewelry\",\"https:\\\/\\\/instagram.com\\\/aureliusjewelry\",\"https:\\\/\\\/www.pinterest.com\\\/AureliusJewelry\\\/\"],\"email\":\"info@aureliusjewelry.com\",\"foundingDate\":\"2018-10-01\",\"vatID\":\"SI10391070\",\"hasMerchantReturnPolicy\":{\"@type\":\"MerchantReturnPolicy\",\"merchantReturnLink\":\"https:\\\/\\\/aureliusjewelry.com\\\/our-policies\\\/terms-conditions\\\/\"}}]}<\/script>\n<meta property=\"og:availability\" content=\"backorder\" \/>\n<meta property=\"product:availability\" content=\"available for order\" \/>\n<meta property=\"product:retailer_item_id\" content=\"21454\" \/>\n<meta property=\"product:condition\" content=\"new\" \/>","yoast_head_json":{"title":"Conjunto de Anillos de Compromiso de Moissanita Hexagonal y Diamante Abierto - Aurelius Jewelry","robots":{"index":"index","follow":"follow","max-snippet":"max-snippet:-1","max-image-preview":"max-image-preview:large","max-video-preview":"max-video-preview:-1"},"canonical":"https:\/\/aureliusjewelry.com\/es\/conjunto-de-anillos-de-compromiso-de-moissanita-hexagonal-y-diamante-abierto\/","og_locale":"es_ES","og_type":"article","og_title":"Conjunto de Anillos de Compromiso de Moissanita Hexagonal y Diamante Abierto - Aurelius Jewelry","og_description":"%","og_url":"https:\/\/aureliusjewelry.com\/es\/conjunto-de-anillos-de-compromiso-de-moissanita-hexagonal-y-diamante-abierto\/","og_site_name":"Aurelius Jewelry","article_publisher":"https:\/\/www.facebook.com\/AureliusJewelry\/","article_modified_time":"2026-03-23T18:35:37+00:00","og_image":[{"width":1920,"height":1440,"url":"https:\/\/aureliusjewelry.com\/wp-content\/uploads\/hexagono-moissanita-diamante-conjunto-de-anillos-de-compromiso.jpg","type":"image\/jpeg"}],"twitter_card":"summary_large_image","twitter_site":"@AureliusJewelry","schema":{"@context":"https:\/\/schema.org","@graph":[{"@type":"WebPage","@id":"https:\/\/aureliusjewelry.com\/es\/conjunto-de-anillos-de-compromiso-de-moissanita-hexagonal-y-diamante-abierto\/","url":"https:\/\/aureliusjewelry.com\/es\/conjunto-de-anillos-de-compromiso-de-moissanita-hexagonal-y-diamante-abierto\/","name":"Conjunto de Anillos de Compromiso de Moissanita Hexagonal y Diamante Abierto - Aurelius Jewelry","isPartOf":{"@id":"https:\/\/aureliusjewelry.com\/es\/#website"},"primaryImageOfPage":{"@id":"https:\/\/aureliusjewelry.com\/es\/conjunto-de-anillos-de-compromiso-de-moissanita-hexagonal-y-diamante-abierto\/#primaryimage"},"image":{"@id":"https:\/\/aureliusjewelry.com\/es\/conjunto-de-anillos-de-compromiso-de-moissanita-hexagonal-y-diamante-abierto\/#primaryimage"},"thumbnailUrl":"https:\/\/aureliusjewelry.com\/wp-content\/uploads\/hexagono-moissanita-diamante-conjunto-de-anillos-de-compromiso.jpg","datePublished":"2021-02-18T21:57:39+00:00","dateModified":"2026-03-23T18:35:37+00:00","breadcrumb":{"@id":"https:\/\/aureliusjewelry.com\/es\/conjunto-de-anillos-de-compromiso-de-moissanita-hexagonal-y-diamante-abierto\/#breadcrumb"},"inLanguage":"es","potentialAction":[{"@type":"ReadAction","target":["https:\/\/aureliusjewelry.com\/es\/conjunto-de-anillos-de-compromiso-de-moissanita-hexagonal-y-diamante-abierto\/"]}]},{"@type":"ImageObject","inLanguage":"es","@id":"https:\/\/aureliusjewelry.com\/es\/conjunto-de-anillos-de-compromiso-de-moissanita-hexagonal-y-diamante-abierto\/#primaryimage","url":"https:\/\/aureliusjewelry.com\/wp-content\/uploads\/hexagono-moissanita-diamante-conjunto-de-anillos-de-compromiso.jpg","contentUrl":"https:\/\/aureliusjewelry.com\/wp-content\/uploads\/hexagono-moissanita-diamante-conjunto-de-anillos-de-compromiso.jpg","width":1920,"height":1440,"caption":"hex\u00e1gono moissanita diamante conjunto de anillos de compromiso"},{"@type":"BreadcrumbList","@id":"https:\/\/aureliusjewelry.com\/es\/conjunto-de-anillos-de-compromiso-de-moissanita-hexagonal-y-diamante-abierto\/#breadcrumb","itemListElement":[{"@type":"ListItem","position":1,"name":"Home","item":"https:\/\/aureliusjewelry.com\/es\/"},{"@type":"ListItem","position":2,"name":"Shop","item":"https:\/\/aureliusjewelry.com\/shop\/"},{"@type":"ListItem","position":3,"name":"Conjunto de Anillos de Compromiso de Moissanita Hexagonal y Diamante Abierto"}]},{"@type":"WebSite","@id":"https:\/\/aureliusjewelry.com\/es\/#website","url":"https:\/\/aureliusjewelry.com\/es\/","name":"Aurelius Jewelry","description":"Handmade Fine Gold Jewelry","publisher":{"@id":"https:\/\/aureliusjewelry.com\/es\/#organization"},"potentialAction":[{"@type":"SearchAction","target":{"@type":"EntryPoint","urlTemplate":"https:\/\/aureliusjewelry.com\/es\/?s={search_term_string}"},"query-input":{"@type":"PropertyValueSpecification","valueRequired":true,"valueName":"search_term_string"}}],"inLanguage":"es"},{"@type":"Organization","@id":"https:\/\/aureliusjewelry.com\/es\/#organization","name":"Aurelius Jewelry","url":"https:\/\/aureliusjewelry.com\/es\/","logo":{"@type":"ImageObject","inLanguage":"es","@id":"https:\/\/aureliusjewelry.com\/es\/#\/schema\/logo\/image\/","url":"https:\/\/aureliusjewelry.com\/wp-content\/uploads\/logo.png","contentUrl":"https:\/\/aureliusjewelry.com\/wp-content\/uploads\/logo.png","width":400,"height":64,"caption":"Aurelius Jewelry"},"image":{"@id":"https:\/\/aureliusjewelry.com\/es\/#\/schema\/logo\/image\/"},"sameAs":["https:\/\/www.facebook.com\/AureliusJewelry\/","https:\/\/x.com\/AureliusJewelry","https:\/\/instagram.com\/aureliusjewelry","https:\/\/www.pinterest.com\/AureliusJewelry\/"],"email":"info@aureliusjewelry.com","foundingDate":"2018-10-01","vatID":"SI10391070","hasMerchantReturnPolicy":{"@type":"MerchantReturnPolicy","merchantReturnLink":"https:\/\/aureliusjewelry.com\/our-policies\/terms-conditions\/"}}]},"og_availability":"backorder","product_availability":"available for order","product_retailer_item_id":"21454","product_condition":"new"},"_links":{"self":[{"href":"https:\/\/aureliusjewelry.com\/es\/wp-json\/wp\/v2\/product\/24781","targetHints":{"allow":["GET"]}}],"collection":[{"href":"https:\/\/aureliusjewelry.com\/es\/wp-json\/wp\/v2\/product"}],"about":[{"href":"https:\/\/aureliusjewelry.com\/es\/wp-json\/wp\/v2\/types\/product"}],"replies":[{"embeddable":true,"href":"https:\/\/aureliusjewelry.com\/es\/wp-json\/wp\/v2\/comments?post=24781"}],"wp:featuredmedia":[{"embeddable":true,"href":"https:\/\/aureliusjewelry.com\/es\/wp-json\/wp\/v2\/media\/21466"}],"wp:attachment":[{"href":"https:\/\/aureliusjewelry.com\/es\/wp-json\/wp\/v2\/media?parent=24781"}],"wp:term":[{"taxonomy":"product_brand","embeddable":true,"href":"https:\/\/aureliusjewelry.com\/es\/wp-json\/wp\/v2\/product_brand?post=24781"},{"taxonomy":"product_cat","embeddable":true,"href":"https:\/\/aureliusjewelry.com\/es\/wp-json\/wp\/v2\/product_cat?post=24781"},{"taxonomy":"product_tag","embeddable":true,"href":"https:\/\/aureliusjewelry.com\/es\/wp-json\/wp\/v2\/product_tag?post=24781"}],"curies":[{"name":"wp","href":"https:\/\/api.w.org\/{rel}","templated":true}]}}