{"id":24671,"date":"2021-02-18T23:09:37","date_gmt":"2021-02-18T21:09:37","guid":{"rendered":"http:\/\/127.0.0.1\/product\/conjunto-de-anillos-de-compromiso-de-zafiro-triangular-azul-y-diamante-pave\/"},"modified":"2026-03-23T21:10:26","modified_gmt":"2026-03-23T19:10:26","slug":"conjunto-de-anillos-de-compromiso-de-zafiro-triangular-azul-y-diamante-pave","status":"publish","type":"product","link":"https:\/\/aureliusjewelry.com\/es\/conjunto-de-anillos-de-compromiso-de-zafiro-triangular-azul-y-diamante-pave\/","title":{"rendered":"Conjunto de Anillos de Compromiso de Zafiro Triangular Azul y Diamante Pav\u00e9"},"content":{"rendered":"<p><strong>Anillo de Compromiso<\/strong><br \/>\n\u2013 tri\u00e1ngulo de zafiro azul<br \/>\n\u2013 approx. 6x5mm, 0.7ct<br \/>\n\u2013 claridad VS<\/p>\n<p><strong>Piedras Laterales<\/strong><br \/>\n\u2013 diamante de sal y pimienta de cometa<br \/>\n\u2013 approx. 4\u00d72.5mm<\/p>\n<p>\u2013 diamantes blancos redondos<br \/>\n\u2013 approx. 1mm (2)<br \/>\n\u2013 color F\/G, claridad VS, sin conflictos<\/p>\n<p><strong>Alianza de boda<\/strong><br \/>\n\u2013 Diamantes redondos<br \/>\n\u2013 approx. 1mm (15)<br \/>\n\u2013 color F\/G, claridad VS, sin conflictos<\/p>\n<p><strong>Mediciones y Material de la Alianza<\/strong><br \/>\n\u2013 1.5 mm de ancho, 1.6 mm de espesor<br \/>\n\u2013 disponible en oro amarillo, blanco o rosa de 585\/1000 (14k) o 750\/1000 (18k) y platino 950\/1000<br \/>\n\u2013 tama\u00f1o de anillo de EE. UU. 3-9, tama\u00f1os m\u00e1s peque\u00f1os o m\u00e1s grandes disponibles por solicitud<\/p>\n","protected":false},"excerpt":{"rendered":"<p>Destaca entre la multitud con un conjunto de anillos de novia de zafiro geom\u00e9trico \u00fanico. Este dise\u00f1o geom\u00e9trico contempor\u00e1neo cubrir\u00e1 la parte de \u00abalgo nuevo\u00bb en su boda, y puede marcar el \u00abalgo azul\u00bb con el zafiro azul \u00edndigo. El zafiro est\u00e1 cortado en forma triangular con esquinas biseladas. Est\u00e1 adornado con un diamante de corte en rosa de sal y pimienta y dos diamantes blancos redondos. Para la alianza de boda, elegimos un anillo con pav\u00e9 de diamantes en forma de V que se adapta a ambos lados del dise\u00f1o del anillo de compromiso y a\u00f1ade versatilidad.<\/p>\n","protected":false},"featured_media":21239,"comment_status":"open","ping_status":"closed","template":"","meta":[],"product_brand":[],"product_cat":[1580,535,518,472,480],"product_tag":[1282,1251,737,735,1267],"class_list":{"0":"post-24671","1":"product","2":"type-product","3":"status-publish","4":"has-post-thumbnail","6":"product_cat-anillo-de-bodas-de-dos-piezas","7":"product_cat-anillos","8":"product_cat-conjuntos-de-anillos-de-boda","9":"product_cat-contemporaneo","10":"product_cat-emparejado","11":"product_tag-corte-brillante","12":"product_tag-juego-de-anillos","13":"product_tag-ready_to_ship-es","14":"product_tag-rings-es-tag","15":"product_tag-zafiro","17":"first","18":"instock","19":"sold-individually","20":"taxable","21":"shipping-taxable","22":"purchasable","23":"product-type-variable"},"yoast_head":"<title>Conjunto de Anillos de Compromiso de Zafiro Triangular Azul y Diamante Pav\u00e9 - Aurelius Jewelry<\/title>\n<meta name=\"robots\" content=\"index, follow, max-snippet:-1, max-image-preview:large, max-video-preview:-1\" \/>\n<link rel=\"canonical\" href=\"https:\/\/aureliusjewelry.com\/es\/conjunto-de-anillos-de-compromiso-de-zafiro-triangular-azul-y-diamante-pave\/\" \/>\n<meta property=\"og:locale\" content=\"es_ES\" \/>\n<meta property=\"og:type\" content=\"article\" \/>\n<meta property=\"og:title\" content=\"Conjunto de Anillos de Compromiso de Zafiro Triangular Azul y Diamante Pav\u00e9 - Aurelius Jewelry\" \/>\n<meta property=\"og:description\" content=\"%\" \/>\n<meta property=\"og:url\" content=\"https:\/\/aureliusjewelry.com\/es\/conjunto-de-anillos-de-compromiso-de-zafiro-triangular-azul-y-diamante-pave\/\" \/>\n<meta property=\"og:site_name\" content=\"Aurelius Jewelry\" \/>\n<meta property=\"article:publisher\" content=\"https:\/\/www.facebook.com\/AureliusJewelry\/\" \/>\n<meta property=\"article:modified_time\" content=\"2026-03-23T19:10:26+00:00\" \/>\n<meta property=\"og:image\" content=\"https:\/\/aureliusjewelry.com\/wp-content\/uploads\/escudo-azul-zafiro-conjunto-de-anillos-de-compromiso.jpg\" \/>\n\t<meta property=\"og:image:width\" content=\"1920\" \/>\n\t<meta property=\"og:image:height\" content=\"1440\" \/>\n\t<meta property=\"og:image:type\" content=\"image\/jpeg\" \/>\n<meta name=\"twitter:card\" content=\"summary_large_image\" \/>\n<meta name=\"twitter:site\" content=\"@AureliusJewelry\" \/>\n<script type=\"application\/ld+json\" class=\"yoast-schema-graph\">{\"@context\":\"https:\\\/\\\/schema.org\",\"@graph\":[{\"@type\":\"WebPage\",\"@id\":\"https:\\\/\\\/aureliusjewelry.com\\\/es\\\/conjunto-de-anillos-de-compromiso-de-zafiro-triangular-azul-y-diamante-pave\\\/\",\"url\":\"https:\\\/\\\/aureliusjewelry.com\\\/es\\\/conjunto-de-anillos-de-compromiso-de-zafiro-triangular-azul-y-diamante-pave\\\/\",\"name\":\"Conjunto de Anillos de Compromiso de Zafiro Triangular Azul y Diamante Pav\u00e9 - Aurelius Jewelry\",\"isPartOf\":{\"@id\":\"https:\\\/\\\/aureliusjewelry.com\\\/es\\\/#website\"},\"primaryImageOfPage\":{\"@id\":\"https:\\\/\\\/aureliusjewelry.com\\\/es\\\/conjunto-de-anillos-de-compromiso-de-zafiro-triangular-azul-y-diamante-pave\\\/#primaryimage\"},\"image\":{\"@id\":\"https:\\\/\\\/aureliusjewelry.com\\\/es\\\/conjunto-de-anillos-de-compromiso-de-zafiro-triangular-azul-y-diamante-pave\\\/#primaryimage\"},\"thumbnailUrl\":\"https:\\\/\\\/aureliusjewelry.com\\\/wp-content\\\/uploads\\\/escudo-azul-zafiro-conjunto-de-anillos-de-compromiso.jpg\",\"datePublished\":\"2021-02-18T21:09:37+00:00\",\"dateModified\":\"2026-03-23T19:10:26+00:00\",\"breadcrumb\":{\"@id\":\"https:\\\/\\\/aureliusjewelry.com\\\/es\\\/conjunto-de-anillos-de-compromiso-de-zafiro-triangular-azul-y-diamante-pave\\\/#breadcrumb\"},\"inLanguage\":\"es\",\"potentialAction\":[{\"@type\":\"ReadAction\",\"target\":[\"https:\\\/\\\/aureliusjewelry.com\\\/es\\\/conjunto-de-anillos-de-compromiso-de-zafiro-triangular-azul-y-diamante-pave\\\/\"]}]},{\"@type\":\"ImageObject\",\"inLanguage\":\"es\",\"@id\":\"https:\\\/\\\/aureliusjewelry.com\\\/es\\\/conjunto-de-anillos-de-compromiso-de-zafiro-triangular-azul-y-diamante-pave\\\/#primaryimage\",\"url\":\"https:\\\/\\\/aureliusjewelry.com\\\/wp-content\\\/uploads\\\/escudo-azul-zafiro-conjunto-de-anillos-de-compromiso.jpg\",\"contentUrl\":\"https:\\\/\\\/aureliusjewelry.com\\\/wp-content\\\/uploads\\\/escudo-azul-zafiro-conjunto-de-anillos-de-compromiso.jpg\",\"width\":1920,\"height\":1440,\"caption\":\"escudo azul zafiro conjunto de anillos de compromiso\"},{\"@type\":\"BreadcrumbList\",\"@id\":\"https:\\\/\\\/aureliusjewelry.com\\\/es\\\/conjunto-de-anillos-de-compromiso-de-zafiro-triangular-azul-y-diamante-pave\\\/#breadcrumb\",\"itemListElement\":[{\"@type\":\"ListItem\",\"position\":1,\"name\":\"Home\",\"item\":\"https:\\\/\\\/aureliusjewelry.com\\\/es\\\/\"},{\"@type\":\"ListItem\",\"position\":2,\"name\":\"Shop\",\"item\":\"https:\\\/\\\/aureliusjewelry.com\\\/shop\\\/\"},{\"@type\":\"ListItem\",\"position\":3,\"name\":\"Conjunto de Anillos de Compromiso de Zafiro Triangular Azul y Diamante Pav\u00e9\"}]},{\"@type\":\"WebSite\",\"@id\":\"https:\\\/\\\/aureliusjewelry.com\\\/es\\\/#website\",\"url\":\"https:\\\/\\\/aureliusjewelry.com\\\/es\\\/\",\"name\":\"Aurelius Jewelry\",\"description\":\"Handmade Fine Gold Jewelry\",\"publisher\":{\"@id\":\"https:\\\/\\\/aureliusjewelry.com\\\/es\\\/#organization\"},\"potentialAction\":[{\"@type\":\"SearchAction\",\"target\":{\"@type\":\"EntryPoint\",\"urlTemplate\":\"https:\\\/\\\/aureliusjewelry.com\\\/es\\\/?s={search_term_string}\"},\"query-input\":{\"@type\":\"PropertyValueSpecification\",\"valueRequired\":true,\"valueName\":\"search_term_string\"}}],\"inLanguage\":\"es\"},{\"@type\":\"Organization\",\"@id\":\"https:\\\/\\\/aureliusjewelry.com\\\/es\\\/#organization\",\"name\":\"Aurelius Jewelry\",\"url\":\"https:\\\/\\\/aureliusjewelry.com\\\/es\\\/\",\"logo\":{\"@type\":\"ImageObject\",\"inLanguage\":\"es\",\"@id\":\"https:\\\/\\\/aureliusjewelry.com\\\/es\\\/#\\\/schema\\\/logo\\\/image\\\/\",\"url\":\"https:\\\/\\\/aureliusjewelry.com\\\/wp-content\\\/uploads\\\/logo.png\",\"contentUrl\":\"https:\\\/\\\/aureliusjewelry.com\\\/wp-content\\\/uploads\\\/logo.png\",\"width\":400,\"height\":64,\"caption\":\"Aurelius Jewelry\"},\"image\":{\"@id\":\"https:\\\/\\\/aureliusjewelry.com\\\/es\\\/#\\\/schema\\\/logo\\\/image\\\/\"},\"sameAs\":[\"https:\\\/\\\/www.facebook.com\\\/AureliusJewelry\\\/\",\"https:\\\/\\\/x.com\\\/AureliusJewelry\",\"https:\\\/\\\/instagram.com\\\/aureliusjewelry\",\"https:\\\/\\\/www.pinterest.com\\\/AureliusJewelry\\\/\"],\"email\":\"info@aureliusjewelry.com\",\"foundingDate\":\"2018-10-01\",\"vatID\":\"SI10391070\",\"hasMerchantReturnPolicy\":{\"@type\":\"MerchantReturnPolicy\",\"merchantReturnLink\":\"https:\\\/\\\/aureliusjewelry.com\\\/our-policies\\\/terms-conditions\\\/\"}}]}<\/script>\n<meta property=\"og:availability\" content=\"instock\" \/>\n<meta property=\"product:availability\" content=\"instock\" \/>\n<meta property=\"product:retailer_item_id\" content=\"21233\" \/>\n<meta property=\"product:condition\" content=\"new\" \/>","yoast_head_json":{"title":"Conjunto de Anillos de Compromiso de Zafiro Triangular Azul y Diamante Pav\u00e9 - Aurelius Jewelry","robots":{"index":"index","follow":"follow","max-snippet":"max-snippet:-1","max-image-preview":"max-image-preview:large","max-video-preview":"max-video-preview:-1"},"canonical":"https:\/\/aureliusjewelry.com\/es\/conjunto-de-anillos-de-compromiso-de-zafiro-triangular-azul-y-diamante-pave\/","og_locale":"es_ES","og_type":"article","og_title":"Conjunto de Anillos de Compromiso de Zafiro Triangular Azul y Diamante Pav\u00e9 - Aurelius Jewelry","og_description":"%","og_url":"https:\/\/aureliusjewelry.com\/es\/conjunto-de-anillos-de-compromiso-de-zafiro-triangular-azul-y-diamante-pave\/","og_site_name":"Aurelius Jewelry","article_publisher":"https:\/\/www.facebook.com\/AureliusJewelry\/","article_modified_time":"2026-03-23T19:10:26+00:00","og_image":[{"width":1920,"height":1440,"url":"https:\/\/aureliusjewelry.com\/wp-content\/uploads\/escudo-azul-zafiro-conjunto-de-anillos-de-compromiso.jpg","type":"image\/jpeg"}],"twitter_card":"summary_large_image","twitter_site":"@AureliusJewelry","schema":{"@context":"https:\/\/schema.org","@graph":[{"@type":"WebPage","@id":"https:\/\/aureliusjewelry.com\/es\/conjunto-de-anillos-de-compromiso-de-zafiro-triangular-azul-y-diamante-pave\/","url":"https:\/\/aureliusjewelry.com\/es\/conjunto-de-anillos-de-compromiso-de-zafiro-triangular-azul-y-diamante-pave\/","name":"Conjunto de Anillos de Compromiso de Zafiro Triangular Azul y Diamante Pav\u00e9 - Aurelius Jewelry","isPartOf":{"@id":"https:\/\/aureliusjewelry.com\/es\/#website"},"primaryImageOfPage":{"@id":"https:\/\/aureliusjewelry.com\/es\/conjunto-de-anillos-de-compromiso-de-zafiro-triangular-azul-y-diamante-pave\/#primaryimage"},"image":{"@id":"https:\/\/aureliusjewelry.com\/es\/conjunto-de-anillos-de-compromiso-de-zafiro-triangular-azul-y-diamante-pave\/#primaryimage"},"thumbnailUrl":"https:\/\/aureliusjewelry.com\/wp-content\/uploads\/escudo-azul-zafiro-conjunto-de-anillos-de-compromiso.jpg","datePublished":"2021-02-18T21:09:37+00:00","dateModified":"2026-03-23T19:10:26+00:00","breadcrumb":{"@id":"https:\/\/aureliusjewelry.com\/es\/conjunto-de-anillos-de-compromiso-de-zafiro-triangular-azul-y-diamante-pave\/#breadcrumb"},"inLanguage":"es","potentialAction":[{"@type":"ReadAction","target":["https:\/\/aureliusjewelry.com\/es\/conjunto-de-anillos-de-compromiso-de-zafiro-triangular-azul-y-diamante-pave\/"]}]},{"@type":"ImageObject","inLanguage":"es","@id":"https:\/\/aureliusjewelry.com\/es\/conjunto-de-anillos-de-compromiso-de-zafiro-triangular-azul-y-diamante-pave\/#primaryimage","url":"https:\/\/aureliusjewelry.com\/wp-content\/uploads\/escudo-azul-zafiro-conjunto-de-anillos-de-compromiso.jpg","contentUrl":"https:\/\/aureliusjewelry.com\/wp-content\/uploads\/escudo-azul-zafiro-conjunto-de-anillos-de-compromiso.jpg","width":1920,"height":1440,"caption":"escudo azul zafiro conjunto de anillos de compromiso"},{"@type":"BreadcrumbList","@id":"https:\/\/aureliusjewelry.com\/es\/conjunto-de-anillos-de-compromiso-de-zafiro-triangular-azul-y-diamante-pave\/#breadcrumb","itemListElement":[{"@type":"ListItem","position":1,"name":"Home","item":"https:\/\/aureliusjewelry.com\/es\/"},{"@type":"ListItem","position":2,"name":"Shop","item":"https:\/\/aureliusjewelry.com\/shop\/"},{"@type":"ListItem","position":3,"name":"Conjunto de Anillos de Compromiso de Zafiro Triangular Azul y Diamante Pav\u00e9"}]},{"@type":"WebSite","@id":"https:\/\/aureliusjewelry.com\/es\/#website","url":"https:\/\/aureliusjewelry.com\/es\/","name":"Aurelius Jewelry","description":"Handmade Fine Gold Jewelry","publisher":{"@id":"https:\/\/aureliusjewelry.com\/es\/#organization"},"potentialAction":[{"@type":"SearchAction","target":{"@type":"EntryPoint","urlTemplate":"https:\/\/aureliusjewelry.com\/es\/?s={search_term_string}"},"query-input":{"@type":"PropertyValueSpecification","valueRequired":true,"valueName":"search_term_string"}}],"inLanguage":"es"},{"@type":"Organization","@id":"https:\/\/aureliusjewelry.com\/es\/#organization","name":"Aurelius Jewelry","url":"https:\/\/aureliusjewelry.com\/es\/","logo":{"@type":"ImageObject","inLanguage":"es","@id":"https:\/\/aureliusjewelry.com\/es\/#\/schema\/logo\/image\/","url":"https:\/\/aureliusjewelry.com\/wp-content\/uploads\/logo.png","contentUrl":"https:\/\/aureliusjewelry.com\/wp-content\/uploads\/logo.png","width":400,"height":64,"caption":"Aurelius Jewelry"},"image":{"@id":"https:\/\/aureliusjewelry.com\/es\/#\/schema\/logo\/image\/"},"sameAs":["https:\/\/www.facebook.com\/AureliusJewelry\/","https:\/\/x.com\/AureliusJewelry","https:\/\/instagram.com\/aureliusjewelry","https:\/\/www.pinterest.com\/AureliusJewelry\/"],"email":"info@aureliusjewelry.com","foundingDate":"2018-10-01","vatID":"SI10391070","hasMerchantReturnPolicy":{"@type":"MerchantReturnPolicy","merchantReturnLink":"https:\/\/aureliusjewelry.com\/our-policies\/terms-conditions\/"}}]},"og_availability":"instock","product_availability":"instock","product_retailer_item_id":"21233","product_condition":"new"},"_links":{"self":[{"href":"https:\/\/aureliusjewelry.com\/es\/wp-json\/wp\/v2\/product\/24671","targetHints":{"allow":["GET"]}}],"collection":[{"href":"https:\/\/aureliusjewelry.com\/es\/wp-json\/wp\/v2\/product"}],"about":[{"href":"https:\/\/aureliusjewelry.com\/es\/wp-json\/wp\/v2\/types\/product"}],"replies":[{"embeddable":true,"href":"https:\/\/aureliusjewelry.com\/es\/wp-json\/wp\/v2\/comments?post=24671"}],"wp:featuredmedia":[{"embeddable":true,"href":"https:\/\/aureliusjewelry.com\/es\/wp-json\/wp\/v2\/media\/21239"}],"wp:attachment":[{"href":"https:\/\/aureliusjewelry.com\/es\/wp-json\/wp\/v2\/media?parent=24671"}],"wp:term":[{"taxonomy":"product_brand","embeddable":true,"href":"https:\/\/aureliusjewelry.com\/es\/wp-json\/wp\/v2\/product_brand?post=24671"},{"taxonomy":"product_cat","embeddable":true,"href":"https:\/\/aureliusjewelry.com\/es\/wp-json\/wp\/v2\/product_cat?post=24671"},{"taxonomy":"product_tag","embeddable":true,"href":"https:\/\/aureliusjewelry.com\/es\/wp-json\/wp\/v2\/product_tag?post=24671"}],"curies":[{"name":"wp","href":"https:\/\/api.w.org\/{rel}","templated":true}]}}