{"id":24661,"date":"2021-02-18T23:02:22","date_gmt":"2021-02-18T21:02:22","guid":{"rendered":"http:\/\/127.0.0.1\/product\/anillo-de-zafiro-redondo-verde-azulado-con-engarzado-hexagonal-2\/"},"modified":"2026-03-23T21:09:11","modified_gmt":"2026-03-23T19:09:11","slug":"anillo-de-zafiro-redondo-verde-azulado-con-engarzado-hexagonal-2","status":"publish","type":"product","link":"https:\/\/aureliusjewelry.com\/es\/conjunto-de-compromiso-de-zafiro-redondo-verde-azulado-con-montura-hexagonal-y-anillo-de-bodas-con-cheuron-en-v\/","title":{"rendered":"Conjunto de Compromiso de Zafiro Redondo Verde Azulado con Montura Hexagonal y Anillo de Bodas con Cheur\u00f3n en V"},"content":{"rendered":"<p><strong>Piedra Principal<\/strong><br \/>\n\u2013 zafiro verde azulado redondo<br \/>\n\u2013 approx. 6mm, 0.9-1ct<br \/>\n\u2013 claridad VS<\/p>\n<p><strong>Piedras Laterales<\/strong><br \/>\n\u2013 diamantes blancos redondos<br \/>\n\u2013 approx. 1.5mm (2), 1.25mm (2), 1mm (2)<br \/>\n\u2013 color F\/G, claridad VS, sin conflictos<\/p>\n<p><strong>Mediciones y Material de la Alianza<\/strong><br \/>\n\u2013 1.5 mm de ancho, 1.6 mm de espesor<br \/>\n\u2013 disponible en oro amarillo, blanco o rosa de 585\/1000 (14k) o 750\/1000 (18k) y platino 950\/1000<br \/>\n\u2013 tama\u00f1o de anillo de EE. UU. 3-9, tama\u00f1os m\u00e1s peque\u00f1os o m\u00e1s grandes disponibles por solicitud<\/p>\n","protected":false},"excerpt":{"rendered":"<p>Destaca entre la multitud con un incre\u00edble conjunto de anillos de zafiro azul marino para novia. Los tonos profundos y misteriosos de los zafiros verde azulado recuerdan a los rincones secretos del oc\u00e9ano. Esto explica que muchos expertos consideren hoy en d\u00eda esta gema como la pr\u00f3xima revoluci\u00f3n de los zafiros multicolores. Elige uno para tu exclusivo conjunto de anillos de compromiso con engarzado hexagonal y una alianza de boda en forma de chevron a juego.<\/p>\n","protected":false},"featured_media":21207,"comment_status":"open","ping_status":"closed","template":"","meta":[],"product_brand":[],"product_cat":[1580,535,518,472,480],"product_tag":[736,1255,735,1267],"class_list":{"0":"post-24661","1":"product","2":"type-product","3":"status-publish","4":"has-post-thumbnail","6":"product_cat-anillo-de-bodas-de-dos-piezas","7":"product_cat-anillos","8":"product_cat-conjuntos-de-anillos-de-boda","9":"product_cat-contemporaneo","10":"product_cat-emparejado","11":"product_tag-production_time_3_5-es","12":"product_tag-redonda","13":"product_tag-rings-es-tag","14":"product_tag-zafiro","16":"first","17":"onbackorder","18":"sold-individually","19":"taxable","20":"shipping-taxable","21":"purchasable","22":"product-type-variable"},"yoast_head":"<title>Conjunto de Compromiso de Zafiro Redondo Verde Azulado con Montura Hexagonal y Anillo de Bodas con Cheur\u00f3n en V - Aurelius Jewelry<\/title>\n<meta name=\"robots\" content=\"index, follow, max-snippet:-1, max-image-preview:large, max-video-preview:-1\" \/>\n<link rel=\"canonical\" href=\"https:\/\/aureliusjewelry.com\/es\/conjunto-de-compromiso-de-zafiro-redondo-verde-azulado-con-montura-hexagonal-y-anillo-de-bodas-con-cheuron-en-v\/\" \/>\n<meta property=\"og:locale\" content=\"es_ES\" \/>\n<meta property=\"og:type\" content=\"article\" \/>\n<meta property=\"og:title\" content=\"Conjunto de Compromiso de Zafiro Redondo Verde Azulado con Montura Hexagonal y Anillo de Bodas con Cheur\u00f3n en V - Aurelius Jewelry\" \/>\n<meta property=\"og:description\" content=\"%\" \/>\n<meta property=\"og:url\" content=\"https:\/\/aureliusjewelry.com\/es\/conjunto-de-compromiso-de-zafiro-redondo-verde-azulado-con-montura-hexagonal-y-anillo-de-bodas-con-cheuron-en-v\/\" \/>\n<meta property=\"og:site_name\" content=\"Aurelius Jewelry\" \/>\n<meta property=\"article:publisher\" content=\"https:\/\/www.facebook.com\/AureliusJewelry\/\" \/>\n<meta property=\"article:modified_time\" content=\"2026-03-23T19:09:11+00:00\" \/>\n<meta property=\"og:image\" content=\"https:\/\/aureliusjewelry.com\/wp-content\/uploads\/hexagono-verde-azulado-zafiro-anillo-de-boda-conjunto.jpg\" \/>\n\t<meta property=\"og:image:width\" content=\"1920\" \/>\n\t<meta property=\"og:image:height\" content=\"1440\" \/>\n\t<meta property=\"og:image:type\" content=\"image\/jpeg\" \/>\n<meta name=\"twitter:card\" content=\"summary_large_image\" \/>\n<meta name=\"twitter:site\" content=\"@AureliusJewelry\" \/>\n<script type=\"application\/ld+json\" class=\"yoast-schema-graph\">{\"@context\":\"https:\\\/\\\/schema.org\",\"@graph\":[{\"@type\":\"WebPage\",\"@id\":\"https:\\\/\\\/aureliusjewelry.com\\\/es\\\/conjunto-de-compromiso-de-zafiro-redondo-verde-azulado-con-montura-hexagonal-y-anillo-de-bodas-con-cheuron-en-v\\\/\",\"url\":\"https:\\\/\\\/aureliusjewelry.com\\\/es\\\/conjunto-de-compromiso-de-zafiro-redondo-verde-azulado-con-montura-hexagonal-y-anillo-de-bodas-con-cheuron-en-v\\\/\",\"name\":\"Conjunto de Compromiso de Zafiro Redondo Verde Azulado con Montura Hexagonal y Anillo de Bodas con Cheur\u00f3n en V - Aurelius Jewelry\",\"isPartOf\":{\"@id\":\"https:\\\/\\\/aureliusjewelry.com\\\/es\\\/#website\"},\"primaryImageOfPage\":{\"@id\":\"https:\\\/\\\/aureliusjewelry.com\\\/es\\\/conjunto-de-compromiso-de-zafiro-redondo-verde-azulado-con-montura-hexagonal-y-anillo-de-bodas-con-cheuron-en-v\\\/#primaryimage\"},\"image\":{\"@id\":\"https:\\\/\\\/aureliusjewelry.com\\\/es\\\/conjunto-de-compromiso-de-zafiro-redondo-verde-azulado-con-montura-hexagonal-y-anillo-de-bodas-con-cheuron-en-v\\\/#primaryimage\"},\"thumbnailUrl\":\"https:\\\/\\\/aureliusjewelry.com\\\/wp-content\\\/uploads\\\/hexagono-verde-azulado-zafiro-anillo-de-boda-conjunto.jpg\",\"datePublished\":\"2021-02-18T21:02:22+00:00\",\"dateModified\":\"2026-03-23T19:09:11+00:00\",\"breadcrumb\":{\"@id\":\"https:\\\/\\\/aureliusjewelry.com\\\/es\\\/conjunto-de-compromiso-de-zafiro-redondo-verde-azulado-con-montura-hexagonal-y-anillo-de-bodas-con-cheuron-en-v\\\/#breadcrumb\"},\"inLanguage\":\"es\",\"potentialAction\":[{\"@type\":\"ReadAction\",\"target\":[\"https:\\\/\\\/aureliusjewelry.com\\\/es\\\/conjunto-de-compromiso-de-zafiro-redondo-verde-azulado-con-montura-hexagonal-y-anillo-de-bodas-con-cheuron-en-v\\\/\"]}]},{\"@type\":\"ImageObject\",\"inLanguage\":\"es\",\"@id\":\"https:\\\/\\\/aureliusjewelry.com\\\/es\\\/conjunto-de-compromiso-de-zafiro-redondo-verde-azulado-con-montura-hexagonal-y-anillo-de-bodas-con-cheuron-en-v\\\/#primaryimage\",\"url\":\"https:\\\/\\\/aureliusjewelry.com\\\/wp-content\\\/uploads\\\/hexagono-verde-azulado-zafiro-anillo-de-boda-conjunto.jpg\",\"contentUrl\":\"https:\\\/\\\/aureliusjewelry.com\\\/wp-content\\\/uploads\\\/hexagono-verde-azulado-zafiro-anillo-de-boda-conjunto.jpg\",\"width\":1920,\"height\":1440,\"caption\":\"hex\u00e1gono verde azulado zafiro anillo de boda conjunto\"},{\"@type\":\"BreadcrumbList\",\"@id\":\"https:\\\/\\\/aureliusjewelry.com\\\/es\\\/conjunto-de-compromiso-de-zafiro-redondo-verde-azulado-con-montura-hexagonal-y-anillo-de-bodas-con-cheuron-en-v\\\/#breadcrumb\",\"itemListElement\":[{\"@type\":\"ListItem\",\"position\":1,\"name\":\"Home\",\"item\":\"https:\\\/\\\/aureliusjewelry.com\\\/es\\\/\"},{\"@type\":\"ListItem\",\"position\":2,\"name\":\"Shop\",\"item\":\"https:\\\/\\\/aureliusjewelry.com\\\/shop\\\/\"},{\"@type\":\"ListItem\",\"position\":3,\"name\":\"Conjunto de Compromiso de Zafiro Redondo Verde Azulado con Montura Hexagonal y Anillo de Bodas con Cheur\u00f3n en V\"}]},{\"@type\":\"WebSite\",\"@id\":\"https:\\\/\\\/aureliusjewelry.com\\\/es\\\/#website\",\"url\":\"https:\\\/\\\/aureliusjewelry.com\\\/es\\\/\",\"name\":\"Aurelius Jewelry\",\"description\":\"Handmade Fine Gold Jewelry\",\"publisher\":{\"@id\":\"https:\\\/\\\/aureliusjewelry.com\\\/es\\\/#organization\"},\"potentialAction\":[{\"@type\":\"SearchAction\",\"target\":{\"@type\":\"EntryPoint\",\"urlTemplate\":\"https:\\\/\\\/aureliusjewelry.com\\\/es\\\/?s={search_term_string}\"},\"query-input\":{\"@type\":\"PropertyValueSpecification\",\"valueRequired\":true,\"valueName\":\"search_term_string\"}}],\"inLanguage\":\"es\"},{\"@type\":\"Organization\",\"@id\":\"https:\\\/\\\/aureliusjewelry.com\\\/es\\\/#organization\",\"name\":\"Aurelius Jewelry\",\"url\":\"https:\\\/\\\/aureliusjewelry.com\\\/es\\\/\",\"logo\":{\"@type\":\"ImageObject\",\"inLanguage\":\"es\",\"@id\":\"https:\\\/\\\/aureliusjewelry.com\\\/es\\\/#\\\/schema\\\/logo\\\/image\\\/\",\"url\":\"https:\\\/\\\/aureliusjewelry.com\\\/wp-content\\\/uploads\\\/logo.png\",\"contentUrl\":\"https:\\\/\\\/aureliusjewelry.com\\\/wp-content\\\/uploads\\\/logo.png\",\"width\":400,\"height\":64,\"caption\":\"Aurelius Jewelry\"},\"image\":{\"@id\":\"https:\\\/\\\/aureliusjewelry.com\\\/es\\\/#\\\/schema\\\/logo\\\/image\\\/\"},\"sameAs\":[\"https:\\\/\\\/www.facebook.com\\\/AureliusJewelry\\\/\",\"https:\\\/\\\/x.com\\\/AureliusJewelry\",\"https:\\\/\\\/instagram.com\\\/aureliusjewelry\",\"https:\\\/\\\/www.pinterest.com\\\/AureliusJewelry\\\/\"],\"email\":\"info@aureliusjewelry.com\",\"foundingDate\":\"2018-10-01\",\"vatID\":\"SI10391070\",\"hasMerchantReturnPolicy\":{\"@type\":\"MerchantReturnPolicy\",\"merchantReturnLink\":\"https:\\\/\\\/aureliusjewelry.com\\\/our-policies\\\/terms-conditions\\\/\"}}]}<\/script>\n<meta property=\"og:availability\" content=\"backorder\" \/>\n<meta property=\"product:availability\" content=\"available for order\" \/>\n<meta property=\"product:retailer_item_id\" content=\"21195\" \/>\n<meta property=\"product:condition\" content=\"new\" \/>","yoast_head_json":{"title":"Conjunto de Compromiso de Zafiro Redondo Verde Azulado con Montura Hexagonal y Anillo de Bodas con Cheur\u00f3n en V - Aurelius Jewelry","robots":{"index":"index","follow":"follow","max-snippet":"max-snippet:-1","max-image-preview":"max-image-preview:large","max-video-preview":"max-video-preview:-1"},"canonical":"https:\/\/aureliusjewelry.com\/es\/conjunto-de-compromiso-de-zafiro-redondo-verde-azulado-con-montura-hexagonal-y-anillo-de-bodas-con-cheuron-en-v\/","og_locale":"es_ES","og_type":"article","og_title":"Conjunto de Compromiso de Zafiro Redondo Verde Azulado con Montura Hexagonal y Anillo de Bodas con Cheur\u00f3n en V - Aurelius Jewelry","og_description":"%","og_url":"https:\/\/aureliusjewelry.com\/es\/conjunto-de-compromiso-de-zafiro-redondo-verde-azulado-con-montura-hexagonal-y-anillo-de-bodas-con-cheuron-en-v\/","og_site_name":"Aurelius Jewelry","article_publisher":"https:\/\/www.facebook.com\/AureliusJewelry\/","article_modified_time":"2026-03-23T19:09:11+00:00","og_image":[{"width":1920,"height":1440,"url":"https:\/\/aureliusjewelry.com\/wp-content\/uploads\/hexagono-verde-azulado-zafiro-anillo-de-boda-conjunto.jpg","type":"image\/jpeg"}],"twitter_card":"summary_large_image","twitter_site":"@AureliusJewelry","schema":{"@context":"https:\/\/schema.org","@graph":[{"@type":"WebPage","@id":"https:\/\/aureliusjewelry.com\/es\/conjunto-de-compromiso-de-zafiro-redondo-verde-azulado-con-montura-hexagonal-y-anillo-de-bodas-con-cheuron-en-v\/","url":"https:\/\/aureliusjewelry.com\/es\/conjunto-de-compromiso-de-zafiro-redondo-verde-azulado-con-montura-hexagonal-y-anillo-de-bodas-con-cheuron-en-v\/","name":"Conjunto de Compromiso de Zafiro Redondo Verde Azulado con Montura Hexagonal y Anillo de Bodas con Cheur\u00f3n en V - Aurelius Jewelry","isPartOf":{"@id":"https:\/\/aureliusjewelry.com\/es\/#website"},"primaryImageOfPage":{"@id":"https:\/\/aureliusjewelry.com\/es\/conjunto-de-compromiso-de-zafiro-redondo-verde-azulado-con-montura-hexagonal-y-anillo-de-bodas-con-cheuron-en-v\/#primaryimage"},"image":{"@id":"https:\/\/aureliusjewelry.com\/es\/conjunto-de-compromiso-de-zafiro-redondo-verde-azulado-con-montura-hexagonal-y-anillo-de-bodas-con-cheuron-en-v\/#primaryimage"},"thumbnailUrl":"https:\/\/aureliusjewelry.com\/wp-content\/uploads\/hexagono-verde-azulado-zafiro-anillo-de-boda-conjunto.jpg","datePublished":"2021-02-18T21:02:22+00:00","dateModified":"2026-03-23T19:09:11+00:00","breadcrumb":{"@id":"https:\/\/aureliusjewelry.com\/es\/conjunto-de-compromiso-de-zafiro-redondo-verde-azulado-con-montura-hexagonal-y-anillo-de-bodas-con-cheuron-en-v\/#breadcrumb"},"inLanguage":"es","potentialAction":[{"@type":"ReadAction","target":["https:\/\/aureliusjewelry.com\/es\/conjunto-de-compromiso-de-zafiro-redondo-verde-azulado-con-montura-hexagonal-y-anillo-de-bodas-con-cheuron-en-v\/"]}]},{"@type":"ImageObject","inLanguage":"es","@id":"https:\/\/aureliusjewelry.com\/es\/conjunto-de-compromiso-de-zafiro-redondo-verde-azulado-con-montura-hexagonal-y-anillo-de-bodas-con-cheuron-en-v\/#primaryimage","url":"https:\/\/aureliusjewelry.com\/wp-content\/uploads\/hexagono-verde-azulado-zafiro-anillo-de-boda-conjunto.jpg","contentUrl":"https:\/\/aureliusjewelry.com\/wp-content\/uploads\/hexagono-verde-azulado-zafiro-anillo-de-boda-conjunto.jpg","width":1920,"height":1440,"caption":"hex\u00e1gono verde azulado zafiro anillo de boda conjunto"},{"@type":"BreadcrumbList","@id":"https:\/\/aureliusjewelry.com\/es\/conjunto-de-compromiso-de-zafiro-redondo-verde-azulado-con-montura-hexagonal-y-anillo-de-bodas-con-cheuron-en-v\/#breadcrumb","itemListElement":[{"@type":"ListItem","position":1,"name":"Home","item":"https:\/\/aureliusjewelry.com\/es\/"},{"@type":"ListItem","position":2,"name":"Shop","item":"https:\/\/aureliusjewelry.com\/shop\/"},{"@type":"ListItem","position":3,"name":"Conjunto de Compromiso de Zafiro Redondo Verde Azulado con Montura Hexagonal y Anillo de Bodas con Cheur\u00f3n en V"}]},{"@type":"WebSite","@id":"https:\/\/aureliusjewelry.com\/es\/#website","url":"https:\/\/aureliusjewelry.com\/es\/","name":"Aurelius Jewelry","description":"Handmade Fine Gold Jewelry","publisher":{"@id":"https:\/\/aureliusjewelry.com\/es\/#organization"},"potentialAction":[{"@type":"SearchAction","target":{"@type":"EntryPoint","urlTemplate":"https:\/\/aureliusjewelry.com\/es\/?s={search_term_string}"},"query-input":{"@type":"PropertyValueSpecification","valueRequired":true,"valueName":"search_term_string"}}],"inLanguage":"es"},{"@type":"Organization","@id":"https:\/\/aureliusjewelry.com\/es\/#organization","name":"Aurelius Jewelry","url":"https:\/\/aureliusjewelry.com\/es\/","logo":{"@type":"ImageObject","inLanguage":"es","@id":"https:\/\/aureliusjewelry.com\/es\/#\/schema\/logo\/image\/","url":"https:\/\/aureliusjewelry.com\/wp-content\/uploads\/logo.png","contentUrl":"https:\/\/aureliusjewelry.com\/wp-content\/uploads\/logo.png","width":400,"height":64,"caption":"Aurelius Jewelry"},"image":{"@id":"https:\/\/aureliusjewelry.com\/es\/#\/schema\/logo\/image\/"},"sameAs":["https:\/\/www.facebook.com\/AureliusJewelry\/","https:\/\/x.com\/AureliusJewelry","https:\/\/instagram.com\/aureliusjewelry","https:\/\/www.pinterest.com\/AureliusJewelry\/"],"email":"info@aureliusjewelry.com","foundingDate":"2018-10-01","vatID":"SI10391070","hasMerchantReturnPolicy":{"@type":"MerchantReturnPolicy","merchantReturnLink":"https:\/\/aureliusjewelry.com\/our-policies\/terms-conditions\/"}}]},"og_availability":"backorder","product_availability":"available for order","product_retailer_item_id":"21195","product_condition":"new"},"_links":{"self":[{"href":"https:\/\/aureliusjewelry.com\/es\/wp-json\/wp\/v2\/product\/24661","targetHints":{"allow":["GET"]}}],"collection":[{"href":"https:\/\/aureliusjewelry.com\/es\/wp-json\/wp\/v2\/product"}],"about":[{"href":"https:\/\/aureliusjewelry.com\/es\/wp-json\/wp\/v2\/types\/product"}],"replies":[{"embeddable":true,"href":"https:\/\/aureliusjewelry.com\/es\/wp-json\/wp\/v2\/comments?post=24661"}],"wp:featuredmedia":[{"embeddable":true,"href":"https:\/\/aureliusjewelry.com\/es\/wp-json\/wp\/v2\/media\/21207"}],"wp:attachment":[{"href":"https:\/\/aureliusjewelry.com\/es\/wp-json\/wp\/v2\/media?parent=24661"}],"wp:term":[{"taxonomy":"product_brand","embeddable":true,"href":"https:\/\/aureliusjewelry.com\/es\/wp-json\/wp\/v2\/product_brand?post=24661"},{"taxonomy":"product_cat","embeddable":true,"href":"https:\/\/aureliusjewelry.com\/es\/wp-json\/wp\/v2\/product_cat?post=24661"},{"taxonomy":"product_tag","embeddable":true,"href":"https:\/\/aureliusjewelry.com\/es\/wp-json\/wp\/v2\/product_tag?post=24661"}],"curies":[{"name":"wp","href":"https:\/\/api.w.org\/{rel}","templated":true}]}}