{"id":20479,"date":"2020-12-21T17:35:24","date_gmt":"2020-12-21T15:35:24","guid":{"rendered":"http:\/\/127.0.0.1\/product\/elemento-aire-anillo-de-compromiso-de-piedra-de-luna-y-diamante\/"},"modified":"2026-03-24T13:06:37","modified_gmt":"2026-03-24T11:06:37","slug":"elemento-aire-anillo-de-compromiso-de-piedra-de-luna-y-diamante","status":"publish","type":"product","link":"https:\/\/aureliusjewelry.com\/es\/elemento-aire-anillo-de-compromiso-de-piedra-de-luna-y-diamante\/","title":{"rendered":"Elemento Aire &#8211; Anillo de Compromiso de Piedra de Luna y Diamante"},"content":{"rendered":"<p><strong>Piedra principal<\/strong><\/p>\n<ul>\n<li>piedra lunar redonda natural<\/li>\n<li>aprox. 5mm<\/li>\n<\/ul>\n<p><strong>Piedras laterales<\/strong><\/p>\n<ul>\n<li>diamantes redondos<\/li>\n<li>aprox. 1.5mm, 1.35mm (5), 1.25mm (7), 1mm (4)<\/li>\n<li>Color F\/G, claridad VS, libre de conflictos<\/li>\n<\/ul>\n<p><strong>Medidas y material de la banda<\/strong><\/p>\n<ul>\n<li>aprox. 1.5mm ancho, 1.6mm grueso<\/li>\n<li>disponible en oro amarillo, blanco o rosa de 585\/1000 (14k) o 750\/1000 (18k) y platino 950\/1000<\/li>\n<li>Tama\u00f1o de anillo de EE. UU. 3-9, tama\u00f1os m\u00e1s peque\u00f1os o m\u00e1s grandes disponibles por solicitud<\/li>\n<\/ul>\n","protected":false},"excerpt":{"rendered":"<p>El anillo de compromiso de Elemento Aire con una piedra lunar natural en el centro y diamantes engastados en pav\u00e9 Piedras laterales, que simbolizan los remolinos de viento, es un complemento perfecto para la futura novia moderna que es juguetona y elegante. El anillo de compromiso de racimo alternativo tambi\u00e9n est\u00e1 disponible como un conjunto de anillos de boda emparejados con una alianza de boda curvada de diamante apilado.<br \/>\nEste anillo es un dise\u00f1o original de Aurelius y forma parte de nuestra colecci\u00f3n Elemental, que incluye cuatro conjuntos de anillos \u00fanicos inspirados en los cuatro elementos: fuego, agua, tierra y aire. Los signos del zodiaco relacionados con el elemento aire son G\u00e9minis, Libra y Acuario.<\/p>\n","protected":false},"featured_media":12271,"comment_status":"open","ping_status":"closed","template":"","meta":[],"product_brand":[],"product_cat":[476,1541,1574,535,489,1560,508,1545,1566,1588,470],"product_tag":[1248,1215,736,1255,735],"class_list":{"0":"post-20479","1":"product","2":"type-product","3":"status-publish","4":"has-post-thumbnail","6":"product_cat-agrupado","7":"product_cat-anillo-de-compromiso-con-bisel","8":"product_cat-anillo-de-compromiso-redondo","9":"product_cat-anillos","10":"product_cat-anillos-de-compromiso","11":"product_cat-anillos-de-compromiso-con-halo","12":"product_cat-anillos-de-compromiso-de-piedra-lunar","13":"product_cat-anillos-de-compromiso-en-racimo","14":"product_cat-anillos-de-compromiso-inspirados-en-la-naturaleza","15":"product_cat-anillos-de-compromiso-unicos","16":"product_cat-la-coleccion-elemental","17":"product_tag-anillo","18":"product_tag-piedra-de-la-luna","19":"product_tag-production_time_3_5-es","20":"product_tag-redonda","21":"product_tag-rings-es-tag","23":"first","24":"onbackorder","25":"sold-individually","26":"taxable","27":"shipping-taxable","28":"purchasable","29":"product-type-variable"},"yoast_head":"<title>Elemento Aire - Anillo de Compromiso de Piedra de Luna y Diamante - Aurelius Jewelry<\/title>\n<meta name=\"robots\" content=\"index, follow, max-snippet:-1, max-image-preview:large, max-video-preview:-1\" \/>\n<link rel=\"canonical\" href=\"https:\/\/aureliusjewelry.com\/es\/elemento-aire-anillo-de-compromiso-de-piedra-de-luna-y-diamante\/\" \/>\n<meta property=\"og:locale\" content=\"es_ES\" \/>\n<meta property=\"og:type\" content=\"article\" \/>\n<meta property=\"og:title\" content=\"Elemento Aire - Anillo de Compromiso de Piedra de Luna y Diamante - Aurelius Jewelry\" \/>\n<meta property=\"og:description\" content=\"%\" \/>\n<meta property=\"og:url\" content=\"https:\/\/aureliusjewelry.com\/es\/elemento-aire-anillo-de-compromiso-de-piedra-de-luna-y-diamante\/\" \/>\n<meta property=\"og:site_name\" content=\"Aurelius Jewelry\" \/>\n<meta property=\"article:publisher\" content=\"https:\/\/www.facebook.com\/AureliusJewelry\/\" \/>\n<meta property=\"article:modified_time\" content=\"2026-03-24T11:06:37+00:00\" \/>\n<meta property=\"og:image\" content=\"https:\/\/aureliusjewelry.com\/wp-content\/uploads\/aurelius-elementos-aire-piedra-de-la-luna-anillo.jpg\" \/>\n\t<meta property=\"og:image:width\" content=\"1920\" \/>\n\t<meta property=\"og:image:height\" content=\"1440\" \/>\n\t<meta property=\"og:image:type\" content=\"image\/jpeg\" \/>\n<meta name=\"twitter:card\" content=\"summary_large_image\" \/>\n<meta name=\"twitter:site\" content=\"@AureliusJewelry\" \/>\n<script type=\"application\/ld+json\" class=\"yoast-schema-graph\">{\"@context\":\"https:\\\/\\\/schema.org\",\"@graph\":[{\"@type\":\"WebPage\",\"@id\":\"https:\\\/\\\/aureliusjewelry.com\\\/es\\\/elemento-aire-anillo-de-compromiso-de-piedra-de-luna-y-diamante\\\/\",\"url\":\"https:\\\/\\\/aureliusjewelry.com\\\/es\\\/elemento-aire-anillo-de-compromiso-de-piedra-de-luna-y-diamante\\\/\",\"name\":\"Elemento Aire - Anillo de Compromiso de Piedra de Luna y Diamante - Aurelius Jewelry\",\"isPartOf\":{\"@id\":\"https:\\\/\\\/aureliusjewelry.com\\\/es\\\/#website\"},\"primaryImageOfPage\":{\"@id\":\"https:\\\/\\\/aureliusjewelry.com\\\/es\\\/elemento-aire-anillo-de-compromiso-de-piedra-de-luna-y-diamante\\\/#primaryimage\"},\"image\":{\"@id\":\"https:\\\/\\\/aureliusjewelry.com\\\/es\\\/elemento-aire-anillo-de-compromiso-de-piedra-de-luna-y-diamante\\\/#primaryimage\"},\"thumbnailUrl\":\"https:\\\/\\\/aureliusjewelry.com\\\/wp-content\\\/uploads\\\/aurelius-elementos-aire-piedra-de-la-luna-anillo.jpg\",\"datePublished\":\"2020-12-21T15:35:24+00:00\",\"dateModified\":\"2026-03-24T11:06:37+00:00\",\"breadcrumb\":{\"@id\":\"https:\\\/\\\/aureliusjewelry.com\\\/es\\\/elemento-aire-anillo-de-compromiso-de-piedra-de-luna-y-diamante\\\/#breadcrumb\"},\"inLanguage\":\"es\",\"potentialAction\":[{\"@type\":\"ReadAction\",\"target\":[\"https:\\\/\\\/aureliusjewelry.com\\\/es\\\/elemento-aire-anillo-de-compromiso-de-piedra-de-luna-y-diamante\\\/\"]}]},{\"@type\":\"ImageObject\",\"inLanguage\":\"es\",\"@id\":\"https:\\\/\\\/aureliusjewelry.com\\\/es\\\/elemento-aire-anillo-de-compromiso-de-piedra-de-luna-y-diamante\\\/#primaryimage\",\"url\":\"https:\\\/\\\/aureliusjewelry.com\\\/wp-content\\\/uploads\\\/aurelius-elementos-aire-piedra-de-la-luna-anillo.jpg\",\"contentUrl\":\"https:\\\/\\\/aureliusjewelry.com\\\/wp-content\\\/uploads\\\/aurelius-elementos-aire-piedra-de-la-luna-anillo.jpg\",\"width\":1920,\"height\":1440,\"caption\":\"aurelius elementos aire piedra de la luna anillo\"},{\"@type\":\"BreadcrumbList\",\"@id\":\"https:\\\/\\\/aureliusjewelry.com\\\/es\\\/elemento-aire-anillo-de-compromiso-de-piedra-de-luna-y-diamante\\\/#breadcrumb\",\"itemListElement\":[{\"@type\":\"ListItem\",\"position\":1,\"name\":\"Home\",\"item\":\"https:\\\/\\\/aureliusjewelry.com\\\/es\\\/\"},{\"@type\":\"ListItem\",\"position\":2,\"name\":\"Shop\",\"item\":\"https:\\\/\\\/aureliusjewelry.com\\\/shop\\\/\"},{\"@type\":\"ListItem\",\"position\":3,\"name\":\"Elemento Aire &#8211; Anillo de Compromiso de Piedra de Luna y Diamante\"}]},{\"@type\":\"WebSite\",\"@id\":\"https:\\\/\\\/aureliusjewelry.com\\\/es\\\/#website\",\"url\":\"https:\\\/\\\/aureliusjewelry.com\\\/es\\\/\",\"name\":\"Aurelius Jewelry\",\"description\":\"Handmade Fine Gold Jewelry\",\"publisher\":{\"@id\":\"https:\\\/\\\/aureliusjewelry.com\\\/es\\\/#organization\"},\"potentialAction\":[{\"@type\":\"SearchAction\",\"target\":{\"@type\":\"EntryPoint\",\"urlTemplate\":\"https:\\\/\\\/aureliusjewelry.com\\\/es\\\/?s={search_term_string}\"},\"query-input\":{\"@type\":\"PropertyValueSpecification\",\"valueRequired\":true,\"valueName\":\"search_term_string\"}}],\"inLanguage\":\"es\"},{\"@type\":\"Organization\",\"@id\":\"https:\\\/\\\/aureliusjewelry.com\\\/es\\\/#organization\",\"name\":\"Aurelius Jewelry\",\"url\":\"https:\\\/\\\/aureliusjewelry.com\\\/es\\\/\",\"logo\":{\"@type\":\"ImageObject\",\"inLanguage\":\"es\",\"@id\":\"https:\\\/\\\/aureliusjewelry.com\\\/es\\\/#\\\/schema\\\/logo\\\/image\\\/\",\"url\":\"https:\\\/\\\/aureliusjewelry.com\\\/wp-content\\\/uploads\\\/logo.png\",\"contentUrl\":\"https:\\\/\\\/aureliusjewelry.com\\\/wp-content\\\/uploads\\\/logo.png\",\"width\":400,\"height\":64,\"caption\":\"Aurelius Jewelry\"},\"image\":{\"@id\":\"https:\\\/\\\/aureliusjewelry.com\\\/es\\\/#\\\/schema\\\/logo\\\/image\\\/\"},\"sameAs\":[\"https:\\\/\\\/www.facebook.com\\\/AureliusJewelry\\\/\",\"https:\\\/\\\/x.com\\\/AureliusJewelry\",\"https:\\\/\\\/instagram.com\\\/aureliusjewelry\",\"https:\\\/\\\/www.pinterest.com\\\/AureliusJewelry\\\/\"],\"email\":\"info@aureliusjewelry.com\",\"foundingDate\":\"2018-10-01\",\"vatID\":\"SI10391070\",\"hasMerchantReturnPolicy\":{\"@type\":\"MerchantReturnPolicy\",\"merchantReturnLink\":\"https:\\\/\\\/aureliusjewelry.com\\\/our-policies\\\/terms-conditions\\\/\"}}]}<\/script>\n<meta property=\"og:availability\" content=\"backorder\" \/>\n<meta property=\"product:availability\" content=\"available for order\" \/>\n<meta property=\"product:retailer_item_id\" content=\"12259\" \/>\n<meta property=\"product:condition\" content=\"new\" \/>","yoast_head_json":{"title":"Elemento Aire - Anillo de Compromiso de Piedra de Luna y Diamante - Aurelius Jewelry","robots":{"index":"index","follow":"follow","max-snippet":"max-snippet:-1","max-image-preview":"max-image-preview:large","max-video-preview":"max-video-preview:-1"},"canonical":"https:\/\/aureliusjewelry.com\/es\/elemento-aire-anillo-de-compromiso-de-piedra-de-luna-y-diamante\/","og_locale":"es_ES","og_type":"article","og_title":"Elemento Aire - Anillo de Compromiso de Piedra de Luna y Diamante - Aurelius Jewelry","og_description":"%","og_url":"https:\/\/aureliusjewelry.com\/es\/elemento-aire-anillo-de-compromiso-de-piedra-de-luna-y-diamante\/","og_site_name":"Aurelius Jewelry","article_publisher":"https:\/\/www.facebook.com\/AureliusJewelry\/","article_modified_time":"2026-03-24T11:06:37+00:00","og_image":[{"width":1920,"height":1440,"url":"https:\/\/aureliusjewelry.com\/wp-content\/uploads\/aurelius-elementos-aire-piedra-de-la-luna-anillo.jpg","type":"image\/jpeg"}],"twitter_card":"summary_large_image","twitter_site":"@AureliusJewelry","schema":{"@context":"https:\/\/schema.org","@graph":[{"@type":"WebPage","@id":"https:\/\/aureliusjewelry.com\/es\/elemento-aire-anillo-de-compromiso-de-piedra-de-luna-y-diamante\/","url":"https:\/\/aureliusjewelry.com\/es\/elemento-aire-anillo-de-compromiso-de-piedra-de-luna-y-diamante\/","name":"Elemento Aire - Anillo de Compromiso de Piedra de Luna y Diamante - Aurelius Jewelry","isPartOf":{"@id":"https:\/\/aureliusjewelry.com\/es\/#website"},"primaryImageOfPage":{"@id":"https:\/\/aureliusjewelry.com\/es\/elemento-aire-anillo-de-compromiso-de-piedra-de-luna-y-diamante\/#primaryimage"},"image":{"@id":"https:\/\/aureliusjewelry.com\/es\/elemento-aire-anillo-de-compromiso-de-piedra-de-luna-y-diamante\/#primaryimage"},"thumbnailUrl":"https:\/\/aureliusjewelry.com\/wp-content\/uploads\/aurelius-elementos-aire-piedra-de-la-luna-anillo.jpg","datePublished":"2020-12-21T15:35:24+00:00","dateModified":"2026-03-24T11:06:37+00:00","breadcrumb":{"@id":"https:\/\/aureliusjewelry.com\/es\/elemento-aire-anillo-de-compromiso-de-piedra-de-luna-y-diamante\/#breadcrumb"},"inLanguage":"es","potentialAction":[{"@type":"ReadAction","target":["https:\/\/aureliusjewelry.com\/es\/elemento-aire-anillo-de-compromiso-de-piedra-de-luna-y-diamante\/"]}]},{"@type":"ImageObject","inLanguage":"es","@id":"https:\/\/aureliusjewelry.com\/es\/elemento-aire-anillo-de-compromiso-de-piedra-de-luna-y-diamante\/#primaryimage","url":"https:\/\/aureliusjewelry.com\/wp-content\/uploads\/aurelius-elementos-aire-piedra-de-la-luna-anillo.jpg","contentUrl":"https:\/\/aureliusjewelry.com\/wp-content\/uploads\/aurelius-elementos-aire-piedra-de-la-luna-anillo.jpg","width":1920,"height":1440,"caption":"aurelius elementos aire piedra de la luna anillo"},{"@type":"BreadcrumbList","@id":"https:\/\/aureliusjewelry.com\/es\/elemento-aire-anillo-de-compromiso-de-piedra-de-luna-y-diamante\/#breadcrumb","itemListElement":[{"@type":"ListItem","position":1,"name":"Home","item":"https:\/\/aureliusjewelry.com\/es\/"},{"@type":"ListItem","position":2,"name":"Shop","item":"https:\/\/aureliusjewelry.com\/shop\/"},{"@type":"ListItem","position":3,"name":"Elemento Aire &#8211; Anillo de Compromiso de Piedra de Luna y Diamante"}]},{"@type":"WebSite","@id":"https:\/\/aureliusjewelry.com\/es\/#website","url":"https:\/\/aureliusjewelry.com\/es\/","name":"Aurelius Jewelry","description":"Handmade Fine Gold Jewelry","publisher":{"@id":"https:\/\/aureliusjewelry.com\/es\/#organization"},"potentialAction":[{"@type":"SearchAction","target":{"@type":"EntryPoint","urlTemplate":"https:\/\/aureliusjewelry.com\/es\/?s={search_term_string}"},"query-input":{"@type":"PropertyValueSpecification","valueRequired":true,"valueName":"search_term_string"}}],"inLanguage":"es"},{"@type":"Organization","@id":"https:\/\/aureliusjewelry.com\/es\/#organization","name":"Aurelius Jewelry","url":"https:\/\/aureliusjewelry.com\/es\/","logo":{"@type":"ImageObject","inLanguage":"es","@id":"https:\/\/aureliusjewelry.com\/es\/#\/schema\/logo\/image\/","url":"https:\/\/aureliusjewelry.com\/wp-content\/uploads\/logo.png","contentUrl":"https:\/\/aureliusjewelry.com\/wp-content\/uploads\/logo.png","width":400,"height":64,"caption":"Aurelius Jewelry"},"image":{"@id":"https:\/\/aureliusjewelry.com\/es\/#\/schema\/logo\/image\/"},"sameAs":["https:\/\/www.facebook.com\/AureliusJewelry\/","https:\/\/x.com\/AureliusJewelry","https:\/\/instagram.com\/aureliusjewelry","https:\/\/www.pinterest.com\/AureliusJewelry\/"],"email":"info@aureliusjewelry.com","foundingDate":"2018-10-01","vatID":"SI10391070","hasMerchantReturnPolicy":{"@type":"MerchantReturnPolicy","merchantReturnLink":"https:\/\/aureliusjewelry.com\/our-policies\/terms-conditions\/"}}]},"og_availability":"backorder","product_availability":"available for order","product_retailer_item_id":"12259","product_condition":"new"},"_links":{"self":[{"href":"https:\/\/aureliusjewelry.com\/es\/wp-json\/wp\/v2\/product\/20479","targetHints":{"allow":["GET"]}}],"collection":[{"href":"https:\/\/aureliusjewelry.com\/es\/wp-json\/wp\/v2\/product"}],"about":[{"href":"https:\/\/aureliusjewelry.com\/es\/wp-json\/wp\/v2\/types\/product"}],"replies":[{"embeddable":true,"href":"https:\/\/aureliusjewelry.com\/es\/wp-json\/wp\/v2\/comments?post=20479"}],"wp:featuredmedia":[{"embeddable":true,"href":"https:\/\/aureliusjewelry.com\/es\/wp-json\/wp\/v2\/media\/12271"}],"wp:attachment":[{"href":"https:\/\/aureliusjewelry.com\/es\/wp-json\/wp\/v2\/media?parent=20479"}],"wp:term":[{"taxonomy":"product_brand","embeddable":true,"href":"https:\/\/aureliusjewelry.com\/es\/wp-json\/wp\/v2\/product_brand?post=20479"},{"taxonomy":"product_cat","embeddable":true,"href":"https:\/\/aureliusjewelry.com\/es\/wp-json\/wp\/v2\/product_cat?post=20479"},{"taxonomy":"product_tag","embeddable":true,"href":"https:\/\/aureliusjewelry.com\/es\/wp-json\/wp\/v2\/product_tag?post=20479"}],"curies":[{"name":"wp","href":"https:\/\/api.w.org\/{rel}","templated":true}]}}