{"id":20474,"date":"2021-02-03T12:02:57","date_gmt":"2021-02-03T10:02:57","guid":{"rendered":"http:\/\/127.0.0.1\/product\/elemento-tierra-anillo-de-compromiso-de-diamante-marron-de-sal-y-pimienta-con-corte-de-rosa-y-peridoto\/"},"modified":"2026-03-23T21:55:22","modified_gmt":"2026-03-23T19:55:22","slug":"elemento-tierra-anillo-de-compromiso-de-diamante-marron-de-sal-y-pimienta-con-corte-de-rosa-y-peridoto","status":"publish","type":"product","link":"https:\/\/aureliusjewelry.com\/es\/product\/elemento-tierra-anillo-de-compromiso-de-diamante-marron-de-sal-y-pimienta-con-corte-de-rosa-y-peridoto\/","title":{"rendered":"Elemento Tierra &#8211; Anillo de Compromiso de Diamante Marr\u00f3n de Sal y Pimienta con Corte de Rosa y Peridoto"},"content":{"rendered":"<p><strong>Piedra Principal<\/strong><br \/>\n&#8211; diamante de sal y pimienta marr\u00f3n corte rosa redondo<br \/>\n&#8211; aprox. 6-7mm<\/p>\n<p><strong>Piedras Laterales<\/strong><br \/>\n&#8211; marquesa y peridoto redondo<br \/>\n&#8211; aprox. 4x2mm, 1.5mm<\/p>\n<p>&#8211; diamante marquesa<br \/>\n&#8211; aprox. 3&#215;1.5mm<\/p>\n<p>&#8211; color F\/G, claridad VS, sin conflictos<br \/>\n&#8211; round emerald<br \/>\n&#8211; aprox. 1.3mm<\/p>\n<p><strong>Mediciones y Material de la Alianza<\/strong><br \/>\n&#8211; 1.5 mm de ancho, 1.6 mm de espesor<br \/>\n&#8211; disponible en oro amarillo, blanco o rosa de 585\/1000 (14k) o 750\/1000 (18k) y platino 950\/1000<br \/>\n&#8211; tama\u00f1o de anillo de EE. UU. 3-9, tama\u00f1os m\u00e1s peque\u00f1os o m\u00e1s grandes disponibles por solicitud<\/p>\n","protected":false},"excerpt":{"rendered":"<p>Anillo de Compromiso de Elemento Tierra con un diamante redondo marr\u00f3n \u00fanico en su clase con corte de rosa de sal y pimienta en el centro y esmeralda, peridoto y diamante Las piedras laterales como las hojas es el ajuste perfecto para una futura novia moderna que ama la naturaleza. El anillo de compromiso alternativo asim\u00e9trico que simboliza la tierra tambi\u00e9n est\u00e1 disponible como un conjunto de anillos de boda emparejado con una alianza de boda abierta a juego.<br \/>\nEste anillo es un dise\u00f1o original de Aurelius y forma parte de nuestra colecci\u00f3n Elemental, que incluye cuatro conjuntos de anillos \u00fanicos inspirados en los cuatro elementos: fuego, agua, tierra y aire. Los signos del zodiaco relacionados con el elemento tierra son Capricornio, Tauro y Virgo.<\/p>\n","protected":false},"featured_media":18227,"comment_status":"open","ping_status":"closed","template":"","meta":[],"product_brand":[],"product_cat":[1541,1557,1555,1574,535,489,491,1545,1566,1588,470],"product_tag":[1248,1264,737,735],"class_list":{"0":"post-20474","1":"product","2":"type-product","3":"status-publish","4":"has-post-thumbnail","6":"product_cat-anillo-de-compromiso-con-bisel","7":"product_cat-anillo-de-compromiso-con-detalles-de-piedras-preciosas","8":"product_cat-anillo-de-compromiso-de-cinco-piedras","9":"product_cat-anillo-de-compromiso-redondo","10":"product_cat-anillos","11":"product_cat-anillos-de-compromiso","12":"product_cat-anillos-de-compromiso-de-diamantes-de-sal-y-pimienta","13":"product_cat-anillos-de-compromiso-en-racimo","14":"product_cat-anillos-de-compromiso-inspirados-en-la-naturaleza","15":"product_cat-anillos-de-compromiso-unicos","16":"product_cat-la-coleccion-elemental","17":"product_tag-anillo","18":"product_tag-diamante-de-sal-y-pimienta","19":"product_tag-ready_to_ship-es","20":"product_tag-rings-es-tag","22":"first","23":"instock","24":"sold-individually","25":"taxable","26":"shipping-taxable","27":"purchasable","28":"product-type-variable"},"yoast_head":"<title>Elemento Tierra - Anillo de Compromiso de Diamante Marr\u00f3n de Sal y Pimienta con Corte de Rosa y Peridoto - Aurelius Jewelry<\/title>\n<meta name=\"robots\" content=\"index, follow, max-snippet:-1, max-image-preview:large, max-video-preview:-1\" \/>\n<link rel=\"canonical\" href=\"https:\/\/aureliusjewelry.com\/es\/product\/elemento-tierra-anillo-de-compromiso-de-diamante-marron-de-sal-y-pimienta-con-corte-de-rosa-y-peridoto\/\" \/>\n<meta property=\"og:locale\" content=\"es_ES\" \/>\n<meta property=\"og:type\" content=\"article\" \/>\n<meta property=\"og:title\" content=\"Elemento Tierra - Anillo de Compromiso de Diamante Marr\u00f3n de Sal y Pimienta con Corte de Rosa y Peridoto - Aurelius Jewelry\" \/>\n<meta property=\"og:description\" content=\"%\" \/>\n<meta property=\"og:url\" content=\"https:\/\/aureliusjewelry.com\/es\/product\/elemento-tierra-anillo-de-compromiso-de-diamante-marron-de-sal-y-pimienta-con-corte-de-rosa-y-peridoto\/\" \/>\n<meta property=\"og:site_name\" content=\"Aurelius Jewelry\" \/>\n<meta property=\"article:publisher\" content=\"https:\/\/www.facebook.com\/AureliusJewelry\/\" \/>\n<meta property=\"article:modified_time\" content=\"2026-03-23T19:55:22+00:00\" \/>\n<meta property=\"og:image\" content=\"https:\/\/aureliusjewelry.com\/wp-content\/uploads\/unico-anillo-de-racimo-de-diamantes-oro-rosa.jpg\" \/>\n\t<meta property=\"og:image:width\" content=\"1920\" \/>\n\t<meta property=\"og:image:height\" content=\"1440\" \/>\n\t<meta property=\"og:image:type\" content=\"image\/jpeg\" \/>\n<meta name=\"twitter:card\" content=\"summary_large_image\" \/>\n<meta name=\"twitter:site\" content=\"@AureliusJewelry\" \/>\n<script type=\"application\/ld+json\" class=\"yoast-schema-graph\">{\"@context\":\"https:\\\/\\\/schema.org\",\"@graph\":[{\"@type\":\"WebPage\",\"@id\":\"https:\\\/\\\/aureliusjewelry.com\\\/es\\\/product\\\/elemento-tierra-anillo-de-compromiso-de-diamante-marron-de-sal-y-pimienta-con-corte-de-rosa-y-peridoto\\\/\",\"url\":\"https:\\\/\\\/aureliusjewelry.com\\\/es\\\/product\\\/elemento-tierra-anillo-de-compromiso-de-diamante-marron-de-sal-y-pimienta-con-corte-de-rosa-y-peridoto\\\/\",\"name\":\"Elemento Tierra - Anillo de Compromiso de Diamante Marr\u00f3n de Sal y Pimienta con Corte de Rosa y Peridoto - Aurelius Jewelry\",\"isPartOf\":{\"@id\":\"https:\\\/\\\/aureliusjewelry.com\\\/es\\\/#website\"},\"primaryImageOfPage\":{\"@id\":\"https:\\\/\\\/aureliusjewelry.com\\\/es\\\/product\\\/elemento-tierra-anillo-de-compromiso-de-diamante-marron-de-sal-y-pimienta-con-corte-de-rosa-y-peridoto\\\/#primaryimage\"},\"image\":{\"@id\":\"https:\\\/\\\/aureliusjewelry.com\\\/es\\\/product\\\/elemento-tierra-anillo-de-compromiso-de-diamante-marron-de-sal-y-pimienta-con-corte-de-rosa-y-peridoto\\\/#primaryimage\"},\"thumbnailUrl\":\"https:\\\/\\\/aureliusjewelry.com\\\/wp-content\\\/uploads\\\/unico-anillo-de-racimo-de-diamantes-oro-rosa.jpg\",\"datePublished\":\"2021-02-03T10:02:57+00:00\",\"dateModified\":\"2026-03-23T19:55:22+00:00\",\"breadcrumb\":{\"@id\":\"https:\\\/\\\/aureliusjewelry.com\\\/es\\\/product\\\/elemento-tierra-anillo-de-compromiso-de-diamante-marron-de-sal-y-pimienta-con-corte-de-rosa-y-peridoto\\\/#breadcrumb\"},\"inLanguage\":\"es\",\"potentialAction\":[{\"@type\":\"ReadAction\",\"target\":[\"https:\\\/\\\/aureliusjewelry.com\\\/es\\\/product\\\/elemento-tierra-anillo-de-compromiso-de-diamante-marron-de-sal-y-pimienta-con-corte-de-rosa-y-peridoto\\\/\"]}]},{\"@type\":\"ImageObject\",\"inLanguage\":\"es\",\"@id\":\"https:\\\/\\\/aureliusjewelry.com\\\/es\\\/product\\\/elemento-tierra-anillo-de-compromiso-de-diamante-marron-de-sal-y-pimienta-con-corte-de-rosa-y-peridoto\\\/#primaryimage\",\"url\":\"https:\\\/\\\/aureliusjewelry.com\\\/wp-content\\\/uploads\\\/unico-anillo-de-racimo-de-diamantes-oro-rosa.jpg\",\"contentUrl\":\"https:\\\/\\\/aureliusjewelry.com\\\/wp-content\\\/uploads\\\/unico-anillo-de-racimo-de-diamantes-oro-rosa.jpg\",\"width\":1920,\"height\":1440,\"caption\":\"\u00fanico anillo de racimo de diamantes oro rosa\"},{\"@type\":\"BreadcrumbList\",\"@id\":\"https:\\\/\\\/aureliusjewelry.com\\\/es\\\/product\\\/elemento-tierra-anillo-de-compromiso-de-diamante-marron-de-sal-y-pimienta-con-corte-de-rosa-y-peridoto\\\/#breadcrumb\",\"itemListElement\":[{\"@type\":\"ListItem\",\"position\":1,\"name\":\"Home\",\"item\":\"https:\\\/\\\/aureliusjewelry.com\\\/es\\\/\"},{\"@type\":\"ListItem\",\"position\":2,\"name\":\"Shop\",\"item\":\"https:\\\/\\\/aureliusjewelry.com\\\/shop\\\/\"},{\"@type\":\"ListItem\",\"position\":3,\"name\":\"Elemento Tierra &#8211; Anillo de Compromiso de Diamante Marr\u00f3n de Sal y Pimienta con Corte de Rosa y Peridoto\"}]},{\"@type\":\"WebSite\",\"@id\":\"https:\\\/\\\/aureliusjewelry.com\\\/es\\\/#website\",\"url\":\"https:\\\/\\\/aureliusjewelry.com\\\/es\\\/\",\"name\":\"Aurelius Jewelry\",\"description\":\"Handmade Fine Gold Jewelry\",\"publisher\":{\"@id\":\"https:\\\/\\\/aureliusjewelry.com\\\/es\\\/#organization\"},\"potentialAction\":[{\"@type\":\"SearchAction\",\"target\":{\"@type\":\"EntryPoint\",\"urlTemplate\":\"https:\\\/\\\/aureliusjewelry.com\\\/es\\\/?s={search_term_string}\"},\"query-input\":{\"@type\":\"PropertyValueSpecification\",\"valueRequired\":true,\"valueName\":\"search_term_string\"}}],\"inLanguage\":\"es\"},{\"@type\":\"Organization\",\"@id\":\"https:\\\/\\\/aureliusjewelry.com\\\/es\\\/#organization\",\"name\":\"Aurelius Jewelry\",\"url\":\"https:\\\/\\\/aureliusjewelry.com\\\/es\\\/\",\"logo\":{\"@type\":\"ImageObject\",\"inLanguage\":\"es\",\"@id\":\"https:\\\/\\\/aureliusjewelry.com\\\/es\\\/#\\\/schema\\\/logo\\\/image\\\/\",\"url\":\"https:\\\/\\\/aureliusjewelry.com\\\/wp-content\\\/uploads\\\/logo.png\",\"contentUrl\":\"https:\\\/\\\/aureliusjewelry.com\\\/wp-content\\\/uploads\\\/logo.png\",\"width\":400,\"height\":64,\"caption\":\"Aurelius Jewelry\"},\"image\":{\"@id\":\"https:\\\/\\\/aureliusjewelry.com\\\/es\\\/#\\\/schema\\\/logo\\\/image\\\/\"},\"sameAs\":[\"https:\\\/\\\/www.facebook.com\\\/AureliusJewelry\\\/\",\"https:\\\/\\\/x.com\\\/AureliusJewelry\",\"https:\\\/\\\/instagram.com\\\/aureliusjewelry\",\"https:\\\/\\\/www.pinterest.com\\\/AureliusJewelry\\\/\"],\"email\":\"info@aureliusjewelry.com\",\"foundingDate\":\"2018-10-01\",\"vatID\":\"SI10391070\",\"hasMerchantReturnPolicy\":{\"@type\":\"MerchantReturnPolicy\",\"merchantReturnLink\":\"https:\\\/\\\/aureliusjewelry.com\\\/our-policies\\\/terms-conditions\\\/\"}}]}<\/script>\n<meta property=\"og:availability\" content=\"instock\" \/>\n<meta property=\"product:availability\" content=\"instock\" \/>\n<meta property=\"product:retailer_item_id\" content=\"18221\" \/>\n<meta property=\"product:condition\" content=\"new\" \/>","yoast_head_json":{"title":"Elemento Tierra - Anillo de Compromiso de Diamante Marr\u00f3n de Sal y Pimienta con Corte de Rosa y Peridoto - Aurelius Jewelry","robots":{"index":"index","follow":"follow","max-snippet":"max-snippet:-1","max-image-preview":"max-image-preview:large","max-video-preview":"max-video-preview:-1"},"canonical":"https:\/\/aureliusjewelry.com\/es\/product\/elemento-tierra-anillo-de-compromiso-de-diamante-marron-de-sal-y-pimienta-con-corte-de-rosa-y-peridoto\/","og_locale":"es_ES","og_type":"article","og_title":"Elemento Tierra - Anillo de Compromiso de Diamante Marr\u00f3n de Sal y Pimienta con Corte de Rosa y Peridoto - Aurelius Jewelry","og_description":"%","og_url":"https:\/\/aureliusjewelry.com\/es\/product\/elemento-tierra-anillo-de-compromiso-de-diamante-marron-de-sal-y-pimienta-con-corte-de-rosa-y-peridoto\/","og_site_name":"Aurelius Jewelry","article_publisher":"https:\/\/www.facebook.com\/AureliusJewelry\/","article_modified_time":"2026-03-23T19:55:22+00:00","og_image":[{"width":1920,"height":1440,"url":"https:\/\/aureliusjewelry.com\/wp-content\/uploads\/unico-anillo-de-racimo-de-diamantes-oro-rosa.jpg","type":"image\/jpeg"}],"twitter_card":"summary_large_image","twitter_site":"@AureliusJewelry","schema":{"@context":"https:\/\/schema.org","@graph":[{"@type":"WebPage","@id":"https:\/\/aureliusjewelry.com\/es\/product\/elemento-tierra-anillo-de-compromiso-de-diamante-marron-de-sal-y-pimienta-con-corte-de-rosa-y-peridoto\/","url":"https:\/\/aureliusjewelry.com\/es\/product\/elemento-tierra-anillo-de-compromiso-de-diamante-marron-de-sal-y-pimienta-con-corte-de-rosa-y-peridoto\/","name":"Elemento Tierra - Anillo de Compromiso de Diamante Marr\u00f3n de Sal y Pimienta con Corte de Rosa y Peridoto - Aurelius Jewelry","isPartOf":{"@id":"https:\/\/aureliusjewelry.com\/es\/#website"},"primaryImageOfPage":{"@id":"https:\/\/aureliusjewelry.com\/es\/product\/elemento-tierra-anillo-de-compromiso-de-diamante-marron-de-sal-y-pimienta-con-corte-de-rosa-y-peridoto\/#primaryimage"},"image":{"@id":"https:\/\/aureliusjewelry.com\/es\/product\/elemento-tierra-anillo-de-compromiso-de-diamante-marron-de-sal-y-pimienta-con-corte-de-rosa-y-peridoto\/#primaryimage"},"thumbnailUrl":"https:\/\/aureliusjewelry.com\/wp-content\/uploads\/unico-anillo-de-racimo-de-diamantes-oro-rosa.jpg","datePublished":"2021-02-03T10:02:57+00:00","dateModified":"2026-03-23T19:55:22+00:00","breadcrumb":{"@id":"https:\/\/aureliusjewelry.com\/es\/product\/elemento-tierra-anillo-de-compromiso-de-diamante-marron-de-sal-y-pimienta-con-corte-de-rosa-y-peridoto\/#breadcrumb"},"inLanguage":"es","potentialAction":[{"@type":"ReadAction","target":["https:\/\/aureliusjewelry.com\/es\/product\/elemento-tierra-anillo-de-compromiso-de-diamante-marron-de-sal-y-pimienta-con-corte-de-rosa-y-peridoto\/"]}]},{"@type":"ImageObject","inLanguage":"es","@id":"https:\/\/aureliusjewelry.com\/es\/product\/elemento-tierra-anillo-de-compromiso-de-diamante-marron-de-sal-y-pimienta-con-corte-de-rosa-y-peridoto\/#primaryimage","url":"https:\/\/aureliusjewelry.com\/wp-content\/uploads\/unico-anillo-de-racimo-de-diamantes-oro-rosa.jpg","contentUrl":"https:\/\/aureliusjewelry.com\/wp-content\/uploads\/unico-anillo-de-racimo-de-diamantes-oro-rosa.jpg","width":1920,"height":1440,"caption":"\u00fanico anillo de racimo de diamantes oro rosa"},{"@type":"BreadcrumbList","@id":"https:\/\/aureliusjewelry.com\/es\/product\/elemento-tierra-anillo-de-compromiso-de-diamante-marron-de-sal-y-pimienta-con-corte-de-rosa-y-peridoto\/#breadcrumb","itemListElement":[{"@type":"ListItem","position":1,"name":"Home","item":"https:\/\/aureliusjewelry.com\/es\/"},{"@type":"ListItem","position":2,"name":"Shop","item":"https:\/\/aureliusjewelry.com\/shop\/"},{"@type":"ListItem","position":3,"name":"Elemento Tierra &#8211; Anillo de Compromiso de Diamante Marr\u00f3n de Sal y Pimienta con Corte de Rosa y Peridoto"}]},{"@type":"WebSite","@id":"https:\/\/aureliusjewelry.com\/es\/#website","url":"https:\/\/aureliusjewelry.com\/es\/","name":"Aurelius Jewelry","description":"Handmade Fine Gold Jewelry","publisher":{"@id":"https:\/\/aureliusjewelry.com\/es\/#organization"},"potentialAction":[{"@type":"SearchAction","target":{"@type":"EntryPoint","urlTemplate":"https:\/\/aureliusjewelry.com\/es\/?s={search_term_string}"},"query-input":{"@type":"PropertyValueSpecification","valueRequired":true,"valueName":"search_term_string"}}],"inLanguage":"es"},{"@type":"Organization","@id":"https:\/\/aureliusjewelry.com\/es\/#organization","name":"Aurelius Jewelry","url":"https:\/\/aureliusjewelry.com\/es\/","logo":{"@type":"ImageObject","inLanguage":"es","@id":"https:\/\/aureliusjewelry.com\/es\/#\/schema\/logo\/image\/","url":"https:\/\/aureliusjewelry.com\/wp-content\/uploads\/logo.png","contentUrl":"https:\/\/aureliusjewelry.com\/wp-content\/uploads\/logo.png","width":400,"height":64,"caption":"Aurelius Jewelry"},"image":{"@id":"https:\/\/aureliusjewelry.com\/es\/#\/schema\/logo\/image\/"},"sameAs":["https:\/\/www.facebook.com\/AureliusJewelry\/","https:\/\/x.com\/AureliusJewelry","https:\/\/instagram.com\/aureliusjewelry","https:\/\/www.pinterest.com\/AureliusJewelry\/"],"email":"info@aureliusjewelry.com","foundingDate":"2018-10-01","vatID":"SI10391070","hasMerchantReturnPolicy":{"@type":"MerchantReturnPolicy","merchantReturnLink":"https:\/\/aureliusjewelry.com\/our-policies\/terms-conditions\/"}}]},"og_availability":"instock","product_availability":"instock","product_retailer_item_id":"18221","product_condition":"new"},"_links":{"self":[{"href":"https:\/\/aureliusjewelry.com\/es\/wp-json\/wp\/v2\/product\/20474","targetHints":{"allow":["GET"]}}],"collection":[{"href":"https:\/\/aureliusjewelry.com\/es\/wp-json\/wp\/v2\/product"}],"about":[{"href":"https:\/\/aureliusjewelry.com\/es\/wp-json\/wp\/v2\/types\/product"}],"replies":[{"embeddable":true,"href":"https:\/\/aureliusjewelry.com\/es\/wp-json\/wp\/v2\/comments?post=20474"}],"wp:featuredmedia":[{"embeddable":true,"href":"https:\/\/aureliusjewelry.com\/es\/wp-json\/wp\/v2\/media\/18227"}],"wp:attachment":[{"href":"https:\/\/aureliusjewelry.com\/es\/wp-json\/wp\/v2\/media?parent=20474"}],"wp:term":[{"taxonomy":"product_brand","embeddable":true,"href":"https:\/\/aureliusjewelry.com\/es\/wp-json\/wp\/v2\/product_brand?post=20474"},{"taxonomy":"product_cat","embeddable":true,"href":"https:\/\/aureliusjewelry.com\/es\/wp-json\/wp\/v2\/product_cat?post=20474"},{"taxonomy":"product_tag","embeddable":true,"href":"https:\/\/aureliusjewelry.com\/es\/wp-json\/wp\/v2\/product_tag?post=20474"}],"curies":[{"name":"wp","href":"https:\/\/api.w.org\/{rel}","templated":true}]}}