{"id":20471,"date":"2021-02-03T22:50:31","date_gmt":"2021-02-03T20:50:31","guid":{"rendered":"http:\/\/127.0.0.1\/?post_type=product&#038;p=20471"},"modified":"2026-03-23T21:50:02","modified_gmt":"2026-03-23T19:50:02","slug":"elemento-fuego-anillo-de-compromiso-de-piedra-solar-cabujon-pera-y-zafiro-naranja","status":"publish","type":"product","link":"https:\/\/aureliusjewelry.com\/es\/elemento-fuego-anillo-de-compromiso-de-piedra-solar-cabujon-pera-y-zafiro-naranja\/","title":{"rendered":"Elemento Fuego &#8211; Anillo de Compromiso de Piedra Solar Cabuj\u00f3n Pera y Zafiro Naranja"},"content":{"rendered":"<p><strong>Piedra Principal<\/strong><br \/>\n&#8211; piedra de sol cabuj\u00f3n de pera<br \/>\n&#8211; aprox. 8x5mm<\/p>\n<p><strong>Piedras Laterales<\/strong><br \/>\n&#8211; zafiro naranja marquesa<br \/>\n&#8211; aprox. 4x2mm<\/p>\n<p>&#8211; zafiro amarillo marquesa<br \/>\n&#8211; aprox. 4x2mm<\/p>\n<p>&#8211; marquise diamante<br \/>\n&#8211; aprox. 3&#215;1.5mm<br \/>\n&#8211; color F\/G, claridad VS, sin conflictos<\/p>\n<p><strong>Mediciones y Material de la Alianza<\/strong><br \/>\n&#8211; 1.5 mm de ancho, 1.6 mm de espesor<br \/>\n&#8211; disponible en oro amarillo, blanco o rosa de 585\/1000 (14k) o 750\/1000 (18k) y platino 950\/1000<br \/>\n&#8211; tama\u00f1o de anillo de EE. UU. 3-9, tama\u00f1os m\u00e1s peque\u00f1os o m\u00e1s grandes disponibles por solicitud<\/p>\n","protected":false},"excerpt":{"rendered":"<p>Anillo de compromiso Elemento Fuego con una piedra solar cabuj\u00f3n pera y un zafiro marquesa Piedras laterales como llamas, para una futura novia moderna, feroz y apasionada. El anillo de compromiso alternativo en forma de granete, que simboliza la llama, tambi\u00e9n est\u00e1 disponible como anillo de boda engastado con una alianza de boda curvada de zafiro naranja.<br \/>\nEste anillo es un dise\u00f1o original de Aurelius y forma parte de nuestra colecci\u00f3n Elemental, que incluye cuatro conjuntos de anillos \u00fanicos inspirados en los cuatro elementos: fuego, agua, tierra y aire. Los signos del zodiaco relacionados con el elemento fuego son Aries, Leo y Sagitario.<\/p>\n","protected":false},"featured_media":18293,"comment_status":"open","ping_status":"closed","template":"","meta":[],"product_brand":[],"product_cat":[1541,1542,1557,1569,535,489,515,1545,1566,1588,470],"product_tag":[1248,1236,1208,737,735],"class_list":{"0":"post-20471","1":"product","2":"type-product","3":"status-publish","4":"has-post-thumbnail","6":"product_cat-anillo-de-compromiso-con-bisel","7":"product_cat-anillo-de-compromiso-con-cabujon","8":"product_cat-anillo-de-compromiso-con-detalles-de-piedras-preciosas","9":"product_cat-anillo-de-compromiso-en-forma-de-pera","10":"product_cat-anillos","11":"product_cat-anillos-de-compromiso","12":"product_cat-anillos-de-compromiso-de-piedras-preciosas-mixtas","13":"product_cat-anillos-de-compromiso-en-racimo","14":"product_cat-anillos-de-compromiso-inspirados-en-la-naturaleza","15":"product_cat-anillos-de-compromiso-unicos","16":"product_cat-la-coleccion-elemental","17":"product_tag-anillo","18":"product_tag-pera","19":"product_tag-piedras-mixtas","20":"product_tag-ready_to_ship-es","21":"product_tag-rings-es-tag","23":"first","24":"instock","25":"sold-individually","26":"taxable","27":"shipping-taxable","28":"purchasable","29":"product-type-variable"},"yoast_head":"<title>Elemento Fuego - Anillo de Compromiso de Piedra Solar Cabuj\u00f3n Pera y Zafiro Naranja - Aurelius Jewelry<\/title>\n<meta name=\"robots\" content=\"index, follow, max-snippet:-1, max-image-preview:large, max-video-preview:-1\" \/>\n<link rel=\"canonical\" href=\"https:\/\/aureliusjewelry.com\/es\/elemento-fuego-anillo-de-compromiso-de-piedra-solar-cabujon-pera-y-zafiro-naranja\/\" \/>\n<meta property=\"og:locale\" content=\"es_ES\" \/>\n<meta property=\"og:type\" content=\"article\" \/>\n<meta property=\"og:title\" content=\"Elemento Fuego - Anillo de Compromiso de Piedra Solar Cabuj\u00f3n Pera y Zafiro Naranja - Aurelius Jewelry\" \/>\n<meta property=\"og:description\" content=\"%\" \/>\n<meta property=\"og:url\" content=\"https:\/\/aureliusjewelry.com\/es\/elemento-fuego-anillo-de-compromiso-de-piedra-solar-cabujon-pera-y-zafiro-naranja\/\" \/>\n<meta property=\"og:site_name\" content=\"Aurelius Jewelry\" \/>\n<meta property=\"article:publisher\" content=\"https:\/\/www.facebook.com\/AureliusJewelry\/\" \/>\n<meta property=\"article:modified_time\" content=\"2026-03-23T19:50:02+00:00\" \/>\n<meta property=\"og:image\" content=\"https:\/\/aureliusjewelry.com\/wp-content\/uploads\/de-pera-piedra-solar-anillo-de-racimo-parte-delantera.jpg\" \/>\n\t<meta property=\"og:image:width\" content=\"1920\" \/>\n\t<meta property=\"og:image:height\" content=\"1440\" \/>\n\t<meta property=\"og:image:type\" content=\"image\/jpeg\" \/>\n<meta name=\"twitter:card\" content=\"summary_large_image\" \/>\n<meta name=\"twitter:site\" content=\"@AureliusJewelry\" \/>\n<script type=\"application\/ld+json\" class=\"yoast-schema-graph\">{\"@context\":\"https:\\\/\\\/schema.org\",\"@graph\":[{\"@type\":\"WebPage\",\"@id\":\"https:\\\/\\\/aureliusjewelry.com\\\/es\\\/elemento-fuego-anillo-de-compromiso-de-piedra-solar-cabujon-pera-y-zafiro-naranja\\\/\",\"url\":\"https:\\\/\\\/aureliusjewelry.com\\\/es\\\/elemento-fuego-anillo-de-compromiso-de-piedra-solar-cabujon-pera-y-zafiro-naranja\\\/\",\"name\":\"Elemento Fuego - Anillo de Compromiso de Piedra Solar Cabuj\u00f3n Pera y Zafiro Naranja - Aurelius Jewelry\",\"isPartOf\":{\"@id\":\"https:\\\/\\\/aureliusjewelry.com\\\/es\\\/#website\"},\"primaryImageOfPage\":{\"@id\":\"https:\\\/\\\/aureliusjewelry.com\\\/es\\\/elemento-fuego-anillo-de-compromiso-de-piedra-solar-cabujon-pera-y-zafiro-naranja\\\/#primaryimage\"},\"image\":{\"@id\":\"https:\\\/\\\/aureliusjewelry.com\\\/es\\\/elemento-fuego-anillo-de-compromiso-de-piedra-solar-cabujon-pera-y-zafiro-naranja\\\/#primaryimage\"},\"thumbnailUrl\":\"https:\\\/\\\/aureliusjewelry.com\\\/wp-content\\\/uploads\\\/de-pera-piedra-solar-anillo-de-racimo-parte-delantera.jpg\",\"datePublished\":\"2021-02-03T20:50:31+00:00\",\"dateModified\":\"2026-03-23T19:50:02+00:00\",\"breadcrumb\":{\"@id\":\"https:\\\/\\\/aureliusjewelry.com\\\/es\\\/elemento-fuego-anillo-de-compromiso-de-piedra-solar-cabujon-pera-y-zafiro-naranja\\\/#breadcrumb\"},\"inLanguage\":\"es\",\"potentialAction\":[{\"@type\":\"ReadAction\",\"target\":[\"https:\\\/\\\/aureliusjewelry.com\\\/es\\\/elemento-fuego-anillo-de-compromiso-de-piedra-solar-cabujon-pera-y-zafiro-naranja\\\/\"]}]},{\"@type\":\"ImageObject\",\"inLanguage\":\"es\",\"@id\":\"https:\\\/\\\/aureliusjewelry.com\\\/es\\\/elemento-fuego-anillo-de-compromiso-de-piedra-solar-cabujon-pera-y-zafiro-naranja\\\/#primaryimage\",\"url\":\"https:\\\/\\\/aureliusjewelry.com\\\/wp-content\\\/uploads\\\/de-pera-piedra-solar-anillo-de-racimo-parte-delantera.jpg\",\"contentUrl\":\"https:\\\/\\\/aureliusjewelry.com\\\/wp-content\\\/uploads\\\/de-pera-piedra-solar-anillo-de-racimo-parte-delantera.jpg\",\"width\":1920,\"height\":1440,\"caption\":\"de pera piedra solar anillo de racimo parte delantera\"},{\"@type\":\"BreadcrumbList\",\"@id\":\"https:\\\/\\\/aureliusjewelry.com\\\/es\\\/elemento-fuego-anillo-de-compromiso-de-piedra-solar-cabujon-pera-y-zafiro-naranja\\\/#breadcrumb\",\"itemListElement\":[{\"@type\":\"ListItem\",\"position\":1,\"name\":\"Home\",\"item\":\"https:\\\/\\\/aureliusjewelry.com\\\/es\\\/\"},{\"@type\":\"ListItem\",\"position\":2,\"name\":\"Shop\",\"item\":\"https:\\\/\\\/aureliusjewelry.com\\\/shop\\\/\"},{\"@type\":\"ListItem\",\"position\":3,\"name\":\"Elemento Fuego &#8211; Anillo de Compromiso de Piedra Solar Cabuj\u00f3n Pera y Zafiro Naranja\"}]},{\"@type\":\"WebSite\",\"@id\":\"https:\\\/\\\/aureliusjewelry.com\\\/es\\\/#website\",\"url\":\"https:\\\/\\\/aureliusjewelry.com\\\/es\\\/\",\"name\":\"Aurelius Jewelry\",\"description\":\"Handmade Fine Gold Jewelry\",\"publisher\":{\"@id\":\"https:\\\/\\\/aureliusjewelry.com\\\/es\\\/#organization\"},\"potentialAction\":[{\"@type\":\"SearchAction\",\"target\":{\"@type\":\"EntryPoint\",\"urlTemplate\":\"https:\\\/\\\/aureliusjewelry.com\\\/es\\\/?s={search_term_string}\"},\"query-input\":{\"@type\":\"PropertyValueSpecification\",\"valueRequired\":true,\"valueName\":\"search_term_string\"}}],\"inLanguage\":\"es\"},{\"@type\":\"Organization\",\"@id\":\"https:\\\/\\\/aureliusjewelry.com\\\/es\\\/#organization\",\"name\":\"Aurelius Jewelry\",\"url\":\"https:\\\/\\\/aureliusjewelry.com\\\/es\\\/\",\"logo\":{\"@type\":\"ImageObject\",\"inLanguage\":\"es\",\"@id\":\"https:\\\/\\\/aureliusjewelry.com\\\/es\\\/#\\\/schema\\\/logo\\\/image\\\/\",\"url\":\"https:\\\/\\\/aureliusjewelry.com\\\/wp-content\\\/uploads\\\/logo.png\",\"contentUrl\":\"https:\\\/\\\/aureliusjewelry.com\\\/wp-content\\\/uploads\\\/logo.png\",\"width\":400,\"height\":64,\"caption\":\"Aurelius Jewelry\"},\"image\":{\"@id\":\"https:\\\/\\\/aureliusjewelry.com\\\/es\\\/#\\\/schema\\\/logo\\\/image\\\/\"},\"sameAs\":[\"https:\\\/\\\/www.facebook.com\\\/AureliusJewelry\\\/\",\"https:\\\/\\\/x.com\\\/AureliusJewelry\",\"https:\\\/\\\/instagram.com\\\/aureliusjewelry\",\"https:\\\/\\\/www.pinterest.com\\\/AureliusJewelry\\\/\"],\"email\":\"info@aureliusjewelry.com\",\"foundingDate\":\"2018-10-01\",\"vatID\":\"SI10391070\",\"hasMerchantReturnPolicy\":{\"@type\":\"MerchantReturnPolicy\",\"merchantReturnLink\":\"https:\\\/\\\/aureliusjewelry.com\\\/our-policies\\\/terms-conditions\\\/\"}}]}<\/script>\n<meta property=\"og:availability\" content=\"instock\" \/>\n<meta property=\"product:availability\" content=\"instock\" \/>\n<meta property=\"product:retailer_item_id\" content=\"18277\" \/>\n<meta property=\"product:condition\" content=\"new\" \/>","yoast_head_json":{"title":"Elemento Fuego - Anillo de Compromiso de Piedra Solar Cabuj\u00f3n Pera y Zafiro Naranja - Aurelius Jewelry","robots":{"index":"index","follow":"follow","max-snippet":"max-snippet:-1","max-image-preview":"max-image-preview:large","max-video-preview":"max-video-preview:-1"},"canonical":"https:\/\/aureliusjewelry.com\/es\/elemento-fuego-anillo-de-compromiso-de-piedra-solar-cabujon-pera-y-zafiro-naranja\/","og_locale":"es_ES","og_type":"article","og_title":"Elemento Fuego - Anillo de Compromiso de Piedra Solar Cabuj\u00f3n Pera y Zafiro Naranja - Aurelius Jewelry","og_description":"%","og_url":"https:\/\/aureliusjewelry.com\/es\/elemento-fuego-anillo-de-compromiso-de-piedra-solar-cabujon-pera-y-zafiro-naranja\/","og_site_name":"Aurelius Jewelry","article_publisher":"https:\/\/www.facebook.com\/AureliusJewelry\/","article_modified_time":"2026-03-23T19:50:02+00:00","og_image":[{"width":1920,"height":1440,"url":"https:\/\/aureliusjewelry.com\/wp-content\/uploads\/de-pera-piedra-solar-anillo-de-racimo-parte-delantera.jpg","type":"image\/jpeg"}],"twitter_card":"summary_large_image","twitter_site":"@AureliusJewelry","schema":{"@context":"https:\/\/schema.org","@graph":[{"@type":"WebPage","@id":"https:\/\/aureliusjewelry.com\/es\/elemento-fuego-anillo-de-compromiso-de-piedra-solar-cabujon-pera-y-zafiro-naranja\/","url":"https:\/\/aureliusjewelry.com\/es\/elemento-fuego-anillo-de-compromiso-de-piedra-solar-cabujon-pera-y-zafiro-naranja\/","name":"Elemento Fuego - Anillo de Compromiso de Piedra Solar Cabuj\u00f3n Pera y Zafiro Naranja - Aurelius Jewelry","isPartOf":{"@id":"https:\/\/aureliusjewelry.com\/es\/#website"},"primaryImageOfPage":{"@id":"https:\/\/aureliusjewelry.com\/es\/elemento-fuego-anillo-de-compromiso-de-piedra-solar-cabujon-pera-y-zafiro-naranja\/#primaryimage"},"image":{"@id":"https:\/\/aureliusjewelry.com\/es\/elemento-fuego-anillo-de-compromiso-de-piedra-solar-cabujon-pera-y-zafiro-naranja\/#primaryimage"},"thumbnailUrl":"https:\/\/aureliusjewelry.com\/wp-content\/uploads\/de-pera-piedra-solar-anillo-de-racimo-parte-delantera.jpg","datePublished":"2021-02-03T20:50:31+00:00","dateModified":"2026-03-23T19:50:02+00:00","breadcrumb":{"@id":"https:\/\/aureliusjewelry.com\/es\/elemento-fuego-anillo-de-compromiso-de-piedra-solar-cabujon-pera-y-zafiro-naranja\/#breadcrumb"},"inLanguage":"es","potentialAction":[{"@type":"ReadAction","target":["https:\/\/aureliusjewelry.com\/es\/elemento-fuego-anillo-de-compromiso-de-piedra-solar-cabujon-pera-y-zafiro-naranja\/"]}]},{"@type":"ImageObject","inLanguage":"es","@id":"https:\/\/aureliusjewelry.com\/es\/elemento-fuego-anillo-de-compromiso-de-piedra-solar-cabujon-pera-y-zafiro-naranja\/#primaryimage","url":"https:\/\/aureliusjewelry.com\/wp-content\/uploads\/de-pera-piedra-solar-anillo-de-racimo-parte-delantera.jpg","contentUrl":"https:\/\/aureliusjewelry.com\/wp-content\/uploads\/de-pera-piedra-solar-anillo-de-racimo-parte-delantera.jpg","width":1920,"height":1440,"caption":"de pera piedra solar anillo de racimo parte delantera"},{"@type":"BreadcrumbList","@id":"https:\/\/aureliusjewelry.com\/es\/elemento-fuego-anillo-de-compromiso-de-piedra-solar-cabujon-pera-y-zafiro-naranja\/#breadcrumb","itemListElement":[{"@type":"ListItem","position":1,"name":"Home","item":"https:\/\/aureliusjewelry.com\/es\/"},{"@type":"ListItem","position":2,"name":"Shop","item":"https:\/\/aureliusjewelry.com\/shop\/"},{"@type":"ListItem","position":3,"name":"Elemento Fuego &#8211; Anillo de Compromiso de Piedra Solar Cabuj\u00f3n Pera y Zafiro Naranja"}]},{"@type":"WebSite","@id":"https:\/\/aureliusjewelry.com\/es\/#website","url":"https:\/\/aureliusjewelry.com\/es\/","name":"Aurelius Jewelry","description":"Handmade Fine Gold Jewelry","publisher":{"@id":"https:\/\/aureliusjewelry.com\/es\/#organization"},"potentialAction":[{"@type":"SearchAction","target":{"@type":"EntryPoint","urlTemplate":"https:\/\/aureliusjewelry.com\/es\/?s={search_term_string}"},"query-input":{"@type":"PropertyValueSpecification","valueRequired":true,"valueName":"search_term_string"}}],"inLanguage":"es"},{"@type":"Organization","@id":"https:\/\/aureliusjewelry.com\/es\/#organization","name":"Aurelius Jewelry","url":"https:\/\/aureliusjewelry.com\/es\/","logo":{"@type":"ImageObject","inLanguage":"es","@id":"https:\/\/aureliusjewelry.com\/es\/#\/schema\/logo\/image\/","url":"https:\/\/aureliusjewelry.com\/wp-content\/uploads\/logo.png","contentUrl":"https:\/\/aureliusjewelry.com\/wp-content\/uploads\/logo.png","width":400,"height":64,"caption":"Aurelius Jewelry"},"image":{"@id":"https:\/\/aureliusjewelry.com\/es\/#\/schema\/logo\/image\/"},"sameAs":["https:\/\/www.facebook.com\/AureliusJewelry\/","https:\/\/x.com\/AureliusJewelry","https:\/\/instagram.com\/aureliusjewelry","https:\/\/www.pinterest.com\/AureliusJewelry\/"],"email":"info@aureliusjewelry.com","foundingDate":"2018-10-01","vatID":"SI10391070","hasMerchantReturnPolicy":{"@type":"MerchantReturnPolicy","merchantReturnLink":"https:\/\/aureliusjewelry.com\/our-policies\/terms-conditions\/"}}]},"og_availability":"instock","product_availability":"instock","product_retailer_item_id":"18277","product_condition":"new"},"_links":{"self":[{"href":"https:\/\/aureliusjewelry.com\/es\/wp-json\/wp\/v2\/product\/20471","targetHints":{"allow":["GET"]}}],"collection":[{"href":"https:\/\/aureliusjewelry.com\/es\/wp-json\/wp\/v2\/product"}],"about":[{"href":"https:\/\/aureliusjewelry.com\/es\/wp-json\/wp\/v2\/types\/product"}],"replies":[{"embeddable":true,"href":"https:\/\/aureliusjewelry.com\/es\/wp-json\/wp\/v2\/comments?post=20471"}],"wp:featuredmedia":[{"embeddable":true,"href":"https:\/\/aureliusjewelry.com\/es\/wp-json\/wp\/v2\/media\/18293"}],"wp:attachment":[{"href":"https:\/\/aureliusjewelry.com\/es\/wp-json\/wp\/v2\/media?parent=20471"}],"wp:term":[{"taxonomy":"product_brand","embeddable":true,"href":"https:\/\/aureliusjewelry.com\/es\/wp-json\/wp\/v2\/product_brand?post=20471"},{"taxonomy":"product_cat","embeddable":true,"href":"https:\/\/aureliusjewelry.com\/es\/wp-json\/wp\/v2\/product_cat?post=20471"},{"taxonomy":"product_tag","embeddable":true,"href":"https:\/\/aureliusjewelry.com\/es\/wp-json\/wp\/v2\/product_tag?post=20471"}],"curies":[{"name":"wp","href":"https:\/\/api.w.org\/{rel}","templated":true}]}}