{"id":20457,"date":"2021-02-03T23:33:59","date_gmt":"2021-02-03T21:33:59","guid":{"rendered":"http:\/\/127.0.0.1\/product\/elemento-agua-conjunto-de-anillos-de-aguamarina-pera-y-diamante\/"},"modified":"2026-05-10T06:40:26","modified_gmt":"2026-05-10T04:40:26","slug":"elemento-agua-conjunto-de-anillos-de-aguamarina-pera-y-diamante","status":"publish","type":"product","link":"https:\/\/aureliusjewelry.com\/es\/product\/elemento-agua-conjunto-de-anillos-de-aguamarina-pera-y-diamante\/","title":{"rendered":"Elemento Agua \u2013 Conjunto de Anillos de Aguamarina Pera y Diamante"},"content":{"rendered":"<p><strong>Anillo de Compromiso<\/strong><br \/>\n\u2013 aguamarina pera<br \/>\n\u2013 aprox. 7x5mm<br \/>\n\u2013 topacio azul suizo marquesa y pera<br \/>\n\u2013 aprox. 4x2mm, 4\u00d72.5mm<br \/>\n\u2013 marquesa y diamantes redondos<br \/>\n\u2013 aprox. 3\u00d71.5mm, 1.5mm<br \/>\n\u2013 color F\/G, claridad VS, sin conflictos<\/p>\n<p><strong>Alianza de boda<\/strong><br \/>\n\u2013 marquesa y diamantes redondos<br \/>\n\u2013 aprox. 3\u00d71.5mm, 1.25mm<br \/>\n\u2013 color F\/G, claridad VS, sin conflictos<br \/>\n\u2013 aguamarina redonda<br \/>\n\u2013 aprox. 1.5mm (2)<br \/>\n\u2013 topacio azul suizo redondo<br \/>\n\u2013 aprox. 1.5mm (2)<\/p>\n<p><strong>Mediciones y Material de la Alianza<\/strong><br \/>\n\u2013 1.5 mm de ancho, 1.6 mm de espesor<br \/>\n\u2013 disponible en oro amarillo, blanco o rosa de 585\/1000 (14k) o 750\/1000 (18k) y platino 950\/1000<br \/>\n\u2013 tama\u00f1o de anillo de EE. UU. 3-9, tama\u00f1os m\u00e1s peque\u00f1os o m\u00e1s grandes disponibles por solicitud<\/p>\n","protected":false},"excerpt":{"rendered":"<p>Conjunto de Anillos de Elemento Agua con aguamarina pera natural en el centro, con topacio azul suizo, aguamarina y diamante. Piedras laterales para una futura novia moderna que ama el oc\u00e9ano. El anillo de compromiso alternativo en forma de granete asim\u00e9trico, que simboliza una gota de agua, se combina con una alianza de boda abierta a juego que imita un chapoteo.<br \/>\nEste conjunto es un dise\u00f1o original de Aurelius y forma parte de nuestra colecci\u00f3n Elemental, que incluye cuatro conjuntos de anillos \u00fanicos inspirados en los cuatro elementos: fuego, agua, tierra y aire. Los signos del zodiaco relacionados con el elemento agua son C\u00e1ncer, Escorpio y Piscis.<\/p>\n","protected":false},"featured_media":18397,"comment_status":"open","ping_status":"closed","template":"","meta":[],"product_brand":[],"product_cat":[1580,535,518,470],"product_tag":[1161,1251,1236,737,735],"class_list":{"0":"post-20457","1":"product","2":"type-product","3":"status-publish","4":"has-post-thumbnail","6":"product_cat-anillo-de-bodas-de-dos-piezas","7":"product_cat-anillos","8":"product_cat-conjuntos-de-anillos-de-boda","9":"product_cat-la-coleccion-elemental","10":"product_tag-aguamarina","11":"product_tag-juego-de-anillos","12":"product_tag-pera","13":"product_tag-ready_to_ship-es","14":"product_tag-rings-es-tag","16":"first","17":"instock","18":"sold-individually","19":"taxable","20":"shipping-taxable","21":"purchasable","22":"product-type-variable"},"yoast_head":"<title>Elemento Agua \u2013 Conjunto de Anillos de Aguamarina Pera y Diamante - Aurelius Jewelry<\/title>\n<meta name=\"robots\" content=\"index, follow, max-snippet:-1, max-image-preview:large, max-video-preview:-1\" \/>\n<link rel=\"canonical\" href=\"https:\/\/aureliusjewelry.com\/es\/product\/elemento-agua-conjunto-de-anillos-de-aguamarina-pera-y-diamante\/\" \/>\n<meta property=\"og:locale\" content=\"es_ES\" \/>\n<meta property=\"og:type\" content=\"article\" \/>\n<meta property=\"og:title\" content=\"Elemento Agua \u2013 Conjunto de Anillos de Aguamarina Pera y Diamante - Aurelius Jewelry\" \/>\n<meta property=\"og:description\" content=\"%\" \/>\n<meta property=\"og:url\" content=\"https:\/\/aureliusjewelry.com\/es\/product\/elemento-agua-conjunto-de-anillos-de-aguamarina-pera-y-diamante\/\" \/>\n<meta property=\"og:site_name\" content=\"Aurelius Jewelry\" \/>\n<meta property=\"article:publisher\" content=\"https:\/\/www.facebook.com\/AureliusJewelry\/\" \/>\n<meta property=\"article:modified_time\" content=\"2026-05-10T04:40:26+00:00\" \/>\n<meta property=\"og:image\" content=\"https:\/\/aureliusjewelry.com\/wp-content\/uploads\/de-pera-aguamarina-conjunto-de-anillos-de-compromiso.jpg\" \/>\n\t<meta property=\"og:image:width\" content=\"1920\" \/>\n\t<meta property=\"og:image:height\" content=\"1440\" \/>\n\t<meta property=\"og:image:type\" content=\"image\/jpeg\" \/>\n<meta name=\"twitter:card\" content=\"summary_large_image\" \/>\n<meta name=\"twitter:site\" content=\"@AureliusJewelry\" \/>\n<script type=\"application\/ld+json\" class=\"yoast-schema-graph\">{\"@context\":\"https:\\\/\\\/schema.org\",\"@graph\":[{\"@type\":\"WebPage\",\"@id\":\"https:\\\/\\\/aureliusjewelry.com\\\/es\\\/product\\\/elemento-agua-conjunto-de-anillos-de-aguamarina-pera-y-diamante\\\/\",\"url\":\"https:\\\/\\\/aureliusjewelry.com\\\/es\\\/product\\\/elemento-agua-conjunto-de-anillos-de-aguamarina-pera-y-diamante\\\/\",\"name\":\"Elemento Agua \u2013 Conjunto de Anillos de Aguamarina Pera y Diamante - Aurelius Jewelry\",\"isPartOf\":{\"@id\":\"https:\\\/\\\/aureliusjewelry.com\\\/es\\\/#website\"},\"primaryImageOfPage\":{\"@id\":\"https:\\\/\\\/aureliusjewelry.com\\\/es\\\/product\\\/elemento-agua-conjunto-de-anillos-de-aguamarina-pera-y-diamante\\\/#primaryimage\"},\"image\":{\"@id\":\"https:\\\/\\\/aureliusjewelry.com\\\/es\\\/product\\\/elemento-agua-conjunto-de-anillos-de-aguamarina-pera-y-diamante\\\/#primaryimage\"},\"thumbnailUrl\":\"https:\\\/\\\/aureliusjewelry.com\\\/wp-content\\\/uploads\\\/de-pera-aguamarina-conjunto-de-anillos-de-compromiso.jpg\",\"datePublished\":\"2021-02-03T21:33:59+00:00\",\"dateModified\":\"2026-05-10T04:40:26+00:00\",\"breadcrumb\":{\"@id\":\"https:\\\/\\\/aureliusjewelry.com\\\/es\\\/product\\\/elemento-agua-conjunto-de-anillos-de-aguamarina-pera-y-diamante\\\/#breadcrumb\"},\"inLanguage\":\"es\",\"potentialAction\":[{\"@type\":\"ReadAction\",\"target\":[\"https:\\\/\\\/aureliusjewelry.com\\\/es\\\/product\\\/elemento-agua-conjunto-de-anillos-de-aguamarina-pera-y-diamante\\\/\"]}]},{\"@type\":\"ImageObject\",\"inLanguage\":\"es\",\"@id\":\"https:\\\/\\\/aureliusjewelry.com\\\/es\\\/product\\\/elemento-agua-conjunto-de-anillos-de-aguamarina-pera-y-diamante\\\/#primaryimage\",\"url\":\"https:\\\/\\\/aureliusjewelry.com\\\/wp-content\\\/uploads\\\/de-pera-aguamarina-conjunto-de-anillos-de-compromiso.jpg\",\"contentUrl\":\"https:\\\/\\\/aureliusjewelry.com\\\/wp-content\\\/uploads\\\/de-pera-aguamarina-conjunto-de-anillos-de-compromiso.jpg\",\"width\":1920,\"height\":1440,\"caption\":\"de pera aguamarina conjunto de anillos de compromiso\"},{\"@type\":\"BreadcrumbList\",\"@id\":\"https:\\\/\\\/aureliusjewelry.com\\\/es\\\/product\\\/elemento-agua-conjunto-de-anillos-de-aguamarina-pera-y-diamante\\\/#breadcrumb\",\"itemListElement\":[{\"@type\":\"ListItem\",\"position\":1,\"name\":\"Home\",\"item\":\"https:\\\/\\\/aureliusjewelry.com\\\/es\\\/\"},{\"@type\":\"ListItem\",\"position\":2,\"name\":\"Shop\",\"item\":\"https:\\\/\\\/aureliusjewelry.com\\\/shop\\\/\"},{\"@type\":\"ListItem\",\"position\":3,\"name\":\"Elemento Agua \u2013 Conjunto de Anillos de Aguamarina Pera y Diamante\"}]},{\"@type\":\"WebSite\",\"@id\":\"https:\\\/\\\/aureliusjewelry.com\\\/es\\\/#website\",\"url\":\"https:\\\/\\\/aureliusjewelry.com\\\/es\\\/\",\"name\":\"Aurelius Jewelry\",\"description\":\"Handmade Fine Gold Jewelry\",\"publisher\":{\"@id\":\"https:\\\/\\\/aureliusjewelry.com\\\/es\\\/#organization\"},\"potentialAction\":[{\"@type\":\"SearchAction\",\"target\":{\"@type\":\"EntryPoint\",\"urlTemplate\":\"https:\\\/\\\/aureliusjewelry.com\\\/es\\\/?s={search_term_string}\"},\"query-input\":{\"@type\":\"PropertyValueSpecification\",\"valueRequired\":true,\"valueName\":\"search_term_string\"}}],\"inLanguage\":\"es\"},{\"@type\":\"Organization\",\"@id\":\"https:\\\/\\\/aureliusjewelry.com\\\/es\\\/#organization\",\"name\":\"Aurelius Jewelry\",\"url\":\"https:\\\/\\\/aureliusjewelry.com\\\/es\\\/\",\"logo\":{\"@type\":\"ImageObject\",\"inLanguage\":\"es\",\"@id\":\"https:\\\/\\\/aureliusjewelry.com\\\/es\\\/#\\\/schema\\\/logo\\\/image\\\/\",\"url\":\"https:\\\/\\\/aureliusjewelry.com\\\/wp-content\\\/uploads\\\/logo.png\",\"contentUrl\":\"https:\\\/\\\/aureliusjewelry.com\\\/wp-content\\\/uploads\\\/logo.png\",\"width\":400,\"height\":64,\"caption\":\"Aurelius Jewelry\"},\"image\":{\"@id\":\"https:\\\/\\\/aureliusjewelry.com\\\/es\\\/#\\\/schema\\\/logo\\\/image\\\/\"},\"sameAs\":[\"https:\\\/\\\/www.facebook.com\\\/AureliusJewelry\\\/\",\"https:\\\/\\\/x.com\\\/AureliusJewelry\",\"https:\\\/\\\/instagram.com\\\/aureliusjewelry\",\"https:\\\/\\\/www.pinterest.com\\\/AureliusJewelry\\\/\"],\"email\":\"info@aureliusjewelry.com\",\"foundingDate\":\"2018-10-01\",\"vatID\":\"SI10391070\",\"hasMerchantReturnPolicy\":{\"@type\":\"MerchantReturnPolicy\",\"merchantReturnLink\":\"https:\\\/\\\/aureliusjewelry.com\\\/our-policies\\\/terms-conditions\\\/\"}}]}<\/script>\n<meta property=\"og:availability\" content=\"instock\" \/>\n<meta property=\"product:availability\" content=\"instock\" \/>\n<meta property=\"product:retailer_item_id\" content=\"18391\" \/>\n<meta property=\"product:condition\" content=\"new\" \/>","yoast_head_json":{"title":"Elemento Agua \u2013 Conjunto de Anillos de Aguamarina Pera y Diamante - Aurelius Jewelry","robots":{"index":"index","follow":"follow","max-snippet":"max-snippet:-1","max-image-preview":"max-image-preview:large","max-video-preview":"max-video-preview:-1"},"canonical":"https:\/\/aureliusjewelry.com\/es\/product\/elemento-agua-conjunto-de-anillos-de-aguamarina-pera-y-diamante\/","og_locale":"es_ES","og_type":"article","og_title":"Elemento Agua \u2013 Conjunto de Anillos de Aguamarina Pera y Diamante - Aurelius Jewelry","og_description":"%","og_url":"https:\/\/aureliusjewelry.com\/es\/product\/elemento-agua-conjunto-de-anillos-de-aguamarina-pera-y-diamante\/","og_site_name":"Aurelius Jewelry","article_publisher":"https:\/\/www.facebook.com\/AureliusJewelry\/","article_modified_time":"2026-05-10T04:40:26+00:00","og_image":[{"width":1920,"height":1440,"url":"https:\/\/aureliusjewelry.com\/wp-content\/uploads\/de-pera-aguamarina-conjunto-de-anillos-de-compromiso.jpg","type":"image\/jpeg"}],"twitter_card":"summary_large_image","twitter_site":"@AureliusJewelry","schema":{"@context":"https:\/\/schema.org","@graph":[{"@type":"WebPage","@id":"https:\/\/aureliusjewelry.com\/es\/product\/elemento-agua-conjunto-de-anillos-de-aguamarina-pera-y-diamante\/","url":"https:\/\/aureliusjewelry.com\/es\/product\/elemento-agua-conjunto-de-anillos-de-aguamarina-pera-y-diamante\/","name":"Elemento Agua \u2013 Conjunto de Anillos de Aguamarina Pera y Diamante - Aurelius Jewelry","isPartOf":{"@id":"https:\/\/aureliusjewelry.com\/es\/#website"},"primaryImageOfPage":{"@id":"https:\/\/aureliusjewelry.com\/es\/product\/elemento-agua-conjunto-de-anillos-de-aguamarina-pera-y-diamante\/#primaryimage"},"image":{"@id":"https:\/\/aureliusjewelry.com\/es\/product\/elemento-agua-conjunto-de-anillos-de-aguamarina-pera-y-diamante\/#primaryimage"},"thumbnailUrl":"https:\/\/aureliusjewelry.com\/wp-content\/uploads\/de-pera-aguamarina-conjunto-de-anillos-de-compromiso.jpg","datePublished":"2021-02-03T21:33:59+00:00","dateModified":"2026-05-10T04:40:26+00:00","breadcrumb":{"@id":"https:\/\/aureliusjewelry.com\/es\/product\/elemento-agua-conjunto-de-anillos-de-aguamarina-pera-y-diamante\/#breadcrumb"},"inLanguage":"es","potentialAction":[{"@type":"ReadAction","target":["https:\/\/aureliusjewelry.com\/es\/product\/elemento-agua-conjunto-de-anillos-de-aguamarina-pera-y-diamante\/"]}]},{"@type":"ImageObject","inLanguage":"es","@id":"https:\/\/aureliusjewelry.com\/es\/product\/elemento-agua-conjunto-de-anillos-de-aguamarina-pera-y-diamante\/#primaryimage","url":"https:\/\/aureliusjewelry.com\/wp-content\/uploads\/de-pera-aguamarina-conjunto-de-anillos-de-compromiso.jpg","contentUrl":"https:\/\/aureliusjewelry.com\/wp-content\/uploads\/de-pera-aguamarina-conjunto-de-anillos-de-compromiso.jpg","width":1920,"height":1440,"caption":"de pera aguamarina conjunto de anillos de compromiso"},{"@type":"BreadcrumbList","@id":"https:\/\/aureliusjewelry.com\/es\/product\/elemento-agua-conjunto-de-anillos-de-aguamarina-pera-y-diamante\/#breadcrumb","itemListElement":[{"@type":"ListItem","position":1,"name":"Home","item":"https:\/\/aureliusjewelry.com\/es\/"},{"@type":"ListItem","position":2,"name":"Shop","item":"https:\/\/aureliusjewelry.com\/shop\/"},{"@type":"ListItem","position":3,"name":"Elemento Agua \u2013 Conjunto de Anillos de Aguamarina Pera y Diamante"}]},{"@type":"WebSite","@id":"https:\/\/aureliusjewelry.com\/es\/#website","url":"https:\/\/aureliusjewelry.com\/es\/","name":"Aurelius Jewelry","description":"Handmade Fine Gold Jewelry","publisher":{"@id":"https:\/\/aureliusjewelry.com\/es\/#organization"},"potentialAction":[{"@type":"SearchAction","target":{"@type":"EntryPoint","urlTemplate":"https:\/\/aureliusjewelry.com\/es\/?s={search_term_string}"},"query-input":{"@type":"PropertyValueSpecification","valueRequired":true,"valueName":"search_term_string"}}],"inLanguage":"es"},{"@type":"Organization","@id":"https:\/\/aureliusjewelry.com\/es\/#organization","name":"Aurelius Jewelry","url":"https:\/\/aureliusjewelry.com\/es\/","logo":{"@type":"ImageObject","inLanguage":"es","@id":"https:\/\/aureliusjewelry.com\/es\/#\/schema\/logo\/image\/","url":"https:\/\/aureliusjewelry.com\/wp-content\/uploads\/logo.png","contentUrl":"https:\/\/aureliusjewelry.com\/wp-content\/uploads\/logo.png","width":400,"height":64,"caption":"Aurelius Jewelry"},"image":{"@id":"https:\/\/aureliusjewelry.com\/es\/#\/schema\/logo\/image\/"},"sameAs":["https:\/\/www.facebook.com\/AureliusJewelry\/","https:\/\/x.com\/AureliusJewelry","https:\/\/instagram.com\/aureliusjewelry","https:\/\/www.pinterest.com\/AureliusJewelry\/"],"email":"info@aureliusjewelry.com","foundingDate":"2018-10-01","vatID":"SI10391070","hasMerchantReturnPolicy":{"@type":"MerchantReturnPolicy","merchantReturnLink":"https:\/\/aureliusjewelry.com\/our-policies\/terms-conditions\/"}}]},"og_availability":"instock","product_availability":"instock","product_retailer_item_id":"18391","product_condition":"new"},"_links":{"self":[{"href":"https:\/\/aureliusjewelry.com\/es\/wp-json\/wp\/v2\/product\/20457","targetHints":{"allow":["GET"]}}],"collection":[{"href":"https:\/\/aureliusjewelry.com\/es\/wp-json\/wp\/v2\/product"}],"about":[{"href":"https:\/\/aureliusjewelry.com\/es\/wp-json\/wp\/v2\/types\/product"}],"replies":[{"embeddable":true,"href":"https:\/\/aureliusjewelry.com\/es\/wp-json\/wp\/v2\/comments?post=20457"}],"wp:featuredmedia":[{"embeddable":true,"href":"https:\/\/aureliusjewelry.com\/es\/wp-json\/wp\/v2\/media\/18397"}],"wp:attachment":[{"href":"https:\/\/aureliusjewelry.com\/es\/wp-json\/wp\/v2\/media?parent=20457"}],"wp:term":[{"taxonomy":"product_brand","embeddable":true,"href":"https:\/\/aureliusjewelry.com\/es\/wp-json\/wp\/v2\/product_brand?post=20457"},{"taxonomy":"product_cat","embeddable":true,"href":"https:\/\/aureliusjewelry.com\/es\/wp-json\/wp\/v2\/product_cat?post=20457"},{"taxonomy":"product_tag","embeddable":true,"href":"https:\/\/aureliusjewelry.com\/es\/wp-json\/wp\/v2\/product_tag?post=20457"}],"curies":[{"name":"wp","href":"https:\/\/api.w.org\/{rel}","templated":true}]}}