{"id":20415,"date":"2021-02-02T00:47:24","date_gmt":"2021-02-01T22:47:24","guid":{"rendered":"http:\/\/127.0.0.1\/product\/conjunto-de-anillos-de-novia-de-cuarzo-rutilado-hexagonal-negro-y-diamante\/"},"modified":"2026-04-14T06:52:24","modified_gmt":"2026-04-14T04:52:24","slug":"conjunto-de-anillos-de-novia-de-cuarzo-rutilado-hexagonal-negro-y-diamante","status":"publish","type":"product","link":"https:\/\/aureliusjewelry.com\/es\/product\/conjunto-de-anillos-de-novia-de-cuarzo-rutilado-hexagonal-negro-y-diamante\/","title":{"rendered":"Conjunto de Anillos de Novia de Cuarzo Rutilado Hexagonal Negro y Diamante"},"content":{"rendered":"<p><strong>Piedra Principal<\/strong><br \/>\n&#8211; cuarzo rutilado hexagonal<br \/>\n&#8211; aprox. 7mm<\/p>\n<p><strong>Piedras Laterales<\/strong><br \/>\n&#8211; diamantes redondos<br \/>\n&#8211; aprox. 2mm (2)<br \/>\n&#8211; color F\/G, claridad VS, sin conflictos<\/p>\n<p><strong>Mediciones y Material de la Alianza<\/strong><br \/>\n&#8211; 1.5 mm de ancho, 1.6 mm de espesor<br \/>\n&#8211; disponible en oro amarillo, blanco o rosa de 585\/1000 (14k) o 750\/1000 (18k) y platino 950\/1000<br \/>\n&#8211; tama\u00f1o de anillo de EE. UU. 3-9, tama\u00f1os m\u00e1s peque\u00f1os o m\u00e1s grandes disponibles por solicitud<\/p>\n","protected":false},"excerpt":{"rendered":"<p>Este anillo de cuarzo rutilado hexagonal con diamantes redondos es un gran ejemplo de que menos es m\u00e1s y de que algo sencillo tambi\u00e9n puede ser incre\u00edblemente \u00fanico. Las inclusiones en forma de aguja del rutilo crean un patr\u00f3n \u00fanico, por lo que no hay dos gemas exactamente iguales. Lo combinamos con una sencilla alianza de boda de oro en forma de chevron que se adapta a ambos lados y mantiene la piedra principal en el centro de atenci\u00f3n. Cada rutilo negro es cortado a la medida para este dise\u00f1o, \u00a1y podr\u00e1s elegir uno para tu conjunto de anillos de compromiso geom\u00e9trico moderno!<\/p>\n","protected":false},"featured_media":18048,"comment_status":"open","ping_status":"closed","template":"","meta":[],"product_brand":[],"product_cat":[1095,1580,535,518,480,474],"product_tag":[1261,1187,1251,736,735],"class_list":{"0":"post-20415","1":"product","2":"type-product","3":"status-publish","4":"has-post-thumbnail","6":"product_cat-anillo-de-bodas-de-cuarzo-rutilado","7":"product_cat-anillo-de-bodas-de-dos-piezas","8":"product_cat-anillos","9":"product_cat-conjuntos-de-anillos-de-boda","10":"product_cat-emparejado","11":"product_cat-singularidad","12":"product_tag-cuarzo-rutilado","13":"product_tag-hexagono","14":"product_tag-juego-de-anillos","15":"product_tag-production_time_3_5-es","16":"product_tag-rings-es-tag","18":"first","19":"onbackorder","20":"sold-individually","21":"taxable","22":"shipping-taxable","23":"purchasable","24":"product-type-variable"},"yoast_head":"<title>Conjunto de Anillos de Novia de Cuarzo Rutilado Hexagonal Negro y Diamante - Aurelius Jewelry<\/title>\n<meta name=\"robots\" content=\"index, follow, max-snippet:-1, max-image-preview:large, max-video-preview:-1\" \/>\n<link rel=\"canonical\" href=\"https:\/\/aureliusjewelry.com\/es\/product\/conjunto-de-anillos-de-novia-de-cuarzo-rutilado-hexagonal-negro-y-diamante\/\" \/>\n<meta property=\"og:locale\" content=\"es_ES\" \/>\n<meta property=\"og:type\" content=\"article\" \/>\n<meta property=\"og:title\" content=\"Conjunto de Anillos de Novia de Cuarzo Rutilado Hexagonal Negro y Diamante - Aurelius Jewelry\" \/>\n<meta property=\"og:description\" content=\"%\" \/>\n<meta property=\"og:url\" content=\"https:\/\/aureliusjewelry.com\/es\/product\/conjunto-de-anillos-de-novia-de-cuarzo-rutilado-hexagonal-negro-y-diamante\/\" \/>\n<meta property=\"og:site_name\" content=\"Aurelius Jewelry\" \/>\n<meta property=\"article:publisher\" content=\"https:\/\/www.facebook.com\/AureliusJewelry\/\" \/>\n<meta property=\"article:modified_time\" content=\"2026-04-14T04:52:24+00:00\" \/>\n<meta property=\"og:image\" content=\"https:\/\/aureliusjewelry.com\/wp-content\/uploads\/oro-rosa-hexagono-rutilado-cuarzo-conjunto-de-anillos.jpg\" \/>\n\t<meta property=\"og:image:width\" content=\"1920\" \/>\n\t<meta property=\"og:image:height\" content=\"1440\" \/>\n\t<meta property=\"og:image:type\" content=\"image\/jpeg\" \/>\n<meta name=\"twitter:card\" content=\"summary_large_image\" \/>\n<meta name=\"twitter:site\" content=\"@AureliusJewelry\" \/>\n<script type=\"application\/ld+json\" class=\"yoast-schema-graph\">{\"@context\":\"https:\\\/\\\/schema.org\",\"@graph\":[{\"@type\":\"WebPage\",\"@id\":\"https:\\\/\\\/aureliusjewelry.com\\\/es\\\/product\\\/conjunto-de-anillos-de-novia-de-cuarzo-rutilado-hexagonal-negro-y-diamante\\\/\",\"url\":\"https:\\\/\\\/aureliusjewelry.com\\\/es\\\/product\\\/conjunto-de-anillos-de-novia-de-cuarzo-rutilado-hexagonal-negro-y-diamante\\\/\",\"name\":\"Conjunto de Anillos de Novia de Cuarzo Rutilado Hexagonal Negro y Diamante - Aurelius Jewelry\",\"isPartOf\":{\"@id\":\"https:\\\/\\\/aureliusjewelry.com\\\/es\\\/#website\"},\"primaryImageOfPage\":{\"@id\":\"https:\\\/\\\/aureliusjewelry.com\\\/es\\\/product\\\/conjunto-de-anillos-de-novia-de-cuarzo-rutilado-hexagonal-negro-y-diamante\\\/#primaryimage\"},\"image\":{\"@id\":\"https:\\\/\\\/aureliusjewelry.com\\\/es\\\/product\\\/conjunto-de-anillos-de-novia-de-cuarzo-rutilado-hexagonal-negro-y-diamante\\\/#primaryimage\"},\"thumbnailUrl\":\"https:\\\/\\\/aureliusjewelry.com\\\/wp-content\\\/uploads\\\/oro-rosa-hexagono-rutilado-cuarzo-conjunto-de-anillos.jpg\",\"datePublished\":\"2021-02-01T22:47:24+00:00\",\"dateModified\":\"2026-04-14T04:52:24+00:00\",\"breadcrumb\":{\"@id\":\"https:\\\/\\\/aureliusjewelry.com\\\/es\\\/product\\\/conjunto-de-anillos-de-novia-de-cuarzo-rutilado-hexagonal-negro-y-diamante\\\/#breadcrumb\"},\"inLanguage\":\"es\",\"potentialAction\":[{\"@type\":\"ReadAction\",\"target\":[\"https:\\\/\\\/aureliusjewelry.com\\\/es\\\/product\\\/conjunto-de-anillos-de-novia-de-cuarzo-rutilado-hexagonal-negro-y-diamante\\\/\"]}]},{\"@type\":\"ImageObject\",\"inLanguage\":\"es\",\"@id\":\"https:\\\/\\\/aureliusjewelry.com\\\/es\\\/product\\\/conjunto-de-anillos-de-novia-de-cuarzo-rutilado-hexagonal-negro-y-diamante\\\/#primaryimage\",\"url\":\"https:\\\/\\\/aureliusjewelry.com\\\/wp-content\\\/uploads\\\/oro-rosa-hexagono-rutilado-cuarzo-conjunto-de-anillos.jpg\",\"contentUrl\":\"https:\\\/\\\/aureliusjewelry.com\\\/wp-content\\\/uploads\\\/oro-rosa-hexagono-rutilado-cuarzo-conjunto-de-anillos.jpg\",\"width\":1920,\"height\":1440,\"caption\":\"oro rosa hex\u00e1gono rutilado cuarzo conjunto de anillos\"},{\"@type\":\"BreadcrumbList\",\"@id\":\"https:\\\/\\\/aureliusjewelry.com\\\/es\\\/product\\\/conjunto-de-anillos-de-novia-de-cuarzo-rutilado-hexagonal-negro-y-diamante\\\/#breadcrumb\",\"itemListElement\":[{\"@type\":\"ListItem\",\"position\":1,\"name\":\"Home\",\"item\":\"https:\\\/\\\/aureliusjewelry.com\\\/es\\\/\"},{\"@type\":\"ListItem\",\"position\":2,\"name\":\"Shop\",\"item\":\"https:\\\/\\\/aureliusjewelry.com\\\/shop\\\/\"},{\"@type\":\"ListItem\",\"position\":3,\"name\":\"Conjunto de Anillos de Novia de Cuarzo Rutilado Hexagonal Negro y Diamante\"}]},{\"@type\":\"WebSite\",\"@id\":\"https:\\\/\\\/aureliusjewelry.com\\\/es\\\/#website\",\"url\":\"https:\\\/\\\/aureliusjewelry.com\\\/es\\\/\",\"name\":\"Aurelius Jewelry\",\"description\":\"Handmade Fine Gold Jewelry\",\"publisher\":{\"@id\":\"https:\\\/\\\/aureliusjewelry.com\\\/es\\\/#organization\"},\"potentialAction\":[{\"@type\":\"SearchAction\",\"target\":{\"@type\":\"EntryPoint\",\"urlTemplate\":\"https:\\\/\\\/aureliusjewelry.com\\\/es\\\/?s={search_term_string}\"},\"query-input\":{\"@type\":\"PropertyValueSpecification\",\"valueRequired\":true,\"valueName\":\"search_term_string\"}}],\"inLanguage\":\"es\"},{\"@type\":\"Organization\",\"@id\":\"https:\\\/\\\/aureliusjewelry.com\\\/es\\\/#organization\",\"name\":\"Aurelius Jewelry\",\"url\":\"https:\\\/\\\/aureliusjewelry.com\\\/es\\\/\",\"logo\":{\"@type\":\"ImageObject\",\"inLanguage\":\"es\",\"@id\":\"https:\\\/\\\/aureliusjewelry.com\\\/es\\\/#\\\/schema\\\/logo\\\/image\\\/\",\"url\":\"https:\\\/\\\/aureliusjewelry.com\\\/wp-content\\\/uploads\\\/logo.png\",\"contentUrl\":\"https:\\\/\\\/aureliusjewelry.com\\\/wp-content\\\/uploads\\\/logo.png\",\"width\":400,\"height\":64,\"caption\":\"Aurelius Jewelry\"},\"image\":{\"@id\":\"https:\\\/\\\/aureliusjewelry.com\\\/es\\\/#\\\/schema\\\/logo\\\/image\\\/\"},\"sameAs\":[\"https:\\\/\\\/www.facebook.com\\\/AureliusJewelry\\\/\",\"https:\\\/\\\/x.com\\\/AureliusJewelry\",\"https:\\\/\\\/instagram.com\\\/aureliusjewelry\",\"https:\\\/\\\/www.pinterest.com\\\/AureliusJewelry\\\/\"],\"email\":\"info@aureliusjewelry.com\",\"foundingDate\":\"2018-10-01\",\"vatID\":\"SI10391070\",\"hasMerchantReturnPolicy\":{\"@type\":\"MerchantReturnPolicy\",\"merchantReturnLink\":\"https:\\\/\\\/aureliusjewelry.com\\\/our-policies\\\/terms-conditions\\\/\"}}]}<\/script>\n<meta property=\"og:availability\" content=\"backorder\" \/>\n<meta property=\"product:availability\" content=\"available for order\" \/>\n<meta property=\"product:retailer_item_id\" content=\"18036\" \/>\n<meta property=\"product:condition\" content=\"new\" \/>","yoast_head_json":{"title":"Conjunto de Anillos de Novia de Cuarzo Rutilado Hexagonal Negro y Diamante - Aurelius Jewelry","robots":{"index":"index","follow":"follow","max-snippet":"max-snippet:-1","max-image-preview":"max-image-preview:large","max-video-preview":"max-video-preview:-1"},"canonical":"https:\/\/aureliusjewelry.com\/es\/product\/conjunto-de-anillos-de-novia-de-cuarzo-rutilado-hexagonal-negro-y-diamante\/","og_locale":"es_ES","og_type":"article","og_title":"Conjunto de Anillos de Novia de Cuarzo Rutilado Hexagonal Negro y Diamante - Aurelius Jewelry","og_description":"%","og_url":"https:\/\/aureliusjewelry.com\/es\/product\/conjunto-de-anillos-de-novia-de-cuarzo-rutilado-hexagonal-negro-y-diamante\/","og_site_name":"Aurelius Jewelry","article_publisher":"https:\/\/www.facebook.com\/AureliusJewelry\/","article_modified_time":"2026-04-14T04:52:24+00:00","og_image":[{"width":1920,"height":1440,"url":"https:\/\/aureliusjewelry.com\/wp-content\/uploads\/oro-rosa-hexagono-rutilado-cuarzo-conjunto-de-anillos.jpg","type":"image\/jpeg"}],"twitter_card":"summary_large_image","twitter_site":"@AureliusJewelry","schema":{"@context":"https:\/\/schema.org","@graph":[{"@type":"WebPage","@id":"https:\/\/aureliusjewelry.com\/es\/product\/conjunto-de-anillos-de-novia-de-cuarzo-rutilado-hexagonal-negro-y-diamante\/","url":"https:\/\/aureliusjewelry.com\/es\/product\/conjunto-de-anillos-de-novia-de-cuarzo-rutilado-hexagonal-negro-y-diamante\/","name":"Conjunto de Anillos de Novia de Cuarzo Rutilado Hexagonal Negro y Diamante - Aurelius Jewelry","isPartOf":{"@id":"https:\/\/aureliusjewelry.com\/es\/#website"},"primaryImageOfPage":{"@id":"https:\/\/aureliusjewelry.com\/es\/product\/conjunto-de-anillos-de-novia-de-cuarzo-rutilado-hexagonal-negro-y-diamante\/#primaryimage"},"image":{"@id":"https:\/\/aureliusjewelry.com\/es\/product\/conjunto-de-anillos-de-novia-de-cuarzo-rutilado-hexagonal-negro-y-diamante\/#primaryimage"},"thumbnailUrl":"https:\/\/aureliusjewelry.com\/wp-content\/uploads\/oro-rosa-hexagono-rutilado-cuarzo-conjunto-de-anillos.jpg","datePublished":"2021-02-01T22:47:24+00:00","dateModified":"2026-04-14T04:52:24+00:00","breadcrumb":{"@id":"https:\/\/aureliusjewelry.com\/es\/product\/conjunto-de-anillos-de-novia-de-cuarzo-rutilado-hexagonal-negro-y-diamante\/#breadcrumb"},"inLanguage":"es","potentialAction":[{"@type":"ReadAction","target":["https:\/\/aureliusjewelry.com\/es\/product\/conjunto-de-anillos-de-novia-de-cuarzo-rutilado-hexagonal-negro-y-diamante\/"]}]},{"@type":"ImageObject","inLanguage":"es","@id":"https:\/\/aureliusjewelry.com\/es\/product\/conjunto-de-anillos-de-novia-de-cuarzo-rutilado-hexagonal-negro-y-diamante\/#primaryimage","url":"https:\/\/aureliusjewelry.com\/wp-content\/uploads\/oro-rosa-hexagono-rutilado-cuarzo-conjunto-de-anillos.jpg","contentUrl":"https:\/\/aureliusjewelry.com\/wp-content\/uploads\/oro-rosa-hexagono-rutilado-cuarzo-conjunto-de-anillos.jpg","width":1920,"height":1440,"caption":"oro rosa hex\u00e1gono rutilado cuarzo conjunto de anillos"},{"@type":"BreadcrumbList","@id":"https:\/\/aureliusjewelry.com\/es\/product\/conjunto-de-anillos-de-novia-de-cuarzo-rutilado-hexagonal-negro-y-diamante\/#breadcrumb","itemListElement":[{"@type":"ListItem","position":1,"name":"Home","item":"https:\/\/aureliusjewelry.com\/es\/"},{"@type":"ListItem","position":2,"name":"Shop","item":"https:\/\/aureliusjewelry.com\/shop\/"},{"@type":"ListItem","position":3,"name":"Conjunto de Anillos de Novia de Cuarzo Rutilado Hexagonal Negro y Diamante"}]},{"@type":"WebSite","@id":"https:\/\/aureliusjewelry.com\/es\/#website","url":"https:\/\/aureliusjewelry.com\/es\/","name":"Aurelius Jewelry","description":"Handmade Fine Gold Jewelry","publisher":{"@id":"https:\/\/aureliusjewelry.com\/es\/#organization"},"potentialAction":[{"@type":"SearchAction","target":{"@type":"EntryPoint","urlTemplate":"https:\/\/aureliusjewelry.com\/es\/?s={search_term_string}"},"query-input":{"@type":"PropertyValueSpecification","valueRequired":true,"valueName":"search_term_string"}}],"inLanguage":"es"},{"@type":"Organization","@id":"https:\/\/aureliusjewelry.com\/es\/#organization","name":"Aurelius Jewelry","url":"https:\/\/aureliusjewelry.com\/es\/","logo":{"@type":"ImageObject","inLanguage":"es","@id":"https:\/\/aureliusjewelry.com\/es\/#\/schema\/logo\/image\/","url":"https:\/\/aureliusjewelry.com\/wp-content\/uploads\/logo.png","contentUrl":"https:\/\/aureliusjewelry.com\/wp-content\/uploads\/logo.png","width":400,"height":64,"caption":"Aurelius Jewelry"},"image":{"@id":"https:\/\/aureliusjewelry.com\/es\/#\/schema\/logo\/image\/"},"sameAs":["https:\/\/www.facebook.com\/AureliusJewelry\/","https:\/\/x.com\/AureliusJewelry","https:\/\/instagram.com\/aureliusjewelry","https:\/\/www.pinterest.com\/AureliusJewelry\/"],"email":"info@aureliusjewelry.com","foundingDate":"2018-10-01","vatID":"SI10391070","hasMerchantReturnPolicy":{"@type":"MerchantReturnPolicy","merchantReturnLink":"https:\/\/aureliusjewelry.com\/our-policies\/terms-conditions\/"}}]},"og_availability":"backorder","product_availability":"available for order","product_retailer_item_id":"18036","product_condition":"new"},"_links":{"self":[{"href":"https:\/\/aureliusjewelry.com\/es\/wp-json\/wp\/v2\/product\/20415","targetHints":{"allow":["GET"]}}],"collection":[{"href":"https:\/\/aureliusjewelry.com\/es\/wp-json\/wp\/v2\/product"}],"about":[{"href":"https:\/\/aureliusjewelry.com\/es\/wp-json\/wp\/v2\/types\/product"}],"replies":[{"embeddable":true,"href":"https:\/\/aureliusjewelry.com\/es\/wp-json\/wp\/v2\/comments?post=20415"}],"wp:featuredmedia":[{"embeddable":true,"href":"https:\/\/aureliusjewelry.com\/es\/wp-json\/wp\/v2\/media\/18048"}],"wp:attachment":[{"href":"https:\/\/aureliusjewelry.com\/es\/wp-json\/wp\/v2\/media?parent=20415"}],"wp:term":[{"taxonomy":"product_brand","embeddable":true,"href":"https:\/\/aureliusjewelry.com\/es\/wp-json\/wp\/v2\/product_brand?post=20415"},{"taxonomy":"product_cat","embeddable":true,"href":"https:\/\/aureliusjewelry.com\/es\/wp-json\/wp\/v2\/product_cat?post=20415"},{"taxonomy":"product_tag","embeddable":true,"href":"https:\/\/aureliusjewelry.com\/es\/wp-json\/wp\/v2\/product_tag?post=20415"}],"curies":[{"name":"wp","href":"https:\/\/api.w.org\/{rel}","templated":true}]}}