{"id":20399,"date":"2021-02-01T23:25:16","date_gmt":"2021-02-01T21:25:16","guid":{"rendered":"http:\/\/127.0.0.1\/product\/conjunto-de-anillos-de-labradorita-y-diamante-negro-cometa\/"},"modified":"2026-03-23T22:01:58","modified_gmt":"2026-03-23T20:01:58","slug":"conjunto-de-anillos-de-labradorita-y-diamante-negro-cometa","status":"publish","type":"product","link":"https:\/\/aureliusjewelry.com\/es\/product\/conjunto-de-anillos-de-labradorita-y-diamante-negro-cometa\/","title":{"rendered":"Conjunto de Anillos de Labradorita y Diamante Negro Cometa"},"content":{"rendered":"<p><strong>Anillo de Compromiso<\/strong><br \/>\n&#8211; labradorita cometa<br \/>\n&#8211; aprox. 13x8xm<\/p>\n<p><strong>Alianza de boda<\/strong><br \/>\n&#8211; diamante negro marquesa talla rosa<br \/>\n&#8211; aprox. 4x2mm<br \/>\n&#8211; round blue diamantes<br \/>\n&#8211; aprox. 1.5mm (2)<\/p>\n<p><strong>Mediciones y Material de la Alianza<\/strong><br \/>\n&#8211; 1.5 mm de ancho, 1.6 mm de espesor<br \/>\n&#8211; disponible en oro amarillo, blanco o rosa de 585\/1000 (14k) o 750\/1000 (18k) y platino 950\/1000<br \/>\n&#8211; tama\u00f1o de anillo de EE. UU. 3-9, tama\u00f1os m\u00e1s peque\u00f1os o m\u00e1s grandes disponibles por solicitud<\/p>\n","protected":false},"excerpt":{"rendered":"<p>La labradorita crea un deslumbrante fen\u00f3meno \u00f3ptico de un brillo entre el verde azulado y el azul profundo que resplandece en la luz. Es conocida como una piedra de transformaci\u00f3n y fuerza interior. La piedra de labradorita de nuestro anillo de compromiso de cometa est\u00e1 engastada en un bisel protector para que sea c\u00f3moda de llevar. Es combinada con una alianza de boda de diamante negro y azul en forma de V, creando un conjunto de anillos moderno y sofisticado.<\/p>\n","protected":false},"featured_media":17992,"comment_status":"open","ping_status":"closed","template":"","meta":[],"product_brand":[],"product_cat":[1580,535,518,472,480],"product_tag":[1193,1251,1197,736,735],"class_list":{"0":"post-20399","1":"product","2":"type-product","3":"status-publish","4":"has-post-thumbnail","6":"product_cat-anillo-de-bodas-de-dos-piezas","7":"product_cat-anillos","8":"product_cat-conjuntos-de-anillos-de-boda","9":"product_cat-contemporaneo","10":"product_cat-emparejado","11":"product_tag-cometa","12":"product_tag-juego-de-anillos","13":"product_tag-labradorita","14":"product_tag-production_time_3_5-es","15":"product_tag-rings-es-tag","17":"first","18":"onbackorder","19":"sold-individually","20":"taxable","21":"shipping-taxable","22":"purchasable","23":"product-type-variable"},"yoast_head":"<title>Conjunto de Anillos de Labradorita y Diamante Negro Cometa - Aurelius Jewelry<\/title>\n<meta name=\"robots\" content=\"index, follow, max-snippet:-1, max-image-preview:large, max-video-preview:-1\" \/>\n<link rel=\"canonical\" href=\"https:\/\/aureliusjewelry.com\/es\/product\/conjunto-de-anillos-de-labradorita-y-diamante-negro-cometa\/\" \/>\n<meta property=\"og:locale\" content=\"es_ES\" \/>\n<meta property=\"og:type\" content=\"article\" \/>\n<meta property=\"og:title\" content=\"Conjunto de Anillos de Labradorita y Diamante Negro Cometa - Aurelius Jewelry\" \/>\n<meta property=\"og:description\" content=\"%\" \/>\n<meta property=\"og:url\" content=\"https:\/\/aureliusjewelry.com\/es\/product\/conjunto-de-anillos-de-labradorita-y-diamante-negro-cometa\/\" \/>\n<meta property=\"og:site_name\" content=\"Aurelius Jewelry\" \/>\n<meta property=\"article:publisher\" content=\"https:\/\/www.facebook.com\/AureliusJewelry\/\" \/>\n<meta property=\"article:modified_time\" content=\"2026-03-23T20:01:58+00:00\" \/>\n<meta property=\"og:image\" content=\"https:\/\/aureliusjewelry.com\/wp-content\/uploads\/cometa-labradorita-conjunto-de-anillos-de-compromiso-oro-blanco.jpg\" \/>\n\t<meta property=\"og:image:width\" content=\"1920\" \/>\n\t<meta property=\"og:image:height\" content=\"1440\" \/>\n\t<meta property=\"og:image:type\" content=\"image\/jpeg\" \/>\n<meta name=\"twitter:card\" content=\"summary_large_image\" \/>\n<meta name=\"twitter:site\" content=\"@AureliusJewelry\" \/>\n<script type=\"application\/ld+json\" class=\"yoast-schema-graph\">{\"@context\":\"https:\\\/\\\/schema.org\",\"@graph\":[{\"@type\":\"WebPage\",\"@id\":\"https:\\\/\\\/aureliusjewelry.com\\\/es\\\/product\\\/conjunto-de-anillos-de-labradorita-y-diamante-negro-cometa\\\/\",\"url\":\"https:\\\/\\\/aureliusjewelry.com\\\/es\\\/product\\\/conjunto-de-anillos-de-labradorita-y-diamante-negro-cometa\\\/\",\"name\":\"Conjunto de Anillos de Labradorita y Diamante Negro Cometa - Aurelius Jewelry\",\"isPartOf\":{\"@id\":\"https:\\\/\\\/aureliusjewelry.com\\\/es\\\/#website\"},\"primaryImageOfPage\":{\"@id\":\"https:\\\/\\\/aureliusjewelry.com\\\/es\\\/product\\\/conjunto-de-anillos-de-labradorita-y-diamante-negro-cometa\\\/#primaryimage\"},\"image\":{\"@id\":\"https:\\\/\\\/aureliusjewelry.com\\\/es\\\/product\\\/conjunto-de-anillos-de-labradorita-y-diamante-negro-cometa\\\/#primaryimage\"},\"thumbnailUrl\":\"https:\\\/\\\/aureliusjewelry.com\\\/wp-content\\\/uploads\\\/cometa-labradorita-conjunto-de-anillos-de-compromiso-oro-blanco.jpg\",\"datePublished\":\"2021-02-01T21:25:16+00:00\",\"dateModified\":\"2026-03-23T20:01:58+00:00\",\"breadcrumb\":{\"@id\":\"https:\\\/\\\/aureliusjewelry.com\\\/es\\\/product\\\/conjunto-de-anillos-de-labradorita-y-diamante-negro-cometa\\\/#breadcrumb\"},\"inLanguage\":\"es\",\"potentialAction\":[{\"@type\":\"ReadAction\",\"target\":[\"https:\\\/\\\/aureliusjewelry.com\\\/es\\\/product\\\/conjunto-de-anillos-de-labradorita-y-diamante-negro-cometa\\\/\"]}]},{\"@type\":\"ImageObject\",\"inLanguage\":\"es\",\"@id\":\"https:\\\/\\\/aureliusjewelry.com\\\/es\\\/product\\\/conjunto-de-anillos-de-labradorita-y-diamante-negro-cometa\\\/#primaryimage\",\"url\":\"https:\\\/\\\/aureliusjewelry.com\\\/wp-content\\\/uploads\\\/cometa-labradorita-conjunto-de-anillos-de-compromiso-oro-blanco.jpg\",\"contentUrl\":\"https:\\\/\\\/aureliusjewelry.com\\\/wp-content\\\/uploads\\\/cometa-labradorita-conjunto-de-anillos-de-compromiso-oro-blanco.jpg\",\"width\":1920,\"height\":1440,\"caption\":\"cometa labradorita conjunto de anillos de compromiso oro blanco\"},{\"@type\":\"BreadcrumbList\",\"@id\":\"https:\\\/\\\/aureliusjewelry.com\\\/es\\\/product\\\/conjunto-de-anillos-de-labradorita-y-diamante-negro-cometa\\\/#breadcrumb\",\"itemListElement\":[{\"@type\":\"ListItem\",\"position\":1,\"name\":\"Home\",\"item\":\"https:\\\/\\\/aureliusjewelry.com\\\/es\\\/\"},{\"@type\":\"ListItem\",\"position\":2,\"name\":\"Shop\",\"item\":\"https:\\\/\\\/aureliusjewelry.com\\\/shop\\\/\"},{\"@type\":\"ListItem\",\"position\":3,\"name\":\"Conjunto de Anillos de Labradorita y Diamante Negro Cometa\"}]},{\"@type\":\"WebSite\",\"@id\":\"https:\\\/\\\/aureliusjewelry.com\\\/es\\\/#website\",\"url\":\"https:\\\/\\\/aureliusjewelry.com\\\/es\\\/\",\"name\":\"Aurelius Jewelry\",\"description\":\"Handmade Fine Gold Jewelry\",\"publisher\":{\"@id\":\"https:\\\/\\\/aureliusjewelry.com\\\/es\\\/#organization\"},\"potentialAction\":[{\"@type\":\"SearchAction\",\"target\":{\"@type\":\"EntryPoint\",\"urlTemplate\":\"https:\\\/\\\/aureliusjewelry.com\\\/es\\\/?s={search_term_string}\"},\"query-input\":{\"@type\":\"PropertyValueSpecification\",\"valueRequired\":true,\"valueName\":\"search_term_string\"}}],\"inLanguage\":\"es\"},{\"@type\":\"Organization\",\"@id\":\"https:\\\/\\\/aureliusjewelry.com\\\/es\\\/#organization\",\"name\":\"Aurelius Jewelry\",\"url\":\"https:\\\/\\\/aureliusjewelry.com\\\/es\\\/\",\"logo\":{\"@type\":\"ImageObject\",\"inLanguage\":\"es\",\"@id\":\"https:\\\/\\\/aureliusjewelry.com\\\/es\\\/#\\\/schema\\\/logo\\\/image\\\/\",\"url\":\"https:\\\/\\\/aureliusjewelry.com\\\/wp-content\\\/uploads\\\/logo.png\",\"contentUrl\":\"https:\\\/\\\/aureliusjewelry.com\\\/wp-content\\\/uploads\\\/logo.png\",\"width\":400,\"height\":64,\"caption\":\"Aurelius Jewelry\"},\"image\":{\"@id\":\"https:\\\/\\\/aureliusjewelry.com\\\/es\\\/#\\\/schema\\\/logo\\\/image\\\/\"},\"sameAs\":[\"https:\\\/\\\/www.facebook.com\\\/AureliusJewelry\\\/\",\"https:\\\/\\\/x.com\\\/AureliusJewelry\",\"https:\\\/\\\/instagram.com\\\/aureliusjewelry\",\"https:\\\/\\\/www.pinterest.com\\\/AureliusJewelry\\\/\"],\"email\":\"info@aureliusjewelry.com\",\"foundingDate\":\"2018-10-01\",\"vatID\":\"SI10391070\",\"hasMerchantReturnPolicy\":{\"@type\":\"MerchantReturnPolicy\",\"merchantReturnLink\":\"https:\\\/\\\/aureliusjewelry.com\\\/our-policies\\\/terms-conditions\\\/\"}}]}<\/script>\n<meta property=\"og:availability\" content=\"backorder\" \/>\n<meta property=\"product:availability\" content=\"available for order\" \/>\n<meta property=\"product:retailer_item_id\" content=\"17980\" \/>\n<meta property=\"product:condition\" content=\"new\" \/>","yoast_head_json":{"title":"Conjunto de Anillos de Labradorita y Diamante Negro Cometa - Aurelius Jewelry","robots":{"index":"index","follow":"follow","max-snippet":"max-snippet:-1","max-image-preview":"max-image-preview:large","max-video-preview":"max-video-preview:-1"},"canonical":"https:\/\/aureliusjewelry.com\/es\/product\/conjunto-de-anillos-de-labradorita-y-diamante-negro-cometa\/","og_locale":"es_ES","og_type":"article","og_title":"Conjunto de Anillos de Labradorita y Diamante Negro Cometa - Aurelius Jewelry","og_description":"%","og_url":"https:\/\/aureliusjewelry.com\/es\/product\/conjunto-de-anillos-de-labradorita-y-diamante-negro-cometa\/","og_site_name":"Aurelius Jewelry","article_publisher":"https:\/\/www.facebook.com\/AureliusJewelry\/","article_modified_time":"2026-03-23T20:01:58+00:00","og_image":[{"width":1920,"height":1440,"url":"https:\/\/aureliusjewelry.com\/wp-content\/uploads\/cometa-labradorita-conjunto-de-anillos-de-compromiso-oro-blanco.jpg","type":"image\/jpeg"}],"twitter_card":"summary_large_image","twitter_site":"@AureliusJewelry","schema":{"@context":"https:\/\/schema.org","@graph":[{"@type":"WebPage","@id":"https:\/\/aureliusjewelry.com\/es\/product\/conjunto-de-anillos-de-labradorita-y-diamante-negro-cometa\/","url":"https:\/\/aureliusjewelry.com\/es\/product\/conjunto-de-anillos-de-labradorita-y-diamante-negro-cometa\/","name":"Conjunto de Anillos de Labradorita y Diamante Negro Cometa - Aurelius Jewelry","isPartOf":{"@id":"https:\/\/aureliusjewelry.com\/es\/#website"},"primaryImageOfPage":{"@id":"https:\/\/aureliusjewelry.com\/es\/product\/conjunto-de-anillos-de-labradorita-y-diamante-negro-cometa\/#primaryimage"},"image":{"@id":"https:\/\/aureliusjewelry.com\/es\/product\/conjunto-de-anillos-de-labradorita-y-diamante-negro-cometa\/#primaryimage"},"thumbnailUrl":"https:\/\/aureliusjewelry.com\/wp-content\/uploads\/cometa-labradorita-conjunto-de-anillos-de-compromiso-oro-blanco.jpg","datePublished":"2021-02-01T21:25:16+00:00","dateModified":"2026-03-23T20:01:58+00:00","breadcrumb":{"@id":"https:\/\/aureliusjewelry.com\/es\/product\/conjunto-de-anillos-de-labradorita-y-diamante-negro-cometa\/#breadcrumb"},"inLanguage":"es","potentialAction":[{"@type":"ReadAction","target":["https:\/\/aureliusjewelry.com\/es\/product\/conjunto-de-anillos-de-labradorita-y-diamante-negro-cometa\/"]}]},{"@type":"ImageObject","inLanguage":"es","@id":"https:\/\/aureliusjewelry.com\/es\/product\/conjunto-de-anillos-de-labradorita-y-diamante-negro-cometa\/#primaryimage","url":"https:\/\/aureliusjewelry.com\/wp-content\/uploads\/cometa-labradorita-conjunto-de-anillos-de-compromiso-oro-blanco.jpg","contentUrl":"https:\/\/aureliusjewelry.com\/wp-content\/uploads\/cometa-labradorita-conjunto-de-anillos-de-compromiso-oro-blanco.jpg","width":1920,"height":1440,"caption":"cometa labradorita conjunto de anillos de compromiso oro blanco"},{"@type":"BreadcrumbList","@id":"https:\/\/aureliusjewelry.com\/es\/product\/conjunto-de-anillos-de-labradorita-y-diamante-negro-cometa\/#breadcrumb","itemListElement":[{"@type":"ListItem","position":1,"name":"Home","item":"https:\/\/aureliusjewelry.com\/es\/"},{"@type":"ListItem","position":2,"name":"Shop","item":"https:\/\/aureliusjewelry.com\/shop\/"},{"@type":"ListItem","position":3,"name":"Conjunto de Anillos de Labradorita y Diamante Negro Cometa"}]},{"@type":"WebSite","@id":"https:\/\/aureliusjewelry.com\/es\/#website","url":"https:\/\/aureliusjewelry.com\/es\/","name":"Aurelius Jewelry","description":"Handmade Fine Gold Jewelry","publisher":{"@id":"https:\/\/aureliusjewelry.com\/es\/#organization"},"potentialAction":[{"@type":"SearchAction","target":{"@type":"EntryPoint","urlTemplate":"https:\/\/aureliusjewelry.com\/es\/?s={search_term_string}"},"query-input":{"@type":"PropertyValueSpecification","valueRequired":true,"valueName":"search_term_string"}}],"inLanguage":"es"},{"@type":"Organization","@id":"https:\/\/aureliusjewelry.com\/es\/#organization","name":"Aurelius Jewelry","url":"https:\/\/aureliusjewelry.com\/es\/","logo":{"@type":"ImageObject","inLanguage":"es","@id":"https:\/\/aureliusjewelry.com\/es\/#\/schema\/logo\/image\/","url":"https:\/\/aureliusjewelry.com\/wp-content\/uploads\/logo.png","contentUrl":"https:\/\/aureliusjewelry.com\/wp-content\/uploads\/logo.png","width":400,"height":64,"caption":"Aurelius Jewelry"},"image":{"@id":"https:\/\/aureliusjewelry.com\/es\/#\/schema\/logo\/image\/"},"sameAs":["https:\/\/www.facebook.com\/AureliusJewelry\/","https:\/\/x.com\/AureliusJewelry","https:\/\/instagram.com\/aureliusjewelry","https:\/\/www.pinterest.com\/AureliusJewelry\/"],"email":"info@aureliusjewelry.com","foundingDate":"2018-10-01","vatID":"SI10391070","hasMerchantReturnPolicy":{"@type":"MerchantReturnPolicy","merchantReturnLink":"https:\/\/aureliusjewelry.com\/our-policies\/terms-conditions\/"}}]},"og_availability":"backorder","product_availability":"available for order","product_retailer_item_id":"17980","product_condition":"new"},"_links":{"self":[{"href":"https:\/\/aureliusjewelry.com\/es\/wp-json\/wp\/v2\/product\/20399","targetHints":{"allow":["GET"]}}],"collection":[{"href":"https:\/\/aureliusjewelry.com\/es\/wp-json\/wp\/v2\/product"}],"about":[{"href":"https:\/\/aureliusjewelry.com\/es\/wp-json\/wp\/v2\/types\/product"}],"replies":[{"embeddable":true,"href":"https:\/\/aureliusjewelry.com\/es\/wp-json\/wp\/v2\/comments?post=20399"}],"wp:featuredmedia":[{"embeddable":true,"href":"https:\/\/aureliusjewelry.com\/es\/wp-json\/wp\/v2\/media\/17992"}],"wp:attachment":[{"href":"https:\/\/aureliusjewelry.com\/es\/wp-json\/wp\/v2\/media?parent=20399"}],"wp:term":[{"taxonomy":"product_brand","embeddable":true,"href":"https:\/\/aureliusjewelry.com\/es\/wp-json\/wp\/v2\/product_brand?post=20399"},{"taxonomy":"product_cat","embeddable":true,"href":"https:\/\/aureliusjewelry.com\/es\/wp-json\/wp\/v2\/product_cat?post=20399"},{"taxonomy":"product_tag","embeddable":true,"href":"https:\/\/aureliusjewelry.com\/es\/wp-json\/wp\/v2\/product_tag?post=20399"}],"curies":[{"name":"wp","href":"https:\/\/api.w.org\/{rel}","templated":true}]}}