{"id":20383,"date":"2021-02-01T23:07:42","date_gmt":"2021-02-01T21:07:42","guid":{"rendered":"http:\/\/127.0.0.1\/product\/conjunto-de-anillo-de-compromiso-de-turmalina-rosa-engarzado-en-bisel-y-alianza-de-boda-de-zafiro\/"},"modified":"2026-03-23T22:03:41","modified_gmt":"2026-03-23T20:03:41","slug":"conjunto-de-anillo-de-compromiso-de-turmalina-rosa-engarzado-en-bisel-y-alianza-de-boda-de-zafiro","status":"publish","type":"product","link":"https:\/\/aureliusjewelry.com\/es\/product\/conjunto-de-anillo-de-compromiso-de-turmalina-rosa-engarzado-en-bisel-y-alianza-de-boda-de-zafiro\/","title":{"rendered":"Conjunto de Anillo de Compromiso de Turmalina Rosa Engarzado en Bisel y Alianza de Boda de Zafiro"},"content":{"rendered":"<p><strong>Anillo de Compromiso<\/strong><br \/>\n\u2013 turmalina rosa cometa<br \/>\n\u2013 aprox. 9x7mm<\/p>\n<p><strong>Alianza de boda<\/strong><br \/>\n\u2013 granate rombos<br \/>\n\u2013 aprox. 4\u00d72.5mm<\/p>\n<p>\u2013 zafiros redondos naranja y amarillo<br \/>\n\u2013 aprox. 1.25mm (4)<\/p>\n<p>\u2013 diamantes redondos<br \/>\n\u2013 aprox. 1.25mm (2)<br \/>\n\u2013 color F\/G, claridad VS, sin conflictos<\/p>\n<p><strong>Mediciones y Material de la Alianza<\/strong><br \/>\n\u2013 1.5 mm de ancho, 1.6 mm de espesor (<strong>Alianza de boda<\/strong>)<br \/>\n\u2013 aprox. 2mm de ancho, 1.6mm de espesor(<strong>Anillo de Compromiso<\/strong>)<br \/>\n\u2013 disponible en oro amarillo, blanco o rosa de 585\/1000 (14k) o 750\/1000 (18k) y platino 950\/1000<br \/>\n\u2013 tama\u00f1o de anillo de EE. UU. 3-9, tama\u00f1os m\u00e1s peque\u00f1os o m\u00e1s grandes disponibles por solicitud<\/p>\n","protected":false},"excerpt":{"rendered":"<p>La turmalina rosa puede variar en tonos desde el rosa claro p\u00e1lido, hasta el rosa intenso brillante. Adem\u00e1s de ser una de las piedras de nacimiento de octubre, tambi\u00e9n es una piedra de amor y curaci\u00f3n. Esta turmalina rosa viva en forma de cometa est\u00e1 engastada en un bisel para que sea c\u00f3moda de llevar y la alianza retorcida le da un toque caprichoso. La hemos combinado con una alianza de boda de zafiro y Escarlata cometa. Juntos, los anillos forman un conjunto de anillos de novia perfecto para una mujer femenina y rom\u00e1ntica que se ve muy bien en rosa.<\/p>\n","protected":false},"featured_media":17916,"comment_status":"open","ping_status":"closed","template":"","meta":[],"product_brand":[],"product_cat":[1580,535,518,472,480],"product_tag":[1193,736,735,1279],"class_list":{"0":"post-20383","1":"product","2":"type-product","3":"status-publish","4":"has-post-thumbnail","6":"product_cat-anillo-de-bodas-de-dos-piezas","7":"product_cat-anillos","8":"product_cat-conjuntos-de-anillos-de-boda","9":"product_cat-contemporaneo","10":"product_cat-emparejado","11":"product_tag-cometa","12":"product_tag-production_time_3_5-es","13":"product_tag-rings-es-tag","14":"product_tag-turmalina","16":"first","17":"onbackorder","18":"sold-individually","19":"taxable","20":"shipping-taxable","21":"purchasable","22":"product-type-variable"},"yoast_head":"<title>Conjunto de Anillo de Compromiso de Turmalina Rosa Engarzado en Bisel y Alianza de Boda de Zafiro - Aurelius Jewelry<\/title>\n<meta name=\"robots\" content=\"index, follow, max-snippet:-1, max-image-preview:large, max-video-preview:-1\" \/>\n<link rel=\"canonical\" href=\"https:\/\/aureliusjewelry.com\/es\/product\/conjunto-de-anillo-de-compromiso-de-turmalina-rosa-engarzado-en-bisel-y-alianza-de-boda-de-zafiro\/\" \/>\n<meta property=\"og:locale\" content=\"es_ES\" \/>\n<meta property=\"og:type\" content=\"article\" \/>\n<meta property=\"og:title\" content=\"Conjunto de Anillo de Compromiso de Turmalina Rosa Engarzado en Bisel y Alianza de Boda de Zafiro - Aurelius Jewelry\" \/>\n<meta property=\"og:description\" content=\"%\" \/>\n<meta property=\"og:url\" content=\"https:\/\/aureliusjewelry.com\/es\/product\/conjunto-de-anillo-de-compromiso-de-turmalina-rosa-engarzado-en-bisel-y-alianza-de-boda-de-zafiro\/\" \/>\n<meta property=\"og:site_name\" content=\"Aurelius Jewelry\" \/>\n<meta property=\"article:publisher\" content=\"https:\/\/www.facebook.com\/AureliusJewelry\/\" \/>\n<meta property=\"article:modified_time\" content=\"2026-03-23T20:03:41+00:00\" \/>\n<meta property=\"og:image\" content=\"https:\/\/aureliusjewelry.com\/wp-content\/uploads\/bisel-rosa-turmalina-conjunto-de-anillos-de-compromiso-parte-delantera.jpg\" \/>\n\t<meta property=\"og:image:width\" content=\"1920\" \/>\n\t<meta property=\"og:image:height\" content=\"1440\" \/>\n\t<meta property=\"og:image:type\" content=\"image\/jpeg\" \/>\n<meta name=\"twitter:card\" content=\"summary_large_image\" \/>\n<meta name=\"twitter:site\" content=\"@AureliusJewelry\" \/>\n<script type=\"application\/ld+json\" class=\"yoast-schema-graph\">{\"@context\":\"https:\\\/\\\/schema.org\",\"@graph\":[{\"@type\":\"WebPage\",\"@id\":\"https:\\\/\\\/aureliusjewelry.com\\\/es\\\/product\\\/conjunto-de-anillo-de-compromiso-de-turmalina-rosa-engarzado-en-bisel-y-alianza-de-boda-de-zafiro\\\/\",\"url\":\"https:\\\/\\\/aureliusjewelry.com\\\/es\\\/product\\\/conjunto-de-anillo-de-compromiso-de-turmalina-rosa-engarzado-en-bisel-y-alianza-de-boda-de-zafiro\\\/\",\"name\":\"Conjunto de Anillo de Compromiso de Turmalina Rosa Engarzado en Bisel y Alianza de Boda de Zafiro - Aurelius Jewelry\",\"isPartOf\":{\"@id\":\"https:\\\/\\\/aureliusjewelry.com\\\/es\\\/#website\"},\"primaryImageOfPage\":{\"@id\":\"https:\\\/\\\/aureliusjewelry.com\\\/es\\\/product\\\/conjunto-de-anillo-de-compromiso-de-turmalina-rosa-engarzado-en-bisel-y-alianza-de-boda-de-zafiro\\\/#primaryimage\"},\"image\":{\"@id\":\"https:\\\/\\\/aureliusjewelry.com\\\/es\\\/product\\\/conjunto-de-anillo-de-compromiso-de-turmalina-rosa-engarzado-en-bisel-y-alianza-de-boda-de-zafiro\\\/#primaryimage\"},\"thumbnailUrl\":\"https:\\\/\\\/aureliusjewelry.com\\\/wp-content\\\/uploads\\\/bisel-rosa-turmalina-conjunto-de-anillos-de-compromiso-parte-delantera.jpg\",\"datePublished\":\"2021-02-01T21:07:42+00:00\",\"dateModified\":\"2026-03-23T20:03:41+00:00\",\"breadcrumb\":{\"@id\":\"https:\\\/\\\/aureliusjewelry.com\\\/es\\\/product\\\/conjunto-de-anillo-de-compromiso-de-turmalina-rosa-engarzado-en-bisel-y-alianza-de-boda-de-zafiro\\\/#breadcrumb\"},\"inLanguage\":\"es\",\"potentialAction\":[{\"@type\":\"ReadAction\",\"target\":[\"https:\\\/\\\/aureliusjewelry.com\\\/es\\\/product\\\/conjunto-de-anillo-de-compromiso-de-turmalina-rosa-engarzado-en-bisel-y-alianza-de-boda-de-zafiro\\\/\"]}]},{\"@type\":\"ImageObject\",\"inLanguage\":\"es\",\"@id\":\"https:\\\/\\\/aureliusjewelry.com\\\/es\\\/product\\\/conjunto-de-anillo-de-compromiso-de-turmalina-rosa-engarzado-en-bisel-y-alianza-de-boda-de-zafiro\\\/#primaryimage\",\"url\":\"https:\\\/\\\/aureliusjewelry.com\\\/wp-content\\\/uploads\\\/bisel-rosa-turmalina-conjunto-de-anillos-de-compromiso-parte-delantera.jpg\",\"contentUrl\":\"https:\\\/\\\/aureliusjewelry.com\\\/wp-content\\\/uploads\\\/bisel-rosa-turmalina-conjunto-de-anillos-de-compromiso-parte-delantera.jpg\",\"width\":1920,\"height\":1440,\"caption\":\"bisel Rosa turmalina conjunto de anillos de compromiso parte delantera\"},{\"@type\":\"BreadcrumbList\",\"@id\":\"https:\\\/\\\/aureliusjewelry.com\\\/es\\\/product\\\/conjunto-de-anillo-de-compromiso-de-turmalina-rosa-engarzado-en-bisel-y-alianza-de-boda-de-zafiro\\\/#breadcrumb\",\"itemListElement\":[{\"@type\":\"ListItem\",\"position\":1,\"name\":\"Home\",\"item\":\"https:\\\/\\\/aureliusjewelry.com\\\/es\\\/\"},{\"@type\":\"ListItem\",\"position\":2,\"name\":\"Shop\",\"item\":\"https:\\\/\\\/aureliusjewelry.com\\\/shop\\\/\"},{\"@type\":\"ListItem\",\"position\":3,\"name\":\"Conjunto de Anillo de Compromiso de Turmalina Rosa Engarzado en Bisel y Alianza de Boda de Zafiro\"}]},{\"@type\":\"WebSite\",\"@id\":\"https:\\\/\\\/aureliusjewelry.com\\\/es\\\/#website\",\"url\":\"https:\\\/\\\/aureliusjewelry.com\\\/es\\\/\",\"name\":\"Aurelius Jewelry\",\"description\":\"Handmade Fine Gold Jewelry\",\"publisher\":{\"@id\":\"https:\\\/\\\/aureliusjewelry.com\\\/es\\\/#organization\"},\"potentialAction\":[{\"@type\":\"SearchAction\",\"target\":{\"@type\":\"EntryPoint\",\"urlTemplate\":\"https:\\\/\\\/aureliusjewelry.com\\\/es\\\/?s={search_term_string}\"},\"query-input\":{\"@type\":\"PropertyValueSpecification\",\"valueRequired\":true,\"valueName\":\"search_term_string\"}}],\"inLanguage\":\"es\"},{\"@type\":\"Organization\",\"@id\":\"https:\\\/\\\/aureliusjewelry.com\\\/es\\\/#organization\",\"name\":\"Aurelius Jewelry\",\"url\":\"https:\\\/\\\/aureliusjewelry.com\\\/es\\\/\",\"logo\":{\"@type\":\"ImageObject\",\"inLanguage\":\"es\",\"@id\":\"https:\\\/\\\/aureliusjewelry.com\\\/es\\\/#\\\/schema\\\/logo\\\/image\\\/\",\"url\":\"https:\\\/\\\/aureliusjewelry.com\\\/wp-content\\\/uploads\\\/logo.png\",\"contentUrl\":\"https:\\\/\\\/aureliusjewelry.com\\\/wp-content\\\/uploads\\\/logo.png\",\"width\":400,\"height\":64,\"caption\":\"Aurelius Jewelry\"},\"image\":{\"@id\":\"https:\\\/\\\/aureliusjewelry.com\\\/es\\\/#\\\/schema\\\/logo\\\/image\\\/\"},\"sameAs\":[\"https:\\\/\\\/www.facebook.com\\\/AureliusJewelry\\\/\",\"https:\\\/\\\/x.com\\\/AureliusJewelry\",\"https:\\\/\\\/instagram.com\\\/aureliusjewelry\",\"https:\\\/\\\/www.pinterest.com\\\/AureliusJewelry\\\/\"],\"email\":\"info@aureliusjewelry.com\",\"foundingDate\":\"2018-10-01\",\"vatID\":\"SI10391070\",\"hasMerchantReturnPolicy\":{\"@type\":\"MerchantReturnPolicy\",\"merchantReturnLink\":\"https:\\\/\\\/aureliusjewelry.com\\\/our-policies\\\/terms-conditions\\\/\"}}]}<\/script>\n<meta property=\"og:availability\" content=\"backorder\" \/>\n<meta property=\"product:availability\" content=\"available for order\" \/>\n<meta property=\"product:retailer_item_id\" content=\"17904\" \/>\n<meta property=\"product:condition\" content=\"new\" \/>","yoast_head_json":{"title":"Conjunto de Anillo de Compromiso de Turmalina Rosa Engarzado en Bisel y Alianza de Boda de Zafiro - Aurelius Jewelry","robots":{"index":"index","follow":"follow","max-snippet":"max-snippet:-1","max-image-preview":"max-image-preview:large","max-video-preview":"max-video-preview:-1"},"canonical":"https:\/\/aureliusjewelry.com\/es\/product\/conjunto-de-anillo-de-compromiso-de-turmalina-rosa-engarzado-en-bisel-y-alianza-de-boda-de-zafiro\/","og_locale":"es_ES","og_type":"article","og_title":"Conjunto de Anillo de Compromiso de Turmalina Rosa Engarzado en Bisel y Alianza de Boda de Zafiro - Aurelius Jewelry","og_description":"%","og_url":"https:\/\/aureliusjewelry.com\/es\/product\/conjunto-de-anillo-de-compromiso-de-turmalina-rosa-engarzado-en-bisel-y-alianza-de-boda-de-zafiro\/","og_site_name":"Aurelius Jewelry","article_publisher":"https:\/\/www.facebook.com\/AureliusJewelry\/","article_modified_time":"2026-03-23T20:03:41+00:00","og_image":[{"width":1920,"height":1440,"url":"https:\/\/aureliusjewelry.com\/wp-content\/uploads\/bisel-rosa-turmalina-conjunto-de-anillos-de-compromiso-parte-delantera.jpg","type":"image\/jpeg"}],"twitter_card":"summary_large_image","twitter_site":"@AureliusJewelry","schema":{"@context":"https:\/\/schema.org","@graph":[{"@type":"WebPage","@id":"https:\/\/aureliusjewelry.com\/es\/product\/conjunto-de-anillo-de-compromiso-de-turmalina-rosa-engarzado-en-bisel-y-alianza-de-boda-de-zafiro\/","url":"https:\/\/aureliusjewelry.com\/es\/product\/conjunto-de-anillo-de-compromiso-de-turmalina-rosa-engarzado-en-bisel-y-alianza-de-boda-de-zafiro\/","name":"Conjunto de Anillo de Compromiso de Turmalina Rosa Engarzado en Bisel y Alianza de Boda de Zafiro - Aurelius Jewelry","isPartOf":{"@id":"https:\/\/aureliusjewelry.com\/es\/#website"},"primaryImageOfPage":{"@id":"https:\/\/aureliusjewelry.com\/es\/product\/conjunto-de-anillo-de-compromiso-de-turmalina-rosa-engarzado-en-bisel-y-alianza-de-boda-de-zafiro\/#primaryimage"},"image":{"@id":"https:\/\/aureliusjewelry.com\/es\/product\/conjunto-de-anillo-de-compromiso-de-turmalina-rosa-engarzado-en-bisel-y-alianza-de-boda-de-zafiro\/#primaryimage"},"thumbnailUrl":"https:\/\/aureliusjewelry.com\/wp-content\/uploads\/bisel-rosa-turmalina-conjunto-de-anillos-de-compromiso-parte-delantera.jpg","datePublished":"2021-02-01T21:07:42+00:00","dateModified":"2026-03-23T20:03:41+00:00","breadcrumb":{"@id":"https:\/\/aureliusjewelry.com\/es\/product\/conjunto-de-anillo-de-compromiso-de-turmalina-rosa-engarzado-en-bisel-y-alianza-de-boda-de-zafiro\/#breadcrumb"},"inLanguage":"es","potentialAction":[{"@type":"ReadAction","target":["https:\/\/aureliusjewelry.com\/es\/product\/conjunto-de-anillo-de-compromiso-de-turmalina-rosa-engarzado-en-bisel-y-alianza-de-boda-de-zafiro\/"]}]},{"@type":"ImageObject","inLanguage":"es","@id":"https:\/\/aureliusjewelry.com\/es\/product\/conjunto-de-anillo-de-compromiso-de-turmalina-rosa-engarzado-en-bisel-y-alianza-de-boda-de-zafiro\/#primaryimage","url":"https:\/\/aureliusjewelry.com\/wp-content\/uploads\/bisel-rosa-turmalina-conjunto-de-anillos-de-compromiso-parte-delantera.jpg","contentUrl":"https:\/\/aureliusjewelry.com\/wp-content\/uploads\/bisel-rosa-turmalina-conjunto-de-anillos-de-compromiso-parte-delantera.jpg","width":1920,"height":1440,"caption":"bisel Rosa turmalina conjunto de anillos de compromiso parte delantera"},{"@type":"BreadcrumbList","@id":"https:\/\/aureliusjewelry.com\/es\/product\/conjunto-de-anillo-de-compromiso-de-turmalina-rosa-engarzado-en-bisel-y-alianza-de-boda-de-zafiro\/#breadcrumb","itemListElement":[{"@type":"ListItem","position":1,"name":"Home","item":"https:\/\/aureliusjewelry.com\/es\/"},{"@type":"ListItem","position":2,"name":"Shop","item":"https:\/\/aureliusjewelry.com\/shop\/"},{"@type":"ListItem","position":3,"name":"Conjunto de Anillo de Compromiso de Turmalina Rosa Engarzado en Bisel y Alianza de Boda de Zafiro"}]},{"@type":"WebSite","@id":"https:\/\/aureliusjewelry.com\/es\/#website","url":"https:\/\/aureliusjewelry.com\/es\/","name":"Aurelius Jewelry","description":"Handmade Fine Gold Jewelry","publisher":{"@id":"https:\/\/aureliusjewelry.com\/es\/#organization"},"potentialAction":[{"@type":"SearchAction","target":{"@type":"EntryPoint","urlTemplate":"https:\/\/aureliusjewelry.com\/es\/?s={search_term_string}"},"query-input":{"@type":"PropertyValueSpecification","valueRequired":true,"valueName":"search_term_string"}}],"inLanguage":"es"},{"@type":"Organization","@id":"https:\/\/aureliusjewelry.com\/es\/#organization","name":"Aurelius Jewelry","url":"https:\/\/aureliusjewelry.com\/es\/","logo":{"@type":"ImageObject","inLanguage":"es","@id":"https:\/\/aureliusjewelry.com\/es\/#\/schema\/logo\/image\/","url":"https:\/\/aureliusjewelry.com\/wp-content\/uploads\/logo.png","contentUrl":"https:\/\/aureliusjewelry.com\/wp-content\/uploads\/logo.png","width":400,"height":64,"caption":"Aurelius Jewelry"},"image":{"@id":"https:\/\/aureliusjewelry.com\/es\/#\/schema\/logo\/image\/"},"sameAs":["https:\/\/www.facebook.com\/AureliusJewelry\/","https:\/\/x.com\/AureliusJewelry","https:\/\/instagram.com\/aureliusjewelry","https:\/\/www.pinterest.com\/AureliusJewelry\/"],"email":"info@aureliusjewelry.com","foundingDate":"2018-10-01","vatID":"SI10391070","hasMerchantReturnPolicy":{"@type":"MerchantReturnPolicy","merchantReturnLink":"https:\/\/aureliusjewelry.com\/our-policies\/terms-conditions\/"}}]},"og_availability":"backorder","product_availability":"available for order","product_retailer_item_id":"17904","product_condition":"new"},"_links":{"self":[{"href":"https:\/\/aureliusjewelry.com\/es\/wp-json\/wp\/v2\/product\/20383","targetHints":{"allow":["GET"]}}],"collection":[{"href":"https:\/\/aureliusjewelry.com\/es\/wp-json\/wp\/v2\/product"}],"about":[{"href":"https:\/\/aureliusjewelry.com\/es\/wp-json\/wp\/v2\/types\/product"}],"replies":[{"embeddable":true,"href":"https:\/\/aureliusjewelry.com\/es\/wp-json\/wp\/v2\/comments?post=20383"}],"wp:featuredmedia":[{"embeddable":true,"href":"https:\/\/aureliusjewelry.com\/es\/wp-json\/wp\/v2\/media\/17916"}],"wp:attachment":[{"href":"https:\/\/aureliusjewelry.com\/es\/wp-json\/wp\/v2\/media?parent=20383"}],"wp:term":[{"taxonomy":"product_brand","embeddable":true,"href":"https:\/\/aureliusjewelry.com\/es\/wp-json\/wp\/v2\/product_brand?post=20383"},{"taxonomy":"product_cat","embeddable":true,"href":"https:\/\/aureliusjewelry.com\/es\/wp-json\/wp\/v2\/product_cat?post=20383"},{"taxonomy":"product_tag","embeddable":true,"href":"https:\/\/aureliusjewelry.com\/es\/wp-json\/wp\/v2\/product_tag?post=20383"}],"curies":[{"name":"wp","href":"https:\/\/api.w.org\/{rel}","templated":true}]}}