{"id":20198,"date":"2021-01-30T00:01:30","date_gmt":"2021-01-29T22:01:30","guid":{"rendered":"http:\/\/127.0.0.1\/product\/conjunto-de-anillo-de-novia-de-diamante-escudo-pequeno-de-sal-y-pimienta-con-alianza-de-boda-de-diamante-pave\/"},"modified":"2026-03-23T22:14:03","modified_gmt":"2026-03-23T20:14:03","slug":"conjunto-de-anillo-de-novia-de-diamante-escudo-pequeno-de-sal-y-pimienta-con-alianza-de-boda-de-diamante-pave","status":"publish","type":"product","link":"https:\/\/aureliusjewelry.com\/es\/product\/conjunto-de-anillo-de-novia-de-diamante-escudo-pequeno-de-sal-y-pimienta-con-alianza-de-boda-de-diamante-pave\/","title":{"rendered":"Conjunto de Anillo de Novia de Diamante Escudo Peque\u00f1o de Sal y Pimienta con Alianza de Boda de Diamante Pav\u00e9"},"content":{"rendered":"<p><strong>Anillo de Compromiso<\/strong><br \/>\n&#8211; diamante sal y pimienta cortado en rosa con forma de escudo<br \/>\n&#8211; aprox. 6x5mm<\/p>\n<p><strong>Alianza de boda<\/strong><br \/>\n&#8211; diamantes redondos<br \/>\n&#8211; aprox. 1mm (15)<br \/>\n&#8211; color F\/G, claridad VS, sin conflictos<\/p>\n<p><strong>Mediciones y Material de la Alianza<\/strong><br \/>\n&#8211; 1.5 mm de ancho, 1.6 mm de espesor<br \/>\n&#8211; disponible en oro amarillo, blanco o rosa de 585\/1000 (14k) o 750\/1000 (18k) y platino 950\/1000<br \/>\n&#8211; tama\u00f1o de anillo de EE. UU. 3-9, tama\u00f1os m\u00e1s peque\u00f1os o m\u00e1s grandes disponibles por solicitud<\/p>\n","protected":false},"excerpt":{"rendered":"<p>Si est\u00e1s detr\u00e1s de un conjunto de anillos de boda \u00fanico, \u00a1este es el correcto para ti! Este sencillo, pero adorable anillo de compromiso geom\u00e9trico con un diamante con corte de escudo de sal y pimienta natural, engarzado en una alianza de oro s\u00f3lido con garras asim\u00e9tricas, definitivamente dejar\u00e1 una impresi\u00f3n. Est\u00e1 combinado con una alianza de boda de diamante pav\u00e9 en forma de V semi-eterno. Cada diamante escudo es \u00fanico en su clase y para elegir uno para tu anillo, \u00a1por favor cont\u00e1ctanos!<\/p>\n","protected":false},"featured_media":16632,"comment_status":"open","ping_status":"closed","template":"","meta":[],"product_brand":[],"product_cat":[1075,1580,535,518,480,474],"product_tag":[1270,1264,736,735],"class_list":{"0":"post-20198","1":"product","2":"type-product","3":"status-publish","4":"has-post-thumbnail","6":"product_cat-anillo-de-bodas-de-diamantes-con-sal-y-pimienta","7":"product_cat-anillo-de-bodas-de-dos-piezas","8":"product_cat-anillos","9":"product_cat-conjuntos-de-anillos-de-boda","10":"product_cat-emparejado","11":"product_cat-singularidad","12":"product_tag-blindaje","13":"product_tag-diamante-de-sal-y-pimienta","14":"product_tag-production_time_3_5-es","15":"product_tag-rings-es-tag","17":"first","18":"onbackorder","19":"sold-individually","20":"taxable","21":"shipping-taxable","22":"purchasable","23":"product-type-variable"},"yoast_head":"<title>Conjunto de Anillo de Novia de Diamante Escudo Peque\u00f1o de Sal y Pimienta con Alianza de Boda de Diamante Pav\u00e9 - Aurelius Jewelry<\/title>\n<meta name=\"robots\" content=\"index, follow, max-snippet:-1, max-image-preview:large, max-video-preview:-1\" \/>\n<link rel=\"canonical\" href=\"https:\/\/aureliusjewelry.com\/es\/product\/conjunto-de-anillo-de-novia-de-diamante-escudo-pequeno-de-sal-y-pimienta-con-alianza-de-boda-de-diamante-pave\/\" \/>\n<meta property=\"og:locale\" content=\"es_ES\" \/>\n<meta property=\"og:type\" content=\"article\" \/>\n<meta property=\"og:title\" content=\"Conjunto de Anillo de Novia de Diamante Escudo Peque\u00f1o de Sal y Pimienta con Alianza de Boda de Diamante Pav\u00e9 - Aurelius Jewelry\" \/>\n<meta property=\"og:description\" content=\"%\" \/>\n<meta property=\"og:url\" content=\"https:\/\/aureliusjewelry.com\/es\/product\/conjunto-de-anillo-de-novia-de-diamante-escudo-pequeno-de-sal-y-pimienta-con-alianza-de-boda-de-diamante-pave\/\" \/>\n<meta property=\"og:site_name\" content=\"Aurelius Jewelry\" \/>\n<meta property=\"article:publisher\" content=\"https:\/\/www.facebook.com\/AureliusJewelry\/\" \/>\n<meta property=\"article:modified_time\" content=\"2026-03-23T20:14:03+00:00\" \/>\n<meta property=\"og:image\" content=\"https:\/\/aureliusjewelry.com\/wp-content\/uploads\/escudo-sal-y-pimienta-diamante-conjunto-de-anillos-cheuron-banda.jpg\" \/>\n\t<meta property=\"og:image:width\" content=\"1920\" \/>\n\t<meta property=\"og:image:height\" content=\"1440\" \/>\n\t<meta property=\"og:image:type\" content=\"image\/jpeg\" \/>\n<meta name=\"twitter:card\" content=\"summary_large_image\" \/>\n<meta name=\"twitter:site\" content=\"@AureliusJewelry\" \/>\n<script type=\"application\/ld+json\" class=\"yoast-schema-graph\">{\"@context\":\"https:\\\/\\\/schema.org\",\"@graph\":[{\"@type\":\"WebPage\",\"@id\":\"https:\\\/\\\/aureliusjewelry.com\\\/es\\\/product\\\/conjunto-de-anillo-de-novia-de-diamante-escudo-pequeno-de-sal-y-pimienta-con-alianza-de-boda-de-diamante-pave\\\/\",\"url\":\"https:\\\/\\\/aureliusjewelry.com\\\/es\\\/product\\\/conjunto-de-anillo-de-novia-de-diamante-escudo-pequeno-de-sal-y-pimienta-con-alianza-de-boda-de-diamante-pave\\\/\",\"name\":\"Conjunto de Anillo de Novia de Diamante Escudo Peque\u00f1o de Sal y Pimienta con Alianza de Boda de Diamante Pav\u00e9 - Aurelius Jewelry\",\"isPartOf\":{\"@id\":\"https:\\\/\\\/aureliusjewelry.com\\\/es\\\/#website\"},\"primaryImageOfPage\":{\"@id\":\"https:\\\/\\\/aureliusjewelry.com\\\/es\\\/product\\\/conjunto-de-anillo-de-novia-de-diamante-escudo-pequeno-de-sal-y-pimienta-con-alianza-de-boda-de-diamante-pave\\\/#primaryimage\"},\"image\":{\"@id\":\"https:\\\/\\\/aureliusjewelry.com\\\/es\\\/product\\\/conjunto-de-anillo-de-novia-de-diamante-escudo-pequeno-de-sal-y-pimienta-con-alianza-de-boda-de-diamante-pave\\\/#primaryimage\"},\"thumbnailUrl\":\"https:\\\/\\\/aureliusjewelry.com\\\/wp-content\\\/uploads\\\/escudo-sal-y-pimienta-diamante-conjunto-de-anillos-cheuron-banda.jpg\",\"datePublished\":\"2021-01-29T22:01:30+00:00\",\"dateModified\":\"2026-03-23T20:14:03+00:00\",\"breadcrumb\":{\"@id\":\"https:\\\/\\\/aureliusjewelry.com\\\/es\\\/product\\\/conjunto-de-anillo-de-novia-de-diamante-escudo-pequeno-de-sal-y-pimienta-con-alianza-de-boda-de-diamante-pave\\\/#breadcrumb\"},\"inLanguage\":\"es\",\"potentialAction\":[{\"@type\":\"ReadAction\",\"target\":[\"https:\\\/\\\/aureliusjewelry.com\\\/es\\\/product\\\/conjunto-de-anillo-de-novia-de-diamante-escudo-pequeno-de-sal-y-pimienta-con-alianza-de-boda-de-diamante-pave\\\/\"]}]},{\"@type\":\"ImageObject\",\"inLanguage\":\"es\",\"@id\":\"https:\\\/\\\/aureliusjewelry.com\\\/es\\\/product\\\/conjunto-de-anillo-de-novia-de-diamante-escudo-pequeno-de-sal-y-pimienta-con-alianza-de-boda-de-diamante-pave\\\/#primaryimage\",\"url\":\"https:\\\/\\\/aureliusjewelry.com\\\/wp-content\\\/uploads\\\/escudo-sal-y-pimienta-diamante-conjunto-de-anillos-cheuron-banda.jpg\",\"contentUrl\":\"https:\\\/\\\/aureliusjewelry.com\\\/wp-content\\\/uploads\\\/escudo-sal-y-pimienta-diamante-conjunto-de-anillos-cheuron-banda.jpg\",\"width\":1920,\"height\":1440,\"caption\":\"escudo sal y pimienta diamante conjunto de anillos cheur\u00f3n banda\"},{\"@type\":\"BreadcrumbList\",\"@id\":\"https:\\\/\\\/aureliusjewelry.com\\\/es\\\/product\\\/conjunto-de-anillo-de-novia-de-diamante-escudo-pequeno-de-sal-y-pimienta-con-alianza-de-boda-de-diamante-pave\\\/#breadcrumb\",\"itemListElement\":[{\"@type\":\"ListItem\",\"position\":1,\"name\":\"Home\",\"item\":\"https:\\\/\\\/aureliusjewelry.com\\\/es\\\/\"},{\"@type\":\"ListItem\",\"position\":2,\"name\":\"Shop\",\"item\":\"https:\\\/\\\/aureliusjewelry.com\\\/shop\\\/\"},{\"@type\":\"ListItem\",\"position\":3,\"name\":\"Conjunto de Anillo de Novia de Diamante Escudo Peque\u00f1o de Sal y Pimienta con Alianza de Boda de Diamante Pav\u00e9\"}]},{\"@type\":\"WebSite\",\"@id\":\"https:\\\/\\\/aureliusjewelry.com\\\/es\\\/#website\",\"url\":\"https:\\\/\\\/aureliusjewelry.com\\\/es\\\/\",\"name\":\"Aurelius Jewelry\",\"description\":\"Handmade Fine Gold Jewelry\",\"publisher\":{\"@id\":\"https:\\\/\\\/aureliusjewelry.com\\\/es\\\/#organization\"},\"potentialAction\":[{\"@type\":\"SearchAction\",\"target\":{\"@type\":\"EntryPoint\",\"urlTemplate\":\"https:\\\/\\\/aureliusjewelry.com\\\/es\\\/?s={search_term_string}\"},\"query-input\":{\"@type\":\"PropertyValueSpecification\",\"valueRequired\":true,\"valueName\":\"search_term_string\"}}],\"inLanguage\":\"es\"},{\"@type\":\"Organization\",\"@id\":\"https:\\\/\\\/aureliusjewelry.com\\\/es\\\/#organization\",\"name\":\"Aurelius Jewelry\",\"url\":\"https:\\\/\\\/aureliusjewelry.com\\\/es\\\/\",\"logo\":{\"@type\":\"ImageObject\",\"inLanguage\":\"es\",\"@id\":\"https:\\\/\\\/aureliusjewelry.com\\\/es\\\/#\\\/schema\\\/logo\\\/image\\\/\",\"url\":\"https:\\\/\\\/aureliusjewelry.com\\\/wp-content\\\/uploads\\\/logo.png\",\"contentUrl\":\"https:\\\/\\\/aureliusjewelry.com\\\/wp-content\\\/uploads\\\/logo.png\",\"width\":400,\"height\":64,\"caption\":\"Aurelius Jewelry\"},\"image\":{\"@id\":\"https:\\\/\\\/aureliusjewelry.com\\\/es\\\/#\\\/schema\\\/logo\\\/image\\\/\"},\"sameAs\":[\"https:\\\/\\\/www.facebook.com\\\/AureliusJewelry\\\/\",\"https:\\\/\\\/x.com\\\/AureliusJewelry\",\"https:\\\/\\\/instagram.com\\\/aureliusjewelry\",\"https:\\\/\\\/www.pinterest.com\\\/AureliusJewelry\\\/\"],\"email\":\"info@aureliusjewelry.com\",\"foundingDate\":\"2018-10-01\",\"vatID\":\"SI10391070\",\"hasMerchantReturnPolicy\":{\"@type\":\"MerchantReturnPolicy\",\"merchantReturnLink\":\"https:\\\/\\\/aureliusjewelry.com\\\/our-policies\\\/terms-conditions\\\/\"}}]}<\/script>\n<meta property=\"og:availability\" content=\"backorder\" \/>\n<meta property=\"product:availability\" content=\"available for order\" \/>\n<meta property=\"product:retailer_item_id\" content=\"16620\" \/>\n<meta property=\"product:condition\" content=\"new\" \/>","yoast_head_json":{"title":"Conjunto de Anillo de Novia de Diamante Escudo Peque\u00f1o de Sal y Pimienta con Alianza de Boda de Diamante Pav\u00e9 - Aurelius Jewelry","robots":{"index":"index","follow":"follow","max-snippet":"max-snippet:-1","max-image-preview":"max-image-preview:large","max-video-preview":"max-video-preview:-1"},"canonical":"https:\/\/aureliusjewelry.com\/es\/product\/conjunto-de-anillo-de-novia-de-diamante-escudo-pequeno-de-sal-y-pimienta-con-alianza-de-boda-de-diamante-pave\/","og_locale":"es_ES","og_type":"article","og_title":"Conjunto de Anillo de Novia de Diamante Escudo Peque\u00f1o de Sal y Pimienta con Alianza de Boda de Diamante Pav\u00e9 - Aurelius Jewelry","og_description":"%","og_url":"https:\/\/aureliusjewelry.com\/es\/product\/conjunto-de-anillo-de-novia-de-diamante-escudo-pequeno-de-sal-y-pimienta-con-alianza-de-boda-de-diamante-pave\/","og_site_name":"Aurelius Jewelry","article_publisher":"https:\/\/www.facebook.com\/AureliusJewelry\/","article_modified_time":"2026-03-23T20:14:03+00:00","og_image":[{"width":1920,"height":1440,"url":"https:\/\/aureliusjewelry.com\/wp-content\/uploads\/escudo-sal-y-pimienta-diamante-conjunto-de-anillos-cheuron-banda.jpg","type":"image\/jpeg"}],"twitter_card":"summary_large_image","twitter_site":"@AureliusJewelry","schema":{"@context":"https:\/\/schema.org","@graph":[{"@type":"WebPage","@id":"https:\/\/aureliusjewelry.com\/es\/product\/conjunto-de-anillo-de-novia-de-diamante-escudo-pequeno-de-sal-y-pimienta-con-alianza-de-boda-de-diamante-pave\/","url":"https:\/\/aureliusjewelry.com\/es\/product\/conjunto-de-anillo-de-novia-de-diamante-escudo-pequeno-de-sal-y-pimienta-con-alianza-de-boda-de-diamante-pave\/","name":"Conjunto de Anillo de Novia de Diamante Escudo Peque\u00f1o de Sal y Pimienta con Alianza de Boda de Diamante Pav\u00e9 - Aurelius Jewelry","isPartOf":{"@id":"https:\/\/aureliusjewelry.com\/es\/#website"},"primaryImageOfPage":{"@id":"https:\/\/aureliusjewelry.com\/es\/product\/conjunto-de-anillo-de-novia-de-diamante-escudo-pequeno-de-sal-y-pimienta-con-alianza-de-boda-de-diamante-pave\/#primaryimage"},"image":{"@id":"https:\/\/aureliusjewelry.com\/es\/product\/conjunto-de-anillo-de-novia-de-diamante-escudo-pequeno-de-sal-y-pimienta-con-alianza-de-boda-de-diamante-pave\/#primaryimage"},"thumbnailUrl":"https:\/\/aureliusjewelry.com\/wp-content\/uploads\/escudo-sal-y-pimienta-diamante-conjunto-de-anillos-cheuron-banda.jpg","datePublished":"2021-01-29T22:01:30+00:00","dateModified":"2026-03-23T20:14:03+00:00","breadcrumb":{"@id":"https:\/\/aureliusjewelry.com\/es\/product\/conjunto-de-anillo-de-novia-de-diamante-escudo-pequeno-de-sal-y-pimienta-con-alianza-de-boda-de-diamante-pave\/#breadcrumb"},"inLanguage":"es","potentialAction":[{"@type":"ReadAction","target":["https:\/\/aureliusjewelry.com\/es\/product\/conjunto-de-anillo-de-novia-de-diamante-escudo-pequeno-de-sal-y-pimienta-con-alianza-de-boda-de-diamante-pave\/"]}]},{"@type":"ImageObject","inLanguage":"es","@id":"https:\/\/aureliusjewelry.com\/es\/product\/conjunto-de-anillo-de-novia-de-diamante-escudo-pequeno-de-sal-y-pimienta-con-alianza-de-boda-de-diamante-pave\/#primaryimage","url":"https:\/\/aureliusjewelry.com\/wp-content\/uploads\/escudo-sal-y-pimienta-diamante-conjunto-de-anillos-cheuron-banda.jpg","contentUrl":"https:\/\/aureliusjewelry.com\/wp-content\/uploads\/escudo-sal-y-pimienta-diamante-conjunto-de-anillos-cheuron-banda.jpg","width":1920,"height":1440,"caption":"escudo sal y pimienta diamante conjunto de anillos cheur\u00f3n banda"},{"@type":"BreadcrumbList","@id":"https:\/\/aureliusjewelry.com\/es\/product\/conjunto-de-anillo-de-novia-de-diamante-escudo-pequeno-de-sal-y-pimienta-con-alianza-de-boda-de-diamante-pave\/#breadcrumb","itemListElement":[{"@type":"ListItem","position":1,"name":"Home","item":"https:\/\/aureliusjewelry.com\/es\/"},{"@type":"ListItem","position":2,"name":"Shop","item":"https:\/\/aureliusjewelry.com\/shop\/"},{"@type":"ListItem","position":3,"name":"Conjunto de Anillo de Novia de Diamante Escudo Peque\u00f1o de Sal y Pimienta con Alianza de Boda de Diamante Pav\u00e9"}]},{"@type":"WebSite","@id":"https:\/\/aureliusjewelry.com\/es\/#website","url":"https:\/\/aureliusjewelry.com\/es\/","name":"Aurelius Jewelry","description":"Handmade Fine Gold Jewelry","publisher":{"@id":"https:\/\/aureliusjewelry.com\/es\/#organization"},"potentialAction":[{"@type":"SearchAction","target":{"@type":"EntryPoint","urlTemplate":"https:\/\/aureliusjewelry.com\/es\/?s={search_term_string}"},"query-input":{"@type":"PropertyValueSpecification","valueRequired":true,"valueName":"search_term_string"}}],"inLanguage":"es"},{"@type":"Organization","@id":"https:\/\/aureliusjewelry.com\/es\/#organization","name":"Aurelius Jewelry","url":"https:\/\/aureliusjewelry.com\/es\/","logo":{"@type":"ImageObject","inLanguage":"es","@id":"https:\/\/aureliusjewelry.com\/es\/#\/schema\/logo\/image\/","url":"https:\/\/aureliusjewelry.com\/wp-content\/uploads\/logo.png","contentUrl":"https:\/\/aureliusjewelry.com\/wp-content\/uploads\/logo.png","width":400,"height":64,"caption":"Aurelius Jewelry"},"image":{"@id":"https:\/\/aureliusjewelry.com\/es\/#\/schema\/logo\/image\/"},"sameAs":["https:\/\/www.facebook.com\/AureliusJewelry\/","https:\/\/x.com\/AureliusJewelry","https:\/\/instagram.com\/aureliusjewelry","https:\/\/www.pinterest.com\/AureliusJewelry\/"],"email":"info@aureliusjewelry.com","foundingDate":"2018-10-01","vatID":"SI10391070","hasMerchantReturnPolicy":{"@type":"MerchantReturnPolicy","merchantReturnLink":"https:\/\/aureliusjewelry.com\/our-policies\/terms-conditions\/"}}]},"og_availability":"backorder","product_availability":"available for order","product_retailer_item_id":"16620","product_condition":"new"},"_links":{"self":[{"href":"https:\/\/aureliusjewelry.com\/es\/wp-json\/wp\/v2\/product\/20198","targetHints":{"allow":["GET"]}}],"collection":[{"href":"https:\/\/aureliusjewelry.com\/es\/wp-json\/wp\/v2\/product"}],"about":[{"href":"https:\/\/aureliusjewelry.com\/es\/wp-json\/wp\/v2\/types\/product"}],"replies":[{"embeddable":true,"href":"https:\/\/aureliusjewelry.com\/es\/wp-json\/wp\/v2\/comments?post=20198"}],"wp:featuredmedia":[{"embeddable":true,"href":"https:\/\/aureliusjewelry.com\/es\/wp-json\/wp\/v2\/media\/16632"}],"wp:attachment":[{"href":"https:\/\/aureliusjewelry.com\/es\/wp-json\/wp\/v2\/media?parent=20198"}],"wp:term":[{"taxonomy":"product_brand","embeddable":true,"href":"https:\/\/aureliusjewelry.com\/es\/wp-json\/wp\/v2\/product_brand?post=20198"},{"taxonomy":"product_cat","embeddable":true,"href":"https:\/\/aureliusjewelry.com\/es\/wp-json\/wp\/v2\/product_cat?post=20198"},{"taxonomy":"product_tag","embeddable":true,"href":"https:\/\/aureliusjewelry.com\/es\/wp-json\/wp\/v2\/product_tag?post=20198"}],"curies":[{"name":"wp","href":"https:\/\/api.w.org\/{rel}","templated":true}]}}