{"id":20078,"date":"2021-01-28T23:38:44","date_gmt":"2021-01-28T21:38:44","guid":{"rendered":"http:\/\/127.0.0.1\/product\/conjunto-de-anillos-de-compromiso-de-diamante-pera-de-sal-y-pimienta\/"},"modified":"2026-03-23T22:32:28","modified_gmt":"2026-03-23T20:32:28","slug":"conjunto-de-anillos-de-compromiso-de-diamante-pera-de-sal-y-pimienta","status":"publish","type":"product","link":"https:\/\/aureliusjewelry.com\/es\/conjunto-de-anillos-de-compromiso-de-diamante-pera-de-sal-y-pimienta\/","title":{"rendered":"Conjunto de Anillos de Compromiso de Diamante Pera de Sal y Pimienta"},"content":{"rendered":"<p><strong>Anillo de Compromiso<\/strong><br \/>\n&#8211; diamante de sal y pimienta cortado en rosa en forma de pera<br \/>\n&#8211; aprox. 7x5mm<br \/>\n&#8211; aprox. 0.9-1ct<\/p>\n<p>&#8211; marquise diamantes<br \/>\n&#8211; aprox. 4x2mm (2)<br \/>\n&#8211; peso total de ctaprox. 0.2ct<br \/>\n&#8211; color F\/G, claridad VS, sin conflictos<\/p>\n<p><strong>Alianza de boda<\/strong><br \/>\n&#8211; pear cut black diamante<br \/>\n&#8211; aprox. 3x2mm<\/p>\n<p>&#8211; diamantes redondos<br \/>\n&#8211; aprox. 1.75mm (2), 1.5mm (2), 1.25mm (2)<br \/>\n&#8211; color F\/G, claridad VS, sin conflictos<\/p>\n<p><strong>Mediciones y Material de la Alianza<\/strong><br \/>\n&#8211; 1.5 mm de ancho, 1.6 mm de espesor<br \/>\n&#8211; disponible en oro amarillo, blanco o rosa de 585\/1000 (14k) o 750\/1000 (18k) y platino 950\/1000<br \/>\n&#8211; tama\u00f1o de anillo de EE. UU. 3-9, tama\u00f1os m\u00e1s peque\u00f1os o m\u00e1s grandes disponibles por solicitud<\/p>\n","protected":false},"excerpt":{"rendered":"<p>Un \u00fanico y alternativo conjunto de anillos de boda con un anillo de compromiso de diamante pera con corte de rosa de sal y pimienta, combinado con una alianza de boda curvada de diamante apilado. Inclusiones en el diamante crean un patr\u00f3n irrepetible que hacen cada piedra principal \u00fanica en su clase y para elegir una para tu anillo, por favor cont\u00e1ctanos.<\/p>\n","protected":false},"featured_media":16008,"comment_status":"open","ping_status":"closed","template":"","meta":[],"product_brand":[],"product_cat":[1075,1580,535,518,480,486,474],"product_tag":[1264,1251,1236,736,735],"class_list":{"0":"post-20078","1":"product","2":"type-product","3":"status-publish","4":"has-post-thumbnail","6":"product_cat-anillo-de-bodas-de-diamantes-con-sal-y-pimienta","7":"product_cat-anillo-de-bodas-de-dos-piezas","8":"product_cat-anillos","9":"product_cat-conjuntos-de-anillos-de-boda","10":"product_cat-emparejado","11":"product_cat-hoja-dorada","12":"product_cat-singularidad","13":"product_tag-diamante-de-sal-y-pimienta","14":"product_tag-juego-de-anillos","15":"product_tag-pera","16":"product_tag-production_time_3_5-es","17":"product_tag-rings-es-tag","19":"first","20":"onbackorder","21":"sold-individually","22":"taxable","23":"shipping-taxable","24":"purchasable","25":"product-type-variable"},"yoast_head":"<title>Conjunto de Anillos de Compromiso de Diamante Pera de Sal y Pimienta - Aurelius Jewelry<\/title>\n<meta name=\"robots\" content=\"index, follow, max-snippet:-1, max-image-preview:large, max-video-preview:-1\" \/>\n<link rel=\"canonical\" href=\"https:\/\/aureliusjewelry.com\/es\/conjunto-de-anillos-de-compromiso-de-diamante-pera-de-sal-y-pimienta\/\" \/>\n<meta property=\"og:locale\" content=\"es_ES\" \/>\n<meta property=\"og:type\" content=\"article\" \/>\n<meta property=\"og:title\" content=\"Conjunto de Anillos de Compromiso de Diamante Pera de Sal y Pimienta - Aurelius Jewelry\" \/>\n<meta property=\"og:description\" content=\"%\" \/>\n<meta property=\"og:url\" content=\"https:\/\/aureliusjewelry.com\/es\/conjunto-de-anillos-de-compromiso-de-diamante-pera-de-sal-y-pimienta\/\" \/>\n<meta property=\"og:site_name\" content=\"Aurelius Jewelry\" \/>\n<meta property=\"article:publisher\" content=\"https:\/\/www.facebook.com\/AureliusJewelry\/\" \/>\n<meta property=\"article:modified_time\" content=\"2026-03-23T20:32:28+00:00\" \/>\n<meta property=\"og:image\" content=\"https:\/\/aureliusjewelry.com\/wp-content\/uploads\/de-pera-sal-y-pimienta-diamante-conjunto-de-anillos.jpg\" \/>\n\t<meta property=\"og:image:width\" content=\"1920\" \/>\n\t<meta property=\"og:image:height\" content=\"1440\" \/>\n\t<meta property=\"og:image:type\" content=\"image\/jpeg\" \/>\n<meta name=\"twitter:card\" content=\"summary_large_image\" \/>\n<meta name=\"twitter:site\" content=\"@AureliusJewelry\" \/>\n<script type=\"application\/ld+json\" class=\"yoast-schema-graph\">{\"@context\":\"https:\\\/\\\/schema.org\",\"@graph\":[{\"@type\":\"WebPage\",\"@id\":\"https:\\\/\\\/aureliusjewelry.com\\\/es\\\/conjunto-de-anillos-de-compromiso-de-diamante-pera-de-sal-y-pimienta\\\/\",\"url\":\"https:\\\/\\\/aureliusjewelry.com\\\/es\\\/conjunto-de-anillos-de-compromiso-de-diamante-pera-de-sal-y-pimienta\\\/\",\"name\":\"Conjunto de Anillos de Compromiso de Diamante Pera de Sal y Pimienta - Aurelius Jewelry\",\"isPartOf\":{\"@id\":\"https:\\\/\\\/aureliusjewelry.com\\\/es\\\/#website\"},\"primaryImageOfPage\":{\"@id\":\"https:\\\/\\\/aureliusjewelry.com\\\/es\\\/conjunto-de-anillos-de-compromiso-de-diamante-pera-de-sal-y-pimienta\\\/#primaryimage\"},\"image\":{\"@id\":\"https:\\\/\\\/aureliusjewelry.com\\\/es\\\/conjunto-de-anillos-de-compromiso-de-diamante-pera-de-sal-y-pimienta\\\/#primaryimage\"},\"thumbnailUrl\":\"https:\\\/\\\/aureliusjewelry.com\\\/wp-content\\\/uploads\\\/de-pera-sal-y-pimienta-diamante-conjunto-de-anillos.jpg\",\"datePublished\":\"2021-01-28T21:38:44+00:00\",\"dateModified\":\"2026-03-23T20:32:28+00:00\",\"breadcrumb\":{\"@id\":\"https:\\\/\\\/aureliusjewelry.com\\\/es\\\/conjunto-de-anillos-de-compromiso-de-diamante-pera-de-sal-y-pimienta\\\/#breadcrumb\"},\"inLanguage\":\"es\",\"potentialAction\":[{\"@type\":\"ReadAction\",\"target\":[\"https:\\\/\\\/aureliusjewelry.com\\\/es\\\/conjunto-de-anillos-de-compromiso-de-diamante-pera-de-sal-y-pimienta\\\/\"]}]},{\"@type\":\"ImageObject\",\"inLanguage\":\"es\",\"@id\":\"https:\\\/\\\/aureliusjewelry.com\\\/es\\\/conjunto-de-anillos-de-compromiso-de-diamante-pera-de-sal-y-pimienta\\\/#primaryimage\",\"url\":\"https:\\\/\\\/aureliusjewelry.com\\\/wp-content\\\/uploads\\\/de-pera-sal-y-pimienta-diamante-conjunto-de-anillos.jpg\",\"contentUrl\":\"https:\\\/\\\/aureliusjewelry.com\\\/wp-content\\\/uploads\\\/de-pera-sal-y-pimienta-diamante-conjunto-de-anillos.jpg\",\"width\":1920,\"height\":1440,\"caption\":\"de pera sal y pimienta diamante conjunto de anillos\"},{\"@type\":\"BreadcrumbList\",\"@id\":\"https:\\\/\\\/aureliusjewelry.com\\\/es\\\/conjunto-de-anillos-de-compromiso-de-diamante-pera-de-sal-y-pimienta\\\/#breadcrumb\",\"itemListElement\":[{\"@type\":\"ListItem\",\"position\":1,\"name\":\"Home\",\"item\":\"https:\\\/\\\/aureliusjewelry.com\\\/es\\\/\"},{\"@type\":\"ListItem\",\"position\":2,\"name\":\"Shop\",\"item\":\"https:\\\/\\\/aureliusjewelry.com\\\/shop\\\/\"},{\"@type\":\"ListItem\",\"position\":3,\"name\":\"Conjunto de Anillos de Compromiso de Diamante Pera de Sal y Pimienta\"}]},{\"@type\":\"WebSite\",\"@id\":\"https:\\\/\\\/aureliusjewelry.com\\\/es\\\/#website\",\"url\":\"https:\\\/\\\/aureliusjewelry.com\\\/es\\\/\",\"name\":\"Aurelius Jewelry\",\"description\":\"Handmade Fine Gold Jewelry\",\"publisher\":{\"@id\":\"https:\\\/\\\/aureliusjewelry.com\\\/es\\\/#organization\"},\"potentialAction\":[{\"@type\":\"SearchAction\",\"target\":{\"@type\":\"EntryPoint\",\"urlTemplate\":\"https:\\\/\\\/aureliusjewelry.com\\\/es\\\/?s={search_term_string}\"},\"query-input\":{\"@type\":\"PropertyValueSpecification\",\"valueRequired\":true,\"valueName\":\"search_term_string\"}}],\"inLanguage\":\"es\"},{\"@type\":\"Organization\",\"@id\":\"https:\\\/\\\/aureliusjewelry.com\\\/es\\\/#organization\",\"name\":\"Aurelius Jewelry\",\"url\":\"https:\\\/\\\/aureliusjewelry.com\\\/es\\\/\",\"logo\":{\"@type\":\"ImageObject\",\"inLanguage\":\"es\",\"@id\":\"https:\\\/\\\/aureliusjewelry.com\\\/es\\\/#\\\/schema\\\/logo\\\/image\\\/\",\"url\":\"https:\\\/\\\/aureliusjewelry.com\\\/wp-content\\\/uploads\\\/logo.png\",\"contentUrl\":\"https:\\\/\\\/aureliusjewelry.com\\\/wp-content\\\/uploads\\\/logo.png\",\"width\":400,\"height\":64,\"caption\":\"Aurelius Jewelry\"},\"image\":{\"@id\":\"https:\\\/\\\/aureliusjewelry.com\\\/es\\\/#\\\/schema\\\/logo\\\/image\\\/\"},\"sameAs\":[\"https:\\\/\\\/www.facebook.com\\\/AureliusJewelry\\\/\",\"https:\\\/\\\/x.com\\\/AureliusJewelry\",\"https:\\\/\\\/instagram.com\\\/aureliusjewelry\",\"https:\\\/\\\/www.pinterest.com\\\/AureliusJewelry\\\/\"],\"email\":\"info@aureliusjewelry.com\",\"foundingDate\":\"2018-10-01\",\"vatID\":\"SI10391070\",\"hasMerchantReturnPolicy\":{\"@type\":\"MerchantReturnPolicy\",\"merchantReturnLink\":\"https:\\\/\\\/aureliusjewelry.com\\\/our-policies\\\/terms-conditions\\\/\"}}]}<\/script>\n<meta property=\"og:availability\" content=\"backorder\" \/>\n<meta property=\"product:availability\" content=\"available for order\" \/>\n<meta property=\"product:retailer_item_id\" content=\"15996\" \/>\n<meta property=\"product:condition\" content=\"new\" \/>","yoast_head_json":{"title":"Conjunto de Anillos de Compromiso de Diamante Pera de Sal y Pimienta - Aurelius Jewelry","robots":{"index":"index","follow":"follow","max-snippet":"max-snippet:-1","max-image-preview":"max-image-preview:large","max-video-preview":"max-video-preview:-1"},"canonical":"https:\/\/aureliusjewelry.com\/es\/conjunto-de-anillos-de-compromiso-de-diamante-pera-de-sal-y-pimienta\/","og_locale":"es_ES","og_type":"article","og_title":"Conjunto de Anillos de Compromiso de Diamante Pera de Sal y Pimienta - Aurelius Jewelry","og_description":"%","og_url":"https:\/\/aureliusjewelry.com\/es\/conjunto-de-anillos-de-compromiso-de-diamante-pera-de-sal-y-pimienta\/","og_site_name":"Aurelius Jewelry","article_publisher":"https:\/\/www.facebook.com\/AureliusJewelry\/","article_modified_time":"2026-03-23T20:32:28+00:00","og_image":[{"width":1920,"height":1440,"url":"https:\/\/aureliusjewelry.com\/wp-content\/uploads\/de-pera-sal-y-pimienta-diamante-conjunto-de-anillos.jpg","type":"image\/jpeg"}],"twitter_card":"summary_large_image","twitter_site":"@AureliusJewelry","schema":{"@context":"https:\/\/schema.org","@graph":[{"@type":"WebPage","@id":"https:\/\/aureliusjewelry.com\/es\/conjunto-de-anillos-de-compromiso-de-diamante-pera-de-sal-y-pimienta\/","url":"https:\/\/aureliusjewelry.com\/es\/conjunto-de-anillos-de-compromiso-de-diamante-pera-de-sal-y-pimienta\/","name":"Conjunto de Anillos de Compromiso de Diamante Pera de Sal y Pimienta - Aurelius Jewelry","isPartOf":{"@id":"https:\/\/aureliusjewelry.com\/es\/#website"},"primaryImageOfPage":{"@id":"https:\/\/aureliusjewelry.com\/es\/conjunto-de-anillos-de-compromiso-de-diamante-pera-de-sal-y-pimienta\/#primaryimage"},"image":{"@id":"https:\/\/aureliusjewelry.com\/es\/conjunto-de-anillos-de-compromiso-de-diamante-pera-de-sal-y-pimienta\/#primaryimage"},"thumbnailUrl":"https:\/\/aureliusjewelry.com\/wp-content\/uploads\/de-pera-sal-y-pimienta-diamante-conjunto-de-anillos.jpg","datePublished":"2021-01-28T21:38:44+00:00","dateModified":"2026-03-23T20:32:28+00:00","breadcrumb":{"@id":"https:\/\/aureliusjewelry.com\/es\/conjunto-de-anillos-de-compromiso-de-diamante-pera-de-sal-y-pimienta\/#breadcrumb"},"inLanguage":"es","potentialAction":[{"@type":"ReadAction","target":["https:\/\/aureliusjewelry.com\/es\/conjunto-de-anillos-de-compromiso-de-diamante-pera-de-sal-y-pimienta\/"]}]},{"@type":"ImageObject","inLanguage":"es","@id":"https:\/\/aureliusjewelry.com\/es\/conjunto-de-anillos-de-compromiso-de-diamante-pera-de-sal-y-pimienta\/#primaryimage","url":"https:\/\/aureliusjewelry.com\/wp-content\/uploads\/de-pera-sal-y-pimienta-diamante-conjunto-de-anillos.jpg","contentUrl":"https:\/\/aureliusjewelry.com\/wp-content\/uploads\/de-pera-sal-y-pimienta-diamante-conjunto-de-anillos.jpg","width":1920,"height":1440,"caption":"de pera sal y pimienta diamante conjunto de anillos"},{"@type":"BreadcrumbList","@id":"https:\/\/aureliusjewelry.com\/es\/conjunto-de-anillos-de-compromiso-de-diamante-pera-de-sal-y-pimienta\/#breadcrumb","itemListElement":[{"@type":"ListItem","position":1,"name":"Home","item":"https:\/\/aureliusjewelry.com\/es\/"},{"@type":"ListItem","position":2,"name":"Shop","item":"https:\/\/aureliusjewelry.com\/shop\/"},{"@type":"ListItem","position":3,"name":"Conjunto de Anillos de Compromiso de Diamante Pera de Sal y Pimienta"}]},{"@type":"WebSite","@id":"https:\/\/aureliusjewelry.com\/es\/#website","url":"https:\/\/aureliusjewelry.com\/es\/","name":"Aurelius Jewelry","description":"Handmade Fine Gold Jewelry","publisher":{"@id":"https:\/\/aureliusjewelry.com\/es\/#organization"},"potentialAction":[{"@type":"SearchAction","target":{"@type":"EntryPoint","urlTemplate":"https:\/\/aureliusjewelry.com\/es\/?s={search_term_string}"},"query-input":{"@type":"PropertyValueSpecification","valueRequired":true,"valueName":"search_term_string"}}],"inLanguage":"es"},{"@type":"Organization","@id":"https:\/\/aureliusjewelry.com\/es\/#organization","name":"Aurelius Jewelry","url":"https:\/\/aureliusjewelry.com\/es\/","logo":{"@type":"ImageObject","inLanguage":"es","@id":"https:\/\/aureliusjewelry.com\/es\/#\/schema\/logo\/image\/","url":"https:\/\/aureliusjewelry.com\/wp-content\/uploads\/logo.png","contentUrl":"https:\/\/aureliusjewelry.com\/wp-content\/uploads\/logo.png","width":400,"height":64,"caption":"Aurelius Jewelry"},"image":{"@id":"https:\/\/aureliusjewelry.com\/es\/#\/schema\/logo\/image\/"},"sameAs":["https:\/\/www.facebook.com\/AureliusJewelry\/","https:\/\/x.com\/AureliusJewelry","https:\/\/instagram.com\/aureliusjewelry","https:\/\/www.pinterest.com\/AureliusJewelry\/"],"email":"info@aureliusjewelry.com","foundingDate":"2018-10-01","vatID":"SI10391070","hasMerchantReturnPolicy":{"@type":"MerchantReturnPolicy","merchantReturnLink":"https:\/\/aureliusjewelry.com\/our-policies\/terms-conditions\/"}}]},"og_availability":"backorder","product_availability":"available for order","product_retailer_item_id":"15996","product_condition":"new"},"_links":{"self":[{"href":"https:\/\/aureliusjewelry.com\/es\/wp-json\/wp\/v2\/product\/20078","targetHints":{"allow":["GET"]}}],"collection":[{"href":"https:\/\/aureliusjewelry.com\/es\/wp-json\/wp\/v2\/product"}],"about":[{"href":"https:\/\/aureliusjewelry.com\/es\/wp-json\/wp\/v2\/types\/product"}],"replies":[{"embeddable":true,"href":"https:\/\/aureliusjewelry.com\/es\/wp-json\/wp\/v2\/comments?post=20078"}],"wp:featuredmedia":[{"embeddable":true,"href":"https:\/\/aureliusjewelry.com\/es\/wp-json\/wp\/v2\/media\/16008"}],"wp:attachment":[{"href":"https:\/\/aureliusjewelry.com\/es\/wp-json\/wp\/v2\/media?parent=20078"}],"wp:term":[{"taxonomy":"product_brand","embeddable":true,"href":"https:\/\/aureliusjewelry.com\/es\/wp-json\/wp\/v2\/product_brand?post=20078"},{"taxonomy":"product_cat","embeddable":true,"href":"https:\/\/aureliusjewelry.com\/es\/wp-json\/wp\/v2\/product_cat?post=20078"},{"taxonomy":"product_tag","embeddable":true,"href":"https:\/\/aureliusjewelry.com\/es\/wp-json\/wp\/v2\/product_tag?post=20078"}],"curies":[{"name":"wp","href":"https:\/\/api.w.org\/{rel}","templated":true}]}}