{"id":20020,"date":"2021-01-27T19:18:15","date_gmt":"2021-01-27T17:18:15","guid":{"rendered":"http:\/\/127.0.0.1\/product\/anillo-de-compromiso-de-diamante-cometa-naranja-de-sal-y-pimienta-con-diamantes-de-realce-con-corte-princesa\/"},"modified":"2026-03-24T11:34:25","modified_gmt":"2026-03-24T09:34:25","slug":"anillo-de-compromiso-de-diamante-cometa-naranja-de-sal-y-pimienta-con-diamantes-de-realce-con-corte-princesa","status":"publish","type":"product","link":"https:\/\/aureliusjewelry.com\/es\/anillo-de-compromiso-de-diamante-cometa-naranja-de-sal-y-pimienta-con-diamantes-de-realce-con-corte-princesa\/","title":{"rendered":"Anillo de Compromiso de Diamante Cometa Naranja de Sal y Pimienta con Diamantes de Realce con Corte Princesa"},"content":{"rendered":"<p>&lt;strong&gt;Piedra Principal&lt;\/strong&gt;<br \/>\n&#8211; diamante de sal y pimienta de cometa naranja<br \/>\n&#8211; aprox. 9x8mm<\/p>\n<p>&lt;strong&gt;Piedras Laterales&lt;\/strong&gt;<br \/>\n&#8211; diamantes de corte princesa<br \/>\n&#8211; aprox. 2x2mm (2)<br \/>\n&#8211; color F\/G, claridad VS, sin conflictos<\/p>\n<p>&lt;strong&gt;Mediciones y Material de la Alianza&lt;\/strong&gt;<br \/>\n&#8211; 1.5 mm de ancho, 1.6 mm de espesor<br \/>\n&#8211; disponible en oro amarillo, blanco o rosa de 585\/1000 (14k) o 750\/1000 (18k) y platino 950\/1000<br \/>\n&#8211; tama\u00f1o de anillo de EE. UU. 3-9, tama\u00f1os m\u00e1s peque\u00f1os o m\u00e1s grandes disponibles por solicitud<\/p>\n","protected":false},"excerpt":{"rendered":"<p>\u00a1\u00c1lzate como un Ave F\u00e9nix desde sus cenizas! Este candente anillo de compromiso de diamante de sal y pimienta est\u00e1 hecho con un diamante cometa naranja y gris natural, adornado con dos diamantes con corte princesa. La punta de flecha protege la punta afilada del diamante para su c\u00f3modo uso. Cada diamante cometa es \u00fanico en su clase y para elegir uno para tu anillo, \u00a1por favor cont\u00e1ctanos!<\/p>\n","protected":false},"featured_media":15223,"comment_status":"open","ping_status":"closed","template":"","meta":[],"product_brand":[],"product_cat":[1562,1583,535,489,491,1559,474],"product_tag":[1248,1193,1264,736,735],"class_list":{"0":"post-20020","1":"product","2":"type-product","3":"status-publish","4":"has-post-thumbnail","6":"product_cat-anillo-de-compromiso-de-cometa","7":"product_cat-anillo-de-compromiso-de-tres-piedras","8":"product_cat-anillos","9":"product_cat-anillos-de-compromiso","10":"product_cat-anillos-de-compromiso-de-diamantes-de-sal-y-pimienta","11":"product_cat-anillos-de-compromiso-geometricos","12":"product_cat-singularidad","13":"product_tag-anillo","14":"product_tag-cometa","15":"product_tag-diamante-de-sal-y-pimienta","16":"product_tag-production_time_3_5-es","17":"product_tag-rings-es-tag","19":"first","20":"onbackorder","21":"sold-individually","22":"taxable","23":"shipping-taxable","24":"purchasable","25":"product-type-variable"},"yoast_head":"<title>Anillo de Compromiso de Diamante Cometa Naranja de Sal y Pimienta con Diamantes de Realce con Corte Princesa - Aurelius Jewelry<\/title>\n<meta name=\"robots\" content=\"index, follow, max-snippet:-1, max-image-preview:large, max-video-preview:-1\" \/>\n<link rel=\"canonical\" href=\"https:\/\/aureliusjewelry.com\/es\/anillo-de-compromiso-de-diamante-cometa-naranja-de-sal-y-pimienta-con-diamantes-de-realce-con-corte-princesa\/\" \/>\n<meta property=\"og:locale\" content=\"es_ES\" \/>\n<meta property=\"og:type\" content=\"article\" \/>\n<meta property=\"og:title\" content=\"Anillo de Compromiso de Diamante Cometa Naranja de Sal y Pimienta con Diamantes de Realce con Corte Princesa - Aurelius Jewelry\" \/>\n<meta property=\"og:description\" content=\"%\" \/>\n<meta property=\"og:url\" content=\"https:\/\/aureliusjewelry.com\/es\/anillo-de-compromiso-de-diamante-cometa-naranja-de-sal-y-pimienta-con-diamantes-de-realce-con-corte-princesa\/\" \/>\n<meta property=\"og:site_name\" content=\"Aurelius Jewelry\" \/>\n<meta property=\"article:publisher\" content=\"https:\/\/www.facebook.com\/AureliusJewelry\/\" \/>\n<meta property=\"article:modified_time\" content=\"2026-03-24T09:34:25+00:00\" \/>\n<meta property=\"og:image\" content=\"https:\/\/aureliusjewelry.com\/wp-content\/uploads\/naranja-diamante-con-forma-de-anillo-de-compromiso-con-forma-de-cometa.jpg\" \/>\n\t<meta property=\"og:image:width\" content=\"1920\" \/>\n\t<meta property=\"og:image:height\" content=\"1440\" \/>\n\t<meta property=\"og:image:type\" content=\"image\/jpeg\" \/>\n<meta name=\"twitter:card\" content=\"summary_large_image\" \/>\n<meta name=\"twitter:site\" content=\"@AureliusJewelry\" \/>\n<script type=\"application\/ld+json\" class=\"yoast-schema-graph\">{\"@context\":\"https:\\\/\\\/schema.org\",\"@graph\":[{\"@type\":\"WebPage\",\"@id\":\"https:\\\/\\\/aureliusjewelry.com\\\/es\\\/anillo-de-compromiso-de-diamante-cometa-naranja-de-sal-y-pimienta-con-diamantes-de-realce-con-corte-princesa\\\/\",\"url\":\"https:\\\/\\\/aureliusjewelry.com\\\/es\\\/anillo-de-compromiso-de-diamante-cometa-naranja-de-sal-y-pimienta-con-diamantes-de-realce-con-corte-princesa\\\/\",\"name\":\"Anillo de Compromiso de Diamante Cometa Naranja de Sal y Pimienta con Diamantes de Realce con Corte Princesa - Aurelius Jewelry\",\"isPartOf\":{\"@id\":\"https:\\\/\\\/aureliusjewelry.com\\\/es\\\/#website\"},\"primaryImageOfPage\":{\"@id\":\"https:\\\/\\\/aureliusjewelry.com\\\/es\\\/anillo-de-compromiso-de-diamante-cometa-naranja-de-sal-y-pimienta-con-diamantes-de-realce-con-corte-princesa\\\/#primaryimage\"},\"image\":{\"@id\":\"https:\\\/\\\/aureliusjewelry.com\\\/es\\\/anillo-de-compromiso-de-diamante-cometa-naranja-de-sal-y-pimienta-con-diamantes-de-realce-con-corte-princesa\\\/#primaryimage\"},\"thumbnailUrl\":\"https:\\\/\\\/aureliusjewelry.com\\\/wp-content\\\/uploads\\\/naranja-diamante-con-forma-de-anillo-de-compromiso-con-forma-de-cometa.jpg\",\"datePublished\":\"2021-01-27T17:18:15+00:00\",\"dateModified\":\"2026-03-24T09:34:25+00:00\",\"breadcrumb\":{\"@id\":\"https:\\\/\\\/aureliusjewelry.com\\\/es\\\/anillo-de-compromiso-de-diamante-cometa-naranja-de-sal-y-pimienta-con-diamantes-de-realce-con-corte-princesa\\\/#breadcrumb\"},\"inLanguage\":\"es\",\"potentialAction\":[{\"@type\":\"ReadAction\",\"target\":[\"https:\\\/\\\/aureliusjewelry.com\\\/es\\\/anillo-de-compromiso-de-diamante-cometa-naranja-de-sal-y-pimienta-con-diamantes-de-realce-con-corte-princesa\\\/\"]}]},{\"@type\":\"ImageObject\",\"inLanguage\":\"es\",\"@id\":\"https:\\\/\\\/aureliusjewelry.com\\\/es\\\/anillo-de-compromiso-de-diamante-cometa-naranja-de-sal-y-pimienta-con-diamantes-de-realce-con-corte-princesa\\\/#primaryimage\",\"url\":\"https:\\\/\\\/aureliusjewelry.com\\\/wp-content\\\/uploads\\\/naranja-diamante-con-forma-de-anillo-de-compromiso-con-forma-de-cometa.jpg\",\"contentUrl\":\"https:\\\/\\\/aureliusjewelry.com\\\/wp-content\\\/uploads\\\/naranja-diamante-con-forma-de-anillo-de-compromiso-con-forma-de-cometa.jpg\",\"width\":1920,\"height\":1440,\"caption\":\"naranja diamante con forma de anillo de compromiso con forma de cometa\"},{\"@type\":\"BreadcrumbList\",\"@id\":\"https:\\\/\\\/aureliusjewelry.com\\\/es\\\/anillo-de-compromiso-de-diamante-cometa-naranja-de-sal-y-pimienta-con-diamantes-de-realce-con-corte-princesa\\\/#breadcrumb\",\"itemListElement\":[{\"@type\":\"ListItem\",\"position\":1,\"name\":\"Home\",\"item\":\"https:\\\/\\\/aureliusjewelry.com\\\/es\\\/\"},{\"@type\":\"ListItem\",\"position\":2,\"name\":\"Shop\",\"item\":\"https:\\\/\\\/aureliusjewelry.com\\\/shop\\\/\"},{\"@type\":\"ListItem\",\"position\":3,\"name\":\"Anillo de Compromiso de Diamante Cometa Naranja de Sal y Pimienta con Diamantes de Realce con Corte Princesa\"}]},{\"@type\":\"WebSite\",\"@id\":\"https:\\\/\\\/aureliusjewelry.com\\\/es\\\/#website\",\"url\":\"https:\\\/\\\/aureliusjewelry.com\\\/es\\\/\",\"name\":\"Aurelius Jewelry\",\"description\":\"Handmade Fine Gold Jewelry\",\"publisher\":{\"@id\":\"https:\\\/\\\/aureliusjewelry.com\\\/es\\\/#organization\"},\"potentialAction\":[{\"@type\":\"SearchAction\",\"target\":{\"@type\":\"EntryPoint\",\"urlTemplate\":\"https:\\\/\\\/aureliusjewelry.com\\\/es\\\/?s={search_term_string}\"},\"query-input\":{\"@type\":\"PropertyValueSpecification\",\"valueRequired\":true,\"valueName\":\"search_term_string\"}}],\"inLanguage\":\"es\"},{\"@type\":\"Organization\",\"@id\":\"https:\\\/\\\/aureliusjewelry.com\\\/es\\\/#organization\",\"name\":\"Aurelius Jewelry\",\"url\":\"https:\\\/\\\/aureliusjewelry.com\\\/es\\\/\",\"logo\":{\"@type\":\"ImageObject\",\"inLanguage\":\"es\",\"@id\":\"https:\\\/\\\/aureliusjewelry.com\\\/es\\\/#\\\/schema\\\/logo\\\/image\\\/\",\"url\":\"https:\\\/\\\/aureliusjewelry.com\\\/wp-content\\\/uploads\\\/logo.png\",\"contentUrl\":\"https:\\\/\\\/aureliusjewelry.com\\\/wp-content\\\/uploads\\\/logo.png\",\"width\":400,\"height\":64,\"caption\":\"Aurelius Jewelry\"},\"image\":{\"@id\":\"https:\\\/\\\/aureliusjewelry.com\\\/es\\\/#\\\/schema\\\/logo\\\/image\\\/\"},\"sameAs\":[\"https:\\\/\\\/www.facebook.com\\\/AureliusJewelry\\\/\",\"https:\\\/\\\/x.com\\\/AureliusJewelry\",\"https:\\\/\\\/instagram.com\\\/aureliusjewelry\",\"https:\\\/\\\/www.pinterest.com\\\/AureliusJewelry\\\/\"],\"email\":\"info@aureliusjewelry.com\",\"foundingDate\":\"2018-10-01\",\"vatID\":\"SI10391070\",\"hasMerchantReturnPolicy\":{\"@type\":\"MerchantReturnPolicy\",\"merchantReturnLink\":\"https:\\\/\\\/aureliusjewelry.com\\\/our-policies\\\/terms-conditions\\\/\"}}]}<\/script>\n<meta property=\"og:availability\" content=\"backorder\" \/>\n<meta property=\"product:availability\" content=\"available for order\" \/>\n<meta property=\"product:retailer_item_id\" content=\"15211\" \/>\n<meta property=\"product:condition\" content=\"new\" \/>","yoast_head_json":{"title":"Anillo de Compromiso de Diamante Cometa Naranja de Sal y Pimienta con Diamantes de Realce con Corte Princesa - Aurelius Jewelry","robots":{"index":"index","follow":"follow","max-snippet":"max-snippet:-1","max-image-preview":"max-image-preview:large","max-video-preview":"max-video-preview:-1"},"canonical":"https:\/\/aureliusjewelry.com\/es\/anillo-de-compromiso-de-diamante-cometa-naranja-de-sal-y-pimienta-con-diamantes-de-realce-con-corte-princesa\/","og_locale":"es_ES","og_type":"article","og_title":"Anillo de Compromiso de Diamante Cometa Naranja de Sal y Pimienta con Diamantes de Realce con Corte Princesa - Aurelius Jewelry","og_description":"%","og_url":"https:\/\/aureliusjewelry.com\/es\/anillo-de-compromiso-de-diamante-cometa-naranja-de-sal-y-pimienta-con-diamantes-de-realce-con-corte-princesa\/","og_site_name":"Aurelius Jewelry","article_publisher":"https:\/\/www.facebook.com\/AureliusJewelry\/","article_modified_time":"2026-03-24T09:34:25+00:00","og_image":[{"width":1920,"height":1440,"url":"https:\/\/aureliusjewelry.com\/wp-content\/uploads\/naranja-diamante-con-forma-de-anillo-de-compromiso-con-forma-de-cometa.jpg","type":"image\/jpeg"}],"twitter_card":"summary_large_image","twitter_site":"@AureliusJewelry","schema":{"@context":"https:\/\/schema.org","@graph":[{"@type":"WebPage","@id":"https:\/\/aureliusjewelry.com\/es\/anillo-de-compromiso-de-diamante-cometa-naranja-de-sal-y-pimienta-con-diamantes-de-realce-con-corte-princesa\/","url":"https:\/\/aureliusjewelry.com\/es\/anillo-de-compromiso-de-diamante-cometa-naranja-de-sal-y-pimienta-con-diamantes-de-realce-con-corte-princesa\/","name":"Anillo de Compromiso de Diamante Cometa Naranja de Sal y Pimienta con Diamantes de Realce con Corte Princesa - Aurelius Jewelry","isPartOf":{"@id":"https:\/\/aureliusjewelry.com\/es\/#website"},"primaryImageOfPage":{"@id":"https:\/\/aureliusjewelry.com\/es\/anillo-de-compromiso-de-diamante-cometa-naranja-de-sal-y-pimienta-con-diamantes-de-realce-con-corte-princesa\/#primaryimage"},"image":{"@id":"https:\/\/aureliusjewelry.com\/es\/anillo-de-compromiso-de-diamante-cometa-naranja-de-sal-y-pimienta-con-diamantes-de-realce-con-corte-princesa\/#primaryimage"},"thumbnailUrl":"https:\/\/aureliusjewelry.com\/wp-content\/uploads\/naranja-diamante-con-forma-de-anillo-de-compromiso-con-forma-de-cometa.jpg","datePublished":"2021-01-27T17:18:15+00:00","dateModified":"2026-03-24T09:34:25+00:00","breadcrumb":{"@id":"https:\/\/aureliusjewelry.com\/es\/anillo-de-compromiso-de-diamante-cometa-naranja-de-sal-y-pimienta-con-diamantes-de-realce-con-corte-princesa\/#breadcrumb"},"inLanguage":"es","potentialAction":[{"@type":"ReadAction","target":["https:\/\/aureliusjewelry.com\/es\/anillo-de-compromiso-de-diamante-cometa-naranja-de-sal-y-pimienta-con-diamantes-de-realce-con-corte-princesa\/"]}]},{"@type":"ImageObject","inLanguage":"es","@id":"https:\/\/aureliusjewelry.com\/es\/anillo-de-compromiso-de-diamante-cometa-naranja-de-sal-y-pimienta-con-diamantes-de-realce-con-corte-princesa\/#primaryimage","url":"https:\/\/aureliusjewelry.com\/wp-content\/uploads\/naranja-diamante-con-forma-de-anillo-de-compromiso-con-forma-de-cometa.jpg","contentUrl":"https:\/\/aureliusjewelry.com\/wp-content\/uploads\/naranja-diamante-con-forma-de-anillo-de-compromiso-con-forma-de-cometa.jpg","width":1920,"height":1440,"caption":"naranja diamante con forma de anillo de compromiso con forma de cometa"},{"@type":"BreadcrumbList","@id":"https:\/\/aureliusjewelry.com\/es\/anillo-de-compromiso-de-diamante-cometa-naranja-de-sal-y-pimienta-con-diamantes-de-realce-con-corte-princesa\/#breadcrumb","itemListElement":[{"@type":"ListItem","position":1,"name":"Home","item":"https:\/\/aureliusjewelry.com\/es\/"},{"@type":"ListItem","position":2,"name":"Shop","item":"https:\/\/aureliusjewelry.com\/shop\/"},{"@type":"ListItem","position":3,"name":"Anillo de Compromiso de Diamante Cometa Naranja de Sal y Pimienta con Diamantes de Realce con Corte Princesa"}]},{"@type":"WebSite","@id":"https:\/\/aureliusjewelry.com\/es\/#website","url":"https:\/\/aureliusjewelry.com\/es\/","name":"Aurelius Jewelry","description":"Handmade Fine Gold Jewelry","publisher":{"@id":"https:\/\/aureliusjewelry.com\/es\/#organization"},"potentialAction":[{"@type":"SearchAction","target":{"@type":"EntryPoint","urlTemplate":"https:\/\/aureliusjewelry.com\/es\/?s={search_term_string}"},"query-input":{"@type":"PropertyValueSpecification","valueRequired":true,"valueName":"search_term_string"}}],"inLanguage":"es"},{"@type":"Organization","@id":"https:\/\/aureliusjewelry.com\/es\/#organization","name":"Aurelius Jewelry","url":"https:\/\/aureliusjewelry.com\/es\/","logo":{"@type":"ImageObject","inLanguage":"es","@id":"https:\/\/aureliusjewelry.com\/es\/#\/schema\/logo\/image\/","url":"https:\/\/aureliusjewelry.com\/wp-content\/uploads\/logo.png","contentUrl":"https:\/\/aureliusjewelry.com\/wp-content\/uploads\/logo.png","width":400,"height":64,"caption":"Aurelius Jewelry"},"image":{"@id":"https:\/\/aureliusjewelry.com\/es\/#\/schema\/logo\/image\/"},"sameAs":["https:\/\/www.facebook.com\/AureliusJewelry\/","https:\/\/x.com\/AureliusJewelry","https:\/\/instagram.com\/aureliusjewelry","https:\/\/www.pinterest.com\/AureliusJewelry\/"],"email":"info@aureliusjewelry.com","foundingDate":"2018-10-01","vatID":"SI10391070","hasMerchantReturnPolicy":{"@type":"MerchantReturnPolicy","merchantReturnLink":"https:\/\/aureliusjewelry.com\/our-policies\/terms-conditions\/"}}]},"og_availability":"backorder","product_availability":"available for order","product_retailer_item_id":"15211","product_condition":"new"},"_links":{"self":[{"href":"https:\/\/aureliusjewelry.com\/es\/wp-json\/wp\/v2\/product\/20020","targetHints":{"allow":["GET"]}}],"collection":[{"href":"https:\/\/aureliusjewelry.com\/es\/wp-json\/wp\/v2\/product"}],"about":[{"href":"https:\/\/aureliusjewelry.com\/es\/wp-json\/wp\/v2\/types\/product"}],"replies":[{"embeddable":true,"href":"https:\/\/aureliusjewelry.com\/es\/wp-json\/wp\/v2\/comments?post=20020"}],"wp:featuredmedia":[{"embeddable":true,"href":"https:\/\/aureliusjewelry.com\/es\/wp-json\/wp\/v2\/media\/15223"}],"wp:attachment":[{"href":"https:\/\/aureliusjewelry.com\/es\/wp-json\/wp\/v2\/media?parent=20020"}],"wp:term":[{"taxonomy":"product_brand","embeddable":true,"href":"https:\/\/aureliusjewelry.com\/es\/wp-json\/wp\/v2\/product_brand?post=20020"},{"taxonomy":"product_cat","embeddable":true,"href":"https:\/\/aureliusjewelry.com\/es\/wp-json\/wp\/v2\/product_cat?post=20020"},{"taxonomy":"product_tag","embeddable":true,"href":"https:\/\/aureliusjewelry.com\/es\/wp-json\/wp\/v2\/product_tag?post=20020"}],"curies":[{"name":"wp","href":"https:\/\/api.w.org\/{rel}","templated":true}]}}