{"id":19565,"date":"2020-12-23T19:24:10","date_gmt":"2020-12-23T17:24:10","guid":{"rendered":"http:\/\/127.0.0.1\/product\/anillo-solitario-de-alianza-ancha-de-agata-musgo-hexagonal\/"},"modified":"2026-04-02T21:36:46","modified_gmt":"2026-04-02T19:36:46","slug":"anillo-solitario-de-alianza-ancha-de-agata-musgo-hexagonal","status":"publish","type":"product","link":"https:\/\/aureliusjewelry.com\/es\/anillo-solitario-de-alianza-ancha-de-agata-musgo-hexagonal\/","title":{"rendered":"Anillo Solitario de Alianza Ancha de \u00c1gata Musgo Hexagonal"},"content":{"rendered":"<p><strong>Piedra<\/strong><\/p>\n<ul>\n<li>\u00e1gata musgo hexagonal<\/li>\n<li>aprox. 7mm<\/li>\n<\/ul>\n<p><strong>Medidas y material de la banda<\/strong><\/p>\n<ul>\n<li>3mm ancho, 1.6mm grueso<\/li>\n<li>disponible en oro amarillo, blanco o rosa de 585\/1000 (14k) o 750\/1000 (18k) y platino 950\/1000<\/li>\n<li>Tama\u00f1o de anillo de EE. UU. 3-9, tama\u00f1os m\u00e1s peque\u00f1os o m\u00e1s grandes disponibles por solicitud<\/li>\n<\/ul>\n","protected":false},"excerpt":{"rendered":"<p>Un anillo de compromiso de alianza ancha de \u00e1gata musgo hexagonal, con un filo de cuchillo que se vuelve m\u00e1s pronunciado hacia el engastado de la piedra. Este anillo robusto, de bajo engaste, es incre\u00edblemente c\u00f3modo de usar. Cada piedra de \u00e1gata musgo es cortada para nuestros dise\u00f1os y debido a que son \u00fanicas en su clase, \u00a1podr\u00e1s elegir una para tu anillo!<\/p>\n","protected":false},"featured_media":12746,"comment_status":"open","ping_status":"closed","template":"","meta":[],"product_brand":[],"product_cat":[1561,1578,535,489,504,1559,1565,474],"product_tag":[1221,1248,1187,736,735],"class_list":{"0":"post-19565","1":"product","2":"type-product","3":"status-publish","4":"has-post-thumbnail","6":"product_cat-anillo-de-compromiso-hexagonal","7":"product_cat-anillo-de-compromiso-solitario","8":"product_cat-anillos","9":"product_cat-anillos-de-compromiso","10":"product_cat-anillos-de-compromiso-de-agata-musgosa","11":"product_cat-anillos-de-compromiso-geometricos","12":"product_cat-anillos-de-compromiso-para-hombres","13":"product_cat-singularidad","14":"product_tag-agata-de-musgo","15":"product_tag-anillo","16":"product_tag-hexagono","17":"product_tag-production_time_3_5-es","18":"product_tag-rings-es-tag","20":"first","21":"onbackorder","22":"sold-individually","23":"taxable","24":"shipping-taxable","25":"purchasable","26":"product-type-variable"},"yoast_head":"<title>Anillo Solitario de Alianza Ancha de \u00c1gata Musgo Hexagonal - Aurelius Jewelry<\/title>\n<meta name=\"robots\" content=\"index, follow, max-snippet:-1, max-image-preview:large, max-video-preview:-1\" \/>\n<link rel=\"canonical\" href=\"https:\/\/aureliusjewelry.com\/es\/anillo-solitario-de-alianza-ancha-de-agata-musgo-hexagonal\/\" \/>\n<meta property=\"og:locale\" content=\"es_ES\" \/>\n<meta property=\"og:type\" content=\"article\" \/>\n<meta property=\"og:title\" content=\"Anillo Solitario de Alianza Ancha de \u00c1gata Musgo Hexagonal - Aurelius Jewelry\" \/>\n<meta property=\"og:description\" content=\"%\" \/>\n<meta property=\"og:url\" content=\"https:\/\/aureliusjewelry.com\/es\/anillo-solitario-de-alianza-ancha-de-agata-musgo-hexagonal\/\" \/>\n<meta property=\"og:site_name\" content=\"Aurelius Jewelry\" \/>\n<meta property=\"article:publisher\" content=\"https:\/\/www.facebook.com\/AureliusJewelry\/\" \/>\n<meta property=\"article:modified_time\" content=\"2026-04-02T19:36:46+00:00\" \/>\n<meta property=\"og:image\" content=\"https:\/\/aureliusjewelry.com\/wp-content\/uploads\/hexagon-moss-agate-ring-front.jpg\" \/>\n\t<meta property=\"og:image:width\" content=\"1920\" \/>\n\t<meta property=\"og:image:height\" content=\"1440\" \/>\n\t<meta property=\"og:image:type\" content=\"image\/jpeg\" \/>\n<meta name=\"twitter:card\" content=\"summary_large_image\" \/>\n<meta name=\"twitter:site\" content=\"@AureliusJewelry\" \/>\n<script type=\"application\/ld+json\" class=\"yoast-schema-graph\">{\"@context\":\"https:\\\/\\\/schema.org\",\"@graph\":[{\"@type\":\"WebPage\",\"@id\":\"https:\\\/\\\/aureliusjewelry.com\\\/es\\\/anillo-solitario-de-alianza-ancha-de-agata-musgo-hexagonal\\\/\",\"url\":\"https:\\\/\\\/aureliusjewelry.com\\\/es\\\/anillo-solitario-de-alianza-ancha-de-agata-musgo-hexagonal\\\/\",\"name\":\"Anillo Solitario de Alianza Ancha de \u00c1gata Musgo Hexagonal - Aurelius Jewelry\",\"isPartOf\":{\"@id\":\"https:\\\/\\\/aureliusjewelry.com\\\/es\\\/#website\"},\"primaryImageOfPage\":{\"@id\":\"https:\\\/\\\/aureliusjewelry.com\\\/es\\\/anillo-solitario-de-alianza-ancha-de-agata-musgo-hexagonal\\\/#primaryimage\"},\"image\":{\"@id\":\"https:\\\/\\\/aureliusjewelry.com\\\/es\\\/anillo-solitario-de-alianza-ancha-de-agata-musgo-hexagonal\\\/#primaryimage\"},\"thumbnailUrl\":\"https:\\\/\\\/aureliusjewelry.com\\\/wp-content\\\/uploads\\\/hexagon-moss-agate-ring-front.jpg\",\"datePublished\":\"2020-12-23T17:24:10+00:00\",\"dateModified\":\"2026-04-02T19:36:46+00:00\",\"breadcrumb\":{\"@id\":\"https:\\\/\\\/aureliusjewelry.com\\\/es\\\/anillo-solitario-de-alianza-ancha-de-agata-musgo-hexagonal\\\/#breadcrumb\"},\"inLanguage\":\"es\",\"potentialAction\":[{\"@type\":\"ReadAction\",\"target\":[\"https:\\\/\\\/aureliusjewelry.com\\\/es\\\/anillo-solitario-de-alianza-ancha-de-agata-musgo-hexagonal\\\/\"]}]},{\"@type\":\"ImageObject\",\"inLanguage\":\"es\",\"@id\":\"https:\\\/\\\/aureliusjewelry.com\\\/es\\\/anillo-solitario-de-alianza-ancha-de-agata-musgo-hexagonal\\\/#primaryimage\",\"url\":\"https:\\\/\\\/aureliusjewelry.com\\\/wp-content\\\/uploads\\\/hexagon-moss-agate-ring-front.jpg\",\"contentUrl\":\"https:\\\/\\\/aureliusjewelry.com\\\/wp-content\\\/uploads\\\/hexagon-moss-agate-ring-front.jpg\",\"width\":1920,\"height\":1440,\"caption\":\"\u00e1gata musgo hexagonal anillo parte delantera\"},{\"@type\":\"BreadcrumbList\",\"@id\":\"https:\\\/\\\/aureliusjewelry.com\\\/es\\\/anillo-solitario-de-alianza-ancha-de-agata-musgo-hexagonal\\\/#breadcrumb\",\"itemListElement\":[{\"@type\":\"ListItem\",\"position\":1,\"name\":\"Home\",\"item\":\"https:\\\/\\\/aureliusjewelry.com\\\/es\\\/\"},{\"@type\":\"ListItem\",\"position\":2,\"name\":\"Shop\",\"item\":\"https:\\\/\\\/aureliusjewelry.com\\\/shop\\\/\"},{\"@type\":\"ListItem\",\"position\":3,\"name\":\"Anillo Solitario de Alianza Ancha de \u00c1gata Musgo Hexagonal\"}]},{\"@type\":\"WebSite\",\"@id\":\"https:\\\/\\\/aureliusjewelry.com\\\/es\\\/#website\",\"url\":\"https:\\\/\\\/aureliusjewelry.com\\\/es\\\/\",\"name\":\"Aurelius Jewelry\",\"description\":\"Handmade Fine Gold Jewelry\",\"publisher\":{\"@id\":\"https:\\\/\\\/aureliusjewelry.com\\\/es\\\/#organization\"},\"potentialAction\":[{\"@type\":\"SearchAction\",\"target\":{\"@type\":\"EntryPoint\",\"urlTemplate\":\"https:\\\/\\\/aureliusjewelry.com\\\/es\\\/?s={search_term_string}\"},\"query-input\":{\"@type\":\"PropertyValueSpecification\",\"valueRequired\":true,\"valueName\":\"search_term_string\"}}],\"inLanguage\":\"es\"},{\"@type\":\"Organization\",\"@id\":\"https:\\\/\\\/aureliusjewelry.com\\\/es\\\/#organization\",\"name\":\"Aurelius Jewelry\",\"url\":\"https:\\\/\\\/aureliusjewelry.com\\\/es\\\/\",\"logo\":{\"@type\":\"ImageObject\",\"inLanguage\":\"es\",\"@id\":\"https:\\\/\\\/aureliusjewelry.com\\\/es\\\/#\\\/schema\\\/logo\\\/image\\\/\",\"url\":\"https:\\\/\\\/aureliusjewelry.com\\\/wp-content\\\/uploads\\\/logo.png\",\"contentUrl\":\"https:\\\/\\\/aureliusjewelry.com\\\/wp-content\\\/uploads\\\/logo.png\",\"width\":400,\"height\":64,\"caption\":\"Aurelius Jewelry\"},\"image\":{\"@id\":\"https:\\\/\\\/aureliusjewelry.com\\\/es\\\/#\\\/schema\\\/logo\\\/image\\\/\"},\"sameAs\":[\"https:\\\/\\\/www.facebook.com\\\/AureliusJewelry\\\/\",\"https:\\\/\\\/x.com\\\/AureliusJewelry\",\"https:\\\/\\\/instagram.com\\\/aureliusjewelry\",\"https:\\\/\\\/www.pinterest.com\\\/AureliusJewelry\\\/\"],\"email\":\"info@aureliusjewelry.com\",\"foundingDate\":\"2018-10-01\",\"vatID\":\"SI10391070\",\"hasMerchantReturnPolicy\":{\"@type\":\"MerchantReturnPolicy\",\"merchantReturnLink\":\"https:\\\/\\\/aureliusjewelry.com\\\/our-policies\\\/terms-conditions\\\/\"}}]}<\/script>\n<meta property=\"og:availability\" content=\"backorder\" \/>\n<meta property=\"product:availability\" content=\"available for order\" \/>\n<meta property=\"product:retailer_item_id\" content=\"12735\" \/>\n<meta property=\"product:condition\" content=\"new\" \/>","yoast_head_json":{"title":"Anillo Solitario de Alianza Ancha de \u00c1gata Musgo Hexagonal - Aurelius Jewelry","robots":{"index":"index","follow":"follow","max-snippet":"max-snippet:-1","max-image-preview":"max-image-preview:large","max-video-preview":"max-video-preview:-1"},"canonical":"https:\/\/aureliusjewelry.com\/es\/anillo-solitario-de-alianza-ancha-de-agata-musgo-hexagonal\/","og_locale":"es_ES","og_type":"article","og_title":"Anillo Solitario de Alianza Ancha de \u00c1gata Musgo Hexagonal - Aurelius Jewelry","og_description":"%","og_url":"https:\/\/aureliusjewelry.com\/es\/anillo-solitario-de-alianza-ancha-de-agata-musgo-hexagonal\/","og_site_name":"Aurelius Jewelry","article_publisher":"https:\/\/www.facebook.com\/AureliusJewelry\/","article_modified_time":"2026-04-02T19:36:46+00:00","og_image":[{"width":1920,"height":1440,"url":"https:\/\/aureliusjewelry.com\/wp-content\/uploads\/hexagon-moss-agate-ring-front.jpg","type":"image\/jpeg"}],"twitter_card":"summary_large_image","twitter_site":"@AureliusJewelry","schema":{"@context":"https:\/\/schema.org","@graph":[{"@type":"WebPage","@id":"https:\/\/aureliusjewelry.com\/es\/anillo-solitario-de-alianza-ancha-de-agata-musgo-hexagonal\/","url":"https:\/\/aureliusjewelry.com\/es\/anillo-solitario-de-alianza-ancha-de-agata-musgo-hexagonal\/","name":"Anillo Solitario de Alianza Ancha de \u00c1gata Musgo Hexagonal - Aurelius Jewelry","isPartOf":{"@id":"https:\/\/aureliusjewelry.com\/es\/#website"},"primaryImageOfPage":{"@id":"https:\/\/aureliusjewelry.com\/es\/anillo-solitario-de-alianza-ancha-de-agata-musgo-hexagonal\/#primaryimage"},"image":{"@id":"https:\/\/aureliusjewelry.com\/es\/anillo-solitario-de-alianza-ancha-de-agata-musgo-hexagonal\/#primaryimage"},"thumbnailUrl":"https:\/\/aureliusjewelry.com\/wp-content\/uploads\/hexagon-moss-agate-ring-front.jpg","datePublished":"2020-12-23T17:24:10+00:00","dateModified":"2026-04-02T19:36:46+00:00","breadcrumb":{"@id":"https:\/\/aureliusjewelry.com\/es\/anillo-solitario-de-alianza-ancha-de-agata-musgo-hexagonal\/#breadcrumb"},"inLanguage":"es","potentialAction":[{"@type":"ReadAction","target":["https:\/\/aureliusjewelry.com\/es\/anillo-solitario-de-alianza-ancha-de-agata-musgo-hexagonal\/"]}]},{"@type":"ImageObject","inLanguage":"es","@id":"https:\/\/aureliusjewelry.com\/es\/anillo-solitario-de-alianza-ancha-de-agata-musgo-hexagonal\/#primaryimage","url":"https:\/\/aureliusjewelry.com\/wp-content\/uploads\/hexagon-moss-agate-ring-front.jpg","contentUrl":"https:\/\/aureliusjewelry.com\/wp-content\/uploads\/hexagon-moss-agate-ring-front.jpg","width":1920,"height":1440,"caption":"\u00e1gata musgo hexagonal anillo parte delantera"},{"@type":"BreadcrumbList","@id":"https:\/\/aureliusjewelry.com\/es\/anillo-solitario-de-alianza-ancha-de-agata-musgo-hexagonal\/#breadcrumb","itemListElement":[{"@type":"ListItem","position":1,"name":"Home","item":"https:\/\/aureliusjewelry.com\/es\/"},{"@type":"ListItem","position":2,"name":"Shop","item":"https:\/\/aureliusjewelry.com\/shop\/"},{"@type":"ListItem","position":3,"name":"Anillo Solitario de Alianza Ancha de \u00c1gata Musgo Hexagonal"}]},{"@type":"WebSite","@id":"https:\/\/aureliusjewelry.com\/es\/#website","url":"https:\/\/aureliusjewelry.com\/es\/","name":"Aurelius Jewelry","description":"Handmade Fine Gold Jewelry","publisher":{"@id":"https:\/\/aureliusjewelry.com\/es\/#organization"},"potentialAction":[{"@type":"SearchAction","target":{"@type":"EntryPoint","urlTemplate":"https:\/\/aureliusjewelry.com\/es\/?s={search_term_string}"},"query-input":{"@type":"PropertyValueSpecification","valueRequired":true,"valueName":"search_term_string"}}],"inLanguage":"es"},{"@type":"Organization","@id":"https:\/\/aureliusjewelry.com\/es\/#organization","name":"Aurelius Jewelry","url":"https:\/\/aureliusjewelry.com\/es\/","logo":{"@type":"ImageObject","inLanguage":"es","@id":"https:\/\/aureliusjewelry.com\/es\/#\/schema\/logo\/image\/","url":"https:\/\/aureliusjewelry.com\/wp-content\/uploads\/logo.png","contentUrl":"https:\/\/aureliusjewelry.com\/wp-content\/uploads\/logo.png","width":400,"height":64,"caption":"Aurelius Jewelry"},"image":{"@id":"https:\/\/aureliusjewelry.com\/es\/#\/schema\/logo\/image\/"},"sameAs":["https:\/\/www.facebook.com\/AureliusJewelry\/","https:\/\/x.com\/AureliusJewelry","https:\/\/instagram.com\/aureliusjewelry","https:\/\/www.pinterest.com\/AureliusJewelry\/"],"email":"info@aureliusjewelry.com","foundingDate":"2018-10-01","vatID":"SI10391070","hasMerchantReturnPolicy":{"@type":"MerchantReturnPolicy","merchantReturnLink":"https:\/\/aureliusjewelry.com\/our-policies\/terms-conditions\/"}}]},"og_availability":"backorder","product_availability":"available for order","product_retailer_item_id":"12735","product_condition":"new"},"_links":{"self":[{"href":"https:\/\/aureliusjewelry.com\/es\/wp-json\/wp\/v2\/product\/19565","targetHints":{"allow":["GET"]}}],"collection":[{"href":"https:\/\/aureliusjewelry.com\/es\/wp-json\/wp\/v2\/product"}],"about":[{"href":"https:\/\/aureliusjewelry.com\/es\/wp-json\/wp\/v2\/types\/product"}],"replies":[{"embeddable":true,"href":"https:\/\/aureliusjewelry.com\/es\/wp-json\/wp\/v2\/comments?post=19565"}],"wp:featuredmedia":[{"embeddable":true,"href":"https:\/\/aureliusjewelry.com\/es\/wp-json\/wp\/v2\/media\/12746"}],"wp:attachment":[{"href":"https:\/\/aureliusjewelry.com\/es\/wp-json\/wp\/v2\/media?parent=19565"}],"wp:term":[{"taxonomy":"product_brand","embeddable":true,"href":"https:\/\/aureliusjewelry.com\/es\/wp-json\/wp\/v2\/product_brand?post=19565"},{"taxonomy":"product_cat","embeddable":true,"href":"https:\/\/aureliusjewelry.com\/es\/wp-json\/wp\/v2\/product_cat?post=19565"},{"taxonomy":"product_tag","embeddable":true,"href":"https:\/\/aureliusjewelry.com\/es\/wp-json\/wp\/v2\/product_tag?post=19565"}],"curies":[{"name":"wp","href":"https:\/\/api.w.org\/{rel}","templated":true}]}}