{"id":14137,"date":"2020-12-28T03:10:26","date_gmt":"2020-12-28T01:10:26","guid":{"rendered":"http:\/\/127.0.0.1\/?post_type=product&#038;p=14137"},"modified":"2026-05-03T08:45:26","modified_gmt":"2026-05-03T06:45:26","slug":"conjunto-de-anillo-de-matrimonio-solitario-de-alianza-ancha-de-agata-musgo-hexagonal-con-alianza-chevron","status":"publish","type":"product","link":"https:\/\/aureliusjewelry.com\/es\/conjunto-de-anillo-de-matrimonio-solitario-de-alianza-ancha-de-agata-musgo-hexagonal-con-alianza-chevron\/","title":{"rendered":"Conjunto de Anillo de Matrimonio Solitario de Alianza Ancha de \u00c1gata Musgo Hexagonal con Alianza Chevron"},"content":{"rendered":"<p><strong>Piedra<\/strong><\/p>\n<ul>\n<li>\u00e1gata musgo hexagonal<\/li>\n<li>aprox. 7mm<\/li>\n<\/ul>\n<p><strong>Medidas y material de la banda<\/strong><\/p>\n<ul>\n<li>3mm ancho, 1.6mm grueso (Anillo de compromiso)<\/li>\n<li>1.5mm ancho, 1.6mm grueso (Alianza de boda)<\/li>\n<li>disponible en oro amarillo, blanco o rosa de 585\/1000 (14k) o 750\/1000 (18k) y platino 950\/1000<\/li>\n<li>Tama\u00f1o de anillo de EE. UU. 3-9, tama\u00f1os m\u00e1s peque\u00f1os o m\u00e1s grandes disponibles por solicitud<\/li>\n<\/ul>\n","protected":false},"excerpt":{"rendered":"<p>Un anillo de compromiso de alianza ancha de \u00e1gata musgo hexagonal, con un filo de cuchillo que se vuelve m\u00e1s pronunciado hacia el engastado de la piedra, combinado con una alianza de boda de oro chevron. Este anillo robusto, de bajo engaste, es incre\u00edblemente c\u00f3modo de usar. Cada piedra \u00e1gata musgo es cortada a la medida para nuestros dise\u00f1os y debido a que son \u00fanicas en su clase, \u00a1podr\u00e1s elegir una para tu conjunto de anillos!<\/p>\n","protected":false},"featured_media":14162,"comment_status":"open","ping_status":"closed","template":"","meta":[],"product_brand":[],"product_cat":[1116,1580,535,518,480],"product_tag":[1221,1187,736,735],"class_list":{"0":"post-14137","1":"product","2":"type-product","3":"status-publish","4":"has-post-thumbnail","6":"product_cat-anillo-de-bodas-de-agata-musgosa","7":"product_cat-anillo-de-bodas-de-dos-piezas","8":"product_cat-anillos","9":"product_cat-conjuntos-de-anillos-de-boda","10":"product_cat-emparejado","11":"product_tag-agata-de-musgo","12":"product_tag-hexagono","13":"product_tag-production_time_3_5-es","14":"product_tag-rings-es-tag","16":"first","17":"onbackorder","18":"sold-individually","19":"taxable","20":"shipping-taxable","21":"purchasable","22":"product-type-variable"},"yoast_head":"<title>Conjunto de Anillo de Matrimonio Solitario de Alianza Ancha de \u00c1gata Musgo Hexagonal con Alianza Chevron - Aurelius Jewelry<\/title>\n<meta name=\"robots\" content=\"index, follow, max-snippet:-1, max-image-preview:large, max-video-preview:-1\" \/>\n<link rel=\"canonical\" href=\"https:\/\/aureliusjewelry.com\/es\/conjunto-de-anillo-de-matrimonio-solitario-de-alianza-ancha-de-agata-musgo-hexagonal-con-alianza-chevron\/\" \/>\n<meta property=\"og:locale\" content=\"es_ES\" \/>\n<meta property=\"og:type\" content=\"article\" \/>\n<meta property=\"og:title\" content=\"Conjunto de Anillo de Matrimonio Solitario de Alianza Ancha de \u00c1gata Musgo Hexagonal con Alianza Chevron - Aurelius Jewelry\" \/>\n<meta property=\"og:description\" content=\"%\" \/>\n<meta property=\"og:url\" content=\"https:\/\/aureliusjewelry.com\/es\/conjunto-de-anillo-de-matrimonio-solitario-de-alianza-ancha-de-agata-musgo-hexagonal-con-alianza-chevron\/\" \/>\n<meta property=\"og:site_name\" content=\"Aurelius Jewelry\" \/>\n<meta property=\"article:publisher\" content=\"https:\/\/www.facebook.com\/AureliusJewelry\/\" \/>\n<meta property=\"article:modified_time\" content=\"2026-05-03T06:45:26+00:00\" \/>\n<meta property=\"og:image\" content=\"https:\/\/aureliusjewelry.com\/wp-content\/uploads\/agata-musgo-hexagonal-conjunto-de-anillos-parte-delantera.jpg\" \/>\n\t<meta property=\"og:image:width\" content=\"1920\" \/>\n\t<meta property=\"og:image:height\" content=\"1440\" \/>\n\t<meta property=\"og:image:type\" content=\"image\/jpeg\" \/>\n<meta name=\"twitter:card\" content=\"summary_large_image\" \/>\n<meta name=\"twitter:site\" content=\"@AureliusJewelry\" \/>\n<script type=\"application\/ld+json\" class=\"yoast-schema-graph\">{\"@context\":\"https:\\\/\\\/schema.org\",\"@graph\":[{\"@type\":\"WebPage\",\"@id\":\"https:\\\/\\\/aureliusjewelry.com\\\/es\\\/conjunto-de-anillo-de-matrimonio-solitario-de-alianza-ancha-de-agata-musgo-hexagonal-con-alianza-chevron\\\/\",\"url\":\"https:\\\/\\\/aureliusjewelry.com\\\/es\\\/conjunto-de-anillo-de-matrimonio-solitario-de-alianza-ancha-de-agata-musgo-hexagonal-con-alianza-chevron\\\/\",\"name\":\"Conjunto de Anillo de Matrimonio Solitario de Alianza Ancha de \u00c1gata Musgo Hexagonal con Alianza Chevron - Aurelius Jewelry\",\"isPartOf\":{\"@id\":\"https:\\\/\\\/aureliusjewelry.com\\\/es\\\/#website\"},\"primaryImageOfPage\":{\"@id\":\"https:\\\/\\\/aureliusjewelry.com\\\/es\\\/conjunto-de-anillo-de-matrimonio-solitario-de-alianza-ancha-de-agata-musgo-hexagonal-con-alianza-chevron\\\/#primaryimage\"},\"image\":{\"@id\":\"https:\\\/\\\/aureliusjewelry.com\\\/es\\\/conjunto-de-anillo-de-matrimonio-solitario-de-alianza-ancha-de-agata-musgo-hexagonal-con-alianza-chevron\\\/#primaryimage\"},\"thumbnailUrl\":\"https:\\\/\\\/aureliusjewelry.com\\\/wp-content\\\/uploads\\\/agata-musgo-hexagonal-conjunto-de-anillos-parte-delantera.jpg\",\"datePublished\":\"2020-12-28T01:10:26+00:00\",\"dateModified\":\"2026-05-03T06:45:26+00:00\",\"breadcrumb\":{\"@id\":\"https:\\\/\\\/aureliusjewelry.com\\\/es\\\/conjunto-de-anillo-de-matrimonio-solitario-de-alianza-ancha-de-agata-musgo-hexagonal-con-alianza-chevron\\\/#breadcrumb\"},\"inLanguage\":\"es\",\"potentialAction\":[{\"@type\":\"ReadAction\",\"target\":[\"https:\\\/\\\/aureliusjewelry.com\\\/es\\\/conjunto-de-anillo-de-matrimonio-solitario-de-alianza-ancha-de-agata-musgo-hexagonal-con-alianza-chevron\\\/\"]}]},{\"@type\":\"ImageObject\",\"inLanguage\":\"es\",\"@id\":\"https:\\\/\\\/aureliusjewelry.com\\\/es\\\/conjunto-de-anillo-de-matrimonio-solitario-de-alianza-ancha-de-agata-musgo-hexagonal-con-alianza-chevron\\\/#primaryimage\",\"url\":\"https:\\\/\\\/aureliusjewelry.com\\\/wp-content\\\/uploads\\\/agata-musgo-hexagonal-conjunto-de-anillos-parte-delantera.jpg\",\"contentUrl\":\"https:\\\/\\\/aureliusjewelry.com\\\/wp-content\\\/uploads\\\/agata-musgo-hexagonal-conjunto-de-anillos-parte-delantera.jpg\",\"width\":1920,\"height\":1440,\"caption\":\"\u00e1gata musgo hexagonal conjunto de anillos parte delantera\"},{\"@type\":\"BreadcrumbList\",\"@id\":\"https:\\\/\\\/aureliusjewelry.com\\\/es\\\/conjunto-de-anillo-de-matrimonio-solitario-de-alianza-ancha-de-agata-musgo-hexagonal-con-alianza-chevron\\\/#breadcrumb\",\"itemListElement\":[{\"@type\":\"ListItem\",\"position\":1,\"name\":\"Home\",\"item\":\"https:\\\/\\\/aureliusjewelry.com\\\/es\\\/\"},{\"@type\":\"ListItem\",\"position\":2,\"name\":\"Shop\",\"item\":\"https:\\\/\\\/aureliusjewelry.com\\\/shop\\\/\"},{\"@type\":\"ListItem\",\"position\":3,\"name\":\"Conjunto de Anillo de Matrimonio Solitario de Alianza Ancha de \u00c1gata Musgo Hexagonal con Alianza Chevron\"}]},{\"@type\":\"WebSite\",\"@id\":\"https:\\\/\\\/aureliusjewelry.com\\\/es\\\/#website\",\"url\":\"https:\\\/\\\/aureliusjewelry.com\\\/es\\\/\",\"name\":\"Aurelius Jewelry\",\"description\":\"Handmade Fine Gold Jewelry\",\"publisher\":{\"@id\":\"https:\\\/\\\/aureliusjewelry.com\\\/es\\\/#organization\"},\"potentialAction\":[{\"@type\":\"SearchAction\",\"target\":{\"@type\":\"EntryPoint\",\"urlTemplate\":\"https:\\\/\\\/aureliusjewelry.com\\\/es\\\/?s={search_term_string}\"},\"query-input\":{\"@type\":\"PropertyValueSpecification\",\"valueRequired\":true,\"valueName\":\"search_term_string\"}}],\"inLanguage\":\"es\"},{\"@type\":\"Organization\",\"@id\":\"https:\\\/\\\/aureliusjewelry.com\\\/es\\\/#organization\",\"name\":\"Aurelius Jewelry\",\"url\":\"https:\\\/\\\/aureliusjewelry.com\\\/es\\\/\",\"logo\":{\"@type\":\"ImageObject\",\"inLanguage\":\"es\",\"@id\":\"https:\\\/\\\/aureliusjewelry.com\\\/es\\\/#\\\/schema\\\/logo\\\/image\\\/\",\"url\":\"https:\\\/\\\/aureliusjewelry.com\\\/wp-content\\\/uploads\\\/logo.png\",\"contentUrl\":\"https:\\\/\\\/aureliusjewelry.com\\\/wp-content\\\/uploads\\\/logo.png\",\"width\":400,\"height\":64,\"caption\":\"Aurelius Jewelry\"},\"image\":{\"@id\":\"https:\\\/\\\/aureliusjewelry.com\\\/es\\\/#\\\/schema\\\/logo\\\/image\\\/\"},\"sameAs\":[\"https:\\\/\\\/www.facebook.com\\\/AureliusJewelry\\\/\",\"https:\\\/\\\/x.com\\\/AureliusJewelry\",\"https:\\\/\\\/instagram.com\\\/aureliusjewelry\",\"https:\\\/\\\/www.pinterest.com\\\/AureliusJewelry\\\/\"],\"email\":\"info@aureliusjewelry.com\",\"foundingDate\":\"2018-10-01\",\"vatID\":\"SI10391070\",\"hasMerchantReturnPolicy\":{\"@type\":\"MerchantReturnPolicy\",\"merchantReturnLink\":\"https:\\\/\\\/aureliusjewelry.com\\\/our-policies\\\/terms-conditions\\\/\"}}]}<\/script>\n<meta property=\"og:availability\" content=\"backorder\" \/>\n<meta property=\"product:availability\" content=\"available for order\" \/>\n<meta property=\"product:retailer_item_id\" content=\"14121\" \/>\n<meta property=\"product:condition\" content=\"new\" \/>","yoast_head_json":{"title":"Conjunto de Anillo de Matrimonio Solitario de Alianza Ancha de \u00c1gata Musgo Hexagonal con Alianza Chevron - Aurelius Jewelry","robots":{"index":"index","follow":"follow","max-snippet":"max-snippet:-1","max-image-preview":"max-image-preview:large","max-video-preview":"max-video-preview:-1"},"canonical":"https:\/\/aureliusjewelry.com\/es\/conjunto-de-anillo-de-matrimonio-solitario-de-alianza-ancha-de-agata-musgo-hexagonal-con-alianza-chevron\/","og_locale":"es_ES","og_type":"article","og_title":"Conjunto de Anillo de Matrimonio Solitario de Alianza Ancha de \u00c1gata Musgo Hexagonal con Alianza Chevron - Aurelius Jewelry","og_description":"%","og_url":"https:\/\/aureliusjewelry.com\/es\/conjunto-de-anillo-de-matrimonio-solitario-de-alianza-ancha-de-agata-musgo-hexagonal-con-alianza-chevron\/","og_site_name":"Aurelius Jewelry","article_publisher":"https:\/\/www.facebook.com\/AureliusJewelry\/","article_modified_time":"2026-05-03T06:45:26+00:00","og_image":[{"width":1920,"height":1440,"url":"https:\/\/aureliusjewelry.com\/wp-content\/uploads\/agata-musgo-hexagonal-conjunto-de-anillos-parte-delantera.jpg","type":"image\/jpeg"}],"twitter_card":"summary_large_image","twitter_site":"@AureliusJewelry","schema":{"@context":"https:\/\/schema.org","@graph":[{"@type":"WebPage","@id":"https:\/\/aureliusjewelry.com\/es\/conjunto-de-anillo-de-matrimonio-solitario-de-alianza-ancha-de-agata-musgo-hexagonal-con-alianza-chevron\/","url":"https:\/\/aureliusjewelry.com\/es\/conjunto-de-anillo-de-matrimonio-solitario-de-alianza-ancha-de-agata-musgo-hexagonal-con-alianza-chevron\/","name":"Conjunto de Anillo de Matrimonio Solitario de Alianza Ancha de \u00c1gata Musgo Hexagonal con Alianza Chevron - Aurelius Jewelry","isPartOf":{"@id":"https:\/\/aureliusjewelry.com\/es\/#website"},"primaryImageOfPage":{"@id":"https:\/\/aureliusjewelry.com\/es\/conjunto-de-anillo-de-matrimonio-solitario-de-alianza-ancha-de-agata-musgo-hexagonal-con-alianza-chevron\/#primaryimage"},"image":{"@id":"https:\/\/aureliusjewelry.com\/es\/conjunto-de-anillo-de-matrimonio-solitario-de-alianza-ancha-de-agata-musgo-hexagonal-con-alianza-chevron\/#primaryimage"},"thumbnailUrl":"https:\/\/aureliusjewelry.com\/wp-content\/uploads\/agata-musgo-hexagonal-conjunto-de-anillos-parte-delantera.jpg","datePublished":"2020-12-28T01:10:26+00:00","dateModified":"2026-05-03T06:45:26+00:00","breadcrumb":{"@id":"https:\/\/aureliusjewelry.com\/es\/conjunto-de-anillo-de-matrimonio-solitario-de-alianza-ancha-de-agata-musgo-hexagonal-con-alianza-chevron\/#breadcrumb"},"inLanguage":"es","potentialAction":[{"@type":"ReadAction","target":["https:\/\/aureliusjewelry.com\/es\/conjunto-de-anillo-de-matrimonio-solitario-de-alianza-ancha-de-agata-musgo-hexagonal-con-alianza-chevron\/"]}]},{"@type":"ImageObject","inLanguage":"es","@id":"https:\/\/aureliusjewelry.com\/es\/conjunto-de-anillo-de-matrimonio-solitario-de-alianza-ancha-de-agata-musgo-hexagonal-con-alianza-chevron\/#primaryimage","url":"https:\/\/aureliusjewelry.com\/wp-content\/uploads\/agata-musgo-hexagonal-conjunto-de-anillos-parte-delantera.jpg","contentUrl":"https:\/\/aureliusjewelry.com\/wp-content\/uploads\/agata-musgo-hexagonal-conjunto-de-anillos-parte-delantera.jpg","width":1920,"height":1440,"caption":"\u00e1gata musgo hexagonal conjunto de anillos parte delantera"},{"@type":"BreadcrumbList","@id":"https:\/\/aureliusjewelry.com\/es\/conjunto-de-anillo-de-matrimonio-solitario-de-alianza-ancha-de-agata-musgo-hexagonal-con-alianza-chevron\/#breadcrumb","itemListElement":[{"@type":"ListItem","position":1,"name":"Home","item":"https:\/\/aureliusjewelry.com\/es\/"},{"@type":"ListItem","position":2,"name":"Shop","item":"https:\/\/aureliusjewelry.com\/shop\/"},{"@type":"ListItem","position":3,"name":"Conjunto de Anillo de Matrimonio Solitario de Alianza Ancha de \u00c1gata Musgo Hexagonal con Alianza Chevron"}]},{"@type":"WebSite","@id":"https:\/\/aureliusjewelry.com\/es\/#website","url":"https:\/\/aureliusjewelry.com\/es\/","name":"Aurelius Jewelry","description":"Handmade Fine Gold Jewelry","publisher":{"@id":"https:\/\/aureliusjewelry.com\/es\/#organization"},"potentialAction":[{"@type":"SearchAction","target":{"@type":"EntryPoint","urlTemplate":"https:\/\/aureliusjewelry.com\/es\/?s={search_term_string}"},"query-input":{"@type":"PropertyValueSpecification","valueRequired":true,"valueName":"search_term_string"}}],"inLanguage":"es"},{"@type":"Organization","@id":"https:\/\/aureliusjewelry.com\/es\/#organization","name":"Aurelius Jewelry","url":"https:\/\/aureliusjewelry.com\/es\/","logo":{"@type":"ImageObject","inLanguage":"es","@id":"https:\/\/aureliusjewelry.com\/es\/#\/schema\/logo\/image\/","url":"https:\/\/aureliusjewelry.com\/wp-content\/uploads\/logo.png","contentUrl":"https:\/\/aureliusjewelry.com\/wp-content\/uploads\/logo.png","width":400,"height":64,"caption":"Aurelius Jewelry"},"image":{"@id":"https:\/\/aureliusjewelry.com\/es\/#\/schema\/logo\/image\/"},"sameAs":["https:\/\/www.facebook.com\/AureliusJewelry\/","https:\/\/x.com\/AureliusJewelry","https:\/\/instagram.com\/aureliusjewelry","https:\/\/www.pinterest.com\/AureliusJewelry\/"],"email":"info@aureliusjewelry.com","foundingDate":"2018-10-01","vatID":"SI10391070","hasMerchantReturnPolicy":{"@type":"MerchantReturnPolicy","merchantReturnLink":"https:\/\/aureliusjewelry.com\/our-policies\/terms-conditions\/"}}]},"og_availability":"backorder","product_availability":"available for order","product_retailer_item_id":"14121","product_condition":"new"},"_links":{"self":[{"href":"https:\/\/aureliusjewelry.com\/es\/wp-json\/wp\/v2\/product\/14137","targetHints":{"allow":["GET"]}}],"collection":[{"href":"https:\/\/aureliusjewelry.com\/es\/wp-json\/wp\/v2\/product"}],"about":[{"href":"https:\/\/aureliusjewelry.com\/es\/wp-json\/wp\/v2\/types\/product"}],"replies":[{"embeddable":true,"href":"https:\/\/aureliusjewelry.com\/es\/wp-json\/wp\/v2\/comments?post=14137"}],"wp:featuredmedia":[{"embeddable":true,"href":"https:\/\/aureliusjewelry.com\/es\/wp-json\/wp\/v2\/media\/14162"}],"wp:attachment":[{"href":"https:\/\/aureliusjewelry.com\/es\/wp-json\/wp\/v2\/media?parent=14137"}],"wp:term":[{"taxonomy":"product_brand","embeddable":true,"href":"https:\/\/aureliusjewelry.com\/es\/wp-json\/wp\/v2\/product_brand?post=14137"},{"taxonomy":"product_cat","embeddable":true,"href":"https:\/\/aureliusjewelry.com\/es\/wp-json\/wp\/v2\/product_cat?post=14137"},{"taxonomy":"product_tag","embeddable":true,"href":"https:\/\/aureliusjewelry.com\/es\/wp-json\/wp\/v2\/product_tag?post=14137"}],"curies":[{"name":"wp","href":"https:\/\/api.w.org\/{rel}","templated":true}]}}